{"id":20859,"date":"2023-03-23T19:09:48","date_gmt":"2023-03-23T18:09:48","guid":{"rendered":"https:\/\/ilovehandbags.com\/echtheitsgarantie\/"},"modified":"2025-12-22T17:18:07","modified_gmt":"2025-12-22T16:18:07","slug":"echtheitsgarantie","status":"publish","type":"page","link":"https:\/\/truelangtest.ilovehandbags.com\/de\/echtheitsgarantie\/","title":{"rendered":"Echtheitsgarantie"},"content":{"rendered":"\n<p><strong>Unsere Echtheitsgarantie<\/strong>*<\/p>\n\n\n\n<p>Bei I Love Handbags findest du sorgf\u00e4ltig ausgew\u00e4hlte pre-loved Designer-Handtaschen und Accessoires. Wir wissen, wie wichtig Vertrauen beim Kauf von Luxusartikeln ist \u2013 deshalb gilt bei uns:<\/p>\n\n\n\n<p><strong>Jedes bei uns angebotene Designerst\u00fcck ist zu 100 % authentisch.<\/strong><\/p>\n\n\n\n<p>Jeder Artikel wird vor dem Verkauf durch unser erfahrenes Team gepr\u00fcft. Unsere Echtheitspr\u00fcfung erfolgt mehrstufig und basiert auf langj\u00e4hriger Expertise im Luxus-Second-Hand-Markt. Dabei achten wir unter anderem auf N\u00e4hte, Materialien, Hardware, Geruch, Pr\u00e4gungen sowie Serien- bzw. Date Codes, etc. Bei Bedarf beziehen wir zus\u00e4tzlich externe Spezialisten wie <a href=\"https:\/\/proauthenticators.com\/\" target=\"_blank\" rel=\"noopener\">ProAuthenticators<\/a> oder <a href=\"https:\/\/legitgrails.com\/?\" target=\"_blank\" rel=\"noopener\">LegitGrails<\/a> hinzu.<br><br><strong>Bei jedem Kauf ist immer ein kostenfreies Echtheitszertifikat von I Love Handbags enthalten.<\/strong><\/p>\n\n\n\n<p><strong>Optional: zus\u00e4tzliches Entrupy-Zertifikat<\/strong><\/p>\n\n\n\n<p>Im Rahmen unserer internen Echtheitspr\u00fcfung nutzen wir Entrupy regelm\u00e4\u00dfig als Bestandteil unseres mehrstufigen Pr\u00fcfprozesses.<\/p>\n\n\n\n<p>Unabh\u00e4ngig davon kannst du auf Wunsch ein pers\u00f6nliches Entrupy-Zertifikat f\u00fcr den gekauften Artikel erhalten. Dieses Zertifikat dient als zus\u00e4tzliches, externes Dokument f\u00fcr deine eigenen Unterlagen und kann insbesondere im Hinblick auf einen sp\u00e4teren Weiterverkauf von Vorteil sein.<\/p>\n\n\n\n<p>Entrupy ist ein KI-gest\u00fctztes Authentifizierungssystem, bei dem mikroskopische Details des Artikels mithilfe einer hochaufl\u00f6senden Speziallinse analysiert und mit einer umfangreichen Referenzdatenbank verifizierter Originaldaten abgeglichen werden. Das Pr\u00fcfergebnis wird dokumentiert und in Form eines offiziellen Zertifikats bereitgestellt.<\/p>\n\n\n\n<p>Sofern ein Entrupy-Zertifikat ausgestellt wird, bietet Entrupy f\u00fcr diesen Artikel eine <a href=\"https:\/\/www.entrupy.com\/guarantee\/luxury\/\" data-type=\"link\" data-id=\"https:\/\/www.entrupy.com\/guarantee\/luxury\/\" target=\"_blank\" rel=\"noopener\">finanzielle Garantie<\/a>.<\/p>\n\n\n\n<p><strong>Die Ausstellung eines Entrupy-Zertifikats kannst du beim Kauf ausgew\u00e4hlter Handtaschen und Kleinlederwaren optional f\u00fcr 29 \u20ac hinzuf\u00fcgen.<\/strong><\/p>\n\n\n\n<p><strong>Welche Vorteile bietet ein Entrupy-Zertifikat?<\/strong><\/p>\n\n\n\n<p>Ein Entrupy-Zertifikat ist keine Voraussetzung, um bei uns sicher einzukaufen \u2013 unsere Echtheitsgarantie gilt immer.<br>Es kann jedoch in bestimmten F\u00e4llen einen zus\u00e4tzlichen Mehrwert bieten:<\/p>\n\n\n\n<ul class=\"wp-block-list\">\n<li><strong>Unabh\u00e4ngige, externe Best\u00e4tigung<\/strong>: Du erh\u00e4ltst zus\u00e4tzlich zu unserem Zertifikat ein international anerkanntes Pr\u00fcfdokument eines externen Systems.<\/li>\n\n\n\n<li><strong>Internationale Anerkennung:<\/strong> Entrupy wird international von professionellen Resellern, Auktionsh\u00e4usern und Authentifizierungsexperten eingesetzt und dient in Einzelf\u00e4llen auch als referenzierte Grundlage in rechtlichen Auseinandersetzungen.<\/li>\n\n\n\n<li><strong>Vorteil beim sp\u00e4teren Weiterverkauf<\/strong>: Viele K\u00e4ufer sch\u00e4tzen ein externes Zertifikat bei einem erneuten Verkauf. Ein Entrupy-Zertifikat kann potenziellen K\u00e4ufern zus\u00e4tzliche Sicherheit geben und die Entscheidungsfindung erleichtern.<\/li>\n\n\n\n<li><strong>Transparente Nachvollziehbarkeit:<\/strong> Das Zertifikat dokumentiert das Pr\u00fcfergebnis objektiv und datenbasiert \u2013 unabh\u00e4ngig von H\u00e4ndler oder Verkaufsplattform.<\/li>\n\n\n\n<li><strong>Finanzielle Absicherung<\/strong>: Entrupy bietet eine<strong> <\/strong><a href=\"https:\/\/www.entrupy.com\/guarantee\/luxury\/\" data-type=\"link\" data-id=\"https:\/\/www.entrupy.com\/guarantee\/luxury\/\" target=\"_blank\" rel=\"noopener\">finanzielle Garantie<\/a>. Sollte ein zertifizierter Artikel wider Erwarten nicht authentisch sein, \u00fcbernimmt Entrupy die Kosten. Weitere Informationen zu Umfang und Bedingungen dieser Garantie findest du direkt bei Entrupy \u00fcber den auf dem Zertifikat hinterlegten Link.<\/li>\n<\/ul>\n\n\n\n<p>Wir garantieren, dass jedes Designerst\u00fcck bei uns absolut authentisch ist. Solltest du Zweifel an der Echtheit deiner Handtasche oder deines Accessoires haben, kannst du uns innerhalb von 30 Tagen nach deinem Kauf kontaktieren. Im seltenen Fall, dass ein Artikel nicht authentisch ist, erstatten wir dir den Kaufpreis vollst\u00e4ndig zur\u00fcck.<\/p>\n\n\n\n<p class=\"has-small-font-size\">*Die Echtheitsgarantie bezieht sich ausschlie\u00dflich auf Markenprodukte. Ersatzprodukte von I LOVE HANDBAGS (z.\u202fB. Schulterriemen und -ketten oder Zubeh\u00f6r wie Organizer, das nicht original vom Hersteller stammt) sind entsprechend gekennzeichnet und nicht Teil dieser Garantie.<\/p>\n\n\n\n<p><\/p>\n","protected":false},"excerpt":{"rendered":"<p>Unsere Echtheitsgarantie* Bei I Love Handbags findest du sorgf\u00e4ltig ausgew\u00e4hlte pre-loved Designer-Handtaschen und Accessoires. Wir wissen, wie wichtig Vertrauen beim Kauf von Luxusartikeln ist \u2013 deshalb gilt bei uns: Jedes bei uns angebotene Designerst\u00fcck ist zu 100 % authentisch. Jeder Artikel wird vor dem Verkauf durch unser erfahrenes Team gepr\u00fcft. Unsere Echtheitspr\u00fcfung erfolgt mehrstufig und [&hellip;]<\/p>\n","protected":false},"author":4,"featured_media":0,"parent":0,"menu_order":0,"comment_status":"closed","ping_status":"closed","template":"","meta":{"_uag_custom_page_level_css":"","site-sidebar-layout":"default","site-content-layout":"","ast-site-content-layout":"default","site-content-style":"default","site-sidebar-style":"default","ast-global-header-display":"","ast-banner-title-visibility":"","ast-main-header-display":"","ast-hfb-above-header-display":"","ast-hfb-below-header-display":"","ast-hfb-mobile-header-display":"","site-post-title":"","ast-breadcrumbs-content":"","ast-featured-img":"","footer-sml-layout":"","ast-disable-related-posts":"","theme-transparent-header-meta":"","adv-header-id-meta":"","stick-header-meta":"","header-above-stick-meta":"","header-main-stick-meta":"","header-below-stick-meta":"","astra-migrate-meta-layouts":"set","ast-page-background-enabled":"default","ast-page-background-meta":{"desktop":{"background-color":"var(--ast-global-color-4)","background-image":"","background-repeat":"repeat","background-position":"center center","background-size":"auto","background-attachment":"scroll","background-type":"","background-media":"","overlay-type":"","overlay-color":"","overlay-opacity":"","overlay-gradient":""},"tablet":{"background-color":"","background-image":"","background-repeat":"repeat","background-position":"center center","background-size":"auto","background-attachment":"scroll","background-type":"","background-media":"","overlay-type":"","overlay-color":"","overlay-opacity":"","overlay-gradient":""},"mobile":{"background-color":"","background-image":"","background-repeat":"repeat","background-position":"center center","background-size":"auto","background-attachment":"scroll","background-type":"","background-media":"","overlay-type":"","overlay-color":"","overlay-opacity":"","overlay-gradient":""}},"ast-content-background-meta":{"desktop":{"background-color":"var(--ast-global-color-5)","background-image":"","background-repeat":"repeat","background-position":"center center","background-size":"auto","background-attachment":"scroll","background-type":"","background-media":"","overlay-type":"","overlay-color":"","overlay-opacity":"","overlay-gradient":""},"tablet":{"background-color":"var(--ast-global-color-5)","background-image":"","background-repeat":"repeat","background-position":"center center","background-size":"auto","background-attachment":"scroll","background-type":"","background-media":"","overlay-type":"","overlay-color":"","overlay-opacity":"","overlay-gradient":""},"mobile":{"background-color":"var(--ast-global-color-5)","background-image":"","background-repeat":"repeat","background-position":"center center","background-size":"auto","background-attachment":"scroll","background-type":"","background-media":"","overlay-type":"","overlay-color":"","overlay-opacity":"","overlay-gradient":""}},"_glsr_average":0,"_glsr_ranking":0,"_glsr_reviews":0,"footnotes":""},"class_list":["post-20859","page","type-page","status-publish","hentry"],"spectra_custom_meta":{"_fusion_google_fonts":[""],"_top_nav_excluded":[""],"_cms_nav_minihome":[""],"_wp_page_template":["default"],"_fusion":["a:13:{s:7:\"bg_full\";s:2:\"no\";s:17:\"slider_visibility\";s:51:\"small-visibility,medium-visibility,large-visibility\";s:25:\"show_first_featured_image\";s:3:\"yes\";s:12:\"main_padding\";a:2:{s:3:\"top\";s:0:\"\";s:6:\"bottom\";s:0:\"\";}s:15:\"content_bg_full\";s:2:\"no\";s:9:\"bg_repeat\";s:7:\"default\";s:35:\"container_hundred_percent_animation\";s:0:\"\";s:11:\"slider_type\";s:2:\"no\";s:9:\"wooslider\";s:1:\"0\";s:17:\"content_bg_repeat\";s:7:\"default\";s:13:\"pages_sidebar\";s:15:\"default_sidebar\";s:15:\"pages_sidebar_2\";s:15:\"default_sidebar\";s:14:\"sidebar_sticky\";s:7:\"default\";}"],"_last_translation_edit_mode":["native-editor"],"rank_math_seo_score":["65"],"_edit_last":["4"],"_wpml_word_count":["673"],"_wpml_media_duplicate":["0"],"_wpml_media_featured":["0"],"_wpml_location_migration_done":["1"],"rank_math_focus_keyword":["Echtheitsgarantie, Entrupy, Echtheitszertifikat"],"_edit_lock":["1768121867:4"],"_pys_head_footer":["a:7:{s:14:\"disable_global\";b:0;s:8:\"head_any\";s:0:\"\";s:12:\"head_desktop\";s:0:\"\";s:11:\"head_mobile\";s:0:\"\";s:10:\"footer_any\";s:0:\"\";s:14:\"footer_desktop\";s:0:\"\";s:13:\"footer_mobile\";s:0:\"\";}"],"litespeed_vpi_list":["a:1:{i:0;s:8:\"logo.png\";}"],"_wpml_post_translation_editor_native":["no"],"litespeed_vpi_list_mobile":["a:1:{i:0;s:8:\"logo.png\";}"],"footnotes":[""],"_uag_custom_page_level_css":[""],"ast-site-content-layout":["default"],"theme-transparent-header-meta":[""],"adv-header-id-meta":[""],"stick-header-meta":[""],"astra-migrate-meta-layouts":["set"],"_rank_math_video":["true"],"site-sidebar-layout":["default"],"site-content-layout":[""],"site-content-style":["default"],"site-sidebar-style":["default"],"ast-global-header-display":[""],"ast-banner-title-visibility":[""],"ast-main-header-display":[""],"ast-hfb-above-header-display":[""],"ast-hfb-below-header-display":[""],"ast-hfb-mobile-header-display":[""],"site-post-title":[""],"ast-breadcrumbs-content":[""],"ast-featured-img":[""],"footer-sml-layout":[""],"header-above-stick-meta":[""],"header-main-stick-meta":[""],"header-below-stick-meta":[""],"ast-page-background-enabled":["default"],"ast-page-background-meta":["a:3:{s:7:\"desktop\";a:12:{s:16:\"background-color\";s:25:\"var(--ast-global-color-4)\";s:16:\"background-image\";s:0:\"\";s:17:\"background-repeat\";s:6:\"repeat\";s:19:\"background-position\";s:13:\"center center\";s:15:\"background-size\";s:4:\"auto\";s:21:\"background-attachment\";s:6:\"scroll\";s:15:\"background-type\";s:0:\"\";s:16:\"background-media\";s:0:\"\";s:12:\"overlay-type\";s:0:\"\";s:13:\"overlay-color\";s:0:\"\";s:15:\"overlay-opacity\";s:0:\"\";s:16:\"overlay-gradient\";s:0:\"\";}s:6:\"tablet\";a:12:{s:16:\"background-color\";s:0:\"\";s:16:\"background-image\";s:0:\"\";s:17:\"background-repeat\";s:6:\"repeat\";s:19:\"background-position\";s:13:\"center center\";s:15:\"background-size\";s:4:\"auto\";s:21:\"background-attachment\";s:6:\"scroll\";s:15:\"background-type\";s:0:\"\";s:16:\"background-media\";s:0:\"\";s:12:\"overlay-type\";s:0:\"\";s:13:\"overlay-color\";s:0:\"\";s:15:\"overlay-opacity\";s:0:\"\";s:16:\"overlay-gradient\";s:0:\"\";}s:6:\"mobile\";a:12:{s:16:\"background-color\";s:0:\"\";s:16:\"background-image\";s:0:\"\";s:17:\"background-repeat\";s:6:\"repeat\";s:19:\"background-position\";s:13:\"center center\";s:15:\"background-size\";s:4:\"auto\";s:21:\"background-attachment\";s:6:\"scroll\";s:15:\"background-type\";s:0:\"\";s:16:\"background-media\";s:0:\"\";s:12:\"overlay-type\";s:0:\"\";s:13:\"overlay-color\";s:0:\"\";s:15:\"overlay-opacity\";s:0:\"\";s:16:\"overlay-gradient\";s:0:\"\";}}"],"ast-content-background-meta":["a:3:{s:7:\"desktop\";a:12:{s:16:\"background-color\";s:25:\"var(--ast-global-color-5)\";s:16:\"background-image\";s:0:\"\";s:17:\"background-repeat\";s:6:\"repeat\";s:19:\"background-position\";s:13:\"center center\";s:15:\"background-size\";s:4:\"auto\";s:21:\"background-attachment\";s:6:\"scroll\";s:15:\"background-type\";s:0:\"\";s:16:\"background-media\";s:0:\"\";s:12:\"overlay-type\";s:0:\"\";s:13:\"overlay-color\";s:0:\"\";s:15:\"overlay-opacity\";s:0:\"\";s:16:\"overlay-gradient\";s:0:\"\";}s:6:\"tablet\";a:12:{s:16:\"background-color\";s:25:\"var(--ast-global-color-5)\";s:16:\"background-image\";s:0:\"\";s:17:\"background-repeat\";s:6:\"repeat\";s:19:\"background-position\";s:13:\"center center\";s:15:\"background-size\";s:4:\"auto\";s:21:\"background-attachment\";s:6:\"scroll\";s:15:\"background-type\";s:0:\"\";s:16:\"background-media\";s:0:\"\";s:12:\"overlay-type\";s:0:\"\";s:13:\"overlay-color\";s:0:\"\";s:15:\"overlay-opacity\";s:0:\"\";s:16:\"overlay-gradient\";s:0:\"\";}s:6:\"mobile\";a:12:{s:16:\"background-color\";s:25:\"var(--ast-global-color-5)\";s:16:\"background-image\";s:0:\"\";s:17:\"background-repeat\";s:6:\"repeat\";s:19:\"background-position\";s:13:\"center center\";s:15:\"background-size\";s:4:\"auto\";s:21:\"background-attachment\";s:6:\"scroll\";s:15:\"background-type\";s:0:\"\";s:16:\"background-media\";s:0:\"\";s:12:\"overlay-type\";s:0:\"\";s:13:\"overlay-color\";s:0:\"\";s:15:\"overlay-opacity\";s:0:\"\";s:16:\"overlay-gradient\";s:0:\"\";}}"],"_glsr_average":["0"],"_glsr_ranking":["0"],"_glsr_reviews":["0"],"_ame_cpe_post_policy":["{\"accessProtection\":{\"active\":\"replace\"}}"],"copied_media_ids":["a:0:{}"],"referenced_media_ids":["a:0:{}"],"_wpml_media_has_media":["1"],"rank_math_title":["Authentifizierung &amp; Echtheitsgarantie | Designer-Handtaschen | %sitename%"],"rank_math_analytic_object_id":["2580"],"_uagb_previous_block_counts":["a:90:{s:21:\"uagb\/advanced-heading\";i:0;s:15:\"uagb\/blockquote\";i:0;s:12:\"uagb\/buttons\";i:0;s:18:\"uagb\/buttons-child\";i:0;s:19:\"uagb\/call-to-action\";i:0;s:15:\"uagb\/cf7-styler\";i:0;s:11:\"uagb\/column\";i:0;s:12:\"uagb\/columns\";i:0;s:14:\"uagb\/container\";i:0;s:21:\"uagb\/content-timeline\";i:0;s:27:\"uagb\/content-timeline-child\";i:0;s:14:\"uagb\/countdown\";i:0;s:12:\"uagb\/counter\";i:0;s:8:\"uagb\/faq\";i:0;s:14:\"uagb\/faq-child\";i:0;s:10:\"uagb\/forms\";i:0;s:17:\"uagb\/forms-accept\";i:0;s:19:\"uagb\/forms-checkbox\";i:0;s:15:\"uagb\/forms-date\";i:0;s:16:\"uagb\/forms-email\";i:0;s:17:\"uagb\/forms-hidden\";i:0;s:15:\"uagb\/forms-name\";i:0;s:16:\"uagb\/forms-phone\";i:0;s:16:\"uagb\/forms-radio\";i:0;s:17:\"uagb\/forms-select\";i:0;s:19:\"uagb\/forms-textarea\";i:0;s:17:\"uagb\/forms-toggle\";i:0;s:14:\"uagb\/forms-url\";i:0;s:14:\"uagb\/gf-styler\";i:0;s:15:\"uagb\/google-map\";i:0;s:11:\"uagb\/how-to\";i:0;s:16:\"uagb\/how-to-step\";i:0;s:9:\"uagb\/icon\";i:0;s:14:\"uagb\/icon-list\";i:0;s:20:\"uagb\/icon-list-child\";i:0;s:10:\"uagb\/image\";i:0;s:18:\"uagb\/image-gallery\";i:0;s:13:\"uagb\/info-box\";i:0;s:18:\"uagb\/inline-notice\";i:0;s:11:\"uagb\/lottie\";i:0;s:21:\"uagb\/marketing-button\";i:0;s:10:\"uagb\/modal\";i:0;s:18:\"uagb\/popup-builder\";i:0;s:16:\"uagb\/post-button\";i:0;s:18:\"uagb\/post-carousel\";i:0;s:17:\"uagb\/post-excerpt\";i:0;s:14:\"uagb\/post-grid\";i:0;s:15:\"uagb\/post-image\";i:0;s:17:\"uagb\/post-masonry\";i:0;s:14:\"uagb\/post-meta\";i:0;s:18:\"uagb\/post-taxonomy\";i:0;s:18:\"uagb\/post-timeline\";i:0;s:15:\"uagb\/post-title\";i:0;s:20:\"uagb\/restaurant-menu\";i:0;s:26:\"uagb\/restaurant-menu-child\";i:0;s:11:\"uagb\/review\";i:0;s:12:\"uagb\/section\";i:0;s:14:\"uagb\/separator\";i:0;s:11:\"uagb\/slider\";i:0;s:17:\"uagb\/slider-child\";i:0;s:17:\"uagb\/social-share\";i:0;s:23:\"uagb\/social-share-child\";i:0;s:16:\"uagb\/star-rating\";i:0;s:23:\"uagb\/sure-cart-checkout\";i:0;s:22:\"uagb\/sure-cart-product\";i:0;s:15:\"uagb\/sure-forms\";i:0;s:22:\"uagb\/table-of-contents\";i:0;s:9:\"uagb\/tabs\";i:0;s:15:\"uagb\/tabs-child\";i:0;s:18:\"uagb\/taxonomy-list\";i:0;s:9:\"uagb\/team\";i:0;s:16:\"uagb\/testimonial\";i:0;s:14:\"uagb\/wp-search\";i:0;s:19:\"uagb\/instagram-feed\";i:0;s:10:\"uagb\/login\";i:0;s:17:\"uagb\/loop-builder\";i:0;s:18:\"uagb\/loop-category\";i:0;s:20:\"uagb\/loop-pagination\";i:0;s:15:\"uagb\/loop-reset\";i:0;s:16:\"uagb\/loop-search\";i:0;s:14:\"uagb\/loop-sort\";i:0;s:17:\"uagb\/loop-wrapper\";i:0;s:13:\"uagb\/register\";i:0;s:19:\"uagb\/register-email\";i:0;s:24:\"uagb\/register-first-name\";i:0;s:23:\"uagb\/register-last-name\";i:0;s:22:\"uagb\/register-password\";i:0;s:30:\"uagb\/register-reenter-password\";i:0;s:19:\"uagb\/register-terms\";i:0;s:22:\"uagb\/register-username\";i:0;}"],"_uag_page_assets":["a:9:{s:3:\"css\";s:0:\"\";s:2:\"js\";s:0:\"\";s:18:\"current_block_list\";a:8:{i:0;s:14:\"core\/paragraph\";i:1;s:9:\"core\/list\";i:2;s:14:\"core\/list-item\";i:3;s:26:\"woocommerce\/filter-wrapper\";i:4;s:24:\"woocommerce\/price-filter\";i:5;s:30:\"woocommerce\/product-categories\";i:6;s:14:\"core\/shortcode\";i:7;s:11:\"core\/search\";}s:8:\"uag_flag\";b:0;s:11:\"uag_version\";s:10:\"1777310664\";s:6:\"gfonts\";a:0:{}s:10:\"gfonts_url\";s:0:\"\";s:12:\"gfonts_files\";a:0:{}s:14:\"uag_faq_layout\";b:0;}"]},"uagb_featured_image_src":{"full":false,"thumbnail":false,"medium":false,"medium_large":false,"large":false,"1536x1536":false,"2048x2048":false,"woocommerce_thumbnail":false,"woocommerce_single":false,"woocommerce_gallery_thumbnail":false},"uagb_author_info":{"display_name":"ILoveHandbags","author_link":"https:\/\/truelangtest.ilovehandbags.com\/de\/author\/janariedel\/"},"uagb_comment_info":0,"uagb_excerpt":"Unsere Echtheitsgarantie* Bei I Love Handbags findest du sorgf\u00e4ltig ausgew\u00e4hlte pre-loved Designer-Handtaschen und Accessoires. Wir wissen, wie wichtig Vertrauen beim Kauf von Luxusartikeln ist \u2013 deshalb gilt bei uns: Jedes bei uns angebotene Designerst\u00fcck ist zu 100 % authentisch. Jeder Artikel wird vor dem Verkauf durch unser erfahrenes Team gepr\u00fcft. Unsere Echtheitspr\u00fcfung erfolgt mehrstufig und&hellip;","_links":{"self":[{"href":"https:\/\/truelangtest.ilovehandbags.com\/de\/wp-json\/wp\/v2\/pages\/20859","targetHints":{"allow":["GET"]}}],"collection":[{"href":"https:\/\/truelangtest.ilovehandbags.com\/de\/wp-json\/wp\/v2\/pages"}],"about":[{"href":"https:\/\/truelangtest.ilovehandbags.com\/de\/wp-json\/wp\/v2\/types\/page"}],"author":[{"embeddable":true,"href":"https:\/\/truelangtest.ilovehandbags.com\/de\/wp-json\/wp\/v2\/users\/4"}],"replies":[{"embeddable":true,"href":"https:\/\/truelangtest.ilovehandbags.com\/de\/wp-json\/wp\/v2\/comments?post=20859"}],"version-history":[{"count":0,"href":"https:\/\/truelangtest.ilovehandbags.com\/de\/wp-json\/wp\/v2\/pages\/20859\/revisions"}],"wp:attachment":[{"href":"https:\/\/truelangtest.ilovehandbags.com\/de\/wp-json\/wp\/v2\/media?parent=20859"}],"curies":[{"name":"wp","href":"https:\/\/api.w.org\/{rel}","templated":true}]}}