{"id":26170,"date":"2023-05-03T14:34:08","date_gmt":"2023-05-03T12:34:08","guid":{"rendered":"https:\/\/ilovehandbags.com\/?page_id=26170"},"modified":"2026-01-05T17:47:53","modified_gmt":"2026-01-05T16:47:53","slug":"newsletter","status":"publish","type":"page","link":"https:\/\/truelangtest.ilovehandbags.com\/de\/newsletter\/","title":{"rendered":"Newsletter"},"content":{"rendered":"\n<div class=\"wp-block-uagb-container uagb-block-f1914c67 alignwide uagb-is-root-container\">\n<div class=\"wp-block-uagb-container uagb-block-76d775e5\">\n<div class=\"wp-block-uagb-advanced-heading uagb-block-e7ebc28d\"><h2 class=\"uagb-heading-text\">Abonniere unseren Newsletter und erhalte einen 25 EUR** Gutschein<\/h2><p class=\"uagb-desc-text\">Melde dich f\u00fcr unseren Newsletter an und erfahre als Erste von neuen Taschen, exklusiven Angeboten und besonderen Aktionen.<br>**Einl\u00f6sebedingungen siehe unten.<\/p><\/div>\n\n\n\n<div style=\"height:35px\" aria-hidden=\"true\" class=\"wp-block-spacer\"><\/div>\n\n\n                    <script type=\"text\/javascript\">\n                        var onloadSibCallback = function () {\n                            jQuery('.g-recaptcha').each(function (index, el) {\n                                grecaptcha.render(el, {\n                                    'sitekey': jQuery(el).attr('data-sitekey')\n                                });\n                            });\n                        };\n                    <\/script>\n\t\t\t\t\t                <script src=\"https:\/\/www.google.com\/recaptcha\/api.js?onload=onloadSibCallback&render=explicit\" async defer><\/script>\n\t\t\t\t\n\t\t\t<form id=\"sib_signup_form_1\" method=\"post\" class=\"sib_signup_form\">\n\t\t\t\t<div class=\"sib_loader\" style=\"display:none;\"><img\n\t\t\t\t\t\t\tsrc=\"https:\/\/truelangtest.ilovehandbags.com\/wp-includes\/images\/spinner.gif\" alt=\"loader\"><\/div>\n\t\t\t\t<input type=\"hidden\" name=\"sib_form_action\" value=\"subscribe_form_submit\">\n\t\t\t\t<input type=\"hidden\" name=\"sib_form_id\" value=\"1\">\n                <input type=\"hidden\" name=\"sib_form_alert_notice\" value=\"Bitte f\u00fclle alle Feld aus\">\n                <input type=\"hidden\" name=\"sib_form_invalid_email_notice\" value=\"Ihre Email-Adresse ist ung\u00fcltig\">\n                <input type=\"hidden\" name=\"sib_security\" value=\"025608ff7d\">\n\t\t\t\t<div class=\"sib_signup_box_inside_1\">\n\t\t\t\t\t<div style=\"\/*display:none*\/\" class=\"sib_msg_disp\">\n\t\t\t\t\t<\/div>\n                    \t\t\t\t\t<p class=\"sib-email-area\">\r\n    Email *\r\n    <input type=\"email\" class=\"sib-email-area custom-width-70\" name=\"email\" required=\"required\">\r\n<\/p>\r\n\r\n<input type=\"checkbox\" name=\"terms\" required=\"required\">Mit der Anmeldung akzeptiere ich die <a href=\"\/de\/datenschutz\/\">Datenschutzbestimmungen <\/a>und die Angaben zur Datenverarbeitung.\r\n<br \/>\r\n<div id=\"sib_captcha\" class=\"g-recaptcha\" data-sitekey=\"6LehjvMmAAAAALPrZvSj7asjR4f69YxALcVO8MeE\"><\/div>\r\n<br \/>\r\n<p>\r\n    <input type=\"submit\" class=\"sib-default-btn\" value=\"Jetzt anmelden\">\r\n<\/p>\r\n\t\t\t\t<\/div>\n\t\t\t<\/form>\n\t\t\t<style>\n\t\t\t\tform#sib_signup_form_1 p.sib-alert-message {\n    padding: 6px 12px;\n    margin-bottom: 20px;\n    border: 1px solid transparent;\n    border-radius: 4px;\n    -webkit-box-sizing: border-box;\n    -moz-box-sizing: border-box;\n    box-sizing: border-box;\n}\nform#sib_signup_form_1 p.sib-alert-message-error {\n    background-color: #f2dede;\n    border-color: #ebccd1;\n    color: #a94442;\n}\nform#sib_signup_form_1 p.sib-alert-message-success {\n    background-color: #dff0d8;\n    border-color: #d6e9c6;\n    color: #3c763d;\n}\nform#sib_signup_form_1 p.sib-alert-message-warning {\n    background-color: #fcf8e3;\n    border-color: #faebcc;\n    color: #8a6d3b;\n}\n\t\t\t<\/style>\n\t\t\t\n\n\n\n<div style=\"height:35px\" aria-hidden=\"true\" class=\"wp-block-spacer\"><\/div>\n\n\n\n<p style=\"padding-top:0;padding-right:0;padding-bottom:0;padding-left:0;font-size:11px\">Mit der Anmeldung akzeptiere ich die <a href=\"https:\/\/ilovehandbags.com\/excelsior\/de\/datenschutz\/\" data-type=\"page\" data-id=\"20857\" rel=\"nofollow\">Datenschutzbestimmungen<\/a> und die Angaben zur Datenverarbeitung. Mit Bet\u00e4tigen der Schaltfl\u00e4che \u201eNewsletter abonnieren\u201c erteile ich meine Einwilligung in den Erhalt des I LOVE HANDBAGS Newsletters sowie von weiteren E-Mail-Marketing-Inhalten und erteile insoweit auch meine Einwilligung in die Verarbeitung meiner oben angegebenen personenbezogenen Daten.<\/p>\n\n\n\n<p style=\"padding-top:0;padding-right:0;padding-bottom:0;padding-left:0;font-size:11px\">**Einl\u00f6sbar ab 500 Euro Einkaufswert. Nicht g\u00fcltig f\u00fcr Sale-Artikel und Geschenkgutscheine. Nur einmalig einl\u00f6sbar. Keine Barauszahlung. G\u00fcltig f\u00fcr 1 Jahr ab Ausstellung. Keine Kombination mit anderen Coupons.<\/p>\n<\/div>\n\n\n\n<div class=\"wp-block-uagb-container uagb-block-f4092611\">\n<div class=\"wp-block-uagb-image aligncenter uagb-block-23b891d3 wp-block-uagb-image--layout-default wp-block-uagb-image--effect-static wp-block-uagb-image--align-center\"><figure class=\"wp-block-uagb-image__figure\"><img decoding=\"async\" srcset=\"https:\/\/ilovehandbags.com\/excelsior\/wp-content\/uploads\/sites\/3\/PhotoRoom_20230421_154033-1024x768.jpg \" sizes=\"auto, (max-width: 480px) 150px\" src=\"https:\/\/ilovehandbags.com\/excelsior\/wp-content\/uploads\/sites\/3\/PhotoRoom_20230421_154033-1024x768.jpg\" alt=\"\" class=\"uag-image-24683\" width=\"468\" height=\"351\" title=\"\" loading=\"lazy\" role=\"img\"\/><\/figure><\/div>\n<\/div>\n<\/div>\n","protected":false},"excerpt":{"rendered":"<p>Abonniere unseren Newsletter und erhalte einen 25 EUR** Gutschein Melde dich f\u00fcr unseren Newsletter an und erfahre als Erste von neuen Taschen, exklusiven Angeboten und besonderen Aktionen.**Einl\u00f6sebedingungen siehe unten. Mit der Anmeldung akzeptiere ich die Datenschutzbestimmungen und die Angaben zur Datenverarbeitung. Mit Bet\u00e4tigen der Schaltfl\u00e4che \u201eNewsletter abonnieren\u201c erteile ich meine Einwilligung in den Erhalt des [&hellip;]<\/p>\n","protected":false},"author":1,"featured_media":0,"parent":0,"menu_order":0,"comment_status":"closed","ping_status":"closed","template":"","meta":{"_uag_custom_page_level_css":"","site-sidebar-layout":"default","site-content-layout":"","ast-site-content-layout":"default","site-content-style":"default","site-sidebar-style":"default","ast-global-header-display":"","ast-banner-title-visibility":"","ast-main-header-display":"","ast-hfb-above-header-display":"","ast-hfb-below-header-display":"","ast-hfb-mobile-header-display":"","site-post-title":"disabled","ast-breadcrumbs-content":"","ast-featured-img":"","footer-sml-layout":"","ast-disable-related-posts":"","theme-transparent-header-meta":"","adv-header-id-meta":"","stick-header-meta":"","header-above-stick-meta":"","header-main-stick-meta":"","header-below-stick-meta":"","astra-migrate-meta-layouts":"set","ast-page-background-enabled":"default","ast-page-background-meta":{"desktop":{"background-color":"var(--ast-global-color-4)","background-image":"","background-repeat":"repeat","background-position":"center center","background-size":"auto","background-attachment":"scroll","background-type":"","background-media":"","overlay-type":"","overlay-color":"","overlay-opacity":"","overlay-gradient":""},"tablet":{"background-color":"","background-image":"","background-repeat":"repeat","background-position":"center center","background-size":"auto","background-attachment":"scroll","background-type":"","background-media":"","overlay-type":"","overlay-color":"","overlay-opacity":"","overlay-gradient":""},"mobile":{"background-color":"","background-image":"","background-repeat":"repeat","background-position":"center center","background-size":"auto","background-attachment":"scroll","background-type":"","background-media":"","overlay-type":"","overlay-color":"","overlay-opacity":"","overlay-gradient":""}},"ast-content-background-meta":{"desktop":{"background-color":"var(--ast-global-color-5)","background-image":"","background-repeat":"repeat","background-position":"center center","background-size":"auto","background-attachment":"scroll","background-type":"","background-media":"","overlay-type":"","overlay-color":"","overlay-opacity":"","overlay-gradient":""},"tablet":{"background-color":"var(--ast-global-color-5)","background-image":"","background-repeat":"repeat","background-position":"center center","background-size":"auto","background-attachment":"scroll","background-type":"","background-media":"","overlay-type":"","overlay-color":"","overlay-opacity":"","overlay-gradient":""},"mobile":{"background-color":"var(--ast-global-color-5)","background-image":"","background-repeat":"repeat","background-position":"center center","background-size":"auto","background-attachment":"scroll","background-type":"","background-media":"","overlay-type":"","overlay-color":"","overlay-opacity":"","overlay-gradient":""}},"_glsr_average":0,"_glsr_ranking":0,"_glsr_reviews":0,"footnotes":""},"class_list":["post-26170","page","type-page","status-publish","hentry"],"spectra_custom_meta":{"_edit_lock":["1768934399:4"],"_wpml_word_count":["148"],"rank_math_seo_score":["14"],"_uag_custom_page_level_css":[""],"site-post-title":["disabled"],"theme-transparent-header-meta":[""],"adv-header-id-meta":[""],"stick-header-meta":[""],"_edit_last":["4"],"_wpml_media_duplicate":["1"],"_wpml_media_featured":["1"],"_wpml_location_migration_done":["1"],"_pys_head_footer":["a:7:{s:14:\"disable_global\";b:0;s:8:\"head_any\";s:0:\"\";s:12:\"head_desktop\";s:0:\"\";s:11:\"head_mobile\";s:0:\"\";s:10:\"footer_any\";s:0:\"\";s:14:\"footer_desktop\";s:0:\"\";s:13:\"footer_mobile\";s:0:\"\";}"],"rank_math_og_content_image":["a:2:{s:5:\"check\";s:32:\"f6c09160d6cb0301694a47fbd14e724c\";s:6:\"images\";a:1:{i:0;s:101:\"https:\/\/ilovehandbags.com\/excelsior\/wp-content\/uploads\/sites\/3\/PhotoRoom_20230421_154033-1024x768.jpg\";}}"],"litespeed_vpi_list":["a:1:{i:0;s:8:\"logo.png\";}"],"_wpml_post_translation_editor_native":["no"],"_wpml_media_has_media":["1"],"litespeed_vpi_list_mobile":["a:1:{i:0;s:8:\"logo.png\";}"],"ast-site-content-layout":["default"],"astra-migrate-meta-layouts":["set"],"footnotes":[""],"copied_media_ids":["a:1:{i:0;i:24683;}"],"referenced_media_ids":["a:0:{}"],"_ame_cpe_post_policy":["{\"accessProtection\":{\"active\":\"replace\"}}"],"rank_math_analytic_object_id":["2389"],"_uagb_previous_block_counts":["a:90:{s:21:\"uagb\/advanced-heading\";i:1;s:15:\"uagb\/blockquote\";i:0;s:12:\"uagb\/buttons\";i:0;s:18:\"uagb\/buttons-child\";i:0;s:19:\"uagb\/call-to-action\";i:0;s:15:\"uagb\/cf7-styler\";i:0;s:11:\"uagb\/column\";i:0;s:12:\"uagb\/columns\";i:0;s:14:\"uagb\/container\";i:3;s:21:\"uagb\/content-timeline\";i:0;s:27:\"uagb\/content-timeline-child\";i:0;s:14:\"uagb\/countdown\";i:0;s:12:\"uagb\/counter\";i:0;s:8:\"uagb\/faq\";i:0;s:14:\"uagb\/faq-child\";i:0;s:10:\"uagb\/forms\";i:0;s:17:\"uagb\/forms-accept\";i:0;s:19:\"uagb\/forms-checkbox\";i:0;s:15:\"uagb\/forms-date\";i:0;s:16:\"uagb\/forms-email\";i:0;s:17:\"uagb\/forms-hidden\";i:0;s:15:\"uagb\/forms-name\";i:0;s:16:\"uagb\/forms-phone\";i:0;s:16:\"uagb\/forms-radio\";i:0;s:17:\"uagb\/forms-select\";i:0;s:19:\"uagb\/forms-textarea\";i:0;s:17:\"uagb\/forms-toggle\";i:0;s:14:\"uagb\/forms-url\";i:0;s:14:\"uagb\/gf-styler\";i:0;s:15:\"uagb\/google-map\";i:0;s:11:\"uagb\/how-to\";i:0;s:16:\"uagb\/how-to-step\";i:0;s:9:\"uagb\/icon\";i:0;s:14:\"uagb\/icon-list\";i:0;s:20:\"uagb\/icon-list-child\";i:0;s:10:\"uagb\/image\";i:1;s:18:\"uagb\/image-gallery\";i:0;s:13:\"uagb\/info-box\";i:0;s:18:\"uagb\/inline-notice\";i:0;s:11:\"uagb\/lottie\";i:0;s:21:\"uagb\/marketing-button\";i:0;s:10:\"uagb\/modal\";i:0;s:18:\"uagb\/popup-builder\";i:0;s:16:\"uagb\/post-button\";i:0;s:18:\"uagb\/post-carousel\";i:0;s:17:\"uagb\/post-excerpt\";i:0;s:14:\"uagb\/post-grid\";i:0;s:15:\"uagb\/post-image\";i:0;s:17:\"uagb\/post-masonry\";i:0;s:14:\"uagb\/post-meta\";i:0;s:18:\"uagb\/post-taxonomy\";i:0;s:18:\"uagb\/post-timeline\";i:0;s:15:\"uagb\/post-title\";i:0;s:20:\"uagb\/restaurant-menu\";i:0;s:26:\"uagb\/restaurant-menu-child\";i:0;s:11:\"uagb\/review\";i:0;s:12:\"uagb\/section\";i:0;s:14:\"uagb\/separator\";i:0;s:11:\"uagb\/slider\";i:0;s:17:\"uagb\/slider-child\";i:0;s:17:\"uagb\/social-share\";i:0;s:23:\"uagb\/social-share-child\";i:0;s:16:\"uagb\/star-rating\";i:0;s:23:\"uagb\/sure-cart-checkout\";i:0;s:22:\"uagb\/sure-cart-product\";i:0;s:15:\"uagb\/sure-forms\";i:0;s:22:\"uagb\/table-of-contents\";i:0;s:9:\"uagb\/tabs\";i:0;s:15:\"uagb\/tabs-child\";i:0;s:18:\"uagb\/taxonomy-list\";i:0;s:9:\"uagb\/team\";i:0;s:16:\"uagb\/testimonial\";i:0;s:14:\"uagb\/wp-search\";i:0;s:19:\"uagb\/instagram-feed\";i:0;s:10:\"uagb\/login\";i:0;s:17:\"uagb\/loop-builder\";i:0;s:18:\"uagb\/loop-category\";i:0;s:20:\"uagb\/loop-pagination\";i:0;s:15:\"uagb\/loop-reset\";i:0;s:16:\"uagb\/loop-search\";i:0;s:14:\"uagb\/loop-sort\";i:0;s:17:\"uagb\/loop-wrapper\";i:0;s:13:\"uagb\/register\";i:0;s:19:\"uagb\/register-email\";i:0;s:24:\"uagb\/register-first-name\";i:0;s:23:\"uagb\/register-last-name\";i:0;s:22:\"uagb\/register-password\";i:0;s:30:\"uagb\/register-reenter-password\";i:0;s:19:\"uagb\/register-terms\";i:0;s:22:\"uagb\/register-username\";i:0;}"],"_uagb_last_spectra_edit":["1776775900"],"_uag_page_assets":["a:9:{s:3:\"css\";s:12016:\".wp-block-uagb-container.uagb-block-f1914c67 .uagb-container__shape-top svg{width: calc( 100% + 1.3px );}.wp-block-uagb-container.uagb-block-f1914c67 .uagb-container__shape.uagb-container__shape-top .uagb-container__shape-fill{fill: rgba(51,51,51,1);}.wp-block-uagb-container.uagb-block-f1914c67 .uagb-container__shape-bottom svg{width: calc( 100% + 1.3px );}.wp-block-uagb-container.uagb-block-f1914c67 .uagb-container__shape.uagb-container__shape-bottom .uagb-container__shape-fill{fill: rgba(51,51,51,1);}.wp-block-uagb-container.uagb-block-f1914c67 .uagb-container__video-wrap video{opacity: 1;}.wp-block-uagb-container.uagb-is-root-container .uagb-block-f1914c67{max-width: 100%;width: 100%;}.wp-block-uagb-container.uagb-block-f1914c67{min-height: 0px;box-shadow: 0px 0px   #00000070 ;padding-top: 100px;padding-bottom: 100px;padding-left: 80px;padding-right: 80px;margin-top:  !important;margin-bottom:  !important;overflow: hidden;order: initial;border-color: inherit;background-color: var(--ast-global-color-4);;flex-direction: row;align-items: center;justify-content: center;flex-wrap: nowrap;row-gap: 0px;column-gap: 80px;}.wp-block-uagb-container.uagb-block-76d775e5 .uagb-container__shape-top svg{width: calc( 100% + 1.3px );}.wp-block-uagb-container.uagb-block-76d775e5 .uagb-container__shape.uagb-container__shape-top .uagb-container__shape-fill{fill: rgba(51,51,51,1);}.wp-block-uagb-container.uagb-block-76d775e5 .uagb-container__shape-bottom svg{width: calc( 100% + 1.3px );}.wp-block-uagb-container.uagb-block-76d775e5 .uagb-container__shape.uagb-container__shape-bottom .uagb-container__shape-fill{fill: rgba(51,51,51,1);}.wp-block-uagb-container.uagb-block-76d775e5 .uagb-container__video-wrap video{opacity: 1;}.wp-block-uagb-container.uagb-is-root-container .uagb-block-76d775e5{max-width: 60%;width: 100%;}.wp-block-uagb-container.uagb-is-root-container.alignfull.uagb-block-76d775e5 > .uagb-container-inner-blocks-wrap{--inner-content-custom-width: min( 100%, 1319px);max-width: var(--inner-content-custom-width);width: 100%;flex-direction: column;align-items: flex-start;justify-content: flex-start;flex-wrap: nowrap;row-gap: 0px;column-gap: 0px;}.wp-block-uagb-container.uagb-block-76d775e5{min-height: 0px;box-shadow: 0px 0px   #00000070 ;padding-top: 0px;padding-bottom: 0px;padding-left: 0px;padding-right: 0px;margin-top: 0px !important;margin-bottom: 0px !important;margin-left: 0px;margin-right: 0px;overflow: visible;order: initial;border-color: inherit;flex-direction: column;align-items: flex-start;justify-content: flex-start;flex-wrap: nowrap;row-gap: 0px;column-gap: 0px;}.wp-block-uagb-advanced-heading.uagb-block-e7ebc28d.wp-block-uagb-advanced-heading .uagb-heading-text{color: var(--ast-global-color-2);}.wp-block-uagb-advanced-heading.uagb-block-e7ebc28d.wp-block-uagb-advanced-heading .uagb-desc-text{color: var(--ast-global-color-3);margin-bottom: 15px;}.wp-block-uagb-advanced-heading.uagb-block-e7ebc28d.wp-block-uagb-advanced-heading .uagb-highlight{font-style: normal;font-weight: Default;background: #007cba;color: #fff;-webkit-text-fill-color: #fff;}.wp-block-uagb-advanced-heading.uagb-block-e7ebc28d.wp-block-uagb-advanced-heading .uagb-highlight::-moz-selection{color: #fff;background: #007cba;-webkit-text-fill-color: #fff;}.wp-block-uagb-advanced-heading.uagb-block-e7ebc28d.wp-block-uagb-advanced-heading .uagb-highlight::selection{color: #fff;background: #007cba;-webkit-text-fill-color: #fff;}.wp-block-uagb-advanced-heading.uagb-block-e7ebc28d .uagb-heading-text{text-transform: normal;text-decoration: none;margin-bottom: 20px;}.wp-block-uagb-container.uagb-block-f4092611 .uagb-container__shape-top svg{width: calc( 100% + 1.3px );}.wp-block-uagb-container.uagb-block-f4092611 .uagb-container__shape.uagb-container__shape-top .uagb-container__shape-fill{fill: rgba(51,51,51,1);}.wp-block-uagb-container.uagb-block-f4092611 .uagb-container__shape-bottom svg{width: calc( 100% + 1.3px );}.wp-block-uagb-container.uagb-block-f4092611 .uagb-container__shape.uagb-container__shape-bottom .uagb-container__shape-fill{fill: rgba(51,51,51,1);}.wp-block-uagb-container.uagb-block-f4092611 .uagb-container__video-wrap video{opacity: 1;}.wp-block-uagb-container.uagb-is-root-container .uagb-block-f4092611{max-width: 40%;width: 100%;}.wp-block-uagb-container.uagb-is-root-container.alignfull.uagb-block-f4092611 > .uagb-container-inner-blocks-wrap{--inner-content-custom-width: min( 100%, 1319px);max-width: var(--inner-content-custom-width);width: 100%;flex-direction: column;align-items: flex-start;justify-content: flex-start;flex-wrap: nowrap;row-gap: 0px;column-gap: 0px;}.wp-block-uagb-container.uagb-block-f4092611{min-height: 0px;box-shadow: 0px 0px   #00000070 ;padding-top: 0px;padding-bottom: 0px;padding-left: 0px;padding-right: 0px;margin-top: 0px !important;margin-bottom: 0px !important;margin-left: 0px;margin-right: 0px;overflow: auto;order: initial;border-color: inherit;flex-direction: column;align-items: flex-start;justify-content: flex-start;flex-wrap: nowrap;row-gap: 0px;column-gap: 0px;}.uagb-block-23b891d3.wp-block-uagb-image{text-align: center;justify-content: center;align-self: center;}.uagb-block-23b891d3 .wp-block-uagb-image__figure{align-items: center;}.uagb-block-23b891d3.wp-block-uagb-image--layout-default figure img{box-shadow: 0px 0px 0 #00000070;}.uagb-block-23b891d3.wp-block-uagb-image .wp-block-uagb-image__figure figcaption{font-style: normal;align-self: center;}.uagb-block-23b891d3.wp-block-uagb-image--layout-overlay figure img{box-shadow: 0px 0px 0 #00000070;}.uagb-block-23b891d3.wp-block-uagb-image--layout-overlay .wp-block-uagb-image--layout-overlay__color-wrapper{opacity: 0.2;}.uagb-block-23b891d3.wp-block-uagb-image--layout-overlay .wp-block-uagb-image--layout-overlay__inner{left: 15px;right: 15px;top: 15px;bottom: 15px;}.uagb-block-23b891d3.wp-block-uagb-image--layout-overlay .wp-block-uagb-image--layout-overlay__inner .uagb-image-heading{font-style: normal;color: #fff;opacity: 1;}.uagb-block-23b891d3.wp-block-uagb-image--layout-overlay .wp-block-uagb-image--layout-overlay__inner .uagb-image-heading a{color: #fff;}.uagb-block-23b891d3.wp-block-uagb-image--layout-overlay .wp-block-uagb-image--layout-overlay__inner .uagb-image-caption{opacity: 0;}.uagb-block-23b891d3.wp-block-uagb-image--layout-overlay .wp-block-uagb-image__figure:hover .wp-block-uagb-image--layout-overlay__color-wrapper{opacity: 1;}.uagb-block-23b891d3.wp-block-uagb-image .wp-block-uagb-image--layout-overlay__inner .uagb-image-separator{width: 30%;border-top-width: 2px;border-top-color: #fff;border-top-style: solid;opacity: 0;}.uagb-block-23b891d3.wp-block-uagb-image .wp-block-uagb-image__figure img{object-fit: fill;width: 468px;height: auto;}.uagb-block-23b891d3.wp-block-uagb-image .wp-block-uagb-image__figure:hover .wp-block-uagb-image--layout-overlay__inner .uagb-image-caption{opacity: 1;}.uagb-block-23b891d3.wp-block-uagb-image .wp-block-uagb-image__figure:hover .wp-block-uagb-image--layout-overlay__inner .uagb-image-separator{opacity: 1;}.uagb-block-23b891d3.wp-block-uagb-image--layout-default figure:hover img{box-shadow: 0px 0px 0 #00000070;}.uagb-block-23b891d3.wp-block-uagb-image--layout-overlay figure:hover img{box-shadow: 0px 0px 0 #00000070;}@media only screen and (max-width: 976px) {.wp-block-uagb-container.uagb-is-root-container .uagb-block-f1914c67{width: 100%;}.wp-block-uagb-container.uagb-block-f1914c67{padding-top: 80px;padding-bottom: 80px;padding-left: 48px;padding-right: 48px;margin-top: 0px !important;margin-bottom: 0px !important;margin-left: 0px;margin-right: 0px;order: initial;background-color: var(--ast-global-color-4);;flex-direction: column;align-items: stretch;row-gap: 40px;column-gap: 0px;}.wp-block-uagb-container.uagb-block-f1914c67.wp-block-uagb-container > *:not( .wp-block-uagb-column ):not( .wp-block-uagb-section ):not( .uagb-container__shape ):not( .uagb-container__video-wrap ):not( .uagb-slider-container ):not( .spectra-container-link-overlay ):not(.spectra-image-gallery__control-lightbox):not(.wp-block-uagb-lottie):not(.uagb-container-inner-blocks-wrap){width: 100%;}.wp-block-uagb-container.uagb-block-f1914c67.wp-block-uagb-container > .uagb-container-inner-blocks-wrap > *:not( .wp-block-uagb-column ):not( .wp-block-uagb-section ):not( .uagb-container__shape ):not( .uagb-container__video-wrap ):not( .uagb-slider-container ):not(.spectra-image-gallery__control-lightbox){width: 100%;}.wp-block-uagb-container.uagb-is-root-container .uagb-block-76d775e5{max-width: 100%;width: 100%;}.wp-block-uagb-container.uagb-is-root-container.alignfull.uagb-block-76d775e5 > .uagb-container-inner-blocks-wrap{--inner-content-custom-width: min( 100%, 1024px);max-width: var(--inner-content-custom-width);width: 100%;}.wp-block-uagb-container.uagb-block-76d775e5{padding-top: 0px;padding-bottom: 0px;padding-left: 0px;padding-right: 0px;margin-top: 0px !important;margin-bottom: 0px !important;margin-left: 0px;margin-right: 0px;order: initial;}.wp-block-uagb-advanced-heading.uagb-block-e7ebc28d .uagb-heading-text{margin-bottom: 20px;}.wp-block-uagb-container.uagb-is-root-container .uagb-block-f4092611{max-width: 100%;width: 100%;}.wp-block-uagb-container.uagb-is-root-container.alignfull.uagb-block-f4092611 > .uagb-container-inner-blocks-wrap{--inner-content-custom-width: min( 100%, 1024px);max-width: var(--inner-content-custom-width);width: 100%;align-items: center;}.wp-block-uagb-container.uagb-block-f4092611{padding-top: 0px;padding-bottom: 0px;padding-left: 0px;padding-right: 0px;margin-top: 0px !important;margin-bottom: 0px !important;margin-left: 0px;margin-right: 0px;order: initial;align-items: center;}.uagb-block-23b891d3.wp-block-uagb-image .wp-block-uagb-image__figure img{width: 468px;height: auto;}}@media only screen and (max-width: 767px) {.wp-block-uagb-container.uagb-is-root-container .uagb-block-f1914c67{max-width: 100%;width: 100%;}.wp-block-uagb-container.uagb-block-f1914c67{padding-top: 60px;padding-bottom: 60px;padding-left: 30px;padding-right: 30px;margin-top: 0px !important;margin-bottom: 0px !important;margin-left: 0px;margin-right: 0px;row-gap: 30px;order: initial;background-color: var(--ast-global-color-4);;align-items: stretch;flex-wrap: wrap-reverse;}.wp-block-uagb-container.uagb-is-root-container .uagb-block-76d775e5{max-width: 100%;width: 100%;}.wp-block-uagb-container.uagb-is-root-container.alignfull.uagb-block-76d775e5 > .uagb-container-inner-blocks-wrap{--inner-content-custom-width: min( 100%, 767px);max-width: var(--inner-content-custom-width);width: 100%;flex-wrap: wrap;row-gap: 0px;column-gap: 0px;}.wp-block-uagb-container.uagb-block-76d775e5{padding-top: 0px;padding-bottom: 0px;padding-left: 0px;padding-right: 0px;margin-top: 0px !important;margin-bottom: 0px !important;margin-left: 0px;margin-right: 0px;row-gap: 0px;column-gap: 0px;order: initial;flex-wrap: wrap;}.wp-block-uagb-advanced-heading.uagb-block-e7ebc28d .uagb-heading-text{margin-bottom: 20px;}.wp-block-uagb-container.uagb-is-root-container .uagb-block-f4092611{max-width: 100%;width: 100%;}.wp-block-uagb-container.uagb-is-root-container.alignfull.uagb-block-f4092611 > .uagb-container-inner-blocks-wrap{--inner-content-custom-width: min( 100%, 767px);max-width: var(--inner-content-custom-width);width: 100%;align-items: center;flex-wrap: wrap;row-gap: 0px;column-gap: 0px;}.wp-block-uagb-container.uagb-block-f4092611{padding-top: 0px;padding-bottom: 0px;padding-left: 0px;padding-right: 0px;margin-top: 0px !important;margin-bottom: 0px !important;margin-left: 0px;margin-right: 0px;row-gap: 0px;column-gap: 0px;order: initial;align-items: center;flex-wrap: wrap;}.uagb-block-23b891d3.wp-block-uagb-image .wp-block-uagb-image__figure img{width: 468px;height: auto;}.uagb-block-23b891d3.wp-block-uagb-image{margin-top: 0px;margin-right: 0px;margin-bottom: 0px;margin-left: 0px;}.uagb-block-23b891d3.wp-block-uagb-image .wp-block-uagb-image__figure figcaption{margin-top: 0px;margin-right: 0px;margin-bottom: 0px;margin-left: 0px;}}\";s:2:\"js\";s:0:\"\";s:18:\"current_block_list\";a:10:{i:0;s:14:\"uagb\/container\";i:2;s:21:\"uagb\/advanced-heading\";i:3;s:11:\"core\/spacer\";i:4;s:14:\"core\/shortcode\";i:5;s:14:\"core\/paragraph\";i:7;s:10:\"uagb\/image\";i:8;s:26:\"woocommerce\/filter-wrapper\";i:9;s:24:\"woocommerce\/price-filter\";i:10;s:30:\"woocommerce\/product-categories\";i:11;s:11:\"core\/search\";}s:8:\"uag_flag\";b:1;s:11:\"uag_version\";s:10:\"1777310779\";s:6:\"gfonts\";a:0:{}s:10:\"gfonts_url\";s:0:\"\";s:12:\"gfonts_files\";a:0:{}s:14:\"uag_faq_layout\";b:0;}"]},"uagb_featured_image_src":{"full":false,"thumbnail":false,"medium":false,"medium_large":false,"large":false,"1536x1536":false,"2048x2048":false,"woocommerce_thumbnail":false,"woocommerce_single":false,"woocommerce_gallery_thumbnail":false},"uagb_author_info":{"display_name":"Steve","author_link":"https:\/\/truelangtest.ilovehandbags.com\/de\/author\/sriedel\/"},"uagb_comment_info":0,"uagb_excerpt":"Abonniere unseren Newsletter und erhalte einen 25 EUR** Gutschein Melde dich f\u00fcr unseren Newsletter an und erfahre als Erste von neuen Taschen, exklusiven Angeboten und besonderen Aktionen.**Einl\u00f6sebedingungen siehe unten. Mit der Anmeldung akzeptiere ich die Datenschutzbestimmungen und die Angaben zur Datenverarbeitung. Mit Bet\u00e4tigen der Schaltfl\u00e4che \u201eNewsletter abonnieren\u201c erteile ich meine Einwilligung in den Erhalt des&hellip;","_links":{"self":[{"href":"https:\/\/truelangtest.ilovehandbags.com\/de\/wp-json\/wp\/v2\/pages\/26170","targetHints":{"allow":["GET"]}}],"collection":[{"href":"https:\/\/truelangtest.ilovehandbags.com\/de\/wp-json\/wp\/v2\/pages"}],"about":[{"href":"https:\/\/truelangtest.ilovehandbags.com\/de\/wp-json\/wp\/v2\/types\/page"}],"author":[{"embeddable":true,"href":"https:\/\/truelangtest.ilovehandbags.com\/de\/wp-json\/wp\/v2\/users\/1"}],"replies":[{"embeddable":true,"href":"https:\/\/truelangtest.ilovehandbags.com\/de\/wp-json\/wp\/v2\/comments?post=26170"}],"version-history":[{"count":0,"href":"https:\/\/truelangtest.ilovehandbags.com\/de\/wp-json\/wp\/v2\/pages\/26170\/revisions"}],"wp:attachment":[{"href":"https:\/\/truelangtest.ilovehandbags.com\/de\/wp-json\/wp\/v2\/media?parent=26170"}],"curies":[{"name":"wp","href":"https:\/\/api.w.org\/{rel}","templated":true}]}}