{"id":26486,"date":"2025-01-31T20:00:36","date_gmt":"2025-01-31T19:00:36","guid":{"rendered":"https:\/\/ilovehandbags.com\/?post_type=product&#038;p=26486"},"modified":"2026-03-21T09:25:07","modified_gmt":"2026-03-21T08:25:07","slug":"schulterkette-kurz-gold","status":"publish","type":"product","link":"https:\/\/truelangtest.ilovehandbags.com\/de\/schulterkette-kurz-gold\/","title":{"rendered":"Schulterkette kurz Gold"},"content":{"rendered":"","protected":false},"excerpt":{"rendered":"<p data-start=\"159\" data-end=\"276\">Entdecke die filigrane <strong>Schulterkette von I Love Handbags<\/strong> \u2013 ein elegantes Upgrade f\u00fcr deine Lieblings-Handtaschen! Mit ihrem zarten Design und den hochwertigen Karabinerverschl\u00fcssen l\u00e4sst sich die Kette vielseitig einsetzen und verleiht jeder Tasche einen luxuri\u00f6sen Touch. Sie liegt angenehm auf der Schulter und ist kompatibel mit Modellen wie der Louis Vuitton F\u00e9licie, der Pochette Accessoires, Favorite und vielen weiteren Taschen mit seitlicher Befestigung.<br \/>\n<strong style=\"font-size: 16px;\" data-start=\"625\" data-end=\"637\">Hinweis:<\/strong><span style=\"font-size: 16px;\"> Dieses Produkt stammt <\/span>nicht von Louis Vuitton<span style=\"font-size: 16px;\"> und ist <\/span>kein Originalzubeh\u00f6r<span style=\"font-size: 16px;\"> der Marke. Es handelt sich um eine hochwertige, handgefertigte Kette von I Love Handbags, die mit bestimmten Louis Vuitton Modellen <\/span>kompatibel<span style=\"font-size: 16px;\"> ist.<\/span><\/p>\n","protected":false},"featured_media":53658,"template":"","meta":{"_uag_custom_page_level_css":"","site-sidebar-layout":"default","site-content-layout":"default","ast-site-content-layout":"default","site-content-style":"default","site-sidebar-style":"default","ast-global-header-display":"","ast-banner-title-visibility":"","ast-main-header-display":"","ast-hfb-above-header-display":"","ast-hfb-below-header-display":"","ast-hfb-mobile-header-display":"","site-post-title":"","ast-breadcrumbs-content":"","ast-featured-img":"","footer-sml-layout":"","ast-disable-related-posts":"","theme-transparent-header-meta":"default","adv-header-id-meta":"","stick-header-meta":"default","header-above-stick-meta":"","header-main-stick-meta":"","header-below-stick-meta":"","astra-migrate-meta-layouts":"set","ast-page-background-enabled":"default","ast-page-background-meta":{"desktop":{"background-color":"var(--ast-global-color-4)","background-image":"","background-repeat":"repeat","background-position":"center center","background-size":"auto","background-attachment":"scroll","background-type":"","background-media":"","overlay-type":"","overlay-color":"","overlay-opacity":"","overlay-gradient":""},"tablet":{"background-color":"","background-image":"","background-repeat":"repeat","background-position":"center center","background-size":"auto","background-attachment":"scroll","background-type":"","background-media":"","overlay-type":"","overlay-color":"","overlay-opacity":"","overlay-gradient":""},"mobile":{"background-color":"","background-image":"","background-repeat":"repeat","background-position":"center center","background-size":"auto","background-attachment":"scroll","background-type":"","background-media":"","overlay-type":"","overlay-color":"","overlay-opacity":"","overlay-gradient":""}},"ast-content-background-meta":{"desktop":{"background-color":"var(--ast-global-color-5)","background-image":"","background-repeat":"repeat","background-position":"center center","background-size":"auto","background-attachment":"scroll","background-type":"","background-media":"","overlay-type":"","overlay-color":"","overlay-opacity":"","overlay-gradient":""},"tablet":{"background-color":"var(--ast-global-color-5)","background-image":"","background-repeat":"repeat","background-position":"center center","background-size":"auto","background-attachment":"scroll","background-type":"","background-media":"","overlay-type":"","overlay-color":"","overlay-opacity":"","overlay-gradient":""},"mobile":{"background-color":"var(--ast-global-color-5)","background-image":"","background-repeat":"repeat","background-position":"center center","background-size":"auto","background-attachment":"scroll","background-type":"","background-media":"","overlay-type":"","overlay-color":"","overlay-opacity":"","overlay-gradient":""}},"_glsr_average":0,"_glsr_ranking":0,"_glsr_reviews":0},"product_brand":[],"product_cat":[236],"product_tag":[1233,1232],"class_list":{"0":"post-26486","1":"product","2":"type-product","3":"status-publish","4":"has-post-thumbnail","6":"product_cat-schulterriemen","7":"product_tag-louis-vuitton-schulterkette","8":"product_tag-schulterkette","9":"desktop-align-left","10":"tablet-align-left","11":"mobile-align-left","12":"ast-product-gallery-layout-first-image-large","13":"ast-magnify-disabled","14":"ast-product-tabs-layout-accordion","16":"first","17":"instock","18":"taxable","19":"shipping-taxable","20":"purchasable","21":"product-type-simple"},"spectra_custom_meta":{"_wpml_media_featured":["1","1","1"],"_wpml_media_duplicate":["1","1","1"],"_sku":["P4-0239"],"_regular_price":["25"],"total_sales":["7"],"_tax_status":["taxable"],"_tax_class":[""],"_manage_stock":["yes"],"_backorders":["no"],"_sold_individually":["no"],"_virtual":["no"],"_downloadable":["no"],"_product_image_gallery":["53654,53648,53656,53646,53644,53650,53652"],"_download_limit":["-1"],"_download_expiry":["-1"],"_thumbnail_id":["53658"],"_stock":["22"],"_stock_status":["instock"],"_wc_average_rating":[0],"_wc_review_count":["0"],"_product_version":["10.6.1"],"_price":["25"],"_wpml_word_count":["125"],"_wpml_location_migration_done":["1"],"rank_math_seo_score":["82"],"rank_math_focus_keyword":["Schulterkette"],"_purchase_price_field":["4,32"],"_internal_warehouse_number_field":["2024-0239"],"_gdrive_field":["https:\/\/drive.google.com\/drive\/u\/2\/folders\/12x54GshAd2j2LqD7OJ14KlUk5pGY01WT"],"_unit":["stueck"],"_unit_base":[""],"_unit_product":[""],"_unit_price_auto":["no"],"_unit_price_regular":[""],"_unit_price":[""],"_unit_price_sale":[""],"_sale_price_label":["mwst"],"_sale_price_regular_label":["mwst"],"_mini_desc":["Schulterkette kurz Gold"],"_defect_description":[""],"_allergen_ids":["a:0:{}"],"_warranty_attachment_id":[""],"_min_age":[""],"_ts_gtin":[""],"_ts_mpn":[""],"_delivery_time_countries":["a:0:{}"],"_free_shipping":["no"],"_service":["no"],"_photovoltaic_system":["no"],"_used_good":["no"],"_defective_copy":["no"],"_is_food":["no"],"_differential_taxation":["no"],"_gzd_version":["3.20.4"],"_hs_code":[""],"_manufacture_country":[""],"_rank_math_gtin_code":[""],"_fusion":["a:3:{s:17:\"slider_visibility\";s:51:\"small-visibility,medium-visibility,large-visibility\";s:11:\"slider_type\";s:2:\"no\";s:9:\"wooslider\";s:1:\"0\";}"],"_fusion_google_fonts":[""],"fusion_builder_status":["active"],"rank_math_primary_product_cat":["236"],"_wcml_custom_prices_status":["0"],"avada_post_views_count":["15"],"avada_today_post_views_count":["1"],"avada_post_views_count_today_date":["13-04-2023"],"yikes_woo_products_tabs":["a:2:{i:0;a:3:{s:5:\"title\";s:21:\"Weitere Informationen\";s:2:\"id\";s:21:\"weitere-informationen\";s:7:\"content\";s:304:\"<strong>Material au\u00dfen: <\/strong>Goldfarbenes Metall\r\n<strong>Ma\u00dfe:<\/strong> 60 cm lang\r\n<strong>Lieferumfang:<\/strong> I Love Handbags Staubbeutel. Die abgebildeten Handtaschen geh\u00f6ren nicht zum Lieferumfang und dienen ausschlie\u00dflich zur Deko.\r\n\r\nDer Versand erfolgt innerhalb von 1 bis 2 Werktagen.\";}i:1;a:3:{s:5:\"title\";s:7:\"Zustand\";s:2:\"id\";s:7:\"zustand\";s:7:\"content\";s:35:\"<strong>Gesamtzustand: <\/strong>Neu\";}}"],"_deposit_type":[""],"_nutrient_ids":["a:0:{}"],"_nutrient_reference_value":["100g"],"_ingredients":[""],"_nutri_score":[""],"_alcohol_content":[""],"_drained_weight":[""],"_net_filling_quantity":[""],"_food_distributor":[""],"_food_description":[""],"_food_place_of_origin":[""],"_deposit_quantity":[""],"site-sidebar-layout":["default"],"site-content-layout":["default"],"theme-transparent-header-meta":["default"],"stick-header-meta":["default"],"_edit_lock":["1767791288:4"],"_edit_last":["4"],"_wp_old_date":["2023-05-08","2023-04-08"],"_pys_conversion_label_settings":["a:3:{s:6:\"enable\";b:0;s:5:\"label\";s:0:\"\";s:2:\"id\";s:14:\"AW-11184563350\";}"],"_pys_super_pack_cpt_url":[""],"_pys_super_pack_cpt_condition":["only"],"_pys_super_pack_cpt_cart":["hidden"],"_pys_head_footer":["a:7:{s:14:\"disable_global\";b:0;s:8:\"head_any\";s:0:\"\";s:12:\"head_desktop\";s:0:\"\";s:11:\"head_mobile\";s:0:\"\";s:10:\"footer_any\";s:0:\"\";s:14:\"footer_desktop\";s:0:\"\";s:13:\"footer_mobile\";s:0:\"\";}"],"_woosea_brand":[""],"_woosea_mpn":[""],"_woosea_upc":[""],"_woosea_ean":[""],"_woosea_gtin":[""],"_woosea_color":[""],"_woosea_size":[""],"_woosea_gender":[""],"_woosea_material":[""],"_woosea_pattern":[""],"_woosea_optimized_title":[""],"_woosea_unit_pricing_measure":[""],"_woosea_unit_pricing_base_measure":[""],"_woosea_condition":[""],"_woosea_age_group":["adult"],"_woosea_installment_months":[""],"_woosea_installment_amount":[""],"_woosea_exclude_product":["no"],"_woosea_cost_of_good_sold":[""],"_woosea_multipack":[""],"_woosea_is_bundle":[""],"_woosea_energy_efficiency_class":[""],"_woosea_min_energy_efficiency_class":[""],"_woosea_max_energy_efficiency_class":[""],"_woosea_is_promotion":[""],"_woosea_custom_field_0":[""],"_woosea_custom_field_1":[""],"_woosea_custom_field_2":[""],"_woosea_custom_field_3":[""],"_woosea_custom_field_4":[""],"_product_attributes":["a:3:{s:8:\"pa_brand\";a:7:{s:4:\"name\";s:8:\"pa_brand\";s:5:\"value\";s:0:\"\";s:8:\"position\";i:1;s:10:\"is_visible\";i:0;s:12:\"is_variation\";i:0;s:11:\"is_taxonomy\";i:1;s:16:\"checkout_visible\";i:0;}s:8:\"pa_color\";a:7:{s:4:\"name\";s:8:\"pa_color\";s:5:\"value\";s:0:\"\";s:8:\"position\";i:2;s:10:\"is_visible\";i:0;s:12:\"is_variation\";i:0;s:11:\"is_taxonomy\";i:1;s:16:\"checkout_visible\";i:0;}s:9:\"pa_gender\";a:7:{s:4:\"name\";s:9:\"pa_gender\";s:5:\"value\";s:0:\"\";s:8:\"position\";i:3;s:10:\"is_visible\";i:0;s:12:\"is_variation\";i:0;s:11:\"is_taxonomy\";i:1;s:16:\"checkout_visible\";i:0;}}"],"_customs_description":[""],"_is_non_returnable":["no"],"_wpml_media_has_media":["1"],"ast-site-content-layout":["default"],"site-content-style":["default"],"site-sidebar-style":["default"],"litespeed_vpi_list_mobile":["a:2:{i:0;s:8:\"logo.png\";i:1;s:57:\"Schulterriemen-kurz-komplett-2023-0239-scaled-500x500.jpg\";}"],"litespeed_vpi_list":["a:3:{i:0;s:8:\"logo.png\";i:1;s:6:\"de.png\";i:2;s:57:\"Schulterriemen-kurz-komplett-2023-0239-scaled-500x500.jpg\";}"],"rank_math_robots":["a:1:{i:0;s:5:\"index\";}"],"woocommerce_izettle_product_uuid":["a1c48466-e212-11ef-8adb-353536383939"],"woocommerce_izettle_variant_uuid":["30f9a114-2d70-11ef-9697-353536383939"],"_izettle_updated":["1755929036"],"_product_shipping_weight":["1kg"],"_internal_date_code":[""],"_internal_product_origin":[""],"_product_rating":["N+"],"_not_in_inventory_checkbox":[""],"_izettle_barcode":["0290000264865"],"_izettle_nosync":[""],"_izettle_cost_price":[""],"_izettle_special_price":[""],"_izettle_product_name":[""],"_zettle_product_cat_id":[""],"_shipping_length":[""],"_shipping_width":[""],"_shipping_height":[""],"_custom_html_content":[""],"rank_math_auto_redirect":["a:1:{i:0;i:64;}"],"_wp_old_slug":["taschenkette-kurz-gold"],"_product_available_from_field":[""],"_manufacturer_slug":["ilh-international-gmbh"],"_safety_instructions":[""],"_safety_attachment_ids":["a:0:{}"],"similar_product_key":["1738575507"],"_nickx_video_text_url":["a:1:{i:0;s:0:\"\";}"],"_nickx_product_video_type":["a:1:{i:0;s:23:\"nickx_video_url_youtube\";}"],"_nickx_product_video_thumb_ids":["a:1:{i:0;s:0:\"\";}"],"_product_reserve_till_field":[""],"_customer_view":["2"],"_custom_view_last_updated":["2026-04-27 07:44:50"],"_izettle_image_lookup_key":["3kyncy1cEe-udXp3qLWasA-2lEOJkbBEfCCF5ErGwSEQw"],"_izettle_product_etag":["085E7D726F8E6CF3E61BA46C4AAB38EE"],"_wireless_electronic_device":["no"],"_device_contains_power_supply":["no"],"_device_charging_supports_usb_pd":["no"],"_device_charging_watt_min":["0"],"_device_charging_watt_max":["0"],"rank_math_primary_product_brand":["0"],"_ame_cpe_post_policy":["{\"accessProtection\":{\"active\":\"replace\"}}"],"sib_push_meta_box_present":["1"],"sib_push_send_notification":["0"],"sib_push_target_segment_ids":["@ALL"],"_wpml_post_translation_editor_native":["no"],"copied_media_ids":["a:0:{}"],"referenced_media_ids":["a:8:{i:0;i:53658;i:1;i:53654;i:2;i:53648;i:3;i:53656;i:4;i:53646;i:5;i:53644;i:6;i:53650;i:7;i:53652;}"],"sib_push_send_notification_delay_seconds":["0"],"_entrupy_echtheitszertifikat":[""],"_is_non_alcoholic":["no"],"_mid_code":[""],"_ship_separately_via":[""],"_shipping_weight":[""],"astra-migrate-meta-layouts":["set"],"rank_math_analytic_object_id":["1065"],"_wcml_average_rating":[null],"_wcml_review_count":[null],"_wcml_rating_count":[null],"_uag_page_assets":["a:9:{s:3:\"css\";s:0:\"\";s:2:\"js\";s:0:\"\";s:18:\"current_block_list\";a:6:{i:0;s:26:\"woocommerce\/filter-wrapper\";i:1;s:24:\"woocommerce\/price-filter\";i:2;s:30:\"woocommerce\/product-categories\";i:3;s:14:\"core\/paragraph\";i:4;s:14:\"core\/shortcode\";i:5;s:11:\"core\/search\";}s:8:\"uag_flag\";b:0;s:11:\"uag_version\";s:10:\"1777326936\";s:6:\"gfonts\";a:0:{}s:10:\"gfonts_url\";s:0:\"\";s:12:\"gfonts_files\";a:0:{}s:14:\"uag_faq_layout\";b:0;}"],"_wc_rating_count":[""]},"uagb_featured_image_src":{"full":["https:\/\/truelangtest.ilovehandbags.com\/wp-content\/uploads\/sites\/3\/Photoroom_000_20250203_102819-scaled.jpg",1920,2560,false],"thumbnail":["https:\/\/truelangtest.ilovehandbags.com\/wp-content\/uploads\/sites\/3\/Photoroom_000_20250203_102819-scaled-150x150.jpg",150,150,true],"medium":["https:\/\/truelangtest.ilovehandbags.com\/wp-content\/uploads\/sites\/3\/Photoroom_000_20250203_102819-scaled-300x300.jpg",300,300,true],"medium_large":["https:\/\/truelangtest.ilovehandbags.com\/wp-content\/uploads\/sites\/3\/Photoroom_000_20250203_102819-scaled-768x768.jpg",768,768,true],"large":["https:\/\/truelangtest.ilovehandbags.com\/wp-content\/uploads\/sites\/3\/Photoroom_000_20250203_102819-scaled-1024x1024.jpg",1024,1024,true],"1536x1536":["https:\/\/truelangtest.ilovehandbags.com\/wp-content\/uploads\/sites\/3\/Photoroom_000_20250203_102819-scaled.jpg",1152,1536,false],"2048x2048":["https:\/\/truelangtest.ilovehandbags.com\/wp-content\/uploads\/sites\/3\/Photoroom_000_20250203_102819-scaled.jpg",1536,2048,false],"woocommerce_thumbnail":["https:\/\/truelangtest.ilovehandbags.com\/wp-content\/uploads\/sites\/3\/Photoroom_000_20250203_102819-scaled-500x500.jpg",500,500,true],"woocommerce_single":["https:\/\/truelangtest.ilovehandbags.com\/wp-content\/uploads\/sites\/3\/Photoroom_000_20250203_102819-scaled-500x500.jpg",500,500,true],"woocommerce_gallery_thumbnail":["https:\/\/truelangtest.ilovehandbags.com\/wp-content\/uploads\/sites\/3\/Photoroom_000_20250203_102819-scaled-100x100.jpg",100,100,true]},"uagb_author_info":{"display_name":"ILoveHandbags","author_link":"https:\/\/truelangtest.ilovehandbags.com\/de\/author\/"},"uagb_comment_info":0,"uagb_excerpt":"Entdecke die filigrane Schulterkette von I Love Handbags \u2013 ein elegantes Upgrade f\u00fcr deine Lieblings-Handtaschen! Mit ihrem zarten Design und den hochwertigen Karabinerverschl\u00fcssen l\u00e4sst sich die Kette vielseitig einsetzen und verleiht jeder Tasche einen luxuri\u00f6sen Touch. Sie liegt angenehm auf der Schulter und ist kompatibel mit Modellen wie der Louis Vuitton F\u00e9licie, der Pochette Accessoires,&hellip;","_links":{"self":[{"href":"https:\/\/truelangtest.ilovehandbags.com\/de\/wp-json\/wp\/v2\/product\/26486","targetHints":{"allow":["GET"]}}],"collection":[{"href":"https:\/\/truelangtest.ilovehandbags.com\/de\/wp-json\/wp\/v2\/product"}],"about":[{"href":"https:\/\/truelangtest.ilovehandbags.com\/de\/wp-json\/wp\/v2\/types\/product"}],"wp:featuredmedia":[{"embeddable":true,"href":"https:\/\/truelangtest.ilovehandbags.com\/de\/wp-json\/wp\/v2\/media\/53658"}],"wp:attachment":[{"href":"https:\/\/truelangtest.ilovehandbags.com\/de\/wp-json\/wp\/v2\/media?parent=26486"}],"wp:term":[{"taxonomy":"product_brand","embeddable":true,"href":"https:\/\/truelangtest.ilovehandbags.com\/de\/wp-json\/wp\/v2\/product_brand?post=26486"},{"taxonomy":"product_cat","embeddable":true,"href":"https:\/\/truelangtest.ilovehandbags.com\/de\/wp-json\/wp\/v2\/product_cat?post=26486"},{"taxonomy":"product_tag","embeddable":true,"href":"https:\/\/truelangtest.ilovehandbags.com\/de\/wp-json\/wp\/v2\/product_tag?post=26486"}],"curies":[{"name":"wp","href":"https:\/\/api.w.org\/{rel}","templated":true}]}}