{"id":42754,"date":"2026-03-03T09:17:44","date_gmt":"2026-03-03T08:17:44","guid":{"rendered":"https:\/\/ilovehandbags.com\/?post_type=product&#038;p=42754"},"modified":"2026-03-05T12:01:03","modified_gmt":"2026-03-05T11:01:03","slug":"louis-vuitton-zippy-epi-0489","status":"publish","type":"product","link":"https:\/\/truelangtest.ilovehandbags.com\/de\/louis-vuitton-zippy-epi-0489\/","title":{"rendered":"Louis Vuitton Zippy Epi Rose Nacre"},"content":{"rendered":"","protected":false},"excerpt":{"rendered":"<p data-start=\"0\" data-end=\"534\">Entdecke die zeitlose Eleganz der <span class=\"hover:entity-accent entity-underline inline cursor-pointer align-baseline\"><span class=\"whitespace-normal\">Louis Vuitton<\/span><\/span> Zippy Geldb\u00f6rse aus hochwertigem Epi-Leder in der edlen Farbnuance Rose Nacre. Der zarte Ros\u00e9ton mit seinem subtilen Schimmer verleiht diesem ikonischen Modell eine besonders feminine und zugleich moderne Ausstrahlung. Das charakteristische Epi-Leder mit seiner feinen, strukturierten Oberfl\u00e4che ist nicht nur ein Markenzeichen von Louis Vuitton, sondern auch f\u00fcr seine Langlebigkeit und Widerstandsf\u00e4higkeit bekannt \u2013 ideal f\u00fcr den t\u00e4glichen Gebrauch. Das Zippy z\u00e4hlt zu den beliebtesten und funktionalsten Geldb\u00f6rsen des Hauses Louis Vuitton. Der umlaufende Rei\u00dfverschluss sorgt daf\u00fcr, dass alle Wertsachen sicher aufbewahrt sind, w\u00e4hrend das durchdachte Innenleben maximale \u00dcbersicht bietet. Mehrere Kartenf\u00e4cher, gro\u00dfz\u00fcgige F\u00e4cher f\u00fcr Geldscheine sowie ein praktisches M\u00fcnzfach erm\u00f6glichen eine organisierte Aufbewahrung von Karten, Bargeld und Belegen. Dank ihres eleganten Designs l\u00e4sst sich die Zippy Geldb\u00f6rse nicht nur klassisch in der Handtasche tragen, sondern auch stilvoll als kompakte Clutch nutzen. Die Kombination aus hochwertigem Material, zeitlosem Design und praktischer Funktionalit\u00e4t macht dieses Modell zu einem langlebigen Luxusaccessoire, das jedes Outfit m\u00fchelos erg\u00e4nzt.<\/p>\n","protected":false},"featured_media":73667,"template":"","meta":{"_uag_custom_page_level_css":"","site-sidebar-layout":"default","site-content-layout":"default","ast-site-content-layout":"default","site-content-style":"default","site-sidebar-style":"default","ast-global-header-display":"","ast-banner-title-visibility":"","ast-main-header-display":"","ast-hfb-above-header-display":"","ast-hfb-below-header-display":"","ast-hfb-mobile-header-display":"","site-post-title":"","ast-breadcrumbs-content":"","ast-featured-img":"","footer-sml-layout":"","ast-disable-related-posts":"","theme-transparent-header-meta":"default","adv-header-id-meta":"","stick-header-meta":"default","header-above-stick-meta":"","header-main-stick-meta":"","header-below-stick-meta":"","astra-migrate-meta-layouts":"set","ast-page-background-enabled":"default","ast-page-background-meta":{"desktop":{"background-color":"var(--ast-global-color-4)","background-image":"","background-repeat":"repeat","background-position":"center center","background-size":"auto","background-attachment":"scroll","background-type":"","background-media":"","overlay-type":"","overlay-color":"","overlay-opacity":"","overlay-gradient":""},"tablet":{"background-color":"","background-image":"","background-repeat":"repeat","background-position":"center center","background-size":"auto","background-attachment":"scroll","background-type":"","background-media":"","overlay-type":"","overlay-color":"","overlay-opacity":"","overlay-gradient":""},"mobile":{"background-color":"","background-image":"","background-repeat":"repeat","background-position":"center center","background-size":"auto","background-attachment":"scroll","background-type":"","background-media":"","overlay-type":"","overlay-color":"","overlay-opacity":"","overlay-gradient":""}},"ast-content-background-meta":{"desktop":{"background-color":"var(--ast-global-color-5)","background-image":"","background-repeat":"repeat","background-position":"center center","background-size":"auto","background-attachment":"scroll","background-type":"","background-media":"","overlay-type":"","overlay-color":"","overlay-opacity":"","overlay-gradient":""},"tablet":{"background-color":"var(--ast-global-color-5)","background-image":"","background-repeat":"repeat","background-position":"center center","background-size":"auto","background-attachment":"scroll","background-type":"","background-media":"","overlay-type":"","overlay-color":"","overlay-opacity":"","overlay-gradient":""},"mobile":{"background-color":"var(--ast-global-color-5)","background-image":"","background-repeat":"repeat","background-position":"center center","background-size":"auto","background-attachment":"scroll","background-type":"","background-media":"","overlay-type":"","overlay-color":"","overlay-opacity":"","overlay-gradient":""}},"_glsr_average":0,"_glsr_ranking":0,"_glsr_reviews":0},"product_brand":[1584],"product_cat":[191,237,239,516],"product_tag":[214,313,1137,356],"class_list":{"0":"post-42754","1":"product","2":"type-product","3":"status-publish","4":"has-post-thumbnail","6":"product_brand-louis-vuitton","7":"product_cat-geldboersen","8":"product_cat-kleinlederwaren","9":"product_cat-louis-vuitton","10":"product_cat-neu-im-shop","11":"product_tag-louis-vuitton","12":"product_tag-louis-vuitton-geldboerse","13":"product_tag-louis-vuitton-rose-nacre","14":"product_tag-louis-vuitton-zippy","15":"desktop-align-left","16":"tablet-align-left","17":"mobile-align-left","18":"ast-product-gallery-layout-first-image-large","19":"ast-magnify-disabled","20":"ast-product-tabs-layout-accordion","22":"first","23":"instock","24":"sold-individually","25":"taxable","26":"shipping-taxable","27":"purchasable","28":"product-type-simple"},"spectra_custom_meta":{"_sku":["P4-0489"],"_regular_price":["470"],"total_sales":["0"],"_tax_status":["taxable"],"_tax_class":[""],"_manage_stock":["yes"],"_backorders":["no"],"_sold_individually":["yes"],"_virtual":["no"],"_downloadable":["no"],"_product_image_gallery":["73675,73670,73674,73666,73668,73673,73669,73672,73671"],"_download_limit":["-1"],"_download_expiry":["-1"],"_thumbnail_id":["73667"],"_stock":["1"],"_stock_status":["instock"],"_wc_average_rating":[0],"_wc_review_count":["0"],"_product_attributes":["a:2:{s:8:\"pa_color\";a:7:{s:4:\"name\";s:8:\"pa_color\";s:5:\"value\";s:0:\"\";s:8:\"position\";i:0;s:10:\"is_visible\";i:0;s:12:\"is_variation\";i:1;s:11:\"is_taxonomy\";i:1;s:16:\"checkout_visible\";i:0;}s:9:\"pa_gender\";a:7:{s:4:\"name\";s:9:\"pa_gender\";s:5:\"value\";s:0:\"\";s:8:\"position\";i:1;s:10:\"is_visible\";i:0;s:12:\"is_variation\";i:1;s:11:\"is_taxonomy\";i:1;s:16:\"checkout_visible\";i:0;}}"],"_product_version":["10.5.3"],"_price":["470"],"_wpml_media_featured":["1","1","1","1","1","1","1","1","1","1","1","1","1"],"_wpml_media_duplicate":["1","1","1","1","1","1","1","1","1","1","1","1","1"],"_wpml_word_count":["228"],"_wpml_location_migration_done":["1"],"_fusion":["a:3:{s:17:\"slider_visibility\";s:51:\"small-visibility,medium-visibility,large-visibility\";s:11:\"slider_type\";s:2:\"no\";s:9:\"wooslider\";s:1:\"0\";}"],"rank_math_seo_score":["83"],"rank_math_focus_keyword":["Louis Vuitton"],"_purchase_price_field":["239"],"_internal_warehouse_number_field":["P4-0489"],"_gdrive_field":["https:\/\/drivehttps:\/\/drive.google.com\/drive\/u\/0\/folders\/1m1p4qO1RiwdgUj2PQBiB-Dj2kpXV-Trd.google.com\/drive\/u\/2\/folders\/16yeig364iS9HBX2DsofF35tN3VyQq9oV"],"_unit":[""],"_unit_base":[""],"_unit_product":[""],"_unit_price_auto":["no"],"_unit_price_regular":[""],"_unit_price":[""],"_unit_price_sale":[""],"_sale_price_label":[""],"_sale_price_regular_label":[""],"_mini_desc":["Louis Vuitton Zippy Epi Rose Nacre"],"_defect_description":[""],"_allergen_ids":["a:0:{}"],"_warranty_attachment_id":[""],"_min_age":[""],"_ts_gtin":[""],"_ts_mpn":[""],"_delivery_time_countries":["a:0:{}"],"_free_shipping":["no"],"_service":["no"],"_photovoltaic_system":["no"],"_used_good":["yes"],"_defective_copy":["no"],"_is_food":["no"],"_differential_taxation":["no"],"_gzd_version":["3.20.7"],"_hs_code":[""],"_manufacture_country":[""],"_rank_math_gtin_code":[""],"_fusion_google_fonts":[""],"fusion_builder_status":["active"],"rank_math_primary_product_cat":["0"],"_wcml_custom_prices_status":["0"],"avada_post_views_count":["51"],"avada_today_post_views_count":["2"],"avada_post_views_count_today_date":["13-04-2023"],"yikes_woo_products_tabs":["a:2:{i:0;a:3:{s:5:\"title\";s:21:\"Weitere Informationen\";s:2:\"id\";s:21:\"weitere-informationen\";s:7:\"content\";s:310:\"<strong>Material au\u00dfen: <\/strong>Schimmerndes Epi Leder im Farbton Rose Nacre\r\n<strong>Material innen: <\/strong>Schimmerndes Rindsleder\r\n<strong>Ma\u00dfe: <\/strong>19,5 x 10,5 x 2,5 cm\r\n<strong>Date Code \/ Herstellungsjahr: <\/strong>CA2195 \/ 2015\r\n<strong>Lieferumfang:<\/strong> Louis Vuitton Box und Staubbeutel\";}i:1;a:3:{s:5:\"title\";s:7:\"Zustand\";s:2:\"id\";s:7:\"zustand\";s:7:\"content\";s:411:\"<strong>Gesamtzustand: <\/strong>Sehr gut\r\n<strong>Leder: <\/strong>Intakt mit nur minimalen Gebrauchsspuren\r\n<b>Ecken:<\/b> Vereinzelt minimaler Abrieb\r\n<strong>Rei\u00dfverschl\u00fcsse:<\/strong> Schlie\u00dfen gut, mit minimalen Gebrauchsspuren an der Hardware, der \u00e4u\u00dfere Rei\u00dfverschluss ist an den oberen Ecken manchmal etwas schwerg\u00e4ngig, schlie\u00dft jedoch ohne Problem\r\n<strong>Innenraum: <\/strong>Sauber und gepflegt\";}}"],"_deposit_type":[""],"_nutrient_ids":["a:0:{}"],"_nutrient_reference_value":["100g"],"_ingredients":[""],"_nutri_score":[""],"_alcohol_content":[""],"_drained_weight":[""],"_net_filling_quantity":[""],"_food_distributor":[""],"_food_description":[""],"_food_place_of_origin":[""],"_deposit_quantity":[""],"site-sidebar-layout":["default"],"site-content-layout":["default"],"theme-transparent-header-meta":["default"],"stick-header-meta":["default"],"rank_math_auto_redirect":["a:2:{i:0;i:7;i:1;i:147;}"],"_pys_conversion_label_settings":["a:3:{s:6:\"enable\";b:0;s:5:\"label\";s:0:\"\";s:2:\"id\";s:14:\"AW-11184563350\";}"],"_pys_super_pack_cpt_url":[""],"_pys_super_pack_cpt_condition":["only"],"_pys_super_pack_cpt_cart":["hidden"],"_woosea_brand":[""],"_woosea_mpn":[""],"_woosea_upc":[""],"_woosea_ean":[""],"_woosea_gtin":[""],"_woosea_color":[""],"_woosea_size":[""],"_woosea_gender":[""],"_woosea_material":[""],"_woosea_pattern":[""],"_woosea_optimized_title":[""],"_woosea_unit_pricing_measure":[""],"_woosea_unit_pricing_base_measure":[""],"_woosea_condition":[""],"_woosea_age_group":["adult"],"_woosea_installment_months":[""],"_woosea_installment_amount":[""],"_woosea_exclude_product":["no"],"_woosea_cost_of_good_sold":[""],"_woosea_multipack":[""],"_woosea_is_bundle":[""],"_woosea_energy_efficiency_class":[""],"_woosea_min_energy_efficiency_class":[""],"_woosea_max_energy_efficiency_class":[""],"_woosea_is_promotion":[""],"_woosea_custom_field_0":[""],"_woosea_custom_field_1":[""],"_woosea_custom_field_2":[""],"_woosea_custom_field_3":[""],"_woosea_custom_field_4":[""],"_pys_head_footer":["a:7:{s:14:\"disable_global\";b:0;s:8:\"head_any\";s:0:\"\";s:12:\"head_desktop\";s:0:\"\";s:11:\"head_mobile\";s:0:\"\";s:10:\"footer_any\";s:0:\"\";s:14:\"footer_desktop\";s:0:\"\";s:13:\"footer_mobile\";s:0:\"\";}"],"_customs_description":[""],"_is_non_returnable":["no"],"litespeed_vpi_list_mobile":["a:2:{i:0;s:8:\"logo.png\";i:1;s:62:\"Louis-Vuitton-Zippy-Epi-rosa-vorn-2023-0207-scaled-500x500.jpg\";}"],"litespeed_vpi_list":["a:3:{i:0;s:8:\"logo.png\";i:1;s:6:\"de.png\";i:2;s:62:\"Louis-Vuitton-Zippy-Epi-rosa-vorn-2023-0207-scaled-500x500.jpg\";}"],"_rank_math_video":["true"],"rank_math_robots":["a:1:{i:0;s:5:\"index\";}"],"_wpml_media_has_media":["1"],"_wpml_post_translation_editor_native":["no"],"_edit_lock":["1772712885:4"],"_edit_last":["4"],"_internal_date_code":["CA2195"],"_internal_product_origin":["Spanien"],"_product_rating":["A"],"_not_in_inventory_checkbox":[""],"_shipping_length":[""],"_shipping_width":[""],"_shipping_height":[""],"_custom_html_content":[""],"ast-site-content-layout":["default"],"site-content-style":["default"],"site-sidebar-style":["default"],"_customer_view":["14"],"_custom_view_last_updated":["2026-04-25 18:26:06"],"_izettle_image_lookup_key":["3kyncy1cEe-udXp3qLWasA-NKDujEbCEfC-t533YXAPeQ"],"woocommerce_izettle_product_uuid":["c5f0495e-63cf-11ef-a302-353536383939"],"woocommerce_izettle_variant_uuid":["31f02f5a-2d6d-11ef-b567-353536383939"],"_izettle_updated":["1755929125"],"_izettle_barcode":["0000000427548"],"_izettle_product_etag":["35F905E6BBE522CE6995A6641E56E15D"],"_product_shipping_weight":["1kg"],"_product_available_from_field":["2026-03-06T19:00"],"_manufacturer_slug":["lvmh-moet-hennessy-louis-vuitton-se"],"_safety_instructions":[""],"_safety_attachment_ids":["a:0:{}"],"_izettle_nosync":[""],"_izettle_cost_price":[""],"_izettle_special_price":[""],"_izettle_product_name":[""],"_zettle_product_cat_id":[""],"_nickx_video_text_url":["a:1:{i:0;s:0:\"\";}"],"_nickx_product_video_type":["a:1:{i:0;s:23:\"nickx_video_url_youtube\";}"],"_nickx_product_video_thumb_ids":["a:1:{i:0;s:0:\"\";}"],"_product_reserve_till_field":[""],"_wireless_electronic_device":["no"],"_device_contains_power_supply":["no"],"_device_charging_supports_usb_pd":["no"],"_device_charging_watt_min":["0"],"_device_charging_watt_max":["0"],"rank_math_primary_product_brand":["1584"],"copied_media_ids":["a:0:{}"],"referenced_media_ids":["a:10:{i:0;i:73667;i:1;i:73675;i:2;i:73670;i:3;i:73674;i:4;i:73666;i:5;i:73668;i:6;i:73673;i:7;i:73669;i:8;i:73672;i:9;i:73671;}"],"sib_push_meta_box_present":["1"],"sib_push_send_notification":["0"],"sib_push_send_notification_delay_seconds":["0"],"sib_push_target_segment_ids":["@ALL"],"_is_non_alcoholic":["no"],"_mid_code":[""],"_ship_separately_via":[""],"_shipping_weight":[""],"_ame_cpe_post_policy":["{\"accessProtection\":{\"active\":\"replace\"}}"],"_entrupy_echtheitszertifikat":["yes"],"rank_math_analytic_object_id":["1610"],"_wp_old_slug":["louis-vuitton-zippy-epi-rose-nacre-geldboerse"],"rank_math_internal_links_processed":["1"],"_wp_old_date":["2024-06-07"],"similar_product_key":["1772708385"],"_wcml_average_rating":[null],"_wcml_review_count":[null],"_wcml_rating_count":[null],"astra-migrate-meta-layouts":["set"],"_uag_page_assets":["a:9:{s:3:\"css\";s:0:\"\";s:2:\"js\";s:0:\"\";s:18:\"current_block_list\";a:6:{i:0;s:26:\"woocommerce\/filter-wrapper\";i:1;s:24:\"woocommerce\/price-filter\";i:2;s:30:\"woocommerce\/product-categories\";i:3;s:14:\"core\/paragraph\";i:4;s:14:\"core\/shortcode\";i:5;s:11:\"core\/search\";}s:8:\"uag_flag\";b:0;s:11:\"uag_version\";s:10:\"1777326279\";s:6:\"gfonts\";a:0:{}s:10:\"gfonts_url\";s:0:\"\";s:12:\"gfonts_files\";a:0:{}s:14:\"uag_faq_layout\";b:0;}"],"_wc_rating_count":[""]},"uagb_featured_image_src":{"full":["https:\/\/truelangtest.ilovehandbags.com\/wp-content\/uploads\/sites\/3\/Louis-Vuitton-Zippy-0489-09.jpg",2048,1536,false],"thumbnail":["https:\/\/truelangtest.ilovehandbags.com\/wp-content\/uploads\/sites\/3\/Louis-Vuitton-Zippy-0489-09-150x150.jpg",150,150,true],"medium":["https:\/\/truelangtest.ilovehandbags.com\/wp-content\/uploads\/sites\/3\/Louis-Vuitton-Zippy-0489-09-300x300.jpg",300,300,true],"medium_large":["https:\/\/truelangtest.ilovehandbags.com\/wp-content\/uploads\/sites\/3\/Louis-Vuitton-Zippy-0489-09-768x768.jpg",768,768,true],"large":["https:\/\/truelangtest.ilovehandbags.com\/wp-content\/uploads\/sites\/3\/Louis-Vuitton-Zippy-0489-09-1024x1024.jpg",1024,1024,true],"1536x1536":["https:\/\/truelangtest.ilovehandbags.com\/wp-content\/uploads\/sites\/3\/Louis-Vuitton-Zippy-0489-09.jpg",1536,1152,false],"2048x2048":["https:\/\/truelangtest.ilovehandbags.com\/wp-content\/uploads\/sites\/3\/Louis-Vuitton-Zippy-0489-09.jpg",2048,1536,false],"woocommerce_thumbnail":["https:\/\/truelangtest.ilovehandbags.com\/wp-content\/uploads\/sites\/3\/Louis-Vuitton-Zippy-0489-09-500x500.jpg",500,500,true],"woocommerce_single":["https:\/\/truelangtest.ilovehandbags.com\/wp-content\/uploads\/sites\/3\/Louis-Vuitton-Zippy-0489-09-500x500.jpg",500,500,true],"woocommerce_gallery_thumbnail":["https:\/\/truelangtest.ilovehandbags.com\/wp-content\/uploads\/sites\/3\/Louis-Vuitton-Zippy-0489-09-100x100.jpg",100,100,true]},"uagb_author_info":{"display_name":"ILoveHandbags","author_link":"https:\/\/truelangtest.ilovehandbags.com\/de\/author\/"},"uagb_comment_info":0,"uagb_excerpt":"Entdecke die zeitlose Eleganz der Louis Vuitton Zippy Geldb\u00f6rse aus hochwertigem Epi-Leder in der edlen Farbnuance Rose Nacre. Der zarte Ros\u00e9ton mit seinem subtilen Schimmer verleiht diesem ikonischen Modell eine besonders feminine und zugleich moderne Ausstrahlung. Das charakteristische Epi-Leder mit seiner feinen, strukturierten Oberfl\u00e4che ist nicht nur ein Markenzeichen von Louis Vuitton, sondern auch f\u00fcr&hellip;","_links":{"self":[{"href":"https:\/\/truelangtest.ilovehandbags.com\/de\/wp-json\/wp\/v2\/product\/42754","targetHints":{"allow":["GET"]}}],"collection":[{"href":"https:\/\/truelangtest.ilovehandbags.com\/de\/wp-json\/wp\/v2\/product"}],"about":[{"href":"https:\/\/truelangtest.ilovehandbags.com\/de\/wp-json\/wp\/v2\/types\/product"}],"wp:featuredmedia":[{"embeddable":true,"href":"https:\/\/truelangtest.ilovehandbags.com\/de\/wp-json\/wp\/v2\/media\/73667"}],"wp:attachment":[{"href":"https:\/\/truelangtest.ilovehandbags.com\/de\/wp-json\/wp\/v2\/media?parent=42754"}],"wp:term":[{"taxonomy":"product_brand","embeddable":true,"href":"https:\/\/truelangtest.ilovehandbags.com\/de\/wp-json\/wp\/v2\/product_brand?post=42754"},{"taxonomy":"product_cat","embeddable":true,"href":"https:\/\/truelangtest.ilovehandbags.com\/de\/wp-json\/wp\/v2\/product_cat?post=42754"},{"taxonomy":"product_tag","embeddable":true,"href":"https:\/\/truelangtest.ilovehandbags.com\/de\/wp-json\/wp\/v2\/product_tag?post=42754"}],"curies":[{"name":"wp","href":"https:\/\/api.w.org\/{rel}","templated":true}]}}