{"id":45612,"date":"2024-09-13T10:00:48","date_gmt":"2024-09-13T08:00:48","guid":{"rendered":"https:\/\/ilovehandbags.com\/?post_type=product&#038;p=45612"},"modified":"2025-10-14T19:47:35","modified_gmt":"2025-10-14T17:47:35","slug":"louis-vuitton-artsy-mm-empreinte-schwarz","status":"publish","type":"product","link":"https:\/\/truelangtest.ilovehandbags.com\/de\/louis-vuitton-artsy-mm-empreinte-schwarz\/","title":{"rendered":"Louis Vuitton Artsy MM Empreinte Schwarz"},"content":{"rendered":"","protected":false},"excerpt":{"rendered":"<p>Die Louis Vuitton Artsy in Empreinte Leder ist ein luxuri\u00f6ser Begleiter, der stilvolle Eleganz und raffinierte Handwerkskunst perfekt miteinander vereint. Dieses au\u00dfergew\u00f6hnliche Modell, gefertigt aus edlen schwarzen Empreinte Leder besticht durch ihre geschwungene Silhouette und den handgefertigten Ledergriff, der f\u00fcr einen komfortablen Tragekomfort sorgt und dem Design einen Hauch von Bohemian-Chic verleiht. Im Inneren bietet die Tasche ein ger\u00e4umiges Hauptfach, das mit weichem Textilfutter ausgekleidet ist und durch zahlreiche Innenf\u00e4cher f\u00fcr Ordnung sorgt. Ob Geldb\u00f6rse, Kosmetiktasche oder Schl\u00fcssel \u2013 die Artsy hat ausreichend Platz f\u00fcr all deine Essentials. Ein besonderer Akzent ist der charmante, abnehmbare Schl\u00fcsselanh\u00e4nger aus Metall, der als stilvolles Accessoire oder als n\u00fctzlicher Helfer im Alltag dient. Die Louis Vuitton Artsy in Empreinte Leder ist nicht nur ein modisches Statement, sondern auch ein zeitloses St\u00fcck, das durch seine erstklassige Verarbeitung und die hochwertigen Materialien \u00fcber Jahre hinweg Freude bereitet. Ob im Alltag oder zu besonderen Anl\u00e4ssen \u2013 diese Tasche ist ein unverzichtbarer Begleiter f\u00fcr jede stilbewusste Frau.<\/p>\n","protected":false},"featured_media":45646,"template":"","meta":{"_uag_custom_page_level_css":"","site-sidebar-layout":"default","site-content-layout":"default","ast-site-content-layout":"default","site-content-style":"default","site-sidebar-style":"default","ast-global-header-display":"","ast-banner-title-visibility":"","ast-main-header-display":"","ast-hfb-above-header-display":"","ast-hfb-below-header-display":"","ast-hfb-mobile-header-display":"","site-post-title":"","ast-breadcrumbs-content":"","ast-featured-img":"","footer-sml-layout":"","ast-disable-related-posts":"","theme-transparent-header-meta":"default","adv-header-id-meta":"","stick-header-meta":"default","header-above-stick-meta":"","header-main-stick-meta":"","header-below-stick-meta":"","astra-migrate-meta-layouts":"set","ast-page-background-enabled":"default","ast-page-background-meta":{"desktop":{"background-color":"var(--ast-global-color-4)","background-image":"","background-repeat":"repeat","background-position":"center center","background-size":"auto","background-attachment":"scroll","background-type":"","background-media":"","overlay-type":"","overlay-color":"","overlay-opacity":"","overlay-gradient":""},"tablet":{"background-color":"","background-image":"","background-repeat":"repeat","background-position":"center center","background-size":"auto","background-attachment":"scroll","background-type":"","background-media":"","overlay-type":"","overlay-color":"","overlay-opacity":"","overlay-gradient":""},"mobile":{"background-color":"","background-image":"","background-repeat":"repeat","background-position":"center center","background-size":"auto","background-attachment":"scroll","background-type":"","background-media":"","overlay-type":"","overlay-color":"","overlay-opacity":"","overlay-gradient":""}},"ast-content-background-meta":{"desktop":{"background-color":"var(--ast-global-color-5)","background-image":"","background-repeat":"repeat","background-position":"center center","background-size":"auto","background-attachment":"scroll","background-type":"","background-media":"","overlay-type":"","overlay-color":"","overlay-opacity":"","overlay-gradient":""},"tablet":{"background-color":"var(--ast-global-color-5)","background-image":"","background-repeat":"repeat","background-position":"center center","background-size":"auto","background-attachment":"scroll","background-type":"","background-media":"","overlay-type":"","overlay-color":"","overlay-opacity":"","overlay-gradient":""},"mobile":{"background-color":"var(--ast-global-color-5)","background-image":"","background-repeat":"repeat","background-position":"center center","background-size":"auto","background-attachment":"scroll","background-type":"","background-media":"","overlay-type":"","overlay-color":"","overlay-opacity":"","overlay-gradient":""}},"_glsr_average":0,"_glsr_ranking":0,"_glsr_reviews":0},"product_brand":[],"product_cat":[208,239,205,204,449],"product_tag":[214,1187],"class_list":{"0":"post-45612","1":"product","2":"type-product","3":"status-publish","4":"has-post-thumbnail","6":"product_cat-handtaschen","7":"product_cat-louis-vuitton","8":"product_cat-tragetaschen","9":"product_cat-umhaengetaschen","10":"product_cat-bald-wieder-da","11":"product_tag-louis-vuitton","12":"product_tag-louis-vuitton-artsy","13":"desktop-align-left","14":"tablet-align-left","15":"mobile-align-left","16":"ast-product-gallery-layout-first-image-large","17":"ast-magnify-disabled","18":"ast-product-tabs-layout-accordion","20":"first","21":"outofstock","22":"sold-individually","23":"purchasable","24":"product-type-simple"},"spectra_custom_meta":{"_sku":["P4-0539"],"_regular_price":["2400"],"total_sales":["1"],"_tax_status":["none"],"_tax_class":[""],"_manage_stock":["yes"],"_backorders":["no"],"_sold_individually":["yes"],"_virtual":["no"],"_downloadable":["no"],"_product_image_gallery":["45650,45648,45646,45642,45644,45640,45638,45614,45616,45636,45634,45630,45628,45624,45626,45622,45620,45632,45618"],"_download_limit":["-1"],"_download_expiry":["-1"],"_thumbnail_id":["45646"],"_stock":["0"],"_stock_status":["outofstock"],"_wc_average_rating":[0],"_wc_review_count":["0"],"_product_attributes":["a:3:{s:8:\"pa_brand\";a:7:{s:4:\"name\";s:8:\"pa_brand\";s:5:\"value\";s:0:\"\";s:8:\"position\";i:1;s:10:\"is_visible\";i:0;s:12:\"is_variation\";i:1;s:11:\"is_taxonomy\";i:1;s:16:\"checkout_visible\";i:0;}s:8:\"pa_color\";a:7:{s:4:\"name\";s:8:\"pa_color\";s:5:\"value\";s:0:\"\";s:8:\"position\";i:2;s:10:\"is_visible\";i:0;s:12:\"is_variation\";i:1;s:11:\"is_taxonomy\";i:1;s:16:\"checkout_visible\";i:0;}s:9:\"pa_gender\";a:7:{s:4:\"name\";s:9:\"pa_gender\";s:5:\"value\";s:0:\"\";s:8:\"position\";i:3;s:10:\"is_visible\";i:0;s:12:\"is_variation\";i:1;s:11:\"is_taxonomy\";i:1;s:16:\"checkout_visible\";i:0;}}"],"_product_version":["10.2.2"],"_price":["2400"],"_wpml_media_featured":["1","1","1","1","1","1","1"],"_wpml_media_duplicate":["1","1","1","1","1","1","1"],"_wpml_word_count":["214"],"_wpml_location_migration_done":["1"],"_fusion":["a:3:{s:17:\"slider_visibility\";s:51:\"small-visibility,medium-visibility,large-visibility\";s:11:\"slider_type\";s:2:\"no\";s:9:\"wooslider\";s:1:\"0\";}"],"rank_math_seo_score":["78"],"rank_math_focus_keyword":["louis vuitton artsy"],"_purchase_price_field":["1650"],"_internal_warehouse_number_field":["2024-0539"],"_gdrive_field":["https:\/\/drive.google.com\/drive\/u\/1\/folders\/1vs4z7UvprN9-d7dvAlCdVN4WTxvELuaU"],"_unit":[""],"_unit_base":[""],"_unit_product":[""],"_unit_price_auto":["no"],"_unit_price_regular":[""],"_unit_price":[""],"_unit_price_sale":[""],"_sale_price_label":[""],"_sale_price_regular_label":[""],"_mini_desc":["Louis Vuitton Artsy MM Empreinte Schwarz"],"_defect_description":[""],"_allergen_ids":["a:0:{}"],"_warranty_attachment_id":[""],"_min_age":[""],"_ts_gtin":[""],"_ts_mpn":[""],"_delivery_time_countries":["a:0:{}"],"_free_shipping":["no"],"_service":["no"],"_photovoltaic_system":["no"],"_used_good":["yes"],"_defective_copy":["no"],"_is_food":["no"],"_differential_taxation":["yes"],"_gzd_version":["3.20.2"],"_hs_code":[""],"_manufacture_country":["0"],"_rank_math_gtin_code":[""],"_fusion_google_fonts":[""],"fusion_builder_status":["active"],"rank_math_primary_product_cat":["0"],"_wcml_custom_prices_status":["1"],"avada_post_views_count":["22"],"avada_today_post_views_count":["5"],"avada_post_views_count_today_date":["10-04-2023"],"_sale_price_dates_to_USD":[""],"_sale_price_dates_from_USD":[""],"_sale_price_USD":[""],"_regular_price_USD":[""],"_wcml_schedule_USD":["0"],"_deposit_type":[""],"_nutrient_ids":["a:0:{}"],"_nutrient_reference_value":["100g"],"_ingredients":[""],"_nutri_score":[""],"_alcohol_content":[""],"_drained_weight":[""],"_net_filling_quantity":[""],"_food_distributor":[""],"_food_description":[""],"_food_place_of_origin":[""],"_deposit_quantity":[""],"yikes_woo_products_tabs":["a:2:{i:0;a:3:{s:5:\"title\";s:21:\"Weitere Informationen\";s:2:\"id\";s:21:\"weitere-informationen\";s:7:\"content\";s:253:\"<strong>Material au\u00dfen:<\/strong> Schwarzes Empreinte Leder\r\n<strong>Material innen:<\/strong> schwarzer Textilstoff\r\n<strong>Ma\u00dfe:<\/strong> 42 x 32 x 20 cm\r\n<strong>Date Code: <\/strong>RFID Chip\r\n<strong>Lieferumfang: <\/strong>Louis Vuitton Staubbeutel\";}i:1;a:3:{s:5:\"title\";s:7:\"Zustand\";s:2:\"id\";s:7:\"zustand\";s:7:\"content\";s:259:\"<strong>Gesamtzustand: <\/strong>sehr gut\r\n<strong>Leder: <\/strong>intakt, mit minimalen Gebrauchsspuren\r\n<strong>Einfassung:\u00a0<\/strong>intakt\r\n<strong>Hardware:\u00a0<\/strong>leichte Gebrauchsspuren\r\n<strong>Innenraum: <\/strong>sauber mit leichten Gebrauchsspuren\";}}"],"site-sidebar-layout":["default"],"site-content-layout":["default"],"theme-transparent-header-meta":["default"],"stick-header-meta":["default"],"_pys_conversion_label_settings":["a:3:{s:6:\"enable\";b:0;s:5:\"label\";s:0:\"\";s:2:\"id\";s:14:\"AW-11184563350\";}"],"_pys_super_pack_cpt_url":[""],"_pys_super_pack_cpt_condition":["only"],"_pys_super_pack_cpt_cart":["hidden"],"_woosea_brand":[""],"_woosea_mpn":[""],"_woosea_upc":[""],"_woosea_ean":[""],"_woosea_gtin":[""],"_woosea_color":[""],"_woosea_size":[""],"_woosea_gender":[""],"_woosea_material":[""],"_woosea_pattern":[""],"_woosea_optimized_title":[""],"_woosea_unit_pricing_measure":[""],"_woosea_unit_pricing_base_measure":[""],"_woosea_condition":[""],"_woosea_age_group":["adult"],"_woosea_installment_months":[""],"_woosea_installment_amount":[""],"_woosea_exclude_product":["no"],"_woosea_cost_of_good_sold":[""],"_woosea_multipack":[""],"_woosea_is_bundle":[""],"_woosea_energy_efficiency_class":[""],"_woosea_min_energy_efficiency_class":[""],"_woosea_max_energy_efficiency_class":[""],"_woosea_is_promotion":[""],"_woosea_custom_field_0":[""],"_woosea_custom_field_1":[""],"_woosea_custom_field_2":[""],"_woosea_custom_field_3":[""],"_woosea_custom_field_4":[""],"_pys_head_footer":["a:7:{s:14:\"disable_global\";b:0;s:8:\"head_any\";s:0:\"\";s:12:\"head_desktop\";s:0:\"\";s:11:\"head_mobile\";s:0:\"\";s:10:\"footer_any\";s:0:\"\";s:14:\"footer_desktop\";s:0:\"\";s:13:\"footer_mobile\";s:0:\"\";}"],"_customs_description":[""],"_is_non_returnable":["no"],"litespeed_vpi_list_mobile":["a:2:{i:0;s:8:\"logo.png\";i:1;s:67:\"Louis-Vuitton-Neverfull-Roses-komplett-2023-0079-scaled-500x500.jpg\";}"],"litespeed_vpi_list":["a:3:{i:0;s:8:\"logo.png\";i:1;s:6:\"de.png\";i:2;s:67:\"Louis-Vuitton-Neverfull-Roses-komplett-2023-0079-scaled-500x500.jpg\";}"],"_rank_math_video":["true"],"rank_math_robots":["a:1:{i:0;s:5:\"index\";}"],"rank_math_contentai_score":["a:4:{s:9:\"wordCount\";s:3:\"4.2\";s:9:\"linkCount\";s:1:\"0\";s:12:\"headingCount\";s:1:\"0\";s:10:\"mediaCount\";s:1:\"0\";}"],"_not_in_inventory_checkbox":[""],"_internal_date_code":["RFID Chip"],"_internal_product_origin":["Spanien"],"_product_rating":["A"],"_custom_html_content":[""],"ast-site-content-layout":["default"],"site-content-style":["default"],"site-sidebar-style":["default"],"_sale_price_dates_to_CHF":[""],"_sale_price_dates_from_CHF":[""],"_sale_price_CHF":[""],"_regular_price_CHF":[""],"_wcml_schedule_CHF":["0"],"_sale_price_dates_to_GBP":[""],"_sale_price_dates_from_GBP":[""],"_sale_price_GBP":[""],"_regular_price_GBP":[""],"_wcml_schedule_GBP":["0"],"_wpml_media_has_media":["1"],"_wpml_post_translation_editor_native":["no"],"_wp_old_date":["2024-02-10","2024-02-07","2024-02-08","2024-02-13","2024-06-29","2024-06-28","2024-07-08","2024-08-23"],"_customer_view":["3"],"_custom_view_last_updated":["2024-10-27 07:01:09"],"_shipping_length":[""],"_shipping_width":[""],"_shipping_height":[""],"_zettle_product_cat_id":[""],"_product_shipping_weight":["1kg"],"_edit_lock":["1760463931:4"],"_edit_last":["4"],"_izettle_barcode":["0290000456123"],"_izettle_nosync":[""],"_izettle_cost_price":[""],"_izettle_special_price":[""],"_izettle_product_name":[""],"_izettle_image_lookup_key":["3kyncy1cEe-udXp3qLWasA-potBGGUSEe-0JS0H6R4oxA"],"woocommerce_izettle_product_uuid":["742163c0-63ce-11ef-9d37-353536383939"],"woocommerce_izettle_variant_uuid":["1a7431ca-6128-11ef-ba83-353536383939"],"_izettle_updated":["1729900910"],"_izettle_product_etag":["07D8005BBF349C76821CBDAA28CF0E08"],"copied_media_ids":["a:0:{}"],"referenced_media_ids":["a:19:{i:0;i:45646;i:1;i:45650;i:2;i:45648;i:3;i:45642;i:4;i:45644;i:5;i:45640;i:6;i:45638;i:7;i:45614;i:8;i:45616;i:9;i:45636;i:10;i:45634;i:11;i:45630;i:12;i:45628;i:13;i:45624;i:14;i:45626;i:15;i:45622;i:16;i:45620;i:17;i:45632;i:18;i:45618;}"],"sib_push_meta_box_present":["1"],"sib_push_send_notification":["0"],"sib_push_target_segment_ids":["@ALL"],"_product_available_from_field":[""],"_manufacturer_slug":[""],"_safety_instructions":[""],"_safety_attachment_ids":["a:0:{}"],"_wireless_electronic_device":["no"],"_device_contains_power_supply":["no"],"_device_charging_supports_usb_pd":["no"],"_device_charging_watt_min":[""],"_device_charging_watt_max":[""],"_ship_separately_via":[""],"_product_reserve_till_field":[""],"_wcml_average_rating":[null],"_wcml_review_count":[null],"_wcml_rating_count":[null],"_nickx_video_text_url":["a:1:{i:0;s:0:\"\";}"],"_nickx_product_video_type":["a:1:{i:0;s:23:\"nickx_video_url_youtube\";}"],"_nickx_product_video_thumb_ids":["a:1:{i:0;s:0:\"\";}"],"rank_math_primary_product_brand":["0"],"_ame_cpe_post_policy":["{\"accessProtection\":{\"active\":\"replace\"}}"],"astra-migrate-meta-layouts":["set"],"rank_math_analytic_object_id":["1458"],"_uag_page_assets":["a:9:{s:3:\"css\";s:0:\"\";s:2:\"js\";s:0:\"\";s:18:\"current_block_list\";a:6:{i:0;s:26:\"woocommerce\/filter-wrapper\";i:1;s:24:\"woocommerce\/price-filter\";i:2;s:30:\"woocommerce\/product-categories\";i:3;s:14:\"core\/paragraph\";i:4;s:14:\"core\/shortcode\";i:5;s:11:\"core\/search\";}s:8:\"uag_flag\";b:0;s:11:\"uag_version\";s:10:\"1777350101\";s:6:\"gfonts\";a:0:{}s:10:\"gfonts_url\";s:0:\"\";s:12:\"gfonts_files\";a:0:{}s:14:\"uag_faq_layout\";b:0;}"],"_wc_rating_count":[""]},"uagb_featured_image_src":{"full":["https:\/\/truelangtest.ilovehandbags.com\/wp-content\/uploads\/sites\/3\/Louis-Vuitton-Artsy-MM-Empreinte-Schwarz-Vorderseite-2024-0539-scaled.jpg",1920,2560,false],"thumbnail":["https:\/\/truelangtest.ilovehandbags.com\/wp-content\/uploads\/sites\/3\/Louis-Vuitton-Artsy-MM-Empreinte-Schwarz-Vorderseite-2024-0539-scaled-150x150.jpg",150,150,true],"medium":["https:\/\/truelangtest.ilovehandbags.com\/wp-content\/uploads\/sites\/3\/Louis-Vuitton-Artsy-MM-Empreinte-Schwarz-Vorderseite-2024-0539-scaled-300x300.jpg",300,300,true],"medium_large":["https:\/\/truelangtest.ilovehandbags.com\/wp-content\/uploads\/sites\/3\/Louis-Vuitton-Artsy-MM-Empreinte-Schwarz-Vorderseite-2024-0539-scaled-768x768.jpg",768,768,true],"large":["https:\/\/truelangtest.ilovehandbags.com\/wp-content\/uploads\/sites\/3\/Louis-Vuitton-Artsy-MM-Empreinte-Schwarz-Vorderseite-2024-0539-scaled-1024x1024.jpg",1024,1024,true],"1536x1536":["https:\/\/truelangtest.ilovehandbags.com\/wp-content\/uploads\/sites\/3\/Louis-Vuitton-Artsy-MM-Empreinte-Schwarz-Vorderseite-2024-0539-scaled.jpg",1152,1536,false],"2048x2048":["https:\/\/truelangtest.ilovehandbags.com\/wp-content\/uploads\/sites\/3\/Louis-Vuitton-Artsy-MM-Empreinte-Schwarz-Vorderseite-2024-0539-scaled.jpg",1536,2048,false],"woocommerce_thumbnail":["https:\/\/truelangtest.ilovehandbags.com\/wp-content\/uploads\/sites\/3\/Louis-Vuitton-Artsy-MM-Empreinte-Schwarz-Vorderseite-2024-0539-scaled-500x500.jpg",500,500,true],"woocommerce_single":["https:\/\/truelangtest.ilovehandbags.com\/wp-content\/uploads\/sites\/3\/Louis-Vuitton-Artsy-MM-Empreinte-Schwarz-Vorderseite-2024-0539-scaled-500x500.jpg",500,500,true],"woocommerce_gallery_thumbnail":["https:\/\/truelangtest.ilovehandbags.com\/wp-content\/uploads\/sites\/3\/Louis-Vuitton-Artsy-MM-Empreinte-Schwarz-Vorderseite-2024-0539-scaled-100x100.jpg",100,100,true]},"uagb_author_info":{"display_name":"ILoveHandbags","author_link":"https:\/\/truelangtest.ilovehandbags.com\/de\/author\/"},"uagb_comment_info":0,"uagb_excerpt":"Die Louis Vuitton Artsy in Empreinte Leder ist ein luxuri\u00f6ser Begleiter, der stilvolle Eleganz und raffinierte Handwerkskunst perfekt miteinander vereint. Dieses au\u00dfergew\u00f6hnliche Modell, gefertigt aus edlen schwarzen Empreinte Leder besticht durch ihre geschwungene Silhouette und den handgefertigten Ledergriff, der f\u00fcr einen komfortablen Tragekomfort sorgt und dem Design einen Hauch von Bohemian-Chic verleiht. Im Inneren bietet&hellip;","_links":{"self":[{"href":"https:\/\/truelangtest.ilovehandbags.com\/de\/wp-json\/wp\/v2\/product\/45612","targetHints":{"allow":["GET"]}}],"collection":[{"href":"https:\/\/truelangtest.ilovehandbags.com\/de\/wp-json\/wp\/v2\/product"}],"about":[{"href":"https:\/\/truelangtest.ilovehandbags.com\/de\/wp-json\/wp\/v2\/types\/product"}],"wp:featuredmedia":[{"embeddable":true,"href":"https:\/\/truelangtest.ilovehandbags.com\/de\/wp-json\/wp\/v2\/media\/45646"}],"wp:attachment":[{"href":"https:\/\/truelangtest.ilovehandbags.com\/de\/wp-json\/wp\/v2\/media?parent=45612"}],"wp:term":[{"taxonomy":"product_brand","embeddable":true,"href":"https:\/\/truelangtest.ilovehandbags.com\/de\/wp-json\/wp\/v2\/product_brand?post=45612"},{"taxonomy":"product_cat","embeddable":true,"href":"https:\/\/truelangtest.ilovehandbags.com\/de\/wp-json\/wp\/v2\/product_cat?post=45612"},{"taxonomy":"product_tag","embeddable":true,"href":"https:\/\/truelangtest.ilovehandbags.com\/de\/wp-json\/wp\/v2\/product_tag?post=45612"}],"curies":[{"name":"wp","href":"https:\/\/api.w.org\/{rel}","templated":true}]}}