{"id":46235,"date":"2024-09-27T10:00:43","date_gmt":"2024-09-27T08:00:43","guid":{"rendered":"https:\/\/ilovehandbags.com\/?post_type=product&#038;p=46235"},"modified":"2026-02-10T12:42:53","modified_gmt":"2026-02-10T11:42:53","slug":"christian-dior-lady-dior-mini-cannage-schwarz","status":"publish","type":"product","link":"https:\/\/truelangtest.ilovehandbags.com\/de\/christian-dior-lady-dior-mini-cannage-schwarz\/","title":{"rendered":"Christian Dior Lady Dior Mini Cannage Schwarz"},"content":{"rendered":"","protected":false},"excerpt":{"rendered":"<p data-start=\"103\" data-end=\"418\">Die Lady Dior Mini Bag aus edlem schwarzem Lammleder mit silberner Hardware ist ein echtes It-Piece f\u00fcr jede Handtaschenliebhaberin. Ihr ikonischer \u201eCannage\u201c-Steppstich, das weich gl\u00e4nzende Leder und die eleganten DIOR-Charms machen sie sofort erkennbar und zu einem Symbol f\u00fcr Pariser Luxus und Stil. Dank ihres praktischen Formats bietet sie genug Platz f\u00fcr deine Essentials wie Smartphone, Schl\u00fcssel, Lippenstift oder Kartenetui \u2013 und bleibt dabei herrlich leicht und handlich. Mit dem abnehmbaren und verstellbaren Riemen kannst du die Lady Dior Mini sowohl klassisch in der Hand, elegant \u00fcber der Schulter oder als moderne Crossbody Bag tragen. Ob bei festlichen Anl\u00e4ssen, einem Dinner-Date oder im Alltag als Highlight zu Jeans und Blazer \u2013 die Lady Dior Mini verleiht jedem Outfit zeitlose Eleganz und einen Hauch von Haute Couture.<\/p>\n","protected":false},"featured_media":68698,"template":"","meta":{"_uag_custom_page_level_css":"","site-sidebar-layout":"default","site-content-layout":"default","ast-site-content-layout":"default","site-content-style":"default","site-sidebar-style":"default","ast-global-header-display":"","ast-banner-title-visibility":"","ast-main-header-display":"","ast-hfb-above-header-display":"","ast-hfb-below-header-display":"","ast-hfb-mobile-header-display":"","site-post-title":"","ast-breadcrumbs-content":"","ast-featured-img":"","footer-sml-layout":"","ast-disable-related-posts":"","theme-transparent-header-meta":"default","adv-header-id-meta":"","stick-header-meta":"default","header-above-stick-meta":"","header-main-stick-meta":"","header-below-stick-meta":"","astra-migrate-meta-layouts":"set","ast-page-background-enabled":"default","ast-page-background-meta":{"desktop":{"background-color":"var(--ast-global-color-4)","background-image":"","background-repeat":"repeat","background-position":"center center","background-size":"auto","background-attachment":"scroll","background-type":"","background-media":"","overlay-type":"","overlay-color":"","overlay-opacity":"","overlay-gradient":""},"tablet":{"background-color":"","background-image":"","background-repeat":"repeat","background-position":"center center","background-size":"auto","background-attachment":"scroll","background-type":"","background-media":"","overlay-type":"","overlay-color":"","overlay-opacity":"","overlay-gradient":""},"mobile":{"background-color":"","background-image":"","background-repeat":"repeat","background-position":"center center","background-size":"auto","background-attachment":"scroll","background-type":"","background-media":"","overlay-type":"","overlay-color":"","overlay-opacity":"","overlay-gradient":""}},"ast-content-background-meta":{"desktop":{"background-color":"var(--ast-global-color-5)","background-image":"","background-repeat":"repeat","background-position":"center center","background-size":"auto","background-attachment":"scroll","background-type":"","background-media":"","overlay-type":"","overlay-color":"","overlay-opacity":"","overlay-gradient":""},"tablet":{"background-color":"var(--ast-global-color-5)","background-image":"","background-repeat":"repeat","background-position":"center center","background-size":"auto","background-attachment":"scroll","background-type":"","background-media":"","overlay-type":"","overlay-color":"","overlay-opacity":"","overlay-gradient":""},"mobile":{"background-color":"var(--ast-global-color-5)","background-image":"","background-repeat":"repeat","background-position":"center center","background-size":"auto","background-attachment":"scroll","background-type":"","background-media":"","overlay-type":"","overlay-color":"","overlay-opacity":"","overlay-gradient":""}},"_glsr_average":0,"_glsr_ranking":0,"_glsr_reviews":0},"product_brand":[1586],"product_cat":[1191,208,242,447,204],"product_tag":[1193,1194,1195],"class_list":{"0":"post-46235","1":"product","2":"type-product","3":"status-publish","4":"has-post-thumbnail","6":"product_brand-dior","7":"product_cat-dior","8":"product_cat-handtaschen","9":"product_cat-kleine-taschen","10":"product_cat-sale","11":"product_cat-umhaengetaschen","12":"product_tag-dior","13":"product_tag-dior-lady","14":"product_tag-dior-lady-mini","15":"desktop-align-left","16":"tablet-align-left","17":"mobile-align-left","18":"ast-product-gallery-layout-first-image-large","19":"ast-magnify-disabled","20":"ast-product-tabs-layout-accordion","22":"first","23":"instock","24":"sale","25":"sold-individually","26":"purchasable","27":"product-type-simple"},"spectra_custom_meta":{"_sku":["P4-0555"],"_regular_price":["3490"],"total_sales":["1"],"_tax_status":["none"],"_tax_class":[""],"_manage_stock":["yes"],"_backorders":["no"],"_sold_individually":["yes"],"_crosssell_ids":["a:1:{i:0;i:23129;}"],"_virtual":["no"],"_downloadable":["no"],"_download_limit":["-1"],"_download_expiry":["-1"],"_thumbnail_id":["68698"],"_stock":["1"],"_stock_status":["instock"],"_wc_average_rating":[0],"_wc_review_count":["0"],"_product_attributes":["a:3:{s:8:\"pa_brand\";a:7:{s:4:\"name\";s:8:\"pa_brand\";s:5:\"value\";s:0:\"\";s:8:\"position\";i:1;s:10:\"is_visible\";i:0;s:12:\"is_variation\";i:1;s:11:\"is_taxonomy\";i:1;s:16:\"checkout_visible\";i:0;}s:8:\"pa_color\";a:7:{s:4:\"name\";s:8:\"pa_color\";s:5:\"value\";s:0:\"\";s:8:\"position\";i:2;s:10:\"is_visible\";i:0;s:12:\"is_variation\";i:1;s:11:\"is_taxonomy\";i:1;s:16:\"checkout_visible\";i:0;}s:9:\"pa_gender\";a:7:{s:4:\"name\";s:9:\"pa_gender\";s:5:\"value\";s:0:\"\";s:8:\"position\";i:3;s:10:\"is_visible\";i:0;s:12:\"is_variation\";i:1;s:11:\"is_taxonomy\";i:1;s:16:\"checkout_visible\";i:0;}}"],"_product_version":["10.5.0"],"_price":["3200"],"_wpml_media_featured":["1","1","1","1"],"_wpml_media_duplicate":["1","1","1","1"],"_wpml_word_count":["154"],"_wpml_location_migration_done":["1"],"_fusion":["a:3:{s:17:\"slider_visibility\";s:51:\"small-visibility,medium-visibility,large-visibility\";s:11:\"slider_type\";s:2:\"no\";s:9:\"wooslider\";s:1:\"0\";}"],"rank_math_seo_score":["82"],"rank_math_focus_keyword":["lady dior"],"_purchase_price_field":["2750"],"_internal_warehouse_number_field":["2024-0555"],"_gdrive_field":["https:\/\/drive.google.com\/drive\/u\/1\/folders\/1fv-fqmCEN6iRsirkS6NbSFQlq19JVZyv"],"_unit":[""],"_unit_base":[""],"_unit_product":[""],"_unit_price_auto":["no"],"_unit_price_regular":[""],"_unit_price":[""],"_unit_price_sale":[""],"_sale_price_label":[""],"_sale_price_regular_label":[""],"_mini_desc":["Christian Dior Lady Dior Mini Cannage Schwarz"],"_defect_description":[""],"_allergen_ids":["a:0:{}"],"_warranty_attachment_id":[""],"_min_age":[""],"_ts_gtin":[""],"_ts_mpn":[""],"_delivery_time_countries":["a:0:{}"],"_free_shipping":["no"],"_service":["no"],"_photovoltaic_system":["no"],"_used_good":["yes"],"_defective_copy":["no"],"_is_food":["no"],"_differential_taxation":["yes"],"_gzd_version":["3.20.5"],"_hs_code":[""],"_manufacture_country":[""],"_rank_math_gtin_code":[""],"_fusion_google_fonts":[""],"fusion_builder_status":["active"],"rank_math_primary_product_cat":["0"],"_wcml_custom_prices_status":["0"],"avada_post_views_count":["50"],"avada_today_post_views_count":["3"],"avada_post_views_count_today_date":["12-04-2023"],"yikes_woo_products_tabs":["a:2:{i:0;a:3:{s:5:\"title\";s:21:\"Weitere Informationen\";s:2:\"id\";s:21:\"weitere-informationen\";s:7:\"content\";s:294:\"<strong>Material au\u00dfen: <\/strong>Schwarzes Lammleder mit silberner Hardware\r\n<strong>Material innen: <\/strong>Rotes Textilinnenfutter\r\n<strong>Ma\u00dfe: <\/strong>17\u00a0x\u00a015\u00a0x\u00a07\u00a0cm\r\n<strong>L\u00e4nge Schulterriemen: <\/strong> 108 bis 118\u00a0cm\r\n<strong>Lieferumfang:<\/strong> Dior Box und Staubbeutel\";}i:1;a:3:{s:5:\"title\";s:7:\"Zustand\";s:2:\"id\";s:7:\"zustand\";s:7:\"content\";s:296:\"<strong>Gesamtzustand: <\/strong>Sehr gut\r\n<strong>Leder: <\/strong>Intakt und geschmeidig, vereinzelt leichte Gebrauchsspuren\r\n<strong>Ecken: <\/strong>Intakt, minimale Abreibungen\r\n<strong>Hardware: <\/strong>Mittlere Gebrauchsspuren\r\n<strong>Innenraum: <\/strong>Sauber mit leichten Gebrauchsspuren\";}}"],"_deposit_type":[""],"_nutrient_ids":["a:0:{}"],"_nutrient_reference_value":["100g"],"_ingredients":[""],"_nutri_score":[""],"_alcohol_content":[""],"_drained_weight":[""],"_net_filling_quantity":[""],"_food_distributor":[""],"_food_description":[""],"_food_place_of_origin":[""],"_deposit_quantity":[""],"site-sidebar-layout":["default"],"site-content-layout":["default"],"theme-transparent-header-meta":["default"],"stick-header-meta":["default"],"_default_delivery_time":[""],"rank_math_robots":["a:1:{i:0;s:5:\"index\";}"],"_pys_conversion_label_settings":["a:3:{s:6:\"enable\";b:0;s:5:\"label\";s:0:\"\";s:2:\"id\";s:14:\"AW-11184563350\";}"],"_pys_super_pack_cpt_url":[""],"_pys_super_pack_cpt_condition":["only"],"_pys_super_pack_cpt_cart":["hidden"],"_woosea_brand":[""],"_woosea_mpn":[""],"_woosea_upc":[""],"_woosea_ean":[""],"_woosea_gtin":[""],"_woosea_color":[""],"_woosea_size":[""],"_woosea_gender":[""],"_woosea_material":[""],"_woosea_pattern":[""],"_woosea_optimized_title":[""],"_woosea_unit_pricing_measure":[""],"_woosea_unit_pricing_base_measure":[""],"_woosea_condition":[""],"_woosea_age_group":["adult"],"_woosea_installment_months":[""],"_woosea_installment_amount":[""],"_woosea_exclude_product":["no"],"_woosea_cost_of_good_sold":[""],"_woosea_multipack":[""],"_woosea_is_bundle":[""],"_woosea_energy_efficiency_class":[""],"_woosea_min_energy_efficiency_class":[""],"_woosea_max_energy_efficiency_class":[""],"_woosea_is_promotion":[""],"_woosea_custom_field_0":[""],"_woosea_custom_field_1":[""],"_woosea_custom_field_2":[""],"_woosea_custom_field_3":[""],"_woosea_custom_field_4":[""],"_pys_head_footer":["a:7:{s:14:\"disable_global\";b:0;s:8:\"head_any\";s:0:\"\";s:12:\"head_desktop\";s:0:\"\";s:11:\"head_mobile\";s:0:\"\";s:10:\"footer_any\";s:0:\"\";s:14:\"footer_desktop\";s:0:\"\";s:13:\"footer_mobile\";s:0:\"\";}"],"litespeed_vpi_list":["a:2:{i:0;s:8:\"logo.png\";i:1;s:60:\"Chanel-Woc-Caviar-schwarz-kette-2023-0082-scaled-500x500.jpg\";}"],"_customs_description":[""],"_wp_old_date":["2023-04-07","2023-06-01","2023-08-29","2024-02-02","2024-05-31"],"_is_non_returnable":["no"],"ast-site-content-layout":["default"],"site-content-style":["default"],"site-sidebar-style":["default"],"litespeed_vpi_list_mobile":["a:2:{i:0;s:8:\"logo.png\";i:1;s:70:\"Chanel-Timeless-Flap-Bag-Small-Voderseite-2023-0339-scaled-500x500.jpg\";}"],"_internal_date_code":[""],"_internal_product_origin":["Italien"],"rank_math_contentai_score":["a:4:{s:9:\"wordCount\";s:4:\"4.64\";s:9:\"linkCount\";s:1:\"0\";s:12:\"headingCount\";s:1:\"0\";s:10:\"mediaCount\";s:3:\"100\";}"],"_not_in_inventory_checkbox":[""],"_product_rating":["A"],"_custom_html_content":[""],"_wpml_post_translation_editor_native":["no"],"_customer_view":["3"],"_custom_view_last_updated":["2026-04-27 07:36:06"],"_shipping_length":[""],"_shipping_width":[""],"_shipping_height":[""],"_zettle_product_cat_id":[""],"_product_shipping_weight":["1kg"],"_edit_lock":["1770724966:4"],"woocommerce_izettle_product_uuid":["d17b1d68-4c30-11f0-af07-353536383939"],"woocommerce_izettle_variant_uuid":["31f3a7f6-7a49-11ef-aaab-353536383939"],"_izettle_updated":["1755929117"],"_edit_last":["4"],"_izettle_barcode":[""],"_izettle_nosync":[""],"_izettle_cost_price":[""],"_izettle_special_price":[""],"_izettle_product_name":[""],"_wpml_media_has_media":["1"],"_product_image_gallery":["68691,68690,68692,68697,68703,68693,68706,68696,68702,68705,68695,68708,68699,68709,68704,68707,68701,68694,68700"],"_izettle_image_lookup_key":["3kyncy1cEe-udXp3qLWasA-0XgL8EwwEfCeGdRYvZiuAw"],"_izettle_product_etag":["778AAB04784B26F84ED7D1A91ECC0898"],"sib_push_meta_box_present":["1"],"sib_push_send_notification":["0"],"sib_push_target_segment_ids":["@ALL"],"_product_available_from_field":[""],"_manufacturer_slug":["christian-dior-se"],"_safety_instructions":[""],"_safety_attachment_ids":["a:0:{}"],"_wireless_electronic_device":["no"],"_device_contains_power_supply":["no"],"_device_charging_supports_usb_pd":["no"],"_device_charging_watt_min":["0"],"_device_charging_watt_max":["0"],"_nickx_video_text_url":["a:1:{i:0;s:0:\"\";}"],"_nickx_product_video_type":["a:1:{i:0;s:23:\"nickx_video_url_youtube\";}"],"_nickx_product_video_thumb_ids":["a:1:{i:0;s:0:\"\";}"],"rank_math_primary_product_brand":["1586"],"_ame_cpe_post_policy":["{\"accessProtection\":{\"active\":\"replace\"}}"],"_product_reserve_till_field":["2025-05-23T17:00"],"_product_reserve_add_cart_link_key":["BUvFDLqPNfGRiMVdtopkgOaTKHWEAZemcrCYlbjwQnIJXzsShxuy1747755447"],"copied_media_ids":["a:0:{}"],"referenced_media_ids":["a:20:{i:0;i:68698;i:1;i:68691;i:2;i:68690;i:3;i:68692;i:4;i:68697;i:5;i:68703;i:6;i:68693;i:7;i:68706;i:8;i:68696;i:9;i:68702;i:10;i:68705;i:11;i:68695;i:12;i:68708;i:13;i:68699;i:14;i:68709;i:15;i:68704;i:16;i:68707;i:17;i:68701;i:18;i:68694;i:19;i:68700;}"],"_ship_separately_via":[""],"sib_push_send_notification_delay_seconds":["0"],"_is_non_alcoholic":["no"],"_mid_code":[""],"_shipping_weight":[""],"_entrupy_echtheitszertifikat":["yes"],"_sale_price":["3200"],"_wcml_average_rating":[null],"_wcml_review_count":[null],"_wcml_rating_count":[null],"astra-migrate-meta-layouts":["set"],"rank_math_analytic_object_id":["1440"],"_uag_page_assets":["a:9:{s:3:\"css\";s:0:\"\";s:2:\"js\";s:0:\"\";s:18:\"current_block_list\";a:6:{i:0;s:26:\"woocommerce\/filter-wrapper\";i:1;s:24:\"woocommerce\/price-filter\";i:2;s:30:\"woocommerce\/product-categories\";i:3;s:14:\"core\/paragraph\";i:4;s:14:\"core\/shortcode\";i:5;s:11:\"core\/search\";}s:8:\"uag_flag\";b:0;s:11:\"uag_version\";s:10:\"1777326936\";s:6:\"gfonts\";a:0:{}s:10:\"gfonts_url\";s:0:\"\";s:12:\"gfonts_files\";a:0:{}s:14:\"uag_faq_layout\";b:0;}"],"_wc_rating_count":[""]},"uagb_featured_image_src":{"full":["https:\/\/truelangtest.ilovehandbags.com\/wp-content\/uploads\/sites\/3\/Lady-Dior-Mini-0555-12.jpg",2000,1500,false],"thumbnail":["https:\/\/truelangtest.ilovehandbags.com\/wp-content\/uploads\/sites\/3\/Lady-Dior-Mini-0555-12-150x150.jpg",150,150,true],"medium":["https:\/\/truelangtest.ilovehandbags.com\/wp-content\/uploads\/sites\/3\/Lady-Dior-Mini-0555-12-300x300.jpg",300,300,true],"medium_large":["https:\/\/truelangtest.ilovehandbags.com\/wp-content\/uploads\/sites\/3\/Lady-Dior-Mini-0555-12-768x768.jpg",768,768,true],"large":["https:\/\/truelangtest.ilovehandbags.com\/wp-content\/uploads\/sites\/3\/Lady-Dior-Mini-0555-12-1024x1024.jpg",1024,1024,true],"1536x1536":["https:\/\/truelangtest.ilovehandbags.com\/wp-content\/uploads\/sites\/3\/Lady-Dior-Mini-0555-12.jpg",1536,1152,false],"2048x2048":["https:\/\/truelangtest.ilovehandbags.com\/wp-content\/uploads\/sites\/3\/Lady-Dior-Mini-0555-12.jpg",2000,1500,false],"woocommerce_thumbnail":["https:\/\/truelangtest.ilovehandbags.com\/wp-content\/uploads\/sites\/3\/Lady-Dior-Mini-0555-12-500x500.jpg",500,500,true],"woocommerce_single":["https:\/\/truelangtest.ilovehandbags.com\/wp-content\/uploads\/sites\/3\/Lady-Dior-Mini-0555-12-500x500.jpg",500,500,true],"woocommerce_gallery_thumbnail":["https:\/\/truelangtest.ilovehandbags.com\/wp-content\/uploads\/sites\/3\/Lady-Dior-Mini-0555-12-100x100.jpg",100,100,true]},"uagb_author_info":{"display_name":"ILoveHandbags","author_link":"https:\/\/truelangtest.ilovehandbags.com\/de\/author\/"},"uagb_comment_info":0,"uagb_excerpt":"Die Lady Dior Mini Bag aus edlem schwarzem Lammleder mit silberner Hardware ist ein echtes It-Piece f\u00fcr jede Handtaschenliebhaberin. Ihr ikonischer \u201eCannage\u201c-Steppstich, das weich gl\u00e4nzende Leder und die eleganten DIOR-Charms machen sie sofort erkennbar und zu einem Symbol f\u00fcr Pariser Luxus und Stil. Dank ihres praktischen Formats bietet sie genug Platz f\u00fcr deine Essentials wie&hellip;","_links":{"self":[{"href":"https:\/\/truelangtest.ilovehandbags.com\/de\/wp-json\/wp\/v2\/product\/46235","targetHints":{"allow":["GET"]}}],"collection":[{"href":"https:\/\/truelangtest.ilovehandbags.com\/de\/wp-json\/wp\/v2\/product"}],"about":[{"href":"https:\/\/truelangtest.ilovehandbags.com\/de\/wp-json\/wp\/v2\/types\/product"}],"wp:featuredmedia":[{"embeddable":true,"href":"https:\/\/truelangtest.ilovehandbags.com\/de\/wp-json\/wp\/v2\/media\/68698"}],"wp:attachment":[{"href":"https:\/\/truelangtest.ilovehandbags.com\/de\/wp-json\/wp\/v2\/media?parent=46235"}],"wp:term":[{"taxonomy":"product_brand","embeddable":true,"href":"https:\/\/truelangtest.ilovehandbags.com\/de\/wp-json\/wp\/v2\/product_brand?post=46235"},{"taxonomy":"product_cat","embeddable":true,"href":"https:\/\/truelangtest.ilovehandbags.com\/de\/wp-json\/wp\/v2\/product_cat?post=46235"},{"taxonomy":"product_tag","embeddable":true,"href":"https:\/\/truelangtest.ilovehandbags.com\/de\/wp-json\/wp\/v2\/product_tag?post=46235"}],"curies":[{"name":"wp","href":"https:\/\/api.w.org\/{rel}","templated":true}]}}