{"id":47676,"date":"2024-10-16T12:57:09","date_gmt":"2024-10-16T10:57:09","guid":{"rendered":"https:\/\/ilovehandbags.com\/?post_type=product&#038;p=47676"},"modified":"2026-04-20T09:26:07","modified_gmt":"2026-04-20T07:26:07","slug":"leder-vachetta-schulterriemen-schmal","status":"publish","type":"product","link":"https:\/\/truelangtest.ilovehandbags.com\/de\/leder-vachetta-schulterriemen-schmal\/","title":{"rendered":"Leder Vachetta Schulterriemen Schmal"},"content":{"rendered":"","protected":false},"excerpt":{"rendered":"<p data-start=\"1008\" data-end=\"1319\">Mit diesem eleganten, schmalen <strong>Schulterriemen von I Love Handbags<\/strong> verleihst du deiner Tasche einen stilvollen und zugleich praktischen Touch. Der Riemen ist l\u00e4ngenverstellbar und bietet dir maximale Flexibilit\u00e4t \u2013 er l\u00e4sst sich sowohl \u00fcber der Schulter als auch crossbody tragen. Er wurde so gestaltet, dass er kompatibel mit kleineren Taschenmodellen ist \u2013 etwa mit der Louis Vuitton Pochette Accessoires, Favorite, Ivy und weiteren \u00e4hnlichen Formaten. Der Riemen besteht aus unbehandelten Vachetta Leder. <strong>Diesen Riemen gibt es in zwei Farbvarianten:<\/strong> in der unbehandelten Vachetta Ausf\u00fchrung wie hier beschrieben und aus eingef\u00e4rbten Leder (<a href=\"https:\/\/ilovehandbags.com\/excelsior\/de\/leder-schulterriemen-schmal-hellbraun\/\">Artikelnummer P4-0687<\/a>), ideal f\u00fcr Taschen mit bereits ausgepr\u00e4gter Patina.<\/p>\n<p><strong data-start=\"1860\" data-end=\"1872\">Hinweis:<\/strong> Dieses Produkt stammt nicht von Louis Vuitton und ist kein Originalzubeh\u00f6r der Marke. Es handelt sich um ein hochwertiges, handgefertigtes Produkt von I Love Handbags.<\/p>\n","protected":false},"featured_media":47692,"template":"","meta":{"_uag_custom_page_level_css":"","site-sidebar-layout":"default","site-content-layout":"default","ast-site-content-layout":"default","site-content-style":"default","site-sidebar-style":"default","ast-global-header-display":"","ast-banner-title-visibility":"","ast-main-header-display":"","ast-hfb-above-header-display":"","ast-hfb-below-header-display":"","ast-hfb-mobile-header-display":"","site-post-title":"","ast-breadcrumbs-content":"","ast-featured-img":"","footer-sml-layout":"","ast-disable-related-posts":"","theme-transparent-header-meta":"default","adv-header-id-meta":"","stick-header-meta":"default","header-above-stick-meta":"","header-main-stick-meta":"","header-below-stick-meta":"","astra-migrate-meta-layouts":"set","ast-page-background-enabled":"default","ast-page-background-meta":{"desktop":{"background-color":"var(--ast-global-color-4)","background-image":"","background-repeat":"repeat","background-position":"center center","background-size":"auto","background-attachment":"scroll","background-type":"","background-media":"","overlay-type":"","overlay-color":"","overlay-opacity":"","overlay-gradient":""},"tablet":{"background-color":"","background-image":"","background-repeat":"repeat","background-position":"center center","background-size":"auto","background-attachment":"scroll","background-type":"","background-media":"","overlay-type":"","overlay-color":"","overlay-opacity":"","overlay-gradient":""},"mobile":{"background-color":"","background-image":"","background-repeat":"repeat","background-position":"center center","background-size":"auto","background-attachment":"scroll","background-type":"","background-media":"","overlay-type":"","overlay-color":"","overlay-opacity":"","overlay-gradient":""}},"ast-content-background-meta":{"desktop":{"background-color":"var(--ast-global-color-5)","background-image":"","background-repeat":"repeat","background-position":"center center","background-size":"auto","background-attachment":"scroll","background-type":"","background-media":"","overlay-type":"","overlay-color":"","overlay-opacity":"","overlay-gradient":""},"tablet":{"background-color":"var(--ast-global-color-5)","background-image":"","background-repeat":"repeat","background-position":"center center","background-size":"auto","background-attachment":"scroll","background-type":"","background-media":"","overlay-type":"","overlay-color":"","overlay-opacity":"","overlay-gradient":""},"mobile":{"background-color":"var(--ast-global-color-5)","background-image":"","background-repeat":"repeat","background-position":"center center","background-size":"auto","background-attachment":"scroll","background-type":"","background-media":"","overlay-type":"","overlay-color":"","overlay-opacity":"","overlay-gradient":""}},"_glsr_average":0,"_glsr_ranking":0,"_glsr_reviews":0},"product_brand":[],"product_cat":[236],"product_tag":[1061,218,1224,1007,1004,1222],"class_list":{"0":"post-47676","1":"product","2":"type-product","3":"status-publish","4":"has-post-thumbnail","6":"product_cat-schulterriemen","7":"product_tag-leder-schulterriemen","8":"product_tag-schulterriemen","9":"product_tag-schulterriemen-louis-vuitton","10":"product_tag-vachetta-riemen-louis-vuitton-pochette-accessoires","11":"product_tag-vachetta-riemen-pochette-accessoires","12":"product_tag-vachetta-schulterriemen","13":"product_shipping_class-warenpost","14":"desktop-align-left","15":"tablet-align-left","16":"mobile-align-left","17":"ast-product-gallery-layout-first-image-large","18":"ast-magnify-disabled","19":"ast-product-tabs-layout-accordion","21":"first","22":"instock","23":"taxable","24":"shipping-taxable","25":"purchasable","26":"product-type-simple"},"spectra_custom_meta":{"_sku":["P4-0577"],"_regular_price":["59"],"total_sales":["22"],"_tax_status":["taxable"],"_tax_class":[""],"_manage_stock":["yes"],"_backorders":["no"],"_sold_individually":["no"],"_virtual":["no"],"_downloadable":["no"],"_product_image_gallery":["47692,47680,47690,47688,47686,47678,47684,47682"],"_download_limit":["-1"],"_download_expiry":["-1"],"_thumbnail_id":["47692"],"_stock":["14"],"_stock_status":["instock"],"_wc_average_rating":[0],"_wc_review_count":["0"],"_product_attributes":["a:3:{s:9:\"pa_gender\";a:7:{s:4:\"name\";s:9:\"pa_gender\";s:5:\"value\";s:0:\"\";s:8:\"position\";i:0;s:10:\"is_visible\";i:0;s:12:\"is_variation\";i:0;s:11:\"is_taxonomy\";i:1;s:16:\"checkout_visible\";i:0;}s:8:\"pa_color\";a:7:{s:4:\"name\";s:8:\"pa_color\";s:5:\"value\";s:0:\"\";s:8:\"position\";i:1;s:10:\"is_visible\";i:0;s:12:\"is_variation\";i:0;s:11:\"is_taxonomy\";i:1;s:16:\"checkout_visible\";i:0;}s:8:\"pa_brand\";a:7:{s:4:\"name\";s:8:\"pa_brand\";s:5:\"value\";s:0:\"\";s:8:\"position\";i:2;s:10:\"is_visible\";i:0;s:12:\"is_variation\";i:0;s:11:\"is_taxonomy\";i:1;s:16:\"checkout_visible\";i:0;}}"],"_product_version":["10.7.0"],"_price":["59"],"_wpml_media_featured":["1","1"],"_wpml_media_duplicate":["1","1"],"_wpml_word_count":["162"],"_wpml_location_migration_done":["1"],"rank_math_seo_score":["77"],"rank_math_focus_keyword":["Schulterriemen,Vachetta Schulterriemen,Leder Schulterriemen"],"_purchase_price_field":["18,76"],"_internal_warehouse_number_field":["2024-0577"],"_gdrive_field":["https:\/\/drive.google.com\/drive\/u\/1\/folders\/1ctcXWQO83Qyzho12T-ipKR_Nn9Nx28lq"],"_unit":["stueck"],"_unit_base":[""],"_unit_product":[""],"_unit_price_auto":["no"],"_unit_price_regular":[""],"_unit_price":[""],"_unit_price_sale":[""],"_sale_price_label":["mwst"],"_sale_price_regular_label":["mwst"],"_mini_desc":["Leder Vachetta Schulterriemen"],"_defect_description":[""],"_allergen_ids":["a:0:{}"],"_warranty_attachment_id":[""],"_min_age":[""],"_ts_gtin":[""],"_ts_mpn":[""],"_delivery_time_countries":["a:0:{}"],"_free_shipping":["no"],"_service":["no"],"_photovoltaic_system":["no"],"_used_good":["no"],"_defective_copy":["no"],"_is_food":["no"],"_differential_taxation":["no"],"_gzd_version":["3.20.4"],"_hs_code":[""],"_manufacture_country":[""],"_rank_math_gtin_code":[""],"_fusion":["a:3:{s:17:\"slider_visibility\";s:51:\"small-visibility,medium-visibility,large-visibility\";s:11:\"slider_type\";s:2:\"no\";s:9:\"wooslider\";s:1:\"0\";}"],"_fusion_google_fonts":[""],"fusion_builder_status":["active"],"rank_math_primary_product_cat":["236"],"_wcml_custom_prices_status":["1"],"avada_post_views_count":["15"],"avada_today_post_views_count":["1"],"avada_post_views_count_today_date":["13-04-2023"],"yikes_woo_products_tabs":["a:2:{i:0;a:3:{s:5:\"title\";s:21:\"Weitere Informationen\";s:2:\"id\";s:21:\"weitere-informationen\";s:7:\"content\";s:865:\"<strong>Material: <\/strong>Unbehandeltes Vachetta Leder mit goldfarbenen Metallelementen\r\n<strong>Ma\u00dfe: <\/strong>L\u00e4nge: 100 bis 120 cm, Breite: 1,2 cm\r\n<strong>Lieferumfang:<\/strong> I Love Handbags Staubbeutel. Die abgebildeten Handtaschen geh\u00f6ren nicht zum Lieferumfang und dienen ausschlie\u00dflich zur Deko.\r\n\r\n<strong>Bitte beachte, dass jede Tasche eine individuelle Patina entwickelt, wodurch der Farbton des Schulterriemens nicht immer genau mit dem deiner Tasche \u00fcbereinstimmen k\u00f6nnte. <\/strong>\r\n\r\n<strong>Zudem kann es aufgrund unterschiedlicher Displaytechnologien und individueller Einstellungen zu Farbabweichungen kommen. Die Farben auf deinem Display k\u00f6nnen daher leicht von der tats\u00e4chlichen Farbe abweichen. Falls du unsicher bist, ob der Farbton des Schulterriemens optimal zu deiner Tasche passt, z\u00f6gere nicht, uns zu kontaktieren.<\/strong>\";}i:1;a:3:{s:5:\"title\";s:7:\"Zustand\";s:2:\"id\";s:7:\"zustand\";s:7:\"content\";s:49:\"<strong>Gesamtzustand: <\/strong>Neu und unbenutzt\";}}"],"_deposit_type":[""],"_nutrient_ids":["a:0:{}"],"_nutrient_reference_value":["100g"],"_ingredients":[""],"_nutri_score":[""],"_alcohol_content":[""],"_drained_weight":[""],"_net_filling_quantity":[""],"_food_distributor":[""],"_food_description":[""],"_food_place_of_origin":[""],"_deposit_quantity":[""],"site-sidebar-layout":["default"],"site-content-layout":["default"],"theme-transparent-header-meta":["default"],"stick-header-meta":["default"],"_sale_price_dates_to_USD":[""],"_sale_price_dates_from_USD":[""],"_sale_price_USD":[""],"_regular_price_USD":[""],"_wcml_schedule_USD":["0"],"_pys_conversion_label_settings":["a:3:{s:6:\"enable\";b:0;s:5:\"label\";s:0:\"\";s:2:\"id\";s:14:\"AW-11184563350\";}"],"_pys_super_pack_cpt_url":[""],"_pys_super_pack_cpt_condition":["only"],"_pys_super_pack_cpt_cart":["hidden"],"_woosea_brand":[""],"_woosea_mpn":[""],"_woosea_upc":[""],"_woosea_ean":[""],"_woosea_gtin":[""],"_woosea_color":[""],"_woosea_size":[""],"_woosea_gender":[""],"_woosea_material":[""],"_woosea_pattern":[""],"_woosea_optimized_title":[""],"_woosea_unit_pricing_measure":[""],"_woosea_unit_pricing_base_measure":[""],"_woosea_condition":[""],"_woosea_age_group":["adult"],"_woosea_installment_months":[""],"_woosea_installment_amount":[""],"_woosea_exclude_product":["no"],"_woosea_cost_of_good_sold":[""],"_woosea_multipack":[""],"_woosea_is_bundle":[""],"_woosea_energy_efficiency_class":[""],"_woosea_min_energy_efficiency_class":[""],"_woosea_max_energy_efficiency_class":[""],"_woosea_is_promotion":[""],"_woosea_custom_field_0":[""],"_woosea_custom_field_1":[""],"_woosea_custom_field_2":[""],"_woosea_custom_field_3":[""],"_woosea_custom_field_4":[""],"_pys_head_footer":["a:7:{s:14:\"disable_global\";b:0;s:8:\"head_any\";s:0:\"\";s:12:\"head_desktop\";s:0:\"\";s:11:\"head_mobile\";s:0:\"\";s:10:\"footer_any\";s:0:\"\";s:14:\"footer_desktop\";s:0:\"\";s:13:\"footer_mobile\";s:0:\"\";}"],"litespeed_vpi_list":["a:2:{i:0;s:8:\"logo.png\";i:1;s:52:\"Leder-Schulterriemen-2023-0218JPG-scaled-500x500.jpg\";}"],"_customs_description":[""],"_is_non_returnable":["no"],"_wpml_media_has_media":["1"],"ast-site-content-layout":["default"],"site-content-style":["default"],"site-sidebar-style":["default"],"_sale_price_dates_to_CHF":[""],"_sale_price_dates_from_CHF":[""],"_sale_price_CHF":[""],"_regular_price_CHF":[""],"_wcml_schedule_CHF":["0"],"_sale_price_dates_to_GBP":[""],"_sale_price_dates_from_GBP":[""],"_sale_price_GBP":[""],"_regular_price_GBP":[""],"_wcml_schedule_GBP":["0"],"litespeed_vpi_list_mobile":["a:2:{i:0;s:8:\"logo.png\";i:1;s:52:\"Leder-Schulterriemen-2023-0218JPG-scaled-500x500.jpg\";}"],"_internal_date_code":[""],"_internal_product_origin":[""],"_product_rating":["N+"],"_rank_math_video":["true"],"rank_math_robots":["a:1:{i:0;s:5:\"index\";}"],"_custom_html_content":[""],"_not_in_inventory_checkbox":[""],"_customer_view":["9"],"_custom_view_last_updated":["2026-04-27 15:59:47"],"_shipping_length":[""],"_shipping_width":[""],"_shipping_height":[""],"_zettle_product_cat_id":[""],"_product_shipping_weight":["1kg"],"_manufacturer_slug":["ilh-international-gmbh"],"_safety_attachment_ids":["a:0:{}"],"_nickx_video_text_url":["a:1:{i:0;s:0:\"\";}"],"_nickx_product_video_type":["a:1:{i:0;s:23:\"nickx_video_url_youtube\";}"],"_nickx_product_video_thumb_ids":["a:1:{i:0;s:0:\"\";}"],"_wpml_post_translation_editor_native":["no"],"_edit_lock":["1767092726:4"],"woocommerce_izettle_product_uuid":["87095c7a-8bad-11ef-a13b-353536383939"],"woocommerce_izettle_variant_uuid":["84cd7252-8bad-11ef-b7dd-353536383939"],"_izettle_updated":["1755929111"],"_edit_last":["4"],"_izettle_barcode":[""],"_izettle_nosync":[""],"_izettle_cost_price":[""],"_izettle_special_price":[""],"_izettle_product_name":[""],"_izettle_image_lookup_key":["3kyncy1cEe-udXp3qLWasA-D3BDgUbCEfCKYWsXOU2pEg"],"_izettle_product_etag":["74853E028B18C4E48A58A1239DE0C11D"],"_product_available_from_field":[""],"_safety_instructions":[""],"_product_reserve_till_field":[""],"_wireless_electronic_device":["no"],"_device_contains_power_supply":["no"],"_device_charging_supports_usb_pd":["no"],"_device_charging_watt_min":["0"],"_device_charging_watt_max":["0"],"rank_math_primary_product_brand":["0"],"_ame_cpe_post_policy":["{\"accessProtection\":{\"active\":\"replace\"}}"],"sib_push_meta_box_present":["1"],"sib_push_send_notification":["0"],"sib_push_target_segment_ids":["@ALL"],"copied_media_ids":["a:0:{}"],"referenced_media_ids":["a:8:{i:0;i:47692;i:1;i:47680;i:2;i:47690;i:3;i:47688;i:4;i:47686;i:5;i:47678;i:6;i:47684;i:7;i:47682;}"],"sib_push_send_notification_delay_seconds":["0"],"_entrupy_echtheitszertifikat":[""],"_is_non_alcoholic":["no"],"_mid_code":[""],"_ship_separately_via":[""],"_shipping_weight":[""],"astra-migrate-meta-layouts":["set"],"rank_math_analytic_object_id":["1377"],"_wcml_average_rating":[null],"_wcml_review_count":[null],"_wcml_rating_count":[null],"_uag_page_assets":["a:9:{s:3:\"css\";s:0:\"\";s:2:\"js\";s:0:\"\";s:18:\"current_block_list\";a:6:{i:0;s:26:\"woocommerce\/filter-wrapper\";i:1;s:24:\"woocommerce\/price-filter\";i:2;s:30:\"woocommerce\/product-categories\";i:3;s:14:\"core\/paragraph\";i:4;s:14:\"core\/shortcode\";i:5;s:11:\"core\/search\";}s:8:\"uag_flag\";b:0;s:11:\"uag_version\";s:10:\"1777326284\";s:6:\"gfonts\";a:0:{}s:10:\"gfonts_url\";s:0:\"\";s:12:\"gfonts_files\";a:0:{}s:14:\"uag_faq_layout\";b:0;}"],"_wc_rating_count":[""]},"uagb_featured_image_src":{"full":["https:\/\/truelangtest.ilovehandbags.com\/wp-content\/uploads\/sites\/3\/Vachetta-Riemen-Schmal-Titelbild-2024-0577-scaled.jpg",2560,1920,false],"thumbnail":["https:\/\/truelangtest.ilovehandbags.com\/wp-content\/uploads\/sites\/3\/Vachetta-Riemen-Schmal-Titelbild-2024-0577-scaled-150x150.jpg",150,150,true],"medium":["https:\/\/truelangtest.ilovehandbags.com\/wp-content\/uploads\/sites\/3\/Vachetta-Riemen-Schmal-Titelbild-2024-0577-scaled-300x300.jpg",300,300,true],"medium_large":["https:\/\/truelangtest.ilovehandbags.com\/wp-content\/uploads\/sites\/3\/Vachetta-Riemen-Schmal-Titelbild-2024-0577-scaled-768x768.jpg",768,768,true],"large":["https:\/\/truelangtest.ilovehandbags.com\/wp-content\/uploads\/sites\/3\/Vachetta-Riemen-Schmal-Titelbild-2024-0577-scaled-1024x1024.jpg",1024,1024,true],"1536x1536":["https:\/\/truelangtest.ilovehandbags.com\/wp-content\/uploads\/sites\/3\/Vachetta-Riemen-Schmal-Titelbild-2024-0577-scaled.jpg",1536,1152,false],"2048x2048":["https:\/\/truelangtest.ilovehandbags.com\/wp-content\/uploads\/sites\/3\/Vachetta-Riemen-Schmal-Titelbild-2024-0577-scaled.jpg",2048,1536,false],"woocommerce_thumbnail":["https:\/\/truelangtest.ilovehandbags.com\/wp-content\/uploads\/sites\/3\/Vachetta-Riemen-Schmal-Titelbild-2024-0577-scaled-500x500.jpg",500,500,true],"woocommerce_single":["https:\/\/truelangtest.ilovehandbags.com\/wp-content\/uploads\/sites\/3\/Vachetta-Riemen-Schmal-Titelbild-2024-0577-scaled-500x500.jpg",500,500,true],"woocommerce_gallery_thumbnail":["https:\/\/truelangtest.ilovehandbags.com\/wp-content\/uploads\/sites\/3\/Vachetta-Riemen-Schmal-Titelbild-2024-0577-scaled-100x100.jpg",100,100,true]},"uagb_author_info":{"display_name":"ILoveHandbags","author_link":"https:\/\/truelangtest.ilovehandbags.com\/de\/author\/"},"uagb_comment_info":0,"uagb_excerpt":"Mit diesem eleganten, schmalen Schulterriemen von I Love Handbags verleihst du deiner Tasche einen stilvollen und zugleich praktischen Touch. Der Riemen ist l\u00e4ngenverstellbar und bietet dir maximale Flexibilit\u00e4t \u2013 er l\u00e4sst sich sowohl \u00fcber der Schulter als auch crossbody tragen. Er wurde so gestaltet, dass er kompatibel mit kleineren Taschenmodellen ist \u2013 etwa mit der&hellip;","_links":{"self":[{"href":"https:\/\/truelangtest.ilovehandbags.com\/de\/wp-json\/wp\/v2\/product\/47676","targetHints":{"allow":["GET"]}}],"collection":[{"href":"https:\/\/truelangtest.ilovehandbags.com\/de\/wp-json\/wp\/v2\/product"}],"about":[{"href":"https:\/\/truelangtest.ilovehandbags.com\/de\/wp-json\/wp\/v2\/types\/product"}],"wp:featuredmedia":[{"embeddable":true,"href":"https:\/\/truelangtest.ilovehandbags.com\/de\/wp-json\/wp\/v2\/media\/47692"}],"wp:attachment":[{"href":"https:\/\/truelangtest.ilovehandbags.com\/de\/wp-json\/wp\/v2\/media?parent=47676"}],"wp:term":[{"taxonomy":"product_brand","embeddable":true,"href":"https:\/\/truelangtest.ilovehandbags.com\/de\/wp-json\/wp\/v2\/product_brand?post=47676"},{"taxonomy":"product_cat","embeddable":true,"href":"https:\/\/truelangtest.ilovehandbags.com\/de\/wp-json\/wp\/v2\/product_cat?post=47676"},{"taxonomy":"product_tag","embeddable":true,"href":"https:\/\/truelangtest.ilovehandbags.com\/de\/wp-json\/wp\/v2\/product_tag?post=47676"}],"curies":[{"name":"wp","href":"https:\/\/api.w.org\/{rel}","templated":true}]}}