{"id":52410,"date":"2025-01-14T13:59:05","date_gmt":"2025-01-14T12:59:05","guid":{"rendered":"https:\/\/ilovehandbags.com\/?post_type=product&#038;p=52410"},"modified":"2026-01-11T08:56:40","modified_gmt":"2026-01-11T07:56:40","slug":"louis-vuitton-zippy-murakami-panda","status":"publish","type":"product","link":"https:\/\/truelangtest.ilovehandbags.com\/de\/louis-vuitton-zippy-murakami-panda\/","title":{"rendered":"Louis Vuitton Zippy Murakami Panda Geldb\u00f6rse"},"content":{"rendered":"","protected":false},"excerpt":{"rendered":"<p>Diese Louis Vuitton Geldb\u00f6rse stammt aus der limitierten Murakami Panda Kollektion von 2004 \u2013 ein echtes Sammlerst\u00fcck und aktuell gefragter denn je! Die Murakami-Kollektion erlebt durch das Revival derzeit ein gro\u00dfes Comeback und begeistert Liebhaber auf der ganzen Welt. Mit ihrem zeitlosen Design und den charakteristischen Murakami-Details ist diese Geldb\u00f6rse ein ikonischer Klassiker. Sie bietet durchdachten Stauraum f\u00fcr M\u00fcnzen, Geldscheine und verf\u00fcgt \u00fcber zwei praktische Kartenf\u00e4cher. Perfekt f\u00fcr alle, die stilvolles Design und Funktionalit\u00e4t zu sch\u00e4tzen wissen. Ein Must-have f\u00fcr jeden, der das Besondere sucht!<\/p>\n","protected":false},"featured_media":67046,"template":"","meta":{"_uag_custom_page_level_css":"","site-sidebar-layout":"default","site-content-layout":"default","ast-site-content-layout":"default","site-content-style":"default","site-sidebar-style":"default","ast-global-header-display":"","ast-banner-title-visibility":"","ast-main-header-display":"","ast-hfb-above-header-display":"","ast-hfb-below-header-display":"","ast-hfb-mobile-header-display":"","site-post-title":"","ast-breadcrumbs-content":"","ast-featured-img":"","footer-sml-layout":"","ast-disable-related-posts":"","theme-transparent-header-meta":"default","adv-header-id-meta":"","stick-header-meta":"default","header-above-stick-meta":"","header-main-stick-meta":"","header-below-stick-meta":"","astra-migrate-meta-layouts":"set","ast-page-background-enabled":"default","ast-page-background-meta":{"desktop":{"background-color":"var(--ast-global-color-4)","background-image":"","background-repeat":"repeat","background-position":"center center","background-size":"auto","background-attachment":"scroll","background-type":"","background-media":"","overlay-type":"","overlay-color":"","overlay-opacity":"","overlay-gradient":""},"tablet":{"background-color":"","background-image":"","background-repeat":"repeat","background-position":"center center","background-size":"auto","background-attachment":"scroll","background-type":"","background-media":"","overlay-type":"","overlay-color":"","overlay-opacity":"","overlay-gradient":""},"mobile":{"background-color":"","background-image":"","background-repeat":"repeat","background-position":"center center","background-size":"auto","background-attachment":"scroll","background-type":"","background-media":"","overlay-type":"","overlay-color":"","overlay-opacity":"","overlay-gradient":""}},"ast-content-background-meta":{"desktop":{"background-color":"var(--ast-global-color-5)","background-image":"","background-repeat":"repeat","background-position":"center center","background-size":"auto","background-attachment":"scroll","background-type":"","background-media":"","overlay-type":"","overlay-color":"","overlay-opacity":"","overlay-gradient":""},"tablet":{"background-color":"var(--ast-global-color-5)","background-image":"","background-repeat":"repeat","background-position":"center center","background-size":"auto","background-attachment":"scroll","background-type":"","background-media":"","overlay-type":"","overlay-color":"","overlay-opacity":"","overlay-gradient":""},"mobile":{"background-color":"var(--ast-global-color-5)","background-image":"","background-repeat":"repeat","background-position":"center center","background-size":"auto","background-attachment":"scroll","background-type":"","background-media":"","overlay-type":"","overlay-color":"","overlay-opacity":"","overlay-gradient":""}},"_glsr_average":0,"_glsr_ranking":0,"_glsr_reviews":0},"product_brand":[],"product_cat":[191,237,448,239,451],"product_tag":[214,313,355,1340],"class_list":{"0":"post-52410","1":"product","2":"type-product","3":"status-publish","4":"has-post-thumbnail","6":"product_cat-geldboersen","7":"product_cat-kleinlederwaren","8":"product_cat-limited-editions","9":"product_cat-louis-vuitton","10":"product_cat-vintage","11":"product_tag-louis-vuitton","12":"product_tag-louis-vuitton-geldboerse","13":"product_tag-louis-vuitton-murakami-panda","14":"product_tag-louis-vuitton-takashi-murakami","15":"desktop-align-left","16":"tablet-align-left","17":"mobile-align-left","18":"ast-product-gallery-layout-first-image-large","19":"ast-magnify-disabled","20":"ast-product-tabs-layout-accordion","22":"first","23":"instock","24":"sold-individually","25":"purchasable","26":"product-type-simple"},"spectra_custom_meta":{"_sku":["P5-0050"],"_regular_price":["600"],"total_sales":["0"],"_tax_status":["none"],"_tax_class":[""],"_manage_stock":["yes"],"_backorders":["no"],"_sold_individually":["yes"],"_virtual":["no"],"_downloadable":["no"],"_product_image_gallery":["67039,67047,67041,67045,67049,67042,67050,67043,67040,67048,67044"],"_download_limit":["-1"],"_download_expiry":["-1"],"_thumbnail_id":["67046"],"_stock":["1"],"_stock_status":["instock"],"_wc_average_rating":[0],"_wc_review_count":["0"],"_product_attributes":["a:3:{s:8:\"pa_brand\";a:7:{s:4:\"name\";s:8:\"pa_brand\";s:5:\"value\";s:0:\"\";s:8:\"position\";i:1;s:10:\"is_visible\";i:0;s:12:\"is_variation\";i:1;s:11:\"is_taxonomy\";i:1;s:16:\"checkout_visible\";i:0;}s:8:\"pa_color\";a:7:{s:4:\"name\";s:8:\"pa_color\";s:5:\"value\";s:0:\"\";s:8:\"position\";i:2;s:10:\"is_visible\";i:0;s:12:\"is_variation\";i:1;s:11:\"is_taxonomy\";i:1;s:16:\"checkout_visible\";i:0;}s:9:\"pa_gender\";a:7:{s:4:\"name\";s:9:\"pa_gender\";s:5:\"value\";s:0:\"\";s:8:\"position\";i:3;s:10:\"is_visible\";i:0;s:12:\"is_variation\";i:1;s:11:\"is_taxonomy\";i:1;s:16:\"checkout_visible\";i:0;}}"],"_product_version":["10.4.3"],"_price":["600"],"_wpml_media_featured":["1","1","1","1","1","1","1","1","1"],"_wpml_media_duplicate":["1","1","1","1","1","1","1","1","1"],"_wpml_word_count":["118"],"_wpml_location_migration_done":["1"],"_fusion":["a:3:{s:17:\"slider_visibility\";s:51:\"small-visibility,medium-visibility,large-visibility\";s:11:\"slider_type\";s:2:\"no\";s:9:\"wooslider\";s:1:\"0\";}"],"rank_math_seo_score":["83"],"rank_math_focus_keyword":["Louis Vuitton"],"_purchase_price_field":["405"],"_internal_warehouse_number_field":["2025-0050"],"_gdrive_field":["https:\/\/drive.google.com\/drive\/u\/0\/folders\/1Dvs1mg9bLYFAN-GDevzf7RXP4avteXQJ"],"_unit":[""],"_unit_base":[""],"_unit_product":[""],"_unit_price_auto":["no"],"_unit_price_regular":[""],"_unit_price":[""],"_unit_price_sale":[""],"_sale_price_label":[""],"_sale_price_regular_label":[""],"_mini_desc":["Louis Vuitton Zippy Murakami Panda Geldb\u00f6rse"],"_defect_description":[""],"_allergen_ids":["a:0:{}"],"_warranty_attachment_id":[""],"_min_age":[""],"_ts_gtin":[""],"_ts_mpn":[""],"_delivery_time_countries":["a:0:{}"],"_free_shipping":["no"],"_service":["no"],"_photovoltaic_system":["no"],"_used_good":["yes"],"_defective_copy":["no"],"_is_food":["no"],"_differential_taxation":["yes"],"_gzd_version":["3.20.4"],"_hs_code":[""],"_manufacture_country":[""],"_rank_math_gtin_code":[""],"_fusion_google_fonts":[""],"fusion_builder_status":["active"],"rank_math_primary_product_cat":["0"],"_wcml_custom_prices_status":["0"],"avada_post_views_count":["48"],"avada_today_post_views_count":["1"],"avada_post_views_count_today_date":["12-04-2023"],"_deposit_type":[""],"_nutrient_ids":["a:0:{}"],"_nutrient_reference_value":["100g"],"_ingredients":[""],"_nutri_score":[""],"_alcohol_content":[""],"_drained_weight":[""],"_net_filling_quantity":[""],"_food_distributor":[""],"_food_description":[""],"_food_place_of_origin":[""],"_deposit_quantity":[""],"yikes_woo_products_tabs":["a:2:{i:0;a:3:{s:5:\"title\";s:21:\"Weitere Informationen\";s:2:\"id\";s:21:\"weitere-informationen\";s:7:\"content\";s:264:\"<strong>Material au\u00dfen: <\/strong>Monogram Canvas\r\n<strong>Material innen: <\/strong>Braunes Rindsleder\r\n<strong>Ma\u00dfe: <\/strong>19 x 10,5 cm\r\n<strong>Date Code \/ Herstellungsjahr: <\/strong>CA0094\u00a0 \/ 2004\r\n<strong>Lieferumfang:<\/strong> I Love Handbags Staubbeutel\";}i:1;a:3:{s:5:\"title\";s:7:\"Zustand\";s:2:\"id\";s:7:\"zustand\";s:7:\"content\";s:262:\"<strong>Gesamtzustand: <\/strong>Sehr gut\r\n<strong>Canvas: <\/strong>Intakt mit leichten Gebrauchsspuren, Leichter Abrieb am Print und den Ecken\r\n<strong>Rei\u00dfverschluss:<\/strong> Schlie\u00dft fl\u00fcssig\r\n<strong>Innenraum:\u00a0<\/strong>Sauber mit leichten Gebrauchsspuren\";}}"],"site-sidebar-layout":["default"],"site-content-layout":["default"],"theme-transparent-header-meta":["default"],"stick-header-meta":["default"],"_pys_conversion_label_settings":["a:3:{s:6:\"enable\";b:0;s:5:\"label\";s:0:\"\";s:2:\"id\";s:14:\"AW-11184563350\";}"],"_pys_super_pack_cpt_url":[""],"_pys_super_pack_cpt_condition":["only"],"_pys_super_pack_cpt_cart":["hidden"],"_woosea_brand":[""],"_woosea_mpn":[""],"_woosea_upc":[""],"_woosea_ean":[""],"_woosea_gtin":[""],"_woosea_color":[""],"_woosea_size":[""],"_woosea_gender":[""],"_woosea_material":[""],"_woosea_pattern":[""],"_woosea_optimized_title":[""],"_woosea_unit_pricing_measure":[""],"_woosea_unit_pricing_base_measure":[""],"_woosea_condition":[""],"_woosea_age_group":["adult"],"_woosea_installment_months":[""],"_woosea_installment_amount":[""],"_woosea_exclude_product":["no"],"_woosea_cost_of_good_sold":[""],"_woosea_multipack":[""],"_woosea_is_bundle":[""],"_woosea_energy_efficiency_class":[""],"_woosea_min_energy_efficiency_class":[""],"_woosea_max_energy_efficiency_class":[""],"_woosea_is_promotion":[""],"_woosea_custom_field_0":[""],"_woosea_custom_field_1":[""],"_woosea_custom_field_2":[""],"_woosea_custom_field_3":[""],"_woosea_custom_field_4":[""],"_pys_head_footer":["a:7:{s:14:\"disable_global\";b:0;s:8:\"head_any\";s:0:\"\";s:12:\"head_desktop\";s:0:\"\";s:11:\"head_mobile\";s:0:\"\";s:10:\"footer_any\";s:0:\"\";s:14:\"footer_desktop\";s:0:\"\";s:13:\"footer_mobile\";s:0:\"\";}"],"_customs_description":[""],"_is_non_returnable":["no"],"_wpml_media_has_media":["1"],"litespeed_vpi_list_mobile":["a:2:{i:0;s:8:\"logo.png\";i:1;s:68:\"Louis-Vuitton-Murakami-Panda-Zippy-vorn-2023-0166-scaled-500x500.jpg\";}"],"litespeed_vpi_list":["a:5:{i:0;s:8:\"logo.png\";i:1;s:6:\"de.png\";i:2;s:68:\"Louis-Vuitton-Murakami-Panda-Zippy-vorn-2023-0166-scaled-500x500.jpg\";i:3;s:35:\"three-o-clock-clock-svgrepo-com.svg\";i:4;s:23:\"authentic_black_100.png\";}"],"_internal_date_code":["CA0094\u00a0"],"_internal_product_origin":["Spanien"],"_product_rating":["A"],"ast-site-content-layout":["default"],"site-content-style":["default"],"site-sidebar-style":["default"],"_rank_math_video":["true"],"rank_math_robots":["a:1:{i:0;s:5:\"index\";}"],"_wp_old_date":["2023-04-11"],"_custom_html_content":[""],"_show_in_inventory_checkbox":[""],"_not_in_inventory_checkbox":[""],"_customer_view":["20"],"_custom_view_last_updated":["2026-04-21 20:51:08"],"_product_shipping_weight":["1kg"],"_product_available_from_field":["2025-01-17T19:00"],"_manufacturer_slug":["lvmh-moet-hennessy-louis-vuitton-se"],"_safety_attachment_ids":["a:0:{}"],"_zettle_product_cat_id":[""],"_shipping_length":[""],"_shipping_width":[""],"_shipping_height":[""],"_nickx_video_text_url":["a:1:{i:0;s:0:\"\";}"],"_nickx_product_video_type":["a:1:{i:0;s:23:\"nickx_video_url_youtube\";}"],"_nickx_product_video_thumb_ids":["a:1:{i:0;s:0:\"\";}"],"_safety_instructions":[""],"_product_reserve_till_field":[""],"similar_product_key":["1736859548"],"_edit_lock":["1768118118:4"],"_edit_last":["4"],"_izettle_barcode":[""],"_izettle_nosync":[""],"_izettle_cost_price":[""],"_izettle_special_price":[""],"_izettle_product_name":[""],"_izettle_image_lookup_key":["3kyncy1cEe-udXp3qLWasA-6EsqXEbBEfCAyDS600IWRw"],"woocommerce_izettle_product_uuid":["afa35e9c-d27a-11ef-b73b-353536383939"],"woocommerce_izettle_variant_uuid":["afa37e54-d27a-11ef-b56c-353536383939"],"_izettle_updated":["1755929050"],"_wp_old_slug":["louis-vuitton-zippy-murakami-panda-geldboerse-kopie"],"_wpml_post_translation_editor_native":["no"],"_izettle_product_etag":["443FEA0D79F6050BC2B1E59780210601"],"copied_media_ids":["a:0:{}"],"referenced_media_ids":["a:12:{i:0;i:67046;i:1;i:67039;i:2;i:67047;i:3;i:67041;i:4;i:67045;i:5;i:67049;i:6;i:67042;i:7;i:67050;i:8;i:67043;i:9;i:67040;i:10;i:67048;i:11;i:67044;}"],"sib_push_meta_box_present":["1"],"sib_push_send_notification":["0"],"sib_push_target_segment_ids":["@ALL"],"_zettle_barcode":[""],"_wireless_electronic_device":["no"],"_device_contains_power_supply":["no"],"_device_charging_supports_usb_pd":["no"],"_device_charging_watt_min":[""],"_device_charging_watt_max":[""],"rank_math_primary_product_brand":["0"],"_ame_cpe_post_policy":["{\"accessProtection\":{\"active\":\"replace\"}}"],"sib_push_send_notification_delay_seconds":["0"],"_entrupy_echtheitszertifikat":["yes"],"_is_non_alcoholic":["no"],"_mid_code":[""],"_ship_separately_via":[""],"_shipping_weight":[""],"_wcml_average_rating":[null],"_wcml_review_count":[null],"_wcml_rating_count":[null],"astra-migrate-meta-layouts":["set"],"rank_math_analytic_object_id":["1122"],"_uag_page_assets":["a:9:{s:3:\"css\";s:0:\"\";s:2:\"js\";s:0:\"\";s:18:\"current_block_list\";a:6:{i:0;s:26:\"woocommerce\/filter-wrapper\";i:1;s:24:\"woocommerce\/price-filter\";i:2;s:30:\"woocommerce\/product-categories\";i:3;s:14:\"core\/paragraph\";i:4;s:14:\"core\/shortcode\";i:5;s:11:\"core\/search\";}s:8:\"uag_flag\";b:0;s:11:\"uag_version\";s:10:\"1777326936\";s:6:\"gfonts\";a:0:{}s:10:\"gfonts_url\";s:0:\"\";s:12:\"gfonts_files\";a:0:{}s:14:\"uag_faq_layout\";b:0;}"],"_wc_rating_count":[""]},"uagb_featured_image_src":{"full":["https:\/\/truelangtest.ilovehandbags.com\/wp-content\/uploads\/sites\/3\/Louis-Vuitton-Zippy-Murakami-Panda-0050-05.jpg",2000,1500,false],"thumbnail":["https:\/\/truelangtest.ilovehandbags.com\/wp-content\/uploads\/sites\/3\/Louis-Vuitton-Zippy-Murakami-Panda-0050-05-150x150.jpg",150,150,true],"medium":["https:\/\/truelangtest.ilovehandbags.com\/wp-content\/uploads\/sites\/3\/Louis-Vuitton-Zippy-Murakami-Panda-0050-05-300x300.jpg",300,300,true],"medium_large":["https:\/\/truelangtest.ilovehandbags.com\/wp-content\/uploads\/sites\/3\/Louis-Vuitton-Zippy-Murakami-Panda-0050-05-768x768.jpg",768,768,true],"large":["https:\/\/truelangtest.ilovehandbags.com\/wp-content\/uploads\/sites\/3\/Louis-Vuitton-Zippy-Murakami-Panda-0050-05-1024x1024.jpg",1024,1024,true],"1536x1536":["https:\/\/truelangtest.ilovehandbags.com\/wp-content\/uploads\/sites\/3\/Louis-Vuitton-Zippy-Murakami-Panda-0050-05.jpg",1536,1152,false],"2048x2048":["https:\/\/truelangtest.ilovehandbags.com\/wp-content\/uploads\/sites\/3\/Louis-Vuitton-Zippy-Murakami-Panda-0050-05.jpg",2000,1500,false],"woocommerce_thumbnail":["https:\/\/truelangtest.ilovehandbags.com\/wp-content\/uploads\/sites\/3\/Louis-Vuitton-Zippy-Murakami-Panda-0050-05-500x500.jpg",500,500,true],"woocommerce_single":["https:\/\/truelangtest.ilovehandbags.com\/wp-content\/uploads\/sites\/3\/Louis-Vuitton-Zippy-Murakami-Panda-0050-05-500x500.jpg",500,500,true],"woocommerce_gallery_thumbnail":["https:\/\/truelangtest.ilovehandbags.com\/wp-content\/uploads\/sites\/3\/Louis-Vuitton-Zippy-Murakami-Panda-0050-05-100x100.jpg",100,100,true]},"uagb_author_info":{"display_name":"ILoveHandbags","author_link":"https:\/\/truelangtest.ilovehandbags.com\/de\/author\/"},"uagb_comment_info":0,"uagb_excerpt":"Diese Louis Vuitton Geldb\u00f6rse stammt aus der limitierten Murakami Panda Kollektion von 2004 \u2013 ein echtes Sammlerst\u00fcck und aktuell gefragter denn je! Die Murakami-Kollektion erlebt durch das Revival derzeit ein gro\u00dfes Comeback und begeistert Liebhaber auf der ganzen Welt. Mit ihrem zeitlosen Design und den charakteristischen Murakami-Details ist diese Geldb\u00f6rse ein ikonischer Klassiker. Sie bietet&hellip;","_links":{"self":[{"href":"https:\/\/truelangtest.ilovehandbags.com\/de\/wp-json\/wp\/v2\/product\/52410","targetHints":{"allow":["GET"]}}],"collection":[{"href":"https:\/\/truelangtest.ilovehandbags.com\/de\/wp-json\/wp\/v2\/product"}],"about":[{"href":"https:\/\/truelangtest.ilovehandbags.com\/de\/wp-json\/wp\/v2\/types\/product"}],"wp:featuredmedia":[{"embeddable":true,"href":"https:\/\/truelangtest.ilovehandbags.com\/de\/wp-json\/wp\/v2\/media\/67046"}],"wp:attachment":[{"href":"https:\/\/truelangtest.ilovehandbags.com\/de\/wp-json\/wp\/v2\/media?parent=52410"}],"wp:term":[{"taxonomy":"product_brand","embeddable":true,"href":"https:\/\/truelangtest.ilovehandbags.com\/de\/wp-json\/wp\/v2\/product_brand?post=52410"},{"taxonomy":"product_cat","embeddable":true,"href":"https:\/\/truelangtest.ilovehandbags.com\/de\/wp-json\/wp\/v2\/product_cat?post=52410"},{"taxonomy":"product_tag","embeddable":true,"href":"https:\/\/truelangtest.ilovehandbags.com\/de\/wp-json\/wp\/v2\/product_tag?post=52410"}],"curies":[{"name":"wp","href":"https:\/\/api.w.org\/{rel}","templated":true}]}}