{"id":53411,"date":"2025-05-06T12:01:32","date_gmt":"2025-05-06T10:01:32","guid":{"rendered":"https:\/\/ilovehandbags.com\/?post_type=product&#038;p=53411"},"modified":"2026-03-07T14:36:21","modified_gmt":"2026-03-07T13:36:21","slug":"chanel-wallet-on-chain-woc-kalbsleder-pink","status":"publish","type":"product","link":"https:\/\/truelangtest.ilovehandbags.com\/de\/chanel-wallet-on-chain-woc-kalbsleder-pink\/","title":{"rendered":"Chanel Wallet on Chain WOC Kalbsleder Pink"},"content":{"rendered":"","protected":false},"excerpt":{"rendered":"<p>Die Chanel Wallet on Chain (WOC) vereint m\u00fchelos klassisches Design mit moderner Funktionalit\u00e4t. Dieses ikonische Accessoire ist der perfekte Begleiter f\u00fcr jeden Anlass \u2013 sei es eine Hochzeit, ein elegantes Abendessen, Cocktails oder sogar der Alltag. Mit ihrer edlen Optik und Vielseitigkeit l\u00e4sst sich die WOC sowohl als Schultertasche als auch stilvoll als Clutch tragen. Im Inneren erwarten dich clevere Details: ein Hauptfach mit Rei\u00dfverschluss, mehrere Kartenf\u00e4cher und ein spezielles Fach f\u00fcr dein Handy. Trotz ihrer kompakten Gr\u00f6\u00dfe bietet sie gen\u00fcgend Platz f\u00fcr all deine Essentials wie Schl\u00fcssel, Geldb\u00f6rse, Make-up und nat\u00fcrlich dein Smartphone. Nach einer professionellen Reinigung und Auffrischung im Spa erstrahlt sie in neuem Glanz und ist bereit, Deinen Look zu vervollst\u00e4ndigen.<\/p>\n","protected":false},"featured_media":66877,"template":"","meta":{"_uag_custom_page_level_css":"","site-sidebar-layout":"default","site-content-layout":"default","ast-site-content-layout":"default","site-content-style":"default","site-sidebar-style":"default","ast-global-header-display":"","ast-banner-title-visibility":"","ast-main-header-display":"","ast-hfb-above-header-display":"","ast-hfb-below-header-display":"","ast-hfb-mobile-header-display":"","site-post-title":"","ast-breadcrumbs-content":"","ast-featured-img":"","footer-sml-layout":"","ast-disable-related-posts":"","theme-transparent-header-meta":"default","adv-header-id-meta":"","stick-header-meta":"default","header-above-stick-meta":"","header-main-stick-meta":"","header-below-stick-meta":"","astra-migrate-meta-layouts":"set","ast-page-background-enabled":"default","ast-page-background-meta":{"desktop":{"background-color":"var(--ast-global-color-4)","background-image":"","background-repeat":"repeat","background-position":"center center","background-size":"auto","background-attachment":"scroll","background-type":"","background-media":"","overlay-type":"","overlay-color":"","overlay-opacity":"","overlay-gradient":""},"tablet":{"background-color":"","background-image":"","background-repeat":"repeat","background-position":"center center","background-size":"auto","background-attachment":"scroll","background-type":"","background-media":"","overlay-type":"","overlay-color":"","overlay-opacity":"","overlay-gradient":""},"mobile":{"background-color":"","background-image":"","background-repeat":"repeat","background-position":"center center","background-size":"auto","background-attachment":"scroll","background-type":"","background-media":"","overlay-type":"","overlay-color":"","overlay-opacity":"","overlay-gradient":""}},"ast-content-background-meta":{"desktop":{"background-color":"var(--ast-global-color-5)","background-image":"","background-repeat":"repeat","background-position":"center center","background-size":"auto","background-attachment":"scroll","background-type":"","background-media":"","overlay-type":"","overlay-color":"","overlay-opacity":"","overlay-gradient":""},"tablet":{"background-color":"var(--ast-global-color-5)","background-image":"","background-repeat":"repeat","background-position":"center center","background-size":"auto","background-attachment":"scroll","background-type":"","background-media":"","overlay-type":"","overlay-color":"","overlay-opacity":"","overlay-gradient":""},"mobile":{"background-color":"var(--ast-global-color-5)","background-image":"","background-repeat":"repeat","background-position":"center center","background-size":"auto","background-attachment":"scroll","background-type":"","background-media":"","overlay-type":"","overlay-color":"","overlay-opacity":"","overlay-gradient":""}},"_glsr_average":0,"_glsr_ranking":0,"_glsr_reviews":0},"product_brand":[1593],"product_cat":[235,208,242,204],"product_tag":[325,942,327,326],"class_list":{"0":"post-53411","1":"product","2":"type-product","3":"status-publish","4":"has-post-thumbnail","6":"product_brand-chanel","7":"product_cat-chanel","8":"product_cat-handtaschen","9":"product_cat-kleine-taschen","10":"product_cat-umhaengetaschen","11":"product_tag-chanel","12":"product_tag-chanel-nk289","13":"product_tag-chanel-wallet-on-chain","14":"product_tag-chanel-woc","15":"desktop-align-left","16":"tablet-align-left","17":"mobile-align-left","18":"ast-product-gallery-layout-first-image-large","19":"ast-magnify-disabled","20":"ast-product-tabs-layout-accordion","22":"first","23":"instock","24":"sold-individually","25":"purchasable","26":"product-type-simple"},"spectra_custom_meta":{"_sku":["P5-0690"],"_regular_price":["2450"],"total_sales":["0"],"_tax_status":["none"],"_tax_class":[""],"_manage_stock":["yes"],"_backorders":["no"],"_sold_individually":["yes"],"_crosssell_ids":["a:1:{i:0;i:23129;}"],"_virtual":["no"],"_downloadable":["no"],"_product_image_gallery":["66869,66874,66878,66881,66873,66870,66880,66872,66871,66876,66883,66868,66882,66879,66875"],"_download_limit":["-1"],"_download_expiry":["-1"],"_thumbnail_id":["66877"],"_stock":["1"],"_stock_status":["instock"],"_wc_average_rating":[0],"_wc_review_count":["0"],"_product_attributes":["a:3:{s:8:\"pa_brand\";a:7:{s:4:\"name\";s:8:\"pa_brand\";s:5:\"value\";s:0:\"\";s:8:\"position\";i:1;s:10:\"is_visible\";i:0;s:12:\"is_variation\";i:1;s:11:\"is_taxonomy\";i:1;s:16:\"checkout_visible\";i:0;}s:8:\"pa_color\";a:7:{s:4:\"name\";s:8:\"pa_color\";s:5:\"value\";s:0:\"\";s:8:\"position\";i:2;s:10:\"is_visible\";i:0;s:12:\"is_variation\";i:1;s:11:\"is_taxonomy\";i:1;s:16:\"checkout_visible\";i:0;}s:9:\"pa_gender\";a:7:{s:4:\"name\";s:9:\"pa_gender\";s:5:\"value\";s:0:\"\";s:8:\"position\";i:3;s:10:\"is_visible\";i:0;s:12:\"is_variation\";i:1;s:11:\"is_taxonomy\";i:1;s:16:\"checkout_visible\";i:0;}}"],"_product_version":["10.5.3"],"_price":["2450"],"_wpml_media_featured":["1","1","1","1","1","1","1"],"_wpml_media_duplicate":["1","1","1","1","1","1","1"],"_wpml_word_count":["147"],"_wpml_location_migration_done":["1"],"_fusion":["a:3:{s:17:\"slider_visibility\";s:51:\"small-visibility,medium-visibility,large-visibility\";s:11:\"slider_type\";s:2:\"no\";s:9:\"wooslider\";s:1:\"0\";}"],"rank_math_seo_score":["81"],"rank_math_focus_keyword":["chanel"],"_purchase_price_field":["1850"],"_internal_warehouse_number_field":["2025-0690"],"_gdrive_field":["https:\/\/drive.google.com\/drive\/u\/1\/folders\/1O-pa6JyhjZKARN_UT8poFlGg2IYJMwu-"],"_unit":[""],"_unit_base":[""],"_unit_product":[""],"_unit_price_auto":["no"],"_unit_price_regular":[""],"_unit_price":[""],"_unit_price_sale":[""],"_sale_price_label":[""],"_sale_price_regular_label":[""],"_mini_desc":["Chanel Wallet on Chain WOC Kalbsleder Pink"],"_defect_description":[""],"_allergen_ids":["a:0:{}"],"_warranty_attachment_id":[""],"_min_age":[""],"_ts_gtin":[""],"_ts_mpn":[""],"_delivery_time_countries":["a:0:{}"],"_free_shipping":["no"],"_service":["no"],"_photovoltaic_system":["no"],"_used_good":["yes"],"_defective_copy":["no"],"_is_food":["no"],"_differential_taxation":["yes"],"_gzd_version":["3.20.7"],"_hs_code":[""],"_manufacture_country":[""],"_rank_math_gtin_code":[""],"_fusion_google_fonts":[""],"fusion_builder_status":["active"],"rank_math_primary_product_cat":["235"],"_wcml_custom_prices_status":["0"],"_deposit_type":[""],"_nutrient_ids":["a:0:{}"],"_nutrient_reference_value":["100g"],"_ingredients":[""],"_nutri_score":[""],"_alcohol_content":[""],"_drained_weight":[""],"_net_filling_quantity":[""],"_food_distributor":[""],"_food_description":[""],"_food_place_of_origin":[""],"_deposit_quantity":[""],"yikes_woo_products_tabs":["a:2:{i:0;a:3:{s:5:\"title\";s:21:\"Weitere Informationen\";s:2:\"id\";s:21:\"weitere-informationen\";s:7:\"content\";s:306:\"<strong>Material au\u00dfen: <\/strong>Genarbtes Kalbsleder mit silberner Hardware\r\n<strong>Material innen:\u00a0<\/strong>Pinker Textilstoff\r\n<strong>Ma\u00dfe: <\/strong>19 \u00d7 12 x 3,5 cm\r\n<strong>Seriennummer \/ Jahr: <\/strong>18XXXX30 \/ 2013-14\r\n<strong>Lieferumfang:<\/strong> I Love Handbags Staubbeutel und Woc Saver\";}i:1;a:3:{s:5:\"title\";s:7:\"Zustand\";s:2:\"id\";s:7:\"zustand\";s:7:\"content\";s:417:\"<strong>Gesamtzustand: <\/strong>Gut bis sehr gut\r\n<strong>Leder: <\/strong>Vereinzelt Gebrauchsspuren und minimale Verf\u00e4rbungen (haupts\u00e4chlich am Boden) vorhanden, minimaler Abrieb an den R\u00e4ndern, Leder oben am Knickrand leicht wellig\r\n<strong>Rei\u00dfverschluss: <\/strong>Schlie\u00dft fl\u00fcssig\r\n<strong>Hardware: <\/strong>Leichte Gebrauchsspuren vorhanden\r\n<strong>Innenraum: <\/strong>Sauber mit leichten Gebrauchsspuren\";}}"],"site-sidebar-layout":["default"],"site-content-layout":["default"],"theme-transparent-header-meta":["default"],"stick-header-meta":["default"],"_wp_old_date":["2023-04-16","2023-05-08","2023-05-16","2023-05-13","2023-11-15"],"_pys_conversion_label_settings":["a:3:{s:6:\"enable\";b:0;s:5:\"label\";s:0:\"\";s:2:\"id\";s:14:\"AW-11184563350\";}"],"_pys_super_pack_cpt_url":[""],"_pys_super_pack_cpt_condition":["only"],"_pys_super_pack_cpt_cart":["hidden"],"_pys_head_footer":["a:7:{s:14:\"disable_global\";b:0;s:8:\"head_any\";s:0:\"\";s:12:\"head_desktop\";s:0:\"\";s:11:\"head_mobile\";s:0:\"\";s:10:\"footer_any\";s:0:\"\";s:14:\"footer_desktop\";s:0:\"\";s:13:\"footer_mobile\";s:0:\"\";}"],"_borlabs-cookie-custom-code":[""],"_woosea_brand":[""],"_woosea_mpn":[""],"_woosea_upc":[""],"_woosea_ean":[""],"_woosea_gtin":[""],"_woosea_color":[""],"_woosea_size":[""],"_woosea_gender":[""],"_woosea_material":[""],"_woosea_pattern":[""],"_woosea_optimized_title":[""],"_woosea_unit_pricing_measure":[""],"_woosea_unit_pricing_base_measure":[""],"_woosea_condition":["used"],"_woosea_age_group":["adult"],"_woosea_installment_months":[""],"_woosea_installment_amount":[""],"_woosea_exclude_product":["no"],"_woosea_cost_of_good_sold":[""],"_woosea_multipack":[""],"_woosea_is_bundle":[""],"_woosea_energy_efficiency_class":[""],"_woosea_min_energy_efficiency_class":[""],"_woosea_max_energy_efficiency_class":[""],"_woosea_is_promotion":[""],"_woosea_custom_field_0":[""],"_woosea_custom_field_1":[""],"_woosea_custom_field_2":[""],"_woosea_custom_field_3":[""],"_woosea_custom_field_4":[""],"litespeed_vpi_list":["a:2:{i:0;s:8:\"logo.png\";i:1;s:62:\"Chanel-Woc-iridescent-purple-vorn-2023-0094-scaled-500x500.jpg\";}"],"_customs_description":[""],"_is_non_returnable":["no"],"_internal_date_code":[""],"_internal_product_origin":["France"],"_product_rating":["between A and B"],"ast-site-content-layout":["default"],"site-content-style":["default"],"site-sidebar-style":["default"],"litespeed_vpi_list_mobile":["a:2:{i:0;s:8:\"logo.png\";i:1;s:60:\"Chanel-Woc-Hot-Pink-Vorderseite-2023-0381-scaled-500x500.jpg\";}"],"_product_shipping_weight":["1kg"],"_not_in_inventory_checkbox":[""],"_product_available_from_field":["2025-05-09T19:00"],"_manufacturer_slug":["chanel-s-a-s"],"_safety_attachment_ids":["a:0:{}"],"_zettle_product_cat_id":[""],"_shipping_length":[""],"_shipping_width":[""],"_shipping_height":[""],"_nickx_video_text_url":["a:1:{i:0;s:0:\"\";}"],"_nickx_product_video_type":["a:1:{i:0;s:23:\"nickx_video_url_youtube\";}"],"_nickx_product_video_thumb_ids":["a:1:{i:0;s:0:\"\";}"],"_custom_html_content":[""],"similar_product_key":["1738081414"],"_edit_lock":["1772890453:4"],"_edit_last":["4"],"_safety_instructions":[""],"_izettle_barcode":[""],"_izettle_nosync":[""],"_izettle_cost_price":[""],"_izettle_special_price":[""],"_izettle_product_name":[""],"_product_reserve_till_field":[""],"_customer_view":["13"],"_custom_view_last_updated":["2026-04-26 22:51:08"],"_wireless_electronic_device":["no"],"_device_contains_power_supply":["no"],"_device_charging_supports_usb_pd":["no"],"_device_charging_watt_min":["0"],"_device_charging_watt_max":["0"],"_wpml_media_has_media":["1"],"rank_math_primary_product_brand":["0"],"_default_delivery_time":[""],"sib_push_meta_box_present":["1"],"sib_push_send_notification":["0"],"sib_push_target_segment_ids":["@ALL"],"_ame_cpe_post_policy":["{\"accessProtection\":{\"active\":\"replace\"}}"],"_izettle_image_lookup_key":["3kyncy1cEe-udXp3qLWasA-edpZpUbBEfCehL2Dfz7Unw"],"woocommerce_izettle_product_uuid":["59e3bf58-2a61-11f0-94e9-353536383939"],"woocommerce_izettle_variant_uuid":["59e3f874-2a61-11f0-a0da-353536383939"],"_izettle_updated":["1755928918"],"_wpml_post_translation_editor_native":["no"],"rank_math_auto_redirect":["a:1:{i:0;i:88;}"],"_wp_old_slug":["chanel-wallet-on-chain-woc-pochette-kalbsleder-pink-shw"],"_izettle_product_etag":["AFF8646D61BFD9716D6A1FD6566E584A"],"copied_media_ids":["a:0:{}"],"referenced_media_ids":["a:16:{i:0;i:66877;i:1;i:66869;i:2;i:66874;i:3;i:66878;i:4;i:66881;i:5;i:66873;i:6;i:66870;i:7;i:66880;i:8;i:66872;i:9;i:66871;i:10;i:66876;i:11;i:66883;i:12;i:66868;i:13;i:66882;i:14;i:66879;i:15;i:66875;}"],"_zettle_barcode":[""],"sib_push_send_notification_delay_seconds":["0"],"_is_non_alcoholic":["no"],"_mid_code":[""],"_ship_separately_via":[""],"_shipping_weight":[""],"_entrupy_echtheitszertifikat":["yes"],"rank_math_analytic_object_id":["765"],"_wcml_average_rating":[null],"_wcml_review_count":[null],"_wcml_rating_count":[null],"rank_math_internal_links_processed":["1"],"astra-migrate-meta-layouts":["set"],"_uag_page_assets":["a:9:{s:3:\"css\";s:0:\"\";s:2:\"js\";s:0:\"\";s:18:\"current_block_list\";a:6:{i:0;s:26:\"woocommerce\/filter-wrapper\";i:1;s:24:\"woocommerce\/price-filter\";i:2;s:30:\"woocommerce\/product-categories\";i:3;s:14:\"core\/paragraph\";i:4;s:14:\"core\/shortcode\";i:5;s:11:\"core\/search\";}s:8:\"uag_flag\";b:0;s:11:\"uag_version\";s:10:\"1777326289\";s:6:\"gfonts\";a:0:{}s:10:\"gfonts_url\";s:0:\"\";s:12:\"gfonts_files\";a:0:{}s:14:\"uag_faq_layout\";b:0;}"],"_wc_rating_count":[""]},"uagb_featured_image_src":{"full":["https:\/\/truelangtest.ilovehandbags.com\/wp-content\/uploads\/sites\/3\/Chanel-Wallet-on-Chain-0690-07-scaled.jpg",2560,1920,false],"thumbnail":["https:\/\/truelangtest.ilovehandbags.com\/wp-content\/uploads\/sites\/3\/Chanel-Wallet-on-Chain-0690-07-150x150.jpg",150,150,true],"medium":["https:\/\/truelangtest.ilovehandbags.com\/wp-content\/uploads\/sites\/3\/Chanel-Wallet-on-Chain-0690-07-300x300.jpg",300,300,true],"medium_large":["https:\/\/truelangtest.ilovehandbags.com\/wp-content\/uploads\/sites\/3\/Chanel-Wallet-on-Chain-0690-07-768x768.jpg",768,768,true],"large":["https:\/\/truelangtest.ilovehandbags.com\/wp-content\/uploads\/sites\/3\/Chanel-Wallet-on-Chain-0690-07-1024x1024.jpg",1024,1024,true],"1536x1536":["https:\/\/truelangtest.ilovehandbags.com\/wp-content\/uploads\/sites\/3\/Chanel-Wallet-on-Chain-0690-07-scaled.jpg",1536,1152,false],"2048x2048":["https:\/\/truelangtest.ilovehandbags.com\/wp-content\/uploads\/sites\/3\/Chanel-Wallet-on-Chain-0690-07-scaled.jpg",2048,1536,false],"woocommerce_thumbnail":["https:\/\/truelangtest.ilovehandbags.com\/wp-content\/uploads\/sites\/3\/Chanel-Wallet-on-Chain-0690-07-500x500.jpg",500,500,true],"woocommerce_single":["https:\/\/truelangtest.ilovehandbags.com\/wp-content\/uploads\/sites\/3\/Chanel-Wallet-on-Chain-0690-07-500x500.jpg",500,500,true],"woocommerce_gallery_thumbnail":["https:\/\/truelangtest.ilovehandbags.com\/wp-content\/uploads\/sites\/3\/Chanel-Wallet-on-Chain-0690-07-100x100.jpg",100,100,true]},"uagb_author_info":{"display_name":"ILoveHandbags","author_link":"https:\/\/truelangtest.ilovehandbags.com\/de\/author\/"},"uagb_comment_info":0,"uagb_excerpt":"Die Chanel Wallet on Chain (WOC) vereint m\u00fchelos klassisches Design mit moderner Funktionalit\u00e4t. Dieses ikonische Accessoire ist der perfekte Begleiter f\u00fcr jeden Anlass \u2013 sei es eine Hochzeit, ein elegantes Abendessen, Cocktails oder sogar der Alltag. Mit ihrer edlen Optik und Vielseitigkeit l\u00e4sst sich die WOC sowohl als Schultertasche als auch stilvoll als Clutch tragen.&hellip;","_links":{"self":[{"href":"https:\/\/truelangtest.ilovehandbags.com\/de\/wp-json\/wp\/v2\/product\/53411","targetHints":{"allow":["GET"]}}],"collection":[{"href":"https:\/\/truelangtest.ilovehandbags.com\/de\/wp-json\/wp\/v2\/product"}],"about":[{"href":"https:\/\/truelangtest.ilovehandbags.com\/de\/wp-json\/wp\/v2\/types\/product"}],"wp:featuredmedia":[{"embeddable":true,"href":"https:\/\/truelangtest.ilovehandbags.com\/de\/wp-json\/wp\/v2\/media\/66877"}],"wp:attachment":[{"href":"https:\/\/truelangtest.ilovehandbags.com\/de\/wp-json\/wp\/v2\/media?parent=53411"}],"wp:term":[{"taxonomy":"product_brand","embeddable":true,"href":"https:\/\/truelangtest.ilovehandbags.com\/de\/wp-json\/wp\/v2\/product_brand?post=53411"},{"taxonomy":"product_cat","embeddable":true,"href":"https:\/\/truelangtest.ilovehandbags.com\/de\/wp-json\/wp\/v2\/product_cat?post=53411"},{"taxonomy":"product_tag","embeddable":true,"href":"https:\/\/truelangtest.ilovehandbags.com\/de\/wp-json\/wp\/v2\/product_tag?post=53411"}],"curies":[{"name":"wp","href":"https:\/\/api.w.org\/{rel}","templated":true}]}}