{"id":53581,"date":"2025-02-04T10:24:34","date_gmt":"2025-02-04T09:24:34","guid":{"rendered":"https:\/\/ilovehandbags.com\/?post_type=product&#038;p=53581"},"modified":"2026-02-01T07:41:57","modified_gmt":"2026-02-01T06:41:57","slug":"hermes-bearn-epsom-rot-bifold-geldboerse","status":"publish","type":"product","link":"https:\/\/truelangtest.ilovehandbags.com\/de\/hermes-bearn-epsom-rot-bifold-geldboerse\/","title":{"rendered":"Herm\u00e8s Bearn Epsom Soufflet Geldb\u00f6rse"},"content":{"rendered":"","protected":false},"excerpt":{"rendered":"<p data-start=\"142\" data-end=\"518\">Diese Herm\u00e8s B\u00e9arn Geldb\u00f6rse aus edlem Epsom-Leder \u00fcberzeugt durch ihre zeitlose Eleganz und pr\u00e4zise Handwerkskunst. Der Farbton bewegt sich in Richtung Koralle \u2013 ein warmer, lebendiger Rot-Orange-Ton, der besonders elegant wirkt und dennoch ein stilvolles Statement setzt. Die markante silberfarbene H-Schlie\u00dfe unterstreicht das klare, minimalistische Design. Das fein strukturierte Epsom-Leder ist bekannt f\u00fcr seine Formstabilit\u00e4t und Widerstandsf\u00e4higkeit. Im Inneren bietet die B\u00e9arn ausreichend Platz f\u00fcr Karten, Geldscheine und weitere Essentials und vereint damit Funktionalit\u00e4t mit luxuri\u00f6ser \u00c4sthetik. Ein stilvolles Accessoire f\u00fcr den Alltag wie auch f\u00fcr besondere Anl\u00e4sse.<\/p>\n","protected":false},"featured_media":74095,"template":"","meta":{"_uag_custom_page_level_css":"","site-sidebar-layout":"default","site-content-layout":"default","ast-site-content-layout":"default","site-content-style":"default","site-sidebar-style":"default","ast-global-header-display":"","ast-banner-title-visibility":"","ast-main-header-display":"","ast-hfb-above-header-display":"","ast-hfb-below-header-display":"","ast-hfb-mobile-header-display":"","site-post-title":"","ast-breadcrumbs-content":"","ast-featured-img":"","footer-sml-layout":"","ast-disable-related-posts":"","theme-transparent-header-meta":"default","adv-header-id-meta":"","stick-header-meta":"default","header-above-stick-meta":"","header-main-stick-meta":"","header-below-stick-meta":"","astra-migrate-meta-layouts":"set","ast-page-background-enabled":"default","ast-page-background-meta":{"desktop":{"background-color":"var(--ast-global-color-4)","background-image":"","background-repeat":"repeat","background-position":"center center","background-size":"auto","background-attachment":"scroll","background-type":"","background-media":"","overlay-type":"","overlay-color":"","overlay-opacity":"","overlay-gradient":""},"tablet":{"background-color":"","background-image":"","background-repeat":"repeat","background-position":"center center","background-size":"auto","background-attachment":"scroll","background-type":"","background-media":"","overlay-type":"","overlay-color":"","overlay-opacity":"","overlay-gradient":""},"mobile":{"background-color":"","background-image":"","background-repeat":"repeat","background-position":"center center","background-size":"auto","background-attachment":"scroll","background-type":"","background-media":"","overlay-type":"","overlay-color":"","overlay-opacity":"","overlay-gradient":""}},"ast-content-background-meta":{"desktop":{"background-color":"var(--ast-global-color-5)","background-image":"","background-repeat":"repeat","background-position":"center center","background-size":"auto","background-attachment":"scroll","background-type":"","background-media":"","overlay-type":"","overlay-color":"","overlay-opacity":"","overlay-gradient":""},"tablet":{"background-color":"var(--ast-global-color-5)","background-image":"","background-repeat":"repeat","background-position":"center center","background-size":"auto","background-attachment":"scroll","background-type":"","background-media":"","overlay-type":"","overlay-color":"","overlay-opacity":"","overlay-gradient":""},"mobile":{"background-color":"var(--ast-global-color-5)","background-image":"","background-repeat":"repeat","background-position":"center center","background-size":"auto","background-attachment":"scroll","background-type":"","background-media":"","overlay-type":"","overlay-color":"","overlay-opacity":"","overlay-gradient":""}},"_glsr_average":0,"_glsr_ranking":0,"_glsr_reviews":0},"product_brand":[],"product_cat":[191,1323,237,447],"product_tag":[1353,1461],"class_list":{"0":"post-53581","1":"product","2":"type-product","3":"status-publish","4":"has-post-thumbnail","6":"product_cat-geldboersen","7":"product_cat-hermes","8":"product_cat-kleinlederwaren","9":"product_cat-sale","10":"product_tag-hermes","11":"product_tag-hermes-bearn","12":"desktop-align-left","13":"tablet-align-left","14":"mobile-align-left","15":"ast-product-gallery-layout-first-image-large","16":"ast-magnify-disabled","17":"ast-product-tabs-layout-accordion","19":"first","20":"instock","21":"sale","22":"sold-individually","23":"purchasable","24":"product-type-simple"},"spectra_custom_meta":{"_sku":["P5-0693"],"_regular_price":["390"],"total_sales":["0"],"_tax_status":["none"],"_tax_class":[""],"_manage_stock":["yes"],"_backorders":["no"],"_sold_individually":["yes"],"_virtual":["no"],"_downloadable":["no"],"_product_image_gallery":["74100,74101,74098,74099,74094,74097,74102,74096"],"_download_limit":["-1"],"_download_expiry":["-1"],"_thumbnail_id":["74095"],"_stock":["1"],"_stock_status":["instock"],"_wc_average_rating":[0],"_wc_review_count":["0"],"_product_attributes":["a:2:{s:8:\"pa_color\";a:7:{s:4:\"name\";s:8:\"pa_color\";s:5:\"value\";s:0:\"\";s:8:\"position\";i:1;s:10:\"is_visible\";i:0;s:12:\"is_variation\";i:1;s:11:\"is_taxonomy\";i:1;s:16:\"checkout_visible\";i:0;}s:9:\"pa_gender\";a:7:{s:4:\"name\";s:9:\"pa_gender\";s:5:\"value\";s:0:\"\";s:8:\"position\";i:2;s:10:\"is_visible\";i:0;s:12:\"is_variation\";i:1;s:11:\"is_taxonomy\";i:1;s:16:\"checkout_visible\";i:0;}}"],"_product_version":["10.4.3"],"_price":["350"],"_wpml_media_featured":["1","1","1","1","1","1","1","1","1","1","1","1","1"],"_wpml_media_duplicate":["1","1","1","1","1","1","1","1","1","1","1","1","1"],"_wpml_word_count":["130"],"_wpml_location_migration_done":["1"],"_fusion":["a:3:{s:17:\"slider_visibility\";s:51:\"small-visibility,medium-visibility,large-visibility\";s:11:\"slider_type\";s:2:\"no\";s:9:\"wooslider\";s:1:\"0\";}"],"rank_math_seo_score":["78"],"rank_math_focus_keyword":["Hermes"],"_purchase_price_field":["260"],"_internal_warehouse_number_field":["2025-0693"],"_gdrive_field":["https:\/\/drive.google.com\/drive\/u\/1\/folders\/1v1WtTdVWkZv2Q-s2bc8btokHLAZvQfQ7"],"_unit":[""],"_unit_base":[""],"_unit_product":[""],"_unit_price_auto":["no"],"_unit_price_regular":[""],"_unit_price":[""],"_unit_price_sale":[""],"_sale_price_label":[""],"_sale_price_regular_label":[""],"_mini_desc":["Herm\u00e8s Bearn Epsom Soufflet Geldb\u00f6rse"],"_defect_description":[""],"_allergen_ids":["a:0:{}"],"_warranty_attachment_id":[""],"_min_age":[""],"_ts_gtin":[""],"_ts_mpn":[""],"_delivery_time_countries":["a:0:{}"],"_free_shipping":["no"],"_service":["no"],"_photovoltaic_system":["no"],"_used_good":["yes"],"_defective_copy":["no"],"_is_food":["no"],"_differential_taxation":["yes"],"_gzd_version":["3.20.5"],"_hs_code":[""],"_manufacture_country":[""],"_rank_math_gtin_code":[""],"_fusion_google_fonts":[""],"fusion_builder_status":["active"],"rank_math_primary_product_cat":["0"],"_wcml_custom_prices_status":["0"],"avada_post_views_count":["51"],"avada_today_post_views_count":["2"],"avada_post_views_count_today_date":["13-04-2023"],"yikes_woo_products_tabs":["a:2:{i:0;a:3:{s:5:\"title\";s:21:\"Weitere Informationen\";s:2:\"id\";s:21:\"weitere-informationen\";s:7:\"content\";s:855:\"<strong data-start=\"86\" data-end=\"105\">Material au\u00dfen:<\/strong> Kalbsleder<br data-start=\"116\" data-end=\"119\" \/><strong data-start=\"119\" data-end=\"138\">Material innen:<\/strong> Leder<br data-start=\"144\" data-end=\"147\" data-is-only-node=\"\" \/><strong data-start=\"147\" data-end=\"156\">Ma\u00dfe:<\/strong> ca. 17 \u00d7 9 cm<br data-start=\"170\" data-end=\"173\" \/><strong data-start=\"173\" data-end=\"204\">Stempel \/ Herstellungsjahr:<\/strong> schwer lesbar \u2013 O im Quadrat (2011)<br data-start=\"244\" data-end=\"247\" \/><strong data-start=\"247\" data-end=\"259\">Farbton:<\/strong> Koralle. Bitte beachte, dass der Farbton auf Fotos \u2013 insbesondere durch Studio- oder Kunstlicht \u2013 abweichen kann und teilweise orangestichiger wirkt als in natura.<br data-start=\"427\" data-end=\"430\" \/><strong data-start=\"430\" data-end=\"447\">Lieferumfang:<\/strong> I Love Handbags Staubbeutel\";}i:1;a:3:{s:5:\"title\";s:7:\"Zustand\";s:2:\"id\";s:7:\"zustand\";s:7:\"content\";s:298:\"<strong>Gesamtzustand: <\/strong>Gut bis sehr gut\r\n<strong>Leder: <\/strong>Leichte bis mittlere Gebrauchsspuren vorhanden, mit vereinzelt Flecken, Kratzern und Abreibungen\r\n<strong>Hardware:<\/strong> Leichte Gebrauchsspuren vorhanden\r\n<strong>Innenraum: <\/strong>Sauber, mit leichten Gebrauchsspuren\";}}"],"_deposit_type":[""],"_nutrient_ids":["a:0:{}"],"_nutrient_reference_value":["100g"],"_ingredients":[""],"_nutri_score":[""],"_alcohol_content":[""],"_drained_weight":[""],"_net_filling_quantity":[""],"_food_distributor":[""],"_food_description":[""],"_food_place_of_origin":[""],"_deposit_quantity":[""],"site-sidebar-layout":["default"],"site-content-layout":["default"],"theme-transparent-header-meta":["default"],"stick-header-meta":["default"],"rank_math_auto_redirect":["a:1:{i:0;i:7;}"],"_pys_conversion_label_settings":["a:3:{s:6:\"enable\";b:0;s:5:\"label\";s:0:\"\";s:2:\"id\";s:14:\"AW-11184563350\";}"],"_pys_super_pack_cpt_url":[""],"_pys_super_pack_cpt_condition":["only"],"_pys_super_pack_cpt_cart":["hidden"],"_woosea_brand":[""],"_woosea_mpn":[""],"_woosea_upc":[""],"_woosea_ean":[""],"_woosea_gtin":[""],"_woosea_color":[""],"_woosea_size":[""],"_woosea_gender":[""],"_woosea_material":[""],"_woosea_pattern":[""],"_woosea_optimized_title":[""],"_woosea_unit_pricing_measure":[""],"_woosea_unit_pricing_base_measure":[""],"_woosea_condition":[""],"_woosea_age_group":["adult"],"_woosea_installment_months":[""],"_woosea_installment_amount":[""],"_woosea_exclude_product":["no"],"_woosea_cost_of_good_sold":[""],"_woosea_multipack":[""],"_woosea_is_bundle":[""],"_woosea_energy_efficiency_class":[""],"_woosea_min_energy_efficiency_class":[""],"_woosea_max_energy_efficiency_class":[""],"_woosea_is_promotion":[""],"_woosea_custom_field_0":[""],"_woosea_custom_field_1":[""],"_woosea_custom_field_2":[""],"_woosea_custom_field_3":[""],"_woosea_custom_field_4":[""],"_pys_head_footer":["a:7:{s:14:\"disable_global\";b:0;s:8:\"head_any\";s:0:\"\";s:12:\"head_desktop\";s:0:\"\";s:11:\"head_mobile\";s:0:\"\";s:10:\"footer_any\";s:0:\"\";s:14:\"footer_desktop\";s:0:\"\";s:13:\"footer_mobile\";s:0:\"\";}"],"_customs_description":[""],"_is_non_returnable":["no"],"litespeed_vpi_list_mobile":["a:2:{i:0;s:8:\"logo.png\";i:1;s:62:\"Louis-Vuitton-Zippy-Epi-rosa-vorn-2023-0207-scaled-500x500.jpg\";}"],"litespeed_vpi_list":["a:3:{i:0;s:8:\"logo.png\";i:1;s:6:\"de.png\";i:2;s:62:\"Louis-Vuitton-Zippy-Epi-rosa-vorn-2023-0207-scaled-500x500.jpg\";}"],"_rank_math_video":["true"],"rank_math_robots":["a:1:{i:0;s:5:\"index\";}"],"_wpml_media_has_media":["1"],"_wpml_post_translation_editor_native":["no"],"_internal_date_code":[""],"_internal_product_origin":[""],"_product_rating":["between A and B"],"_not_in_inventory_checkbox":[""],"_shipping_length":[""],"_shipping_width":[""],"_shipping_height":[""],"_custom_html_content":[""],"ast-site-content-layout":["default"],"site-content-style":["default"],"site-sidebar-style":["default"],"_customer_view":["23"],"_custom_view_last_updated":["2026-04-23 22:28:38"],"_product_shipping_weight":["1kg"],"similar_product_key":["1738424737"],"_edit_lock":["1769928011:4"],"woocommerce_izettle_product_uuid":["e9ca1a2e-e2d9-11ef-ae2f-353536383939"],"woocommerce_izettle_variant_uuid":["a9b8c7f0-e0b3-11ef-876c-353536383939"],"_izettle_updated":["1755929032"],"_edit_last":["4"],"_product_available_from_field":["2025-02-07T19:00"],"_manufacturer_slug":["hermes-international-sa"],"_safety_instructions":[""],"_safety_attachment_ids":["a:0:{}"],"_izettle_barcode":[""],"_izettle_nosync":[""],"_izettle_cost_price":[""],"_izettle_special_price":[""],"_izettle_product_name":[""],"_zettle_product_cat_id":[""],"_nickx_video_text_url":["a:1:{i:0;s:0:\"\";}"],"_nickx_product_video_type":["a:1:{i:0;s:23:\"nickx_video_url_youtube\";}"],"_nickx_product_video_thumb_ids":["a:1:{i:0;s:0:\"\";}"],"_product_reserve_till_field":[""],"_wp_old_date":["2025-02-05"],"_izettle_image_lookup_key":["3kyncy1cEe-udXp3qLWasA-1wWjdkbBEfCI4R5TPAILxg"],"_izettle_product_etag":["3DBC4535BBDF8FB8D7E1B114B4835CE9"],"copied_media_ids":["a:0:{}"],"referenced_media_ids":["a:9:{i:0;i:74095;i:1;i:74100;i:2;i:74101;i:3;i:74098;i:4;i:74099;i:5;i:74094;i:6;i:74097;i:7;i:74102;i:8;i:74096;}"],"sib_push_meta_box_present":["1"],"sib_push_send_notification":["0"],"sib_push_send_notification_delay_seconds":["0"],"sib_push_target_segment_ids":["@ALL"],"_is_non_alcoholic":["no"],"_wireless_electronic_device":["no"],"_device_contains_power_supply":["no"],"_device_charging_supports_usb_pd":["no"],"_device_charging_watt_min":[""],"_device_charging_watt_max":[""],"_mid_code":[""],"_ship_separately_via":[""],"_shipping_weight":[""],"rank_math_primary_product_brand":["0"],"_ame_cpe_post_policy":["{\"accessProtection\":{\"active\":\"replace\"}}"],"_entrupy_echtheitszertifikat":["yes"],"_sale_price":["350"],"_wcml_average_rating":[null],"_wcml_review_count":[null],"_wcml_rating_count":[null],"astra-migrate-meta-layouts":["set"],"rank_math_analytic_object_id":["1044"],"_uag_page_assets":["a:9:{s:3:\"css\";s:0:\"\";s:2:\"js\";s:0:\"\";s:18:\"current_block_list\";a:6:{i:0;s:26:\"woocommerce\/filter-wrapper\";i:1;s:24:\"woocommerce\/price-filter\";i:2;s:30:\"woocommerce\/product-categories\";i:3;s:14:\"core\/paragraph\";i:4;s:14:\"core\/shortcode\";i:5;s:11:\"core\/search\";}s:8:\"uag_flag\";b:0;s:11:\"uag_version\";s:10:\"1777326289\";s:6:\"gfonts\";a:0:{}s:10:\"gfonts_url\";s:0:\"\";s:12:\"gfonts_files\";a:0:{}s:14:\"uag_faq_layout\";b:0;}"],"_wc_rating_count":[""]},"uagb_featured_image_src":{"full":["https:\/\/truelangtest.ilovehandbags.com\/wp-content\/uploads\/sites\/3\/Hermes-Bearn-0693-08.jpg",2048,1536,false],"thumbnail":["https:\/\/truelangtest.ilovehandbags.com\/wp-content\/uploads\/sites\/3\/Hermes-Bearn-0693-08-150x150.jpg",150,150,true],"medium":["https:\/\/truelangtest.ilovehandbags.com\/wp-content\/uploads\/sites\/3\/Hermes-Bearn-0693-08-300x300.jpg",300,300,true],"medium_large":["https:\/\/truelangtest.ilovehandbags.com\/wp-content\/uploads\/sites\/3\/Hermes-Bearn-0693-08-768x768.jpg",768,768,true],"large":["https:\/\/truelangtest.ilovehandbags.com\/wp-content\/uploads\/sites\/3\/Hermes-Bearn-0693-08-1024x1024.jpg",1024,1024,true],"1536x1536":["https:\/\/truelangtest.ilovehandbags.com\/wp-content\/uploads\/sites\/3\/Hermes-Bearn-0693-08.jpg",1536,1152,false],"2048x2048":["https:\/\/truelangtest.ilovehandbags.com\/wp-content\/uploads\/sites\/3\/Hermes-Bearn-0693-08.jpg",2048,1536,false],"woocommerce_thumbnail":["https:\/\/truelangtest.ilovehandbags.com\/wp-content\/uploads\/sites\/3\/Hermes-Bearn-0693-08-500x500.jpg",500,500,true],"woocommerce_single":["https:\/\/truelangtest.ilovehandbags.com\/wp-content\/uploads\/sites\/3\/Hermes-Bearn-0693-08-500x500.jpg",500,500,true],"woocommerce_gallery_thumbnail":["https:\/\/truelangtest.ilovehandbags.com\/wp-content\/uploads\/sites\/3\/Hermes-Bearn-0693-08-100x100.jpg",100,100,true]},"uagb_author_info":{"display_name":"ILoveHandbags","author_link":"https:\/\/truelangtest.ilovehandbags.com\/de\/author\/"},"uagb_comment_info":0,"uagb_excerpt":"Diese Herm\u00e8s B\u00e9arn Geldb\u00f6rse aus edlem Epsom-Leder \u00fcberzeugt durch ihre zeitlose Eleganz und pr\u00e4zise Handwerkskunst. Der Farbton bewegt sich in Richtung Koralle \u2013 ein warmer, lebendiger Rot-Orange-Ton, der besonders elegant wirkt und dennoch ein stilvolles Statement setzt. Die markante silberfarbene H-Schlie\u00dfe unterstreicht das klare, minimalistische Design. Das fein strukturierte Epsom-Leder ist bekannt f\u00fcr seine Formstabilit\u00e4t&hellip;","_links":{"self":[{"href":"https:\/\/truelangtest.ilovehandbags.com\/de\/wp-json\/wp\/v2\/product\/53581","targetHints":{"allow":["GET"]}}],"collection":[{"href":"https:\/\/truelangtest.ilovehandbags.com\/de\/wp-json\/wp\/v2\/product"}],"about":[{"href":"https:\/\/truelangtest.ilovehandbags.com\/de\/wp-json\/wp\/v2\/types\/product"}],"wp:featuredmedia":[{"embeddable":true,"href":"https:\/\/truelangtest.ilovehandbags.com\/de\/wp-json\/wp\/v2\/media\/74095"}],"wp:attachment":[{"href":"https:\/\/truelangtest.ilovehandbags.com\/de\/wp-json\/wp\/v2\/media?parent=53581"}],"wp:term":[{"taxonomy":"product_brand","embeddable":true,"href":"https:\/\/truelangtest.ilovehandbags.com\/de\/wp-json\/wp\/v2\/product_brand?post=53581"},{"taxonomy":"product_cat","embeddable":true,"href":"https:\/\/truelangtest.ilovehandbags.com\/de\/wp-json\/wp\/v2\/product_cat?post=53581"},{"taxonomy":"product_tag","embeddable":true,"href":"https:\/\/truelangtest.ilovehandbags.com\/de\/wp-json\/wp\/v2\/product_tag?post=53581"}],"curies":[{"name":"wp","href":"https:\/\/api.w.org\/{rel}","templated":true}]}}