{"id":62131,"date":"2025-06-18T12:01:57","date_gmt":"2025-06-18T10:01:57","guid":{"rendered":"https:\/\/ilovehandbags.com\/?post_type=product&#038;p=62131"},"modified":"2026-04-21T12:51:37","modified_gmt":"2026-04-21T10:51:37","slug":"gucci-marmont-top-handle-0856","status":"publish","type":"product","link":"https:\/\/truelangtest.ilovehandbags.com\/de\/gucci-marmont-top-handle-0856\/","title":{"rendered":"Gucci Marmont Top Handle"},"content":{"rendered":"","protected":false},"excerpt":{"rendered":"<p data-start=\"166\" data-end=\"427\">Du liebst zeitlose Eleganz mit einem Hauch Extravaganz? Dann ist die Gucci Marmont Top Handle genau die richtige Begleiterin f\u00fcr dich. Gefertigt aus schwarzem, gestepptem Matelass\u00e9-Leder im Chevron-Muster vereint sie luxuri\u00f6se Materialien mit ikonischem Design. Das markante Double G-Logo aus antikgoldfarbener Hardware verleiht der Tasche den typischen Gucci-Charakter, w\u00e4hrend das Innenfutter aus Mikrofaser mit weichem Wildleder-Finish f\u00fcr ein edles Gef\u00fchl sorgt. Im Inneren findest du ein praktisches Steckfach \u2013 ideal f\u00fcr Handy, Karten oder Schl\u00fcssel. Du kannst die Tasche bequem am Lederhenkel in der Hand tragen oder mit dem abnehmbaren Kettenriemen mit Lederbesatz entspannt \u00fcber der Schulter oder crossbody stylen \u2013 ganz wie es zu deinem Tag oder Abend passt. Ein stilvoller Allrounder, der sowohl zu Jeans und Blazer als auch zum kleinen Schwarzen funktioniert \u2013 und garantiert alle Blicke auf sich zieht.<\/p>\n","protected":false},"featured_media":62133,"template":"","meta":{"_uag_custom_page_level_css":"","site-sidebar-layout":"default","site-content-layout":"default","ast-site-content-layout":"default","site-content-style":"default","site-sidebar-style":"default","ast-global-header-display":"","ast-banner-title-visibility":"","ast-main-header-display":"","ast-hfb-above-header-display":"","ast-hfb-below-header-display":"","ast-hfb-mobile-header-display":"","site-post-title":"","ast-breadcrumbs-content":"","ast-featured-img":"","footer-sml-layout":"","ast-disable-related-posts":"","theme-transparent-header-meta":"default","adv-header-id-meta":"","stick-header-meta":"default","header-above-stick-meta":"","header-main-stick-meta":"","header-below-stick-meta":"","astra-migrate-meta-layouts":"set","ast-page-background-enabled":"default","ast-page-background-meta":{"desktop":{"background-color":"var(--ast-global-color-4)","background-image":"","background-repeat":"repeat","background-position":"center center","background-size":"auto","background-attachment":"scroll","background-type":"","background-media":"","overlay-type":"","overlay-color":"","overlay-opacity":"","overlay-gradient":""},"tablet":{"background-color":"","background-image":"","background-repeat":"repeat","background-position":"center center","background-size":"auto","background-attachment":"scroll","background-type":"","background-media":"","overlay-type":"","overlay-color":"","overlay-opacity":"","overlay-gradient":""},"mobile":{"background-color":"","background-image":"","background-repeat":"repeat","background-position":"center center","background-size":"auto","background-attachment":"scroll","background-type":"","background-media":"","overlay-type":"","overlay-color":"","overlay-opacity":"","overlay-gradient":""}},"ast-content-background-meta":{"desktop":{"background-color":"var(--ast-global-color-5)","background-image":"","background-repeat":"repeat","background-position":"center center","background-size":"auto","background-attachment":"scroll","background-type":"","background-media":"","overlay-type":"","overlay-color":"","overlay-opacity":"","overlay-gradient":""},"tablet":{"background-color":"var(--ast-global-color-5)","background-image":"","background-repeat":"repeat","background-position":"center center","background-size":"auto","background-attachment":"scroll","background-type":"","background-media":"","overlay-type":"","overlay-color":"","overlay-opacity":"","overlay-gradient":""},"mobile":{"background-color":"var(--ast-global-color-5)","background-image":"","background-repeat":"repeat","background-position":"center center","background-size":"auto","background-attachment":"scroll","background-type":"","background-media":"","overlay-type":"","overlay-color":"","overlay-opacity":"","overlay-gradient":""}},"_glsr_average":0,"_glsr_ranking":0,"_glsr_reviews":0},"product_brand":[1588],"product_cat":[1321,208,447,204],"product_tag":[1336,1505,1811],"class_list":{"0":"post-62131","1":"product","2":"type-product","3":"status-publish","4":"has-post-thumbnail","6":"product_brand-gucci","7":"product_cat-gucci","8":"product_cat-handtaschen","9":"product_cat-sale","10":"product_cat-umhaengetaschen","11":"product_tag-gucci","12":"product_tag-gucci-marmont","13":"product_tag-gucci-marmont-top-handle","14":"desktop-align-left","15":"tablet-align-left","16":"mobile-align-left","17":"ast-product-gallery-layout-first-image-large","18":"ast-magnify-disabled","19":"ast-product-tabs-layout-accordion","21":"first","22":"instock","23":"sale","24":"sold-individually","25":"purchasable","26":"product-type-simple"},"spectra_custom_meta":{"_regular_price":["1390"],"total_sales":["0"],"_tax_status":["none"],"_tax_class":[""],"_manage_stock":["yes"],"_backorders":["no"],"_sold_individually":["yes"],"_crosssell_ids":["a:1:{i:0;i:23129;}"],"_virtual":["no"],"_downloadable":["no"],"_product_image_gallery":["62163,62165,62135,62137,62141,62143,62147,62149,62151,62167,62145,62153,62155,62139,62157,62161,62159,62236,62238,62240,62242,62244,62246,62248,62250,62252,62254,62256,62258,62260,62262,62264,62266,62268,62270"],"_download_limit":["-1"],"_download_expiry":["-1"],"_thumbnail_id":["62133"],"_stock":["1"],"_stock_status":["instock"],"_wc_average_rating":[0],"_wc_review_count":["0"],"_product_attributes":["a:3:{s:8:\"pa_brand\";a:7:{s:4:\"name\";s:8:\"pa_brand\";s:5:\"value\";s:0:\"\";s:8:\"position\";i:1;s:10:\"is_visible\";i:0;s:12:\"is_variation\";i:1;s:11:\"is_taxonomy\";i:1;s:16:\"checkout_visible\";i:0;}s:8:\"pa_color\";a:7:{s:4:\"name\";s:8:\"pa_color\";s:5:\"value\";s:0:\"\";s:8:\"position\";i:2;s:10:\"is_visible\";i:0;s:12:\"is_variation\";i:1;s:11:\"is_taxonomy\";i:1;s:16:\"checkout_visible\";i:0;}s:9:\"pa_gender\";a:7:{s:4:\"name\";s:9:\"pa_gender\";s:5:\"value\";s:0:\"\";s:8:\"position\";i:3;s:10:\"is_visible\";i:0;s:12:\"is_variation\";i:1;s:11:\"is_taxonomy\";i:1;s:16:\"checkout_visible\";i:0;}}"],"_product_version":["10.7.0"],"_price":["1090"],"_not_in_inventory_checkbox":["yes","yes"],"_wpml_media_featured":["1","1","1","1"],"_wpml_media_duplicate":["1","1","1","1"],"_wpml_word_count":["164"],"_wpml_location_migration_done":["1"],"_fusion":["a:3:{s:17:\"slider_visibility\";s:51:\"small-visibility,medium-visibility,large-visibility\";s:11:\"slider_type\";s:2:\"no\";s:9:\"wooslider\";s:1:\"0\";}"],"rank_math_seo_score":["78"],"rank_math_focus_keyword":["gucci marmont"],"_purchase_price_field":["875"],"_internal_warehouse_number_field":["P5-0856-K"],"_unit":[""],"_unit_base":[""],"_unit_product":[""],"_unit_price_auto":["no"],"_unit_price_regular":[""],"_unit_price":[""],"_unit_price_sale":[""],"_sale_price_label":[""],"_sale_price_regular_label":[""],"_mini_desc":["Gucci Marmont Top Handle"],"_defect_description":[""],"_allergen_ids":["a:0:{}"],"_warranty_attachment_id":[""],"_min_age":[""],"_ts_gtin":[""],"_ts_mpn":[""],"_delivery_time_countries":["a:0:{}"],"_free_shipping":["no"],"_service":["no"],"_photovoltaic_system":["no"],"_used_good":["yes"],"_defective_copy":["no"],"_is_food":["no"],"_differential_taxation":["yes"],"_gzd_version":["4.0.3"],"_hs_code":[""],"_manufacture_country":[""],"_rank_math_gtin_code":[""],"_fusion_google_fonts":[""],"fusion_builder_status":["active"],"rank_math_primary_product_cat":["0"],"_wcml_custom_prices_status":["0"],"avada_post_views_count":["50"],"avada_today_post_views_count":["3"],"avada_post_views_count_today_date":["12-04-2023"],"yikes_woo_products_tabs":["a:2:{i:0;a:3:{s:5:\"title\";s:21:\"Weitere Informationen\";s:2:\"id\";s:21:\"weitere-informationen\";s:7:\"content\";s:395:\"<strong>Material au\u00dfen: <\/strong>Gestepptes Matelass\u00e9-Leder im Chevron-Muster mit antikgoldfarbener Hardware\r\n<strong>Material innen: <\/strong>Textilinnenfutter\r\n<strong>Ma\u00dfe: <\/strong>(B) 32 \u00d7 (H) 23 \u00d7 (T) 10,5 cm\r\n<strong>L\u00e4nge Schulterriemen: <\/strong>95 cm\r\n<strong>Serienummer: <\/strong>498109\u00a0 001998\r\n<strong>Lieferumfang:<\/strong> I Love Handbags Staubbeutel, Gucci Schulterriemen\";}i:1;a:3:{s:5:\"title\";s:7:\"Zustand\";s:2:\"id\";s:7:\"zustand\";s:7:\"content\";s:306:\"<strong>Gesamtzustand: <\/strong>Sehr gut\r\n<strong>Leder: <\/strong>Intakt mit vereinzelt minimalen Gebrauchsspuren\r\n<strong>Ecken: <\/strong>Intakt\r\n<strong>Verschluss: <\/strong>Schlie\u00dft gut\r\n<strong>Hardware: <\/strong>Leichte Gebrauchsspuren\r\n<strong>Innenraum: <\/strong>Sauber mit leichten Gebrauchsspuren\";}}"],"_deposit_type":[""],"_nutrient_ids":["a:0:{}"],"_nutrient_reference_value":["100g"],"_ingredients":[""],"_nutri_score":[""],"_alcohol_content":[""],"_drained_weight":[""],"_net_filling_quantity":[""],"_food_distributor":[""],"_food_description":[""],"_food_place_of_origin":[""],"_deposit_quantity":[""],"site-sidebar-layout":["default"],"site-content-layout":["default"],"theme-transparent-header-meta":["default"],"stick-header-meta":["default"],"_default_delivery_time":[""],"rank_math_robots":["a:1:{i:0;s:5:\"index\";}"],"_pys_conversion_label_settings":["a:3:{s:6:\"enable\";b:0;s:5:\"label\";s:0:\"\";s:2:\"id\";s:14:\"AW-11184563350\";}"],"_pys_super_pack_cpt_url":[""],"_pys_super_pack_cpt_condition":["only"],"_pys_super_pack_cpt_cart":["hidden"],"_woosea_brand":[""],"_woosea_mpn":[""],"_woosea_upc":[""],"_woosea_ean":[""],"_woosea_gtin":[""],"_woosea_color":[""],"_woosea_size":[""],"_woosea_gender":[""],"_woosea_material":[""],"_woosea_pattern":[""],"_woosea_optimized_title":[""],"_woosea_unit_pricing_measure":[""],"_woosea_unit_pricing_base_measure":[""],"_woosea_condition":[""],"_woosea_age_group":["adult"],"_woosea_installment_months":[""],"_woosea_installment_amount":[""],"_woosea_exclude_product":["no"],"_woosea_cost_of_good_sold":[""],"_woosea_multipack":[""],"_woosea_is_bundle":[""],"_woosea_energy_efficiency_class":[""],"_woosea_min_energy_efficiency_class":[""],"_woosea_max_energy_efficiency_class":[""],"_woosea_is_promotion":[""],"_woosea_custom_field_0":[""],"_woosea_custom_field_1":[""],"_woosea_custom_field_2":[""],"_woosea_custom_field_3":[""],"_woosea_custom_field_4":[""],"_pys_head_footer":["a:7:{s:14:\"disable_global\";b:0;s:8:\"head_any\";s:0:\"\";s:12:\"head_desktop\";s:0:\"\";s:11:\"head_mobile\";s:0:\"\";s:10:\"footer_any\";s:0:\"\";s:14:\"footer_desktop\";s:0:\"\";s:13:\"footer_mobile\";s:0:\"\";}"],"litespeed_vpi_list":["a:3:{i:0;s:8:\"logo.png\";i:1;s:6:\"de.png\";i:2;s:80:\"Louis-Vuitton-Pochette-Accessoires-Damier-Azur-vorn-2023-0220-scaled-500x500.jpg\";}"],"_customs_description":[""],"_wp_old_date":["2023-04-07","2023-06-01","2023-08-29","2024-02-02","2024-05-31","2024-12-12","2025-01-03","2025-02-27","2025-06-18"],"_is_non_returnable":["no"],"ast-site-content-layout":["default"],"site-content-style":["default"],"site-sidebar-style":["default"],"litespeed_vpi_list_mobile":["a:2:{i:0;s:8:\"logo.png\";i:1;s:80:\"Louis-Vuitton-Pochette-Accessoires-Damier-Azur-vorn-2023-0220-scaled-500x500.jpg\";}"],"_internal_date_code":[""],"_internal_product_origin":["Italien"],"rank_math_contentai_score":["a:4:{s:9:\"wordCount\";s:4:\"4.64\";s:9:\"linkCount\";s:1:\"0\";s:12:\"headingCount\";s:1:\"0\";s:10:\"mediaCount\";s:3:\"100\";}"],"_product_rating":["A"],"_custom_html_content":[""],"_wpml_post_translation_editor_native":["no"],"_customer_view":["21"],"_custom_view_last_updated":["2026-04-26 09:16:03"],"_shipping_length":[""],"_shipping_width":[""],"_shipping_height":[""],"_zettle_product_cat_id":[""],"_product_shipping_weight":["1kg"],"_product_available_from_field":["2025-06-20T19:00"],"_manufacturer_slug":["guccio-gucci-s-p-a"],"_safety_instructions":[""],"_safety_attachment_ids":["a:0:{}"],"_nickx_video_text_url":["a:1:{i:0;s:0:\"\";}"],"_nickx_product_video_type":["a:1:{i:0;s:23:\"nickx_video_url_youtube\";}"],"_nickx_product_video_thumb_ids":["a:1:{i:0;s:0:\"\";}"],"_product_reserve_till_field":[""],"_wpml_media_has_media":["1"],"similar_product_key":["1740050227"],"_wireless_electronic_device":["no"],"_device_contains_power_supply":["no"],"_device_charging_supports_usb_pd":["no"],"_device_charging_watt_min":["0"],"_device_charging_watt_max":["0"],"rank_math_primary_product_brand":["1584"],"_ame_cpe_post_policy":["{\"accessProtection\":{\"active\":\"replace\"}}"],"sib_push_meta_box_present":["1"],"sib_push_send_notification":["0"],"sib_push_target_segment_ids":["@ALL"],"_sku":["P5-0856-K"],"_edit_lock":["1776768572:4"],"_edit_last":["4"],"_izettle_barcode":[""],"_izettle_nosync":[""],"_izettle_cost_price":[""],"_izettle_special_price":[""],"_izettle_product_name":[""],"_gdrive_field":["https:\/\/drive.google.com\/drive\/u\/1\/folders\/1TJD7W5WWqvUwTIg8eSSskioKpC8pEuN6"],"_izettle_image_lookup_key":["3kyncy1cEe-udXp3qLWasA-M_JBzUwrEfC-v5IjDYR71g"],"woocommerce_izettle_product_uuid":["33f53ace-4c2b-11f0-8b2a-353536383939"],"woocommerce_izettle_variant_uuid":["33f548e8-4c2b-11f0-85fd-353536383939"],"_izettle_updated":["1755928868"],"copied_media_ids":["a:0:{}"],"referenced_media_ids":["a:36:{i:0;i:62133;i:1;i:62163;i:2;i:62165;i:3;i:62135;i:4;i:62137;i:5;i:62141;i:6;i:62143;i:7;i:62147;i:8;i:62149;i:9;i:62151;i:10;i:62167;i:11;i:62145;i:12;i:62153;i:13;i:62155;i:14;i:62139;i:15;i:62157;i:16;i:62161;i:17;i:62159;i:18;i:62236;i:19;i:62238;i:20;i:62240;i:21;i:62242;i:22;i:62244;i:23;i:62246;i:24;i:62248;i:25;i:62250;i:26;i:62252;i:27;i:62254;i:28;i:62256;i:29;i:62258;i:30;i:62260;i:31;i:62262;i:32;i:62264;i:33;i:62266;i:34;i:62268;i:35;i:62270;}"],"_ship_separately_via":[""],"sib_push_send_notification_delay_seconds":["0"],"_is_non_alcoholic":["no"],"_mid_code":[""],"_shipping_weight":[""],"_sale_price":["1090"],"_entrupy_echtheitszertifikat":["yes"],"rank_math_analytic_object_id":["633"],"_wcml_average_rating":[null],"_wcml_review_count":[null],"_wcml_rating_count":[null],"_custom_thumbnail":["a:1:{i:0;s:2:\"no\";}"],"_video_schema":["a:1:{i:0;s:2:\"no\";}"],"_nickx_video_upload_date":["a:1:{i:0;s:0:\"\";}"],"_nickx_video_name":["a:1:{i:0;s:0:\"\";}"],"_nickx_video_description":["a:1:{i:0;s:0:\"\";}"],"rank_math_internal_links_processed":["1"],"astra-migrate-meta-layouts":["set"],"_uag_page_assets":["a:9:{s:3:\"css\";s:0:\"\";s:2:\"js\";s:0:\"\";s:18:\"current_block_list\";a:6:{i:0;s:26:\"woocommerce\/filter-wrapper\";i:1;s:24:\"woocommerce\/price-filter\";i:2;s:30:\"woocommerce\/product-categories\";i:3;s:14:\"core\/paragraph\";i:4;s:14:\"core\/shortcode\";i:5;s:11:\"core\/search\";}s:8:\"uag_flag\";b:0;s:11:\"uag_version\";s:10:\"1777326312\";s:6:\"gfonts\";a:0:{}s:10:\"gfonts_url\";s:0:\"\";s:12:\"gfonts_files\";a:0:{}s:14:\"uag_faq_layout\";b:0;}"],"_wc_rating_count":[""]},"uagb_featured_image_src":{"full":["https:\/\/truelangtest.ilovehandbags.com\/wp-content\/uploads\/sites\/3\/Gucci-Marmont-Top-Handle-0856-21-scaled.png",2560,2560,false],"thumbnail":["https:\/\/truelangtest.ilovehandbags.com\/wp-content\/uploads\/sites\/3\/Gucci-Marmont-Top-Handle-0856-21-150x150.png.jpg",150,150,true],"medium":["https:\/\/truelangtest.ilovehandbags.com\/wp-content\/uploads\/sites\/3\/Gucci-Marmont-Top-Handle-0856-21-300x300.png.jpg",300,300,true],"medium_large":["https:\/\/truelangtest.ilovehandbags.com\/wp-content\/uploads\/sites\/3\/Gucci-Marmont-Top-Handle-0856-21-768x768.png.jpg",768,768,true],"large":["https:\/\/truelangtest.ilovehandbags.com\/wp-content\/uploads\/sites\/3\/Gucci-Marmont-Top-Handle-0856-21-1024x1024.png.jpg",1024,1024,true],"1536x1536":["https:\/\/truelangtest.ilovehandbags.com\/wp-content\/uploads\/sites\/3\/Gucci-Marmont-Top-Handle-0856-21-scaled.png",1536,1536,false],"2048x2048":["https:\/\/truelangtest.ilovehandbags.com\/wp-content\/uploads\/sites\/3\/Gucci-Marmont-Top-Handle-0856-21-scaled.png",2048,2048,false],"woocommerce_thumbnail":["https:\/\/truelangtest.ilovehandbags.com\/wp-content\/uploads\/sites\/3\/Gucci-Marmont-Top-Handle-0856-21-500x500.png.jpg",500,500,true],"woocommerce_single":["https:\/\/truelangtest.ilovehandbags.com\/wp-content\/uploads\/sites\/3\/Gucci-Marmont-Top-Handle-0856-21-500x500.png.jpg",500,500,true],"woocommerce_gallery_thumbnail":["https:\/\/truelangtest.ilovehandbags.com\/wp-content\/uploads\/sites\/3\/Gucci-Marmont-Top-Handle-0856-21-100x100.png.jpg",100,100,true]},"uagb_author_info":{"display_name":"ILoveHandbags","author_link":"https:\/\/truelangtest.ilovehandbags.com\/de\/author\/"},"uagb_comment_info":0,"uagb_excerpt":"Du liebst zeitlose Eleganz mit einem Hauch Extravaganz? Dann ist die Gucci Marmont Top Handle genau die richtige Begleiterin f\u00fcr dich. Gefertigt aus schwarzem, gestepptem Matelass\u00e9-Leder im Chevron-Muster vereint sie luxuri\u00f6se Materialien mit ikonischem Design. Das markante Double G-Logo aus antikgoldfarbener Hardware verleiht der Tasche den typischen Gucci-Charakter, w\u00e4hrend das Innenfutter aus Mikrofaser mit weichem&hellip;","_links":{"self":[{"href":"https:\/\/truelangtest.ilovehandbags.com\/de\/wp-json\/wp\/v2\/product\/62131","targetHints":{"allow":["GET"]}}],"collection":[{"href":"https:\/\/truelangtest.ilovehandbags.com\/de\/wp-json\/wp\/v2\/product"}],"about":[{"href":"https:\/\/truelangtest.ilovehandbags.com\/de\/wp-json\/wp\/v2\/types\/product"}],"wp:featuredmedia":[{"embeddable":true,"href":"https:\/\/truelangtest.ilovehandbags.com\/de\/wp-json\/wp\/v2\/media\/62133"}],"wp:attachment":[{"href":"https:\/\/truelangtest.ilovehandbags.com\/de\/wp-json\/wp\/v2\/media?parent=62131"}],"wp:term":[{"taxonomy":"product_brand","embeddable":true,"href":"https:\/\/truelangtest.ilovehandbags.com\/de\/wp-json\/wp\/v2\/product_brand?post=62131"},{"taxonomy":"product_cat","embeddable":true,"href":"https:\/\/truelangtest.ilovehandbags.com\/de\/wp-json\/wp\/v2\/product_cat?post=62131"},{"taxonomy":"product_tag","embeddable":true,"href":"https:\/\/truelangtest.ilovehandbags.com\/de\/wp-json\/wp\/v2\/product_tag?post=62131"}],"curies":[{"name":"wp","href":"https:\/\/api.w.org\/{rel}","templated":true}]}}