{"id":63946,"date":"2025-07-14T15:30:07","date_gmt":"2025-07-14T13:30:07","guid":{"rendered":"https:\/\/ilovehandbags.com\/?post_type=product&#038;p=63946"},"modified":"2025-08-25T19:46:15","modified_gmt":"2025-08-25T17:46:15","slug":"louis-vuitton-mini-speedy-hl-monogram-canvas-0886","status":"publish","type":"product","link":"https:\/\/truelangtest.ilovehandbags.com\/de\/louis-vuitton-mini-speedy-hl-monogram-canvas-0886\/","title":{"rendered":"Louis Vuitton Mini Speedy HL Monogram Canvas"},"content":{"rendered":"","protected":false},"excerpt":{"rendered":"<p data-start=\"193\" data-end=\"511\">Die Louis Vuitton Mini Speedy HL ist ein echtes Sammlerst\u00fcck und begeistert mit ihrem legend\u00e4ren Design in kompakter Form. Aus robustem Monogram Canvas gefertigt, vereint sie zeitlosen Stil mit charmanten Vintage-Vibes. Die beiden Tragegriffe aus naturbelassenem Vachetta-Leder unterstreichen den klassischen Louis Vuitton Look. Besonderes Highlight: Der Schulterriemen aus Canvas, der bequemes Tragen \u00fcber der Schulter oder crossbody erm\u00f6glicht \u2013 perfekt f\u00fcr unterwegs! Trotz ihrer kleinen Gr\u00f6\u00dfe bietet die Mini Speedy Platz f\u00fcr das Wesentliche: Schl\u00fcssel, Kartenetui, Lippenpflege und andere kleine Essentials. Ob als l\u00e4ssiger Akzent zum Alltagsoutfit oder als elegantes Extra am Abend \u2013 diese kleine Ikone passt sich deinem Look m\u00fchelos an. Ein echtes Liebhaberst\u00fcck f\u00fcr alle, die Handtaschen mit Geschichte und Charakter sch\u00e4tzen.<\/p>\n","protected":false},"featured_media":63991,"template":"","meta":{"_uag_custom_page_level_css":"","site-sidebar-layout":"default","site-content-layout":"default","ast-site-content-layout":"default","site-content-style":"default","site-sidebar-style":"default","ast-global-header-display":"","ast-banner-title-visibility":"","ast-main-header-display":"","ast-hfb-above-header-display":"","ast-hfb-below-header-display":"","ast-hfb-mobile-header-display":"","site-post-title":"","ast-breadcrumbs-content":"","ast-featured-img":"","footer-sml-layout":"","ast-disable-related-posts":"","theme-transparent-header-meta":"default","adv-header-id-meta":"","stick-header-meta":"default","header-above-stick-meta":"","header-main-stick-meta":"","header-below-stick-meta":"","astra-migrate-meta-layouts":"set","ast-page-background-enabled":"default","ast-page-background-meta":{"desktop":{"background-color":"var(--ast-global-color-4)","background-image":"","background-repeat":"repeat","background-position":"center center","background-size":"auto","background-attachment":"scroll","background-type":"","background-media":"","overlay-type":"","overlay-color":"","overlay-opacity":"","overlay-gradient":""},"tablet":{"background-color":"","background-image":"","background-repeat":"repeat","background-position":"center center","background-size":"auto","background-attachment":"scroll","background-type":"","background-media":"","overlay-type":"","overlay-color":"","overlay-opacity":"","overlay-gradient":""},"mobile":{"background-color":"","background-image":"","background-repeat":"repeat","background-position":"center center","background-size":"auto","background-attachment":"scroll","background-type":"","background-media":"","overlay-type":"","overlay-color":"","overlay-opacity":"","overlay-gradient":""}},"ast-content-background-meta":{"desktop":{"background-color":"var(--ast-global-color-5)","background-image":"","background-repeat":"repeat","background-position":"center center","background-size":"auto","background-attachment":"scroll","background-type":"","background-media":"","overlay-type":"","overlay-color":"","overlay-opacity":"","overlay-gradient":""},"tablet":{"background-color":"var(--ast-global-color-5)","background-image":"","background-repeat":"repeat","background-position":"center center","background-size":"auto","background-attachment":"scroll","background-type":"","background-media":"","overlay-type":"","overlay-color":"","overlay-opacity":"","overlay-gradient":""},"mobile":{"background-color":"var(--ast-global-color-5)","background-image":"","background-repeat":"repeat","background-position":"center center","background-size":"auto","background-attachment":"scroll","background-type":"","background-media":"","overlay-type":"","overlay-color":"","overlay-opacity":"","overlay-gradient":""}},"_glsr_average":0,"_glsr_ranking":0,"_glsr_reviews":0},"product_brand":[1584],"product_cat":[208,239,205,204,451,449],"product_tag":[214,1850,315],"class_list":{"0":"post-63946","1":"product","2":"type-product","3":"status-publish","4":"has-post-thumbnail","6":"product_brand-louis-vuitton","7":"product_cat-handtaschen","8":"product_cat-louis-vuitton","9":"product_cat-tragetaschen","10":"product_cat-umhaengetaschen","11":"product_cat-vintage","12":"product_cat-bald-wieder-da","13":"product_tag-louis-vuitton","14":"product_tag-louis-vuitton-mini-speedy-hl","15":"product_tag-louis-vuitton-speedy","16":"desktop-align-left","17":"tablet-align-left","18":"mobile-align-left","19":"ast-product-gallery-layout-first-image-large","20":"ast-magnify-disabled","21":"ast-product-tabs-layout-accordion","23":"first","24":"outofstock","25":"sold-individually","26":"purchasable","27":"product-type-simple"},"spectra_custom_meta":{"_regular_price":["790"],"total_sales":["1"],"_tax_status":["none"],"_tax_class":[""],"_manage_stock":["yes"],"_backorders":["no"],"_sold_individually":["yes"],"_crosssell_ids":["a:1:{i:0;i:23108;}"],"_virtual":["no"],"_downloadable":["no"],"_product_image_gallery":["64067,64029,64033,63993,64035,63995,63997,63999,64001,64003,64005,64007,64009,64011,64013,64015,64027,64025,64017,64019,64021,64023"],"_download_limit":["-1"],"_download_expiry":["-1"],"_thumbnail_id":["63991"],"_stock":["0"],"_stock_status":["outofstock"],"_wc_average_rating":[0],"_wc_review_count":["0"],"_product_attributes":["a:3:{s:8:\"pa_brand\";a:7:{s:4:\"name\";s:8:\"pa_brand\";s:5:\"value\";s:0:\"\";s:8:\"position\";i:1;s:10:\"is_visible\";i:0;s:12:\"is_variation\";i:1;s:11:\"is_taxonomy\";i:1;s:16:\"checkout_visible\";i:0;}s:8:\"pa_color\";a:7:{s:4:\"name\";s:8:\"pa_color\";s:5:\"value\";s:0:\"\";s:8:\"position\";i:2;s:10:\"is_visible\";i:0;s:12:\"is_variation\";i:1;s:11:\"is_taxonomy\";i:1;s:16:\"checkout_visible\";i:0;}s:9:\"pa_gender\";a:7:{s:4:\"name\";s:9:\"pa_gender\";s:5:\"value\";s:0:\"\";s:8:\"position\";i:3;s:10:\"is_visible\";i:0;s:12:\"is_variation\";i:1;s:11:\"is_taxonomy\";i:1;s:16:\"checkout_visible\";i:0;}}"],"_product_version":["10.1.1"],"_price":["790"],"_wpml_media_featured":["1","1","1","1","1","1"],"_wpml_media_duplicate":["1","1","1","1","1","1"],"_wpml_word_count":["155"],"_wpml_location_migration_done":["1"],"_fusion":["a:3:{s:17:\"slider_visibility\";s:51:\"small-visibility,medium-visibility,large-visibility\";s:11:\"slider_type\";s:2:\"no\";s:9:\"wooslider\";s:1:\"0\";}"],"rank_math_seo_score":["63"],"rank_math_focus_keyword":["louis vuitton"],"_purchase_price_field":["480"],"_internal_warehouse_number_field":["P5-0886"],"_unit":[""],"_unit_base":[""],"_unit_product":[""],"_unit_price_auto":["no"],"_unit_price_regular":[""],"_unit_price":[""],"_unit_price_sale":[""],"_sale_price_label":[""],"_sale_price_regular_label":[""],"_mini_desc":["Louis Vuitton Mini Speedy HL Monogram Canvas"],"_defect_description":[""],"_allergen_ids":["a:0:{}"],"_warranty_attachment_id":[""],"_min_age":[""],"_ts_gtin":[""],"_ts_mpn":[""],"_delivery_time_countries":["a:0:{}"],"_free_shipping":["no"],"_service":["no"],"_photovoltaic_system":["no"],"_used_good":["yes"],"_defective_copy":["no"],"_is_food":["no"],"_differential_taxation":["yes"],"_gzd_version":["3.19.12"],"_hs_code":[""],"_manufacture_country":["0"],"_rank_math_gtin_code":[""],"_fusion_google_fonts":[""],"fusion_builder_status":["active"],"rank_math_primary_product_cat":["0"],"_wcml_custom_prices_status":["1"],"avada_post_views_count":["15"],"avada_today_post_views_count":["2"],"avada_post_views_count_today_date":["07-04-2023"],"_sale_price_dates_to_USD":[""],"_sale_price_dates_from_USD":[""],"_sale_price_USD":[""],"_regular_price_USD":[""],"_wcml_schedule_USD":["0"],"rank_math_auto_redirect":["a:1:{i:0;i:5;}"],"yikes_woo_products_tabs":["a:2:{i:0;a:3:{s:5:\"title\";s:21:\"Weitere Informationen\";s:2:\"id\";s:21:\"weitere-informationen\";s:7:\"content\";s:402:\"<strong>Material au\u00dfen: <\/strong>Monogram Canvas mit Griffen aus Rindsleder\r\n<strong>Material innen:<\/strong> Braunes Textilinnenfutter\r\n<strong>Ma\u00dfe: <\/strong>(B) 16 x (H) 10,5\u00a0 x (T) 7,5 cm\r\n<strong>Date Code \/ Herstellungsjahr: <\/strong>TH0992 \/ 1992\r\n<strong>L\u00e4nge Schulterriemen mit Karabinern:\u00a0<\/strong> ca. 128 cm\r\n<strong>Lieferumfang:<\/strong> Louis Vuitton Staubbeutel und Schulterriemen\";}i:1;a:3:{s:5:\"title\";s:7:\"Zustand\";s:2:\"id\";s:7:\"zustand\";s:7:\"content\";s:977:\"<p data-start=\"113\" data-end=\"198\"><strong data-start=\"113\" data-end=\"125\">Gesamtzustand:<\/strong> Guter Vintage-Zustand<strong>\r\n<\/strong><strong style=\"font-size: 16px;\" data-start=\"202\" data-end=\"213\">Canvas:<\/strong><span style=\"font-size: 16px;\"> Intakt und ohne Besch\u00e4digungen\r\n<\/span><strong data-start=\"261\" data-end=\"280\">Vachetta Leder:<\/strong> Gleichm\u00e4\u00dfige, honigfarbene Patina mit vereinzelt Flecken und Kratzern, die der Tasche einen klassischen Louis-Vuitton-Charme verleiht\r\n<strong style=\"font-size: 16px;\" data-start=\"399\" data-end=\"418\">Rei\u00dfverschluss:<\/strong><span style=\"font-size: 16px;\"> Schlie\u00dft einwandfrei\r\n<\/span><strong style=\"font-size: 16px;\" data-start=\"444\" data-end=\"457\">Hardware:<\/strong><span style=\"font-size: 16px;\"> Zeigt Oxidation und leichte Gebrauchsspuren \u2013 typisch f\u00fcr das Alter und den Charakter der Tasche\r\n<\/span><strong style=\"font-size: 16px;\" data-start=\"559\" data-end=\"573\">Innenraum:<\/strong> Sauber und gepflegt<\/p>\";}}"],"_deposit_type":[""],"_nutrient_ids":["a:0:{}"],"_nutrient_reference_value":["100g"],"_ingredients":[""],"_nutri_score":[""],"_alcohol_content":[""],"_drained_weight":[""],"_net_filling_quantity":[""],"_food_distributor":[""],"_food_description":[""],"_food_place_of_origin":[""],"_deposit_quantity":[""],"site-sidebar-layout":["default"],"site-content-layout":["default"],"theme-transparent-header-meta":["default"],"stick-header-meta":["default"],"_pys_conversion_label_settings":["a:3:{s:6:\"enable\";b:0;s:5:\"label\";s:0:\"\";s:2:\"id\";s:14:\"AW-11184563350\";}"],"_pys_super_pack_cpt_url":[""],"_pys_super_pack_cpt_condition":["only"],"_pys_super_pack_cpt_cart":["hidden"],"_woosea_brand":[""],"_woosea_mpn":[""],"_woosea_upc":[""],"_woosea_ean":[""],"_woosea_gtin":[""],"_woosea_color":[""],"_woosea_size":[""],"_woosea_gender":[""],"_woosea_material":[""],"_woosea_pattern":[""],"_woosea_optimized_title":[""],"_woosea_unit_pricing_measure":[""],"_woosea_unit_pricing_base_measure":[""],"_woosea_condition":[""],"_woosea_age_group":["adult"],"_woosea_installment_months":[""],"_woosea_installment_amount":[""],"_woosea_exclude_product":["no"],"_woosea_cost_of_good_sold":[""],"_woosea_multipack":[""],"_woosea_is_bundle":[""],"_woosea_energy_efficiency_class":[""],"_woosea_min_energy_efficiency_class":[""],"_woosea_max_energy_efficiency_class":[""],"_woosea_is_promotion":[""],"_woosea_custom_field_0":[""],"_woosea_custom_field_1":[""],"_woosea_custom_field_2":[""],"_woosea_custom_field_3":[""],"_woosea_custom_field_4":[""],"_pys_head_footer":["a:7:{s:14:\"disable_global\";b:0;s:8:\"head_any\";s:0:\"\";s:12:\"head_desktop\";s:0:\"\";s:11:\"head_mobile\";s:0:\"\";s:10:\"footer_any\";s:0:\"\";s:14:\"footer_desktop\";s:0:\"\";s:13:\"footer_mobile\";s:0:\"\";}"],"_customs_description":[""],"_is_non_returnable":["no"],"litespeed_vpi_list_mobile":["a:2:{i:0;s:8:\"logo.png\";i:1;s:65:\"Louis-Vuitton-Speedy25-Monogram-vorn-2023-0125-scaled-500x500.jpg\";}"],"litespeed_vpi_list":["a:4:{i:0;s:8:\"logo.png\";i:1;s:6:\"de.png\";i:2;s:65:\"Louis-Vuitton-Speedy25-Monogram-vorn-2023-0125-scaled-500x500.jpg\";i:3;s:35:\"three-o-clock-clock-svgrepo-com.svg\";}"],"_internal_date_code":["TH0992"],"_internal_product_origin":["Frankreich"],"_product_rating":["B"],"_wpml_media_has_media":["1"],"ast-site-content-layout":["default"],"site-content-style":["default"],"site-sidebar-style":["default"],"_sale_price_dates_to_CHF":[""],"_sale_price_dates_from_CHF":[""],"_sale_price_CHF":[""],"_regular_price_CHF":[""],"_wcml_schedule_CHF":["0"],"_sale_price_dates_to_GBP":[""],"_sale_price_dates_from_GBP":[""],"_sale_price_GBP":[""],"_regular_price_GBP":[""],"_wcml_schedule_GBP":["0"],"_wp_old_date":["2023-04-19"],"_rank_math_video":["true"],"rank_math_robots":["a:1:{i:0;s:5:\"index\";}"],"_not_in_inventory_checkbox":[""],"_custom_html_content":[""],"_customer_view":["8"],"_custom_view_last_updated":["2025-08-25 19:42:10"],"_zettle_product_cat_id":[""],"_shipping_length":[""],"_shipping_width":[""],"_shipping_height":[""],"_product_shipping_weight":["1kg"],"similar_product_key":["1752407528"],"_sku":["P5-0886"],"_edit_lock":["1752854996:4"],"_edit_last":["4"],"sib_push_meta_box_present":["1"],"sib_push_send_notification":["0"],"sib_push_target_segment_ids":["@ALL"],"_product_available_from_field":["2025-07-18T19:00"],"_manufacturer_slug":["lvmh-moet-hennessy-louis-vuitton-se"],"_safety_instructions":[""],"_safety_attachment_ids":["a:0:{}"],"_wireless_electronic_device":["no"],"_device_contains_power_supply":["no"],"_device_charging_supports_usb_pd":["no"],"_device_charging_watt_min":[""],"_device_charging_watt_max":[""],"_izettle_barcode":[""],"_izettle_nosync":[""],"_izettle_cost_price":[""],"_izettle_special_price":[""],"_izettle_product_name":[""],"_nickx_video_text_url":["a:1:{i:0;s:0:\"\";}"],"_nickx_product_video_type":["a:1:{i:0;s:23:\"nickx_video_url_youtube\";}"],"_nickx_product_video_thumb_ids":["a:1:{i:0;s:0:\"\";}"],"rank_math_primary_product_brand":["1584"],"_ame_cpe_post_policy":["{\"accessProtection\":{\"active\":\"replace\"}}"],"_product_reserve_till_field":[""],"woocommerce_izettle_product_uuid":["0ae9ea5a-60a6-11f0-bb28-353536383939"],"woocommerce_izettle_variant_uuid":["ae803fd6-5fe1-11f0-968f-353536383939"],"_izettle_updated":["1755928833"],"_gdrive_field":["https:\/\/drive.google.com\/drive\/u\/1\/folders\/1Q-aO_vBf_DhVyvKC-kYCp3dlDv_TTuIk"],"_izettle_image_lookup_key":["3kyncy1cEe-udXp3qLWasA-CuaycWCmEfCceykigGqSSg"],"_wpml_post_translation_editor_native":["no"],"astra-migrate-meta-layouts":["set"],"_wcml_average_rating":[null],"_wcml_review_count":[null],"_wcml_rating_count":[null],"copied_media_ids":["a:0:{}"],"referenced_media_ids":["a:23:{i:0;i:63991;i:1;i:64067;i:2;i:64029;i:3;i:64033;i:4;i:63993;i:5;i:64035;i:6;i:63995;i:7;i:63997;i:8;i:63999;i:9;i:64001;i:10;i:64003;i:11;i:64005;i:12;i:64007;i:13;i:64009;i:14;i:64011;i:15;i:64013;i:16;i:64015;i:17;i:64027;i:18;i:64025;i:19;i:64017;i:20;i:64019;i:21;i:64021;i:22;i:64023;}"],"rank_math_analytic_object_id":["541"],"_uag_page_assets":["a:9:{s:3:\"css\";s:0:\"\";s:2:\"js\";s:0:\"\";s:18:\"current_block_list\";a:6:{i:0;s:26:\"woocommerce\/filter-wrapper\";i:1;s:24:\"woocommerce\/price-filter\";i:2;s:30:\"woocommerce\/product-categories\";i:3;s:14:\"core\/paragraph\";i:4;s:14:\"core\/shortcode\";i:5;s:11:\"core\/search\";}s:8:\"uag_flag\";b:0;s:11:\"uag_version\";s:10:\"1777326963\";s:6:\"gfonts\";a:0:{}s:10:\"gfonts_url\";s:0:\"\";s:12:\"gfonts_files\";a:0:{}s:14:\"uag_faq_layout\";b:0;}"],"_wc_rating_count":[""]},"uagb_featured_image_src":{"full":["https:\/\/truelangtest.ilovehandbags.com\/wp-content\/uploads\/sites\/3\/Louis-Vuitton-Mini-Speedy-HL-Monogram-Canvas-0886-23-Photoroom.jpg",1984,1984,false],"thumbnail":["https:\/\/truelangtest.ilovehandbags.com\/wp-content\/uploads\/sites\/3\/Louis-Vuitton-Mini-Speedy-HL-Monogram-Canvas-0886-23-Photoroom-150x150.jpg",150,150,true],"medium":["https:\/\/truelangtest.ilovehandbags.com\/wp-content\/uploads\/sites\/3\/Louis-Vuitton-Mini-Speedy-HL-Monogram-Canvas-0886-23-Photoroom-300x300.jpg",300,300,true],"medium_large":["https:\/\/truelangtest.ilovehandbags.com\/wp-content\/uploads\/sites\/3\/Louis-Vuitton-Mini-Speedy-HL-Monogram-Canvas-0886-23-Photoroom-768x768.jpg",768,768,true],"large":["https:\/\/truelangtest.ilovehandbags.com\/wp-content\/uploads\/sites\/3\/Louis-Vuitton-Mini-Speedy-HL-Monogram-Canvas-0886-23-Photoroom-1024x1024.jpg",1024,1024,true],"1536x1536":["https:\/\/truelangtest.ilovehandbags.com\/wp-content\/uploads\/sites\/3\/Louis-Vuitton-Mini-Speedy-HL-Monogram-Canvas-0886-23-Photoroom.jpg",1536,1536,false],"2048x2048":["https:\/\/truelangtest.ilovehandbags.com\/wp-content\/uploads\/sites\/3\/Louis-Vuitton-Mini-Speedy-HL-Monogram-Canvas-0886-23-Photoroom.jpg",1984,1984,false],"woocommerce_thumbnail":["https:\/\/truelangtest.ilovehandbags.com\/wp-content\/uploads\/sites\/3\/Louis-Vuitton-Mini-Speedy-HL-Monogram-Canvas-0886-23-Photoroom-500x500.jpg",500,500,true],"woocommerce_single":["https:\/\/truelangtest.ilovehandbags.com\/wp-content\/uploads\/sites\/3\/Louis-Vuitton-Mini-Speedy-HL-Monogram-Canvas-0886-23-Photoroom-500x500.jpg",500,500,true],"woocommerce_gallery_thumbnail":["https:\/\/truelangtest.ilovehandbags.com\/wp-content\/uploads\/sites\/3\/Louis-Vuitton-Mini-Speedy-HL-Monogram-Canvas-0886-23-Photoroom-100x100.jpg",100,100,true]},"uagb_author_info":{"display_name":"ILoveHandbags","author_link":"https:\/\/truelangtest.ilovehandbags.com\/de\/author\/"},"uagb_comment_info":0,"uagb_excerpt":"Die Louis Vuitton Mini Speedy HL ist ein echtes Sammlerst\u00fcck und begeistert mit ihrem legend\u00e4ren Design in kompakter Form. Aus robustem Monogram Canvas gefertigt, vereint sie zeitlosen Stil mit charmanten Vintage-Vibes. Die beiden Tragegriffe aus naturbelassenem Vachetta-Leder unterstreichen den klassischen Louis Vuitton Look. Besonderes Highlight: Der Schulterriemen aus Canvas, der bequemes Tragen \u00fcber der Schulter&hellip;","_links":{"self":[{"href":"https:\/\/truelangtest.ilovehandbags.com\/de\/wp-json\/wp\/v2\/product\/63946","targetHints":{"allow":["GET"]}}],"collection":[{"href":"https:\/\/truelangtest.ilovehandbags.com\/de\/wp-json\/wp\/v2\/product"}],"about":[{"href":"https:\/\/truelangtest.ilovehandbags.com\/de\/wp-json\/wp\/v2\/types\/product"}],"wp:featuredmedia":[{"embeddable":true,"href":"https:\/\/truelangtest.ilovehandbags.com\/de\/wp-json\/wp\/v2\/media\/63991"}],"wp:attachment":[{"href":"https:\/\/truelangtest.ilovehandbags.com\/de\/wp-json\/wp\/v2\/media?parent=63946"}],"wp:term":[{"taxonomy":"product_brand","embeddable":true,"href":"https:\/\/truelangtest.ilovehandbags.com\/de\/wp-json\/wp\/v2\/product_brand?post=63946"},{"taxonomy":"product_cat","embeddable":true,"href":"https:\/\/truelangtest.ilovehandbags.com\/de\/wp-json\/wp\/v2\/product_cat?post=63946"},{"taxonomy":"product_tag","embeddable":true,"href":"https:\/\/truelangtest.ilovehandbags.com\/de\/wp-json\/wp\/v2\/product_tag?post=63946"}],"curies":[{"name":"wp","href":"https:\/\/api.w.org\/{rel}","templated":true}]}}