{"id":65721,"date":"2025-08-20T09:01:55","date_gmt":"2025-08-20T07:01:55","guid":{"rendered":"https:\/\/ilovehandbags.com\/?post_type=product&#038;p=65721"},"modified":"2025-09-05T12:35:41","modified_gmt":"2025-09-05T10:35:41","slug":"louis-vuitton-neonoe-damier-ebene-0915","status":"publish","type":"product","link":"https:\/\/truelangtest.ilovehandbags.com\/de\/louis-vuitton-neonoe-damier-ebene-0915\/","title":{"rendered":"Louis Vuitton N\u00e9oNo\u00e9 Damier Ebene"},"content":{"rendered":"","protected":false},"excerpt":{"rendered":"<p data-start=\"242\" data-end=\"434\">Die Louis Vuitton N\u00e9oNo\u00e9 ist eine der beliebtesten Bucket Bags der Maison \u2013 und in der Variante Damier Ebene mit Innenfutter in Cherry Berry wird sie zu einem echten Statement-Piece. Das ikonische Damier Ebene Canvas sorgt f\u00fcr eine zeitlose, elegante Optik, w\u00e4hrend das leuchtend rote Innenfutter in Cherry Berry einen spannenden Kontrast und eine moderne Note setzt. Dank des verstellbaren Schulterriemens kannst du die Tasche sowohl crossbody als auch \u00fcber der Schulter tragen \u2013 perfekt f\u00fcr Alltag, B\u00fcro oder Freizeit. Im Inneren \u00fcberzeugt die N\u00e9oNo\u00e9 mit durchdachter Aufteilung: Ein zentrales Rei\u00dfverschlussfach sorgt f\u00fcr sichere Aufbewahrung, w\u00e4hrend die gro\u00dfz\u00fcgigen Hauptf\u00e4cher Platz f\u00fcr alles bieten, was du unterwegs brauchst. Ob zur Jeans, zum Business-Outfit oder zum kleinen Schwarzen \u2013 die N\u00e9oNo\u00e9 Damier Ebene Cherry Berry passt sich deinem Stil perfekt an und verleiht jedem Look luxuri\u00f6se Raffinesse.<\/p>\n","protected":false},"featured_media":65759,"template":"","meta":{"_uag_custom_page_level_css":"","site-sidebar-layout":"default","site-content-layout":"default","ast-site-content-layout":"default","site-content-style":"default","site-sidebar-style":"default","ast-global-header-display":"","ast-banner-title-visibility":"","ast-main-header-display":"","ast-hfb-above-header-display":"","ast-hfb-below-header-display":"","ast-hfb-mobile-header-display":"","site-post-title":"","ast-breadcrumbs-content":"","ast-featured-img":"","footer-sml-layout":"","ast-disable-related-posts":"","theme-transparent-header-meta":"default","adv-header-id-meta":"","stick-header-meta":"default","header-above-stick-meta":"","header-main-stick-meta":"","header-below-stick-meta":"","astra-migrate-meta-layouts":"set","ast-page-background-enabled":"default","ast-page-background-meta":{"desktop":{"background-color":"var(--ast-global-color-4)","background-image":"","background-repeat":"repeat","background-position":"center center","background-size":"auto","background-attachment":"scroll","background-type":"","background-media":"","overlay-type":"","overlay-color":"","overlay-opacity":"","overlay-gradient":""},"tablet":{"background-color":"","background-image":"","background-repeat":"repeat","background-position":"center center","background-size":"auto","background-attachment":"scroll","background-type":"","background-media":"","overlay-type":"","overlay-color":"","overlay-opacity":"","overlay-gradient":""},"mobile":{"background-color":"","background-image":"","background-repeat":"repeat","background-position":"center center","background-size":"auto","background-attachment":"scroll","background-type":"","background-media":"","overlay-type":"","overlay-color":"","overlay-opacity":"","overlay-gradient":""}},"ast-content-background-meta":{"desktop":{"background-color":"var(--ast-global-color-5)","background-image":"","background-repeat":"repeat","background-position":"center center","background-size":"auto","background-attachment":"scroll","background-type":"","background-media":"","overlay-type":"","overlay-color":"","overlay-opacity":"","overlay-gradient":""},"tablet":{"background-color":"var(--ast-global-color-5)","background-image":"","background-repeat":"repeat","background-position":"center center","background-size":"auto","background-attachment":"scroll","background-type":"","background-media":"","overlay-type":"","overlay-color":"","overlay-opacity":"","overlay-gradient":""},"mobile":{"background-color":"var(--ast-global-color-5)","background-image":"","background-repeat":"repeat","background-position":"center center","background-size":"auto","background-attachment":"scroll","background-type":"","background-media":"","overlay-type":"","overlay-color":"","overlay-opacity":"","overlay-gradient":""}},"_glsr_average":0,"_glsr_ranking":0,"_glsr_reviews":0},"product_brand":[1584],"product_cat":[208,239,205,204,449],"product_tag":[214,1570,1569],"class_list":{"0":"post-65721","1":"product","2":"type-product","3":"status-publish","4":"has-post-thumbnail","6":"product_brand-louis-vuitton","7":"product_cat-handtaschen","8":"product_cat-louis-vuitton","9":"product_cat-tragetaschen","10":"product_cat-umhaengetaschen","11":"product_cat-bald-wieder-da","12":"product_tag-louis-vuitton","13":"product_tag-louis-vuitton-m45497","14":"product_tag-louis-vuitton-neonoe-mm","15":"desktop-align-left","16":"tablet-align-left","17":"mobile-align-left","18":"ast-product-gallery-layout-first-image-large","19":"ast-magnify-disabled","20":"ast-product-tabs-layout-accordion","22":"first","23":"outofstock","24":"sold-individually","25":"purchasable","26":"product-type-simple"},"spectra_custom_meta":{"_regular_price":["1350"],"total_sales":["1"],"_tax_status":["none"],"_tax_class":[""],"_manage_stock":["yes"],"_backorders":["no"],"_sold_individually":["yes"],"_crosssell_ids":["a:2:{i:0;i:22130;i:1;i:21887;}"],"_virtual":["no"],"_downloadable":["no"],"_product_image_gallery":["65930,65932,65727,65739,65743,65731,65753,65745,65737,65729,65747,65735,65733,65755,65751,65741,65749,65757,65725,65723"],"_download_limit":["-1"],"_download_expiry":["-1"],"_stock":["0"],"_stock_status":["outofstock"],"_wc_average_rating":[0],"_wc_review_count":["0"],"_product_attributes":["a:2:{s:8:\"pa_color\";a:7:{s:4:\"name\";s:8:\"pa_color\";s:5:\"value\";s:0:\"\";s:8:\"position\";i:1;s:10:\"is_visible\";i:0;s:12:\"is_variation\";i:1;s:11:\"is_taxonomy\";i:1;s:16:\"checkout_visible\";i:0;}s:9:\"pa_gender\";a:7:{s:4:\"name\";s:9:\"pa_gender\";s:5:\"value\";s:0:\"\";s:8:\"position\";i:2;s:10:\"is_visible\";i:0;s:12:\"is_variation\";i:1;s:11:\"is_taxonomy\";i:1;s:16:\"checkout_visible\";i:0;}}"],"_product_version":["10.1.2"],"_price":["1350"],"_wpml_media_featured":["1","1","1","1","1","1","1","1","1"],"_wpml_media_duplicate":["1","1","1","1","1","1","1","1","1"],"_wpml_word_count":["167"],"_wpml_location_migration_done":["1"],"_fusion":["a:3:{s:17:\"slider_visibility\";s:51:\"small-visibility,medium-visibility,large-visibility\";s:11:\"slider_type\";s:2:\"no\";s:9:\"wooslider\";s:1:\"0\";}"],"rank_math_seo_score":["73"],"rank_math_focus_keyword":["Louis Vuitton"],"_purchase_price_field":["720"],"_internal_warehouse_number_field":["P5-0915"],"_unit":[""],"_unit_base":[""],"_unit_product":[""],"_unit_price_auto":["no"],"_unit_price_regular":[""],"_unit_price":[""],"_unit_price_sale":[""],"_sale_price_label":[""],"_sale_price_regular_label":[""],"_mini_desc":["Louis Vuitton N\u00e9oNo\u00e9 Damier Ebene"],"_defect_description":[""],"_allergen_ids":["a:0:{}"],"_warranty_attachment_id":[""],"_min_age":[""],"_ts_gtin":[""],"_ts_mpn":[""],"_delivery_time_countries":["a:0:{}"],"_free_shipping":["no"],"_service":["no"],"_photovoltaic_system":["no"],"_used_good":["yes"],"_defective_copy":["no"],"_is_food":["no"],"_differential_taxation":["yes"],"_gzd_version":["3.20.1"],"_hs_code":[""],"_manufacture_country":["0"],"_rank_math_gtin_code":[""],"_fusion_google_fonts":[""],"fusion_builder_status":["active"],"rank_math_primary_product_cat":["0"],"_wcml_custom_prices_status":["1"],"avada_post_views_count":["22"],"avada_today_post_views_count":["1"],"avada_post_views_count_today_date":["14-04-2023"],"_sale_price_dates_to_USD":[""],"_sale_price_dates_from_USD":[""],"_sale_price_USD":[""],"_regular_price_USD":[""],"_wcml_schedule_USD":["0"],"_deposit_type":[""],"_nutrient_ids":["a:0:{}"],"_nutrient_reference_value":["100g"],"_ingredients":[""],"_nutri_score":[""],"_alcohol_content":[""],"_drained_weight":[""],"_net_filling_quantity":[""],"_food_distributor":[""],"_food_description":[""],"_food_place_of_origin":[""],"_deposit_quantity":[""],"yikes_woo_products_tabs":["a:2:{i:0;a:3:{s:5:\"title\";s:21:\"Weitere Informationen\";s:2:\"id\";s:21:\"weitere-informationen\";s:7:\"content\";s:816:\"<strong>Material au\u00dfen: <\/strong>Damier Ebene Canvas mit Rindsleder im Farbton Cherry Berry\r\n<strong style=\"font-size: 16px;\">Material innen: <\/strong><span style=\"font-size: 16px;\">Mikrofaserinnenfutter\r\n<\/span><strong style=\"font-size: 16px;\">Ma\u00dfe:<\/strong><span style=\"font-size: 16px;\"> 26 x 26 x 16,5 cm\r\n<\/span><strong style=\"font-size: 16px;\">L\u00e4nge Schulterriemen: <\/strong><span style=\"font-size: 16px;\">in 2 L\u00e4ngen verstellbar, 69 bzw 119 cm\r\n<\/span><strong style=\"font-size: 16px;\">Date Code \/ Herstellungsjahr: <\/strong>MI4149 \/ 2019<span style=\"font-size: 16px;\">\r\n<\/span><strong style=\"font-size: 16px;\">SKU: <\/strong>N40214\r\n<strong style=\"font-size: 16px;\">Lieferumfang: <\/strong><span style=\"font-size: 16px;\">I Love Handbags<\/span><span style=\"font-size: 16px;\"> Staubbeutel und Organizer<\/span>\";}i:1;a:3:{s:5:\"title\";s:7:\"Zustand\";s:2:\"id\";s:7:\"zustand\";s:7:\"content\";s:1124:\"<strong data-start=\"81\" data-end=\"99\">Gesamtzustand:<\/strong> Gut bis sehr gut<br data-start=\"116\" data-end=\"119\" \/><strong data-start=\"119\" data-end=\"130\">Canvas:<\/strong> Intakt<br data-start=\"171\" data-end=\"174\" \/><strong data-start=\"174\" data-end=\"189\" data-is-only-node=\"\">Br\u00fcnierung:<\/strong> Ebenfalls intakt, ebenfalls mit vereinzelt leichten Gebrauchsspuren<br data-start=\"246\" data-end=\"249\" \/><strong data-start=\"249\" data-end=\"259\">Ecken:<\/strong> Minimaler Abrieb sichtbar<br data-start=\"285\" data-end=\"288\" \/><strong data-start=\"288\" data-end=\"301\">Hardware:<\/strong> Mit leichten Gebrauchsspuren<br data-start=\"330\" data-end=\"333\" \/><strong data-start=\"333\" data-end=\"348\">Verschluss:<\/strong> Funktioniert einwandfrei und schlie\u00dft sicher<br data-start=\"393\" data-end=\"396\" \/><strong data-start=\"396\" data-end=\"410\">Innenraum:<\/strong> Sauber und gepflegt; an der unteren Naht des Innenfachs beginnt sich die Naht zu l\u00f6sen. Der untere Rand sowie der Boden der Pochette sind jedoch stabil und nicht offen. Dies wird durch den eingelegten Organizer zus\u00e4tzlich verdeckt und im Gebrauch nicht beeintr\u00e4chtigt.\";}}"],"site-sidebar-layout":["default"],"site-content-layout":["default"],"theme-transparent-header-meta":["default"],"stick-header-meta":["default"],"_yith_wcwtl_users_list":["a:2:{i:0;s:21:\"sriedel1105@gmail.com\";i:1;s:15:\"akhan@sysbe.com\";}"],"_default_delivery_time":[""],"rank_math_robots":["a:1:{i:0;s:5:\"index\";}"],"_pys_conversion_label_settings":["a:3:{s:6:\"enable\";b:0;s:5:\"label\";s:0:\"\";s:2:\"id\";s:14:\"AW-11184563350\";}"],"_pys_super_pack_cpt_url":[""],"_pys_super_pack_cpt_condition":["only"],"_pys_super_pack_cpt_cart":["hidden"],"_woosea_brand":[""],"_woosea_mpn":[""],"_woosea_upc":[""],"_woosea_ean":[""],"_woosea_gtin":[""],"_woosea_color":[""],"_woosea_size":[""],"_woosea_gender":[""],"_woosea_material":[""],"_woosea_pattern":[""],"_woosea_optimized_title":[""],"_woosea_unit_pricing_measure":[""],"_woosea_unit_pricing_base_measure":[""],"_woosea_condition":[""],"_woosea_age_group":["adult"],"_woosea_installment_months":[""],"_woosea_installment_amount":[""],"_woosea_exclude_product":["no"],"_woosea_cost_of_good_sold":[""],"_woosea_multipack":[""],"_woosea_is_bundle":[""],"_woosea_energy_efficiency_class":[""],"_woosea_min_energy_efficiency_class":[""],"_woosea_max_energy_efficiency_class":[""],"_woosea_is_promotion":[""],"_woosea_custom_field_0":[""],"_woosea_custom_field_1":[""],"_woosea_custom_field_2":[""],"_woosea_custom_field_3":[""],"_woosea_custom_field_4":[""],"_pys_head_footer":["a:7:{s:14:\"disable_global\";b:0;s:8:\"head_any\";s:0:\"\";s:12:\"head_desktop\";s:0:\"\";s:11:\"head_mobile\";s:0:\"\";s:10:\"footer_any\";s:0:\"\";s:14:\"footer_desktop\";s:0:\"\";s:13:\"footer_mobile\";s:0:\"\";}"],"_customs_description":[""],"_is_non_returnable":["no"],"litespeed_vpi_list_mobile":["a:2:{i:0;s:8:\"logo.png\";i:1;s:75:\"Louis-Vuitton-NeoNoeBB-Summer-by-the-Pool-vorn-2023-0235-scaled-500x500.jpg\";}"],"litespeed_vpi_list":["a:3:{i:0;s:8:\"logo.png\";i:1;s:6:\"de.png\";i:2;s:75:\"Louis-Vuitton-NeoNoeBB-Summer-by-the-Pool-vorn-2023-0235-scaled-500x500.jpg\";}"],"_rank_math_video":["true"],"_internal_date_code":[""],"_internal_product_origin":["France"],"_product_rating":["between A and B"],"_wpml_media_has_media":["1"],"_custom_html_content":[""],"ast-site-content-layout":["default"],"site-content-style":["default"],"site-sidebar-style":["default"],"_sale_price_dates_to_CHF":[""],"_sale_price_dates_from_CHF":[""],"_sale_price_CHF":[""],"_regular_price_CHF":[""],"_wcml_schedule_CHF":["0"],"_sale_price_dates_to_GBP":[""],"_sale_price_dates_from_GBP":[""],"_sale_price_GBP":[""],"_regular_price_GBP":[""],"_wcml_schedule_GBP":["0"],"_wp_old_date":["2023-05-01","2023-01-02"],"_show_in_inventory_checkbox":["yes"],"_not_in_inventory_checkbox":[""],"rank_math_contentai_score":["a:4:{s:9:\"wordCount\";s:4:\"4.07\";s:9:\"linkCount\";s:1:\"0\";s:12:\"headingCount\";s:1:\"0\";s:10:\"mediaCount\";s:3:\"100\";}"],"_product_shipping_weight":["1kg"],"_manufacturer_slug":["lvmh-moet-hennessy-louis-vuitton-se"],"_safety_attachment_ids":["a:0:{}"],"_zettle_product_cat_id":[""],"_shipping_length":[""],"_shipping_width":[""],"_shipping_height":[""],"_nickx_video_text_url":["a:1:{i:0;s:0:\"\";}"],"_nickx_product_video_type":["a:1:{i:0;s:23:\"nickx_video_url_youtube\";}"],"_nickx_product_video_thumb_ids":["a:1:{i:0;s:0:\"\";}"],"similar_product_key":["1741599086"],"_wpml_post_translation_editor_native":["no"],"_product_available_from_field":["2025-08-22T19:00"],"_safety_instructions":[""],"_wireless_electronic_device":["no"],"_device_contains_power_supply":["no"],"_device_charging_supports_usb_pd":["no"],"_device_charging_watt_min":["0"],"_device_charging_watt_max":["0"],"rank_math_primary_product_brand":["1584"],"_product_reserve_till_field":[""],"_customer_view":["5"],"_custom_view_last_updated":["2025-09-05 11:46:53"],"_sku":["P5-0915"],"_edit_lock":["1755775359:4"],"_edit_last":["4"],"sib_push_meta_box_present":["1"],"sib_push_send_notification":["0"],"sib_push_target_segment_ids":["@ALL"],"_izettle_barcode":[""],"_izettle_nosync":[""],"_izettle_cost_price":[""],"_izettle_special_price":[""],"_izettle_product_name":[""],"_ame_cpe_post_policy":["{\"accessProtection\":{\"active\":\"replace\"}}"],"_gdrive_field":["https:\/\/drive.google.com\/drive\/u\/1\/folders\/1SiDAxYIFBxELNjSXtpwYFHNxEnDMnxuQ"],"_thumbnail_id":["65759"],"astra-migrate-meta-layouts":["set"],"_izettle_image_lookup_key":["3kyncy1cEe-udXp3qLWasA-mET9U32TEfCw0XI4C0OrAQ"],"woocommerce_izettle_product_uuid":["9847eff0-7d93-11f0-8c4d-353536383939"],"woocommerce_izettle_variant_uuid":["984815fc-7d93-11f0-8bf1-353536383939"],"_izettle_updated":["1755928804"],"copied_media_ids":["a:0:{}"],"referenced_media_ids":["a:21:{i:0;i:65759;i:1;i:65930;i:2;i:65932;i:3;i:65727;i:4;i:65739;i:5;i:65743;i:6;i:65731;i:7;i:65753;i:8;i:65745;i:9;i:65737;i:10;i:65729;i:11;i:65747;i:12;i:65735;i:13;i:65733;i:14;i:65755;i:15;i:65751;i:16;i:65741;i:17;i:65749;i:18;i:65757;i:19;i:65725;i:20;i:65723;}"],"_wcml_average_rating":[null],"_wcml_review_count":[null],"_wcml_rating_count":[null],"rank_math_analytic_object_id":["464"],"_uag_page_assets":["a:9:{s:3:\"css\";s:0:\"\";s:2:\"js\";s:0:\"\";s:18:\"current_block_list\";a:6:{i:0;s:26:\"woocommerce\/filter-wrapper\";i:1;s:24:\"woocommerce\/price-filter\";i:2;s:30:\"woocommerce\/product-categories\";i:3;s:14:\"core\/paragraph\";i:4;s:14:\"core\/shortcode\";i:5;s:11:\"core\/search\";}s:8:\"uag_flag\";b:0;s:11:\"uag_version\";s:10:\"1777326263\";s:6:\"gfonts\";a:0:{}s:10:\"gfonts_url\";s:0:\"\";s:12:\"gfonts_files\";a:0:{}s:14:\"uag_faq_layout\";b:0;}"],"_wc_rating_count":[""]},"uagb_featured_image_src":{"full":["https:\/\/truelangtest.ilovehandbags.com\/wp-content\/uploads\/sites\/3\/Louis-Vuitton-NeoNoe-Damier-Ebene-0915-01.jpg",2000,1500,false],"thumbnail":["https:\/\/truelangtest.ilovehandbags.com\/wp-content\/uploads\/sites\/3\/Louis-Vuitton-NeoNoe-Damier-Ebene-0915-01-150x150.jpg",150,150,true],"medium":["https:\/\/truelangtest.ilovehandbags.com\/wp-content\/uploads\/sites\/3\/Louis-Vuitton-NeoNoe-Damier-Ebene-0915-01-300x300.jpg",300,300,true],"medium_large":["https:\/\/truelangtest.ilovehandbags.com\/wp-content\/uploads\/sites\/3\/Louis-Vuitton-NeoNoe-Damier-Ebene-0915-01-768x768.jpg",768,768,true],"large":["https:\/\/truelangtest.ilovehandbags.com\/wp-content\/uploads\/sites\/3\/Louis-Vuitton-NeoNoe-Damier-Ebene-0915-01-1024x1024.jpg",1024,1024,true],"1536x1536":["https:\/\/truelangtest.ilovehandbags.com\/wp-content\/uploads\/sites\/3\/Louis-Vuitton-NeoNoe-Damier-Ebene-0915-01.jpg",1536,1152,false],"2048x2048":["https:\/\/truelangtest.ilovehandbags.com\/wp-content\/uploads\/sites\/3\/Louis-Vuitton-NeoNoe-Damier-Ebene-0915-01.jpg",2000,1500,false],"woocommerce_thumbnail":["https:\/\/truelangtest.ilovehandbags.com\/wp-content\/uploads\/sites\/3\/Louis-Vuitton-NeoNoe-Damier-Ebene-0915-01-500x500.jpg",500,500,true],"woocommerce_single":["https:\/\/truelangtest.ilovehandbags.com\/wp-content\/uploads\/sites\/3\/Louis-Vuitton-NeoNoe-Damier-Ebene-0915-01-500x500.jpg",500,500,true],"woocommerce_gallery_thumbnail":["https:\/\/truelangtest.ilovehandbags.com\/wp-content\/uploads\/sites\/3\/Louis-Vuitton-NeoNoe-Damier-Ebene-0915-01-100x100.jpg",100,100,true]},"uagb_author_info":{"display_name":"ILoveHandbags","author_link":"https:\/\/truelangtest.ilovehandbags.com\/de\/author\/"},"uagb_comment_info":0,"uagb_excerpt":"Die Louis Vuitton N\u00e9oNo\u00e9 ist eine der beliebtesten Bucket Bags der Maison \u2013 und in der Variante Damier Ebene mit Innenfutter in Cherry Berry wird sie zu einem echten Statement-Piece. Das ikonische Damier Ebene Canvas sorgt f\u00fcr eine zeitlose, elegante Optik, w\u00e4hrend das leuchtend rote Innenfutter in Cherry Berry einen spannenden Kontrast und eine moderne&hellip;","_links":{"self":[{"href":"https:\/\/truelangtest.ilovehandbags.com\/de\/wp-json\/wp\/v2\/product\/65721","targetHints":{"allow":["GET"]}}],"collection":[{"href":"https:\/\/truelangtest.ilovehandbags.com\/de\/wp-json\/wp\/v2\/product"}],"about":[{"href":"https:\/\/truelangtest.ilovehandbags.com\/de\/wp-json\/wp\/v2\/types\/product"}],"wp:featuredmedia":[{"embeddable":true,"href":"https:\/\/truelangtest.ilovehandbags.com\/de\/wp-json\/wp\/v2\/media\/65759"}],"wp:attachment":[{"href":"https:\/\/truelangtest.ilovehandbags.com\/de\/wp-json\/wp\/v2\/media?parent=65721"}],"wp:term":[{"taxonomy":"product_brand","embeddable":true,"href":"https:\/\/truelangtest.ilovehandbags.com\/de\/wp-json\/wp\/v2\/product_brand?post=65721"},{"taxonomy":"product_cat","embeddable":true,"href":"https:\/\/truelangtest.ilovehandbags.com\/de\/wp-json\/wp\/v2\/product_cat?post=65721"},{"taxonomy":"product_tag","embeddable":true,"href":"https:\/\/truelangtest.ilovehandbags.com\/de\/wp-json\/wp\/v2\/product_tag?post=65721"}],"curies":[{"name":"wp","href":"https:\/\/api.w.org\/{rel}","templated":true}]}}