{"id":65979,"date":"2025-08-20T09:00:13","date_gmt":"2025-08-20T07:00:13","guid":{"rendered":"https:\/\/ilovehandbags.com\/?post_type=product&#038;p=65979"},"modified":"2025-11-22T08:26:23","modified_gmt":"2025-11-22T07:26:23","slug":"louis-vuitton-luggage-tag-salzburg-0920","status":"publish","type":"product","link":"https:\/\/truelangtest.ilovehandbags.com\/de\/louis-vuitton-luggage-tag-salzburg-0920\/","title":{"rendered":"Louis Vuitton Luggage Tag Salzburg"},"content":{"rendered":"","protected":false},"excerpt":{"rendered":"<p data-start=\"106\" data-end=\"381\">Entdecke den charmanten Louis Vuitton Luggage Tag aus unbehandeltem Vachetta-Leder \u2013 ein stilvolles Accessoire, das sowohl als eleganter Taschenanh\u00e4nger als auch als praktischer Adressanh\u00e4nger f\u00fcr deine Keepall oder eine andere Louis Vuitton Handtasche genutzt werden kann. Besonders reizvoll ist das detailreiche Skyline-Motiv von Salzburg, das diesem Anh\u00e4nger eine ganz pers\u00f6nliche Note verleiht. Luggage Tags mit speziellen Pr\u00e4gungen sind unter Sammlern sehr begehrt und machen jedes St\u00fcck zu einem kleinen Unikat. Da das Vachetta-Leder unbehandelt ist, entwickelt es mit der Zeit eine wundersch\u00f6ne Patina und wird dadurch noch individueller. Auf der R\u00fcckseite hast du au\u00dferdem die M\u00f6glichkeit, den Anh\u00e4nger mit einem pers\u00f6nlichen Hotstamp versehen zu lassen \u2013 f\u00fcr einen ganz besonderen, individuellen Touch.<\/p>\n","protected":false},"featured_media":65985,"template":"","meta":{"_uag_custom_page_level_css":"","site-sidebar-layout":"default","site-content-layout":"default","ast-site-content-layout":"default","site-content-style":"default","site-sidebar-style":"default","ast-global-header-display":"","ast-banner-title-visibility":"","ast-main-header-display":"","ast-hfb-above-header-display":"","ast-hfb-below-header-display":"","ast-hfb-mobile-header-display":"","site-post-title":"","ast-breadcrumbs-content":"","ast-featured-img":"","footer-sml-layout":"","ast-disable-related-posts":"","theme-transparent-header-meta":"default","adv-header-id-meta":"","stick-header-meta":"default","header-above-stick-meta":"","header-main-stick-meta":"","header-below-stick-meta":"","astra-migrate-meta-layouts":"set","ast-page-background-enabled":"default","ast-page-background-meta":{"desktop":{"background-color":"var(--ast-global-color-4)","background-image":"","background-repeat":"repeat","background-position":"center center","background-size":"auto","background-attachment":"scroll","background-type":"","background-media":"","overlay-type":"","overlay-color":"","overlay-opacity":"","overlay-gradient":""},"tablet":{"background-color":"","background-image":"","background-repeat":"repeat","background-position":"center center","background-size":"auto","background-attachment":"scroll","background-type":"","background-media":"","overlay-type":"","overlay-color":"","overlay-opacity":"","overlay-gradient":""},"mobile":{"background-color":"","background-image":"","background-repeat":"repeat","background-position":"center center","background-size":"auto","background-attachment":"scroll","background-type":"","background-media":"","overlay-type":"","overlay-color":"","overlay-opacity":"","overlay-gradient":""}},"ast-content-background-meta":{"desktop":{"background-color":"var(--ast-global-color-5)","background-image":"","background-repeat":"repeat","background-position":"center center","background-size":"auto","background-attachment":"scroll","background-type":"","background-media":"","overlay-type":"","overlay-color":"","overlay-opacity":"","overlay-gradient":""},"tablet":{"background-color":"var(--ast-global-color-5)","background-image":"","background-repeat":"repeat","background-position":"center center","background-size":"auto","background-attachment":"scroll","background-type":"","background-media":"","overlay-type":"","overlay-color":"","overlay-opacity":"","overlay-gradient":""},"mobile":{"background-color":"var(--ast-global-color-5)","background-image":"","background-repeat":"repeat","background-position":"center center","background-size":"auto","background-attachment":"scroll","background-type":"","background-media":"","overlay-type":"","overlay-color":"","overlay-opacity":"","overlay-gradient":""}},"_glsr_average":0,"_glsr_ranking":0,"_glsr_reviews":0},"product_brand":[1584],"product_cat":[239,195],"product_tag":[214,461,460,278],"class_list":{"0":"post-65979","1":"product","2":"type-product","3":"status-publish","4":"has-post-thumbnail","6":"product_brand-louis-vuitton","7":"product_cat-louis-vuitton","8":"product_cat-taschenschmuck","9":"product_tag-louis-vuitton","10":"product_tag-louis-vuitton-kofferanhaenger","11":"product_tag-louis-vuitton-luggage-tag","12":"product_tag-louis-vuitton-taschenanhaenger","13":"desktop-align-left","14":"tablet-align-left","15":"mobile-align-left","16":"ast-product-gallery-layout-first-image-large","17":"ast-magnify-disabled","18":"ast-product-tabs-layout-accordion","20":"first","21":"instock","22":"sold-individually","23":"purchasable","24":"product-type-simple"},"spectra_custom_meta":{"_regular_price":["110"],"total_sales":["0"],"_tax_status":["none"],"_tax_class":[""],"_manage_stock":["yes"],"_backorders":["no"],"_sold_individually":["yes"],"_virtual":["no"],"_downloadable":["no"],"_product_image_gallery":["65993,65987,65991,65989"],"_download_limit":["-1"],"_download_expiry":["-1"],"_thumbnail_id":["65985"],"_stock":["1"],"_stock_status":["instock"],"_wc_average_rating":[0],"_wc_review_count":["0"],"_product_attributes":["a:3:{s:8:\"pa_brand\";a:7:{s:4:\"name\";s:8:\"pa_brand\";s:5:\"value\";s:0:\"\";s:8:\"position\";i:0;s:10:\"is_visible\";i:0;s:12:\"is_variation\";i:1;s:11:\"is_taxonomy\";i:1;s:16:\"checkout_visible\";i:0;}s:8:\"pa_color\";a:7:{s:4:\"name\";s:8:\"pa_color\";s:5:\"value\";s:0:\"\";s:8:\"position\";i:1;s:10:\"is_visible\";i:0;s:12:\"is_variation\";i:1;s:11:\"is_taxonomy\";i:1;s:16:\"checkout_visible\";i:0;}s:9:\"pa_gender\";a:7:{s:4:\"name\";s:9:\"pa_gender\";s:5:\"value\";s:0:\"\";s:8:\"position\";i:2;s:10:\"is_visible\";i:0;s:12:\"is_variation\";i:1;s:11:\"is_taxonomy\";i:1;s:16:\"checkout_visible\";i:0;}}"],"_product_version":["10.3.5"],"_price":["110"],"_wpml_media_featured":["1","1","1","1","1","1","1","1","1","1","1","1","1","1","1","1"],"_wpml_media_duplicate":["1","1","1","1","1","1","1","1","1","1","1","1","1","1","1","1"],"_wpml_word_count":["150"],"_wpml_location_migration_done":["1"],"_fusion":["a:3:{s:17:\"slider_visibility\";s:51:\"small-visibility,medium-visibility,large-visibility\";s:11:\"slider_type\";s:2:\"no\";s:9:\"wooslider\";s:1:\"0\";}"],"rank_math_seo_score":["76"],"rank_math_focus_keyword":["louis vuitton"],"_purchase_price_field":["40"],"_internal_warehouse_number_field":["P5-0920-K"],"_unit":[""],"_unit_base":[""],"_unit_product":[""],"_unit_price_auto":["no"],"_unit_price_regular":[""],"_unit_price":[""],"_unit_price_sale":[""],"_sale_price_label":[""],"_sale_price_regular_label":[""],"_mini_desc":["Louis Vuitton Luggage Tag Salzburg"],"_defect_description":[""],"_allergen_ids":["a:0:{}"],"_warranty_attachment_id":[""],"_min_age":[""],"_ts_gtin":[""],"_ts_mpn":[""],"_delivery_time_countries":["a:0:{}"],"_free_shipping":["no"],"_service":["no"],"_photovoltaic_system":["no"],"_used_good":["yes"],"_defective_copy":["no"],"_is_food":["no"],"_differential_taxation":["yes"],"_gzd_version":["3.20.4"],"_hs_code":[""],"_manufacture_country":[""],"_rank_math_gtin_code":[""],"_fusion_google_fonts":[""],"fusion_builder_status":["active"],"rank_math_primary_product_cat":["0"],"_wcml_custom_prices_status":["0"],"avada_post_views_count":["73"],"avada_today_post_views_count":["2"],"avada_post_views_count_today_date":["16-04-2023"],"_deposit_type":[""],"_nutrient_ids":["a:0:{}"],"_nutrient_reference_value":["100g"],"_ingredients":[""],"_nutri_score":[""],"_alcohol_content":[""],"_drained_weight":[""],"_net_filling_quantity":[""],"_food_distributor":[""],"_food_description":[""],"_food_place_of_origin":[""],"_deposit_quantity":[""],"yikes_woo_products_tabs":["a:2:{i:0;a:3:{s:5:\"title\";s:21:\"Weitere Informationen\";s:2:\"id\";s:21:\"weitere-informationen\";s:7:\"content\";s:179:\"<strong>Material:<\/strong> Unbehandeltes Vachetta Leder mit goldfarbener Hardware\r\n<strong>Ma\u00dfe:<\/strong> 4 x 7 x 0,3 cm\r\n<strong>Lieferumfang:<\/strong> Louis Vuitton Staubbeutel\";}i:1;a:3:{s:5:\"title\";s:7:\"Zustand\";s:2:\"id\";s:7:\"zustand\";s:7:\"content\";s:94:\"<strong>Gesamtzustand:<\/strong> Neuwertig\r\n<strong>Hardware:<\/strong> Minimale Gebrauchsspuren\";}}"],"site-sidebar-layout":["default"],"site-content-layout":["default"],"theme-transparent-header-meta":["default"],"stick-header-meta":["default"],"_pys_conversion_label_settings":["a:3:{s:6:\"enable\";b:0;s:5:\"label\";s:0:\"\";s:2:\"id\";s:14:\"AW-11184563350\";}"],"_pys_super_pack_cpt_url":[""],"_pys_super_pack_cpt_condition":["only"],"_pys_super_pack_cpt_cart":["hidden"],"_woosea_brand":[""],"_woosea_mpn":[""],"_woosea_upc":[""],"_woosea_ean":[""],"_woosea_gtin":[""],"_woosea_color":[""],"_woosea_size":[""],"_woosea_gender":[""],"_woosea_material":[""],"_woosea_pattern":[""],"_woosea_optimized_title":[""],"_woosea_unit_pricing_measure":[""],"_woosea_unit_pricing_base_measure":[""],"_woosea_condition":[""],"_woosea_age_group":["adult"],"_woosea_installment_months":[""],"_woosea_installment_amount":[""],"_woosea_exclude_product":["no"],"_woosea_cost_of_good_sold":[""],"_woosea_multipack":[""],"_woosea_is_bundle":[""],"_woosea_energy_efficiency_class":[""],"_woosea_min_energy_efficiency_class":[""],"_woosea_max_energy_efficiency_class":[""],"_woosea_is_promotion":[""],"_woosea_custom_field_0":[""],"_woosea_custom_field_1":[""],"_woosea_custom_field_2":[""],"_woosea_custom_field_3":[""],"_woosea_custom_field_4":[""],"_pys_head_footer":["a:7:{s:14:\"disable_global\";b:0;s:8:\"head_any\";s:0:\"\";s:12:\"head_desktop\";s:0:\"\";s:11:\"head_mobile\";s:0:\"\";s:10:\"footer_any\";s:0:\"\";s:14:\"footer_desktop\";s:0:\"\";s:13:\"footer_mobile\";s:0:\"\";}"],"_customs_description":[""],"_is_non_returnable":["no"],"_wpml_media_has_media":["1"],"_internal_date_code":["nicht vorhanden"],"_internal_product_origin":["Frankreich"],"ast-site-content-layout":["default"],"site-content-style":["default"],"site-sidebar-style":["default"],"litespeed_vpi_list":["a:5:{i:0;s:8:\"logo.png\";i:1;s:6:\"de.png\";i:2;s:75:\"Louis-Vuitton-Luggage-Tag-Vivienne-Vorderseite-2023-0026-scaled-500x500.jpg\";i:3;s:35:\"three-o-clock-clock-svgrepo-com.svg\";i:4;s:23:\"authentic_black_100.png\";}"],"litespeed_vpi_list_mobile":["a:2:{i:0;s:8:\"logo.png\";i:1;s:75:\"Louis-Vuitton-Luggage-Tag-Vivienne-Vorderseite-2023-0026-scaled-500x500.jpg\";}"],"_product_rating":["N"],"_wp_old_date":["2023-10-25","2023-11-29"],"_custom_html_content":[""],"rank_math_robots":["a:1:{i:0;s:5:\"index\";}"],"_not_in_inventory_checkbox":["yes"],"rank_math_contentai_score":["a:4:{s:9:\"wordCount\";s:4:\"1.79\";s:9:\"linkCount\";s:1:\"0\";s:12:\"headingCount\";s:1:\"0\";s:10:\"mediaCount\";s:5:\"13.33\";}"],"_customer_view":["22"],"_custom_view_last_updated":["2026-04-12 18:14:59"],"_shipping_length":[""],"_shipping_width":[""],"_shipping_height":[""],"_zettle_product_cat_id":[""],"_product_shipping_weight":["1kg"],"_manufacturer_slug":["lvmh-moet-hennessy-louis-vuitton-se"],"_safety_attachment_ids":["a:0:{}"],"_nickx_video_text_url":["a:1:{i:0;s:0:\"\";}"],"_nickx_product_video_type":["a:1:{i:0;s:23:\"nickx_video_url_youtube\";}"],"_nickx_product_video_thumb_ids":["a:1:{i:0;s:0:\"\";}"],"_wpml_post_translation_editor_native":["no"],"_product_available_from_field":["2025-08-22T19:00"],"_safety_instructions":[""],"_wireless_electronic_device":["no"],"_device_contains_power_supply":["no"],"_device_charging_supports_usb_pd":["no"],"_device_charging_watt_min":["0"],"_device_charging_watt_max":["0"],"rank_math_primary_product_brand":["1584"],"_product_reserve_till_field":[""],"similar_product_key":["1755601753"],"_sku":["P5-0920-K"],"_edit_lock":["1763796318:4"],"_edit_last":["4"],"sib_push_meta_box_present":["1"],"sib_push_send_notification":["0"],"sib_push_target_segment_ids":["@ALL"],"_izettle_barcode":[""],"_izettle_nosync":[""],"_izettle_cost_price":[""],"_izettle_special_price":[""],"_izettle_product_name":[""],"_ame_cpe_post_policy":["{\"accessProtection\":{\"active\":\"replace\"}}"],"_gdrive_field":["https:\/\/drive.google.com\/drive\/u\/1\/folders\/1LZIcaLKyLGS2Z7JwkDq44i4w9CQPuels"],"_izettle_image_lookup_key":["3kyncy1cEe-udXp3qLWasA-cRxvv32TEfCf_DbYH0mvug"],"woocommerce_izettle_product_uuid":["711fcc40-7d93-11f0-8371-353536383939"],"woocommerce_izettle_variant_uuid":["711fed88-7d93-11f0-9420-353536383939"],"_izettle_updated":["1755928813"],"copied_media_ids":["a:0:{}"],"referenced_media_ids":["a:5:{i:0;i:65985;i:1;i:65993;i:2;i:65987;i:3;i:65991;i:4;i:65989;}"],"sib_push_send_notification_delay_seconds":["0"],"_is_non_alcoholic":["no"],"_mid_code":[""],"_ship_separately_via":[""],"_shipping_weight":[""],"_wcml_average_rating":[null],"_wcml_review_count":[null],"_wcml_rating_count":[null],"astra-migrate-meta-layouts":["set"],"rank_math_analytic_object_id":["480"],"_uag_page_assets":["a:9:{s:3:\"css\";s:0:\"\";s:2:\"js\";s:0:\"\";s:18:\"current_block_list\";a:6:{i:0;s:26:\"woocommerce\/filter-wrapper\";i:1;s:24:\"woocommerce\/price-filter\";i:2;s:30:\"woocommerce\/product-categories\";i:3;s:14:\"core\/paragraph\";i:4;s:14:\"core\/shortcode\";i:5;s:11:\"core\/search\";}s:8:\"uag_flag\";b:0;s:11:\"uag_version\";s:10:\"1777326312\";s:6:\"gfonts\";a:0:{}s:10:\"gfonts_url\";s:0:\"\";s:12:\"gfonts_files\";a:0:{}s:14:\"uag_faq_layout\";b:0;}"],"_wc_rating_count":[""]},"uagb_featured_image_src":{"full":["https:\/\/truelangtest.ilovehandbags.com\/wp-content\/uploads\/sites\/3\/Louis-Vuitton-Luggage-Tag-Salzburg-0920-05-scaled.png",2560,1920,false],"thumbnail":["https:\/\/truelangtest.ilovehandbags.com\/wp-content\/uploads\/sites\/3\/Louis-Vuitton-Luggage-Tag-Salzburg-0920-05-150x150.png.jpg",150,150,true],"medium":["https:\/\/truelangtest.ilovehandbags.com\/wp-content\/uploads\/sites\/3\/Louis-Vuitton-Luggage-Tag-Salzburg-0920-05-300x300.png.jpg",300,300,true],"medium_large":["https:\/\/truelangtest.ilovehandbags.com\/wp-content\/uploads\/sites\/3\/Louis-Vuitton-Luggage-Tag-Salzburg-0920-05-768x768.png.jpg",768,768,true],"large":["https:\/\/truelangtest.ilovehandbags.com\/wp-content\/uploads\/sites\/3\/Louis-Vuitton-Luggage-Tag-Salzburg-0920-05-1024x1024.png.jpg",1024,1024,true],"1536x1536":["https:\/\/truelangtest.ilovehandbags.com\/wp-content\/uploads\/sites\/3\/Louis-Vuitton-Luggage-Tag-Salzburg-0920-05-scaled.png",1536,1152,false],"2048x2048":["https:\/\/truelangtest.ilovehandbags.com\/wp-content\/uploads\/sites\/3\/Louis-Vuitton-Luggage-Tag-Salzburg-0920-05-scaled.png",2048,1536,false],"woocommerce_thumbnail":["https:\/\/truelangtest.ilovehandbags.com\/wp-content\/uploads\/sites\/3\/Louis-Vuitton-Luggage-Tag-Salzburg-0920-05-500x500.png.jpg",500,500,true],"woocommerce_single":["https:\/\/truelangtest.ilovehandbags.com\/wp-content\/uploads\/sites\/3\/Louis-Vuitton-Luggage-Tag-Salzburg-0920-05-500x500.png.jpg",500,500,true],"woocommerce_gallery_thumbnail":["https:\/\/truelangtest.ilovehandbags.com\/wp-content\/uploads\/sites\/3\/Louis-Vuitton-Luggage-Tag-Salzburg-0920-05-100x100.png.jpg",100,100,true]},"uagb_author_info":{"display_name":"ILoveHandbags","author_link":"https:\/\/truelangtest.ilovehandbags.com\/de\/author\/"},"uagb_comment_info":0,"uagb_excerpt":"Entdecke den charmanten Louis Vuitton Luggage Tag aus unbehandeltem Vachetta-Leder \u2013 ein stilvolles Accessoire, das sowohl als eleganter Taschenanh\u00e4nger als auch als praktischer Adressanh\u00e4nger f\u00fcr deine Keepall oder eine andere Louis Vuitton Handtasche genutzt werden kann. Besonders reizvoll ist das detailreiche Skyline-Motiv von Salzburg, das diesem Anh\u00e4nger eine ganz pers\u00f6nliche Note verleiht. Luggage Tags mit&hellip;","_links":{"self":[{"href":"https:\/\/truelangtest.ilovehandbags.com\/de\/wp-json\/wp\/v2\/product\/65979","targetHints":{"allow":["GET"]}}],"collection":[{"href":"https:\/\/truelangtest.ilovehandbags.com\/de\/wp-json\/wp\/v2\/product"}],"about":[{"href":"https:\/\/truelangtest.ilovehandbags.com\/de\/wp-json\/wp\/v2\/types\/product"}],"wp:featuredmedia":[{"embeddable":true,"href":"https:\/\/truelangtest.ilovehandbags.com\/de\/wp-json\/wp\/v2\/media\/65985"}],"wp:attachment":[{"href":"https:\/\/truelangtest.ilovehandbags.com\/de\/wp-json\/wp\/v2\/media?parent=65979"}],"wp:term":[{"taxonomy":"product_brand","embeddable":true,"href":"https:\/\/truelangtest.ilovehandbags.com\/de\/wp-json\/wp\/v2\/product_brand?post=65979"},{"taxonomy":"product_cat","embeddable":true,"href":"https:\/\/truelangtest.ilovehandbags.com\/de\/wp-json\/wp\/v2\/product_cat?post=65979"},{"taxonomy":"product_tag","embeddable":true,"href":"https:\/\/truelangtest.ilovehandbags.com\/de\/wp-json\/wp\/v2\/product_tag?post=65979"}],"curies":[{"name":"wp","href":"https:\/\/api.w.org\/{rel}","templated":true}]}}