{"id":69001,"date":"2025-09-30T12:33:53","date_gmt":"2025-09-30T10:33:53","guid":{"rendered":"https:\/\/ilovehandbags.com\/?post_type=product&#038;p=69001"},"modified":"2026-04-21T13:30:26","modified_gmt":"2026-04-21T11:30:26","slug":"gucci-guccissima-zippy-0966","status":"publish","type":"product","link":"https:\/\/truelangtest.ilovehandbags.com\/de\/gucci-guccissima-zippy-0966\/","title":{"rendered":"Gucci Guccissima Zippy"},"content":{"rendered":"","protected":false},"excerpt":{"rendered":"<p data-start=\"169\" data-end=\"522\">Das Gucci Guccissima Zippy verbindet ikonisches Design mit praktischer Alltagstauglichkeit. Gefertigt aus edlem Leder im charakteristischen Guccissima-Muster ist sie ein echter Blickfang. Der elegante Pink-Ton verleiht der Geldb\u00f6rse eine feminine, zugleich moderne Ausstrahlung. Dezente Logo-Details runden den unverwechselbaren Gucci-Look ab. Im Inneren \u00fcberzeugt die Geldb\u00f6rse mit einer durchdachten Aufteilung: mehrere Kartenf\u00e4cher, Geldscheinf\u00e4cher sowie ein M\u00fcnzfach mit Rei\u00dfverschluss sorgen f\u00fcr Ordnung und \u00dcbersicht. Der Rundumrei\u00dfverschluss sch\u00fctzt den Inhalt zuverl\u00e4ssig und macht die Geldb\u00f6rse zu einem praktischen Begleiter im Alltag \u2013 egal ob im B\u00fcro, beim Shoppen oder auf Reisen.<\/p>\n","protected":false},"featured_media":69156,"template":"","meta":{"_uag_custom_page_level_css":"","site-sidebar-layout":"default","site-content-layout":"default","ast-site-content-layout":"default","site-content-style":"default","site-sidebar-style":"default","ast-global-header-display":"","ast-banner-title-visibility":"","ast-main-header-display":"","ast-hfb-above-header-display":"","ast-hfb-below-header-display":"","ast-hfb-mobile-header-display":"","site-post-title":"","ast-breadcrumbs-content":"","ast-featured-img":"","footer-sml-layout":"","ast-disable-related-posts":"","theme-transparent-header-meta":"default","adv-header-id-meta":"","stick-header-meta":"default","header-above-stick-meta":"","header-main-stick-meta":"","header-below-stick-meta":"","astra-migrate-meta-layouts":"set","ast-page-background-enabled":"default","ast-page-background-meta":{"desktop":{"background-color":"var(--ast-global-color-4)","background-image":"","background-repeat":"repeat","background-position":"center center","background-size":"auto","background-attachment":"scroll","background-type":"","background-media":"","overlay-type":"","overlay-color":"","overlay-opacity":"","overlay-gradient":""},"tablet":{"background-color":"","background-image":"","background-repeat":"repeat","background-position":"center center","background-size":"auto","background-attachment":"scroll","background-type":"","background-media":"","overlay-type":"","overlay-color":"","overlay-opacity":"","overlay-gradient":""},"mobile":{"background-color":"","background-image":"","background-repeat":"repeat","background-position":"center center","background-size":"auto","background-attachment":"scroll","background-type":"","background-media":"","overlay-type":"","overlay-color":"","overlay-opacity":"","overlay-gradient":""}},"ast-content-background-meta":{"desktop":{"background-color":"var(--ast-global-color-5)","background-image":"","background-repeat":"repeat","background-position":"center center","background-size":"auto","background-attachment":"scroll","background-type":"","background-media":"","overlay-type":"","overlay-color":"","overlay-opacity":"","overlay-gradient":""},"tablet":{"background-color":"var(--ast-global-color-5)","background-image":"","background-repeat":"repeat","background-position":"center center","background-size":"auto","background-attachment":"scroll","background-type":"","background-media":"","overlay-type":"","overlay-color":"","overlay-opacity":"","overlay-gradient":""},"mobile":{"background-color":"var(--ast-global-color-5)","background-image":"","background-repeat":"repeat","background-position":"center center","background-size":"auto","background-attachment":"scroll","background-type":"","background-media":"","overlay-type":"","overlay-color":"","overlay-opacity":"","overlay-gradient":""}},"_glsr_average":0,"_glsr_ranking":0,"_glsr_reviews":0},"product_brand":[1588],"product_cat":[191,1321,237,447],"product_tag":[1336,1884,1505],"class_list":{"0":"post-69001","1":"product","2":"type-product","3":"status-publish","4":"has-post-thumbnail","6":"product_brand-gucci","7":"product_cat-geldboersen","8":"product_cat-gucci","9":"product_cat-kleinlederwaren","10":"product_cat-sale","11":"product_tag-gucci","12":"product_tag-gucci-geldboerse","13":"product_tag-gucci-marmont","14":"desktop-align-left","15":"tablet-align-left","16":"mobile-align-left","17":"ast-product-gallery-layout-first-image-large","18":"ast-magnify-disabled","19":"ast-product-tabs-layout-accordion","21":"first","22":"instock","23":"sale","24":"sold-individually","25":"purchasable","26":"product-type-simple"},"spectra_custom_meta":{"copied_media_ids":["a:0:{}","a:0:{}"],"referenced_media_ids":["a:12:{i:0;i:69156;i:1;i:69150;i:2;i:69153;i:3;i:69147;i:4;i:69146;i:5;i:69145;i:6;i:69155;i:7;i:69149;i:8;i:69154;i:9;i:69148;i:10;i:69151;i:11;i:69152;}","a:12:{i:0;i:69156;i:1;i:69150;i:2;i:69153;i:3;i:69147;i:4;i:69146;i:5;i:69145;i:6;i:69155;i:7;i:69149;i:8;i:69154;i:9;i:69148;i:10;i:69151;i:11;i:69152;}"],"_regular_price":["220"],"total_sales":["0"],"_tax_status":["none"],"_tax_class":[""],"_manage_stock":["yes"],"_backorders":["no"],"_sold_individually":["yes"],"_virtual":["no"],"_downloadable":["no"],"_product_image_gallery":["69150,69153,69147,69146,69145,69155,69149,69154,69148,69151,69152"],"_download_limit":["-1"],"_download_expiry":["-1"],"_thumbnail_id":["69156"],"_stock":["1"],"_stock_status":["instock"],"_wc_average_rating":[0],"_wc_review_count":["0"],"_product_version":["10.7.0"],"_price":["190"],"yikes_woo_products_tabs":["a:2:{i:0;a:3:{s:5:\"title\";s:21:\"Weitere Informationen\";s:2:\"id\";s:21:\"weitere-informationen\";s:7:\"content\";s:418:\"<strong>Material au\u00dfen: <\/strong>Pinkfarbenes Guccissima Leder\r\n<strong style=\"font-size: 16px;\">Material innen: <\/strong><span style=\"font-size: 16px;\">Leder und Textilinnenfutter\r\n<\/span><strong style=\"font-size: 16px;\">Ma\u00dfe: <\/strong><span style=\"font-size: 16px;\">18 x 10,5 x 2 cm\r\n<\/span><strong style=\"font-size: 16px;\">Lieferumfang:<\/strong><span style=\"font-size: 16px;\"> I Love Handbags Staubbeutel\u00a0<\/span>\";}i:1;a:3:{s:5:\"title\";s:7:\"Zustand\";s:2:\"id\";s:7:\"zustand\";s:7:\"content\";s:343:\"<strong>Gesamtzustand: <\/strong>Gut\r\n<strong>Leder:<\/strong> Vereinzelt Gebrauchsspuren vorhanden, wie Abrieb, Flecken und Kratzer\r\n<strong>Ecken:<\/strong> Abrieb vorhanden\r\n<strong>Hardware:<\/strong> Leichte Gebrauchsspuren\r\n<strong>Rei\u00dfverschluss:<\/strong> Schlie\u00dft fl\u00fcssig\r\n<strong>Innenraum: <\/strong>Sauber mit leichten Gebrauchsspuren\";}}"],"_unit":[""],"_unit_base":[""],"_unit_product":[""],"_unit_price":[""],"_unit_price_regular":[""],"_unit_price_sale":[""],"_unit_price_auto":["no"],"_sale_price_label":[""],"_sale_price_regular_label":[""],"_free_shipping":["no"],"_min_age":[""],"_is_food":["no"],"_used_good":["yes"],"_nutrient_ids":["a:0:{}"],"_nutrient_reference_value":["100g"],"_allergen_ids":["a:0:{}"],"_nutri_score":[""],"_alcohol_content":[""],"_drained_weight":[""],"_net_filling_quantity":[""],"_deposit_type":[""],"_deposit_quantity":[""],"_service":["no"],"_differential_taxation":["yes"],"_hs_code":[""],"_manufacture_country":[""],"_fusion_google_fonts":[""],"stick-header-meta":["default"],"site-sidebar-layout":["default"],"site-content-layout":["default"],"theme-transparent-header-meta":["default"],"_wpml_media_duplicate":["1","1","1","1","1","1","1","1","1","1","1"],"_wpml_media_featured":["1","1","1","1","1","1","1","1","1","1","1"],"ast-site-content-layout":["default"],"site-content-style":["default"],"site-sidebar-style":["default"],"_top_nav_excluded":[""],"_cms_nav_minihome":[""],"rank_math_focus_keyword":["Gucci"],"_mini_desc":["Gucci Guccissima Zippy"],"_fusion":["a:3:{s:17:\"slider_visibility\";s:51:\"small-visibility,medium-visibility,large-visibility\";s:11:\"slider_type\";s:2:\"no\";s:9:\"wooslider\";s:1:\"0\";}"],"_children":["a:0:{}"],"rank_math_robots":["a:1:{i:0;s:5:\"index\";}"],"_ts_mpn":[""],"_ts_gtin":[""],"avada_post_views_count":["50"],"fusion_builder_status":["active"],"_wpml_word_count":["129"],"_product_rating":["B"],"_product_shipping_weight":["1kg"],"_woosea_age_group":["adult"],"_purchase_price_field":["130"],"_not_in_inventory_checkbox":[""],"_product_available_from_field":["2025-10-03T19:00"],"similar_product_key":["1736771325"],"_product_reserve_till_field":[""],"_last_translation_edit_mode":["translation-editor"],"rank_math_seo_score":["76"],"sib_push_meta_box_present":["1"],"sib_push_send_notification":["0"],"sib_push_target_segment_ids":["@ALL"],"_woosea_brand":[""],"_woosea_mpn":[""],"_woosea_upc":[""],"_woosea_ean":[""],"_woosea_gtin":[""],"_woosea_color":[""],"_woosea_size":[""],"_woosea_gender":[""],"_woosea_material":[""],"_woosea_pattern":[""],"_woosea_optimized_title":[""],"_woosea_unit_pricing_measure":[""],"_woosea_unit_pricing_base_measure":[""],"_woosea_condition":[""],"_woosea_installment_months":[""],"_woosea_installment_amount":[""],"_woosea_exclude_product":["no"],"_woosea_cost_of_good_sold":[""],"_woosea_multipack":[""],"_woosea_is_bundle":[""],"_woosea_energy_efficiency_class":[""],"_woosea_min_energy_efficiency_class":[""],"_woosea_max_energy_efficiency_class":[""],"_woosea_is_promotion":[""],"_woosea_custom_field_0":[""],"_woosea_custom_field_1":[""],"_woosea_custom_field_2":[""],"_woosea_custom_field_3":[""],"_woosea_custom_field_4":[""],"_internal_warehouse_number_field":["P5-0966"],"_internal_date_code":[""],"_internal_product_origin":[""],"_defect_description":[""],"_safety_instructions":[""],"_warranty_attachment_id":[""],"_safety_attachment_ids":["a:0:{}"],"_delivery_time_countries":["a:0:{}"],"_photovoltaic_system":["no"],"_defective_copy":["no"],"_wireless_electronic_device":["no"],"_device_contains_power_supply":["no"],"_device_charging_supports_usb_pd":["no"],"_device_charging_watt_min":["0"],"_device_charging_watt_max":["0"],"_gzd_version":["4.0.3"],"_customs_description":[""],"_is_non_returnable":["no"],"_shipping_length":[""],"_shipping_width":[""],"_shipping_height":[""],"_zettle_product_cat_id":[""],"_nickx_video_text_url":["a:1:{i:0;s:0:\"\";}"],"_nickx_product_video_type":["a:1:{i:0;s:23:\"nickx_video_url_youtube\";}"],"_nickx_product_video_thumb_ids":["a:1:{i:0;s:0:\"\";}"],"_custom_html_content":[""],"rank_math_primary_product_brand":["0"],"_ame_cpe_post_policy":["{\"accessProtection\":{\"active\":\"replace\"}}"],"_customer_view":["9"],"_custom_view_last_updated":["2026-04-25 12:58:02"],"litespeed_vpi_list":["a:3:{i:0;s:8:\"logo.png\";i:1;s:45:\"Gucci-GG-Blooms-Zippy-0855-16-500x500.png.jpg\";i:2;s:40:\"Gucci-GG-Blooms-Zippy-0855-16-scaled.png\";}"],"litespeed_vpi_list_mobile":["a:6:{i:0;s:8:\"logo.png\";i:1;s:45:\"Gucci-GG-Blooms-Zippy-0855-16-500x500.png.jpg\";i:2;s:45:\"Gucci-GG-Blooms-Zippy-0855-16-300x300.png.jpg\";i:3;s:45:\"Gucci-GG-Blooms-Zippy-0855-17-300x300.png.jpg\";i:4;s:45:\"Gucci-GG-Blooms-Zippy-0855-14-300x300.png.jpg\";i:5;s:45:\"Gucci-GG-Blooms-Zippy-0855-15-300x300.png.jpg\";}"],"rank_math_primary_product_cat":["0"],"_manufacturer_slug":["guccio-gucci-s-p-a"],"_wpml_location_migration_done":["1"],"_izettle_barcode":[""],"_izettle_nosync":[""],"_izettle_cost_price":[""],"_izettle_special_price":[""],"_izettle_product_name":[""],"_wpml_media_has_media":["1"],"_wpml_post_translation_editor_native":["no"],"_izettle_image_lookup_key":["3kyncy1cEe-udXp3qLWasA-eTg9d32TEfCSEk48vRWFUg"],"woocommerce_izettle_product_uuid":["793b2d52-7d93-11f0-b7aa-353536383939"],"woocommerce_izettle_variant_uuid":["793b4c74-7d93-11f0-bd80-353536383939"],"_izettle_updated":["1755928811"],"_zettle_barcode":[""],"_sku":["P5-0966"],"_edit_lock":["1776770954:4"],"_edit_last":["4"],"_ship_separately_via":[""],"_gdrive_field":["https:\/\/drive.google.com\/drive\/u\/1\/folders\/1FAAJ6JNwkCOgH9O5ET09bPoKXCvZSIVX"],"_wp_old_date":["2025-10-01"],"sib_push_send_notification_delay_seconds":["0"],"_is_non_alcoholic":["no"],"_mid_code":[""],"_shipping_weight":[""],"_entrupy_echtheitszertifikat":["yes"],"rank_math_analytic_object_id":["364"],"_sale_price":["190"],"_wcml_average_rating":[null],"_wcml_review_count":[null],"_wcml_rating_count":[null],"_custom_thumbnail":["a:1:{i:0;s:2:\"no\";}"],"_video_schema":["a:1:{i:0;s:2:\"no\";}"],"_nickx_video_upload_date":["a:1:{i:0;s:0:\"\";}"],"_nickx_video_name":["a:1:{i:0;s:0:\"\";}"],"_nickx_video_description":["a:1:{i:0;s:0:\"\";}"],"rank_math_internal_links_processed":["1"],"astra-migrate-meta-layouts":["set"],"_uag_page_assets":["a:9:{s:3:\"css\";s:0:\"\";s:2:\"js\";s:0:\"\";s:18:\"current_block_list\";a:6:{i:0;s:26:\"woocommerce\/filter-wrapper\";i:1;s:24:\"woocommerce\/price-filter\";i:2;s:30:\"woocommerce\/product-categories\";i:3;s:14:\"core\/paragraph\";i:4;s:14:\"core\/shortcode\";i:5;s:11:\"core\/search\";}s:8:\"uag_flag\";b:0;s:11:\"uag_version\";s:10:\"1777326315\";s:6:\"gfonts\";a:0:{}s:10:\"gfonts_url\";s:0:\"\";s:12:\"gfonts_files\";a:0:{}s:14:\"uag_faq_layout\";b:0;}"],"_wc_rating_count":[""]},"uagb_featured_image_src":{"full":["https:\/\/truelangtest.ilovehandbags.com\/wp-content\/uploads\/sites\/3\/Gucci-Guccissima-Geldboerse-0966-01-scaled.png",2560,1920,false],"thumbnail":["https:\/\/truelangtest.ilovehandbags.com\/wp-content\/uploads\/sites\/3\/Gucci-Guccissima-Geldboerse-0966-01-150x150.png.jpg",150,150,true],"medium":["https:\/\/truelangtest.ilovehandbags.com\/wp-content\/uploads\/sites\/3\/Gucci-Guccissima-Geldboerse-0966-01-300x300.png.jpg",300,300,true],"medium_large":["https:\/\/truelangtest.ilovehandbags.com\/wp-content\/uploads\/sites\/3\/Gucci-Guccissima-Geldboerse-0966-01-768x768.png.jpg",768,768,true],"large":["https:\/\/truelangtest.ilovehandbags.com\/wp-content\/uploads\/sites\/3\/Gucci-Guccissima-Geldboerse-0966-01-1024x1024.png.jpg",1024,1024,true],"1536x1536":["https:\/\/truelangtest.ilovehandbags.com\/wp-content\/uploads\/sites\/3\/Gucci-Guccissima-Geldboerse-0966-01-scaled.png",1536,1152,false],"2048x2048":["https:\/\/truelangtest.ilovehandbags.com\/wp-content\/uploads\/sites\/3\/Gucci-Guccissima-Geldboerse-0966-01-scaled.png",2048,1536,false],"woocommerce_thumbnail":["https:\/\/truelangtest.ilovehandbags.com\/wp-content\/uploads\/sites\/3\/Gucci-Guccissima-Geldboerse-0966-01-500x500.png.jpg",500,500,true],"woocommerce_single":["https:\/\/truelangtest.ilovehandbags.com\/wp-content\/uploads\/sites\/3\/Gucci-Guccissima-Geldboerse-0966-01-500x500.png.jpg",500,500,true],"woocommerce_gallery_thumbnail":["https:\/\/truelangtest.ilovehandbags.com\/wp-content\/uploads\/sites\/3\/Gucci-Guccissima-Geldboerse-0966-01-100x100.png.jpg",100,100,true]},"uagb_author_info":{"display_name":"ILoveHandbags","author_link":"https:\/\/truelangtest.ilovehandbags.com\/de\/author\/"},"uagb_comment_info":0,"uagb_excerpt":"Das Gucci Guccissima Zippy verbindet ikonisches Design mit praktischer Alltagstauglichkeit. Gefertigt aus edlem Leder im charakteristischen Guccissima-Muster ist sie ein echter Blickfang. Der elegante Pink-Ton verleiht der Geldb\u00f6rse eine feminine, zugleich moderne Ausstrahlung. Dezente Logo-Details runden den unverwechselbaren Gucci-Look ab. Im Inneren \u00fcberzeugt die Geldb\u00f6rse mit einer durchdachten Aufteilung: mehrere Kartenf\u00e4cher, Geldscheinf\u00e4cher sowie ein M\u00fcnzfach&hellip;","_links":{"self":[{"href":"https:\/\/truelangtest.ilovehandbags.com\/de\/wp-json\/wp\/v2\/product\/69001","targetHints":{"allow":["GET"]}}],"collection":[{"href":"https:\/\/truelangtest.ilovehandbags.com\/de\/wp-json\/wp\/v2\/product"}],"about":[{"href":"https:\/\/truelangtest.ilovehandbags.com\/de\/wp-json\/wp\/v2\/types\/product"}],"wp:featuredmedia":[{"embeddable":true,"href":"https:\/\/truelangtest.ilovehandbags.com\/de\/wp-json\/wp\/v2\/media\/69156"}],"wp:attachment":[{"href":"https:\/\/truelangtest.ilovehandbags.com\/de\/wp-json\/wp\/v2\/media?parent=69001"}],"wp:term":[{"taxonomy":"product_brand","embeddable":true,"href":"https:\/\/truelangtest.ilovehandbags.com\/de\/wp-json\/wp\/v2\/product_brand?post=69001"},{"taxonomy":"product_cat","embeddable":true,"href":"https:\/\/truelangtest.ilovehandbags.com\/de\/wp-json\/wp\/v2\/product_cat?post=69001"},{"taxonomy":"product_tag","embeddable":true,"href":"https:\/\/truelangtest.ilovehandbags.com\/de\/wp-json\/wp\/v2\/product_tag?post=69001"}],"curies":[{"name":"wp","href":"https:\/\/api.w.org\/{rel}","templated":true}]}}