{"id":71528,"date":"2025-11-26T12:00:24","date_gmt":"2025-11-26T11:00:24","guid":{"rendered":"https:\/\/ilovehandbags.com\/?post_type=product&#038;p=71528"},"modified":"2026-03-07T14:27:25","modified_gmt":"2026-03-07T13:27:25","slug":"louis-vuitton-trocadero-1023","status":"publish","type":"product","link":"https:\/\/truelangtest.ilovehandbags.com\/de\/louis-vuitton-trocadero-1023\/","title":{"rendered":"Louis Vuitton Trocad\u00e9ro Empreinte Schwarz"},"content":{"rendered":"","protected":false},"excerpt":{"rendered":"<p data-start=\"138\" data-end=\"620\">Die Louis Vuitton Trocad\u00e9ro aus schwarzem Monogram Empreinte Leder ist ein eleganter Begleiter, der luxuri\u00f6se Handwerkskunst und zeitlose Funktionalit\u00e4t perfekt vereint. Das gepr\u00e4gte Empreinte-Leder z\u00e4hlt zu den hochwertigsten Materialien von Louis Vuitton und verleiht der Tasche eine edle Struktur, hohe Formstabilit\u00e4t und einen besonders luxuri\u00f6sen Look. In klassischem Schwarz wirkt sie modern, vielseitig und passt zu jedem Anlass \u2013 vom Alltag bis zum besonderen Event. Die Trocad\u00e9ro \u00fcberzeugt mit einer klaren, strukturierten Silhouette sowie einem praktischen \u00dcberschlagverschluss, der sicheren Halt bietet. Der obere Tragegriff aus hochwertigem Leder erm\u00f6glicht das Tragen in der Hand und rundet den eleganten Auftritt geschmackvoll ab. Im Inneren erwartet dich ein hochwertiges braunes Veloursfutter und eine durchdachte Einteilung mit insgesamt drei F\u00e4chern, von denen eines sicher mit Rei\u00dfverschluss geschlossen wird. Zus\u00e4tzlich bieten eine Rei\u00dfverschlusstasche, ein Steckfach sowie ein doppellagiges Steckfach optimale Organisation f\u00fcr deine Essentials. Diese Version der Louis Vuitton Trocad\u00e9ro aus schwarzem Empreinte-Leder ist ein seltener, besonders hochwertiger Stil, der Eleganz und Alltagstauglichkeit m\u00fchelos verbindet.<\/p>\n","protected":false},"featured_media":71595,"template":"","meta":{"_uag_custom_page_level_css":"","site-sidebar-layout":"default","site-content-layout":"default","ast-site-content-layout":"default","site-content-style":"default","site-sidebar-style":"default","ast-global-header-display":"","ast-banner-title-visibility":"","ast-main-header-display":"","ast-hfb-above-header-display":"","ast-hfb-below-header-display":"","ast-hfb-mobile-header-display":"","site-post-title":"","ast-breadcrumbs-content":"","ast-featured-img":"","footer-sml-layout":"","ast-disable-related-posts":"","theme-transparent-header-meta":"default","adv-header-id-meta":"","stick-header-meta":"default","header-above-stick-meta":"","header-main-stick-meta":"","header-below-stick-meta":"","astra-migrate-meta-layouts":"set","ast-page-background-enabled":"default","ast-page-background-meta":{"desktop":{"background-color":"var(--ast-global-color-4)","background-image":"","background-repeat":"repeat","background-position":"center center","background-size":"auto","background-attachment":"scroll","background-type":"","background-media":"","overlay-type":"","overlay-color":"","overlay-opacity":"","overlay-gradient":""},"tablet":{"background-color":"","background-image":"","background-repeat":"repeat","background-position":"center center","background-size":"auto","background-attachment":"scroll","background-type":"","background-media":"","overlay-type":"","overlay-color":"","overlay-opacity":"","overlay-gradient":""},"mobile":{"background-color":"","background-image":"","background-repeat":"repeat","background-position":"center center","background-size":"auto","background-attachment":"scroll","background-type":"","background-media":"","overlay-type":"","overlay-color":"","overlay-opacity":"","overlay-gradient":""}},"ast-content-background-meta":{"desktop":{"background-color":"var(--ast-global-color-5)","background-image":"","background-repeat":"repeat","background-position":"center center","background-size":"auto","background-attachment":"scroll","background-type":"","background-media":"","overlay-type":"","overlay-color":"","overlay-opacity":"","overlay-gradient":""},"tablet":{"background-color":"var(--ast-global-color-5)","background-image":"","background-repeat":"repeat","background-position":"center center","background-size":"auto","background-attachment":"scroll","background-type":"","background-media":"","overlay-type":"","overlay-color":"","overlay-opacity":"","overlay-gradient":""},"mobile":{"background-color":"var(--ast-global-color-5)","background-image":"","background-repeat":"repeat","background-position":"center center","background-size":"auto","background-attachment":"scroll","background-type":"","background-media":"","overlay-type":"","overlay-color":"","overlay-opacity":"","overlay-gradient":""}},"_glsr_average":0,"_glsr_ranking":0,"_glsr_reviews":0},"product_brand":[1584],"product_cat":[208,239,205,204],"product_tag":[214,1979],"class_list":{"0":"post-71528","1":"product","2":"type-product","3":"status-publish","4":"has-post-thumbnail","6":"product_brand-louis-vuitton","7":"product_cat-handtaschen","8":"product_cat-louis-vuitton","9":"product_cat-tragetaschen","10":"product_cat-umhaengetaschen","11":"product_tag-louis-vuitton","12":"product_tag-louis-vuitton-trocadero","13":"desktop-align-left","14":"tablet-align-left","15":"mobile-align-left","16":"ast-product-gallery-layout-first-image-large","17":"ast-magnify-disabled","18":"ast-product-tabs-layout-accordion","20":"first","21":"instock","22":"sold-individually","23":"purchasable","24":"product-type-simple"},"spectra_custom_meta":{"copied_media_ids":["a:0:{}","a:0:{}"],"referenced_media_ids":["a:17:{i:0;i:71595;i:1;i:71607;i:2;i:71606;i:3;i:71604;i:4;i:71599;i:5;i:71594;i:6;i:71600;i:7;i:71603;i:8;i:71605;i:9;i:71598;i:10;i:71591;i:11;i:71596;i:12;i:71592;i:13;i:71602;i:14;i:71597;i:15;i:71593;i:16;i:71601;}","a:17:{i:0;i:71595;i:1;i:71607;i:2;i:71606;i:3;i:71604;i:4;i:71599;i:5;i:71594;i:6;i:71600;i:7;i:71603;i:8;i:71605;i:9;i:71598;i:10;i:71591;i:11;i:71596;i:12;i:71592;i:13;i:71602;i:14;i:71597;i:15;i:71593;i:16;i:71601;}"],"_regular_price":["2100"],"total_sales":["0"],"_tax_status":["none"],"_tax_class":[""],"_manage_stock":["yes"],"_backorders":["no"],"_sold_individually":["yes"],"_crosssell_ids":["a:2:{i:0;i:22130;i:1;i:21887;}"],"_virtual":["no"],"_downloadable":["no"],"_product_image_gallery":["71607,71606,71604,71599,71594,71600,71603,71605,71598,71591,71596,71592,71602,71597,71593,71601"],"_download_limit":["-1"],"_download_expiry":["-1"],"_thumbnail_id":["71595"],"_stock":["1"],"_stock_status":["instock"],"_wc_average_rating":[0],"_wc_review_count":["0"],"_product_attributes":["a:2:{s:8:\"pa_color\";a:7:{s:4:\"name\";s:8:\"pa_color\";s:5:\"value\";s:0:\"\";s:8:\"position\";i:1;s:10:\"is_visible\";i:0;s:12:\"is_variation\";i:1;s:11:\"is_taxonomy\";i:1;s:16:\"checkout_visible\";i:0;}s:9:\"pa_gender\";a:7:{s:4:\"name\";s:9:\"pa_gender\";s:5:\"value\";s:0:\"\";s:8:\"position\";i:2;s:10:\"is_visible\";i:0;s:12:\"is_variation\";i:1;s:11:\"is_taxonomy\";i:1;s:16:\"checkout_visible\";i:0;}}"],"_product_version":["10.5.3"],"_price":["2100"],"_wpml_media_featured":["1","1","1","1","1","1","1","1","1"],"_wpml_media_duplicate":["1","1","1","1","1","1","1","1","1"],"_wpml_word_count":["228"],"_wpml_location_migration_done":["1"],"_fusion":["a:3:{s:17:\"slider_visibility\";s:51:\"small-visibility,medium-visibility,large-visibility\";s:11:\"slider_type\";s:2:\"no\";s:9:\"wooslider\";s:1:\"0\";}"],"rank_math_seo_score":["83"],"rank_math_focus_keyword":["Louis Vuitton"],"_purchase_price_field":["1470"],"_internal_warehouse_number_field":["P5-1023-K"],"_unit":[""],"_unit_base":[""],"_unit_product":[""],"_unit_price_auto":["no"],"_unit_price_regular":[""],"_unit_price":[""],"_unit_price_sale":[""],"_sale_price_label":[""],"_sale_price_regular_label":[""],"_mini_desc":["Louis Vuitton Trocad\u00e9ro Empreinte Schwarz"],"_defect_description":[""],"_allergen_ids":["a:0:{}"],"_warranty_attachment_id":[""],"_min_age":[""],"_ts_gtin":[""],"_ts_mpn":[""],"_delivery_time_countries":["a:0:{}"],"_free_shipping":["no"],"_service":["no"],"_photovoltaic_system":["no"],"_used_good":["yes"],"_defective_copy":["no"],"_is_food":["no"],"_differential_taxation":["yes"],"_gzd_version":["3.20.7"],"_hs_code":[""],"_manufacture_country":[""],"_rank_math_gtin_code":[""],"_fusion_google_fonts":[""],"fusion_builder_status":["active"],"rank_math_primary_product_cat":["0"],"_wcml_custom_prices_status":["1"],"avada_post_views_count":["22"],"avada_today_post_views_count":["1"],"avada_post_views_count_today_date":["14-04-2023"],"_sale_price_dates_to_USD":[""],"_sale_price_dates_from_USD":[""],"_sale_price_USD":[""],"_regular_price_USD":[""],"_wcml_schedule_USD":["0"],"_deposit_type":[""],"_nutrient_ids":["a:0:{}"],"_nutrient_reference_value":["100g"],"_ingredients":[""],"_nutri_score":[""],"_alcohol_content":[""],"_drained_weight":[""],"_net_filling_quantity":[""],"_food_distributor":[""],"_food_description":[""],"_food_place_of_origin":[""],"_deposit_quantity":[""],"yikes_woo_products_tabs":["a:2:{i:0;a:3:{s:5:\"title\";s:21:\"Weitere Informationen\";s:2:\"id\";s:21:\"weitere-informationen\";s:7:\"content\";s:548:\"<strong>Material au\u00dfen: <\/strong>Schwarzes Empreinte Leder\r\n<strong style=\"font-size: 16px;\">Material innen: <\/strong>Braunes <span style=\"font-size: 16px;\">Mikrofaserinnenfutter\r\n<\/span><strong style=\"font-size: 16px;\">Ma\u00dfe:<\/strong><span style=\"font-size: 16px;\"> (B) 37 x (H) 25 x (T) 11 cm\r\n<\/span><strong style=\"font-size: 16px;\">Date Code \/ Herstellungsjahr:<\/strong> TJ3105 \/ 2015<span style=\"font-size: 16px;\">\r\n<\/span><strong style=\"font-size: 16px;\">Lieferumfang: <\/strong>Louis Vuitton<span style=\"font-size: 16px;\"> Staubbeutel<\/span>\";}i:1;a:3:{s:5:\"title\";s:7:\"Zustand\";s:2:\"id\";s:7:\"zustand\";s:7:\"content\";s:362:\"<strong>Gesamtzustand: <\/strong>Sehr gut\r\n<strong>Leder:<\/strong> Intakt, vereinzelt mit leichten Gebrauchsspuren und minimalen Abrieb an der Br\u00fcnierung\r\n<strong>Ecken: <\/strong>Minimaler\u00a0Abrieb vorhanden\r\n<strong>Hardware: <\/strong>Minimale Gebrauchsspuren vorhanden\r\n<strong>Verschluss: <\/strong>Schlie\u00dft gut\r\n<strong>Innenraum: <\/strong>Sauber und gepflegt\";}}"],"site-sidebar-layout":["default"],"site-content-layout":["default"],"theme-transparent-header-meta":["default"],"stick-header-meta":["default"],"_yith_wcwtl_users_list":["a:2:{i:0;s:21:\"sriedel1105@gmail.com\";i:1;s:15:\"akhan@sysbe.com\";}"],"_default_delivery_time":[""],"rank_math_robots":["a:1:{i:0;s:5:\"index\";}"],"_pys_conversion_label_settings":["a:3:{s:6:\"enable\";b:0;s:5:\"label\";s:0:\"\";s:2:\"id\";s:14:\"AW-11184563350\";}"],"_pys_super_pack_cpt_url":[""],"_pys_super_pack_cpt_condition":["only"],"_pys_super_pack_cpt_cart":["hidden"],"_woosea_brand":[""],"_woosea_mpn":[""],"_woosea_upc":[""],"_woosea_ean":[""],"_woosea_gtin":[""],"_woosea_color":[""],"_woosea_size":[""],"_woosea_gender":[""],"_woosea_material":[""],"_woosea_pattern":[""],"_woosea_optimized_title":[""],"_woosea_unit_pricing_measure":[""],"_woosea_unit_pricing_base_measure":[""],"_woosea_condition":[""],"_woosea_age_group":["adult"],"_woosea_installment_months":[""],"_woosea_installment_amount":[""],"_woosea_exclude_product":["no"],"_woosea_cost_of_good_sold":[""],"_woosea_multipack":[""],"_woosea_is_bundle":[""],"_woosea_energy_efficiency_class":[""],"_woosea_min_energy_efficiency_class":[""],"_woosea_max_energy_efficiency_class":[""],"_woosea_is_promotion":[""],"_woosea_custom_field_0":[""],"_woosea_custom_field_1":[""],"_woosea_custom_field_2":[""],"_woosea_custom_field_3":[""],"_woosea_custom_field_4":[""],"_pys_head_footer":["a:7:{s:14:\"disable_global\";b:0;s:8:\"head_any\";s:0:\"\";s:12:\"head_desktop\";s:0:\"\";s:11:\"head_mobile\";s:0:\"\";s:10:\"footer_any\";s:0:\"\";s:14:\"footer_desktop\";s:0:\"\";s:13:\"footer_mobile\";s:0:\"\";}"],"_customs_description":[""],"_is_non_returnable":["no"],"litespeed_vpi_list_mobile":["a:2:{i:0;s:8:\"logo.png\";i:1;s:75:\"Louis-Vuitton-NeoNoeBB-Summer-by-the-Pool-vorn-2023-0235-scaled-500x500.jpg\";}"],"litespeed_vpi_list":["a:3:{i:0;s:8:\"logo.png\";i:1;s:6:\"de.png\";i:2;s:75:\"Louis-Vuitton-NeoNoeBB-Summer-by-the-Pool-vorn-2023-0235-scaled-500x500.jpg\";}"],"_rank_math_video":["true"],"_internal_date_code":["TJ3105"],"_internal_product_origin":["Frankreich"],"_product_rating":["A"],"_wpml_media_has_media":["1"],"_custom_html_content":[""],"ast-site-content-layout":["default"],"site-content-style":["default"],"site-sidebar-style":["default"],"_sale_price_dates_to_CHF":[""],"_sale_price_dates_from_CHF":[""],"_sale_price_CHF":[""],"_regular_price_CHF":[""],"_wcml_schedule_CHF":["0"],"_sale_price_dates_to_GBP":[""],"_sale_price_dates_from_GBP":[""],"_sale_price_GBP":[""],"_regular_price_GBP":[""],"_wcml_schedule_GBP":["0"],"_wp_old_date":["2023-05-01","2023-01-02"],"_show_in_inventory_checkbox":["yes"],"_not_in_inventory_checkbox":["yes"],"rank_math_contentai_score":["a:4:{s:9:\"wordCount\";s:4:\"4.07\";s:9:\"linkCount\";s:1:\"0\";s:12:\"headingCount\";s:1:\"0\";s:10:\"mediaCount\";s:3:\"100\";}"],"_product_shipping_weight":["1kg"],"_manufacturer_slug":["lvmh-moet-hennessy-louis-vuitton-se"],"_safety_attachment_ids":["a:0:{}"],"_zettle_product_cat_id":[""],"_shipping_length":[""],"_shipping_width":[""],"_shipping_height":[""],"_nickx_video_text_url":["a:1:{i:0;s:0:\"\";}"],"_nickx_product_video_type":["a:1:{i:0;s:23:\"nickx_video_url_youtube\";}"],"_nickx_product_video_thumb_ids":["a:1:{i:0;s:0:\"\";}"],"similar_product_key":["1741599086"],"_wpml_post_translation_editor_native":["no"],"_product_available_from_field":["2025-11-28T19:00"],"_safety_instructions":[""],"_wireless_electronic_device":["no"],"_device_contains_power_supply":["no"],"_device_charging_supports_usb_pd":["no"],"_device_charging_watt_min":["0"],"_device_charging_watt_max":["0"],"_izettle_barcode":[""],"_izettle_nosync":[""],"_izettle_cost_price":[""],"_izettle_special_price":[""],"_izettle_product_name":[""],"rank_math_primary_product_brand":["1584"],"_product_reserve_till_field":["2025-12-20T14:00"],"_customer_view":["21"],"_custom_view_last_updated":["2026-04-27 08:05:40"],"_izettle_image_lookup_key":["3kyncy1cEe-udXp3qLWasA-tiP7QgSgEfCbvVrPnctGRQ"],"woocommerce_izettle_product_uuid":["b627f5a4-04a0-11f0-c087-353536383939"],"woocommerce_izettle_variant_uuid":["b62828b2-04a0-11f0-bff7-353536383939"],"_izettle_updated":["1742564416"],"sib_push_meta_box_present":["1"],"sib_push_send_notification":["0"],"sib_push_target_segment_ids":["@ALL"],"_zettle_barcode":[""],"_ame_cpe_post_policy":["{\"accessProtection\":{\"active\":\"replace\"}}"],"_sku":["P5-1023-K"],"_edit_lock":["1772890008:4"],"_edit_last":["4"],"sib_push_send_notification_delay_seconds":["0"],"_is_non_alcoholic":["no"],"_mid_code":[""],"_ship_separately_via":[""],"_shipping_weight":[""],"_gdrive_field":["https:\/\/drive.google.com\/drive\/u\/1\/folders\/1DOol3kFGPSH99aCcHcmcuD1WusuP5BL5"],"_product_reserve_add_cart_link_key":["IhtfegWXpMRdjOTDKuZJBQoNVlcYvUqzxHmkSFParysiwnALCbEG1766134625"],"_entrupy_echtheitszertifikat":["yes"],"rank_math_analytic_object_id":["219"],"_wcml_average_rating":[null],"_wcml_review_count":[null],"_wcml_rating_count":[null],"rank_math_internal_links_processed":["1"],"astra-migrate-meta-layouts":["set"],"_uag_page_assets":["a:9:{s:3:\"css\";s:0:\"\";s:2:\"js\";s:0:\"\";s:18:\"current_block_list\";a:6:{i:0;s:26:\"woocommerce\/filter-wrapper\";i:1;s:24:\"woocommerce\/price-filter\";i:2;s:30:\"woocommerce\/product-categories\";i:3;s:14:\"core\/paragraph\";i:4;s:14:\"core\/shortcode\";i:5;s:11:\"core\/search\";}s:8:\"uag_flag\";b:0;s:11:\"uag_version\";s:10:\"1777326967\";s:6:\"gfonts\";a:0:{}s:10:\"gfonts_url\";s:0:\"\";s:12:\"gfonts_files\";a:0:{}s:14:\"uag_faq_layout\";b:0;}"],"_wc_rating_count":[""]},"uagb_featured_image_src":{"full":["https:\/\/truelangtest.ilovehandbags.com\/wp-content\/uploads\/sites\/3\/Louis-Vuitton-Trocadero-Empreinte-Schwarz-1023-13.jpg",2048,1536,false],"thumbnail":["https:\/\/truelangtest.ilovehandbags.com\/wp-content\/uploads\/sites\/3\/Louis-Vuitton-Trocadero-Empreinte-Schwarz-1023-13-150x150.jpg",150,150,true],"medium":["https:\/\/truelangtest.ilovehandbags.com\/wp-content\/uploads\/sites\/3\/Louis-Vuitton-Trocadero-Empreinte-Schwarz-1023-13-300x300.jpg",300,300,true],"medium_large":["https:\/\/truelangtest.ilovehandbags.com\/wp-content\/uploads\/sites\/3\/Louis-Vuitton-Trocadero-Empreinte-Schwarz-1023-13-768x768.jpg",768,768,true],"large":["https:\/\/truelangtest.ilovehandbags.com\/wp-content\/uploads\/sites\/3\/Louis-Vuitton-Trocadero-Empreinte-Schwarz-1023-13-1024x1024.jpg",1024,1024,true],"1536x1536":["https:\/\/truelangtest.ilovehandbags.com\/wp-content\/uploads\/sites\/3\/Louis-Vuitton-Trocadero-Empreinte-Schwarz-1023-13.jpg",1536,1152,false],"2048x2048":["https:\/\/truelangtest.ilovehandbags.com\/wp-content\/uploads\/sites\/3\/Louis-Vuitton-Trocadero-Empreinte-Schwarz-1023-13.jpg",2048,1536,false],"woocommerce_thumbnail":["https:\/\/truelangtest.ilovehandbags.com\/wp-content\/uploads\/sites\/3\/Louis-Vuitton-Trocadero-Empreinte-Schwarz-1023-13-500x500.jpg",500,500,true],"woocommerce_single":["https:\/\/truelangtest.ilovehandbags.com\/wp-content\/uploads\/sites\/3\/Louis-Vuitton-Trocadero-Empreinte-Schwarz-1023-13-500x500.jpg",500,500,true],"woocommerce_gallery_thumbnail":["https:\/\/truelangtest.ilovehandbags.com\/wp-content\/uploads\/sites\/3\/Louis-Vuitton-Trocadero-Empreinte-Schwarz-1023-13-100x100.jpg",100,100,true]},"uagb_author_info":{"display_name":"ILoveHandbags","author_link":"https:\/\/truelangtest.ilovehandbags.com\/de\/author\/"},"uagb_comment_info":0,"uagb_excerpt":"Die Louis Vuitton Trocad\u00e9ro aus schwarzem Monogram Empreinte Leder ist ein eleganter Begleiter, der luxuri\u00f6se Handwerkskunst und zeitlose Funktionalit\u00e4t perfekt vereint. Das gepr\u00e4gte Empreinte-Leder z\u00e4hlt zu den hochwertigsten Materialien von Louis Vuitton und verleiht der Tasche eine edle Struktur, hohe Formstabilit\u00e4t und einen besonders luxuri\u00f6sen Look. In klassischem Schwarz wirkt sie modern, vielseitig und passt&hellip;","_links":{"self":[{"href":"https:\/\/truelangtest.ilovehandbags.com\/de\/wp-json\/wp\/v2\/product\/71528","targetHints":{"allow":["GET"]}}],"collection":[{"href":"https:\/\/truelangtest.ilovehandbags.com\/de\/wp-json\/wp\/v2\/product"}],"about":[{"href":"https:\/\/truelangtest.ilovehandbags.com\/de\/wp-json\/wp\/v2\/types\/product"}],"wp:featuredmedia":[{"embeddable":true,"href":"https:\/\/truelangtest.ilovehandbags.com\/de\/wp-json\/wp\/v2\/media\/71595"}],"wp:attachment":[{"href":"https:\/\/truelangtest.ilovehandbags.com\/de\/wp-json\/wp\/v2\/media?parent=71528"}],"wp:term":[{"taxonomy":"product_brand","embeddable":true,"href":"https:\/\/truelangtest.ilovehandbags.com\/de\/wp-json\/wp\/v2\/product_brand?post=71528"},{"taxonomy":"product_cat","embeddable":true,"href":"https:\/\/truelangtest.ilovehandbags.com\/de\/wp-json\/wp\/v2\/product_cat?post=71528"},{"taxonomy":"product_tag","embeddable":true,"href":"https:\/\/truelangtest.ilovehandbags.com\/de\/wp-json\/wp\/v2\/product_tag?post=71528"}],"curies":[{"name":"wp","href":"https:\/\/api.w.org\/{rel}","templated":true}]}}