{"id":71904,"date":"2025-11-26T14:00:17","date_gmt":"2025-11-26T13:00:17","guid":{"rendered":"https:\/\/ilovehandbags.com\/?post_type=product&#038;p=71904"},"modified":"2026-03-07T14:26:14","modified_gmt":"2026-03-07T13:26:14","slug":"louis-vuitton-sarah-jungle-geldboerse-1034","status":"publish","type":"product","link":"https:\/\/truelangtest.ilovehandbags.com\/de\/louis-vuitton-sarah-jungle-geldboerse-1034\/","title":{"rendered":"Louis Vuitton Sarah Jungle Geldb\u00f6rse"},"content":{"rendered":"","protected":false},"excerpt":{"rendered":"<p data-start=\"360\" data-end=\"872\">Die Louis Vuitton Sarah Wallet \u2013 Jungle Edition ist eine seltene und besonders begehrte Geldb\u00f6rse aus der limitierten \u201eJungle\u201c Kollektion. Das Modell kombiniert die klassische Form der beliebten Sarah Wallet mit einem auff\u00e4lligen, modernen Animal-Print, der dem ikonischen Monogram Canvas einen einzigartigen, modischen Twist verleiht. Diese limitierte Variante ist ein absoluter Hingucker und richtet sich an alle, die eine elegante, hochwertige und zugleich au\u00dfergew\u00f6hnliche Louis Vuitton Geldb\u00f6rse suchen. Die Sarah Wallet \u00fcberzeugt durch ihr durchdachtes Innenleben und bietet reichlich Platz f\u00fcr Karten, Scheine, M\u00fcnzen und Dokumente. Mit mehreren Kartenf\u00e4chern, einem gro\u00dfen Scheinfach, einem M\u00fcnzfach mit Rei\u00dfverschluss und zus\u00e4tzlichen Einschubf\u00e4chern eignet sich dieses Modell ideal f\u00fcr den t\u00e4glichen Gebrauch. Trotz der kompakten Form bleibt die Geldb\u00f6rse \u00fcbersichtlich, funktional und dank des robusten Canvas sowie der hochwertigen Lederdetails \u00e4u\u00dferst langlebig.<\/p>\n","protected":false},"featured_media":71917,"template":"","meta":{"_uag_custom_page_level_css":"","site-sidebar-layout":"default","site-content-layout":"default","ast-site-content-layout":"default","site-content-style":"default","site-sidebar-style":"default","ast-global-header-display":"","ast-banner-title-visibility":"","ast-main-header-display":"","ast-hfb-above-header-display":"","ast-hfb-below-header-display":"","ast-hfb-mobile-header-display":"","site-post-title":"","ast-breadcrumbs-content":"","ast-featured-img":"","footer-sml-layout":"","ast-disable-related-posts":"","theme-transparent-header-meta":"default","adv-header-id-meta":"","stick-header-meta":"default","header-above-stick-meta":"","header-main-stick-meta":"","header-below-stick-meta":"","astra-migrate-meta-layouts":"set","ast-page-background-enabled":"default","ast-page-background-meta":{"desktop":{"background-color":"var(--ast-global-color-4)","background-image":"","background-repeat":"repeat","background-position":"center center","background-size":"auto","background-attachment":"scroll","background-type":"","background-media":"","overlay-type":"","overlay-color":"","overlay-opacity":"","overlay-gradient":""},"tablet":{"background-color":"","background-image":"","background-repeat":"repeat","background-position":"center center","background-size":"auto","background-attachment":"scroll","background-type":"","background-media":"","overlay-type":"","overlay-color":"","overlay-opacity":"","overlay-gradient":""},"mobile":{"background-color":"","background-image":"","background-repeat":"repeat","background-position":"center center","background-size":"auto","background-attachment":"scroll","background-type":"","background-media":"","overlay-type":"","overlay-color":"","overlay-opacity":"","overlay-gradient":""}},"ast-content-background-meta":{"desktop":{"background-color":"var(--ast-global-color-5)","background-image":"","background-repeat":"repeat","background-position":"center center","background-size":"auto","background-attachment":"scroll","background-type":"","background-media":"","overlay-type":"","overlay-color":"","overlay-opacity":"","overlay-gradient":""},"tablet":{"background-color":"var(--ast-global-color-5)","background-image":"","background-repeat":"repeat","background-position":"center center","background-size":"auto","background-attachment":"scroll","background-type":"","background-media":"","overlay-type":"","overlay-color":"","overlay-opacity":"","overlay-gradient":""},"mobile":{"background-color":"var(--ast-global-color-5)","background-image":"","background-repeat":"repeat","background-position":"center center","background-size":"auto","background-attachment":"scroll","background-type":"","background-media":"","overlay-type":"","overlay-color":"","overlay-opacity":"","overlay-gradient":""}},"_glsr_average":0,"_glsr_ranking":0,"_glsr_reviews":0},"product_brand":[1584],"product_cat":[191,237,448,239],"product_tag":[214,313,1996,312,1998],"class_list":{"0":"post-71904","1":"product","2":"type-product","3":"status-publish","4":"has-post-thumbnail","6":"product_brand-louis-vuitton","7":"product_cat-geldboersen","8":"product_cat-kleinlederwaren","9":"product_cat-limited-editions","10":"product_cat-louis-vuitton","11":"product_tag-louis-vuitton","12":"product_tag-louis-vuitton-geldboerse","13":"product_tag-louis-vuitton-jungle","14":"product_tag-louis-vuitton-sarah","15":"product_tag-louis-vuitton-sarah-jungle","16":"desktop-align-left","17":"tablet-align-left","18":"mobile-align-left","19":"ast-product-gallery-layout-first-image-large","20":"ast-magnify-disabled","21":"ast-product-tabs-layout-accordion","23":"first","24":"instock","25":"sold-individually","26":"purchasable","27":"product-type-simple"},"spectra_custom_meta":{"copied_media_ids":["a:0:{}","a:0:{}"],"referenced_media_ids":["a:13:{i:0;i:71917;i:1;i:71915;i:2;i:71909;i:3;i:71911;i:4;i:71912;i:5;i:71916;i:6;i:71906;i:7;i:71914;i:8;i:71908;i:9;i:71918;i:10;i:71910;i:11;i:71913;i:12;i:71907;}","a:13:{i:0;i:71917;i:1;i:71915;i:2;i:71909;i:3;i:71911;i:4;i:71912;i:5;i:71916;i:6;i:71906;i:7;i:71914;i:8;i:71908;i:9;i:71918;i:10;i:71910;i:11;i:71913;i:12;i:71907;}"],"_regular_price":["790"],"total_sales":["0"],"_tax_status":["none"],"_tax_class":[""],"_manage_stock":["yes"],"_backorders":["no"],"_sold_individually":["yes"],"_virtual":["no"],"_downloadable":["no"],"_product_image_gallery":["71915,71909,71911,71912,71916,71906,71914,71908,71918,71910,71913,71907"],"_download_limit":["-1"],"_download_expiry":["-1"],"_thumbnail_id":["71917"],"_stock":["1"],"_stock_status":["instock"],"_wc_average_rating":[0],"_wc_review_count":["0"],"_product_attributes":["a:3:{s:8:\"pa_brand\";a:7:{s:4:\"name\";s:8:\"pa_brand\";s:5:\"value\";s:0:\"\";s:8:\"position\";i:1;s:10:\"is_visible\";i:0;s:12:\"is_variation\";i:1;s:11:\"is_taxonomy\";i:1;s:16:\"checkout_visible\";i:0;}s:8:\"pa_color\";a:7:{s:4:\"name\";s:8:\"pa_color\";s:5:\"value\";s:0:\"\";s:8:\"position\";i:2;s:10:\"is_visible\";i:0;s:12:\"is_variation\";i:1;s:11:\"is_taxonomy\";i:1;s:16:\"checkout_visible\";i:0;}s:9:\"pa_gender\";a:7:{s:4:\"name\";s:9:\"pa_gender\";s:5:\"value\";s:0:\"\";s:8:\"position\";i:3;s:10:\"is_visible\";i:0;s:12:\"is_variation\";i:1;s:11:\"is_taxonomy\";i:1;s:16:\"checkout_visible\";i:0;}}"],"_product_version":["10.5.3"],"_price":["790"],"_wpml_media_featured":["1","1","1","1","1","1","1","1","1"],"_wpml_media_duplicate":["1","1","1","1","1","1","1","1","1"],"_wpml_word_count":["181"],"_wpml_location_migration_done":["1"],"_fusion":["a:3:{s:17:\"slider_visibility\";s:51:\"small-visibility,medium-visibility,large-visibility\";s:11:\"slider_type\";s:2:\"no\";s:9:\"wooslider\";s:1:\"0\";}"],"rank_math_seo_score":["80"],"rank_math_focus_keyword":["Louis Vuitton Sarah"],"_purchase_price_field":["450"],"_internal_warehouse_number_field":["P5-1034"],"_unit":[""],"_unit_base":[""],"_unit_product":[""],"_unit_price_auto":["no"],"_unit_price_regular":[""],"_unit_price":[""],"_unit_price_sale":[""],"_sale_price_label":[""],"_sale_price_regular_label":[""],"_mini_desc":["Louis Vuitton Sarah Jungle Geldb\u00f6rse"],"_defect_description":[""],"_allergen_ids":["a:0:{}"],"_warranty_attachment_id":[""],"_min_age":[""],"_ts_gtin":[""],"_ts_mpn":[""],"_delivery_time_countries":["a:0:{}"],"_free_shipping":["no"],"_service":["no"],"_photovoltaic_system":["no"],"_used_good":["yes"],"_defective_copy":["no"],"_is_food":["no"],"_differential_taxation":["yes"],"_gzd_version":["3.20.7"],"_hs_code":[""],"_manufacture_country":[""],"_rank_math_gtin_code":[""],"_fusion_google_fonts":[""],"fusion_builder_status":["active"],"rank_math_primary_product_cat":["0"],"_wcml_custom_prices_status":["0"],"avada_post_views_count":["48"],"avada_today_post_views_count":["1"],"avada_post_views_count_today_date":["11-04-2023"],"_deposit_type":[""],"_nutrient_ids":["a:0:{}"],"_nutrient_reference_value":["100g"],"_ingredients":[""],"_nutri_score":[""],"_alcohol_content":[""],"_drained_weight":[""],"_net_filling_quantity":[""],"_food_distributor":[""],"_food_description":[""],"_food_place_of_origin":[""],"_deposit_quantity":[""],"yikes_woo_products_tabs":["a:2:{i:0;a:3:{s:5:\"title\";s:21:\"Weitere Informationen\";s:2:\"id\";s:21:\"weitere-informationen\";s:7:\"content\";s:273:\"<strong>Material au\u00dfen: <\/strong>Jungle Monogram Canvas\r\n<strong>Material innen: <\/strong>Rindsleder\r\n<strong>Ma\u00dfe: <\/strong>19 x 10,5 x 2,5 cm\r\n<strong>Date Code \/ Herstellungsjahr: <\/strong>CA2159 \/ 2019\r\n<strong>Lieferumfang:<\/strong> Louis Vuitton Staubbeutel und Box\";}i:1;a:3:{s:5:\"title\";s:7:\"Zustand\";s:2:\"id\";s:7:\"zustand\";s:7:\"content\";s:230:\"<strong>Gesamtzustand: <\/strong>Neuwertig\r\n<strong>Canvas:\u00a0<\/strong>Intakt\r\n<strong>Druckknopf und Rei\u00dfverschluss:<\/strong> Schlie\u00dfen gut\r\n<strong>Hardware:<\/strong> Minimale Gebrauchsspuren\r\n<strong>Innenraum:\u00a0<\/strong>Sauber\";}}"],"site-sidebar-layout":["default"],"site-content-layout":["default"],"theme-transparent-header-meta":["default"],"stick-header-meta":["default"],"_pys_conversion_label_settings":["a:3:{s:6:\"enable\";b:0;s:5:\"label\";s:0:\"\";s:2:\"id\";s:14:\"AW-11184563350\";}"],"_pys_super_pack_cpt_url":[""],"_pys_super_pack_cpt_condition":["only"],"_pys_super_pack_cpt_cart":["hidden"],"_woosea_brand":[""],"_woosea_mpn":[""],"_woosea_upc":[""],"_woosea_ean":[""],"_woosea_gtin":[""],"_woosea_color":[""],"_woosea_size":[""],"_woosea_gender":[""],"_woosea_material":[""],"_woosea_pattern":[""],"_woosea_optimized_title":[""],"_woosea_unit_pricing_measure":[""],"_woosea_unit_pricing_base_measure":[""],"_woosea_condition":[""],"_woosea_age_group":["adult"],"_woosea_installment_months":[""],"_woosea_installment_amount":[""],"_woosea_exclude_product":["no"],"_woosea_cost_of_good_sold":[""],"_woosea_multipack":[""],"_woosea_is_bundle":[""],"_woosea_energy_efficiency_class":[""],"_woosea_min_energy_efficiency_class":[""],"_woosea_max_energy_efficiency_class":[""],"_woosea_is_promotion":[""],"_woosea_custom_field_0":[""],"_woosea_custom_field_1":[""],"_woosea_custom_field_2":[""],"_woosea_custom_field_3":[""],"_woosea_custom_field_4":[""],"_pys_head_footer":["a:7:{s:14:\"disable_global\";b:0;s:8:\"head_any\";s:0:\"\";s:12:\"head_desktop\";s:0:\"\";s:11:\"head_mobile\";s:0:\"\";s:10:\"footer_any\";s:0:\"\";s:14:\"footer_desktop\";s:0:\"\";s:13:\"footer_mobile\";s:0:\"\";}"],"_customs_description":[""],"_is_non_returnable":["no"],"_wpml_media_has_media":["1"],"litespeed_vpi_list_mobile":["a:2:{i:0;s:8:\"logo.png\";i:1;s:60:\"Louis-Vuitton-Zippy-Jungle-vorn-2023-0133-scaled-500x500.jpg\";}"],"litespeed_vpi_list":["a:4:{i:0;s:8:\"logo.png\";i:1;s:6:\"de.png\";i:2;s:60:\"Louis-Vuitton-Zippy-Jungle-vorn-2023-0133-scaled-500x500.jpg\";i:3;s:35:\"three-o-clock-clock-svgrepo-com.svg\";}"],"_internal_date_code":["CA2159"],"_internal_product_origin":["Spanien"],"ast-site-content-layout":["default"],"site-content-style":["default"],"site-sidebar-style":["default"],"_wp_old_date":["2023-10-23"],"_product_rating":["N"],"rank_math_robots":["a:1:{i:0;s:5:\"index\";}"],"_customer_view":["9"],"_custom_view_last_updated":["2026-04-27 10:29:07"],"_not_in_inventory_checkbox":[""],"_shipping_length":[""],"_shipping_width":[""],"_shipping_height":[""],"_custom_html_content":[""],"_izettle_image_lookup_key":["3kyncy1cEe-udXp3qLWasA-WDK2QEbCEfCbfcAi7cT8ug"],"woocommerce_izettle_product_uuid":["e9fac4d6-63d0-11ef-b84e-353536383939"],"woocommerce_izettle_variant_uuid":["6974f810-2d6e-11ef-bef1-353536383939"],"_izettle_updated":["1755929172"],"_izettle_barcode":["0290000350995"],"_izettle_product_etag":["8EC04E4F8EA7447BE633A2FE5E02C95C"],"_product_shipping_weight":["1kg"],"_product_available_from_field":["2025-11-28T19:00"],"_manufacturer_slug":["lvmh-moet-hennessy-louis-vuitton-se"],"_safety_instructions":[""],"_safety_attachment_ids":["a:0:{}"],"_izettle_nosync":[""],"_izettle_cost_price":[""],"_izettle_special_price":[""],"_izettle_product_name":[""],"_zettle_product_cat_id":[""],"_nickx_video_text_url":["a:1:{i:0;s:0:\"\";}"],"_nickx_product_video_type":["a:1:{i:0;s:23:\"nickx_video_url_youtube\";}"],"_nickx_product_video_thumb_ids":["a:1:{i:0;s:0:\"\";}"],"_product_reserve_till_field":[""],"_wireless_electronic_device":["no"],"_device_contains_power_supply":["no"],"_device_charging_supports_usb_pd":["no"],"_device_charging_watt_min":["0"],"_device_charging_watt_max":["0"],"rank_math_primary_product_brand":["1584"],"sib_push_meta_box_present":["1"],"sib_push_send_notification":["0"],"sib_push_target_segment_ids":["@ALL"],"_zettle_barcode":[""],"_ame_cpe_post_policy":["{\"accessProtection\":{\"active\":\"replace\"}}"],"sib_push_send_notification_delay_seconds":["0"],"_is_non_alcoholic":["no"],"_ship_separately_via":[""],"similar_product_key":["1764159798"],"_wpml_post_translation_editor_native":["no"],"_sku":["P5-1034"],"_edit_lock":["1772889868:4"],"_edit_last":["4"],"_mid_code":[""],"_shipping_weight":[""],"_gdrive_field":["https:\/\/drive.google.com\/drive\/u\/1\/folders\/1NRP5u4IQfWkBBQYDTCii4hlHVEC-LbTh"],"_entrupy_echtheitszertifikat":["yes"],"rank_math_analytic_object_id":["199"],"_wcml_average_rating":[null],"_wcml_review_count":[null],"_wcml_rating_count":[null],"rank_math_internal_links_processed":["1"],"astra-migrate-meta-layouts":["set"],"_uag_page_assets":["a:9:{s:3:\"css\";s:0:\"\";s:2:\"js\";s:0:\"\";s:18:\"current_block_list\";a:6:{i:0;s:26:\"woocommerce\/filter-wrapper\";i:1;s:24:\"woocommerce\/price-filter\";i:2;s:30:\"woocommerce\/product-categories\";i:3;s:14:\"core\/paragraph\";i:4;s:14:\"core\/shortcode\";i:5;s:11:\"core\/search\";}s:8:\"uag_flag\";b:0;s:11:\"uag_version\";s:10:\"1777326307\";s:6:\"gfonts\";a:0:{}s:10:\"gfonts_url\";s:0:\"\";s:12:\"gfonts_files\";a:0:{}s:14:\"uag_faq_layout\";b:0;}"],"_wc_rating_count":[""]},"uagb_featured_image_src":{"full":["https:\/\/truelangtest.ilovehandbags.com\/wp-content\/uploads\/sites\/3\/Louis-Vuitton-Sarah-Jungle-Geldboerse-1034-02.jpg",2048,1536,false],"thumbnail":["https:\/\/truelangtest.ilovehandbags.com\/wp-content\/uploads\/sites\/3\/Louis-Vuitton-Sarah-Jungle-Geldboerse-1034-02-150x150.jpg",150,150,true],"medium":["https:\/\/truelangtest.ilovehandbags.com\/wp-content\/uploads\/sites\/3\/Louis-Vuitton-Sarah-Jungle-Geldboerse-1034-02-300x300.jpg",300,300,true],"medium_large":["https:\/\/truelangtest.ilovehandbags.com\/wp-content\/uploads\/sites\/3\/Louis-Vuitton-Sarah-Jungle-Geldboerse-1034-02-768x768.jpg",768,768,true],"large":["https:\/\/truelangtest.ilovehandbags.com\/wp-content\/uploads\/sites\/3\/Louis-Vuitton-Sarah-Jungle-Geldboerse-1034-02-1024x1024.jpg",1024,1024,true],"1536x1536":["https:\/\/truelangtest.ilovehandbags.com\/wp-content\/uploads\/sites\/3\/Louis-Vuitton-Sarah-Jungle-Geldboerse-1034-02.jpg",1536,1152,false],"2048x2048":["https:\/\/truelangtest.ilovehandbags.com\/wp-content\/uploads\/sites\/3\/Louis-Vuitton-Sarah-Jungle-Geldboerse-1034-02.jpg",2048,1536,false],"woocommerce_thumbnail":["https:\/\/truelangtest.ilovehandbags.com\/wp-content\/uploads\/sites\/3\/Louis-Vuitton-Sarah-Jungle-Geldboerse-1034-02-500x500.jpg",500,500,true],"woocommerce_single":["https:\/\/truelangtest.ilovehandbags.com\/wp-content\/uploads\/sites\/3\/Louis-Vuitton-Sarah-Jungle-Geldboerse-1034-02-500x500.jpg",500,500,true],"woocommerce_gallery_thumbnail":["https:\/\/truelangtest.ilovehandbags.com\/wp-content\/uploads\/sites\/3\/Louis-Vuitton-Sarah-Jungle-Geldboerse-1034-02-100x100.jpg",100,100,true]},"uagb_author_info":{"display_name":"ILoveHandbags","author_link":"https:\/\/truelangtest.ilovehandbags.com\/de\/author\/"},"uagb_comment_info":0,"uagb_excerpt":"Die Louis Vuitton Sarah Wallet \u2013 Jungle Edition ist eine seltene und besonders begehrte Geldb\u00f6rse aus der limitierten \u201eJungle\u201c Kollektion. Das Modell kombiniert die klassische Form der beliebten Sarah Wallet mit einem auff\u00e4lligen, modernen Animal-Print, der dem ikonischen Monogram Canvas einen einzigartigen, modischen Twist verleiht. Diese limitierte Variante ist ein absoluter Hingucker und richtet sich&hellip;","_links":{"self":[{"href":"https:\/\/truelangtest.ilovehandbags.com\/de\/wp-json\/wp\/v2\/product\/71904","targetHints":{"allow":["GET"]}}],"collection":[{"href":"https:\/\/truelangtest.ilovehandbags.com\/de\/wp-json\/wp\/v2\/product"}],"about":[{"href":"https:\/\/truelangtest.ilovehandbags.com\/de\/wp-json\/wp\/v2\/types\/product"}],"wp:featuredmedia":[{"embeddable":true,"href":"https:\/\/truelangtest.ilovehandbags.com\/de\/wp-json\/wp\/v2\/media\/71917"}],"wp:attachment":[{"href":"https:\/\/truelangtest.ilovehandbags.com\/de\/wp-json\/wp\/v2\/media?parent=71904"}],"wp:term":[{"taxonomy":"product_brand","embeddable":true,"href":"https:\/\/truelangtest.ilovehandbags.com\/de\/wp-json\/wp\/v2\/product_brand?post=71904"},{"taxonomy":"product_cat","embeddable":true,"href":"https:\/\/truelangtest.ilovehandbags.com\/de\/wp-json\/wp\/v2\/product_cat?post=71904"},{"taxonomy":"product_tag","embeddable":true,"href":"https:\/\/truelangtest.ilovehandbags.com\/de\/wp-json\/wp\/v2\/product_tag?post=71904"}],"curies":[{"name":"wp","href":"https:\/\/api.w.org\/{rel}","templated":true}]}}