{"id":72090,"date":"2025-12-03T12:00:55","date_gmt":"2025-12-03T11:00:55","guid":{"rendered":"https:\/\/ilovehandbags.com\/?post_type=product&#038;p=72090"},"modified":"2025-12-06T13:21:55","modified_gmt":"2025-12-06T12:21:55","slug":"louis-vuitton-multi-pochette-accessoires-1038","status":"publish","type":"product","link":"https:\/\/truelangtest.ilovehandbags.com\/de\/louis-vuitton-multi-pochette-accessoires-1038\/","title":{"rendered":"Louis Vuitton Multi Pochette Accessoires"},"content":{"rendered":"","protected":false},"excerpt":{"rendered":"<p data-start=\"160\" data-end=\"493\">Die Louis Vuitton Multi Pochette Accessoires ist der perfekte Alltagsbegleiter f\u00fcr alle, die Stil und Funktionalit\u00e4t gleicherma\u00dfen sch\u00e4tzen. Sie kombiniert eine Pochette Accessoires, eine Mini Pochette Accessoires und eine runde M\u00fcnzgeldb\u00f6rse zu einer vielseitigen Hybrid-Tasche, die gen\u00fcgend Platz f\u00fcr all deine Essentials bietet. Alle Elemente sind aus hochwertigem Monogram Canvas gefertigt, w\u00e4hrend das Mini-Monogram-Motiv an den Seiten der beiden Pochettes einen eleganten, raffinierten Akzent setzt. Besonders praktisch: Die Multi Pochette Accessoires bietet mehrere separat nutzbare F\u00e4cher und erm\u00f6glicht es dir, alle wichtigen Dinge \u00fcbersichtlich organisiert bei dir zu tragen. Statt des klassischen Jacquardriemens kommt dieses Modell mit einem breiten, nicht verstellbaren Canvas-Schulterriemen, der f\u00fcr einen sportlich-l\u00e4ssigen Look sorgt und die Tasche bequem tragbar macht. Erg\u00e4nzt wird das Design durch die abnehmbare goldfarbene Kette, die zus\u00e4tzliche Tragem\u00f6glichkeiten bietet \u2013 von Crossbody bis hin zur eleganten Schultertasche. Die Multi Pochette Accessoires ist damit ein modernes, vielseitiges und stilvolles Must-have, das sich perfekt an deinen Alltag anpasst.<\/p>\n","protected":false},"featured_media":72104,"template":"","meta":{"_uag_custom_page_level_css":"","site-sidebar-layout":"default","site-content-layout":"default","ast-site-content-layout":"default","site-content-style":"default","site-sidebar-style":"default","ast-global-header-display":"","ast-banner-title-visibility":"","ast-main-header-display":"","ast-hfb-above-header-display":"","ast-hfb-below-header-display":"","ast-hfb-mobile-header-display":"","site-post-title":"","ast-breadcrumbs-content":"","ast-featured-img":"","footer-sml-layout":"","ast-disable-related-posts":"","theme-transparent-header-meta":"default","adv-header-id-meta":"","stick-header-meta":"default","header-above-stick-meta":"","header-main-stick-meta":"","header-below-stick-meta":"","astra-migrate-meta-layouts":"set","ast-page-background-enabled":"default","ast-page-background-meta":{"desktop":{"background-color":"var(--ast-global-color-4)","background-image":"","background-repeat":"repeat","background-position":"center center","background-size":"auto","background-attachment":"scroll","background-type":"","background-media":"","overlay-type":"","overlay-color":"","overlay-opacity":"","overlay-gradient":""},"tablet":{"background-color":"","background-image":"","background-repeat":"repeat","background-position":"center center","background-size":"auto","background-attachment":"scroll","background-type":"","background-media":"","overlay-type":"","overlay-color":"","overlay-opacity":"","overlay-gradient":""},"mobile":{"background-color":"","background-image":"","background-repeat":"repeat","background-position":"center center","background-size":"auto","background-attachment":"scroll","background-type":"","background-media":"","overlay-type":"","overlay-color":"","overlay-opacity":"","overlay-gradient":""}},"ast-content-background-meta":{"desktop":{"background-color":"var(--ast-global-color-5)","background-image":"","background-repeat":"repeat","background-position":"center center","background-size":"auto","background-attachment":"scroll","background-type":"","background-media":"","overlay-type":"","overlay-color":"","overlay-opacity":"","overlay-gradient":""},"tablet":{"background-color":"var(--ast-global-color-5)","background-image":"","background-repeat":"repeat","background-position":"center center","background-size":"auto","background-attachment":"scroll","background-type":"","background-media":"","overlay-type":"","overlay-color":"","overlay-opacity":"","overlay-gradient":""},"mobile":{"background-color":"var(--ast-global-color-5)","background-image":"","background-repeat":"repeat","background-position":"center center","background-size":"auto","background-attachment":"scroll","background-type":"","background-media":"","overlay-type":"","overlay-color":"","overlay-opacity":"","overlay-gradient":""}},"_glsr_average":0,"_glsr_ranking":0,"_glsr_reviews":0},"product_brand":[1584],"product_cat":[208,242,239,449],"product_tag":[214,455,454,265],"class_list":{"0":"post-72090","1":"product","2":"type-product","3":"status-publish","4":"has-post-thumbnail","6":"product_brand-louis-vuitton","7":"product_cat-handtaschen","8":"product_cat-kleine-taschen","9":"product_cat-louis-vuitton","10":"product_cat-bald-wieder-da","11":"product_tag-louis-vuitton","12":"product_tag-louis-vuitton-m44840","13":"product_tag-louis-vuitton-multi-pochette-accessoires","14":"product_tag-louis-vuitton-pochette-accessoires","15":"desktop-align-left","16":"tablet-align-left","17":"mobile-align-left","18":"ast-product-gallery-layout-first-image-large","19":"ast-magnify-disabled","20":"ast-product-tabs-layout-accordion","22":"first","23":"outofstock","24":"sold-individually","25":"purchasable","26":"product-type-simple"},"spectra_custom_meta":{"copied_media_ids":["a:0:{}","a:0:{}"],"referenced_media_ids":["a:21:{i:0;i:72104;i:1;i:72111;i:2;i:72112;i:3;i:72101;i:4;i:72102;i:5;i:72105;i:6;i:72097;i:7;i:72107;i:8;i:72094;i:9;i:72109;i:10;i:72095;i:11;i:72098;i:12;i:72093;i:13;i:72092;i:14;i:72099;i:15;i:72108;i:16;i:72100;i:17;i:72106;i:18;i:72096;i:19;i:72110;i:20;i:72103;}","a:21:{i:0;i:72104;i:1;i:72111;i:2;i:72112;i:3;i:72101;i:4;i:72102;i:5;i:72105;i:6;i:72097;i:7;i:72107;i:8;i:72094;i:9;i:72109;i:10;i:72095;i:11;i:72098;i:12;i:72093;i:13;i:72092;i:14;i:72099;i:15;i:72108;i:16;i:72100;i:17;i:72106;i:18;i:72096;i:19;i:72110;i:20;i:72103;}"],"_regular_price":["1590"],"total_sales":["1"],"_tax_status":["none"],"_tax_class":[""],"_manage_stock":["yes"],"_backorders":["no"],"_sold_individually":["yes"],"_virtual":["no"],"_downloadable":["no"],"_product_image_gallery":["72111,72112,72101,72102,72105,72097,72107,72094,72109,72095,72098,72093,72092,72099,72108,72100,72106,72096,72110,72103"],"_download_limit":["-1"],"_download_expiry":["-1"],"_thumbnail_id":["72104"],"_stock":["0"],"_stock_status":["outofstock"],"_wc_average_rating":[0],"_wc_review_count":["0"],"_product_attributes":["a:3:{s:8:\"pa_brand\";a:7:{s:4:\"name\";s:8:\"pa_brand\";s:5:\"value\";s:0:\"\";s:8:\"position\";i:1;s:10:\"is_visible\";i:0;s:12:\"is_variation\";i:0;s:11:\"is_taxonomy\";i:1;s:16:\"checkout_visible\";i:0;}s:8:\"pa_color\";a:7:{s:4:\"name\";s:8:\"pa_color\";s:5:\"value\";s:0:\"\";s:8:\"position\";i:2;s:10:\"is_visible\";i:0;s:12:\"is_variation\";i:0;s:11:\"is_taxonomy\";i:1;s:16:\"checkout_visible\";i:0;}s:9:\"pa_gender\";a:7:{s:4:\"name\";s:9:\"pa_gender\";s:5:\"value\";s:0:\"\";s:8:\"position\";i:3;s:10:\"is_visible\";i:0;s:12:\"is_variation\";i:0;s:11:\"is_taxonomy\";i:1;s:16:\"checkout_visible\";i:0;}}"],"_product_version":["10.3.5"],"_price":["1590"],"_wpml_media_featured":["1","1","1","1","1","1","1","1"],"_wpml_media_duplicate":["1","1","1","1","1","1","1","1"],"_wpml_word_count":["217"],"_wpml_location_migration_done":["1"],"_fusion":["a:3:{s:17:\"slider_visibility\";s:51:\"small-visibility,medium-visibility,large-visibility\";s:11:\"slider_type\";s:2:\"no\";s:9:\"wooslider\";s:1:\"0\";}"],"rank_math_seo_score":["73"],"rank_math_focus_keyword":["louis vuitton"],"_purchase_price_field":["1050"],"_internal_warehouse_number_field":["P5-1038"],"_unit":[""],"_unit_base":[""],"_unit_product":[""],"_unit_price_auto":["no"],"_unit_price_regular":[""],"_unit_price":[""],"_unit_price_sale":[""],"_sale_price_label":[""],"_sale_price_regular_label":[""],"_mini_desc":["Louis Vuitton Multi Pochette Accessoires"],"_defect_description":[""],"_allergen_ids":["a:0:{}"],"_warranty_attachment_id":[""],"_min_age":[""],"_ts_gtin":[""],"_ts_mpn":[""],"_delivery_time_countries":["a:0:{}"],"_free_shipping":["no"],"_service":["no"],"_photovoltaic_system":["no"],"_used_good":["yes"],"_defective_copy":["no"],"_is_food":["no"],"_differential_taxation":["yes"],"_gzd_version":["3.20.4"],"_hs_code":[""],"_manufacture_country":[""],"_rank_math_gtin_code":["M44840"],"_fusion_google_fonts":[""],"fusion_builder_status":["active"],"rank_math_primary_product_cat":["0"],"_wcml_custom_prices_status":["0"],"avada_post_views_count":["13"],"avada_today_post_views_count":["2"],"avada_post_views_count_today_date":["14-04-2023"],"_deposit_type":[""],"_nutrient_ids":["a:0:{}"],"_nutrient_reference_value":["100g"],"_ingredients":[""],"_nutri_score":[""],"_alcohol_content":[""],"_drained_weight":[""],"_net_filling_quantity":[""],"_food_distributor":[""],"_food_description":[""],"_food_place_of_origin":[""],"_deposit_quantity":[""],"yikes_woo_products_tabs":["a:2:{i:0;a:3:{s:5:\"title\";s:21:\"Weitere Informationen\";s:2:\"id\";s:21:\"weitere-informationen\";s:7:\"content\";s:580:\"<strong>Material au\u00dfen: <\/strong>Monogram Canvas\r\n<strong>Material innen: <\/strong>Brauner Textilstoff\r\n<strong>Material Schulterriemen:<\/strong> Monogram Canvas und rosafarbenes Rindsleder\r\n<strong>Ma\u00dfe gro\u00dfe Pochette: <\/strong>23,5 x 13,5 x 4 cm\r\n<strong>Ma\u00dfe kleine Pochette:<\/strong> 18,5 x 10,5 x 3 cm\r\n<strong>Ma\u00dfe runde Geldb\u00f6rse:<\/strong> 9 x 9 x 2 cm\r\n<strong>L\u00e4nge des Schulterriemens:<\/strong> 90 x 4 cm\r\n<strong>L\u00e4nge der abnehmbaren Kette:<\/strong> 53 cm\r\n<strong>Date Code:<\/strong> RFID Chip\r\n<strong>Lieferumfang:<\/strong> Louis Vuitton Box und Staubbeutel\";}i:1;a:3:{s:5:\"title\";s:7:\"Zustand\";s:2:\"id\";s:7:\"zustand\";s:7:\"content\";s:322:\"<strong>Gesamtzustand: <\/strong>Sehr gut\r\n<strong>Canvas: <\/strong>Intakt\r\n<strong>Vachetta Leder: <\/strong>Leichte bis mittlere Patina, vereinzelt mit kleinen Flecken\r\n<strong>Rei\u00dfverschl\u00fcsse: <\/strong>Schlie\u00dfen fl\u00fcssig\r\n<strong>Hardware:<\/strong> Leichte Gebrauchsspuren vorhanden\r\n<strong>Innenraum: <\/strong>Sauber\";}}"],"site-sidebar-layout":["default"],"site-content-layout":["default"],"theme-transparent-header-meta":["default"],"stick-header-meta":["default"],"_wp_old_date":["2023-04-14","2023-05-08","2023-05-15","2023-06-23","2023-07-31","2024-03-19","2025-03-28"],"_pys_conversion_label_settings":["a:3:{s:6:\"enable\";b:0;s:5:\"label\";s:0:\"\";s:2:\"id\";s:14:\"AW-11184563350\";}"],"_pys_super_pack_cpt_url":[""],"_pys_super_pack_cpt_condition":["only"],"_pys_super_pack_cpt_cart":["hidden"],"_pys_head_footer":["a:7:{s:14:\"disable_global\";b:0;s:8:\"head_any\";s:0:\"\";s:12:\"head_desktop\";s:0:\"\";s:11:\"head_mobile\";s:0:\"\";s:10:\"footer_any\";s:0:\"\";s:14:\"footer_desktop\";s:0:\"\";s:13:\"footer_mobile\";s:0:\"\";}"],"_borlabs-cookie-custom-code":[""],"_woosea_brand":[""],"_woosea_mpn":[""],"_woosea_upc":[""],"_woosea_ean":[""],"_woosea_gtin":[""],"_woosea_color":[""],"_woosea_size":[""],"_woosea_gender":[""],"_woosea_material":[""],"_woosea_pattern":[""],"_woosea_optimized_title":[""],"_woosea_unit_pricing_measure":[""],"_woosea_unit_pricing_base_measure":[""],"_woosea_condition":[""],"_woosea_age_group":["adult"],"_woosea_installment_months":[""],"_woosea_installment_amount":[""],"_woosea_exclude_product":["no"],"_woosea_cost_of_good_sold":[""],"_woosea_multipack":[""],"_woosea_is_bundle":[""],"_woosea_energy_efficiency_class":[""],"_woosea_min_energy_efficiency_class":[""],"_woosea_max_energy_efficiency_class":[""],"_woosea_is_promotion":[""],"_woosea_custom_field_0":[""],"_woosea_custom_field_1":[""],"_woosea_custom_field_2":[""],"_woosea_custom_field_3":[""],"_woosea_custom_field_4":[""],"_customs_description":[""],"_is_non_returnable":["no"],"ast-site-content-layout":["default"],"site-content-style":["default"],"site-sidebar-style":["default"],"_wpml_media_has_media":["1"],"litespeed_vpi_list_mobile":["a:2:{i:0;s:8:\"logo.png\";i:1;s:79:\"Louis-Vuitton-Multi-Pochette-Accessoires-Titelbild-2023-0288-scaled-500x500.jpg\";}"],"litespeed_vpi_list":["a:3:{i:0;s:8:\"logo.png\";i:1;s:6:\"de.png\";i:2;s:79:\"Louis-Vuitton-Multi-Pochette-Accessoires-Titelbild-2023-0288-scaled-500x500.jpg\";}"],"_internal_date_code":["RFID Chip"],"_internal_product_origin":["Frankreich"],"rank_math_robots":["a:1:{i:0;s:5:\"index\";}"],"_product_rating":["A"],"_not_in_inventory_checkbox":[""],"_custom_html_content":[""],"_customer_view":["3"],"_custom_view_last_updated":["2025-12-06 01:54:04"],"_wpml_post_translation_editor_native":["no"],"_shipping_length":[""],"_shipping_width":[""],"_shipping_height":[""],"_zettle_product_cat_id":[""],"_product_shipping_weight":["1kg"],"_product_available_from_field":["2025-12-05T19:00"],"_manufacturer_slug":["lvmh-moet-hennessy-louis-vuitton-se"],"_safety_instructions":[""],"_safety_attachment_ids":["a:0:{}"],"_nickx_video_text_url":["a:1:{i:0;s:0:\"\";}"],"_nickx_product_video_type":["a:1:{i:0;s:23:\"nickx_video_url_youtube\";}"],"_nickx_product_video_thumb_ids":["a:1:{i:0;s:0:\"\";}"],"_product_reserve_till_field":[""],"similar_product_key":["1739366303"],"_wireless_electronic_device":["no"],"_device_contains_power_supply":["no"],"_device_charging_supports_usb_pd":["no"],"_device_charging_watt_min":["0"],"_device_charging_watt_max":["0"],"rank_math_primary_product_brand":["1584"],"_izettle_barcode":[""],"_izettle_nosync":[""],"_izettle_cost_price":[""],"_izettle_special_price":[""],"_izettle_product_name":[""],"woocommerce_izettle_product_uuid":["baad0c9e-0a64-11f0-81d0-353536383939"],"woocommerce_izettle_variant_uuid":["baad445c-0a64-11f0-8302-353536383939"],"_izettle_updated":["1743123623"],"_izettle_image_lookup_key":["3kyncy1cEe-udXp3qLWasA-B7m_Wwr4EfCR_kxGGA5CEg"],"_izettle_product_etag":["C8F255D3D8D7369A79FF69ED8C1A9D0B"],"sib_push_meta_box_present":["1"],"sib_push_send_notification":["0"],"sib_push_target_segment_ids":["@ALL"],"_zettle_barcode":[""],"_ame_cpe_post_policy":["{\"accessProtection\":{\"active\":\"replace\"}}"],"_sku":["P5-1038"],"_edit_lock":["1765023738:4"],"_edit_last":["4"],"sib_push_send_notification_delay_seconds":["0"],"_is_non_alcoholic":["no"],"_mid_code":[""],"_ship_separately_via":[""],"_shipping_weight":[""],"_gdrive_field":["https:\/\/drive.google.com\/drive\/u\/1\/folders\/17XJW7CFpHWWRtoqXG3gIOLGWtu9Cke9Y"],"_wcml_average_rating":[null],"_wcml_review_count":[null],"_wcml_rating_count":[null],"astra-migrate-meta-layouts":["set"],"rank_math_analytic_object_id":["177"],"rank_math_internal_links_processed":["1"],"_uag_page_assets":["a:9:{s:3:\"css\";s:0:\"\";s:2:\"js\";s:0:\"\";s:18:\"current_block_list\";a:6:{i:0;s:26:\"woocommerce\/filter-wrapper\";i:1;s:24:\"woocommerce\/price-filter\";i:2;s:30:\"woocommerce\/product-categories\";i:3;s:14:\"core\/paragraph\";i:4;s:14:\"core\/shortcode\";i:5;s:11:\"core\/search\";}s:8:\"uag_flag\";b:0;s:11:\"uag_version\";s:10:\"1777326261\";s:6:\"gfonts\";a:0:{}s:10:\"gfonts_url\";s:0:\"\";s:12:\"gfonts_files\";a:0:{}s:14:\"uag_faq_layout\";b:0;}"],"_wc_rating_count":[""]},"uagb_featured_image_src":{"full":["https:\/\/truelangtest.ilovehandbags.com\/wp-content\/uploads\/sites\/3\/Louis-Vuitton-Multi-Pochette-Accessoires-1038-09.jpg",2048,1536,false],"thumbnail":["https:\/\/truelangtest.ilovehandbags.com\/wp-content\/uploads\/sites\/3\/Louis-Vuitton-Multi-Pochette-Accessoires-1038-09-150x150.jpg",150,150,true],"medium":["https:\/\/truelangtest.ilovehandbags.com\/wp-content\/uploads\/sites\/3\/Louis-Vuitton-Multi-Pochette-Accessoires-1038-09-300x300.jpg",300,300,true],"medium_large":["https:\/\/truelangtest.ilovehandbags.com\/wp-content\/uploads\/sites\/3\/Louis-Vuitton-Multi-Pochette-Accessoires-1038-09-768x768.jpg",768,768,true],"large":["https:\/\/truelangtest.ilovehandbags.com\/wp-content\/uploads\/sites\/3\/Louis-Vuitton-Multi-Pochette-Accessoires-1038-09-1024x1024.jpg",1024,1024,true],"1536x1536":["https:\/\/truelangtest.ilovehandbags.com\/wp-content\/uploads\/sites\/3\/Louis-Vuitton-Multi-Pochette-Accessoires-1038-09.jpg",1536,1152,false],"2048x2048":["https:\/\/truelangtest.ilovehandbags.com\/wp-content\/uploads\/sites\/3\/Louis-Vuitton-Multi-Pochette-Accessoires-1038-09.jpg",2048,1536,false],"woocommerce_thumbnail":["https:\/\/truelangtest.ilovehandbags.com\/wp-content\/uploads\/sites\/3\/Louis-Vuitton-Multi-Pochette-Accessoires-1038-09-500x500.jpg",500,500,true],"woocommerce_single":["https:\/\/truelangtest.ilovehandbags.com\/wp-content\/uploads\/sites\/3\/Louis-Vuitton-Multi-Pochette-Accessoires-1038-09-500x500.jpg",500,500,true],"woocommerce_gallery_thumbnail":["https:\/\/truelangtest.ilovehandbags.com\/wp-content\/uploads\/sites\/3\/Louis-Vuitton-Multi-Pochette-Accessoires-1038-09-100x100.jpg",100,100,true]},"uagb_author_info":{"display_name":"ILoveHandbags","author_link":"https:\/\/truelangtest.ilovehandbags.com\/de\/author\/"},"uagb_comment_info":0,"uagb_excerpt":"Die Louis Vuitton Multi Pochette Accessoires ist der perfekte Alltagsbegleiter f\u00fcr alle, die Stil und Funktionalit\u00e4t gleicherma\u00dfen sch\u00e4tzen. Sie kombiniert eine Pochette Accessoires, eine Mini Pochette Accessoires und eine runde M\u00fcnzgeldb\u00f6rse zu einer vielseitigen Hybrid-Tasche, die gen\u00fcgend Platz f\u00fcr all deine Essentials bietet. Alle Elemente sind aus hochwertigem Monogram Canvas gefertigt, w\u00e4hrend das Mini-Monogram-Motiv an&hellip;","_links":{"self":[{"href":"https:\/\/truelangtest.ilovehandbags.com\/de\/wp-json\/wp\/v2\/product\/72090","targetHints":{"allow":["GET"]}}],"collection":[{"href":"https:\/\/truelangtest.ilovehandbags.com\/de\/wp-json\/wp\/v2\/product"}],"about":[{"href":"https:\/\/truelangtest.ilovehandbags.com\/de\/wp-json\/wp\/v2\/types\/product"}],"wp:featuredmedia":[{"embeddable":true,"href":"https:\/\/truelangtest.ilovehandbags.com\/de\/wp-json\/wp\/v2\/media\/72104"}],"wp:attachment":[{"href":"https:\/\/truelangtest.ilovehandbags.com\/de\/wp-json\/wp\/v2\/media?parent=72090"}],"wp:term":[{"taxonomy":"product_brand","embeddable":true,"href":"https:\/\/truelangtest.ilovehandbags.com\/de\/wp-json\/wp\/v2\/product_brand?post=72090"},{"taxonomy":"product_cat","embeddable":true,"href":"https:\/\/truelangtest.ilovehandbags.com\/de\/wp-json\/wp\/v2\/product_cat?post=72090"},{"taxonomy":"product_tag","embeddable":true,"href":"https:\/\/truelangtest.ilovehandbags.com\/de\/wp-json\/wp\/v2\/product_tag?post=72090"}],"curies":[{"name":"wp","href":"https:\/\/api.w.org\/{rel}","templated":true}]}}