{"id":72600,"date":"2025-12-10T12:01:19","date_gmt":"2025-12-10T11:01:19","guid":{"rendered":"https:\/\/ilovehandbags.com\/?post_type=product&#038;p=72600"},"modified":"2025-12-20T12:59:43","modified_gmt":"2025-12-20T11:59:43","slug":"louis-vuitton-lockme-ever-mini-greige-1051","status":"publish","type":"product","link":"https:\/\/truelangtest.ilovehandbags.com\/de\/louis-vuitton-lockme-ever-mini-greige-1051\/","title":{"rendered":"Louis Vuitton Lockme Ever Mini Greige"},"content":{"rendered":"","protected":false},"excerpt":{"rendered":"<p data-start=\"70\" data-end=\"431\">Entdecke mit der Louis Vuitton Lockme Ever Mini in edlem Greige ein wahres Schmuckst\u00fcck, das deinen Look auf elegante Weise abrundet. Das feink\u00f6rnige Kalbsleder verleiht der Tasche eine luxuri\u00f6se Haptik, w\u00e4hrend die klaren, femininen Linien und das ikonische LV-Schloss f\u00fcr einen stilvollen Auftritt sorgen \u2013 ob tags\u00fcber im Alltag oder am Abend beim Ausgehen. Der geflochtene Kettenriemen mit goldfarbenen Akzenten erm\u00f6glicht dir, die Tasche bequem crossbody oder \u00fcber der Schulter zu tragen, w\u00e4hrend der elegante Henkel dir die M\u00f6glichkeit gibt, sie charmant in der Hand zu halten. Im Inneren erwartet dich ein hochwertiges Mikrofaserfutter und durchdachte F\u00e4cher, in denen du deine Essentials \u00fcbersichtlich verstauen kannst. Vier sch\u00fctzende Metallf\u00fc\u00dfe am Taschenboden sorgen daf\u00fcr, dass dein neues Lieblingsst\u00fcck lange seine Form und Sch\u00f6nheit beh\u00e4lt. Mit ihrer zeitlosen Eleganz und dem modernen Farbton ist die Lockme Ever Mini der perfekte Begleiter f\u00fcr alle, die Wert auf Qualit\u00e4t, Vielseitigkeit und einen Hauch Pariser Chic legen.<\/p>\n","protected":false},"featured_media":65598,"template":"","meta":{"_uag_custom_page_level_css":"","site-sidebar-layout":"default","site-content-layout":"default","ast-site-content-layout":"default","site-content-style":"default","site-sidebar-style":"default","ast-global-header-display":"","ast-banner-title-visibility":"","ast-main-header-display":"","ast-hfb-above-header-display":"","ast-hfb-below-header-display":"","ast-hfb-mobile-header-display":"","site-post-title":"","ast-breadcrumbs-content":"","ast-featured-img":"","footer-sml-layout":"","ast-disable-related-posts":"","theme-transparent-header-meta":"default","adv-header-id-meta":"","stick-header-meta":"default","header-above-stick-meta":"","header-main-stick-meta":"","header-below-stick-meta":"","astra-migrate-meta-layouts":"set","ast-page-background-enabled":"default","ast-page-background-meta":{"desktop":{"background-color":"var(--ast-global-color-4)","background-image":"","background-repeat":"repeat","background-position":"center center","background-size":"auto","background-attachment":"scroll","background-type":"","background-media":"","overlay-type":"","overlay-color":"","overlay-opacity":"","overlay-gradient":""},"tablet":{"background-color":"","background-image":"","background-repeat":"repeat","background-position":"center center","background-size":"auto","background-attachment":"scroll","background-type":"","background-media":"","overlay-type":"","overlay-color":"","overlay-opacity":"","overlay-gradient":""},"mobile":{"background-color":"","background-image":"","background-repeat":"repeat","background-position":"center center","background-size":"auto","background-attachment":"scroll","background-type":"","background-media":"","overlay-type":"","overlay-color":"","overlay-opacity":"","overlay-gradient":""}},"ast-content-background-meta":{"desktop":{"background-color":"var(--ast-global-color-5)","background-image":"","background-repeat":"repeat","background-position":"center center","background-size":"auto","background-attachment":"scroll","background-type":"","background-media":"","overlay-type":"","overlay-color":"","overlay-opacity":"","overlay-gradient":""},"tablet":{"background-color":"var(--ast-global-color-5)","background-image":"","background-repeat":"repeat","background-position":"center center","background-size":"auto","background-attachment":"scroll","background-type":"","background-media":"","overlay-type":"","overlay-color":"","overlay-opacity":"","overlay-gradient":""},"mobile":{"background-color":"var(--ast-global-color-5)","background-image":"","background-repeat":"repeat","background-position":"center center","background-size":"auto","background-attachment":"scroll","background-type":"","background-media":"","overlay-type":"","overlay-color":"","overlay-opacity":"","overlay-gradient":""}},"_glsr_average":0,"_glsr_ranking":0,"_glsr_reviews":0},"product_brand":[1584],"product_cat":[208,239,204,449],"product_tag":[214,1881],"class_list":{"0":"post-72600","1":"product","2":"type-product","3":"status-publish","4":"has-post-thumbnail","6":"product_brand-louis-vuitton","7":"product_cat-handtaschen","8":"product_cat-louis-vuitton","9":"product_cat-umhaengetaschen","10":"product_cat-bald-wieder-da","11":"product_tag-louis-vuitton","12":"product_tag-louis-vuitton-lockme-ever-mini","13":"desktop-align-left","14":"tablet-align-left","15":"mobile-align-left","16":"ast-product-gallery-layout-first-image-large","17":"ast-magnify-disabled","18":"ast-product-tabs-layout-accordion","20":"first","21":"outofstock","22":"purchasable","23":"product-type-simple"},"spectra_custom_meta":{"copied_media_ids":["a:0:{}","a:0:{}"],"referenced_media_ids":["a:17:{i:0;i:65598;i:1;i:65669;i:2;i:65604;i:3;i:65600;i:4;i:65582;i:5;i:65568;i:6;i:65586;i:7;i:65594;i:8;i:65576;i:9;i:65570;i:10;i:65578;i:11;i:65574;i:12;i:65590;i:13;i:65572;i:14;i:65580;i:15;i:65584;i:16;i:65596;}","a:17:{i:0;i:65598;i:1;i:65669;i:2;i:65604;i:3;i:65600;i:4;i:65582;i:5;i:65568;i:6;i:65586;i:7;i:65594;i:8;i:65576;i:9;i:65570;i:10;i:65578;i:11;i:65574;i:12;i:65590;i:13;i:65572;i:14;i:65580;i:15;i:65584;i:16;i:65596;}"],"_regular_price":["2290"],"total_sales":["1"],"_tax_status":["none"],"_tax_class":[""],"_manage_stock":["yes"],"_backorders":["no"],"_sold_individually":["no"],"_virtual":["no"],"_downloadable":["no"],"_product_image_gallery":["65669,65604,65600,65582,65568,65586,65594,65576,65570,65578,65574,65590,65572,65580,65584,65596"],"_download_limit":["-1"],"_download_expiry":["-1"],"_thumbnail_id":["65598"],"_stock":["0"],"_stock_status":["outofstock"],"_wc_average_rating":[0],"_wc_review_count":["0"],"_product_attributes":["a:3:{s:8:\"pa_brand\";a:7:{s:4:\"name\";s:8:\"pa_brand\";s:5:\"value\";s:0:\"\";s:8:\"position\";i:0;s:10:\"is_visible\";i:0;s:12:\"is_variation\";i:1;s:11:\"is_taxonomy\";i:1;s:16:\"checkout_visible\";i:0;}s:9:\"pa_gender\";a:7:{s:4:\"name\";s:9:\"pa_gender\";s:5:\"value\";s:0:\"\";s:8:\"position\";i:1;s:10:\"is_visible\";i:0;s:12:\"is_variation\";i:1;s:11:\"is_taxonomy\";i:1;s:16:\"checkout_visible\";i:0;}s:8:\"pa_color\";a:7:{s:4:\"name\";s:8:\"pa_color\";s:5:\"value\";s:0:\"\";s:8:\"position\";i:2;s:10:\"is_visible\";i:0;s:12:\"is_variation\";i:1;s:11:\"is_taxonomy\";i:1;s:16:\"checkout_visible\";i:0;}}"],"_product_version":["10.4.2"],"_price":["2290"],"_wpml_media_featured":["1","1","1","1","1","1","1","1"],"_wpml_media_duplicate":["1","1","1","1","1","1","1","1"],"_wpml_word_count":["189"],"_wpml_location_migration_done":["1"],"_fusion":["a:3:{s:17:\"slider_visibility\";s:51:\"small-visibility,medium-visibility,large-visibility\";s:11:\"slider_type\";s:2:\"no\";s:9:\"wooslider\";s:1:\"0\";}"],"rank_math_seo_score":["69"],"rank_math_focus_keyword":["louis vuitton"],"_purchase_price_field":["1575"],"_internal_warehouse_number_field":["P5-1051-K"],"_unit":[""],"_unit_base":[""],"_unit_product":[""],"_unit_price_auto":["no"],"_unit_price_regular":[""],"_unit_price":[""],"_unit_price_sale":[""],"_sale_price_label":[""],"_sale_price_regular_label":[""],"_mini_desc":["Louis Vuitton Lockme Ever Mini Greige"],"_defect_description":[""],"_allergen_ids":["a:0:{}"],"_warranty_attachment_id":[""],"_min_age":[""],"_ts_gtin":[""],"_ts_mpn":[""],"_delivery_time_countries":["a:0:{}"],"_free_shipping":["no"],"_service":["no"],"_photovoltaic_system":["no"],"_used_good":["yes"],"_defective_copy":["no"],"_is_food":["no"],"_differential_taxation":["yes"],"_gzd_version":["3.20.4"],"_hs_code":[""],"_manufacture_country":[""],"_rank_math_gtin_code":[""],"_fusion_google_fonts":[""],"fusion_builder_status":["active"],"rank_math_primary_product_cat":["0"],"_wcml_custom_prices_status":["0"],"avada_post_views_count":["15"],"avada_today_post_views_count":["2"],"avada_post_views_count_today_date":["10-04-2023"],"yikes_woo_products_tabs":["a:2:{i:0;a:3:{s:5:\"title\";s:21:\"Weitere Informationen\";s:2:\"id\";s:21:\"weitere-informationen\";s:7:\"content\";s:372:\"<strong>Material au\u00dfen:<\/strong> Genarbtes Kalbsleder im Farbton Greige\r\n<strong>Material innen: <\/strong>Mikrofaserinnenfutter in Rosa\r\n<strong>Ma\u00dfe:<\/strong> (B) 23 x (H) 17 x (T) 10 cm\r\n<strong>Date Code: <\/strong>RFID Chip\r\n<strong>SKU:<\/strong> M21052\r\n<strong>Lieferumfang:<\/strong> Louis Vuitton Staubbeutel, Box, Taschen Organizer und Entrupy Echtheitszertifikat\";}i:1;a:3:{s:5:\"title\";s:7:\"Zustand\";s:2:\"id\";s:7:\"zustand\";s:7:\"content\";s:306:\"<strong>Gesamtzustand: <\/strong>Sehr gut\r\n<strong>Leder: <\/strong>Minimale Gebrauchsspuren\r\n<strong>Verschluss: <\/strong>Schlie\u00dft gut\r\n<strong>Schulterkette:<\/strong> Leichte Gebrauchsspuren\r\n<strong>Hardware: <\/strong>Leichte Gebrauchsspuren an der Schlie\u00dfe vorhanden\r\n<strong>Innenraum: <\/strong>Sauber\";}}"],"_deposit_type":[""],"_nutrient_ids":["a:0:{}"],"_nutrient_reference_value":["100g"],"_ingredients":[""],"_nutri_score":[""],"_alcohol_content":[""],"_drained_weight":[""],"_net_filling_quantity":[""],"_food_distributor":[""],"_food_description":[""],"_food_place_of_origin":[""],"_deposit_quantity":[""],"site-sidebar-layout":["default"],"site-content-layout":["default"],"theme-transparent-header-meta":["default"],"stick-header-meta":["default"],"_wp_old_date":["2023-04-09","2023-07-04","2023-05-04","2023-07-12"],"_pys_conversion_label_settings":["a:3:{s:6:\"enable\";b:0;s:5:\"label\";s:0:\"\";s:2:\"id\";s:14:\"AW-11184563350\";}"],"_pys_super_pack_cpt_url":[""],"_pys_super_pack_cpt_condition":["only"],"_pys_super_pack_cpt_cart":["hidden"],"_woosea_brand":[""],"_woosea_mpn":[""],"_woosea_upc":[""],"_woosea_ean":[""],"_woosea_gtin":[""],"_woosea_color":[""],"_woosea_size":[""],"_woosea_gender":[""],"_woosea_material":[""],"_woosea_pattern":[""],"_woosea_optimized_title":[""],"_woosea_unit_pricing_measure":[""],"_woosea_unit_pricing_base_measure":[""],"_woosea_condition":[""],"_woosea_age_group":["adult"],"_woosea_installment_months":[""],"_woosea_installment_amount":[""],"_woosea_exclude_product":["no"],"_woosea_cost_of_good_sold":[""],"_woosea_multipack":[""],"_woosea_is_bundle":[""],"_woosea_energy_efficiency_class":[""],"_woosea_min_energy_efficiency_class":[""],"_woosea_max_energy_efficiency_class":[""],"_woosea_is_promotion":[""],"_woosea_custom_field_0":[""],"_woosea_custom_field_1":[""],"_woosea_custom_field_2":[""],"_woosea_custom_field_3":[""],"_woosea_custom_field_4":[""],"_pys_head_footer":["a:7:{s:14:\"disable_global\";b:0;s:8:\"head_any\";s:0:\"\";s:12:\"head_desktop\";s:0:\"\";s:11:\"head_mobile\";s:0:\"\";s:10:\"footer_any\";s:0:\"\";s:14:\"footer_desktop\";s:0:\"\";s:13:\"footer_mobile\";s:0:\"\";}"],"_customs_description":[""],"_is_non_returnable":["no"],"_wpml_media_has_media":["1"],"litespeed_vpi_list_mobile":["a:2:{i:0;s:8:\"logo.png\";i:1;s:80:\"Louis-Vuitton-Metis-Rose-Poudre-vorn-schulterriemen-2023-0271-scaled-500x500.jpg\";}"],"_internal_date_code":[""],"_internal_product_origin":[""],"ast-site-content-layout":["default"],"site-content-style":["default"],"site-sidebar-style":["default"],"litespeed_vpi_list":["a:5:{i:0;s:8:\"logo.png\";i:1;s:6:\"de.png\";i:2;s:80:\"Louis-Vuitton-Metis-Rose-Poudre-vorn-schulterriemen-2023-0271-scaled-500x500.jpg\";i:3;s:35:\"three-o-clock-clock-svgrepo-com.svg\";i:4;s:23:\"authentic_black_100.png\";}"],"_product_rating":["A"],"rank_math_robots":["a:1:{i:0;s:5:\"index\";}"],"_customer_view":["3"],"_custom_view_last_updated":["2025-12-20 11:30:15"],"_not_in_inventory_checkbox":[""],"_custom_html_content":[""],"_product_shipping_weight":["1kg"],"_manufacturer_slug":["lvmh-moet-hennessy-louis-vuitton-se"],"_safety_attachment_ids":["a:0:{}"],"_zettle_product_cat_id":[""],"_shipping_length":[""],"_shipping_width":[""],"_shipping_height":[""],"_nickx_video_text_url":["a:1:{i:0;s:0:\"\";}"],"_nickx_product_video_type":["a:1:{i:0;s:23:\"nickx_video_url_youtube\";}"],"_nickx_product_video_thumb_ids":["a:1:{i:0;s:0:\"\";}"],"_product_available_from_field":["2025-12-12T19:00"],"_safety_instructions":[""],"_product_reserve_till_field":["2025-12-20T14:00"],"similar_product_key":["1747132357"],"sib_push_meta_box_present":["1"],"sib_push_send_notification":["0"],"sib_push_target_segment_ids":["@ALL"],"_wireless_electronic_device":["no"],"_device_contains_power_supply":["no"],"_device_charging_supports_usb_pd":["no"],"_device_charging_watt_min":["0"],"_device_charging_watt_max":["0"],"rank_math_primary_product_brand":["1584"],"_ame_cpe_post_policy":["{\"accessProtection\":{\"active\":\"replace\"}}"],"_gdrive_field":["https:\/\/drive.google.com\/drive\/u\/1\/folders\/1PeH9dm_DSilJieM1T1RcX8sIDDwZg3UM"],"_wpml_post_translation_editor_native":["no"],"_izettle_barcode":[""],"_izettle_nosync":[""],"_izettle_cost_price":[""],"_izettle_special_price":[""],"_izettle_product_name":[""],"_izettle_image_lookup_key":["3kyncy1cEe-udXp3qLWasA-_EwoPXjgEfCEqoOyza8esQ"],"woocommerce_izettle_product_uuid":["fc4f0c84-78e0-11f0-a377-353536383939"],"woocommerce_izettle_variant_uuid":["fc4f2af2-78e0-11f0-9015-353536383939"],"_izettle_updated":["1755237603"],"_sku":["P5-1051-K"],"_edit_lock":["1766222510:4"],"_edit_last":["4"],"sib_push_send_notification_delay_seconds":["0"],"_is_non_alcoholic":["no"],"_mid_code":[""],"_ship_separately_via":[""],"_shipping_weight":[""],"last_permotional_email_sent_on":["16.12.2025 08:17"],"_product_reserve_add_cart_link_key":["QanEgpRcNFPuZfSehtJKDjsmOXMVzoBLWTdvxIkbwrCYHqUGiyAl1766133383"],"astra-migrate-meta-layouts":["set"],"_wcml_average_rating":[null],"_wcml_review_count":[null],"_wcml_rating_count":[null],"rank_math_analytic_object_id":["159"],"rank_math_internal_links_processed":["1"],"_uag_page_assets":["a:9:{s:3:\"css\";s:0:\"\";s:2:\"js\";s:0:\"\";s:18:\"current_block_list\";a:6:{i:0;s:26:\"woocommerce\/filter-wrapper\";i:1;s:24:\"woocommerce\/price-filter\";i:2;s:30:\"woocommerce\/product-categories\";i:3;s:14:\"core\/paragraph\";i:4;s:14:\"core\/shortcode\";i:5;s:11:\"core\/search\";}s:8:\"uag_flag\";b:0;s:11:\"uag_version\";s:10:\"1777326964\";s:6:\"gfonts\";a:0:{}s:10:\"gfonts_url\";s:0:\"\";s:12:\"gfonts_files\";a:0:{}s:14:\"uag_faq_layout\";b:0;}"],"_wc_rating_count":[""]},"uagb_featured_image_src":{"full":["https:\/\/truelangtest.ilovehandbags.com\/wp-content\/uploads\/sites\/3\/Louis-Vuiton-Lockme-Ever-Mini-Greige-0151-01.jpg",2000,1500,false],"thumbnail":["https:\/\/truelangtest.ilovehandbags.com\/wp-content\/uploads\/sites\/3\/Louis-Vuiton-Lockme-Ever-Mini-Greige-0151-01-150x150.jpg",150,150,true],"medium":["https:\/\/truelangtest.ilovehandbags.com\/wp-content\/uploads\/sites\/3\/Louis-Vuiton-Lockme-Ever-Mini-Greige-0151-01-300x300.jpg",300,300,true],"medium_large":["https:\/\/truelangtest.ilovehandbags.com\/wp-content\/uploads\/sites\/3\/Louis-Vuiton-Lockme-Ever-Mini-Greige-0151-01-768x768.jpg",768,768,true],"large":["https:\/\/truelangtest.ilovehandbags.com\/wp-content\/uploads\/sites\/3\/Louis-Vuiton-Lockme-Ever-Mini-Greige-0151-01-1024x1024.jpg",1024,1024,true],"1536x1536":["https:\/\/truelangtest.ilovehandbags.com\/wp-content\/uploads\/sites\/3\/Louis-Vuiton-Lockme-Ever-Mini-Greige-0151-01.jpg",1536,1152,false],"2048x2048":["https:\/\/truelangtest.ilovehandbags.com\/wp-content\/uploads\/sites\/3\/Louis-Vuiton-Lockme-Ever-Mini-Greige-0151-01.jpg",2000,1500,false],"woocommerce_thumbnail":["https:\/\/truelangtest.ilovehandbags.com\/wp-content\/uploads\/sites\/3\/Louis-Vuiton-Lockme-Ever-Mini-Greige-0151-01-500x500.jpg",500,500,true],"woocommerce_single":["https:\/\/truelangtest.ilovehandbags.com\/wp-content\/uploads\/sites\/3\/Louis-Vuiton-Lockme-Ever-Mini-Greige-0151-01-500x500.jpg",500,500,true],"woocommerce_gallery_thumbnail":["https:\/\/truelangtest.ilovehandbags.com\/wp-content\/uploads\/sites\/3\/Louis-Vuiton-Lockme-Ever-Mini-Greige-0151-01-100x100.jpg",100,100,true]},"uagb_author_info":{"display_name":"ILoveHandbags","author_link":"https:\/\/truelangtest.ilovehandbags.com\/de\/author\/"},"uagb_comment_info":0,"uagb_excerpt":"Entdecke mit der Louis Vuitton Lockme Ever Mini in edlem Greige ein wahres Schmuckst\u00fcck, das deinen Look auf elegante Weise abrundet. Das feink\u00f6rnige Kalbsleder verleiht der Tasche eine luxuri\u00f6se Haptik, w\u00e4hrend die klaren, femininen Linien und das ikonische LV-Schloss f\u00fcr einen stilvollen Auftritt sorgen \u2013 ob tags\u00fcber im Alltag oder am Abend beim Ausgehen. Der&hellip;","_links":{"self":[{"href":"https:\/\/truelangtest.ilovehandbags.com\/de\/wp-json\/wp\/v2\/product\/72600","targetHints":{"allow":["GET"]}}],"collection":[{"href":"https:\/\/truelangtest.ilovehandbags.com\/de\/wp-json\/wp\/v2\/product"}],"about":[{"href":"https:\/\/truelangtest.ilovehandbags.com\/de\/wp-json\/wp\/v2\/types\/product"}],"wp:featuredmedia":[{"embeddable":true,"href":"https:\/\/truelangtest.ilovehandbags.com\/de\/wp-json\/wp\/v2\/media\/65598"}],"wp:attachment":[{"href":"https:\/\/truelangtest.ilovehandbags.com\/de\/wp-json\/wp\/v2\/media?parent=72600"}],"wp:term":[{"taxonomy":"product_brand","embeddable":true,"href":"https:\/\/truelangtest.ilovehandbags.com\/de\/wp-json\/wp\/v2\/product_brand?post=72600"},{"taxonomy":"product_cat","embeddable":true,"href":"https:\/\/truelangtest.ilovehandbags.com\/de\/wp-json\/wp\/v2\/product_cat?post=72600"},{"taxonomy":"product_tag","embeddable":true,"href":"https:\/\/truelangtest.ilovehandbags.com\/de\/wp-json\/wp\/v2\/product_tag?post=72600"}],"curies":[{"name":"wp","href":"https:\/\/api.w.org\/{rel}","templated":true}]}}