{"id":73756,"date":"2026-01-12T09:59:53","date_gmt":"2026-01-12T08:59:53","guid":{"rendered":"https:\/\/ilovehandbags.com\/?post_type=product&#038;p=73756"},"modified":"2026-04-21T12:36:01","modified_gmt":"2026-04-21T10:36:01","slug":"louis-vuitton-lumineuse-1077","status":"publish","type":"product","link":"https:\/\/truelangtest.ilovehandbags.com\/de\/louis-vuitton-lumineuse-1077\/","title":{"rendered":"Louis Vuitton Lumineuse Empreinte"},"content":{"rendered":"","protected":false},"excerpt":{"rendered":"<p data-start=\"266\" data-end=\"677\">Die Louis Vuitton Lumineuse Empreinte in Dunkelblau (Bleu Nuit) ist eine elegante und zugleich au\u00dfergew\u00f6hnliche Designerhandtasche, die luxuri\u00f6se Zur\u00fcckhaltung mit markentypischer Raffinesse verbindet. Gefertigt aus hochwertigem Louis Vuitton Monogram Empreinte Leder, \u00fcberzeugt dieses Modell durch seine weiche Haptik, die dezente Pr\u00e4gung des ikonischen Monogramms und eine besonders edle Ausstrahlung. Die tiefe, dunkelblaue Farbgebung verleiht der Tasche eine zeitlose Eleganz und macht sie zu einer stilvollen Alternative zu klassischen schwarzen Modellen. Je nach Lichteinfall wirkt das Bleu Nuit mal intensiv, mal weich und verleiht der Lumineuse Empreinte eine besondere Tiefe. Goldfarbene Details und die fein gearbeiteten Lederpartien unterstreichen den luxuri\u00f6sen Charakter dieser Tasche. Die Louis Vuitton Lumineuse Empreinte wurde als komfortable Schultertasche konzipiert und l\u00e4sst sich angenehm tragen. Ihre gro\u00dfz\u00fcgige Form bietet ausreichend Platz f\u00fcr alle wichtigen Essentials und macht sie zu einem idealen Begleiter f\u00fcr den Alltag, das B\u00fcro oder besondere Anl\u00e4sse. Das hochwertige Innenfutter und die durchdachte Innenaufteilung sorgen f\u00fcr \u00dcbersicht und Funktionalit\u00e4t, w\u00e4hrend der sichere Verschluss den Inhalt zuverl\u00e4ssig sch\u00fctzt.<\/p>\n","protected":false},"featured_media":73761,"template":"","meta":{"_uag_custom_page_level_css":"","site-sidebar-layout":"default","site-content-layout":"default","ast-site-content-layout":"default","site-content-style":"default","site-sidebar-style":"default","ast-global-header-display":"","ast-banner-title-visibility":"","ast-main-header-display":"","ast-hfb-above-header-display":"","ast-hfb-below-header-display":"","ast-hfb-mobile-header-display":"","site-post-title":"","ast-breadcrumbs-content":"","ast-featured-img":"","footer-sml-layout":"","ast-disable-related-posts":"","theme-transparent-header-meta":"default","adv-header-id-meta":"","stick-header-meta":"default","header-above-stick-meta":"","header-main-stick-meta":"","header-below-stick-meta":"","astra-migrate-meta-layouts":"set","ast-page-background-enabled":"default","ast-page-background-meta":{"desktop":{"background-color":"var(--ast-global-color-4)","background-image":"","background-repeat":"repeat","background-position":"center center","background-size":"auto","background-attachment":"scroll","background-type":"","background-media":"","overlay-type":"","overlay-color":"","overlay-opacity":"","overlay-gradient":""},"tablet":{"background-color":"","background-image":"","background-repeat":"repeat","background-position":"center center","background-size":"auto","background-attachment":"scroll","background-type":"","background-media":"","overlay-type":"","overlay-color":"","overlay-opacity":"","overlay-gradient":""},"mobile":{"background-color":"","background-image":"","background-repeat":"repeat","background-position":"center center","background-size":"auto","background-attachment":"scroll","background-type":"","background-media":"","overlay-type":"","overlay-color":"","overlay-opacity":"","overlay-gradient":""}},"ast-content-background-meta":{"desktop":{"background-color":"var(--ast-global-color-5)","background-image":"","background-repeat":"repeat","background-position":"center center","background-size":"auto","background-attachment":"scroll","background-type":"","background-media":"","overlay-type":"","overlay-color":"","overlay-opacity":"","overlay-gradient":""},"tablet":{"background-color":"var(--ast-global-color-5)","background-image":"","background-repeat":"repeat","background-position":"center center","background-size":"auto","background-attachment":"scroll","background-type":"","background-media":"","overlay-type":"","overlay-color":"","overlay-opacity":"","overlay-gradient":""},"mobile":{"background-color":"var(--ast-global-color-5)","background-image":"","background-repeat":"repeat","background-position":"center center","background-size":"auto","background-attachment":"scroll","background-type":"","background-media":"","overlay-type":"","overlay-color":"","overlay-opacity":"","overlay-gradient":""}},"_glsr_average":0,"_glsr_ranking":0,"_glsr_reviews":0},"product_brand":[1584],"product_cat":[208,239,447,205,204],"product_tag":[214,1979],"class_list":{"0":"post-73756","1":"product","2":"type-product","3":"status-publish","4":"has-post-thumbnail","6":"product_brand-louis-vuitton","7":"product_cat-handtaschen","8":"product_cat-louis-vuitton","9":"product_cat-sale","10":"product_cat-tragetaschen","11":"product_cat-umhaengetaschen","12":"product_tag-louis-vuitton","13":"product_tag-louis-vuitton-trocadero","14":"desktop-align-left","15":"tablet-align-left","16":"mobile-align-left","17":"ast-product-gallery-layout-first-image-large","18":"ast-magnify-disabled","19":"ast-product-tabs-layout-accordion","21":"first","22":"instock","23":"sale","24":"sold-individually","25":"purchasable","26":"product-type-simple"},"spectra_custom_meta":{"copied_media_ids":["a:0:{}","a:0:{}","a:0:{}"],"referenced_media_ids":["a:18:{i:0;i:73761;i:1;i:73778;i:2;i:73777;i:3;i:73759;i:4;i:73766;i:5;i:73758;i:6;i:73775;i:7;i:73770;i:8;i:73771;i:9;i:73776;i:10;i:73760;i:11;i:73767;i:12;i:73768;i:13;i:73762;i:14;i:73774;i:15;i:73763;i:16;i:73764;i:17;i:73765;}","a:18:{i:0;i:73761;i:1;i:73778;i:2;i:73777;i:3;i:73759;i:4;i:73766;i:5;i:73758;i:6;i:73775;i:7;i:73770;i:8;i:73771;i:9;i:73776;i:10;i:73760;i:11;i:73767;i:12;i:73768;i:13;i:73762;i:14;i:73774;i:15;i:73763;i:16;i:73764;i:17;i:73765;}","a:18:{i:0;i:73761;i:1;i:73778;i:2;i:73777;i:3;i:73759;i:4;i:73766;i:5;i:73758;i:6;i:73775;i:7;i:73770;i:8;i:73771;i:9;i:73776;i:10;i:73760;i:11;i:73767;i:12;i:73768;i:13;i:73762;i:14;i:73774;i:15;i:73763;i:16;i:73764;i:17;i:73765;}"],"_regular_price":["920"],"total_sales":["0"],"_tax_status":["none"],"_tax_class":[""],"_manage_stock":["yes"],"_backorders":["no"],"_sold_individually":["yes"],"_crosssell_ids":["a:2:{i:0;i:22130;i:1;i:21887;}"],"_virtual":["no"],"_downloadable":["no"],"_product_image_gallery":["73778,73777,73759,73766,73758,73775,73770,73771,73776,73760,73767,73768,73762,73774,73763,73764,73765"],"_download_limit":["-1"],"_download_expiry":["-1"],"_thumbnail_id":["73761"],"_stock":["1"],"_stock_status":["instock"],"_wc_average_rating":[0],"_wc_review_count":["0"],"_product_attributes":["a:2:{s:8:\"pa_color\";a:7:{s:4:\"name\";s:8:\"pa_color\";s:5:\"value\";s:0:\"\";s:8:\"position\";i:1;s:10:\"is_visible\";i:0;s:12:\"is_variation\";i:1;s:11:\"is_taxonomy\";i:1;s:16:\"checkout_visible\";i:0;}s:9:\"pa_gender\";a:7:{s:4:\"name\";s:9:\"pa_gender\";s:5:\"value\";s:0:\"\";s:8:\"position\";i:2;s:10:\"is_visible\";i:0;s:12:\"is_variation\";i:1;s:11:\"is_taxonomy\";i:1;s:16:\"checkout_visible\";i:0;}}"],"_product_version":["10.7.0"],"_price":["790"],"_not_in_inventory_checkbox":["",""],"_wpml_media_featured":["1","1","1","1","1","1","1","1","1"],"_wpml_media_duplicate":["1","1","1","1","1","1","1","1","1"],"_wpml_word_count":["228"],"_wpml_location_migration_done":["1"],"_fusion":["a:3:{s:17:\"slider_visibility\";s:51:\"small-visibility,medium-visibility,large-visibility\";s:11:\"slider_type\";s:2:\"no\";s:9:\"wooslider\";s:1:\"0\";}"],"rank_math_seo_score":["83"],"rank_math_focus_keyword":["Louis Vuitton"],"_purchase_price_field":["475"],"_internal_warehouse_number_field":["P6-1077"],"_unit":[""],"_unit_base":[""],"_unit_product":[""],"_unit_price_auto":["no"],"_unit_price_regular":[""],"_unit_price":[""],"_unit_price_sale":[""],"_sale_price_label":[""],"_sale_price_regular_label":[""],"_mini_desc":["Louis Vuitton Lumineuse Empreinte"],"_defect_description":[""],"_allergen_ids":["a:0:{}"],"_warranty_attachment_id":[""],"_min_age":[""],"_ts_gtin":[""],"_ts_mpn":[""],"_delivery_time_countries":["a:0:{}"],"_free_shipping":["no"],"_service":["no"],"_photovoltaic_system":["no"],"_used_good":["yes"],"_defective_copy":["no"],"_is_food":["no"],"_differential_taxation":["yes"],"_gzd_version":["4.0.3"],"_hs_code":[""],"_manufacture_country":[""],"_rank_math_gtin_code":[""],"_fusion_google_fonts":[""],"fusion_builder_status":["active"],"rank_math_primary_product_cat":["0"],"_wcml_custom_prices_status":["1"],"avada_post_views_count":["22"],"avada_today_post_views_count":["1"],"avada_post_views_count_today_date":["14-04-2023"],"_sale_price_dates_to_USD":[""],"_sale_price_dates_from_USD":[""],"_sale_price_USD":[""],"_regular_price_USD":[""],"_wcml_schedule_USD":["0"],"_deposit_type":[""],"_nutrient_ids":["a:0:{}"],"_nutrient_reference_value":["100g"],"_ingredients":[""],"_nutri_score":[""],"_alcohol_content":[""],"_drained_weight":[""],"_net_filling_quantity":[""],"_food_distributor":[""],"_food_description":[""],"_food_place_of_origin":[""],"_deposit_quantity":[""],"yikes_woo_products_tabs":["a:2:{i:0;a:3:{s:5:\"title\";s:21:\"Weitere Informationen\";s:2:\"id\";s:21:\"weitere-informationen\";s:7:\"content\";s:660:\"<strong>Material au\u00dfen:<\/strong> Empreinte Leder im Farbton Bleu Nuit (Dunkelblau)\r\n<strong style=\"font-size: 16px;\">Material innen: <\/strong>Blaues Textilinnenfutter<span style=\"font-size: 16px;\">\r\n<\/span><strong style=\"font-size: 16px;\">Ma\u00dfe:<\/strong><span style=\"font-size: 16px;\"> (B) 34 x (H) 28 x (T) 17 cm\r\n<strong>L\u00e4nge Schulterriemen: <\/strong>81-92 cm\r\n<\/span><strong style=\"font-size: 16px;\">Date Code \/ Herstellungsjahr:<\/strong> VI4111 \/ 2011<span style=\"font-size: 16px;\">\r\n<\/span><strong style=\"font-size: 16px;\">Lieferumfang: <\/strong>Louis Vuitton<span style=\"font-size: 16px;\"> Staubbeutel, Schulterriemen, Schloss (ohne Schl\u00fcssel)<\/span>\";}i:1;a:3:{s:5:\"title\";s:7:\"Zustand\";s:2:\"id\";s:7:\"zustand\";s:7:\"content\";s:406:\"<strong>Gesamtzustand: <\/strong>Sehr gut\r\n<strong>Leder:<\/strong> Intakt, vereinzelt mit leichten Gebrauchsspuren sowie modellbedingtem leichtem Abrieb\/oberfl\u00e4chige Besch\u00e4digungen an der Br\u00fcnierung\r\n<strong>Ecken: <\/strong>Leichter Abrieb vorhanden\r\n<strong>Hardware: <\/strong>Leichte Gebrauchsspuren vorhanden\r\n<strong>Verschluss: <\/strong>Schlie\u00dft gut\r\n<strong>Innenraum: <\/strong>Sauber und gepflegt\";}}"],"site-sidebar-layout":["default"],"site-content-layout":["default"],"theme-transparent-header-meta":["default"],"stick-header-meta":["default"],"_yith_wcwtl_users_list":["a:2:{i:0;s:21:\"sriedel1105@gmail.com\";i:1;s:15:\"akhan@sysbe.com\";}"],"_default_delivery_time":[""],"rank_math_robots":["a:1:{i:0;s:5:\"index\";}"],"_pys_conversion_label_settings":["a:3:{s:6:\"enable\";b:0;s:5:\"label\";s:0:\"\";s:2:\"id\";s:14:\"AW-11184563350\";}"],"_pys_super_pack_cpt_url":[""],"_pys_super_pack_cpt_condition":["only"],"_pys_super_pack_cpt_cart":["hidden"],"_woosea_brand":[""],"_woosea_mpn":[""],"_woosea_upc":[""],"_woosea_ean":[""],"_woosea_gtin":[""],"_woosea_color":[""],"_woosea_size":[""],"_woosea_gender":[""],"_woosea_material":[""],"_woosea_pattern":[""],"_woosea_optimized_title":[""],"_woosea_unit_pricing_measure":[""],"_woosea_unit_pricing_base_measure":[""],"_woosea_condition":[""],"_woosea_age_group":["adult"],"_woosea_installment_months":[""],"_woosea_installment_amount":[""],"_woosea_exclude_product":["no"],"_woosea_cost_of_good_sold":[""],"_woosea_multipack":[""],"_woosea_is_bundle":[""],"_woosea_energy_efficiency_class":[""],"_woosea_min_energy_efficiency_class":[""],"_woosea_max_energy_efficiency_class":[""],"_woosea_is_promotion":[""],"_woosea_custom_field_0":[""],"_woosea_custom_field_1":[""],"_woosea_custom_field_2":[""],"_woosea_custom_field_3":[""],"_woosea_custom_field_4":[""],"_pys_head_footer":["a:7:{s:14:\"disable_global\";b:0;s:8:\"head_any\";s:0:\"\";s:12:\"head_desktop\";s:0:\"\";s:11:\"head_mobile\";s:0:\"\";s:10:\"footer_any\";s:0:\"\";s:14:\"footer_desktop\";s:0:\"\";s:13:\"footer_mobile\";s:0:\"\";}"],"_customs_description":[""],"_is_non_returnable":["no"],"litespeed_vpi_list_mobile":["a:2:{i:0;s:8:\"logo.png\";i:1;s:75:\"Louis-Vuitton-NeoNoeBB-Summer-by-the-Pool-vorn-2023-0235-scaled-500x500.jpg\";}"],"litespeed_vpi_list":["a:3:{i:0;s:8:\"logo.png\";i:1;s:6:\"de.png\";i:2;s:75:\"Louis-Vuitton-NeoNoeBB-Summer-by-the-Pool-vorn-2023-0235-scaled-500x500.jpg\";}"],"_rank_math_video":["true"],"_internal_date_code":["VI4111"],"_internal_product_origin":["Frankreich"],"_product_rating":["A"],"_wpml_media_has_media":["1"],"_custom_html_content":[""],"ast-site-content-layout":["default"],"site-content-style":["default"],"site-sidebar-style":["default"],"_sale_price_dates_to_CHF":[""],"_sale_price_dates_from_CHF":[""],"_sale_price_CHF":[""],"_regular_price_CHF":[""],"_wcml_schedule_CHF":["0"],"_sale_price_dates_to_GBP":[""],"_sale_price_dates_from_GBP":[""],"_sale_price_GBP":[""],"_regular_price_GBP":[""],"_wcml_schedule_GBP":["0"],"_wp_old_date":["2023-05-01","2023-01-02","2026-01-14"],"_show_in_inventory_checkbox":["yes"],"rank_math_contentai_score":["a:4:{s:9:\"wordCount\";s:4:\"4.07\";s:9:\"linkCount\";s:1:\"0\";s:12:\"headingCount\";s:1:\"0\";s:10:\"mediaCount\";s:3:\"100\";}"],"_product_shipping_weight":["1kg"],"_manufacturer_slug":["lvmh-moet-hennessy-louis-vuitton-se"],"_safety_attachment_ids":["a:0:{}"],"_zettle_product_cat_id":[""],"_shipping_length":[""],"_shipping_width":[""],"_shipping_height":[""],"_nickx_video_text_url":["a:1:{i:0;s:0:\"\";}"],"_nickx_product_video_type":["a:1:{i:0;s:23:\"nickx_video_url_youtube\";}"],"_nickx_product_video_thumb_ids":["a:1:{i:0;s:0:\"\";}"],"similar_product_key":["1741599086"],"_wpml_post_translation_editor_native":["no"],"_product_available_from_field":["2026-01-16T19:00"],"_safety_instructions":[""],"_wireless_electronic_device":["no"],"_device_contains_power_supply":["no"],"_device_charging_supports_usb_pd":["no"],"_device_charging_watt_min":["0"],"_device_charging_watt_max":["0"],"_izettle_barcode":[""],"_izettle_nosync":[""],"_izettle_cost_price":[""],"_izettle_special_price":[""],"_izettle_product_name":[""],"rank_math_primary_product_brand":["1584"],"_product_reserve_till_field":[""],"_customer_view":["2"],"_custom_view_last_updated":["2026-04-25 05:17:15"],"_izettle_image_lookup_key":["3kyncy1cEe-udXp3qLWasA-tiP7QgSgEfCbvVrPnctGRQ"],"woocommerce_izettle_product_uuid":["b627f5a4-04a0-11f0-c087-353536383939"],"woocommerce_izettle_variant_uuid":["b62828b2-04a0-11f0-bff7-353536383939"],"_izettle_updated":["1742564416"],"sib_push_meta_box_present":["1"],"sib_push_send_notification":["0"],"sib_push_target_segment_ids":["@ALL"],"_zettle_barcode":[""],"_ame_cpe_post_policy":["{\"accessProtection\":{\"active\":\"replace\"}}"],"sib_push_send_notification_delay_seconds":["0"],"_is_non_alcoholic":["no"],"_mid_code":[""],"_ship_separately_via":[""],"_shipping_weight":[""],"_product_reserve_add_cart_link_key":["IhtfegWXpMRdjOTDKuZJBQoNVlcYvUqzxHmkSFParysiwnALCbEG1766134625"],"_entrupy_echtheitszertifikat":["yes"],"_sku":["P6-1077"],"_edit_lock":["1776767738:4"],"_gdrive_field":["https:\/\/drive.google.com\/drive\/u\/1\/folders\/1F0_vMj9O-fCQlVi77GvNuvSxvT4Pwfo3"],"_edit_last":["4"],"rank_math_analytic_object_id":["90"],"rank_math_internal_links_processed":["1"],"_sale_price":["790"],"_sale_price_dates_to":["1778536799"],"_wcml_average_rating":[null],"_wcml_review_count":[null],"_wcml_rating_count":[null],"_custom_thumbnail":["a:1:{i:0;s:2:\"no\";}"],"_video_schema":["a:1:{i:0;s:2:\"no\";}"],"_nickx_video_upload_date":["a:1:{i:0;s:0:\"\";}"],"_nickx_video_name":["a:1:{i:0;s:0:\"\";}"],"_nickx_video_description":["a:1:{i:0;s:0:\"\";}"],"astra-migrate-meta-layouts":["set"],"_uag_page_assets":["a:9:{s:3:\"css\";s:0:\"\";s:2:\"js\";s:0:\"\";s:18:\"current_block_list\";a:6:{i:0;s:26:\"woocommerce\/filter-wrapper\";i:1;s:24:\"woocommerce\/price-filter\";i:2;s:30:\"woocommerce\/product-categories\";i:3;s:14:\"core\/paragraph\";i:4;s:14:\"core\/shortcode\";i:5;s:11:\"core\/search\";}s:8:\"uag_flag\";b:0;s:11:\"uag_version\";s:10:\"1777318417\";s:6:\"gfonts\";a:0:{}s:10:\"gfonts_url\";s:0:\"\";s:12:\"gfonts_files\";a:0:{}s:14:\"uag_faq_layout\";b:0;}"],"_wc_rating_count":[""]},"uagb_featured_image_src":{"full":["https:\/\/truelangtest.ilovehandbags.com\/wp-content\/uploads\/sites\/3\/Louis-Vuitton-Lumineuse-Empreinte-1077-18.jpg",2048,1536,false],"thumbnail":["https:\/\/truelangtest.ilovehandbags.com\/wp-content\/uploads\/sites\/3\/Louis-Vuitton-Lumineuse-Empreinte-1077-18-150x150.jpg",150,150,true],"medium":["https:\/\/truelangtest.ilovehandbags.com\/wp-content\/uploads\/sites\/3\/Louis-Vuitton-Lumineuse-Empreinte-1077-18-300x300.jpg",300,300,true],"medium_large":["https:\/\/truelangtest.ilovehandbags.com\/wp-content\/uploads\/sites\/3\/Louis-Vuitton-Lumineuse-Empreinte-1077-18-768x768.jpg",768,768,true],"large":["https:\/\/truelangtest.ilovehandbags.com\/wp-content\/uploads\/sites\/3\/Louis-Vuitton-Lumineuse-Empreinte-1077-18-1024x1024.jpg",1024,1024,true],"1536x1536":["https:\/\/truelangtest.ilovehandbags.com\/wp-content\/uploads\/sites\/3\/Louis-Vuitton-Lumineuse-Empreinte-1077-18.jpg",1536,1152,false],"2048x2048":["https:\/\/truelangtest.ilovehandbags.com\/wp-content\/uploads\/sites\/3\/Louis-Vuitton-Lumineuse-Empreinte-1077-18.jpg",2048,1536,false],"woocommerce_thumbnail":["https:\/\/truelangtest.ilovehandbags.com\/wp-content\/uploads\/sites\/3\/Louis-Vuitton-Lumineuse-Empreinte-1077-18-500x500.jpg",500,500,true],"woocommerce_single":["https:\/\/truelangtest.ilovehandbags.com\/wp-content\/uploads\/sites\/3\/Louis-Vuitton-Lumineuse-Empreinte-1077-18-500x500.jpg",500,500,true],"woocommerce_gallery_thumbnail":["https:\/\/truelangtest.ilovehandbags.com\/wp-content\/uploads\/sites\/3\/Louis-Vuitton-Lumineuse-Empreinte-1077-18-100x100.jpg",100,100,true]},"uagb_author_info":{"display_name":"ILoveHandbags","author_link":"https:\/\/truelangtest.ilovehandbags.com\/de\/author\/"},"uagb_comment_info":0,"uagb_excerpt":"Die Louis Vuitton Lumineuse Empreinte in Dunkelblau (Bleu Nuit) ist eine elegante und zugleich au\u00dfergew\u00f6hnliche Designerhandtasche, die luxuri\u00f6se Zur\u00fcckhaltung mit markentypischer Raffinesse verbindet. Gefertigt aus hochwertigem Louis Vuitton Monogram Empreinte Leder, \u00fcberzeugt dieses Modell durch seine weiche Haptik, die dezente Pr\u00e4gung des ikonischen Monogramms und eine besonders edle Ausstrahlung. Die tiefe, dunkelblaue Farbgebung verleiht der&hellip;","_links":{"self":[{"href":"https:\/\/truelangtest.ilovehandbags.com\/de\/wp-json\/wp\/v2\/product\/73756","targetHints":{"allow":["GET"]}}],"collection":[{"href":"https:\/\/truelangtest.ilovehandbags.com\/de\/wp-json\/wp\/v2\/product"}],"about":[{"href":"https:\/\/truelangtest.ilovehandbags.com\/de\/wp-json\/wp\/v2\/types\/product"}],"wp:featuredmedia":[{"embeddable":true,"href":"https:\/\/truelangtest.ilovehandbags.com\/de\/wp-json\/wp\/v2\/media\/73761"}],"wp:attachment":[{"href":"https:\/\/truelangtest.ilovehandbags.com\/de\/wp-json\/wp\/v2\/media?parent=73756"}],"wp:term":[{"taxonomy":"product_brand","embeddable":true,"href":"https:\/\/truelangtest.ilovehandbags.com\/de\/wp-json\/wp\/v2\/product_brand?post=73756"},{"taxonomy":"product_cat","embeddable":true,"href":"https:\/\/truelangtest.ilovehandbags.com\/de\/wp-json\/wp\/v2\/product_cat?post=73756"},{"taxonomy":"product_tag","embeddable":true,"href":"https:\/\/truelangtest.ilovehandbags.com\/de\/wp-json\/wp\/v2\/product_tag?post=73756"}],"curies":[{"name":"wp","href":"https:\/\/api.w.org\/{rel}","templated":true}]}}