{"id":73834,"date":"2026-01-12T10:00:20","date_gmt":"2026-01-12T09:00:20","guid":{"rendered":"https:\/\/ilovehandbags.com\/?post_type=product&#038;p=73834"},"modified":"2026-02-17T17:01:44","modified_gmt":"2026-02-17T16:01:44","slug":"louis-vuitton-petite-malle-souple-1079","status":"publish","type":"product","link":"https:\/\/truelangtest.ilovehandbags.com\/de\/louis-vuitton-petite-malle-souple-1079\/","title":{"rendered":"Louis Vuitton Petite Malle Souple"},"content":{"rendered":"","protected":false},"excerpt":{"rendered":"<div class=\"flex-shrink-0 flex flex-col relative items-end\">\n<div class=\"pt-0\">\n<div class=\"gizmo-bot-avatar flex h-8 w-8 items-center justify-center overflow-hidden rounded-full\">\n<div class=\"relative p-1 rounded-sm flex items-center justify-center bg-token-main-surface-primary text-token-text-primary h-8 w-8\">\n<p data-start=\"119\" data-end=\"412\">Die Petite Malle Souple von <span class=\"hover:entity-accent entity-underline inline cursor-pointer align-baseline\"><span class=\"whitespace-normal\">Louis Vuitton<\/span><\/span> ist die moderne, weichere Interpretation der ikonischen Trunk-Tasche des Hauses. Sie vereint das klassische Monogram Canvas mit edlem schwarzem Leder und verbindet damit zeitlose Eleganz mit hohem Alltagskomfort. Im Gegensatz zur starren Petite Malle \u00fcberzeugt die Souple durch ihre flexible Form und ihr geringeres Gewicht. Die Tasche tr\u00e4gt sich angenehm und eignet sich ideal f\u00fcr den t\u00e4glichen Gebrauch, ohne auf die charakteristische Trunk-\u00c4sthetik zu verzichten. Die typischen Details wie Metallbeschl\u00e4ge, Ecken und der hochwertige Rei\u00dfverschluss greifen die historische Koffertradition von Louis Vuitton stilvoll auf. Der abnehmbare und verstellbare Schulterriemen erm\u00f6glicht verschiedene Tragevarianten \u2013 ob crossbody oder l\u00e4ssig \u00fcber der Schulter. Im Inneren bietet die Tasche ausreichend Platz f\u00fcr Smartphone, Kartenetui, Schl\u00fcssel und weitere Essentials und bleibt dabei formsch\u00f6n und kompakt. Die Louis Vuitton Petite Malle Souple Monogram mit schwarzem Leder ist eine perfekte Wahl f\u00fcr alle, die das ikonische Design lieben, aber eine leichtere, alltagstaugliche Alternative zur klassischen Box-Bag suchen. Ein zeitloses Statement-Piece mit hohem Wiedererkennungswert und gro\u00dfer Beliebtheit im Pre-Loved-Luxussegment.<\/p>\n<\/div>\n<\/div>\n<\/div>\n<\/div>\n","protected":false},"featured_media":73851,"template":"","meta":{"_uag_custom_page_level_css":"","site-sidebar-layout":"default","site-content-layout":"default","ast-site-content-layout":"default","site-content-style":"default","site-sidebar-style":"default","ast-global-header-display":"","ast-banner-title-visibility":"","ast-main-header-display":"","ast-hfb-above-header-display":"","ast-hfb-below-header-display":"","ast-hfb-mobile-header-display":"","site-post-title":"","ast-breadcrumbs-content":"","ast-featured-img":"","footer-sml-layout":"","ast-disable-related-posts":"","theme-transparent-header-meta":"default","adv-header-id-meta":"","stick-header-meta":"default","header-above-stick-meta":"","header-main-stick-meta":"","header-below-stick-meta":"","astra-migrate-meta-layouts":"set","ast-page-background-enabled":"default","ast-page-background-meta":{"desktop":{"background-color":"var(--ast-global-color-4)","background-image":"","background-repeat":"repeat","background-position":"center center","background-size":"auto","background-attachment":"scroll","background-type":"","background-media":"","overlay-type":"","overlay-color":"","overlay-opacity":"","overlay-gradient":""},"tablet":{"background-color":"","background-image":"","background-repeat":"repeat","background-position":"center center","background-size":"auto","background-attachment":"scroll","background-type":"","background-media":"","overlay-type":"","overlay-color":"","overlay-opacity":"","overlay-gradient":""},"mobile":{"background-color":"","background-image":"","background-repeat":"repeat","background-position":"center center","background-size":"auto","background-attachment":"scroll","background-type":"","background-media":"","overlay-type":"","overlay-color":"","overlay-opacity":"","overlay-gradient":""}},"ast-content-background-meta":{"desktop":{"background-color":"var(--ast-global-color-5)","background-image":"","background-repeat":"repeat","background-position":"center center","background-size":"auto","background-attachment":"scroll","background-type":"","background-media":"","overlay-type":"","overlay-color":"","overlay-opacity":"","overlay-gradient":""},"tablet":{"background-color":"var(--ast-global-color-5)","background-image":"","background-repeat":"repeat","background-position":"center center","background-size":"auto","background-attachment":"scroll","background-type":"","background-media":"","overlay-type":"","overlay-color":"","overlay-opacity":"","overlay-gradient":""},"mobile":{"background-color":"var(--ast-global-color-5)","background-image":"","background-repeat":"repeat","background-position":"center center","background-size":"auto","background-attachment":"scroll","background-type":"","background-media":"","overlay-type":"","overlay-color":"","overlay-opacity":"","overlay-gradient":""}},"_glsr_average":0,"_glsr_ranking":0,"_glsr_reviews":0},"product_brand":[1584],"product_cat":[208,239,205,204,449],"product_tag":[214,2058],"class_list":{"0":"post-73834","1":"product","2":"type-product","3":"status-publish","4":"has-post-thumbnail","6":"product_brand-louis-vuitton","7":"product_cat-handtaschen","8":"product_cat-louis-vuitton","9":"product_cat-tragetaschen","10":"product_cat-umhaengetaschen","11":"product_cat-bald-wieder-da","12":"product_tag-louis-vuitton","13":"product_tag-louis-vuitton-petite-malle-souple","14":"desktop-align-left","15":"tablet-align-left","16":"mobile-align-left","17":"ast-product-gallery-layout-first-image-large","18":"ast-magnify-disabled","19":"ast-product-tabs-layout-accordion","21":"first","22":"outofstock","23":"sold-individually","24":"purchasable","25":"product-type-simple"},"spectra_custom_meta":{"copied_media_ids":["a:0:{}","a:0:{}","a:0:{}"],"referenced_media_ids":["a:17:{i:0;i:73851;i:1;i:73871;i:2;i:73852;i:3;i:73836;i:4;i:73848;i:5;i:73847;i:6;i:73849;i:7;i:73844;i:8;i:73843;i:9;i:73842;i:10;i:73845;i:11;i:73846;i:12;i:73838;i:13;i:73837;i:14;i:73841;i:15;i:73840;i:16;i:73839;}","a:17:{i:0;i:73851;i:1;i:73871;i:2;i:73852;i:3;i:73836;i:4;i:73848;i:5;i:73847;i:6;i:73849;i:7;i:73844;i:8;i:73843;i:9;i:73842;i:10;i:73845;i:11;i:73846;i:12;i:73838;i:13;i:73837;i:14;i:73841;i:15;i:73840;i:16;i:73839;}","a:17:{i:0;i:73851;i:1;i:73871;i:2;i:73852;i:3;i:73836;i:4;i:73848;i:5;i:73847;i:6;i:73849;i:7;i:73844;i:8;i:73843;i:9;i:73842;i:10;i:73845;i:11;i:73846;i:12;i:73838;i:13;i:73837;i:14;i:73841;i:15;i:73840;i:16;i:73839;}"],"_regular_price":["1890"],"total_sales":["1"],"_tax_status":["none"],"_tax_class":[""],"_manage_stock":["yes"],"_backorders":["no"],"_sold_individually":["yes"],"_virtual":["no"],"_downloadable":["no"],"_product_image_gallery":["73871,73852,73836,73848,73847,73849,73844,73843,73842,73845,73846,73838,73837,73841,73840,73839"],"_download_limit":["-1"],"_download_expiry":["-1"],"_thumbnail_id":["73851"],"_stock":["0"],"_stock_status":["outofstock"],"_wc_average_rating":[0],"_wc_review_count":["0"],"_product_attributes":["a:3:{s:8:\"pa_brand\";a:7:{s:4:\"name\";s:8:\"pa_brand\";s:5:\"value\";s:0:\"\";s:8:\"position\";i:0;s:10:\"is_visible\";i:0;s:12:\"is_variation\";i:0;s:11:\"is_taxonomy\";i:1;s:16:\"checkout_visible\";i:0;}s:9:\"pa_gender\";a:7:{s:4:\"name\";s:9:\"pa_gender\";s:5:\"value\";s:0:\"\";s:8:\"position\";i:1;s:10:\"is_visible\";i:0;s:12:\"is_variation\";i:0;s:11:\"is_taxonomy\";i:1;s:16:\"checkout_visible\";i:0;}s:8:\"pa_color\";a:7:{s:4:\"name\";s:8:\"pa_color\";s:5:\"value\";s:0:\"\";s:8:\"position\";i:2;s:10:\"is_visible\";i:0;s:12:\"is_variation\";i:0;s:11:\"is_taxonomy\";i:1;s:16:\"checkout_visible\";i:0;}}"],"_product_version":["10.5.1"],"_price":["1890"],"_wpml_media_featured":["1","1","1","1","1","1","1","1"],"_wpml_media_duplicate":["1","1","1","1","1","1","1","1"],"_wpml_word_count":["230"],"_wpml_location_migration_done":["1"],"_fusion":["a:3:{s:17:\"slider_visibility\";s:51:\"small-visibility,medium-visibility,large-visibility\";s:11:\"slider_type\";s:2:\"no\";s:9:\"wooslider\";s:1:\"0\";}"],"rank_math_seo_score":["78"],"rank_math_focus_keyword":["Louis Vuitton"],"_purchase_price_field":["1100"],"_internal_warehouse_number_field":["P6-1079"],"_unit":[""],"_unit_base":[""],"_unit_product":[""],"_unit_price_auto":["no"],"_unit_price_regular":[""],"_unit_price":[""],"_unit_price_sale":[""],"_sale_price_label":[""],"_sale_price_regular_label":[""],"_mini_desc":["Louis Vuitton Petite Malle Souple"],"_defect_description":[""],"_allergen_ids":["a:0:{}"],"_warranty_attachment_id":[""],"_min_age":[""],"_ts_gtin":[""],"_ts_mpn":[""],"_delivery_time_countries":["a:0:{}"],"_free_shipping":["no"],"_service":["no"],"_photovoltaic_system":["no"],"_used_good":["yes"],"_defective_copy":["no"],"_is_food":["no"],"_differential_taxation":["yes"],"_gzd_version":["3.20.4"],"_hs_code":[""],"_manufacture_country":[""],"_rank_math_gtin_code":[""],"_fusion_google_fonts":[""],"fusion_builder_status":["active"],"rank_math_primary_product_cat":["0"],"_wcml_custom_prices_status":["0"],"avada_post_views_count":["15"],"avada_today_post_views_count":["2"],"avada_post_views_count_today_date":["10-04-2023"],"yikes_woo_products_tabs":["a:2:{i:0;a:3:{s:5:\"title\";s:21:\"Weitere Informationen\";s:2:\"id\";s:21:\"weitere-informationen\";s:7:\"content\";s:491:\"<strong>Material au\u00dfen: <\/strong>Beschichtetes Monogram Canvas mit schwarem Rindsleder und goldfarbener Hardware\r\n<strong>Material innen: <\/strong>Schwarzes Textilinnenfutter\r\n<strong>Material Schulterriemen:\u00a0 <\/strong>Textil\r\n<strong>Ma\u00dfe:<\/strong> 20 x 14 x 7,5 cm\r\n<strong>Date Code: <\/strong>Chip\r\n<strong>SKU: <\/strong>M45571\r\n<strong>Lieferumfang:<\/strong> Louis Vuitton Staubbeutel, Schulterriemen, Taschenkette, Luggage Tag sowie 2 Echtheitszertifikate von Entrupy und LegitGrails\";}i:1;a:3:{s:5:\"title\";s:7:\"Zustand\";s:2:\"id\";s:7:\"zustand\";s:7:\"content\";s:914:\"<strong data-start=\"0\" data-end=\"18\" data-is-only-node=\"\">Gesamtzustand:<\/strong> Sehr gut<br data-start=\"35\" data-end=\"38\" \/><strong data-start=\"38\" data-end=\"49\">Canvas:<\/strong> Intakt mit minimalen Gebrauchsspuren<br data-start=\"172\" data-end=\"175\" \/><strong data-start=\"175\" data-end=\"194\">Leder:<\/strong> Leichte Gebrauchsspuren, vereinzelt leichter Abrieb an den Ecken<br data-start=\"219\" data-end=\"222\" \/><strong data-start=\"222\" data-end=\"256\">Verschluss und Rei\u00dfverschluss:<\/strong> Funktionieren einwandfrei.<br data-start=\"283\" data-end=\"286\" \/><strong data-start=\"286\" data-end=\"305\">Schulterriemen:<\/strong> Minimale Gebrauchsspuren<br data-start=\"330\" data-end=\"333\" \/><strong data-start=\"333\" data-end=\"346\">Hardware:<\/strong> Minimale Gebrauchsspuren vorhanden.<br data-start=\"380\" data-end=\"383\" \/><strong data-start=\"383\" data-end=\"397\">Innenraum:<\/strong> Sauber, mit leichten Gebrauchsspuren.\";}}"],"_deposit_type":[""],"_nutrient_ids":["a:0:{}"],"_nutrient_reference_value":["100g"],"_ingredients":[""],"_nutri_score":[""],"_alcohol_content":[""],"_drained_weight":[""],"_net_filling_quantity":[""],"_food_distributor":[""],"_food_description":[""],"_food_place_of_origin":[""],"_deposit_quantity":[""],"site-sidebar-layout":["default"],"site-content-layout":["default"],"theme-transparent-header-meta":["default"],"stick-header-meta":["default"],"_wp_old_date":["2023-04-09","2023-07-21","2023-10-20","2023-12-07","2024-01-08","2026-01-14"],"_pys_conversion_label_settings":["a:3:{s:6:\"enable\";b:0;s:5:\"label\";s:0:\"\";s:2:\"id\";s:14:\"AW-11184563350\";}"],"_pys_super_pack_cpt_url":[""],"_pys_super_pack_cpt_condition":["only"],"_pys_super_pack_cpt_cart":["hidden"],"_woosea_brand":[""],"_woosea_mpn":[""],"_woosea_upc":[""],"_woosea_ean":[""],"_woosea_gtin":[""],"_woosea_color":[""],"_woosea_size":[""],"_woosea_gender":[""],"_woosea_material":[""],"_woosea_pattern":[""],"_woosea_optimized_title":[""],"_woosea_unit_pricing_measure":[""],"_woosea_unit_pricing_base_measure":[""],"_woosea_condition":[""],"_woosea_age_group":["adult"],"_woosea_installment_months":[""],"_woosea_installment_amount":[""],"_woosea_exclude_product":["no"],"_woosea_cost_of_good_sold":[""],"_woosea_multipack":[""],"_woosea_is_bundle":[""],"_woosea_energy_efficiency_class":[""],"_woosea_min_energy_efficiency_class":[""],"_woosea_max_energy_efficiency_class":[""],"_woosea_is_promotion":[""],"_woosea_custom_field_0":[""],"_woosea_custom_field_1":[""],"_woosea_custom_field_2":[""],"_woosea_custom_field_3":[""],"_woosea_custom_field_4":[""],"_pys_head_footer":["a:7:{s:14:\"disable_global\";b:0;s:8:\"head_any\";s:0:\"\";s:12:\"head_desktop\";s:0:\"\";s:11:\"head_mobile\";s:0:\"\";s:10:\"footer_any\";s:0:\"\";s:14:\"footer_desktop\";s:0:\"\";s:13:\"footer_mobile\";s:0:\"\";}"],"_customs_description":[""],"_is_non_returnable":["no"],"litespeed_vpi_list_mobile":["a:2:{i:0;s:8:\"logo.png\";i:1;s:76:\"Louis-Vuitton-Metis-Monogram-Canvas-Vorderseite-2023-0306-scaled-500x500.jpg\";}"],"litespeed_vpi_list":["a:3:{i:0;s:8:\"logo.png\";i:1;s:6:\"de.png\";i:2;s:76:\"Louis-Vuitton-Metis-Monogram-Canvas-Vorderseite-2023-0306-scaled-500x500.jpg\";}"],"_internal_date_code":["RFID Chip"],"_internal_product_origin":["Frankreich"],"ast-site-content-layout":["default"],"site-content-style":["default"],"site-sidebar-style":["default"],"_product_rating":["A"],"rank_math_robots":["a:1:{i:0;s:5:\"index\";}"],"_custom_html_content":[""],"_wpml_post_translation_editor_native":["no"],"_not_in_inventory_checkbox":[""],"rank_math_contentai_score":["a:4:{s:9:\"wordCount\";s:4:\"2.84\";s:9:\"linkCount\";s:1:\"0\";s:12:\"headingCount\";s:1:\"0\";s:10:\"mediaCount\";s:1:\"0\";}"],"_product_shipping_weight":["1kg"],"_product_available_from_field":["2026-01-16T19:00"],"_manufacturer_slug":["lvmh-moet-hennessy-louis-vuitton-se"],"_safety_instructions":[""],"_safety_attachment_ids":["a:0:{}"],"_shipping_length":[""],"_shipping_width":[""],"_shipping_height":[""],"_zettle_product_cat_id":[""],"_nickx_video_text_url":["a:1:{i:0;s:0:\"\";}"],"_nickx_product_video_type":["a:1:{i:0;s:23:\"nickx_video_url_youtube\";}"],"_nickx_product_video_thumb_ids":["a:1:{i:0;s:0:\"\";}"],"_product_reserve_till_field":[""],"_customer_view":["6"],"_custom_view_last_updated":["2026-02-17 16:52:04"],"similar_product_key":["1736523658"],"last_permotional_email_sent_on":["16.01.2025 14:00"],"_izettle_barcode":[""],"_izettle_nosync":[""],"_izettle_cost_price":[""],"_izettle_special_price":[""],"_izettle_product_name":[""],"_izettle_image_lookup_key":["3kyncy1cEe-udXp3qLWasA-O5wJId8QEe-cfIyShXK8EA"],"woocommerce_izettle_product_uuid":["3ba0f110-df10-11ef-9cd8-353536383939"],"woocommerce_izettle_variant_uuid":["3ba11c26-df10-11ef-87d7-353536383939"],"_izettle_updated":["1738458007"],"_wireless_electronic_device":["no"],"_device_contains_power_supply":["no"],"_device_charging_supports_usb_pd":["no"],"_device_charging_watt_min":["0"],"_device_charging_watt_max":["0"],"rank_math_primary_product_brand":["1584"],"sib_push_meta_box_present":["1"],"sib_push_send_notification":["0"],"sib_push_target_segment_ids":["@ALL"],"_zettle_barcode":[""],"_ame_cpe_post_policy":["{\"accessProtection\":{\"active\":\"replace\"}}"],"sib_push_send_notification_delay_seconds":["0"],"_is_non_alcoholic":["no"],"_ship_separately_via":[""],"_wpml_media_has_media":["1"],"_sku":["P6-1079"],"_edit_lock":["1768724232:4"],"_gdrive_field":["https:\/\/drive.google.com\/drive\/u\/0\/folders\/1TvhlB4Be8EYJ2Gi33yoAbOP9_VQ62KBW"],"_edit_last":["4"],"_entrupy_echtheitszertifikat":[""],"_mid_code":[""],"_shipping_weight":[""],"astra-migrate-meta-layouts":["set"],"rank_math_analytic_object_id":["88"],"_wcml_average_rating":[null],"_wcml_review_count":[null],"_wcml_rating_count":[null],"rank_math_internal_links_processed":["1"],"_uag_page_assets":["a:9:{s:3:\"css\";s:0:\"\";s:2:\"js\";s:0:\"\";s:18:\"current_block_list\";a:6:{i:0;s:26:\"woocommerce\/filter-wrapper\";i:1;s:24:\"woocommerce\/price-filter\";i:2;s:30:\"woocommerce\/product-categories\";i:3;s:14:\"core\/paragraph\";i:4;s:14:\"core\/shortcode\";i:5;s:11:\"core\/search\";}s:8:\"uag_flag\";b:0;s:11:\"uag_version\";s:10:\"1777326261\";s:6:\"gfonts\";a:0:{}s:10:\"gfonts_url\";s:0:\"\";s:12:\"gfonts_files\";a:0:{}s:14:\"uag_faq_layout\";b:0;}"],"_wc_rating_count":[""]},"uagb_featured_image_src":{"full":["https:\/\/truelangtest.ilovehandbags.com\/wp-content\/uploads\/sites\/3\/Louis-Vuitton-Petite-Malle-Souple-1079-01.jpg",2048,1536,false],"thumbnail":["https:\/\/truelangtest.ilovehandbags.com\/wp-content\/uploads\/sites\/3\/Louis-Vuitton-Petite-Malle-Souple-1079-01-150x150.jpg",150,150,true],"medium":["https:\/\/truelangtest.ilovehandbags.com\/wp-content\/uploads\/sites\/3\/Louis-Vuitton-Petite-Malle-Souple-1079-01-300x300.jpg",300,300,true],"medium_large":["https:\/\/truelangtest.ilovehandbags.com\/wp-content\/uploads\/sites\/3\/Louis-Vuitton-Petite-Malle-Souple-1079-01-768x768.jpg",768,768,true],"large":["https:\/\/truelangtest.ilovehandbags.com\/wp-content\/uploads\/sites\/3\/Louis-Vuitton-Petite-Malle-Souple-1079-01-1024x1024.jpg",1024,1024,true],"1536x1536":["https:\/\/truelangtest.ilovehandbags.com\/wp-content\/uploads\/sites\/3\/Louis-Vuitton-Petite-Malle-Souple-1079-01.jpg",1536,1152,false],"2048x2048":["https:\/\/truelangtest.ilovehandbags.com\/wp-content\/uploads\/sites\/3\/Louis-Vuitton-Petite-Malle-Souple-1079-01.jpg",2048,1536,false],"woocommerce_thumbnail":["https:\/\/truelangtest.ilovehandbags.com\/wp-content\/uploads\/sites\/3\/Louis-Vuitton-Petite-Malle-Souple-1079-01-500x500.jpg",500,500,true],"woocommerce_single":["https:\/\/truelangtest.ilovehandbags.com\/wp-content\/uploads\/sites\/3\/Louis-Vuitton-Petite-Malle-Souple-1079-01-500x500.jpg",500,500,true],"woocommerce_gallery_thumbnail":["https:\/\/truelangtest.ilovehandbags.com\/wp-content\/uploads\/sites\/3\/Louis-Vuitton-Petite-Malle-Souple-1079-01-100x100.jpg",100,100,true]},"uagb_author_info":{"display_name":"ILoveHandbags","author_link":"https:\/\/truelangtest.ilovehandbags.com\/de\/author\/"},"uagb_comment_info":0,"uagb_excerpt":"Die Petite Malle Souple von Louis Vuitton ist die moderne, weichere Interpretation der ikonischen Trunk-Tasche des Hauses. Sie vereint das klassische Monogram Canvas mit edlem schwarzem Leder und verbindet damit zeitlose Eleganz mit hohem Alltagskomfort. Im Gegensatz zur starren Petite Malle \u00fcberzeugt die Souple durch ihre flexible Form und ihr geringeres Gewicht. Die Tasche tr\u00e4gt&hellip;","_links":{"self":[{"href":"https:\/\/truelangtest.ilovehandbags.com\/de\/wp-json\/wp\/v2\/product\/73834","targetHints":{"allow":["GET"]}}],"collection":[{"href":"https:\/\/truelangtest.ilovehandbags.com\/de\/wp-json\/wp\/v2\/product"}],"about":[{"href":"https:\/\/truelangtest.ilovehandbags.com\/de\/wp-json\/wp\/v2\/types\/product"}],"wp:featuredmedia":[{"embeddable":true,"href":"https:\/\/truelangtest.ilovehandbags.com\/de\/wp-json\/wp\/v2\/media\/73851"}],"wp:attachment":[{"href":"https:\/\/truelangtest.ilovehandbags.com\/de\/wp-json\/wp\/v2\/media?parent=73834"}],"wp:term":[{"taxonomy":"product_brand","embeddable":true,"href":"https:\/\/truelangtest.ilovehandbags.com\/de\/wp-json\/wp\/v2\/product_brand?post=73834"},{"taxonomy":"product_cat","embeddable":true,"href":"https:\/\/truelangtest.ilovehandbags.com\/de\/wp-json\/wp\/v2\/product_cat?post=73834"},{"taxonomy":"product_tag","embeddable":true,"href":"https:\/\/truelangtest.ilovehandbags.com\/de\/wp-json\/wp\/v2\/product_tag?post=73834"}],"curies":[{"name":"wp","href":"https:\/\/api.w.org\/{rel}","templated":true}]}}