{"id":74289,"date":"2026-01-20T16:04:03","date_gmt":"2026-01-20T15:04:03","guid":{"rendered":"https:\/\/ilovehandbags.com\/?post_type=product&#038;p=74289"},"modified":"2026-03-07T14:19:58","modified_gmt":"2026-03-07T13:19:58","slug":"louis-vuitton-saint-cloud-gm-1089","status":"publish","type":"product","link":"https:\/\/truelangtest.ilovehandbags.com\/de\/louis-vuitton-saint-cloud-gm-1089\/","title":{"rendered":"Louis Vuitton Saint Cloud GM Monogram Canvas"},"content":{"rendered":"","protected":false},"excerpt":{"rendered":"<div class=\"flex-shrink-0 flex flex-col relative items-end\">\n<div class=\"pt-0\">\n<div class=\"gizmo-bot-avatar flex h-8 w-8 items-center justify-center overflow-hidden rounded-full\">\n<div class=\"relative p-1 rounded-sm flex items-center justify-center bg-token-main-surface-primary text-token-text-primary h-8 w-8\">\n<p data-start=\"117\" data-end=\"395\">Die Louis Vuitton Saint Cloud GM im klassischen Monogram Canvas ist ein zeitloser Begleiter, der Stil und Alltagstauglichkeit perfekt verbindet. Das robuste Monogram Canvas und die nat\u00fcrliche Patina des Vachetta-Leders verleihen der Tasche ihren charakteristischen Charme. Typischerweise sind bei diesem Modell das Innen- sowie das Au\u00dfenfach aufgrund des Alters oft verklebt \u2013 bei diesem Exemplar wurden beide F\u00e4cher fachm\u00e4nnisch repariert, sodass sie wieder vollst\u00e4ndig nutzbar sind. Das Innenleben bietet ausreichend Platz f\u00fcr deine Essentials, und der verstellbare Schulterriemen erm\u00f6glicht ein bequemes Tragen \u2013 sowohl \u00fcber der Schulter als auch als Crossbody. Eine klassische Tasche, die sich m\u00fchelos in jeden Look integrieren l\u00e4sst.<\/p>\n<\/div>\n<\/div>\n<\/div>\n<\/div>\n<div class=\"group\/conversation-turn relative flex w-full min-w-0 flex-col agent-turn\">\n<div class=\"flex-col gap-1 md:gap-3\">\n<div class=\"flex max-w-full flex-col flex-grow\">\n<div class=\"min-h-8 text-message flex w-full flex-col items-end gap-2 whitespace-normal break-words text-start [.text-message+&amp;]:mt-5\" dir=\"auto\" data-message-author-role=\"assistant\" data-message-id=\"01708029-f187-4230-8f52-28d91e97807f\" data-message-model-slug=\"gpt-4o\">\n<div class=\"flex w-full flex-col gap-1 empty:hidden first:pt-[3px]\">\n<div class=\"markdown prose w-full break-words dark:prose-invert light\">\n<p>&nbsp;<\/p>\n<\/div>\n<\/div>\n<\/div>\n<\/div>\n<\/div>\n<\/div>\n","protected":false},"featured_media":74299,"template":"","meta":{"_uag_custom_page_level_css":"","site-sidebar-layout":"default","site-content-layout":"default","ast-site-content-layout":"default","site-content-style":"default","site-sidebar-style":"default","ast-global-header-display":"","ast-banner-title-visibility":"","ast-main-header-display":"","ast-hfb-above-header-display":"","ast-hfb-below-header-display":"","ast-hfb-mobile-header-display":"","site-post-title":"","ast-breadcrumbs-content":"","ast-featured-img":"","footer-sml-layout":"","ast-disable-related-posts":"","theme-transparent-header-meta":"default","adv-header-id-meta":"","stick-header-meta":"default","header-above-stick-meta":"","header-main-stick-meta":"","header-below-stick-meta":"","astra-migrate-meta-layouts":"set","ast-page-background-enabled":"default","ast-page-background-meta":{"desktop":{"background-color":"var(--ast-global-color-4)","background-image":"","background-repeat":"repeat","background-position":"center center","background-size":"auto","background-attachment":"scroll","background-type":"","background-media":"","overlay-type":"","overlay-color":"","overlay-opacity":"","overlay-gradient":""},"tablet":{"background-color":"","background-image":"","background-repeat":"repeat","background-position":"center center","background-size":"auto","background-attachment":"scroll","background-type":"","background-media":"","overlay-type":"","overlay-color":"","overlay-opacity":"","overlay-gradient":""},"mobile":{"background-color":"","background-image":"","background-repeat":"repeat","background-position":"center center","background-size":"auto","background-attachment":"scroll","background-type":"","background-media":"","overlay-type":"","overlay-color":"","overlay-opacity":"","overlay-gradient":""}},"ast-content-background-meta":{"desktop":{"background-color":"var(--ast-global-color-5)","background-image":"","background-repeat":"repeat","background-position":"center center","background-size":"auto","background-attachment":"scroll","background-type":"","background-media":"","overlay-type":"","overlay-color":"","overlay-opacity":"","overlay-gradient":""},"tablet":{"background-color":"var(--ast-global-color-5)","background-image":"","background-repeat":"repeat","background-position":"center center","background-size":"auto","background-attachment":"scroll","background-type":"","background-media":"","overlay-type":"","overlay-color":"","overlay-opacity":"","overlay-gradient":""},"mobile":{"background-color":"var(--ast-global-color-5)","background-image":"","background-repeat":"repeat","background-position":"center center","background-size":"auto","background-attachment":"scroll","background-type":"","background-media":"","overlay-type":"","overlay-color":"","overlay-opacity":"","overlay-gradient":""}},"_glsr_average":0,"_glsr_ranking":0,"_glsr_reviews":0},"product_brand":[1584],"product_cat":[208,239,204,451],"product_tag":[214,1351],"class_list":{"0":"post-74289","1":"product","2":"type-product","3":"status-publish","4":"has-post-thumbnail","6":"product_brand-louis-vuitton","7":"product_cat-handtaschen","8":"product_cat-louis-vuitton","9":"product_cat-umhaengetaschen","10":"product_cat-vintage","11":"product_tag-louis-vuitton","12":"product_tag-louis-vuitton-saint-cloud","13":"desktop-align-left","14":"tablet-align-left","15":"mobile-align-left","16":"ast-product-gallery-layout-first-image-large","17":"ast-magnify-disabled","18":"ast-product-tabs-layout-accordion","20":"first","21":"instock","22":"sold-individually","23":"purchasable","24":"product-type-simple"},"spectra_custom_meta":{"copied_media_ids":["a:0:{}","a:0:{}"],"referenced_media_ids":["a:20:{i:0;i:74299;i:1;i:74310;i:2;i:74309;i:3;i:74295;i:4;i:74296;i:5;i:74301;i:6;i:74291;i:7;i:74300;i:8;i:74292;i:9;i:74305;i:10;i:74298;i:11;i:74297;i:12;i:74306;i:13;i:74294;i:14;i:74308;i:15;i:74307;i:16;i:74302;i:17;i:74304;i:18;i:74293;i:19;i:74303;}","a:20:{i:0;i:74299;i:1;i:74310;i:2;i:74309;i:3;i:74295;i:4;i:74296;i:5;i:74301;i:6;i:74291;i:7;i:74300;i:8;i:74292;i:9;i:74305;i:10;i:74298;i:11;i:74297;i:12;i:74306;i:13;i:74294;i:14;i:74308;i:15;i:74307;i:16;i:74302;i:17;i:74304;i:18;i:74293;i:19;i:74303;}"],"_regular_price":["650"],"total_sales":["0"],"_tax_status":["none"],"_tax_class":[""],"_manage_stock":["yes"],"_backorders":["no"],"_sold_individually":["yes"],"_virtual":["no"],"_downloadable":["no"],"_product_image_gallery":["74310,74309,74295,74296,74301,74291,74300,74292,74305,74298,74297,74306,74294,74308,74307,74302,74304,74293,74303"],"_download_limit":["-1"],"_download_expiry":["-1"],"_thumbnail_id":["74299"],"_stock":["1"],"_stock_status":["instock"],"_wc_average_rating":[0],"_wc_review_count":["0"],"_product_attributes":["a:3:{s:8:\"pa_brand\";a:7:{s:4:\"name\";s:8:\"pa_brand\";s:5:\"value\";s:0:\"\";s:8:\"position\";i:1;s:10:\"is_visible\";i:0;s:12:\"is_variation\";i:1;s:11:\"is_taxonomy\";i:1;s:16:\"checkout_visible\";i:0;}s:8:\"pa_color\";a:7:{s:4:\"name\";s:8:\"pa_color\";s:5:\"value\";s:0:\"\";s:8:\"position\";i:2;s:10:\"is_visible\";i:0;s:12:\"is_variation\";i:1;s:11:\"is_taxonomy\";i:1;s:16:\"checkout_visible\";i:0;}s:9:\"pa_gender\";a:7:{s:4:\"name\";s:9:\"pa_gender\";s:5:\"value\";s:0:\"\";s:8:\"position\";i:3;s:10:\"is_visible\";i:0;s:12:\"is_variation\";i:1;s:11:\"is_taxonomy\";i:1;s:16:\"checkout_visible\";i:0;}}"],"_product_version":["10.5.3"],"_price":["650"],"_wpml_media_featured":["1","1","1","1","1","1","1"],"_wpml_media_duplicate":["1","1","1","1","1","1","1"],"_wpml_word_count":["139"],"_wpml_location_migration_done":["1"],"_fusion":["a:3:{s:17:\"slider_visibility\";s:51:\"small-visibility,medium-visibility,large-visibility\";s:11:\"slider_type\";s:2:\"no\";s:9:\"wooslider\";s:1:\"0\";}"],"rank_math_seo_score":["83"],"rank_math_focus_keyword":["Louis Vuitton Saint Cloud"],"_purchase_price_field":["400"],"_internal_warehouse_number_field":["P6-1089"],"_unit":[""],"_unit_base":[""],"_unit_product":[""],"_unit_price_auto":["no"],"_unit_price_regular":[""],"_unit_price":[""],"_unit_price_sale":[""],"_sale_price_label":[""],"_sale_price_regular_label":[""],"_mini_desc":["Louis Vuitton Saint Cloud GM Monogram Canvas"],"_defect_description":[""],"_allergen_ids":["a:0:{}"],"_warranty_attachment_id":[""],"_min_age":[""],"_ts_gtin":[""],"_ts_mpn":[""],"_delivery_time_countries":["a:0:{}"],"_free_shipping":["no"],"_service":["no"],"_photovoltaic_system":["no"],"_used_good":["yes"],"_defective_copy":["no"],"_is_food":["no"],"_differential_taxation":["yes"],"_gzd_version":["3.20.7"],"_hs_code":[""],"_manufacture_country":[""],"_rank_math_gtin_code":[""],"_fusion_google_fonts":[""],"fusion_builder_status":["active"],"rank_math_primary_product_cat":["0"],"_wcml_custom_prices_status":["1"],"avada_post_views_count":["21"],"avada_today_post_views_count":["1"],"avada_post_views_count_today_date":["15-04-2023"],"_sale_price_dates_to_USD":[""],"_sale_price_dates_from_USD":[""],"_sale_price_USD":[""],"_regular_price_USD":[""],"_wcml_schedule_USD":["0"],"_deposit_type":[""],"_nutrient_ids":["a:0:{}"],"_nutrient_reference_value":["100g"],"_ingredients":[""],"_nutri_score":[""],"_alcohol_content":[""],"_drained_weight":[""],"_net_filling_quantity":[""],"_food_distributor":[""],"_food_description":[""],"_food_place_of_origin":[""],"_deposit_quantity":[""],"yikes_woo_products_tabs":["a:2:{i:0;a:3:{s:5:\"title\";s:21:\"Weitere Informationen\";s:2:\"id\";s:21:\"weitere-informationen\";s:7:\"content\";s:376:\"<strong>Material au\u00dfen: <\/strong>Monogram Canvas\r\n<strong>Material innen:<\/strong> Braunes Rindsleder\r\n<strong>Ma\u00dfe: <\/strong>(H) 21\u00a0 x (B) x 24\u00a0 x (T) 6,5 cm\r\n<strong>Date Code \/ Herstellungsjahr: <\/strong>TH1911 \/ 1991\r\n<strong>Lieferumfang:<\/strong> Louis Vuitton Box, I Love Handbags Staubbeutel sowie eine geschw\u00e4rzte Kopie der Reparaturrechnung einer Fachwerkstatt.\";}i:1;a:3:{s:5:\"title\";s:7:\"Zustand\";s:2:\"id\";s:7:\"zustand\";s:7:\"content\";s:1188:\"<p data-start=\"62\" data-end=\"119\"><strong data-start=\"62\" data-end=\"80\">Gesamtzustand:<\/strong> Guter Vintage-Zustand\r\n<strong style=\"font-size: 16px;\" data-start=\"122\" data-end=\"133\">Canvas:<\/strong><span style=\"font-size: 16px;\"> Intakt, minimale Gebrauchsspuren\r\n<\/span><strong data-start=\"591\" data-end=\"602\">Kanten:<\/strong> Fachm\u00e4nnisch erneuert und in sehr gutem Zustand\r\n<strong style=\"font-size: 16px;\" data-start=\"171\" data-end=\"190\">Vachetta-Leder:<\/strong><span style=\"font-size: 16px;\"> Honigfarbene Patina mit sichtbaren Gebrauchsspuren\r\n<\/span><strong style=\"font-size: 16px;\" data-start=\"246\" data-end=\"265\">Schulterriemen:<\/strong><span style=\"font-size: 16px;\"> Teilweise trocken, mit vereinzelten kleinen oberfl\u00e4chlichen Rissen\r\n<\/span><strong style=\"font-size: 16px;\" data-start=\"337\" data-end=\"350\">Hardware:<\/strong><span style=\"font-size: 16px;\"> Teilweise oxidiert, in gutem Zustand\r\n<\/span><strong>Innenraum: <\/strong>Sauber, mit leichten Gebrauchsspuren; die Klappe ist modellbedingt innen leicht wellig. Die beiden Innenf\u00e4cher, die bei diesem Modell typischerweise verkleben, wurden fachm\u00e4nnisch repariert und k\u00f6nnen wieder vollst\u00e4ndig genutzt werden.<\/p>\";}}"],"site-sidebar-layout":["default"],"site-content-layout":["default"],"theme-transparent-header-meta":["default"],"stick-header-meta":["default"],"_pys_conversion_label_settings":["a:3:{s:6:\"enable\";b:0;s:5:\"label\";s:0:\"\";s:2:\"id\";s:14:\"AW-11184563350\";}"],"_pys_super_pack_cpt_url":[""],"_pys_super_pack_cpt_condition":["only"],"_pys_super_pack_cpt_cart":["hidden"],"_woosea_brand":[""],"_woosea_mpn":[""],"_woosea_upc":[""],"_woosea_ean":[""],"_woosea_gtin":[""],"_woosea_color":[""],"_woosea_size":[""],"_woosea_gender":[""],"_woosea_material":[""],"_woosea_pattern":[""],"_woosea_optimized_title":[""],"_woosea_unit_pricing_measure":[""],"_woosea_unit_pricing_base_measure":[""],"_woosea_condition":[""],"_woosea_age_group":["adult"],"_woosea_installment_months":[""],"_woosea_installment_amount":[""],"_woosea_exclude_product":["no"],"_woosea_cost_of_good_sold":[""],"_woosea_multipack":[""],"_woosea_is_bundle":[""],"_woosea_energy_efficiency_class":[""],"_woosea_min_energy_efficiency_class":[""],"_woosea_max_energy_efficiency_class":[""],"_woosea_is_promotion":[""],"_woosea_custom_field_0":[""],"_woosea_custom_field_1":[""],"_woosea_custom_field_2":[""],"_woosea_custom_field_3":[""],"_woosea_custom_field_4":[""],"_pys_head_footer":["a:7:{s:14:\"disable_global\";b:0;s:8:\"head_any\";s:0:\"\";s:12:\"head_desktop\";s:0:\"\";s:11:\"head_mobile\";s:0:\"\";s:10:\"footer_any\";s:0:\"\";s:14:\"footer_desktop\";s:0:\"\";s:13:\"footer_mobile\";s:0:\"\";}"],"_customs_description":[""],"_is_non_returnable":["no"],"_wp_old_date":["2023-04-15","2023-07-13","2023-09-28","2023-10-08","2024-04-26","2024-05-02","2024-11-21","2024-12-11","2026-01-21"],"litespeed_vpi_list_mobile":["a:2:{i:0;s:8:\"logo.png\";i:1;s:70:\"Chanel-Timeless-Flap-Bag-Small-Voderseite-2023-0339-scaled-500x500.jpg\";}"],"litespeed_vpi_list":["a:2:{i:0;s:8:\"logo.png\";i:1;s:60:\"Chanel-Woc-Caviar-schwarz-kette-2023-0082-scaled-500x500.jpg\";}"],"_internal_date_code":["TH1911"],"_internal_product_origin":["Frankreich"],"ast-site-content-layout":["default"],"site-content-style":["default"],"site-sidebar-style":["default"],"_sale_price_dates_to_CHF":[""],"_sale_price_dates_from_CHF":[""],"_sale_price_CHF":[""],"_regular_price_CHF":[""],"_wcml_schedule_CHF":["0"],"_sale_price_dates_to_GBP":[""],"_sale_price_dates_from_GBP":[""],"_sale_price_GBP":[""],"_regular_price_GBP":[""],"_wcml_schedule_GBP":["0"],"_product_rating":["B"],"rank_math_robots":["a:1:{i:0;s:5:\"index\";}"],"rank_math_contentai_score":["a:4:{s:9:\"wordCount\";s:4:\"2.97\";s:9:\"linkCount\";s:1:\"0\";s:12:\"headingCount\";s:1:\"0\";s:10:\"mediaCount\";s:3:\"100\";}"],"_not_in_inventory_checkbox":[""],"_custom_html_content":[""],"_wpml_post_translation_editor_native":["no"],"_shipping_length":[""],"_shipping_width":[""],"_shipping_height":[""],"_customer_view":["23"],"_custom_view_last_updated":["2026-04-26 22:11:05"],"_wpml_media_has_media":["1"],"_zettle_product_cat_id":[""],"_product_shipping_weight":["1kg"],"_manufacturer_slug":["lvmh-moet-hennessy-louis-vuitton-se"],"_safety_attachment_ids":["a:0:{}"],"_nickx_video_text_url":["a:1:{i:0;s:0:\"\";}"],"_nickx_product_video_type":["a:1:{i:0;s:23:\"nickx_video_url_youtube\";}"],"_nickx_product_video_thumb_ids":["a:1:{i:0;s:0:\"\";}"],"_product_available_from_field":["2026-01-23T19:00"],"_safety_instructions":[""],"_izettle_barcode":[""],"_izettle_nosync":[""],"_izettle_cost_price":[""],"_izettle_special_price":[""],"_izettle_product_name":[""],"woocommerce_izettle_variant_uuid":["90679126-b6d5-11ef-9210-353536383939"],"_izettle_updated":["1755928815"],"_izettle_product_etag":["88E9CE7DB5C1077CA743B863C28BD522"],"sib_push_meta_box_present":["1"],"sib_push_send_notification":["0"],"sib_push_target_segment_ids":["@ALL"],"rank_math_primary_product_brand":["1584"],"_ame_cpe_post_policy":["{\"accessProtection\":{\"active\":\"replace\"}}"],"rank_math_auto_redirect":["a:1:{i:0;i:110;}"],"_wireless_electronic_device":["no"],"_device_contains_power_supply":["no"],"_device_charging_supports_usb_pd":["no"],"_device_charging_watt_min":[""],"_device_charging_watt_max":[""],"similar_product_key":["1755085835"],"_product_reserve_till_field":[""],"_izettle_image_lookup_key":["3kyncy1cEe-udXp3qLWasA-MF1Cbng9EfCBVvodhMz9dw"],"woocommerce_izettle_product_uuid":["30604be0-783d-11f0-9160-353536383939"],"sib_push_send_notification_delay_seconds":["0"],"_is_non_alcoholic":["no"],"_mid_code":[""],"_ship_separately_via":[""],"_shipping_weight":[""],"_entrupy_echtheitszertifikat":["yes"],"_sku":["P6-1089"],"_edit_lock":["1772889469:4"],"_edit_last":["4"],"_gdrive_field":["https:\/\/drive.google.com\/drive\/u\/1\/folders\/1_sbpzCbDK0zlO48mk_80WgECP8VVSTxx"],"rank_math_analytic_object_id":["71"],"_wcml_average_rating":[null],"_wcml_review_count":[null],"_wcml_rating_count":[null],"rank_math_internal_links_processed":["1"],"astra-migrate-meta-layouts":["set"],"_uag_page_assets":["a:9:{s:3:\"css\";s:0:\"\";s:2:\"js\";s:0:\"\";s:18:\"current_block_list\";a:6:{i:0;s:26:\"woocommerce\/filter-wrapper\";i:1;s:24:\"woocommerce\/price-filter\";i:2;s:30:\"woocommerce\/product-categories\";i:3;s:14:\"core\/paragraph\";i:4;s:14:\"core\/shortcode\";i:5;s:11:\"core\/search\";}s:8:\"uag_flag\";b:0;s:11:\"uag_version\";s:10:\"1777326310\";s:6:\"gfonts\";a:0:{}s:10:\"gfonts_url\";s:0:\"\";s:12:\"gfonts_files\";a:0:{}s:14:\"uag_faq_layout\";b:0;}"],"_wc_rating_count":[""]},"uagb_featured_image_src":{"full":["https:\/\/truelangtest.ilovehandbags.com\/wp-content\/uploads\/sites\/3\/Louis-Vuitton-Saint-Cloud-GM-Monogram-Canvas-1089-12.jpg",2048,1536,false],"thumbnail":["https:\/\/truelangtest.ilovehandbags.com\/wp-content\/uploads\/sites\/3\/Louis-Vuitton-Saint-Cloud-GM-Monogram-Canvas-1089-12-150x150.jpg",150,150,true],"medium":["https:\/\/truelangtest.ilovehandbags.com\/wp-content\/uploads\/sites\/3\/Louis-Vuitton-Saint-Cloud-GM-Monogram-Canvas-1089-12-300x300.jpg",300,300,true],"medium_large":["https:\/\/truelangtest.ilovehandbags.com\/wp-content\/uploads\/sites\/3\/Louis-Vuitton-Saint-Cloud-GM-Monogram-Canvas-1089-12-768x768.jpg",768,768,true],"large":["https:\/\/truelangtest.ilovehandbags.com\/wp-content\/uploads\/sites\/3\/Louis-Vuitton-Saint-Cloud-GM-Monogram-Canvas-1089-12-1024x1024.jpg",1024,1024,true],"1536x1536":["https:\/\/truelangtest.ilovehandbags.com\/wp-content\/uploads\/sites\/3\/Louis-Vuitton-Saint-Cloud-GM-Monogram-Canvas-1089-12.jpg",1536,1152,false],"2048x2048":["https:\/\/truelangtest.ilovehandbags.com\/wp-content\/uploads\/sites\/3\/Louis-Vuitton-Saint-Cloud-GM-Monogram-Canvas-1089-12.jpg",2048,1536,false],"woocommerce_thumbnail":["https:\/\/truelangtest.ilovehandbags.com\/wp-content\/uploads\/sites\/3\/Louis-Vuitton-Saint-Cloud-GM-Monogram-Canvas-1089-12-500x500.jpg",500,500,true],"woocommerce_single":["https:\/\/truelangtest.ilovehandbags.com\/wp-content\/uploads\/sites\/3\/Louis-Vuitton-Saint-Cloud-GM-Monogram-Canvas-1089-12-500x500.jpg",500,500,true],"woocommerce_gallery_thumbnail":["https:\/\/truelangtest.ilovehandbags.com\/wp-content\/uploads\/sites\/3\/Louis-Vuitton-Saint-Cloud-GM-Monogram-Canvas-1089-12-100x100.jpg",100,100,true]},"uagb_author_info":{"display_name":"ILoveHandbags","author_link":"https:\/\/truelangtest.ilovehandbags.com\/de\/author\/"},"uagb_comment_info":0,"uagb_excerpt":"Die Louis Vuitton Saint Cloud GM im klassischen Monogram Canvas ist ein zeitloser Begleiter, der Stil und Alltagstauglichkeit perfekt verbindet. Das robuste Monogram Canvas und die nat\u00fcrliche Patina des Vachetta-Leders verleihen der Tasche ihren charakteristischen Charme. Typischerweise sind bei diesem Modell das Innen- sowie das Au\u00dfenfach aufgrund des Alters oft verklebt \u2013 bei diesem Exemplar&hellip;","_links":{"self":[{"href":"https:\/\/truelangtest.ilovehandbags.com\/de\/wp-json\/wp\/v2\/product\/74289","targetHints":{"allow":["GET"]}}],"collection":[{"href":"https:\/\/truelangtest.ilovehandbags.com\/de\/wp-json\/wp\/v2\/product"}],"about":[{"href":"https:\/\/truelangtest.ilovehandbags.com\/de\/wp-json\/wp\/v2\/types\/product"}],"wp:featuredmedia":[{"embeddable":true,"href":"https:\/\/truelangtest.ilovehandbags.com\/de\/wp-json\/wp\/v2\/media\/74299"}],"wp:attachment":[{"href":"https:\/\/truelangtest.ilovehandbags.com\/de\/wp-json\/wp\/v2\/media?parent=74289"}],"wp:term":[{"taxonomy":"product_brand","embeddable":true,"href":"https:\/\/truelangtest.ilovehandbags.com\/de\/wp-json\/wp\/v2\/product_brand?post=74289"},{"taxonomy":"product_cat","embeddable":true,"href":"https:\/\/truelangtest.ilovehandbags.com\/de\/wp-json\/wp\/v2\/product_cat?post=74289"},{"taxonomy":"product_tag","embeddable":true,"href":"https:\/\/truelangtest.ilovehandbags.com\/de\/wp-json\/wp\/v2\/product_tag?post=74289"}],"curies":[{"name":"wp","href":"https:\/\/api.w.org\/{rel}","templated":true}]}}