{"id":74337,"date":"2026-01-20T16:07:57","date_gmt":"2026-01-20T15:07:57","guid":{"rendered":"https:\/\/ilovehandbags.com\/?post_type=product&#038;p=74337"},"modified":"2026-02-19T12:44:08","modified_gmt":"2026-02-19T11:44:08","slug":"polene-numero-neuf-1092","status":"publish","type":"product","link":"https:\/\/truelangtest.ilovehandbags.com\/de\/polene-numero-neuf-1092\/","title":{"rendered":"Pol\u00e8ne Num\u00e9ro Neuf"},"content":{"rendered":"","protected":false},"excerpt":{"rendered":"<p data-start=\"121\" data-end=\"506\">Die Pol\u00e8ne Num\u00e9ro Neuf in Beige steht f\u00fcr modernen Pariser Chic und verk\u00f6rpert genau jene elegante, weich strukturierte Silhouette, f\u00fcr die Pol\u00e8ne international so gesch\u00e4tzt wird. Das hochwertige, genarbte Leder in einem warmen, vielseitigen Beigeton verleiht der Tasche eine luxuri\u00f6se Haptik und macht sie zu einem zeitlosen Begleiter, der sich m\u00fchelos in jede Garderobe einf\u00fcgt. Die organisch geschwungene Form verleiht der Num\u00e9ro Neuf ihre ikonische Ausstrahlung, w\u00e4hrend das Innere gen\u00fcgend Platz f\u00fcr deine t\u00e4glichen Essentials wie Geldb\u00f6rse, Smartphone und Schl\u00fcssel bietet. Durch den praktischen Magnetverschluss l\u00e4sst sich die Tasche bequem \u00f6ffnen und sicher verschlie\u00dfen, ohne die elegante Linienf\u00fchrung zu st\u00f6ren. Mit ihrem minimalistischen, zugleich sehr raffinierten Design ist die Pol\u00e8ne Num\u00e9ro Neuf ein echtes Signature-Piece und eignet sich perfekt f\u00fcr alle, die stilvolle Alltagstaschen lieben, die sowohl funktional als auch \u00e4sthetisch \u00fcberzeugen. Der sanfte Beigeton macht sie besonders vielseitig kombinierbar und unterstreicht ihren charakteristisch modernen, femininen Look.<\/p>\n","protected":false},"featured_media":74342,"template":"","meta":{"_uag_custom_page_level_css":"","site-sidebar-layout":"default","site-content-layout":"default","ast-site-content-layout":"default","site-content-style":"default","site-sidebar-style":"default","ast-global-header-display":"","ast-banner-title-visibility":"","ast-main-header-display":"","ast-hfb-above-header-display":"","ast-hfb-below-header-display":"","ast-hfb-mobile-header-display":"","site-post-title":"","ast-breadcrumbs-content":"","ast-featured-img":"","footer-sml-layout":"","ast-disable-related-posts":"","theme-transparent-header-meta":"default","adv-header-id-meta":"","stick-header-meta":"default","header-above-stick-meta":"","header-main-stick-meta":"","header-below-stick-meta":"","astra-migrate-meta-layouts":"set","ast-page-background-enabled":"default","ast-page-background-meta":{"desktop":{"background-color":"var(--ast-global-color-4)","background-image":"","background-repeat":"repeat","background-position":"center center","background-size":"auto","background-attachment":"scroll","background-type":"","background-media":"","overlay-type":"","overlay-color":"","overlay-opacity":"","overlay-gradient":""},"tablet":{"background-color":"","background-image":"","background-repeat":"repeat","background-position":"center center","background-size":"auto","background-attachment":"scroll","background-type":"","background-media":"","overlay-type":"","overlay-color":"","overlay-opacity":"","overlay-gradient":""},"mobile":{"background-color":"","background-image":"","background-repeat":"repeat","background-position":"center center","background-size":"auto","background-attachment":"scroll","background-type":"","background-media":"","overlay-type":"","overlay-color":"","overlay-opacity":"","overlay-gradient":""}},"ast-content-background-meta":{"desktop":{"background-color":"var(--ast-global-color-5)","background-image":"","background-repeat":"repeat","background-position":"center center","background-size":"auto","background-attachment":"scroll","background-type":"","background-media":"","overlay-type":"","overlay-color":"","overlay-opacity":"","overlay-gradient":""},"tablet":{"background-color":"var(--ast-global-color-5)","background-image":"","background-repeat":"repeat","background-position":"center center","background-size":"auto","background-attachment":"scroll","background-type":"","background-media":"","overlay-type":"","overlay-color":"","overlay-opacity":"","overlay-gradient":""},"mobile":{"background-color":"var(--ast-global-color-5)","background-image":"","background-repeat":"repeat","background-position":"center center","background-size":"auto","background-attachment":"scroll","background-type":"","background-media":"","overlay-type":"","overlay-color":"","overlay-opacity":"","overlay-gradient":""}},"_glsr_average":0,"_glsr_ranking":0,"_glsr_reviews":0},"product_brand":[2065],"product_cat":[208,2064,204,449],"product_tag":[2066,2067],"class_list":{"0":"post-74337","1":"product","2":"type-product","3":"status-publish","4":"has-post-thumbnail","6":"product_brand-polene","7":"product_cat-handtaschen","8":"product_cat-polene","9":"product_cat-umhaengetaschen","10":"product_cat-bald-wieder-da","11":"product_tag-polene","12":"product_tag-polene-numero-neuf","13":"desktop-align-left","14":"tablet-align-left","15":"mobile-align-left","16":"ast-product-gallery-layout-first-image-large","17":"ast-magnify-disabled","18":"ast-product-tabs-layout-accordion","20":"first","21":"outofstock","22":"purchasable","23":"product-type-simple"},"spectra_custom_meta":{"copied_media_ids":["a:0:{}","a:0:{}","a:0:{}"],"referenced_media_ids":["a:18:{i:0;i:74342;i:1;i:74357;i:2;i:74358;i:3;i:74354;i:4;i:74352;i:5;i:74355;i:6;i:74353;i:7;i:74348;i:8;i:74344;i:9;i:74341;i:10;i:74347;i:11;i:74350;i:12;i:74346;i:13;i:74351;i:14;i:74343;i:15;i:74349;i:16;i:74345;i:17;i:74356;}","a:18:{i:0;i:74342;i:1;i:74357;i:2;i:74358;i:3;i:74354;i:4;i:74352;i:5;i:74355;i:6;i:74353;i:7;i:74348;i:8;i:74344;i:9;i:74341;i:10;i:74347;i:11;i:74350;i:12;i:74346;i:13;i:74351;i:14;i:74343;i:15;i:74349;i:16;i:74345;i:17;i:74356;}","a:18:{i:0;i:74342;i:1;i:74357;i:2;i:74358;i:3;i:74354;i:4;i:74352;i:5;i:74355;i:6;i:74353;i:7;i:74348;i:8;i:74344;i:9;i:74341;i:10;i:74347;i:11;i:74350;i:12;i:74346;i:13;i:74351;i:14;i:74343;i:15;i:74349;i:16;i:74345;i:17;i:74356;}"],"_regular_price":["360"],"total_sales":["2"],"_tax_status":["none"],"_tax_class":[""],"_manage_stock":["yes"],"_backorders":["no"],"_sold_individually":["no"],"_virtual":["no"],"_downloadable":["no"],"_product_image_gallery":["74357,74358,74354,74352,74355,74353,74348,74344,74341,74347,74350,74346,74351,74343,74349,74345,74356"],"_download_limit":["-1"],"_download_expiry":["-1"],"_thumbnail_id":["74342"],"_stock":["0"],"_stock_status":["outofstock"],"_wc_average_rating":[0],"_wc_review_count":["0"],"_product_attributes":["a:3:{s:8:\"pa_brand\";a:7:{s:4:\"name\";s:8:\"pa_brand\";s:5:\"value\";s:0:\"\";s:8:\"position\";i:0;s:10:\"is_visible\";i:0;s:12:\"is_variation\";i:1;s:11:\"is_taxonomy\";i:1;s:16:\"checkout_visible\";i:0;}s:9:\"pa_gender\";a:7:{s:4:\"name\";s:9:\"pa_gender\";s:5:\"value\";s:0:\"\";s:8:\"position\";i:1;s:10:\"is_visible\";i:0;s:12:\"is_variation\";i:1;s:11:\"is_taxonomy\";i:1;s:16:\"checkout_visible\";i:0;}s:8:\"pa_color\";a:7:{s:4:\"name\";s:8:\"pa_color\";s:5:\"value\";s:0:\"\";s:8:\"position\";i:2;s:10:\"is_visible\";i:0;s:12:\"is_variation\";i:1;s:11:\"is_taxonomy\";i:1;s:16:\"checkout_visible\";i:0;}}"],"_product_version":["10.5.2"],"_price":["360"],"_wpml_media_featured":["1","1","1","1","1","1","1","1"],"_wpml_media_duplicate":["1","1","1","1","1","1","1","1"],"_wpml_word_count":["199"],"_wpml_location_migration_done":["1"],"_fusion":["a:3:{s:17:\"slider_visibility\";s:51:\"small-visibility,medium-visibility,large-visibility\";s:11:\"slider_type\";s:2:\"no\";s:9:\"wooslider\";s:1:\"0\";}"],"rank_math_seo_score":["83"],"rank_math_focus_keyword":["polene"],"_purchase_price_field":["230"],"_internal_warehouse_number_field":["P6-1092"],"_unit":[""],"_unit_base":[""],"_unit_product":[""],"_unit_price_auto":["no"],"_unit_price_regular":[""],"_unit_price":[""],"_unit_price_sale":[""],"_sale_price_label":[""],"_sale_price_regular_label":[""],"_mini_desc":["Pol\u00e8ne Num\u00e9ro Neuf"],"_defect_description":[""],"_allergen_ids":["a:0:{}"],"_warranty_attachment_id":[""],"_min_age":[""],"_ts_gtin":[""],"_ts_mpn":[""],"_delivery_time_countries":["a:0:{}"],"_free_shipping":["no"],"_service":["no"],"_photovoltaic_system":["no"],"_used_good":["yes"],"_defective_copy":["no"],"_is_food":["no"],"_differential_taxation":["yes"],"_gzd_version":["3.20.4"],"_hs_code":[""],"_manufacture_country":[""],"_rank_math_gtin_code":[""],"_fusion_google_fonts":[""],"fusion_builder_status":["active"],"rank_math_primary_product_cat":["0"],"_wcml_custom_prices_status":["0"],"avada_post_views_count":["15"],"avada_today_post_views_count":["2"],"avada_post_views_count_today_date":["10-04-2023"],"yikes_woo_products_tabs":["a:2:{i:0;a:3:{s:5:\"title\";s:21:\"Weitere Informationen\";s:2:\"id\";s:21:\"weitere-informationen\";s:7:\"content\";s:278:\"<strong>Material au\u00dfen:<\/strong> Genarbtes Kalbsleder im Farbton Beige\r\n<strong>Material innen: <\/strong>Baumwolle\r\n<strong>Ma\u00dfe:<\/strong> (B) 32\u00a0 x (H) 20 x (T) 16 cm\r\n<strong>Lieferumfang:<\/strong> Pol\u00e8ne Staubbeutel, Schulterriemen und Echtheitszertifikat von LegitGrails\";}i:1;a:3:{s:5:\"title\";s:7:\"Zustand\";s:2:\"id\";s:7:\"zustand\";s:7:\"content\";s:293:\"<strong>Gesamtzustand: <\/strong>Neuwertig\r\n<strong>Leder: <\/strong>Minimale Gebrauchsspuren\r\n<strong>Verschluss: <\/strong>Schlie\u00dft gut\r\n<strong>Schulterriemen:<\/strong> Minimale Gebrauchsspuren\r\n<strong>Hardware: <\/strong>Minimale Gebrauchsspuren vorhanden\r\n<strong>Innenraum: <\/strong>Sauber\";}}"],"_deposit_type":[""],"_nutrient_ids":["a:0:{}"],"_nutrient_reference_value":["100g"],"_ingredients":[""],"_nutri_score":[""],"_alcohol_content":[""],"_drained_weight":[""],"_net_filling_quantity":[""],"_food_distributor":[""],"_food_description":[""],"_food_place_of_origin":[""],"_deposit_quantity":[""],"site-sidebar-layout":["default"],"site-content-layout":["default"],"theme-transparent-header-meta":["default"],"stick-header-meta":["default"],"_wp_old_date":["2023-04-09","2023-07-04","2023-05-04","2023-07-12","2026-01-21"],"_pys_conversion_label_settings":["a:3:{s:6:\"enable\";b:0;s:5:\"label\";s:0:\"\";s:2:\"id\";s:14:\"AW-11184563350\";}"],"_pys_super_pack_cpt_url":[""],"_pys_super_pack_cpt_condition":["only"],"_pys_super_pack_cpt_cart":["hidden"],"_woosea_brand":[""],"_woosea_mpn":[""],"_woosea_upc":[""],"_woosea_ean":[""],"_woosea_gtin":[""],"_woosea_color":[""],"_woosea_size":[""],"_woosea_gender":[""],"_woosea_material":[""],"_woosea_pattern":[""],"_woosea_optimized_title":[""],"_woosea_unit_pricing_measure":[""],"_woosea_unit_pricing_base_measure":[""],"_woosea_condition":[""],"_woosea_age_group":["adult"],"_woosea_installment_months":[""],"_woosea_installment_amount":[""],"_woosea_exclude_product":["no"],"_woosea_cost_of_good_sold":[""],"_woosea_multipack":[""],"_woosea_is_bundle":[""],"_woosea_energy_efficiency_class":[""],"_woosea_min_energy_efficiency_class":[""],"_woosea_max_energy_efficiency_class":[""],"_woosea_is_promotion":[""],"_woosea_custom_field_0":[""],"_woosea_custom_field_1":[""],"_woosea_custom_field_2":[""],"_woosea_custom_field_3":[""],"_woosea_custom_field_4":[""],"_pys_head_footer":["a:7:{s:14:\"disable_global\";b:0;s:8:\"head_any\";s:0:\"\";s:12:\"head_desktop\";s:0:\"\";s:11:\"head_mobile\";s:0:\"\";s:10:\"footer_any\";s:0:\"\";s:14:\"footer_desktop\";s:0:\"\";s:13:\"footer_mobile\";s:0:\"\";}"],"_customs_description":[""],"_is_non_returnable":["no"],"_wpml_media_has_media":["1"],"litespeed_vpi_list_mobile":["a:2:{i:0;s:8:\"logo.png\";i:1;s:80:\"Louis-Vuitton-Metis-Rose-Poudre-vorn-schulterriemen-2023-0271-scaled-500x500.jpg\";}"],"_internal_date_code":["Nicht vorhanden"],"_internal_product_origin":["Spanien"],"ast-site-content-layout":["default"],"site-content-style":["default"],"site-sidebar-style":["default"],"litespeed_vpi_list":["a:5:{i:0;s:8:\"logo.png\";i:1;s:6:\"de.png\";i:2;s:80:\"Louis-Vuitton-Metis-Rose-Poudre-vorn-schulterriemen-2023-0271-scaled-500x500.jpg\";i:3;s:35:\"three-o-clock-clock-svgrepo-com.svg\";i:4;s:23:\"authentic_black_100.png\";}"],"_product_rating":["N"],"rank_math_robots":["a:1:{i:0;s:5:\"index\";}"],"_customer_view":["17"],"_custom_view_last_updated":["2026-02-19 12:31:56"],"_not_in_inventory_checkbox":[""],"_custom_html_content":[""],"_product_shipping_weight":["1kg"],"_manufacturer_slug":["polene"],"_safety_attachment_ids":["a:0:{}"],"_zettle_product_cat_id":[""],"_shipping_length":[""],"_shipping_width":[""],"_shipping_height":[""],"_nickx_video_text_url":["a:1:{i:0;s:0:\"\";}"],"_nickx_product_video_type":["a:1:{i:0;s:23:\"nickx_video_url_youtube\";}"],"_nickx_product_video_thumb_ids":["a:1:{i:0;s:0:\"\";}"],"_product_available_from_field":["2026-01-23T19:00"],"_safety_instructions":[""],"_product_reserve_till_field":[""],"similar_product_key":["1747132357"],"sib_push_meta_box_present":["1"],"sib_push_send_notification":["0"],"sib_push_target_segment_ids":["@ALL"],"_wireless_electronic_device":["no"],"_device_contains_power_supply":["no"],"_device_charging_supports_usb_pd":["no"],"_device_charging_watt_min":["0"],"_device_charging_watt_max":["0"],"rank_math_primary_product_brand":["2065"],"_ame_cpe_post_policy":["{\"accessProtection\":{\"active\":\"replace\"}}"],"_wpml_post_translation_editor_native":["no"],"_izettle_barcode":[""],"_izettle_nosync":[""],"_izettle_cost_price":[""],"_izettle_special_price":[""],"_izettle_product_name":[""],"_izettle_image_lookup_key":["3kyncy1cEe-udXp3qLWasA-_EwoPXjgEfCEqoOyza8esQ"],"woocommerce_izettle_product_uuid":["fc4f0c84-78e0-11f0-a377-353536383939"],"woocommerce_izettle_variant_uuid":["fc4f2af2-78e0-11f0-9015-353536383939"],"_izettle_updated":["1755237603"],"sib_push_send_notification_delay_seconds":["0"],"_is_non_alcoholic":["no"],"_mid_code":[""],"_ship_separately_via":[""],"_shipping_weight":[""],"last_permotional_email_sent_on":["16.12.2025 08:17"],"_product_reserve_add_cart_link_key":["QanEgpRcNFPuZfSehtJKDjsmOXMVzoBLWTdvxIkbwrCYHqUGiyAl1766133383"],"_sku":["P6-1092"],"_edit_lock":["1771058385:4"],"_edit_last":["4"],"_entrupy_echtheitszertifikat":[""],"_gdrive_field":["https:\/\/drive.google.com\/drive\/u\/1\/folders\/1ijwUcU0o0a3dYrANi1mvKAoc5bTnA_Ki"],"astra-migrate-meta-layouts":["set"],"rank_math_analytic_object_id":["61"],"_wcml_average_rating":[null],"_wcml_review_count":[null],"_wcml_rating_count":[null],"rank_math_internal_links_processed":["1"],"_uag_page_assets":["a:9:{s:3:\"css\";s:0:\"\";s:2:\"js\";s:0:\"\";s:18:\"current_block_list\";a:6:{i:0;s:26:\"woocommerce\/filter-wrapper\";i:1;s:24:\"woocommerce\/price-filter\";i:2;s:30:\"woocommerce\/product-categories\";i:3;s:14:\"core\/paragraph\";i:4;s:14:\"core\/shortcode\";i:5;s:11:\"core\/search\";}s:8:\"uag_flag\";b:0;s:11:\"uag_version\";s:10:\"1777326261\";s:6:\"gfonts\";a:0:{}s:10:\"gfonts_url\";s:0:\"\";s:12:\"gfonts_files\";a:0:{}s:14:\"uag_faq_layout\";b:0;}"],"_wc_rating_count":[""]},"uagb_featured_image_src":{"full":["https:\/\/truelangtest.ilovehandbags.com\/wp-content\/uploads\/sites\/3\/Polene-Numero-Neuf-1092-17.jpg",2048,1536,false],"thumbnail":["https:\/\/truelangtest.ilovehandbags.com\/wp-content\/uploads\/sites\/3\/Polene-Numero-Neuf-1092-17-150x150.jpg",150,150,true],"medium":["https:\/\/truelangtest.ilovehandbags.com\/wp-content\/uploads\/sites\/3\/Polene-Numero-Neuf-1092-17-300x300.jpg",300,300,true],"medium_large":["https:\/\/truelangtest.ilovehandbags.com\/wp-content\/uploads\/sites\/3\/Polene-Numero-Neuf-1092-17-768x768.jpg",768,768,true],"large":["https:\/\/truelangtest.ilovehandbags.com\/wp-content\/uploads\/sites\/3\/Polene-Numero-Neuf-1092-17-1024x1024.jpg",1024,1024,true],"1536x1536":["https:\/\/truelangtest.ilovehandbags.com\/wp-content\/uploads\/sites\/3\/Polene-Numero-Neuf-1092-17.jpg",1536,1152,false],"2048x2048":["https:\/\/truelangtest.ilovehandbags.com\/wp-content\/uploads\/sites\/3\/Polene-Numero-Neuf-1092-17.jpg",2048,1536,false],"woocommerce_thumbnail":["https:\/\/truelangtest.ilovehandbags.com\/wp-content\/uploads\/sites\/3\/Polene-Numero-Neuf-1092-17-500x500.jpg",500,500,true],"woocommerce_single":["https:\/\/truelangtest.ilovehandbags.com\/wp-content\/uploads\/sites\/3\/Polene-Numero-Neuf-1092-17-500x500.jpg",500,500,true],"woocommerce_gallery_thumbnail":["https:\/\/truelangtest.ilovehandbags.com\/wp-content\/uploads\/sites\/3\/Polene-Numero-Neuf-1092-17-100x100.jpg",100,100,true]},"uagb_author_info":{"display_name":"ILoveHandbags","author_link":"https:\/\/truelangtest.ilovehandbags.com\/de\/author\/"},"uagb_comment_info":0,"uagb_excerpt":"Die Pol\u00e8ne Num\u00e9ro Neuf in Beige steht f\u00fcr modernen Pariser Chic und verk\u00f6rpert genau jene elegante, weich strukturierte Silhouette, f\u00fcr die Pol\u00e8ne international so gesch\u00e4tzt wird. Das hochwertige, genarbte Leder in einem warmen, vielseitigen Beigeton verleiht der Tasche eine luxuri\u00f6se Haptik und macht sie zu einem zeitlosen Begleiter, der sich m\u00fchelos in jede Garderobe einf\u00fcgt.&hellip;","_links":{"self":[{"href":"https:\/\/truelangtest.ilovehandbags.com\/de\/wp-json\/wp\/v2\/product\/74337","targetHints":{"allow":["GET"]}}],"collection":[{"href":"https:\/\/truelangtest.ilovehandbags.com\/de\/wp-json\/wp\/v2\/product"}],"about":[{"href":"https:\/\/truelangtest.ilovehandbags.com\/de\/wp-json\/wp\/v2\/types\/product"}],"wp:featuredmedia":[{"embeddable":true,"href":"https:\/\/truelangtest.ilovehandbags.com\/de\/wp-json\/wp\/v2\/media\/74342"}],"wp:attachment":[{"href":"https:\/\/truelangtest.ilovehandbags.com\/de\/wp-json\/wp\/v2\/media?parent=74337"}],"wp:term":[{"taxonomy":"product_brand","embeddable":true,"href":"https:\/\/truelangtest.ilovehandbags.com\/de\/wp-json\/wp\/v2\/product_brand?post=74337"},{"taxonomy":"product_cat","embeddable":true,"href":"https:\/\/truelangtest.ilovehandbags.com\/de\/wp-json\/wp\/v2\/product_cat?post=74337"},{"taxonomy":"product_tag","embeddable":true,"href":"https:\/\/truelangtest.ilovehandbags.com\/de\/wp-json\/wp\/v2\/product_tag?post=74337"}],"curies":[{"name":"wp","href":"https:\/\/api.w.org\/{rel}","templated":true}]}}