{"id":74444,"date":"2026-01-20T16:09:54","date_gmt":"2026-01-20T15:09:54","guid":{"rendered":"https:\/\/ilovehandbags.com\/?post_type=product&#038;p=74444"},"modified":"2026-02-19T13:07:05","modified_gmt":"2026-02-19T12:07:05","slug":"cest-dior-denim-1095","status":"publish","type":"product","link":"https:\/\/truelangtest.ilovehandbags.com\/de\/cest-dior-denim-1095\/","title":{"rendered":"C&#8217;est Dior Bucket Bag Denim"},"content":{"rendered":"","protected":false},"excerpt":{"rendered":"<p data-start=\"99\" data-end=\"379\">Die C\u2019est Dior Bag Bucket Bag in Denim verbindet entspannte Modernit\u00e4t mit der ikonischen Eleganz des Hauses Dior. Der hochwertige Denimstoff verleiht dem Modell eine l\u00e4ssige, zeitgem\u00e4\u00dfe Note, w\u00e4hrend die klare, strukturierte Silhouette den luxuri\u00f6sen Charakter der Tasche unterstreicht. Besonders vielseitig wird die C\u2019est Dior durch ihre beiden Trageoptionen: Sie verf\u00fcgt \u00fcber einen kurzen Lederhandgriff, der der Tasche eine elegante, handliche Note verleiht, sowie \u00fcber eine separate, verstellbare Schulterkette mit Leder, die dir sowohl klassisches Schultertragen als auch ein modernes Crossbody-Styling erm\u00f6glicht. So kannst du den Look flexibel an deinen Alltag und dein Outfit anpassen. Trotz ihres kompakten Formats bietet die Tasche ausreichend Platz f\u00fcr deine wichtigsten Essentials wie Smartphone, kleine Geldb\u00f6rse und Make-up. Die hochwertigen Metallelemente setzen dezente, edle Akzente und harmonieren perfekt mit dem strukturierten Denim. Mit ihrer Kombination aus l\u00e4ssigem Material, luxuri\u00f6ser Verarbeitung und vielseitigen Tragem\u00f6glichkeiten ist die C\u2019est Dior Denim die ideale Begleiterin f\u00fcr alle, die ein modernes, unkompliziertes und dennoch \u00e4u\u00dferst stilvolles Accessoire suchen.<\/p>\n","protected":false},"featured_media":74455,"template":"","meta":{"_uag_custom_page_level_css":"","site-sidebar-layout":"default","site-content-layout":"default","ast-site-content-layout":"default","site-content-style":"default","site-sidebar-style":"default","ast-global-header-display":"","ast-banner-title-visibility":"","ast-main-header-display":"","ast-hfb-above-header-display":"","ast-hfb-below-header-display":"","ast-hfb-mobile-header-display":"","site-post-title":"","ast-breadcrumbs-content":"","ast-featured-img":"","footer-sml-layout":"","ast-disable-related-posts":"","theme-transparent-header-meta":"default","adv-header-id-meta":"","stick-header-meta":"default","header-above-stick-meta":"","header-main-stick-meta":"","header-below-stick-meta":"","astra-migrate-meta-layouts":"set","ast-page-background-enabled":"default","ast-page-background-meta":{"desktop":{"background-color":"var(--ast-global-color-4)","background-image":"","background-repeat":"repeat","background-position":"center center","background-size":"auto","background-attachment":"scroll","background-type":"","background-media":"","overlay-type":"","overlay-color":"","overlay-opacity":"","overlay-gradient":""},"tablet":{"background-color":"","background-image":"","background-repeat":"repeat","background-position":"center center","background-size":"auto","background-attachment":"scroll","background-type":"","background-media":"","overlay-type":"","overlay-color":"","overlay-opacity":"","overlay-gradient":""},"mobile":{"background-color":"","background-image":"","background-repeat":"repeat","background-position":"center center","background-size":"auto","background-attachment":"scroll","background-type":"","background-media":"","overlay-type":"","overlay-color":"","overlay-opacity":"","overlay-gradient":""}},"ast-content-background-meta":{"desktop":{"background-color":"var(--ast-global-color-5)","background-image":"","background-repeat":"repeat","background-position":"center center","background-size":"auto","background-attachment":"scroll","background-type":"","background-media":"","overlay-type":"","overlay-color":"","overlay-opacity":"","overlay-gradient":""},"tablet":{"background-color":"var(--ast-global-color-5)","background-image":"","background-repeat":"repeat","background-position":"center center","background-size":"auto","background-attachment":"scroll","background-type":"","background-media":"","overlay-type":"","overlay-color":"","overlay-opacity":"","overlay-gradient":""},"mobile":{"background-color":"var(--ast-global-color-5)","background-image":"","background-repeat":"repeat","background-position":"center center","background-size":"auto","background-attachment":"scroll","background-type":"","background-media":"","overlay-type":"","overlay-color":"","overlay-opacity":"","overlay-gradient":""}},"_glsr_average":0,"_glsr_ranking":0,"_glsr_reviews":0},"product_brand":[1586],"product_cat":[1191,208,205,204,449],"product_tag":[2072,1903,1193],"class_list":{"0":"post-74444","1":"product","2":"type-product","3":"status-publish","4":"has-post-thumbnail","6":"product_brand-dior","7":"product_cat-dior","8":"product_cat-handtaschen","9":"product_cat-tragetaschen","10":"product_cat-umhaengetaschen","11":"product_cat-bald-wieder-da","12":"product_tag-cest-dior","13":"product_tag-christian-dior","14":"product_tag-dior","15":"desktop-align-left","16":"tablet-align-left","17":"mobile-align-left","18":"ast-product-gallery-layout-first-image-large","19":"ast-magnify-disabled","20":"ast-product-tabs-layout-accordion","22":"first","23":"outofstock","24":"sold-individually","25":"purchasable","26":"product-type-simple"},"spectra_custom_meta":{"copied_media_ids":["a:0:{}","a:0:{}","a:0:{}","a:0:{}"],"referenced_media_ids":["a:18:{i:0;i:74455;i:1;i:74446;i:2;i:74447;i:3;i:74456;i:4;i:74462;i:5;i:74463;i:6;i:74453;i:7;i:74451;i:8;i:74450;i:9;i:74452;i:10;i:74461;i:11;i:74458;i:12;i:74460;i:13;i:74457;i:14;i:74448;i:15;i:74454;i:16;i:74449;i:17;i:74459;}","a:18:{i:0;i:74455;i:1;i:74446;i:2;i:74447;i:3;i:74456;i:4;i:74462;i:5;i:74463;i:6;i:74453;i:7;i:74451;i:8;i:74450;i:9;i:74452;i:10;i:74461;i:11;i:74458;i:12;i:74460;i:13;i:74457;i:14;i:74448;i:15;i:74454;i:16;i:74449;i:17;i:74459;}","a:18:{i:0;i:74455;i:1;i:74446;i:2;i:74447;i:3;i:74456;i:4;i:74462;i:5;i:74463;i:6;i:74453;i:7;i:74451;i:8;i:74450;i:9;i:74452;i:10;i:74461;i:11;i:74458;i:12;i:74460;i:13;i:74457;i:14;i:74448;i:15;i:74454;i:16;i:74449;i:17;i:74459;}","a:18:{i:0;i:74455;i:1;i:74446;i:2;i:74447;i:3;i:74456;i:4;i:74462;i:5;i:74463;i:6;i:74453;i:7;i:74451;i:8;i:74450;i:9;i:74452;i:10;i:74461;i:11;i:74458;i:12;i:74460;i:13;i:74457;i:14;i:74448;i:15;i:74454;i:16;i:74449;i:17;i:74459;}"],"_regular_price":["2800"],"total_sales":["1"],"_tax_status":["none"],"_tax_class":[""],"_manage_stock":["yes"],"_backorders":["no"],"_sold_individually":["yes"],"_virtual":["no"],"_downloadable":["no"],"_product_image_gallery":["74446,74447,74456,74462,74463,74453,74451,74450,74452,74461,74458,74460,74457,74448,74454,74449,74459"],"_download_limit":["-1"],"_download_expiry":["-1"],"_thumbnail_id":["74455"],"_stock":["0"],"_stock_status":["outofstock"],"_wc_average_rating":[0],"_wc_review_count":["0"],"_product_attributes":["a:3:{s:8:\"pa_brand\";a:7:{s:4:\"name\";s:8:\"pa_brand\";s:5:\"value\";s:0:\"\";s:8:\"position\";i:1;s:10:\"is_visible\";i:0;s:12:\"is_variation\";i:0;s:11:\"is_taxonomy\";i:1;s:16:\"checkout_visible\";i:0;}s:8:\"pa_color\";a:7:{s:4:\"name\";s:8:\"pa_color\";s:5:\"value\";s:0:\"\";s:8:\"position\";i:2;s:10:\"is_visible\";i:0;s:12:\"is_variation\";i:0;s:11:\"is_taxonomy\";i:1;s:16:\"checkout_visible\";i:0;}s:9:\"pa_gender\";a:7:{s:4:\"name\";s:9:\"pa_gender\";s:5:\"value\";s:0:\"\";s:8:\"position\";i:3;s:10:\"is_visible\";i:0;s:12:\"is_variation\";i:0;s:11:\"is_taxonomy\";i:1;s:16:\"checkout_visible\";i:0;}}"],"_product_version":["10.5.2"],"_price":["2800"],"_not_in_inventory_checkbox":["",""],"_wpml_media_featured":["1","1","1","1","1","1","1","1"],"_wpml_media_duplicate":["1","1","1","1","1","1","1","1"],"_wpml_word_count":["218"],"_wpml_location_migration_done":["1"],"_fusion":["a:3:{s:17:\"slider_visibility\";s:51:\"small-visibility,medium-visibility,large-visibility\";s:11:\"slider_type\";s:2:\"no\";s:9:\"wooslider\";s:1:\"0\";}"],"rank_math_seo_score":["76"],"rank_math_focus_keyword":["dior"],"_purchase_price_field":["2100"],"_internal_warehouse_number_field":["P6-1095-K"],"_unit":[""],"_unit_base":[""],"_unit_product":[""],"_unit_price_auto":["no"],"_unit_price_regular":[""],"_unit_price":[""],"_unit_price_sale":[""],"_sale_price_label":[""],"_sale_price_regular_label":[""],"_mini_desc":["C'est Dior Bucket Bag Denim"],"_defect_description":[""],"_allergen_ids":["a:0:{}"],"_warranty_attachment_id":[""],"_min_age":[""],"_ts_gtin":[""],"_ts_mpn":[""],"_delivery_time_countries":["a:0:{}"],"_free_shipping":["no"],"_service":["no"],"_photovoltaic_system":["no"],"_used_good":["yes"],"_defective_copy":["no"],"_is_food":["no"],"_differential_taxation":["yes"],"_gzd_version":["3.20.5"],"_hs_code":[""],"_manufacture_country":[""],"_rank_math_gtin_code":[""],"_fusion_google_fonts":[""],"fusion_builder_status":["active"],"rank_math_primary_product_cat":["0"],"_wcml_custom_prices_status":["1"],"avada_post_views_count":["18"],"avada_today_post_views_count":["2"],"avada_post_views_count_today_date":["14-04-2023"],"_sale_price_dates_to_USD":[""],"_sale_price_dates_from_USD":[""],"_sale_price_USD":[""],"_regular_price_USD":[""],"_wcml_schedule_USD":["0"],"_deposit_type":[""],"_nutrient_ids":["a:0:{}"],"_nutrient_reference_value":["100g"],"_ingredients":[""],"_nutri_score":[""],"_alcohol_content":[""],"_drained_weight":[""],"_net_filling_quantity":[""],"_food_distributor":[""],"_food_description":[""],"_food_place_of_origin":[""],"_deposit_quantity":[""],"yikes_woo_products_tabs":["a:2:{i:0;a:3:{s:5:\"title\";s:21:\"Weitere Informationen\";s:2:\"id\";s:21:\"weitere-informationen\";s:7:\"content\";s:360:\"<strong>Material au\u00dfen:<\/strong> Blaues Jacquard-Denim mit Bes\u00e4tzen aus Rindsleder und goldfarbener Hardware\r\n<strong>Material innen:<\/strong> Blaues Denimfutter\r\n<strong>Ma\u00dfe:<\/strong> (B) <bdo dir=\"ltr\">24 x (H) 25 x (T) 9<\/bdo>\u00a0cm\r\n<strong>Date Code \/ Herstellungsjahr: <\/strong>15-MA-0234 \/ 2024\r\n<strong>Lieferumfang: <\/strong>Dior Box und Staubbeutel\";}i:1;a:3:{s:5:\"title\";s:7:\"Zustand\";s:2:\"id\";s:7:\"zustand\";s:7:\"content\";s:257:\"<strong>Gesamtzustand: <\/strong>Neuwertig\r\n<strong>Jacquard-Denim:<\/strong> Intakt\r\n<strong>Leder:<\/strong> Intakt mit minimalen Gebrauchsspuren\r\n<strong>Hardware: <\/strong>Vereinzelt minimale Gebrauchsspuren<strong>\r\nInnenraum: <\/strong>Sauber und gepflegt\";}}"],"site-sidebar-layout":["default"],"site-content-layout":["default"],"theme-transparent-header-meta":["default"],"stick-header-meta":["default"],"_wp_old_date":["2023-04-14","2023-05-08","2023-05-15","2023-05-27","2025-11-13","2025-11-19","2026-01-21"],"_pys_conversion_label_settings":["a:3:{s:6:\"enable\";b:0;s:5:\"label\";s:0:\"\";s:2:\"id\";s:14:\"AW-11184563350\";}"],"_pys_super_pack_cpt_url":[""],"_pys_super_pack_cpt_condition":["only"],"_pys_super_pack_cpt_cart":["hidden"],"_pys_head_footer":["a:7:{s:14:\"disable_global\";b:0;s:8:\"head_any\";s:0:\"\";s:12:\"head_desktop\";s:0:\"\";s:11:\"head_mobile\";s:0:\"\";s:10:\"footer_any\";s:0:\"\";s:14:\"footer_desktop\";s:0:\"\";s:13:\"footer_mobile\";s:0:\"\";}"],"_borlabs-cookie-custom-code":[""],"_woosea_brand":[""],"_woosea_mpn":[""],"_woosea_upc":[""],"_woosea_ean":[""],"_woosea_gtin":[""],"_woosea_color":[""],"_woosea_size":[""],"_woosea_gender":[""],"_woosea_material":[""],"_woosea_pattern":[""],"_woosea_optimized_title":[""],"_woosea_unit_pricing_measure":[""],"_woosea_unit_pricing_base_measure":[""],"_woosea_condition":[""],"_woosea_age_group":["adult"],"_woosea_installment_months":[""],"_woosea_installment_amount":[""],"_woosea_exclude_product":["no"],"_woosea_cost_of_good_sold":[""],"_woosea_multipack":[""],"_woosea_is_bundle":[""],"_woosea_energy_efficiency_class":[""],"_woosea_min_energy_efficiency_class":[""],"_woosea_max_energy_efficiency_class":[""],"_woosea_is_promotion":[""],"_woosea_custom_field_0":[""],"_woosea_custom_field_1":[""],"_woosea_custom_field_2":[""],"_woosea_custom_field_3":[""],"_woosea_custom_field_4":[""],"litespeed_vpi_list":["a:2:{i:0;s:8:\"logo.png\";i:1;s:58:\"Louis-.Vuitton-OnthegoMM-vorn-2023-0215-scaled-500x500.jpg\";}"],"_customs_description":[""],"_is_non_returnable":["no"],"litespeed_vpi_list_mobile":["a:2:{i:0;s:8:\"logo.png\";i:1;s:58:\"Louis-.Vuitton-OnthegoMM-vorn-2023-0215-scaled-500x500.jpg\";}"],"_internal_date_code":["15-MA-0234"],"_internal_product_origin":["Italien"],"_product_rating":["N"],"_wpml_media_has_media":["1"],"ast-site-content-layout":["default"],"site-content-style":["default"],"site-sidebar-style":["default"],"_sale_price_dates_to_CHF":[""],"_sale_price_dates_from_CHF":[""],"_sale_price_CHF":[""],"_regular_price_CHF":[""],"_wcml_schedule_CHF":["0"],"_sale_price_dates_to_GBP":[""],"_sale_price_dates_from_GBP":[""],"_sale_price_GBP":[""],"_regular_price_GBP":[""],"_wcml_schedule_GBP":["0"],"_rank_math_video":["true"],"rank_math_robots":["a:1:{i:0;s:5:\"index\";}"],"_customer_view":["16"],"_custom_view_last_updated":["2026-02-16 09:55:55"],"_custom_html_content":[""],"_shipping_length":[""],"_shipping_width":[""],"_shipping_height":[""],"_izettle_image_lookup_key":["3kyncy1cEe-udXp3qLWasA-ns7SNC1tEe-ZRBmxHmPdbA"],"woocommerce_izettle_product_uuid":["9ed28226-2d6d-11ef-9bbf-353536383939"],"woocommerce_izettle_variant_uuid":["9ed299fa-2d6d-11ef-9298-353536383939"],"_izettle_updated":["1718713431"],"_product_shipping_weight":["1kg"],"_product_available_from_field":["2026-01-23T19:00"],"_manufacturer_slug":["christian-dior-se"],"_safety_instructions":[""],"_safety_attachment_ids":["a:0:{}"],"_izettle_barcode":[""],"_izettle_nosync":[""],"_izettle_cost_price":[""],"_izettle_special_price":[""],"_izettle_product_name":[""],"_zettle_product_cat_id":[""],"_nickx_video_text_url":["a:1:{i:0;s:0:\"\";}"],"_nickx_product_video_type":["a:1:{i:0;s:23:\"nickx_video_url_youtube\";}"],"_nickx_product_video_thumb_ids":["a:1:{i:0;s:0:\"\";}"],"_product_reserve_till_field":[""],"similar_product_key":["1762885857"],"sib_push_meta_box_present":["1"],"sib_push_send_notification":["0"],"sib_push_send_notification_delay_seconds":["0"],"sib_push_target_segment_ids":["@ALL"],"_is_non_alcoholic":["no"],"_wireless_electronic_device":["no"],"_device_contains_power_supply":["no"],"_device_charging_supports_usb_pd":["no"],"_device_charging_watt_min":[""],"_device_charging_watt_max":[""],"_ship_separately_via":[""],"rank_math_primary_product_brand":["1586"],"_ame_cpe_post_policy":["{\"accessProtection\":{\"active\":\"replace\"}}"],"_gdrive_field":["https:\/\/drive.google.com\/drive\/u\/2\/folders\/1SvoHG6bDAO7ZNaSHJrOW_dKeDb1L47BT"],"_mid_code":[""],"_shipping_weight":[""],"_entrupy_echtheitszertifikat":["yes"],"_sku":["P6-1095-K"],"_edit_lock":["1771506934:4"],"_edit_last":["4"],"_wpml_post_translation_editor_native":["no"],"_wpml_post_translation_editor_wpml":["wpml"],"rank_math_analytic_object_id":["57"],"_wcml_average_rating":[null],"_wcml_review_count":[null],"_wcml_rating_count":[null],"astra-migrate-meta-layouts":["set"],"rank_math_internal_links_processed":["1"],"_uag_page_assets":["a:9:{s:3:\"css\";s:0:\"\";s:2:\"js\";s:0:\"\";s:18:\"current_block_list\";a:6:{i:0;s:26:\"woocommerce\/filter-wrapper\";i:1;s:24:\"woocommerce\/price-filter\";i:2;s:30:\"woocommerce\/product-categories\";i:3;s:14:\"core\/paragraph\";i:4;s:14:\"core\/shortcode\";i:5;s:11:\"core\/search\";}s:8:\"uag_flag\";b:0;s:11:\"uag_version\";s:10:\"1777326261\";s:6:\"gfonts\";a:0:{}s:10:\"gfonts_url\";s:0:\"\";s:12:\"gfonts_files\";a:0:{}s:14:\"uag_faq_layout\";b:0;}"],"_wc_rating_count":[""]},"uagb_featured_image_src":{"full":["https:\/\/truelangtest.ilovehandbags.com\/wp-content\/uploads\/sites\/3\/Cest-Dior-1095-09.jpg",2048,1536,false],"thumbnail":["https:\/\/truelangtest.ilovehandbags.com\/wp-content\/uploads\/sites\/3\/Cest-Dior-1095-09-150x150.jpg",150,150,true],"medium":["https:\/\/truelangtest.ilovehandbags.com\/wp-content\/uploads\/sites\/3\/Cest-Dior-1095-09-300x300.jpg",300,300,true],"medium_large":["https:\/\/truelangtest.ilovehandbags.com\/wp-content\/uploads\/sites\/3\/Cest-Dior-1095-09-768x768.jpg",768,768,true],"large":["https:\/\/truelangtest.ilovehandbags.com\/wp-content\/uploads\/sites\/3\/Cest-Dior-1095-09-1024x1024.jpg",1024,1024,true],"1536x1536":["https:\/\/truelangtest.ilovehandbags.com\/wp-content\/uploads\/sites\/3\/Cest-Dior-1095-09.jpg",1536,1152,false],"2048x2048":["https:\/\/truelangtest.ilovehandbags.com\/wp-content\/uploads\/sites\/3\/Cest-Dior-1095-09.jpg",2048,1536,false],"woocommerce_thumbnail":["https:\/\/truelangtest.ilovehandbags.com\/wp-content\/uploads\/sites\/3\/Cest-Dior-1095-09-500x500.jpg",500,500,true],"woocommerce_single":["https:\/\/truelangtest.ilovehandbags.com\/wp-content\/uploads\/sites\/3\/Cest-Dior-1095-09-500x500.jpg",500,500,true],"woocommerce_gallery_thumbnail":["https:\/\/truelangtest.ilovehandbags.com\/wp-content\/uploads\/sites\/3\/Cest-Dior-1095-09-100x100.jpg",100,100,true]},"uagb_author_info":{"display_name":"ILoveHandbags","author_link":"https:\/\/truelangtest.ilovehandbags.com\/de\/author\/"},"uagb_comment_info":0,"uagb_excerpt":"Die C\u2019est Dior Bag Bucket Bag in Denim verbindet entspannte Modernit\u00e4t mit der ikonischen Eleganz des Hauses Dior. Der hochwertige Denimstoff verleiht dem Modell eine l\u00e4ssige, zeitgem\u00e4\u00dfe Note, w\u00e4hrend die klare, strukturierte Silhouette den luxuri\u00f6sen Charakter der Tasche unterstreicht. Besonders vielseitig wird die C\u2019est Dior durch ihre beiden Trageoptionen: Sie verf\u00fcgt \u00fcber einen kurzen Lederhandgriff,&hellip;","_links":{"self":[{"href":"https:\/\/truelangtest.ilovehandbags.com\/de\/wp-json\/wp\/v2\/product\/74444","targetHints":{"allow":["GET"]}}],"collection":[{"href":"https:\/\/truelangtest.ilovehandbags.com\/de\/wp-json\/wp\/v2\/product"}],"about":[{"href":"https:\/\/truelangtest.ilovehandbags.com\/de\/wp-json\/wp\/v2\/types\/product"}],"wp:featuredmedia":[{"embeddable":true,"href":"https:\/\/truelangtest.ilovehandbags.com\/de\/wp-json\/wp\/v2\/media\/74455"}],"wp:attachment":[{"href":"https:\/\/truelangtest.ilovehandbags.com\/de\/wp-json\/wp\/v2\/media?parent=74444"}],"wp:term":[{"taxonomy":"product_brand","embeddable":true,"href":"https:\/\/truelangtest.ilovehandbags.com\/de\/wp-json\/wp\/v2\/product_brand?post=74444"},{"taxonomy":"product_cat","embeddable":true,"href":"https:\/\/truelangtest.ilovehandbags.com\/de\/wp-json\/wp\/v2\/product_cat?post=74444"},{"taxonomy":"product_tag","embeddable":true,"href":"https:\/\/truelangtest.ilovehandbags.com\/de\/wp-json\/wp\/v2\/product_tag?post=74444"}],"curies":[{"name":"wp","href":"https:\/\/api.w.org\/{rel}","templated":true}]}}