{"id":74992,"date":"2026-01-27T20:40:47","date_gmt":"2026-01-27T19:40:47","guid":{"rendered":"https:\/\/ilovehandbags.com\/?post_type=product&#038;p=74992"},"modified":"2026-04-21T12:31:40","modified_gmt":"2026-04-21T10:31:40","slug":"prada-cahier-constellation-1104","status":"publish","type":"product","link":"https:\/\/truelangtest.ilovehandbags.com\/de\/prada-cahier-constellation-1104\/","title":{"rendered":"Prada Cahier Constellation"},"content":{"rendered":"","protected":false},"excerpt":{"rendered":"<p data-start=\"173\" data-end=\"679\">Diese PRADA Cahier Constellation ist eine au\u00dfergew\u00f6hnliche Micro-Bag und ein echtes Schmuckst\u00fcck f\u00fcr Liebhaberinnen exklusiver Designer-Accessoires. Gefertigt aus hochwertigem Leder, besticht dieses rare Modell mit seinem kunstvollen Constellation-Design in ausdrucksstarken Lila- und Multicolor-Nuancen. Die von Sternbildern inspirierte Gestaltung verleiht der Tasche eine besondere, fast mystische Ausstrahlung und macht sie zu einem stilvollen Statement f\u00fcr Individualit\u00e4t und kosmische Eleganz. Als kompakte Tasche bietet die PRADA Cahier Constellation Platz f\u00fcr die wichtigsten Essentials wie Karten, Schl\u00fcssel und Lippenstift und ist damit ideal f\u00fcr besondere Anl\u00e4sse, Abendevents oder als luxuri\u00f6ses Highlight zu einem minimalistischen Look. Trotz ihres kleinen Formats \u00fcberzeugt sie durch die ikonische Cahier-Silhouette und die hochwertige Verarbeitung, f\u00fcr die <span class=\"hover:entity-accent entity-underline inline cursor-pointer align-baseline\"><span class=\"whitespace-normal\">Prada<\/span><\/span> weltweit bekannt ist. Als limitierte Edition ist diese Micro-Bag nur selten erh\u00e4ltlich und richtet sich an Frauen, die au\u00dfergew\u00f6hnliches Design, Exklusivit\u00e4t und symbolische Details sch\u00e4tzen.<\/p>\n","protected":false},"featured_media":74995,"template":"","meta":{"_uag_custom_page_level_css":"","site-sidebar-layout":"default","site-content-layout":"default","ast-site-content-layout":"default","site-content-style":"default","site-sidebar-style":"default","ast-global-header-display":"","ast-banner-title-visibility":"","ast-main-header-display":"","ast-hfb-above-header-display":"","ast-hfb-below-header-display":"","ast-hfb-mobile-header-display":"","site-post-title":"","ast-breadcrumbs-content":"","ast-featured-img":"","footer-sml-layout":"","ast-disable-related-posts":"","theme-transparent-header-meta":"default","adv-header-id-meta":"","stick-header-meta":"default","header-above-stick-meta":"","header-main-stick-meta":"","header-below-stick-meta":"","astra-migrate-meta-layouts":"set","ast-page-background-enabled":"default","ast-page-background-meta":{"desktop":{"background-color":"var(--ast-global-color-4)","background-image":"","background-repeat":"repeat","background-position":"center center","background-size":"auto","background-attachment":"scroll","background-type":"","background-media":"","overlay-type":"","overlay-color":"","overlay-opacity":"","overlay-gradient":""},"tablet":{"background-color":"","background-image":"","background-repeat":"repeat","background-position":"center center","background-size":"auto","background-attachment":"scroll","background-type":"","background-media":"","overlay-type":"","overlay-color":"","overlay-opacity":"","overlay-gradient":""},"mobile":{"background-color":"","background-image":"","background-repeat":"repeat","background-position":"center center","background-size":"auto","background-attachment":"scroll","background-type":"","background-media":"","overlay-type":"","overlay-color":"","overlay-opacity":"","overlay-gradient":""}},"ast-content-background-meta":{"desktop":{"background-color":"var(--ast-global-color-5)","background-image":"","background-repeat":"repeat","background-position":"center center","background-size":"auto","background-attachment":"scroll","background-type":"","background-media":"","overlay-type":"","overlay-color":"","overlay-opacity":"","overlay-gradient":""},"tablet":{"background-color":"var(--ast-global-color-5)","background-image":"","background-repeat":"repeat","background-position":"center center","background-size":"auto","background-attachment":"scroll","background-type":"","background-media":"","overlay-type":"","overlay-color":"","overlay-opacity":"","overlay-gradient":""},"mobile":{"background-color":"var(--ast-global-color-5)","background-image":"","background-repeat":"repeat","background-position":"center center","background-size":"auto","background-attachment":"scroll","background-type":"","background-media":"","overlay-type":"","overlay-color":"","overlay-opacity":"","overlay-gradient":""}},"_glsr_average":0,"_glsr_ranking":0,"_glsr_reviews":0},"product_brand":[1591],"product_cat":[242,237,1322,447],"product_tag":[1327,2082,2083],"class_list":{"0":"post-74992","1":"product","2":"type-product","3":"status-publish","4":"has-post-thumbnail","6":"product_brand-prada","7":"product_cat-kleine-taschen","8":"product_cat-kleinlederwaren","9":"product_cat-prada","10":"product_cat-sale","11":"product_tag-prada","12":"product_tag-prada-cahier","13":"product_tag-prada-cahier-constellation","14":"desktop-align-left","15":"tablet-align-left","16":"mobile-align-left","17":"ast-product-gallery-layout-first-image-large","18":"ast-magnify-disabled","19":"ast-product-tabs-layout-accordion","21":"first","22":"instock","23":"sale","24":"sold-individually","25":"purchasable","26":"product-type-simple"},"spectra_custom_meta":{"copied_media_ids":["a:0:{}","a:0:{}"],"referenced_media_ids":["a:16:{i:0;i:74995;i:1;i:75008;i:2;i:75009;i:3;i:74999;i:4;i:74994;i:5;i:75007;i:6;i:75000;i:7;i:74997;i:8;i:75005;i:9;i:75003;i:10;i:75002;i:11;i:74998;i:12;i:75001;i:13;i:75006;i:14;i:74996;i:15;i:75004;}","a:16:{i:0;i:74995;i:1;i:75008;i:2;i:75009;i:3;i:74999;i:4;i:74994;i:5;i:75007;i:6;i:75000;i:7;i:74997;i:8;i:75005;i:9;i:75003;i:10;i:75002;i:11;i:74998;i:12;i:75001;i:13;i:75006;i:14;i:74996;i:15;i:75004;}"],"_regular_price":["980"],"total_sales":["0"],"_tax_status":["none"],"_tax_class":[""],"_manage_stock":["yes"],"_backorders":["no"],"_sold_individually":["yes"],"_virtual":["no"],"_downloadable":["no"],"_product_image_gallery":["75008,75009,74999,74994,75007,75000,74997,75005,75003,75002,74998,75001,75006,74996,75004"],"_download_limit":["-1"],"_download_expiry":["-1"],"_thumbnail_id":["74995"],"_stock":["1"],"_stock_status":["instock"],"_wc_average_rating":[0],"_wc_review_count":["0"],"_product_attributes":["a:3:{s:8:\"pa_brand\";a:7:{s:4:\"name\";s:8:\"pa_brand\";s:5:\"value\";s:0:\"\";s:8:\"position\";i:0;s:10:\"is_visible\";i:0;s:12:\"is_variation\";i:1;s:11:\"is_taxonomy\";i:1;s:16:\"checkout_visible\";i:0;}s:8:\"pa_color\";a:7:{s:4:\"name\";s:8:\"pa_color\";s:5:\"value\";s:0:\"\";s:8:\"position\";i:1;s:10:\"is_visible\";i:0;s:12:\"is_variation\";i:1;s:11:\"is_taxonomy\";i:1;s:16:\"checkout_visible\";i:0;}s:9:\"pa_gender\";a:7:{s:4:\"name\";s:9:\"pa_gender\";s:5:\"value\";s:0:\"\";s:8:\"position\";i:2;s:10:\"is_visible\";i:0;s:12:\"is_variation\";i:1;s:11:\"is_taxonomy\";i:1;s:16:\"checkout_visible\";i:0;}}"],"_product_version":["10.7.0"],"_price":["880"],"_wpml_media_featured":["1","1","1","1","1","1"],"_wpml_media_duplicate":["1","1","1","1","1","1"],"_wpml_word_count":["195"],"_wpml_location_migration_done":["1"],"_fusion":["a:3:{s:17:\"slider_visibility\";s:51:\"small-visibility,medium-visibility,large-visibility\";s:11:\"slider_type\";s:2:\"no\";s:9:\"wooslider\";s:1:\"0\";}"],"rank_math_seo_score":["82"],"rank_math_focus_keyword":["prada"],"_purchase_price_field":["600"],"_internal_warehouse_number_field":["P6-1104-K"],"_unit":[""],"_unit_base":[""],"_unit_product":[""],"_unit_price_auto":["no"],"_unit_price_regular":[""],"_unit_price":[""],"_unit_price_sale":[""],"_sale_price_label":[""],"_sale_price_regular_label":[""],"_mini_desc":["Prada Cahier Constellation"],"_defect_description":[""],"_allergen_ids":["a:0:{}"],"_warranty_attachment_id":[""],"_min_age":[""],"_ts_gtin":[""],"_ts_mpn":[""],"_delivery_time_countries":["a:0:{}"],"_free_shipping":["no"],"_service":["no"],"_photovoltaic_system":["no"],"_used_good":["yes"],"_defective_copy":["no"],"_is_food":["no"],"_differential_taxation":["yes"],"_gzd_version":["4.0.3"],"_hs_code":[""],"_manufacture_country":[""],"_rank_math_gtin_code":[""],"_fusion_google_fonts":[""],"fusion_builder_status":["active"],"rank_math_primary_product_cat":["0"],"_wcml_custom_prices_status":["0"],"avada_post_views_count":["55"],"avada_today_post_views_count":["1"],"avada_post_views_count_today_date":["07-04-2023"],"yikes_woo_products_tabs":["a:2:{i:0;a:3:{s:5:\"title\";s:21:\"Weitere Informationen\";s:2:\"id\";s:21:\"weitere-informationen\";s:7:\"content\";s:284:\"<strong>Material au\u00dfen: <\/strong>Saffiano-Leder in Schwarz und Violett mit antikgoldfarbener Hardware\r\n<strong>Material innen: <\/strong>Schwarzes Leder\r\n<strong>Ma\u00dfe: <\/strong>(B) 11 x (H) 8\u00a0 x (T) 3 cm\r\n<strong>Lieferumfang:<\/strong> I Love Handbags Staubbeutel und Prada ID Karte\";}i:1;a:3:{s:5:\"title\";s:7:\"Zustand\";s:2:\"id\";s:7:\"zustand\";s:7:\"content\";s:240:\"<strong>Gesamtzustand: <\/strong>Neuwertig\r\n<strong>Material au\u00dfen: <\/strong>Intakt mit minimalen Gebrauchsspuren\r\n<strong>Hardware: <\/strong>Minimale Gebrauchsspuren\r\n<strong>Innenraum: <\/strong>Sauber mit leichten Gebrauchsspuren am Leder\";}}"],"_deposit_type":[""],"_nutrient_ids":["a:0:{}"],"_nutrient_reference_value":["100g"],"_ingredients":[""],"_nutri_score":[""],"_alcohol_content":[""],"_drained_weight":[""],"_net_filling_quantity":[""],"_food_distributor":[""],"_food_description":[""],"_food_place_of_origin":[""],"_deposit_quantity":[""],"site-sidebar-layout":["default"],"site-content-layout":["default"],"theme-transparent-header-meta":["default"],"stick-header-meta":["default"],"_pys_conversion_label_settings":["a:3:{s:6:\"enable\";b:0;s:5:\"label\";s:0:\"\";s:2:\"id\";s:14:\"AW-11184563350\";}"],"_pys_super_pack_cpt_url":[""],"_pys_super_pack_cpt_condition":["only"],"_pys_super_pack_cpt_cart":["hidden"],"_woosea_brand":[""],"_woosea_mpn":[""],"_woosea_upc":[""],"_woosea_ean":[""],"_woosea_gtin":[""],"_woosea_color":[""],"_woosea_size":[""],"_woosea_gender":[""],"_woosea_material":[""],"_woosea_pattern":[""],"_woosea_optimized_title":[""],"_woosea_unit_pricing_measure":[""],"_woosea_unit_pricing_base_measure":[""],"_woosea_condition":[""],"_woosea_age_group":["adult"],"_woosea_installment_months":[""],"_woosea_installment_amount":[""],"_woosea_exclude_product":["no"],"_woosea_cost_of_good_sold":[""],"_woosea_multipack":[""],"_woosea_is_bundle":[""],"_woosea_energy_efficiency_class":[""],"_woosea_min_energy_efficiency_class":[""],"_woosea_max_energy_efficiency_class":[""],"_woosea_is_promotion":[""],"_woosea_custom_field_0":[""],"_woosea_custom_field_1":[""],"_woosea_custom_field_2":[""],"_woosea_custom_field_3":[""],"_woosea_custom_field_4":[""],"_pys_head_footer":["a:7:{s:14:\"disable_global\";b:0;s:8:\"head_any\";s:0:\"\";s:12:\"head_desktop\";s:0:\"\";s:11:\"head_mobile\";s:0:\"\";s:10:\"footer_any\";s:0:\"\";s:14:\"footer_desktop\";s:0:\"\";s:13:\"footer_mobile\";s:0:\"\";}"],"_customs_description":[""],"_is_non_returnable":["no"],"_wpml_media_has_media":["1"],"ast-site-content-layout":["default"],"site-content-style":["default"],"site-sidebar-style":["default"],"litespeed_vpi_list_mobile":["a:2:{i:0;s:8:\"logo.png\";i:1;s:78:\"Louis-Vuitton-Schluesseletui-Monogram-Vorderseite-2023-0328-scaled-500x500.jpg\";}"],"litespeed_vpi_list":["a:4:{i:0;s:8:\"logo.png\";i:1;s:6:\"de.png\";i:2;s:78:\"Louis-Vuitton-Schluesseletui-Monogram-Vorderseite-2023-0328-scaled-500x500.jpg\";i:3;s:35:\"three-o-clock-clock-svgrepo-com.svg\";}"],"_internal_date_code":["233"],"_internal_product_origin":["Italien"],"_wp_old_date":["2023-09-08","2026-01-28"],"rank_math_robots":["a:1:{i:0;s:5:\"index\";}"],"_product_shipping_weight":["1kg"],"_product_rating":["A"],"_not_in_inventory_checkbox":["yes"],"_product_available_from_field":["2026-01-30T19:00"],"_manufacturer_slug":["prada-s-p-a"],"_safety_instructions":[""],"_safety_attachment_ids":["a:0:{}"],"_zettle_product_cat_id":[""],"_shipping_length":[""],"_shipping_width":[""],"_shipping_height":[""],"_nickx_video_text_url":["a:1:{i:0;s:0:\"\";}"],"_nickx_product_video_type":["a:1:{i:0;s:23:\"nickx_video_url_youtube\";}"],"_nickx_product_video_thumb_ids":["a:1:{i:0;s:0:\"\";}"],"_custom_html_content":[""],"_customer_view":["15"],"_custom_view_last_updated":["2026-04-27 14:16:42"],"_wpml_post_translation_editor_native":["no"],"_product_reserve_till_field":[""],"similar_product_key":["1741456354"],"_wireless_electronic_device":["no"],"_device_contains_power_supply":["no"],"_device_charging_supports_usb_pd":["no"],"_device_charging_watt_min":["0"],"_device_charging_watt_max":["0"],"rank_math_primary_product_brand":["1591"],"woocommerce_izettle_product_uuid":["eed608da-259a-11f0-b84b-353536383939"],"woocommerce_izettle_variant_uuid":["378ef120-2593-11f0-8909-353536383939"],"_izettle_updated":["1753958221"],"_izettle_barcode":[""],"_izettle_nosync":[""],"_izettle_cost_price":[""],"_izettle_special_price":[""],"_izettle_product_name":[""],"_ame_cpe_post_policy":["{\"accessProtection\":{\"active\":\"replace\"}}"],"_izettle_image_lookup_key":["3kyncy1cEe-udXp3qLWasA-fF5nO0bBEfClcieVCG6BJQ"],"_izettle_product_etag":["CA01C27E2E83EB0FE8932E14C4EF28EC"],"sib_push_meta_box_present":["1"],"sib_push_send_notification":["0"],"sib_push_target_segment_ids":["@ALL"],"_sku":["P6-1104-K"],"_edit_lock":["1776767463:4"],"_edit_last":["4"],"sib_push_send_notification_delay_seconds":["0"],"_entrupy_echtheitszertifikat":["yes"],"_is_non_alcoholic":["no"],"_mid_code":[""],"_ship_separately_via":[""],"_shipping_weight":[""],"_gdrive_field":["https:\/\/drive.google.com\/drive\/u\/1\/folders\/12izudz9nt1C21sKH26Q7RhdTrvhQ6RSa"],"rank_math_analytic_object_id":["37"],"rank_math_internal_links_processed":["1"],"_sale_price":["880"],"_sale_price_dates_to":["1778536799"],"_wcml_average_rating":[null],"_wcml_review_count":[null],"_wcml_rating_count":[null],"_custom_thumbnail":["a:1:{i:0;s:2:\"no\";}"],"_video_schema":["a:1:{i:0;s:2:\"no\";}"],"_nickx_video_upload_date":["a:1:{i:0;s:0:\"\";}"],"_nickx_video_name":["a:1:{i:0;s:0:\"\";}"],"_nickx_video_description":["a:1:{i:0;s:0:\"\";}"],"astra-migrate-meta-layouts":["set"],"_uag_page_assets":["a:9:{s:3:\"css\";s:0:\"\";s:2:\"js\";s:0:\"\";s:18:\"current_block_list\";a:6:{i:0;s:26:\"woocommerce\/filter-wrapper\";i:1;s:24:\"woocommerce\/price-filter\";i:2;s:30:\"woocommerce\/product-categories\";i:3;s:14:\"core\/paragraph\";i:4;s:14:\"core\/shortcode\";i:5;s:11:\"core\/search\";}s:8:\"uag_flag\";b:0;s:11:\"uag_version\";s:10:\"1777326310\";s:6:\"gfonts\";a:0:{}s:10:\"gfonts_url\";s:0:\"\";s:12:\"gfonts_files\";a:0:{}s:14:\"uag_faq_layout\";b:0;}"],"_wc_rating_count":[""]},"uagb_featured_image_src":{"full":["https:\/\/truelangtest.ilovehandbags.com\/wp-content\/uploads\/sites\/3\/Prada-Cahier-Constellation-1104-15.jpg",2048,1536,false],"thumbnail":["https:\/\/truelangtest.ilovehandbags.com\/wp-content\/uploads\/sites\/3\/Prada-Cahier-Constellation-1104-15-150x150.jpg",150,150,true],"medium":["https:\/\/truelangtest.ilovehandbags.com\/wp-content\/uploads\/sites\/3\/Prada-Cahier-Constellation-1104-15-300x300.jpg",300,300,true],"medium_large":["https:\/\/truelangtest.ilovehandbags.com\/wp-content\/uploads\/sites\/3\/Prada-Cahier-Constellation-1104-15-768x768.jpg",768,768,true],"large":["https:\/\/truelangtest.ilovehandbags.com\/wp-content\/uploads\/sites\/3\/Prada-Cahier-Constellation-1104-15-1024x1024.jpg",1024,1024,true],"1536x1536":["https:\/\/truelangtest.ilovehandbags.com\/wp-content\/uploads\/sites\/3\/Prada-Cahier-Constellation-1104-15.jpg",1536,1152,false],"2048x2048":["https:\/\/truelangtest.ilovehandbags.com\/wp-content\/uploads\/sites\/3\/Prada-Cahier-Constellation-1104-15.jpg",2048,1536,false],"woocommerce_thumbnail":["https:\/\/truelangtest.ilovehandbags.com\/wp-content\/uploads\/sites\/3\/Prada-Cahier-Constellation-1104-15-500x500.jpg",500,500,true],"woocommerce_single":["https:\/\/truelangtest.ilovehandbags.com\/wp-content\/uploads\/sites\/3\/Prada-Cahier-Constellation-1104-15-500x500.jpg",500,500,true],"woocommerce_gallery_thumbnail":["https:\/\/truelangtest.ilovehandbags.com\/wp-content\/uploads\/sites\/3\/Prada-Cahier-Constellation-1104-15-100x100.jpg",100,100,true]},"uagb_author_info":{"display_name":"ILoveHandbags","author_link":"https:\/\/truelangtest.ilovehandbags.com\/de\/author\/"},"uagb_comment_info":0,"uagb_excerpt":"Diese PRADA Cahier Constellation ist eine au\u00dfergew\u00f6hnliche Micro-Bag und ein echtes Schmuckst\u00fcck f\u00fcr Liebhaberinnen exklusiver Designer-Accessoires. Gefertigt aus hochwertigem Leder, besticht dieses rare Modell mit seinem kunstvollen Constellation-Design in ausdrucksstarken Lila- und Multicolor-Nuancen. Die von Sternbildern inspirierte Gestaltung verleiht der Tasche eine besondere, fast mystische Ausstrahlung und macht sie zu einem stilvollen Statement f\u00fcr Individualit\u00e4t&hellip;","_links":{"self":[{"href":"https:\/\/truelangtest.ilovehandbags.com\/de\/wp-json\/wp\/v2\/product\/74992","targetHints":{"allow":["GET"]}}],"collection":[{"href":"https:\/\/truelangtest.ilovehandbags.com\/de\/wp-json\/wp\/v2\/product"}],"about":[{"href":"https:\/\/truelangtest.ilovehandbags.com\/de\/wp-json\/wp\/v2\/types\/product"}],"wp:featuredmedia":[{"embeddable":true,"href":"https:\/\/truelangtest.ilovehandbags.com\/de\/wp-json\/wp\/v2\/media\/74995"}],"wp:attachment":[{"href":"https:\/\/truelangtest.ilovehandbags.com\/de\/wp-json\/wp\/v2\/media?parent=74992"}],"wp:term":[{"taxonomy":"product_brand","embeddable":true,"href":"https:\/\/truelangtest.ilovehandbags.com\/de\/wp-json\/wp\/v2\/product_brand?post=74992"},{"taxonomy":"product_cat","embeddable":true,"href":"https:\/\/truelangtest.ilovehandbags.com\/de\/wp-json\/wp\/v2\/product_cat?post=74992"},{"taxonomy":"product_tag","embeddable":true,"href":"https:\/\/truelangtest.ilovehandbags.com\/de\/wp-json\/wp\/v2\/product_tag?post=74992"}],"curies":[{"name":"wp","href":"https:\/\/api.w.org\/{rel}","templated":true}]}}