{"id":75687,"date":"2026-02-05T15:05:50","date_gmt":"2026-02-05T14:05:50","guid":{"rendered":"https:\/\/ilovehandbags.com\/?post_type=product&#038;p=75687"},"modified":"2026-02-22T10:46:24","modified_gmt":"2026-02-22T09:46:24","slug":"louis-vuitton-pochette-accessoires-3","status":"publish","type":"product","link":"https:\/\/truelangtest.ilovehandbags.com\/de\/louis-vuitton-pochette-accessoires-3\/","title":{"rendered":"Louis Vuitton Pochette Accessoires Monogram Canvas"},"content":{"rendered":"","protected":false},"excerpt":{"rendered":"<p data-start=\"117\" data-end=\"541\">Selbstbewusst und zeitlos pr\u00e4sentiert sich die Louis Vuitton Pochette Accessoires im charakteristischen Monogram Canvas. Als klassischer Begleiter f\u00fcr viele Gelegenheiten verk\u00f6rpert sie einen Hauch von Luxus und stilvoller Zur\u00fcckhaltung. Ob als Clutch f\u00fcr den Abend oder als praktische Erg\u00e4nzung im Alltag \u2013 die Pochette Accessoires bietet trotz ihres kompakten Formats ausreichend Platz f\u00fcr das Wesentliche. Bei diesem Modell handelt es sich urspr\u00fcnglich um eine Version ohne D-Ring. Der seitliche D-Ring wurde vermutlich nachtr\u00e4glich eingen\u00e4ht, um das Tragen mit einem Schulterriemen zu erm\u00f6glichen. Der kurze originale Lederriemen ist leider nicht vorhanden, daf\u00fcr geh\u00f6rt zur Tasche ein langer Louis Vuitton Schulterriemen aus Vachetta-Leder, mit dem sie bequem \u00fcber der Schulter oder crossbody getragen werden kann. Zum Lieferumfang geh\u00f6rt au\u00dferdem ein Entrupy-Zertifikat, das die Echtheit der Tasche best\u00e4tigt. Mit ihrem zeitlosen Design, der hochwertigen Verarbeitung und dem ikonischen Look ist diese Pochette Accessoires ein begehrter Klassiker, der unabh\u00e4ngig von Trends Bestand hat \u2013 stilvoll, vielseitig und charakterstark.<\/p>\n","protected":false},"featured_media":75741,"template":"","meta":{"_uag_custom_page_level_css":"","site-sidebar-layout":"default","site-content-layout":"default","ast-site-content-layout":"default","site-content-style":"default","site-sidebar-style":"default","ast-global-header-display":"","ast-banner-title-visibility":"","ast-main-header-display":"","ast-hfb-above-header-display":"","ast-hfb-below-header-display":"","ast-hfb-mobile-header-display":"","site-post-title":"","ast-breadcrumbs-content":"","ast-featured-img":"","footer-sml-layout":"","ast-disable-related-posts":"","theme-transparent-header-meta":"default","adv-header-id-meta":"","stick-header-meta":"default","header-above-stick-meta":"","header-main-stick-meta":"","header-below-stick-meta":"","astra-migrate-meta-layouts":"set","ast-page-background-enabled":"default","ast-page-background-meta":{"desktop":{"background-color":"var(--ast-global-color-4)","background-image":"","background-repeat":"repeat","background-position":"center center","background-size":"auto","background-attachment":"scroll","background-type":"","background-media":"","overlay-type":"","overlay-color":"","overlay-opacity":"","overlay-gradient":""},"tablet":{"background-color":"","background-image":"","background-repeat":"repeat","background-position":"center center","background-size":"auto","background-attachment":"scroll","background-type":"","background-media":"","overlay-type":"","overlay-color":"","overlay-opacity":"","overlay-gradient":""},"mobile":{"background-color":"","background-image":"","background-repeat":"repeat","background-position":"center center","background-size":"auto","background-attachment":"scroll","background-type":"","background-media":"","overlay-type":"","overlay-color":"","overlay-opacity":"","overlay-gradient":""}},"ast-content-background-meta":{"desktop":{"background-color":"var(--ast-global-color-5)","background-image":"","background-repeat":"repeat","background-position":"center center","background-size":"auto","background-attachment":"scroll","background-type":"","background-media":"","overlay-type":"","overlay-color":"","overlay-opacity":"","overlay-gradient":""},"tablet":{"background-color":"var(--ast-global-color-5)","background-image":"","background-repeat":"repeat","background-position":"center center","background-size":"auto","background-attachment":"scroll","background-type":"","background-media":"","overlay-type":"","overlay-color":"","overlay-opacity":"","overlay-gradient":""},"mobile":{"background-color":"var(--ast-global-color-5)","background-image":"","background-repeat":"repeat","background-position":"center center","background-size":"auto","background-attachment":"scroll","background-type":"","background-media":"","overlay-type":"","overlay-color":"","overlay-opacity":"","overlay-gradient":""}},"_glsr_average":0,"_glsr_ranking":0,"_glsr_reviews":0},"product_brand":[1584],"product_cat":[208,242,239,451],"product_tag":[214,836,341,265],"class_list":{"0":"post-75687","1":"product","2":"type-product","3":"status-publish","4":"has-post-thumbnail","6":"product_brand-louis-vuitton","7":"product_cat-handtaschen","8":"product_cat-kleine-taschen","9":"product_cat-louis-vuitton","10":"product_cat-vintage","11":"product_tag-louis-vuitton","12":"product_tag-louis-vuitton-m51980","13":"product_tag-louis-vuitton-pochette-accessoire-monogram-canvas","14":"product_tag-louis-vuitton-pochette-accessoires","15":"desktop-align-left","16":"tablet-align-left","17":"mobile-align-left","18":"ast-product-gallery-layout-first-image-large","19":"ast-magnify-disabled","20":"ast-product-tabs-layout-accordion","22":"first","23":"instock","24":"sold-individually","25":"taxable","26":"shipping-taxable","27":"purchasable","28":"product-type-simple"},"spectra_custom_meta":{"copied_media_ids":["a:0:{}","a:0:{}","a:0:{}","a:0:{}","a:0:{}"],"referenced_media_ids":["a:16:{i:0;i:75741;i:1;i:75740;i:2;i:75739;i:3;i:75737;i:4;i:75733;i:5;i:75735;i:6;i:75734;i:7;i:75736;i:8;i:75738;i:9;i:75744;i:10;i:75796;i:11;i:75797;i:12;i:75742;i:13;i:75743;i:14;i:75758;i:15;i:75757;}","a:16:{i:0;i:75741;i:1;i:75740;i:2;i:75739;i:3;i:75737;i:4;i:75733;i:5;i:75735;i:6;i:75734;i:7;i:75736;i:8;i:75738;i:9;i:75744;i:10;i:75796;i:11;i:75797;i:12;i:75742;i:13;i:75743;i:14;i:75758;i:15;i:75757;}","a:16:{i:0;i:75741;i:1;i:75740;i:2;i:75739;i:3;i:75737;i:4;i:75733;i:5;i:75735;i:6;i:75734;i:7;i:75736;i:8;i:75738;i:9;i:75744;i:10;i:75796;i:11;i:75797;i:12;i:75742;i:13;i:75743;i:14;i:75758;i:15;i:75757;}","a:16:{i:0;i:75741;i:1;i:75740;i:2;i:75739;i:3;i:75737;i:4;i:75733;i:5;i:75735;i:6;i:75734;i:7;i:75736;i:8;i:75738;i:9;i:75744;i:10;i:75796;i:11;i:75797;i:12;i:75742;i:13;i:75743;i:14;i:75758;i:15;i:75757;}","a:16:{i:0;i:75741;i:1;i:75740;i:2;i:75739;i:3;i:75737;i:4;i:75733;i:5;i:75735;i:6;i:75734;i:7;i:75736;i:8;i:75738;i:9;i:75744;i:10;i:75796;i:11;i:75797;i:12;i:75742;i:13;i:75743;i:14;i:75758;i:15;i:75757;}"],"_regular_price":["690"],"total_sales":["0"],"_tax_status":["taxable"],"_tax_class":[""],"_manage_stock":["yes"],"_backorders":["no"],"_sold_individually":["yes"],"_crosssell_ids":["a:1:{i:0;i:37940;}"],"_virtual":["no"],"_downloadable":["no"],"_product_image_gallery":["75740,75739,75737,75733,75735,75734,75736,75738,75744,75796,75797,75742,75743,75758,75757"],"_download_limit":["-1"],"_download_expiry":["-1"],"_thumbnail_id":["75741"],"_stock":["1"],"_stock_status":["instock"],"_wc_average_rating":[0],"_wc_review_count":["0"],"_product_attributes":["a:3:{s:8:\"pa_brand\";a:7:{s:4:\"name\";s:8:\"pa_brand\";s:5:\"value\";s:0:\"\";s:8:\"position\";i:1;s:10:\"is_visible\";i:0;s:12:\"is_variation\";i:0;s:11:\"is_taxonomy\";i:1;s:16:\"checkout_visible\";i:0;}s:8:\"pa_color\";a:7:{s:4:\"name\";s:8:\"pa_color\";s:5:\"value\";s:0:\"\";s:8:\"position\";i:2;s:10:\"is_visible\";i:0;s:12:\"is_variation\";i:0;s:11:\"is_taxonomy\";i:1;s:16:\"checkout_visible\";i:0;}s:9:\"pa_gender\";a:7:{s:4:\"name\";s:9:\"pa_gender\";s:5:\"value\";s:0:\"\";s:8:\"position\";i:3;s:10:\"is_visible\";i:0;s:12:\"is_variation\";i:0;s:11:\"is_taxonomy\";i:1;s:16:\"checkout_visible\";i:0;}}"],"_product_version":["10.5.2"],"_price":["690"],"_wpml_media_featured":["1","1","1","1","1","1","1"],"_wpml_media_duplicate":["1","1","1","1","1","1","1"],"_wpml_word_count":["210"],"_wpml_location_migration_done":["1"],"_fusion":["a:3:{s:17:\"slider_visibility\";s:51:\"small-visibility,medium-visibility,large-visibility\";s:11:\"slider_type\";s:2:\"no\";s:9:\"wooslider\";s:1:\"0\";}"],"rank_math_seo_score":["83"],"rank_math_focus_keyword":["louis vuitton"],"_purchase_price_field":["329,69"],"_internal_warehouse_number_field":["P6-1123"],"_unit":[""],"_unit_base":[""],"_unit_product":[""],"_unit_price_auto":["no"],"_unit_price_regular":[""],"_unit_price":[""],"_unit_price_sale":[""],"_sale_price_label":[""],"_sale_price_regular_label":[""],"_mini_desc":["Louis Vuitton Pochette Accessoires Monogram Canvas"],"_defect_description":[""],"_allergen_ids":["a:0:{}"],"_warranty_attachment_id":[""],"_min_age":[""],"_ts_gtin":[""],"_ts_mpn":[""],"_delivery_time_countries":["a:0:{}"],"_free_shipping":["no"],"_service":["no"],"_photovoltaic_system":["no"],"_used_good":["yes"],"_defective_copy":["no"],"_is_food":["no"],"_differential_taxation":["no"],"_gzd_version":["3.20.6"],"_hs_code":[""],"_manufacture_country":[""],"_rank_math_gtin_code":[""],"_fusion_google_fonts":[""],"fusion_builder_status":["active"],"rank_math_primary_product_cat":["0"],"_wcml_custom_prices_status":["0"],"avada_post_views_count":["11"],"avada_today_post_views_count":["3"],"avada_post_views_count_today_date":["10-04-2023"],"yikes_woo_products_tabs":["a:2:{i:0;a:3:{s:5:\"title\";s:21:\"Weitere Informationen\";s:2:\"id\";s:21:\"weitere-informationen\";s:7:\"content\";s:441:\"<strong>Material au\u00dfen:\u00a0<\/strong>Monogram Canvas\r\n<strong>Material innen: <\/strong>Brauner Textilstoff\r\n<strong>Ma\u00dfe Pochette: <\/strong>22 x 12 x 4 cm\r\n<strong>Ma\u00dfe Schulterriemen: <\/strong>L\u00e4nge: ca 99 cm, Breite: 1,5 cm\r\n<strong>Date Code \/ Herstellungsjahr: <\/strong>AR0957 \/ 1997\r\n<strong>SKU Pochette:\u00a0<\/strong>M51980\r\n<strong>Lieferumfang:<\/strong> I Love Handbags Staubbeutel, Louis Vuitton Schulterriemen und Entrupy Zertifikat\";}i:1;a:3:{s:5:\"title\";s:7:\"Zustand\";s:2:\"id\";s:7:\"zustand\";s:7:\"content\";s:595:\"<strong>Gesamtzustand: <\/strong>Gut bis sehr gut\r\n<strong>Canvas: <\/strong>Intakt mit minimalen Gebrauchsspuren, minimale Besch\u00e4digung im Bereich des D-Ring\r\n<strong>Vachetta Leder: <\/strong>Honigfarbene Patina mit leichten Gebauchsspuren\r\n<strong>Rei\u00dfverschluss: <\/strong>Schlie\u00dft gut\r\n<strong>Schulterriemen: <\/strong>Honigfarbene Patina, mit vereinzelten Gebrauchsspuren wie Flecken, Kratzer, winzige oberfl\u00e4chige Risse und vereinzelt leichter Abrieb an der Br\u00fcnierung\r\n<strong>Hardware:\u00a0 <\/strong>Leichte Gebrauchsspuren\r\n<strong>Innenraum: <\/strong>Sauber mit leichten Gebrauchsspuren\";}}"],"_deposit_type":[""],"_nutrient_ids":["a:0:{}"],"_nutrient_reference_value":["100g"],"_ingredients":[""],"_nutri_score":[""],"_alcohol_content":[""],"_drained_weight":[""],"_net_filling_quantity":[""],"_food_distributor":[""],"_food_description":[""],"_food_place_of_origin":[""],"_deposit_quantity":[""],"site-sidebar-layout":["default"],"site-content-layout":["default"],"theme-transparent-header-meta":["default"],"stick-header-meta":["default"],"_wp_old_date":["2023-04-10","2023-05-10","2023-07-10","2023-08-03","2023-11-30","2025-01-03","2025-12-31"],"_pys_conversion_label_settings":["a:3:{s:6:\"enable\";b:0;s:5:\"label\";s:0:\"\";s:2:\"id\";s:14:\"AW-11184563350\";}"],"_pys_super_pack_cpt_url":[""],"_pys_super_pack_cpt_condition":["only"],"_pys_super_pack_cpt_cart":["hidden"],"_pys_head_footer":["a:7:{s:14:\"disable_global\";b:0;s:8:\"head_any\";s:0:\"\";s:12:\"head_desktop\";s:0:\"\";s:11:\"head_mobile\";s:0:\"\";s:10:\"footer_any\";s:0:\"\";s:14:\"footer_desktop\";s:0:\"\";s:13:\"footer_mobile\";s:0:\"\";}"],"_woosea_brand":[""],"_woosea_mpn":[""],"_woosea_upc":[""],"_woosea_ean":[""],"_woosea_gtin":[""],"_woosea_color":[""],"_woosea_size":[""],"_woosea_gender":[""],"_woosea_material":[""],"_woosea_pattern":[""],"_woosea_optimized_title":[""],"_woosea_unit_pricing_measure":[""],"_woosea_unit_pricing_base_measure":[""],"_woosea_condition":[""],"_woosea_age_group":["adult"],"_woosea_installment_months":[""],"_woosea_installment_amount":[""],"_woosea_exclude_product":["no"],"_woosea_cost_of_good_sold":[""],"_woosea_multipack":[""],"_woosea_is_bundle":[""],"_woosea_energy_efficiency_class":[""],"_woosea_min_energy_efficiency_class":[""],"_woosea_max_energy_efficiency_class":[""],"_woosea_is_promotion":[""],"_woosea_custom_field_0":[""],"_woosea_custom_field_1":[""],"_woosea_custom_field_2":[""],"_woosea_custom_field_3":[""],"_woosea_custom_field_4":[""],"litespeed_vpi_list":["a:2:{i:0;s:8:\"logo.png\";i:1;s:68:\"Louis-Vuitton-Pochette-Accessoires-vorn-2023-0200-scaled-500x500.jpg\";}"],"_customs_description":[""],"_is_non_returnable":["no"],"litespeed_vpi_list_mobile":["a:2:{i:0;s:8:\"logo.png\";i:1;s:72:\"Louis-Vuitton-Pochette-Accessoires-komplett-2023-0284-scaled-500x500.jpg\";}"],"_internal_date_code":["AR0957"],"_internal_product_origin":["Frankreich"],"_product_rating":["between A and B"],"_wpml_media_has_media":["1"],"ast-site-content-layout":["default"],"site-content-style":["default"],"site-sidebar-style":["default"],"_custom_html_content":[""],"rank_math_robots":["a:1:{i:0;s:5:\"index\";}"],"_customer_view":["5"],"_custom_view_last_updated":["2026-04-27 13:41:10"],"_not_in_inventory_checkbox":[""],"_shipping_length":[""],"_shipping_width":[""],"_shipping_height":[""],"_zettle_product_cat_id":[""],"_product_shipping_weight":["1kg"],"_product_available_from_field":["2026-02-06T19:00"],"_manufacturer_slug":["lvmh-moet-hennessy-louis-vuitton-se"],"_safety_attachment_ids":["a:0:{}"],"_nickx_video_text_url":["a:1:{i:0;s:0:\"\";}"],"_nickx_product_video_type":["a:1:{i:0;s:23:\"nickx_video_url_youtube\";}"],"_nickx_product_video_thumb_ids":["a:1:{i:0;s:0:\"\";}"],"_safety_instructions":[""],"_product_reserve_till_field":[""],"_wpml_post_translation_editor_native":["no"],"similar_product_key":["1740499503"],"woocommerce_izettle_product_uuid":["4c16ee24-f422-11ef-b27e-353536383939"],"woocommerce_izettle_variant_uuid":["3aae9d5a-d765-11ef-8f5a-353536383939"],"_izettle_product_etag":["22655A9A9FF305BCE4D027918FD48135"],"_izettle_updated":["1740704410"],"_wireless_electronic_device":["no"],"_device_contains_power_supply":["no"],"_device_charging_supports_usb_pd":["no"],"_device_charging_watt_min":["0"],"_device_charging_watt_max":["0"],"_izettle_barcode":[""],"_izettle_nosync":[""],"_izettle_cost_price":[""],"_izettle_special_price":[""],"_izettle_product_name":[""],"rank_math_primary_product_brand":["1584"],"_izettle_image_lookup_key":["3kyncy1cEe-udXp3qLWasA-Tf_3z_QiEe-yGGk3JMpR7Q"],"sib_push_meta_box_present":["1"],"sib_push_send_notification":["0"],"sib_push_target_segment_ids":["@ALL"],"_ame_cpe_post_policy":["{\"accessProtection\":{\"active\":\"replace\"}}"],"sib_push_send_notification_delay_seconds":["0"],"_is_non_alcoholic":["no"],"_ship_separately_via":[""],"_mid_code":[""],"_shipping_weight":[""],"_entrupy_echtheitszertifikat":[""],"_sku":["P6-1123"],"_edit_lock":["1775028813:4"],"_edit_last":["4"],"_gdrive_field":["https:\/\/drive.google.com\/drive\/u\/1\/folders\/1gbPgaSosd8shC_QTF1Xwf3iRIQPde927"],"rank_math_analytic_object_id":["7"],"_wcml_average_rating":[null],"_wcml_review_count":[null],"_wcml_rating_count":[null],"astra-migrate-meta-layouts":["set"],"rank_math_internal_links_processed":["1"],"_uag_page_assets":["a:9:{s:3:\"css\";s:0:\"\";s:2:\"js\";s:0:\"\";s:18:\"current_block_list\";a:6:{i:0;s:26:\"woocommerce\/filter-wrapper\";i:1;s:24:\"woocommerce\/price-filter\";i:2;s:30:\"woocommerce\/product-categories\";i:3;s:14:\"core\/paragraph\";i:4;s:14:\"core\/shortcode\";i:5;s:11:\"core\/search\";}s:8:\"uag_flag\";b:0;s:11:\"uag_version\";s:10:\"1777326306\";s:6:\"gfonts\";a:0:{}s:10:\"gfonts_url\";s:0:\"\";s:12:\"gfonts_files\";a:0:{}s:14:\"uag_faq_layout\";b:0;}"],"_wc_rating_count":[""]},"uagb_featured_image_src":{"full":["https:\/\/truelangtest.ilovehandbags.com\/wp-content\/uploads\/sites\/3\/Louis-Vuitton-Pochette-Accessoires-Monogram-Canvas-1123-04.jpg",2048,2048,false],"thumbnail":["https:\/\/truelangtest.ilovehandbags.com\/wp-content\/uploads\/sites\/3\/Louis-Vuitton-Pochette-Accessoires-Monogram-Canvas-1123-04-150x150.jpg",150,150,true],"medium":["https:\/\/truelangtest.ilovehandbags.com\/wp-content\/uploads\/sites\/3\/Louis-Vuitton-Pochette-Accessoires-Monogram-Canvas-1123-04-300x300.jpg",300,300,true],"medium_large":["https:\/\/truelangtest.ilovehandbags.com\/wp-content\/uploads\/sites\/3\/Louis-Vuitton-Pochette-Accessoires-Monogram-Canvas-1123-04-768x768.jpg",768,768,true],"large":["https:\/\/truelangtest.ilovehandbags.com\/wp-content\/uploads\/sites\/3\/Louis-Vuitton-Pochette-Accessoires-Monogram-Canvas-1123-04-1024x1024.jpg",1024,1024,true],"1536x1536":["https:\/\/truelangtest.ilovehandbags.com\/wp-content\/uploads\/sites\/3\/Louis-Vuitton-Pochette-Accessoires-Monogram-Canvas-1123-04.jpg",1536,1536,false],"2048x2048":["https:\/\/truelangtest.ilovehandbags.com\/wp-content\/uploads\/sites\/3\/Louis-Vuitton-Pochette-Accessoires-Monogram-Canvas-1123-04.jpg",2048,2048,false],"woocommerce_thumbnail":["https:\/\/truelangtest.ilovehandbags.com\/wp-content\/uploads\/sites\/3\/Louis-Vuitton-Pochette-Accessoires-Monogram-Canvas-1123-04-500x500.jpg",500,500,true],"woocommerce_single":["https:\/\/truelangtest.ilovehandbags.com\/wp-content\/uploads\/sites\/3\/Louis-Vuitton-Pochette-Accessoires-Monogram-Canvas-1123-04-500x500.jpg",500,500,true],"woocommerce_gallery_thumbnail":["https:\/\/truelangtest.ilovehandbags.com\/wp-content\/uploads\/sites\/3\/Louis-Vuitton-Pochette-Accessoires-Monogram-Canvas-1123-04-100x100.jpg",100,100,true]},"uagb_author_info":{"display_name":"ILoveHandbags","author_link":"https:\/\/truelangtest.ilovehandbags.com\/de\/author\/"},"uagb_comment_info":0,"uagb_excerpt":"Selbstbewusst und zeitlos pr\u00e4sentiert sich die Louis Vuitton Pochette Accessoires im charakteristischen Monogram Canvas. Als klassischer Begleiter f\u00fcr viele Gelegenheiten verk\u00f6rpert sie einen Hauch von Luxus und stilvoller Zur\u00fcckhaltung. Ob als Clutch f\u00fcr den Abend oder als praktische Erg\u00e4nzung im Alltag \u2013 die Pochette Accessoires bietet trotz ihres kompakten Formats ausreichend Platz f\u00fcr das Wesentliche.&hellip;","_links":{"self":[{"href":"https:\/\/truelangtest.ilovehandbags.com\/de\/wp-json\/wp\/v2\/product\/75687","targetHints":{"allow":["GET"]}}],"collection":[{"href":"https:\/\/truelangtest.ilovehandbags.com\/de\/wp-json\/wp\/v2\/product"}],"about":[{"href":"https:\/\/truelangtest.ilovehandbags.com\/de\/wp-json\/wp\/v2\/types\/product"}],"wp:featuredmedia":[{"embeddable":true,"href":"https:\/\/truelangtest.ilovehandbags.com\/de\/wp-json\/wp\/v2\/media\/75741"}],"wp:attachment":[{"href":"https:\/\/truelangtest.ilovehandbags.com\/de\/wp-json\/wp\/v2\/media?parent=75687"}],"wp:term":[{"taxonomy":"product_brand","embeddable":true,"href":"https:\/\/truelangtest.ilovehandbags.com\/de\/wp-json\/wp\/v2\/product_brand?post=75687"},{"taxonomy":"product_cat","embeddable":true,"href":"https:\/\/truelangtest.ilovehandbags.com\/de\/wp-json\/wp\/v2\/product_cat?post=75687"},{"taxonomy":"product_tag","embeddable":true,"href":"https:\/\/truelangtest.ilovehandbags.com\/de\/wp-json\/wp\/v2\/product_tag?post=75687"}],"curies":[{"name":"wp","href":"https:\/\/api.w.org\/{rel}","templated":true}]}}