{"id":75709,"date":"2026-02-05T10:02:10","date_gmt":"2026-02-05T09:02:10","guid":{"rendered":"https:\/\/ilovehandbags.com\/?post_type=product&#038;p=75709"},"modified":"2026-02-22T10:56:31","modified_gmt":"2026-02-22T09:56:31","slug":"louis-vuitton-new-wave-taschenanhaenger-1126","status":"publish","type":"product","link":"https:\/\/truelangtest.ilovehandbags.com\/de\/louis-vuitton-new-wave-taschenanhaenger-1126\/","title":{"rendered":"Louis Vuitton New Wave Taschenanh\u00e4nger"},"content":{"rendered":"","protected":false},"excerpt":{"rendered":"<div class=\"flex-shrink-0 flex flex-col relative items-end\">\n<div class=\"pt-0\">\n<div class=\"gizmo-bot-avatar flex h-8 w-8 items-center justify-center overflow-hidden rounded-full\">\n<div class=\"relative p-1 rounded-sm flex items-center justify-center bg-token-main-surface-primary text-token-text-primary h-8 w-8\">\n<p data-start=\"133\" data-end=\"411\">Der Louis Vuitton Porte-Cl\u00e9s New Wave ist ein modernes Accessoire mit ikonischem Charakter. Inspiriert von der gleichnamigen Taschenlinie verbindet dieser Schl\u00fcssel- und Taschenanh\u00e4nger zeitgem\u00e4\u00dfes Design mit der unverkennbaren Handschrift von Louis Vuitton. Das markante LV-Logo in Kombination mit hochwertigen Materialien und fein verarbeiteter Hardware macht den Anh\u00e4nger zu einem eleganten Blickfang. Ob als Schl\u00fcsselanh\u00e4nger oder als dekoratives Detail an Tasche oder Rucksack \u2013 der Porte-Cl\u00e9s LV New Wave setzt stilvolle Akzente und verleiht jedem Look eine moderne Note. Dank seiner robusten Verarbeitung ist er nicht nur optisch ein Highlight, sondern auch alltagstauglich und langlebig. Ein perfektes Accessoire f\u00fcr alle, die modernen Luxus, klare Linien und ikonisches Design sch\u00e4tzen.<\/p>\n<\/div>\n<\/div>\n<\/div>\n<\/div>\n","protected":false},"featured_media":75716,"template":"","meta":{"_uag_custom_page_level_css":"","site-sidebar-layout":"default","site-content-layout":"default","ast-site-content-layout":"default","site-content-style":"default","site-sidebar-style":"default","ast-global-header-display":"","ast-banner-title-visibility":"","ast-main-header-display":"","ast-hfb-above-header-display":"","ast-hfb-below-header-display":"","ast-hfb-mobile-header-display":"","site-post-title":"","ast-breadcrumbs-content":"","ast-featured-img":"","footer-sml-layout":"","ast-disable-related-posts":"","theme-transparent-header-meta":"default","adv-header-id-meta":"","stick-header-meta":"default","header-above-stick-meta":"","header-main-stick-meta":"","header-below-stick-meta":"","astra-migrate-meta-layouts":"set","ast-page-background-enabled":"default","ast-page-background-meta":{"desktop":{"background-color":"var(--ast-global-color-4)","background-image":"","background-repeat":"repeat","background-position":"center center","background-size":"auto","background-attachment":"scroll","background-type":"","background-media":"","overlay-type":"","overlay-color":"","overlay-opacity":"","overlay-gradient":""},"tablet":{"background-color":"","background-image":"","background-repeat":"repeat","background-position":"center center","background-size":"auto","background-attachment":"scroll","background-type":"","background-media":"","overlay-type":"","overlay-color":"","overlay-opacity":"","overlay-gradient":""},"mobile":{"background-color":"","background-image":"","background-repeat":"repeat","background-position":"center center","background-size":"auto","background-attachment":"scroll","background-type":"","background-media":"","overlay-type":"","overlay-color":"","overlay-opacity":"","overlay-gradient":""}},"ast-content-background-meta":{"desktop":{"background-color":"var(--ast-global-color-5)","background-image":"","background-repeat":"repeat","background-position":"center center","background-size":"auto","background-attachment":"scroll","background-type":"","background-media":"","overlay-type":"","overlay-color":"","overlay-opacity":"","overlay-gradient":""},"tablet":{"background-color":"var(--ast-global-color-5)","background-image":"","background-repeat":"repeat","background-position":"center center","background-size":"auto","background-attachment":"scroll","background-type":"","background-media":"","overlay-type":"","overlay-color":"","overlay-opacity":"","overlay-gradient":""},"mobile":{"background-color":"var(--ast-global-color-5)","background-image":"","background-repeat":"repeat","background-position":"center center","background-size":"auto","background-attachment":"scroll","background-type":"","background-media":"","overlay-type":"","overlay-color":"","overlay-opacity":"","overlay-gradient":""}},"_glsr_average":0,"_glsr_ranking":0,"_glsr_reviews":0},"product_brand":[1584],"product_cat":[239,195],"product_tag":[214,2095,278],"class_list":{"0":"post-75709","1":"product","2":"type-product","3":"status-publish","4":"has-post-thumbnail","6":"product_brand-louis-vuitton","7":"product_cat-louis-vuitton","8":"product_cat-taschenschmuck","9":"product_tag-louis-vuitton","10":"product_tag-louis-vuitton-new-wave-taschenanhaenger","11":"product_tag-louis-vuitton-taschenanhaenger","12":"desktop-align-left","13":"tablet-align-left","14":"mobile-align-left","15":"ast-product-gallery-layout-first-image-large","16":"ast-magnify-disabled","17":"ast-product-tabs-layout-accordion","19":"first","20":"instock","21":"sold-individually","22":"taxable","23":"shipping-taxable","24":"purchasable","25":"product-type-simple"},"spectra_custom_meta":{"copied_media_ids":["a:0:{}","a:0:{}"],"referenced_media_ids":["a:8:{i:0;i:75716;i:1;i:75718;i:2;i:75719;i:3;i:75717;i:4;i:75712;i:5;i:75715;i:6;i:75714;i:7;i:75713;}","a:8:{i:0;i:75716;i:1;i:75718;i:2;i:75719;i:3;i:75717;i:4;i:75712;i:5;i:75715;i:6;i:75714;i:7;i:75713;}"],"_regular_price":["290"],"total_sales":["0"],"_tax_status":["taxable"],"_tax_class":[""],"_manage_stock":["yes"],"_backorders":["no"],"_sold_individually":["yes"],"_virtual":["no"],"_downloadable":["no"],"_product_image_gallery":["75718,75719,75717,75712,75715,75714,75713"],"_download_limit":["-1"],"_download_expiry":["-1"],"_thumbnail_id":["75716"],"_stock":["1"],"_stock_status":["instock"],"_wc_average_rating":[0],"_wc_review_count":["0"],"_product_attributes":["a:3:{s:8:\"pa_brand\";a:7:{s:4:\"name\";s:8:\"pa_brand\";s:5:\"value\";s:0:\"\";s:8:\"position\";i:0;s:10:\"is_visible\";i:0;s:12:\"is_variation\";i:1;s:11:\"is_taxonomy\";i:1;s:16:\"checkout_visible\";i:0;}s:9:\"pa_gender\";a:7:{s:4:\"name\";s:9:\"pa_gender\";s:5:\"value\";s:0:\"\";s:8:\"position\";i:1;s:10:\"is_visible\";i:0;s:12:\"is_variation\";i:1;s:11:\"is_taxonomy\";i:1;s:16:\"checkout_visible\";i:0;}s:8:\"pa_color\";a:7:{s:4:\"name\";s:8:\"pa_color\";s:5:\"value\";s:0:\"\";s:8:\"position\";i:2;s:10:\"is_visible\";i:0;s:12:\"is_variation\";i:1;s:11:\"is_taxonomy\";i:1;s:16:\"checkout_visible\";i:0;}}"],"_product_version":["10.5.2"],"_price":["290"],"_wpml_media_featured":["1","1","1","1","1","1","1","1"],"_wpml_media_duplicate":["1","1","1","1","1","1","1","1"],"_wpml_word_count":["147"],"_wpml_location_migration_done":["1"],"_fusion":["a:3:{s:17:\"slider_visibility\";s:51:\"small-visibility,medium-visibility,large-visibility\";s:11:\"slider_type\";s:2:\"no\";s:9:\"wooslider\";s:1:\"0\";}"],"rank_math_seo_score":["84"],"rank_math_focus_keyword":["Louis Vuitton"],"_purchase_price_field":["159,60"],"_internal_warehouse_number_field":["P6-1126"],"_unit":[""],"_unit_base":[""],"_unit_product":[""],"_unit_price_auto":["no"],"_unit_price_regular":[""],"_unit_price":[""],"_unit_price_sale":[""],"_sale_price_label":[""],"_sale_price_regular_label":[""],"_mini_desc":["Louis Vuitton New Wave Taschenanh\u00e4nger"],"_defect_description":[""],"_allergen_ids":["a:0:{}"],"_warranty_attachment_id":[""],"_min_age":[""],"_ts_gtin":[""],"_ts_mpn":[""],"_delivery_time_countries":["a:0:{}"],"_free_shipping":["no"],"_service":["no"],"_photovoltaic_system":["no"],"_used_good":["yes"],"_defective_copy":["no"],"_is_food":["no"],"_differential_taxation":["no"],"_gzd_version":["3.20.6"],"_hs_code":[""],"_manufacture_country":[""],"_rank_math_gtin_code":[""],"_fusion_google_fonts":[""],"fusion_builder_status":["active"],"rank_math_primary_product_cat":["0"],"_wcml_custom_prices_status":["0"],"avada_post_views_count":["58"],"avada_today_post_views_count":["2"],"avada_post_views_count_today_date":["04-04-2023"],"_deposit_type":[""],"_nutrient_ids":["a:0:{}"],"_nutrient_reference_value":["100g"],"_ingredients":[""],"_nutri_score":[""],"_alcohol_content":[""],"_drained_weight":[""],"_net_filling_quantity":[""],"_food_distributor":[""],"_food_description":[""],"_food_place_of_origin":[""],"_deposit_quantity":[""],"yikes_woo_products_tabs":["a:2:{i:0;a:3:{s:5:\"title\";s:21:\"Weitere Informationen\";s:2:\"id\";s:21:\"weitere-informationen\";s:7:\"content\";s:320:\"<strong>Material: <\/strong>Metall\r\n<strong>L\u00e4nge: <\/strong>9 cm\r\n<strong>Date Code \/ Herstellungsjahr: <\/strong>DI0129 \/ 2019\r\n<strong>SKU: <\/strong>M67808\r\n<strong>Lieferumfang:<\/strong> I Love Handbags Staubbeutel Die abgebildete Handtasche geh\u00f6rt nicht zum Lieferumfang und dient ausschlie\u00dflich zur Deko.\r\n\r\n&nbsp;\";}i:1;a:3:{s:5:\"title\";s:7:\"Zustand\";s:2:\"id\";s:7:\"zustand\";s:7:\"content\";s:155:\"<strong>Gesamtzustand: <\/strong>Gut bis sehr gut\r\n<strong>Verschluss:<\/strong> Schlie\u00dft gut\r\n<strong>Hardware: <\/strong>Mittlere Gebrauchsspuren vorhanden\";}}"],"site-sidebar-layout":["default"],"site-content-layout":["default"],"theme-transparent-header-meta":["default"],"stick-header-meta":["default"],"_pys_conversion_label_settings":["a:3:{s:6:\"enable\";b:0;s:5:\"label\";s:0:\"\";s:2:\"id\";s:14:\"AW-11184563350\";}"],"_pys_super_pack_cpt_url":[""],"_pys_super_pack_cpt_condition":["only"],"_pys_super_pack_cpt_cart":["hidden"],"_woosea_brand":[""],"_woosea_mpn":[""],"_woosea_upc":[""],"_woosea_ean":[""],"_woosea_gtin":[""],"_woosea_color":[""],"_woosea_size":[""],"_woosea_gender":[""],"_woosea_material":[""],"_woosea_pattern":[""],"_woosea_optimized_title":[""],"_woosea_unit_pricing_measure":[""],"_woosea_unit_pricing_base_measure":[""],"_woosea_condition":[""],"_woosea_age_group":["adult"],"_woosea_installment_months":[""],"_woosea_installment_amount":[""],"_woosea_exclude_product":["no"],"_woosea_cost_of_good_sold":[""],"_woosea_multipack":[""],"_woosea_is_bundle":[""],"_woosea_energy_efficiency_class":[""],"_woosea_min_energy_efficiency_class":[""],"_woosea_max_energy_efficiency_class":[""],"_woosea_is_promotion":[""],"_woosea_custom_field_0":[""],"_woosea_custom_field_1":[""],"_woosea_custom_field_2":[""],"_woosea_custom_field_3":[""],"_woosea_custom_field_4":[""],"_pys_head_footer":["a:7:{s:14:\"disable_global\";b:0;s:8:\"head_any\";s:0:\"\";s:12:\"head_desktop\";s:0:\"\";s:11:\"head_mobile\";s:0:\"\";s:10:\"footer_any\";s:0:\"\";s:14:\"footer_desktop\";s:0:\"\";s:13:\"footer_mobile\";s:0:\"\";}"],"_wp_old_date":["2023-04-02","2024-11-20","2025-02-05"],"_customs_description":[""],"_is_non_returnable":["no"],"litespeed_vpi_list_mobile":["a:2:{i:0;s:8:\"logo.png\";i:1;s:94:\"Louis-Vuitton-Illustre-Vivienne-Japan-Edition-Taschenschmuck-vorn-2023-0171-scaled-500x500.jpg\";}"],"litespeed_vpi_list":["a:5:{i:0;s:8:\"logo.png\";i:1;s:6:\"de.png\";i:2;s:94:\"Louis-Vuitton-Illustre-Vivienne-Japan-Edition-Taschenschmuck-vorn-2023-0171-scaled-500x500.jpg\";i:3;s:35:\"three-o-clock-clock-svgrepo-com.svg\";i:4;s:23:\"authentic_black_100.png\";}"],"_internal_date_code":["DI0129"],"_internal_product_origin":["Italien"],"_product_rating":["between A and B"],"ast-site-content-layout":["default"],"site-content-style":["default"],"site-sidebar-style":["default"],"_rank_math_video":["true"],"rank_math_robots":["a:1:{i:0;s:5:\"index\";}"],"_not_in_inventory_checkbox":[""],"_customer_view":["2"],"_custom_view_last_updated":["2026-04-27 07:33:10"],"_shipping_length":[""],"_shipping_width":[""],"_shipping_height":[""],"_custom_html_content":[""],"_product_shipping_weight":["1kg"],"_product_available_from_field":["2026-02-06T19:00"],"_manufacturer_slug":["lvmh-moet-hennessy-louis-vuitton-se"],"_safety_attachment_ids":["a:0:{}"],"_zettle_product_cat_id":[""],"_nickx_video_text_url":["a:1:{i:0;s:0:\"\";}"],"_nickx_product_video_type":["a:1:{i:0;s:23:\"nickx_video_url_youtube\";}"],"_nickx_product_video_thumb_ids":["a:1:{i:0;s:0:\"\";}"],"_wpml_post_translation_editor_native":["no"],"similar_product_key":["1738423072"],"_safety_instructions":[""],"_product_reserve_till_field":[""],"sib_push_meta_box_present":["1"],"sib_push_send_notification":["0"],"sib_push_target_segment_ids":["@ALL"],"_wireless_electronic_device":["no"],"_device_contains_power_supply":["no"],"_device_charging_supports_usb_pd":["no"],"_device_charging_watt_min":["0"],"_device_charging_watt_max":["0"],"rank_math_primary_product_brand":["1584"],"_ame_cpe_post_policy":["{\"accessProtection\":{\"active\":\"replace\"}}"],"_izettle_barcode":[""],"_izettle_nosync":[""],"_izettle_cost_price":[""],"_izettle_special_price":[""],"_izettle_product_name":[""],"_izettle_image_lookup_key":["3kyncy1cEe-udXp3qLWasA--uUUSEEqEfCHm8Ro7REHFA"],"woocommerce_izettle_product_uuid":["fae80834-412a-11f0-b9df-353536383939"],"woocommerce_izettle_variant_uuid":["fae81554-412a-11f0-9fb6-353536383939"],"_izettle_updated":["1749340825"],"_wpml_media_has_media":["1"],"_sku":["P6-1126"],"_edit_lock":["1771754084:4"],"_gdrive_field":["https:\/\/drive.google.com\/drive\/u\/1\/folders\/1EvFFkLpwuLF4C2DQzh-vnUZ0XWjmCu7n"],"_edit_last":["4"],"sib_push_send_notification_delay_seconds":["0"],"_entrupy_echtheitszertifikat":[""],"_is_non_alcoholic":["no"],"_mid_code":[""],"_ship_separately_via":[""],"_shipping_weight":[""],"rank_math_analytic_object_id":["19"],"_wcml_average_rating":[null],"_wcml_review_count":[null],"_wcml_rating_count":[null],"astra-migrate-meta-layouts":["set"],"rank_math_internal_links_processed":["1"],"_uag_page_assets":["a:9:{s:3:\"css\";s:0:\"\";s:2:\"js\";s:0:\"\";s:18:\"current_block_list\";a:6:{i:0;s:26:\"woocommerce\/filter-wrapper\";i:1;s:24:\"woocommerce\/price-filter\";i:2;s:30:\"woocommerce\/product-categories\";i:3;s:14:\"core\/paragraph\";i:4;s:14:\"core\/shortcode\";i:5;s:11:\"core\/search\";}s:8:\"uag_flag\";b:0;s:11:\"uag_version\";s:10:\"1777326306\";s:6:\"gfonts\";a:0:{}s:10:\"gfonts_url\";s:0:\"\";s:12:\"gfonts_files\";a:0:{}s:14:\"uag_faq_layout\";b:0;}"],"_wc_rating_count":[""]},"uagb_featured_image_src":{"full":["https:\/\/truelangtest.ilovehandbags.com\/wp-content\/uploads\/sites\/3\/Louis-Vuitton-New-Wave-Taschenanhaenger-1126-04.jpg",2048,2048,false],"thumbnail":["https:\/\/truelangtest.ilovehandbags.com\/wp-content\/uploads\/sites\/3\/Louis-Vuitton-New-Wave-Taschenanhaenger-1126-04-150x150.jpg",150,150,true],"medium":["https:\/\/truelangtest.ilovehandbags.com\/wp-content\/uploads\/sites\/3\/Louis-Vuitton-New-Wave-Taschenanhaenger-1126-04-300x300.jpg",300,300,true],"medium_large":["https:\/\/truelangtest.ilovehandbags.com\/wp-content\/uploads\/sites\/3\/Louis-Vuitton-New-Wave-Taschenanhaenger-1126-04-768x768.jpg",768,768,true],"large":["https:\/\/truelangtest.ilovehandbags.com\/wp-content\/uploads\/sites\/3\/Louis-Vuitton-New-Wave-Taschenanhaenger-1126-04-1024x1024.jpg",1024,1024,true],"1536x1536":["https:\/\/truelangtest.ilovehandbags.com\/wp-content\/uploads\/sites\/3\/Louis-Vuitton-New-Wave-Taschenanhaenger-1126-04.jpg",1536,1536,false],"2048x2048":["https:\/\/truelangtest.ilovehandbags.com\/wp-content\/uploads\/sites\/3\/Louis-Vuitton-New-Wave-Taschenanhaenger-1126-04.jpg",2048,2048,false],"woocommerce_thumbnail":["https:\/\/truelangtest.ilovehandbags.com\/wp-content\/uploads\/sites\/3\/Louis-Vuitton-New-Wave-Taschenanhaenger-1126-04-500x500.jpg",500,500,true],"woocommerce_single":["https:\/\/truelangtest.ilovehandbags.com\/wp-content\/uploads\/sites\/3\/Louis-Vuitton-New-Wave-Taschenanhaenger-1126-04-500x500.jpg",500,500,true],"woocommerce_gallery_thumbnail":["https:\/\/truelangtest.ilovehandbags.com\/wp-content\/uploads\/sites\/3\/Louis-Vuitton-New-Wave-Taschenanhaenger-1126-04-100x100.jpg",100,100,true]},"uagb_author_info":{"display_name":"ILoveHandbags","author_link":"https:\/\/truelangtest.ilovehandbags.com\/de\/author\/"},"uagb_comment_info":0,"uagb_excerpt":"Der Louis Vuitton Porte-Cl\u00e9s New Wave ist ein modernes Accessoire mit ikonischem Charakter. Inspiriert von der gleichnamigen Taschenlinie verbindet dieser Schl\u00fcssel- und Taschenanh\u00e4nger zeitgem\u00e4\u00dfes Design mit der unverkennbaren Handschrift von Louis Vuitton. Das markante LV-Logo in Kombination mit hochwertigen Materialien und fein verarbeiteter Hardware macht den Anh\u00e4nger zu einem eleganten Blickfang. Ob als Schl\u00fcsselanh\u00e4nger oder&hellip;","_links":{"self":[{"href":"https:\/\/truelangtest.ilovehandbags.com\/de\/wp-json\/wp\/v2\/product\/75709","targetHints":{"allow":["GET"]}}],"collection":[{"href":"https:\/\/truelangtest.ilovehandbags.com\/de\/wp-json\/wp\/v2\/product"}],"about":[{"href":"https:\/\/truelangtest.ilovehandbags.com\/de\/wp-json\/wp\/v2\/types\/product"}],"wp:featuredmedia":[{"embeddable":true,"href":"https:\/\/truelangtest.ilovehandbags.com\/de\/wp-json\/wp\/v2\/media\/75716"}],"wp:attachment":[{"href":"https:\/\/truelangtest.ilovehandbags.com\/de\/wp-json\/wp\/v2\/media?parent=75709"}],"wp:term":[{"taxonomy":"product_brand","embeddable":true,"href":"https:\/\/truelangtest.ilovehandbags.com\/de\/wp-json\/wp\/v2\/product_brand?post=75709"},{"taxonomy":"product_cat","embeddable":true,"href":"https:\/\/truelangtest.ilovehandbags.com\/de\/wp-json\/wp\/v2\/product_cat?post=75709"},{"taxonomy":"product_tag","embeddable":true,"href":"https:\/\/truelangtest.ilovehandbags.com\/de\/wp-json\/wp\/v2\/product_tag?post=75709"}],"curies":[{"name":"wp","href":"https:\/\/api.w.org\/{rel}","templated":true}]}}