{"id":76995,"date":"2026-02-26T13:53:27","date_gmt":"2026-02-26T12:53:27","guid":{"rendered":"https:\/\/ilovehandbags.com\/?post_type=product&#038;p=76995"},"modified":"2026-02-27T15:57:54","modified_gmt":"2026-02-27T14:57:54","slug":"chanel-brosche-1157","status":"publish","type":"product","link":"https:\/\/truelangtest.ilovehandbags.com\/de\/chanel-brosche-1157\/","title":{"rendered":"Chanel Brosche"},"content":{"rendered":"","protected":false},"excerpt":{"rendered":"<p data-start=\"140\" data-end=\"306\">Diese ikonische Chanel Brosche vereint zwei der bekanntesten Designcodes der Maison: das klassische CC-Logo und das charakteristische Matelass\u00e9-Steppmuster. Das plastisch gearbeitete, vergoldete Finish verleiht der Brosche eine warme, luxuri\u00f6se Ausstrahlung. Durch die leicht strukturierte Oberfl\u00e4che entsteht ein faszinierendes Spiel aus Glanz und Tiefe, das dem Schmuckst\u00fcck eine besonders hochwertige Wirkung verleiht. Das erhabene CC-Logo steht im harmonischen Kontrast zur gesteppten Hintergrundstruktur und macht die Brosche sofort als Chanel-Klassiker erkennbar. Ob als eleganter Akzent am Blazer, stilvoll am Mantel oder modern auf Strick und Seide getragen \u2013 dieses Statement-Piece verleiht jedem Outfit eine ikonische, franz\u00f6sische Note. Ein zeitloses Vintage-Accessoire f\u00fcr Liebhaberinnen klassischer Chanel-Designs \u2013 ausdrucksstark, feminin und unverkennbar.<\/p>\n","protected":false},"featured_media":77002,"template":"","meta":{"_uag_custom_page_level_css":"","site-sidebar-layout":"default","site-content-layout":"default","ast-site-content-layout":"default","site-content-style":"default","site-sidebar-style":"default","ast-global-header-display":"","ast-banner-title-visibility":"","ast-main-header-display":"","ast-hfb-above-header-display":"","ast-hfb-below-header-display":"","ast-hfb-mobile-header-display":"","site-post-title":"","ast-breadcrumbs-content":"","ast-featured-img":"","footer-sml-layout":"","ast-disable-related-posts":"","theme-transparent-header-meta":"default","adv-header-id-meta":"","stick-header-meta":"default","header-above-stick-meta":"","header-main-stick-meta":"","header-below-stick-meta":"","astra-migrate-meta-layouts":"set","ast-page-background-enabled":"default","ast-page-background-meta":{"desktop":{"background-color":"var(--ast-global-color-4)","background-image":"","background-repeat":"repeat","background-position":"center center","background-size":"auto","background-attachment":"scroll","background-type":"","background-media":"","overlay-type":"","overlay-color":"","overlay-opacity":"","overlay-gradient":""},"tablet":{"background-color":"","background-image":"","background-repeat":"repeat","background-position":"center center","background-size":"auto","background-attachment":"scroll","background-type":"","background-media":"","overlay-type":"","overlay-color":"","overlay-opacity":"","overlay-gradient":""},"mobile":{"background-color":"","background-image":"","background-repeat":"repeat","background-position":"center center","background-size":"auto","background-attachment":"scroll","background-type":"","background-media":"","overlay-type":"","overlay-color":"","overlay-opacity":"","overlay-gradient":""}},"ast-content-background-meta":{"desktop":{"background-color":"var(--ast-global-color-5)","background-image":"","background-repeat":"repeat","background-position":"center center","background-size":"auto","background-attachment":"scroll","background-type":"","background-media":"","overlay-type":"","overlay-color":"","overlay-opacity":"","overlay-gradient":""},"tablet":{"background-color":"var(--ast-global-color-5)","background-image":"","background-repeat":"repeat","background-position":"center center","background-size":"auto","background-attachment":"scroll","background-type":"","background-media":"","overlay-type":"","overlay-color":"","overlay-opacity":"","overlay-gradient":""},"mobile":{"background-color":"var(--ast-global-color-5)","background-image":"","background-repeat":"repeat","background-position":"center center","background-size":"auto","background-attachment":"scroll","background-type":"","background-media":"","overlay-type":"","overlay-color":"","overlay-opacity":"","overlay-gradient":""}},"_glsr_average":0,"_glsr_ranking":0,"_glsr_reviews":0},"product_brand":[1593],"product_cat":[235,516,2144,451],"product_tag":[325,2143],"class_list":{"0":"post-76995","1":"product","2":"type-product","3":"status-publish","4":"has-post-thumbnail","6":"product_brand-chanel","7":"product_cat-chanel","8":"product_cat-neu-im-shop","9":"product_cat-schmuck","10":"product_cat-vintage","11":"product_tag-chanel","12":"product_tag-chanel-brosche","13":"desktop-align-left","14":"tablet-align-left","15":"mobile-align-left","16":"ast-product-gallery-layout-first-image-large","17":"ast-magnify-disabled","18":"ast-product-tabs-layout-accordion","20":"first","21":"instock","22":"sold-individually","23":"taxable","24":"shipping-taxable","25":"purchasable","26":"product-type-simple"},"spectra_custom_meta":{"copied_media_ids":["a:0:{}","a:0:{}","a:0:{}","a:0:{}"],"referenced_media_ids":["a:5:{i:0;i:77002;i:1;i:76998;i:2;i:77000;i:3;i:77001;i:4;i:76999;}","a:5:{i:0;i:77002;i:1;i:76998;i:2;i:77000;i:3;i:77001;i:4;i:76999;}","a:5:{i:0;i:77002;i:1;i:76998;i:2;i:77000;i:3;i:77001;i:4;i:76999;}","a:5:{i:0;i:77002;i:1;i:76998;i:2;i:77000;i:3;i:77001;i:4;i:76999;}"],"_regular_price":["490"],"total_sales":["0"],"_tax_status":["taxable"],"_tax_class":[""],"_manage_stock":["yes"],"_backorders":["no"],"_sold_individually":["yes"],"_virtual":["no"],"_downloadable":["no"],"_product_image_gallery":["76998,77000,77001,76999"],"_download_limit":["-1"],"_download_expiry":["-1"],"_thumbnail_id":["77002"],"_stock":["1"],"_stock_status":["instock"],"_wc_average_rating":[0],"_wc_review_count":["0"],"_product_attributes":["a:3:{s:8:\"pa_brand\";a:7:{s:4:\"name\";s:8:\"pa_brand\";s:5:\"value\";s:0:\"\";s:8:\"position\";i:1;s:10:\"is_visible\";i:0;s:12:\"is_variation\";i:1;s:11:\"is_taxonomy\";i:1;s:16:\"checkout_visible\";i:0;}s:8:\"pa_color\";a:7:{s:4:\"name\";s:8:\"pa_color\";s:5:\"value\";s:0:\"\";s:8:\"position\";i:2;s:10:\"is_visible\";i:0;s:12:\"is_variation\";i:1;s:11:\"is_taxonomy\";i:1;s:16:\"checkout_visible\";i:0;}s:9:\"pa_gender\";a:7:{s:4:\"name\";s:9:\"pa_gender\";s:5:\"value\";s:0:\"\";s:8:\"position\";i:3;s:10:\"is_visible\";i:0;s:12:\"is_variation\";i:1;s:11:\"is_taxonomy\";i:1;s:16:\"checkout_visible\";i:0;}}"],"_product_version":["10.5.2"],"_price":["490"],"_not_in_inventory_checkbox":["",""],"_wpml_media_featured":["1","1","1","1","1","1","1","1"],"_wpml_media_duplicate":["1","1","1","1","1","1","1","1"],"_wpml_word_count":["157"],"_wpml_location_migration_done":["1"],"_fusion":["a:3:{s:17:\"slider_visibility\";s:51:\"small-visibility,medium-visibility,large-visibility\";s:11:\"slider_type\";s:2:\"no\";s:9:\"wooslider\";s:1:\"0\";}"],"rank_math_seo_score":["77"],"rank_math_focus_keyword":["Chanel"],"_purchase_price_field":["265,17"],"_internal_warehouse_number_field":["P6-1157"],"_unit":[""],"_unit_base":[""],"_unit_product":[""],"_unit_price_auto":["no"],"_unit_price_regular":[""],"_unit_price":[""],"_unit_price_sale":[""],"_sale_price_label":[""],"_sale_price_regular_label":[""],"_mini_desc":["Chanel Brosche"],"_defect_description":[""],"_allergen_ids":["a:0:{}"],"_warranty_attachment_id":[""],"_min_age":[""],"_ts_gtin":[""],"_ts_mpn":[""],"_delivery_time_countries":["a:0:{}"],"_free_shipping":["no"],"_service":["no"],"_photovoltaic_system":["no"],"_used_good":["yes"],"_defective_copy":["no"],"_is_food":["no"],"_differential_taxation":["no"],"_gzd_version":["3.20.7"],"_hs_code":[""],"_manufacture_country":[""],"_rank_math_gtin_code":[""],"_fusion_google_fonts":[""],"fusion_builder_status":["active"],"rank_math_primary_product_cat":["0"],"_wcml_custom_prices_status":["0"],"avada_post_views_count":["48"],"avada_today_post_views_count":["1"],"avada_post_views_count_today_date":["17-04-2023"],"_deposit_type":[""],"_nutrient_ids":["a:0:{}"],"_nutrient_reference_value":["100g"],"_ingredients":[""],"_nutri_score":[""],"_alcohol_content":[""],"_drained_weight":[""],"_net_filling_quantity":[""],"_food_distributor":[""],"_food_description":[""],"_food_place_of_origin":[""],"_deposit_quantity":[""],"yikes_woo_products_tabs":["a:2:{i:0;a:3:{s:5:\"title\";s:21:\"Weitere Informationen\";s:2:\"id\";s:21:\"weitere-informationen\";s:7:\"content\";s:708:\"<p data-start=\"89\" data-end=\"307\"><strong data-start=\"82\" data-end=\"95\">Material:<\/strong> Vergoldetes Metall mit poliertem Finish und strukturierter Matelass\u00e9-Pr\u00e4gung<br data-start=\"172\" data-end=\"175\" \/><strong data-start=\"175\" data-end=\"186\" data-is-only-node=\"\">Design:<\/strong> Ikonisches CC-Logo auf gestepptem Hintergrund<br data-start=\"232\" data-end=\"235\" \/><strong data-start=\"235\" data-end=\"244\">Ma\u00dfe:<\/strong> ca. 3 cm Durchmesser<br data-start=\"265\" data-end=\"268\" \/><strong data-start=\"268\" data-end=\"283\">Verschluss:<\/strong> Steckverschluss auf der R\u00fcckseite<br data-start=\"317\" data-end=\"320\" \/><strong data-start=\"341\" data-end=\"358\">Lieferumfang:<\/strong> I Love Handbags Schmuckbox<\/p>\";}i:1;a:3:{s:5:\"title\";s:7:\"Zustand\";s:2:\"id\";s:7:\"zustand\";s:7:\"content\";s:210:\"<strong data-start=\"179\" data-end=\"197\">Gesamtzustand:<\/strong> Guter bis sehr guter Zustand<br data-start=\"220\" data-end=\"223\" \/><strong data-start=\"479\" data-end=\"492\">Metall:<\/strong> Leichte Gebrauchsspuren\";}}"],"site-sidebar-layout":["default"],"site-content-layout":["default"],"theme-transparent-header-meta":["default"],"stick-header-meta":["default"],"_pys_conversion_label_settings":["a:3:{s:6:\"enable\";b:0;s:5:\"label\";s:0:\"\";s:2:\"id\";s:14:\"AW-11184563350\";}"],"_pys_super_pack_cpt_url":[""],"_pys_super_pack_cpt_condition":["only"],"_pys_super_pack_cpt_cart":["hidden"],"_woosea_brand":[""],"_woosea_mpn":[""],"_woosea_upc":[""],"_woosea_ean":[""],"_woosea_gtin":[""],"_woosea_color":[""],"_woosea_size":[""],"_woosea_gender":[""],"_woosea_material":[""],"_woosea_pattern":[""],"_woosea_optimized_title":[""],"_woosea_unit_pricing_measure":[""],"_woosea_unit_pricing_base_measure":[""],"_woosea_condition":[""],"_woosea_age_group":["adult"],"_woosea_installment_months":[""],"_woosea_installment_amount":[""],"_woosea_exclude_product":["no"],"_woosea_cost_of_good_sold":[""],"_woosea_multipack":[""],"_woosea_is_bundle":[""],"_woosea_energy_efficiency_class":[""],"_woosea_min_energy_efficiency_class":[""],"_woosea_max_energy_efficiency_class":[""],"_woosea_is_promotion":[""],"_woosea_custom_field_0":[""],"_woosea_custom_field_1":[""],"_woosea_custom_field_2":[""],"_woosea_custom_field_3":[""],"_woosea_custom_field_4":[""],"_pys_head_footer":["a:7:{s:14:\"disable_global\";b:0;s:8:\"head_any\";s:0:\"\";s:12:\"head_desktop\";s:0:\"\";s:11:\"head_mobile\";s:0:\"\";s:10:\"footer_any\";s:0:\"\";s:14:\"footer_desktop\";s:0:\"\";s:13:\"footer_mobile\";s:0:\"\";}"],"_customs_description":[""],"_is_non_returnable":["no"],"_wpml_media_has_media":["1"],"litespeed_vpi_list_mobile":["a:2:{i:0;s:8:\"logo.png\";i:1;s:67:\"Chanel-Camellia-Cardholder-Vorderseite-2023-0307-scaled-500x500.jpg\";}"],"litespeed_vpi_list":["a:4:{i:0;s:8:\"logo.png\";i:1;s:6:\"de.png\";i:2;s:67:\"Chanel-Camellia-Cardholder-Vorderseite-2023-0307-scaled-500x500.jpg\";i:3;s:35:\"three-o-clock-clock-svgrepo-com.svg\";}"],"_internal_date_code":["Nicht vorhanden"],"_internal_product_origin":["Frankreich"],"_product_rating":["between A and B"],"ast-site-content-layout":["default"],"site-content-style":["default"],"site-sidebar-style":["default"],"_custom_html_content":[""],"_wp_old_date":["2023-08-10"],"_customer_view":["25"],"_custom_view_last_updated":["2026-04-01 21:29:26"],"_shipping_length":[""],"_shipping_width":[""],"_shipping_height":[""],"_izettle_image_lookup_key":["3kyncy1cEe-udXp3qLWasA-0HqHty1tEe-VMjY4nMi5LQ"],"woocommerce_izettle_product_uuid":["d07ea61a-2d6d-11ef-8b45-353536383939"],"woocommerce_izettle_variant_uuid":["d07ec154-2d6d-11ef-b6b5-353536383939"],"_izettle_updated":["1718713515"],"_product_shipping_weight":["1kg"],"_default_delivery_time":[""],"_manufacturer_slug":["chanel-s-a-s"],"_izettle_special_price":[""],"_izettle_cost_price":[""],"_izettle_barcode":[""],"_izettle_nosync":[""],"sib_push_meta_box_present":["1"],"sib_push_send_notification":["0"],"sib_push_send_notification_delay_seconds":["0"],"sib_push_target_segment_ids":["@ALL"],"_entrupy_echtheitszertifikat":[""],"_product_available_from_field":["2026-02-27T19:00"],"_safety_instructions":[""],"_is_non_alcoholic":["no"],"_safety_attachment_ids":["a:0:{}"],"_wireless_electronic_device":["no"],"_device_contains_power_supply":["no"],"_device_charging_supports_usb_pd":["no"],"_device_charging_watt_min":[""],"_device_charging_watt_max":[""],"_mid_code":[""],"_ship_separately_via":[""],"_shipping_weight":[""],"_product_reserve_till_field":[""],"_nickx_video_text_url":["a:1:{i:0;s:0:\"\";}"],"_nickx_product_video_type":["a:1:{i:0;s:23:\"nickx_video_url_youtube\";}"],"_nickx_product_video_thumb_ids":["a:1:{i:0;s:0:\"\";}"],"_ame_cpe_post_policy":["{\"accessProtection\":{\"active\":\"replace\"}}"],"similar_product_key":["1769678353"],"_wpml_post_translation_editor_native":["no"],"_wpml_post_translation_editor_wpml":["wpml"],"rank_math_analytic_object_id":["2655"],"_sku":["P6-1157"],"_edit_lock":["1772277923:4"],"_gdrive_field":["https:\/\/drive.google.com\/drive\/u\/0\/folders\/1SicLmmZG1XzetR28ytTse5I7rs02_CPs"],"_edit_last":["4"],"_wcml_average_rating":[null],"_wcml_review_count":[null],"_wcml_rating_count":[null],"astra-migrate-meta-layouts":["set"],"rank_math_internal_links_processed":["1"],"_uag_page_assets":["a:9:{s:3:\"css\";s:0:\"\";s:2:\"js\";s:0:\"\";s:18:\"current_block_list\";a:6:{i:0;s:26:\"woocommerce\/filter-wrapper\";i:1;s:24:\"woocommerce\/price-filter\";i:2;s:30:\"woocommerce\/product-categories\";i:3;s:14:\"core\/paragraph\";i:4;s:14:\"core\/shortcode\";i:5;s:11:\"core\/search\";}s:8:\"uag_flag\";b:0;s:11:\"uag_version\";s:10:\"1777326279\";s:6:\"gfonts\";a:0:{}s:10:\"gfonts_url\";s:0:\"\";s:12:\"gfonts_files\";a:0:{}s:14:\"uag_faq_layout\";b:0;}"],"_wc_rating_count":[""]},"uagb_featured_image_src":{"full":["https:\/\/truelangtest.ilovehandbags.com\/wp-content\/uploads\/sites\/3\/Chanel-Brosche-1157-01-scaled.jpg",2560,2560,false],"thumbnail":["https:\/\/truelangtest.ilovehandbags.com\/wp-content\/uploads\/sites\/3\/Chanel-Brosche-1157-01-150x150.jpg",150,150,true],"medium":["https:\/\/truelangtest.ilovehandbags.com\/wp-content\/uploads\/sites\/3\/Chanel-Brosche-1157-01-300x300.jpg",300,300,true],"medium_large":["https:\/\/truelangtest.ilovehandbags.com\/wp-content\/uploads\/sites\/3\/Chanel-Brosche-1157-01-768x768.jpg",768,768,true],"large":["https:\/\/truelangtest.ilovehandbags.com\/wp-content\/uploads\/sites\/3\/Chanel-Brosche-1157-01-1024x1024.jpg",1024,1024,true],"1536x1536":["https:\/\/truelangtest.ilovehandbags.com\/wp-content\/uploads\/sites\/3\/Chanel-Brosche-1157-01-scaled.jpg",1536,1536,false],"2048x2048":["https:\/\/truelangtest.ilovehandbags.com\/wp-content\/uploads\/sites\/3\/Chanel-Brosche-1157-01-scaled.jpg",2048,2048,false],"woocommerce_thumbnail":["https:\/\/truelangtest.ilovehandbags.com\/wp-content\/uploads\/sites\/3\/Chanel-Brosche-1157-01-500x500.jpg",500,500,true],"woocommerce_single":["https:\/\/truelangtest.ilovehandbags.com\/wp-content\/uploads\/sites\/3\/Chanel-Brosche-1157-01-500x500.jpg",500,500,true],"woocommerce_gallery_thumbnail":["https:\/\/truelangtest.ilovehandbags.com\/wp-content\/uploads\/sites\/3\/Chanel-Brosche-1157-01-100x100.jpg",100,100,true]},"uagb_author_info":{"display_name":"ILoveHandbags","author_link":"https:\/\/truelangtest.ilovehandbags.com\/de\/author\/"},"uagb_comment_info":0,"uagb_excerpt":"Diese ikonische Chanel Brosche vereint zwei der bekanntesten Designcodes der Maison: das klassische CC-Logo und das charakteristische Matelass\u00e9-Steppmuster. Das plastisch gearbeitete, vergoldete Finish verleiht der Brosche eine warme, luxuri\u00f6se Ausstrahlung. Durch die leicht strukturierte Oberfl\u00e4che entsteht ein faszinierendes Spiel aus Glanz und Tiefe, das dem Schmuckst\u00fcck eine besonders hochwertige Wirkung verleiht. Das erhabene CC-Logo steht&hellip;","_links":{"self":[{"href":"https:\/\/truelangtest.ilovehandbags.com\/de\/wp-json\/wp\/v2\/product\/76995","targetHints":{"allow":["GET"]}}],"collection":[{"href":"https:\/\/truelangtest.ilovehandbags.com\/de\/wp-json\/wp\/v2\/product"}],"about":[{"href":"https:\/\/truelangtest.ilovehandbags.com\/de\/wp-json\/wp\/v2\/types\/product"}],"wp:featuredmedia":[{"embeddable":true,"href":"https:\/\/truelangtest.ilovehandbags.com\/de\/wp-json\/wp\/v2\/media\/77002"}],"wp:attachment":[{"href":"https:\/\/truelangtest.ilovehandbags.com\/de\/wp-json\/wp\/v2\/media?parent=76995"}],"wp:term":[{"taxonomy":"product_brand","embeddable":true,"href":"https:\/\/truelangtest.ilovehandbags.com\/de\/wp-json\/wp\/v2\/product_brand?post=76995"},{"taxonomy":"product_cat","embeddable":true,"href":"https:\/\/truelangtest.ilovehandbags.com\/de\/wp-json\/wp\/v2\/product_cat?post=76995"},{"taxonomy":"product_tag","embeddable":true,"href":"https:\/\/truelangtest.ilovehandbags.com\/de\/wp-json\/wp\/v2\/product_tag?post=76995"}],"curies":[{"name":"wp","href":"https:\/\/api.w.org\/{rel}","templated":true}]}}