{"id":77597,"date":"2026-03-11T09:45:35","date_gmt":"2026-03-11T08:45:35","guid":{"rendered":"https:\/\/ilovehandbags.com\/?post_type=product&#038;p=77597"},"modified":"2026-03-11T09:46:55","modified_gmt":"2026-03-11T08:46:55","slug":"louis-vuitton-pochette-accessoires-damier-azur-1178","status":"publish","type":"product","link":"https:\/\/truelangtest.ilovehandbags.com\/de\/louis-vuitton-pochette-accessoires-damier-azur-1178\/","title":{"rendered":"Louis Vuitton Pochette Accessoires Damier Azur"},"content":{"rendered":"","protected":false},"excerpt":{"rendered":"<p data-start=\"0\" data-end=\"299\">Die Louis Vuitton Pochette Accessoires im ikonischen Damier Azur Canvas verk\u00f6rpert sommerliche Leichtigkeit und zeitlose Eleganz. Das helle Schachbrettmuster z\u00e4hlt zu den beliebtesten Designs des Hauses Louis Vuitton und verleiht der Tasche eine besonders frische und stilvolle Ausstrahlung. Mit ihrer klassischen, schlanken Silhouette ist die Pochette Accessoires der perfekte Begleiter f\u00fcr viele Gelegenheiten \u2013 ob als elegante Clutch am Abend, als praktische Tasche f\u00fcr das Wesentliche im Alltag oder als stilvolle Erg\u00e4nzung innerhalb einer gr\u00f6\u00dferen Handtasche. Trotz ihrer kompakten Gr\u00f6\u00dfe bietet sie ausreichend Platz f\u00fcr Smartphone, Kartenetui, Schl\u00fcssel und kleine Essentials. Das strapazierf\u00e4hige Damier Azur Canvas wird durch die charakteristischen Vachetta-Lederdetails erg\u00e4nzt, die mit der Zeit eine individuelle Patina entwickeln und der Tasche zus\u00e4tzlichen Vintage-Charme verleihen. Der kurze Lederriemen erm\u00f6glicht das komfortable Tragen in der Hand oder am Handgelenk.<\/p>\n","protected":false},"featured_media":77608,"template":"","meta":{"_uag_custom_page_level_css":"","site-sidebar-layout":"default","site-content-layout":"default","ast-site-content-layout":"default","site-content-style":"default","site-sidebar-style":"default","ast-global-header-display":"","ast-banner-title-visibility":"","ast-main-header-display":"","ast-hfb-above-header-display":"","ast-hfb-below-header-display":"","ast-hfb-mobile-header-display":"","site-post-title":"","ast-breadcrumbs-content":"","ast-featured-img":"","footer-sml-layout":"","ast-disable-related-posts":"","theme-transparent-header-meta":"default","adv-header-id-meta":"","stick-header-meta":"default","header-above-stick-meta":"","header-main-stick-meta":"","header-below-stick-meta":"","astra-migrate-meta-layouts":"set","ast-page-background-enabled":"default","ast-page-background-meta":{"desktop":{"background-color":"var(--ast-global-color-4)","background-image":"","background-repeat":"repeat","background-position":"center center","background-size":"auto","background-attachment":"scroll","background-type":"","background-media":"","overlay-type":"","overlay-color":"","overlay-opacity":"","overlay-gradient":""},"tablet":{"background-color":"","background-image":"","background-repeat":"repeat","background-position":"center center","background-size":"auto","background-attachment":"scroll","background-type":"","background-media":"","overlay-type":"","overlay-color":"","overlay-opacity":"","overlay-gradient":""},"mobile":{"background-color":"","background-image":"","background-repeat":"repeat","background-position":"center center","background-size":"auto","background-attachment":"scroll","background-type":"","background-media":"","overlay-type":"","overlay-color":"","overlay-opacity":"","overlay-gradient":""}},"ast-content-background-meta":{"desktop":{"background-color":"var(--ast-global-color-5)","background-image":"","background-repeat":"repeat","background-position":"center center","background-size":"auto","background-attachment":"scroll","background-type":"","background-media":"","overlay-type":"","overlay-color":"","overlay-opacity":"","overlay-gradient":""},"tablet":{"background-color":"var(--ast-global-color-5)","background-image":"","background-repeat":"repeat","background-position":"center center","background-size":"auto","background-attachment":"scroll","background-type":"","background-media":"","overlay-type":"","overlay-color":"","overlay-opacity":"","overlay-gradient":""},"mobile":{"background-color":"var(--ast-global-color-5)","background-image":"","background-repeat":"repeat","background-position":"center center","background-size":"auto","background-attachment":"scroll","background-type":"","background-media":"","overlay-type":"","overlay-color":"","overlay-opacity":"","overlay-gradient":""}},"_glsr_average":0,"_glsr_ranking":0,"_glsr_reviews":0},"product_brand":[1584],"product_cat":[208,242,239,516],"product_tag":[214,470,265],"class_list":{"0":"post-77597","1":"product","2":"type-product","3":"status-publish","4":"has-post-thumbnail","6":"product_brand-louis-vuitton","7":"product_cat-handtaschen","8":"product_cat-kleine-taschen","9":"product_cat-louis-vuitton","10":"product_cat-neu-im-shop","11":"product_tag-louis-vuitton","12":"product_tag-louis-vuitton-n41207","13":"product_tag-louis-vuitton-pochette-accessoires","14":"desktop-align-left","15":"tablet-align-left","16":"mobile-align-left","17":"ast-product-gallery-layout-first-image-large","18":"ast-magnify-disabled","19":"ast-product-tabs-layout-accordion","21":"first","22":"instock","23":"sold-individually","24":"taxable","25":"shipping-taxable","26":"purchasable","27":"product-type-simple"},"spectra_custom_meta":{"rank_math_internal_links_processed":["1"],"copied_media_ids":["a:0:{}","a:0:{}"],"referenced_media_ids":["a:15:{i:0;i:77608;i:1;i:77613;i:2;i:77603;i:3;i:77602;i:4;i:77611;i:5;i:77600;i:6;i:77601;i:7;i:77610;i:8;i:77605;i:9;i:77609;i:10;i:77612;i:11;i:77607;i:12;i:77604;i:13;i:77606;i:14;i:77599;}","a:15:{i:0;i:77608;i:1;i:77613;i:2;i:77603;i:3;i:77602;i:4;i:77611;i:5;i:77600;i:6;i:77601;i:7;i:77610;i:8;i:77605;i:9;i:77609;i:10;i:77612;i:11;i:77607;i:12;i:77604;i:13;i:77606;i:14;i:77599;}"],"_regular_price":["590"],"total_sales":["0"],"_tax_status":["taxable"],"_tax_class":[""],"_manage_stock":["yes"],"_backorders":["no"],"_sold_individually":["yes"],"_crosssell_ids":["a:1:{i:0;i:36581;}"],"_virtual":["no"],"_downloadable":["no"],"_product_image_gallery":["77613,77603,77602,77611,77600,77601,77610,77605,77609,77612,77607,77604,77606,77599"],"_download_limit":["-1"],"_download_expiry":["-1"],"_thumbnail_id":["77608"],"_stock":["1"],"_stock_status":["instock"],"_wc_average_rating":[0],"_wc_review_count":["0"],"_product_attributes":["a:3:{s:8:\"pa_brand\";a:7:{s:4:\"name\";s:8:\"pa_brand\";s:5:\"value\";s:0:\"\";s:8:\"position\";i:1;s:10:\"is_visible\";i:0;s:12:\"is_variation\";i:0;s:11:\"is_taxonomy\";i:1;s:16:\"checkout_visible\";i:0;}s:8:\"pa_color\";a:7:{s:4:\"name\";s:8:\"pa_color\";s:5:\"value\";s:0:\"\";s:8:\"position\";i:2;s:10:\"is_visible\";i:0;s:12:\"is_variation\";i:0;s:11:\"is_taxonomy\";i:1;s:16:\"checkout_visible\";i:0;}s:9:\"pa_gender\";a:7:{s:4:\"name\";s:9:\"pa_gender\";s:5:\"value\";s:0:\"\";s:8:\"position\";i:3;s:10:\"is_visible\";i:0;s:12:\"is_variation\";i:0;s:11:\"is_taxonomy\";i:1;s:16:\"checkout_visible\";i:0;}}"],"_product_version":["10.6.0"],"_price":["590"],"_wpml_media_featured":["1","1","1","1","1","1","1","1"],"_wpml_media_duplicate":["1","1","1","1","1","1","1","1"],"_wpml_word_count":["182"],"_wpml_location_migration_done":["1"],"_fusion":["a:3:{s:17:\"slider_visibility\";s:51:\"small-visibility,medium-visibility,large-visibility\";s:11:\"slider_type\";s:2:\"no\";s:9:\"wooslider\";s:1:\"0\";}"],"rank_math_seo_score":["77"],"rank_math_focus_keyword":["louis vuitton"],"_purchase_price_field":["308,95"],"_internal_warehouse_number_field":["P6-1178"],"_unit":[""],"_unit_base":[""],"_unit_product":[""],"_unit_price_auto":["no"],"_unit_price_regular":[""],"_unit_price":[""],"_unit_price_sale":[""],"_sale_price_label":[""],"_sale_price_regular_label":[""],"_mini_desc":["Louis Vuitton Pochette Accessoires Damier Azur"],"_defect_description":[""],"_allergen_ids":["a:0:{}"],"_warranty_attachment_id":[""],"_min_age":[""],"_ts_gtin":[""],"_ts_mpn":[""],"_delivery_time_countries":["a:0:{}"],"_free_shipping":["no"],"_service":["no"],"_photovoltaic_system":["no"],"_used_good":["yes"],"_defective_copy":["no"],"_is_food":["no"],"_differential_taxation":["no"],"_gzd_version":["3.20.7"],"_hs_code":[""],"_manufacture_country":[""],"_rank_math_gtin_code":["M44840"],"_fusion_google_fonts":[""],"fusion_builder_status":["active"],"rank_math_primary_product_cat":["0"],"_wcml_custom_prices_status":["0"],"avada_post_views_count":["13"],"avada_today_post_views_count":["2"],"avada_post_views_count_today_date":["14-04-2023"],"_deposit_type":[""],"_nutrient_ids":["a:0:{}"],"_nutrient_reference_value":["100g"],"_ingredients":[""],"_nutri_score":[""],"_alcohol_content":[""],"_drained_weight":[""],"_net_filling_quantity":[""],"_food_distributor":[""],"_food_description":[""],"_food_place_of_origin":[""],"_deposit_quantity":[""],"yikes_woo_products_tabs":["a:2:{i:0;a:3:{s:5:\"title\";s:21:\"Weitere Informationen\";s:2:\"id\";s:21:\"weitere-informationen\";s:7:\"content\";s:718:\"<strong data-start=\"0\" data-end=\"19\" data-is-only-node=\"\">Material au\u00dfen:<\/strong> Damier Azur Canvas mit Vachetta-Lederdetails und goldfarbener Hardware<br data-start=\"90\" data-end=\"93\" \/><strong data-start=\"93\" data-end=\"112\">Material innen:<\/strong> Beigefarbenes Textilfutter<br data-start=\"139\" data-end=\"142\" \/><strong data-start=\"142\" data-end=\"151\">Ma\u00dfe:<\/strong> ca. 22 \u00d7 12 \u00d7 4 cm (Breite \u00d7 H\u00f6he \u00d7 Tiefe)<br data-start=\"194\" data-end=\"197\" \/><strong data-start=\"197\" data-end=\"230\">Date Code \/ Herstellungsjahr:<\/strong> CA4087 \u2013 hergestellt im Jahr 2007<br data-start=\"264\" data-end=\"267\" \/><strong data-start=\"267\" data-end=\"284\">Lieferumfang:<\/strong> Louis Vuitton Box und originaler Staubbeutel\";}i:1;a:3:{s:5:\"title\";s:7:\"Zustand\";s:2:\"id\";s:7:\"zustand\";s:7:\"content\";s:1063:\"<p data-start=\"100\" data-end=\"124\"><strong data-start=\"100\" data-end=\"118\">Gesamtzustand:<\/strong> Gut\r\n<strong style=\"font-size: 16px;\" data-start=\"126\" data-end=\"137\">Canvas:<\/strong><span style=\"font-size: 16px;\"> Intakt mit vereinzelten leichten Gebrauchsspuren; modelltypische leichte Abnutzungen im Bereich des D-Rings vorhanden\r\n<\/span><strong style=\"font-size: 16px;\" data-start=\"259\" data-end=\"269\">Leder:<\/strong><span style=\"font-size: 16px;\"> St\u00e4rkere Patina mit vereinzelten Gebrauchsspuren\r\n<\/span><strong style=\"font-size: 16px;\" data-start=\"331\" data-end=\"350\">Rei\u00dfverschluss:<\/strong><span style=\"font-size: 16px;\"> Schlie\u00dft sicher; stellenweise leicht schwerg\u00e4ngig mit altersbedingten Gebrauchsspuren am Zipper\r\n<\/span><strong style=\"font-size: 16px;\" data-start=\"439\" data-end=\"452\">Hardware:<\/strong><span style=\"font-size: 16px;\"> Leichte Gebrauchsspuren\r\n<\/span><strong style=\"font-size: 16px;\" data-start=\"480\" data-end=\"494\">Innenraum:<\/strong><span style=\"font-size: 16px;\"> Sauber und gepflegt mit leichten Gebrauchsspuren<\/span><\/p>\";}}"],"site-sidebar-layout":["default"],"site-content-layout":["default"],"theme-transparent-header-meta":["default"],"stick-header-meta":["default"],"_wp_old_date":["2023-04-14","2023-05-08","2023-05-15","2023-06-23","2023-07-31","2024-03-19","2025-01-22"],"_pys_conversion_label_settings":["a:3:{s:6:\"enable\";b:0;s:5:\"label\";s:0:\"\";s:2:\"id\";s:14:\"AW-11184563350\";}"],"_pys_super_pack_cpt_url":[""],"_pys_super_pack_cpt_condition":["only"],"_pys_super_pack_cpt_cart":["hidden"],"_pys_head_footer":["a:7:{s:14:\"disable_global\";b:0;s:8:\"head_any\";s:0:\"\";s:12:\"head_desktop\";s:0:\"\";s:11:\"head_mobile\";s:0:\"\";s:10:\"footer_any\";s:0:\"\";s:14:\"footer_desktop\";s:0:\"\";s:13:\"footer_mobile\";s:0:\"\";}"],"_borlabs-cookie-custom-code":[""],"_woosea_brand":[""],"_woosea_mpn":[""],"_woosea_upc":[""],"_woosea_ean":[""],"_woosea_gtin":[""],"_woosea_color":[""],"_woosea_size":[""],"_woosea_gender":[""],"_woosea_material":[""],"_woosea_pattern":[""],"_woosea_optimized_title":[""],"_woosea_unit_pricing_measure":[""],"_woosea_unit_pricing_base_measure":[""],"_woosea_condition":[""],"_woosea_age_group":["adult"],"_woosea_installment_months":[""],"_woosea_installment_amount":[""],"_woosea_exclude_product":["no"],"_woosea_cost_of_good_sold":[""],"_woosea_multipack":[""],"_woosea_is_bundle":[""],"_woosea_energy_efficiency_class":[""],"_woosea_min_energy_efficiency_class":[""],"_woosea_max_energy_efficiency_class":[""],"_woosea_is_promotion":[""],"_woosea_custom_field_0":[""],"_woosea_custom_field_1":[""],"_woosea_custom_field_2":[""],"_woosea_custom_field_3":[""],"_woosea_custom_field_4":[""],"_customs_description":[""],"_is_non_returnable":["no"],"ast-site-content-layout":["default"],"site-content-style":["default"],"site-sidebar-style":["default"],"_wpml_media_has_media":["1"],"litespeed_vpi_list_mobile":["a:2:{i:0;s:8:\"logo.png\";i:1;s:79:\"Louis-Vuitton-Multi-Pochette-Accessoires-Titelbild-2023-0288-scaled-500x500.jpg\";}"],"litespeed_vpi_list":["a:3:{i:0;s:8:\"logo.png\";i:1;s:6:\"de.png\";i:2;s:79:\"Louis-Vuitton-Multi-Pochette-Accessoires-Titelbild-2023-0288-scaled-500x500.jpg\";}"],"_internal_date_code":["CA4087"],"_internal_product_origin":["Spanien"],"rank_math_robots":["a:1:{i:0;s:5:\"index\";}"],"_product_rating":["B"],"_not_in_inventory_checkbox":[""],"_custom_html_content":[""],"_customer_view":["3"],"_custom_view_last_updated":["2026-04-26 20:08:38"],"_wpml_post_translation_editor_native":["no"],"_shipping_length":[""],"_shipping_width":[""],"_shipping_height":[""],"_zettle_product_cat_id":[""],"_product_shipping_weight":["1kg"],"_product_available_from_field":["2026-03-13T19:00"],"_manufacturer_slug":["lvmh-moet-hennessy-louis-vuitton-se"],"_safety_instructions":[""],"_safety_attachment_ids":["a:0:{}"],"_nickx_video_text_url":["a:1:{i:0;s:0:\"\";}"],"_nickx_product_video_type":["a:1:{i:0;s:23:\"nickx_video_url_youtube\";}"],"_nickx_product_video_thumb_ids":["a:1:{i:0;s:0:\"\";}"],"_product_reserve_till_field":[""],"similar_product_key":["1737205589"],"sib_push_meta_box_present":["1"],"sib_push_send_notification":["0"],"sib_push_target_segment_ids":["@ALL"],"_wireless_electronic_device":["no"],"_device_contains_power_supply":["no"],"_device_charging_supports_usb_pd":["no"],"_device_charging_watt_min":["0"],"_device_charging_watt_max":["0"],"_izettle_barcode":[""],"_izettle_nosync":[""],"_izettle_cost_price":[""],"_izettle_special_price":[""],"_izettle_product_name":[""],"rank_math_primary_product_brand":["1584"],"_ame_cpe_post_policy":["{\"accessProtection\":{\"active\":\"replace\"}}"],"woocommerce_izettle_product_uuid":["373a4334-4774-11f0-aa2c-353536383939"],"woocommerce_izettle_variant_uuid":["373a63b4-4774-11f0-bd31-353536383939"],"_izettle_updated":["1755928878"],"_izettle_image_lookup_key":["3kyncy1cEe-udXp3qLWasA-85Sp7khSEfC9d4igpM2zig"],"_izettle_product_etag":["D787D722ADA49FB12E15E3CC18C33AF7"],"last_permotional_email_sent_on":["a:3:{s:25:\"khan.ashif.ayaz@gmail.com\";s:64:\"{\"messageId\":\"<202507071100.86499063163@smtp-relay.mailin.fr>\"}\n\";s:9:\"sent_time\";s:16:\"07.07.2025 13:00\";s:19:\"get_intrested_users\";a:12:{i:0;a:2:{s:5:\"email\";s:20:\"viktoriakurth@web.de\";s:4:\"lang\";s:2:\"de\";}i:1;a:2:{s:5:\"email\";s:21:\"manuelaklein1@gmx.net\";s:4:\"lang\";s:2:\"de\";}i:2;a:2:{s:5:\"email\";s:18:\"annakemper1@web.de\";s:4:\"lang\";s:2:\"de\";}i:3;a:2:{s:5:\"email\";s:23:\"i.bente@bente-gruppe.de\";s:4:\"lang\";s:2:\"de\";}i:4;a:2:{s:5:\"email\";s:26:\"gartner.sabrina@icloud.com\";s:4:\"lang\";s:2:\"de\";}i:5;a:2:{s:5:\"email\";s:22:\"franzi.kreis@gmail.com\";s:4:\"lang\";s:2:\"de\";}i:6;a:2:{s:5:\"email\";s:27:\"fischer-manuela@t-online.de\";s:4:\"lang\";s:2:\"de\";}i:7;a:2:{s:5:\"email\";s:29:\"caroline@schaller-lenzburg.ch\";s:4:\"lang\";s:2:\"de\";}i:8;a:2:{s:5:\"email\";s:23:\"birgit.althoff67@web.de\";s:4:\"lang\";s:2:\"de\";}i:9;a:2:{s:5:\"email\";s:25:\"dorotheabredenkamp@gmx.de\";s:4:\"lang\";s:2:\"de\";}i:10;a:2:{s:5:\"email\";s:15:\"kati0606@web.de\";s:4:\"lang\";s:2:\"de\";}i:11;a:2:{s:5:\"email\";s:21:\"nkaufmann_77@yahoo.de\";s:4:\"lang\";s:2:\"de\";}}}"],"sib_push_send_notification_delay_seconds":["0"],"_is_non_alcoholic":["no"],"_mid_code":[""],"_ship_separately_via":[""],"_shipping_weight":[""],"_entrupy_echtheitszertifikat":["yes"],"rank_math_analytic_object_id":["2700"],"_sku":["P6-1178"],"_edit_lock":["1776771166:4"],"_edit_last":["4"],"_gdrive_field":["https:\/\/drive.google.com\/drive\/u\/0\/folders\/1TQRxh8Axz1sPn0F4YVQYkQd0xRy8x-tH"],"_wcml_average_rating":[null],"_wcml_review_count":[null],"_wcml_rating_count":[null],"astra-migrate-meta-layouts":["set"],"_uag_page_assets":["a:9:{s:3:\"css\";s:0:\"\";s:2:\"js\";s:0:\"\";s:18:\"current_block_list\";a:6:{i:0;s:26:\"woocommerce\/filter-wrapper\";i:1;s:24:\"woocommerce\/price-filter\";i:2;s:30:\"woocommerce\/product-categories\";i:3;s:14:\"core\/paragraph\";i:4;s:14:\"core\/shortcode\";i:5;s:11:\"core\/search\";}s:8:\"uag_flag\";b:0;s:11:\"uag_version\";s:10:\"1777316398\";s:6:\"gfonts\";a:0:{}s:10:\"gfonts_url\";s:0:\"\";s:12:\"gfonts_files\";a:0:{}s:14:\"uag_faq_layout\";b:0;}"],"_wc_rating_count":[""]},"uagb_featured_image_src":{"full":["https:\/\/truelangtest.ilovehandbags.com\/wp-content\/uploads\/sites\/3\/Louis-Vuitton-Pochette-Accessoires-Damier-Azur-1178-02.jpg",2048,2048,false],"thumbnail":["https:\/\/truelangtest.ilovehandbags.com\/wp-content\/uploads\/sites\/3\/Louis-Vuitton-Pochette-Accessoires-Damier-Azur-1178-02-150x150.jpg",150,150,true],"medium":["https:\/\/truelangtest.ilovehandbags.com\/wp-content\/uploads\/sites\/3\/Louis-Vuitton-Pochette-Accessoires-Damier-Azur-1178-02-300x300.jpg",300,300,true],"medium_large":["https:\/\/truelangtest.ilovehandbags.com\/wp-content\/uploads\/sites\/3\/Louis-Vuitton-Pochette-Accessoires-Damier-Azur-1178-02-768x768.jpg",768,768,true],"large":["https:\/\/truelangtest.ilovehandbags.com\/wp-content\/uploads\/sites\/3\/Louis-Vuitton-Pochette-Accessoires-Damier-Azur-1178-02-1024x1024.jpg",1024,1024,true],"1536x1536":["https:\/\/truelangtest.ilovehandbags.com\/wp-content\/uploads\/sites\/3\/Louis-Vuitton-Pochette-Accessoires-Damier-Azur-1178-02.jpg",1536,1536,false],"2048x2048":["https:\/\/truelangtest.ilovehandbags.com\/wp-content\/uploads\/sites\/3\/Louis-Vuitton-Pochette-Accessoires-Damier-Azur-1178-02.jpg",2048,2048,false],"woocommerce_thumbnail":["https:\/\/truelangtest.ilovehandbags.com\/wp-content\/uploads\/sites\/3\/Louis-Vuitton-Pochette-Accessoires-Damier-Azur-1178-02-500x500.jpg",500,500,true],"woocommerce_single":["https:\/\/truelangtest.ilovehandbags.com\/wp-content\/uploads\/sites\/3\/Louis-Vuitton-Pochette-Accessoires-Damier-Azur-1178-02-500x500.jpg",500,500,true],"woocommerce_gallery_thumbnail":["https:\/\/truelangtest.ilovehandbags.com\/wp-content\/uploads\/sites\/3\/Louis-Vuitton-Pochette-Accessoires-Damier-Azur-1178-02-100x100.jpg",100,100,true]},"uagb_author_info":{"display_name":"ILoveHandbags","author_link":"https:\/\/truelangtest.ilovehandbags.com\/de\/author\/"},"uagb_comment_info":0,"uagb_excerpt":"Die Louis Vuitton Pochette Accessoires im ikonischen Damier Azur Canvas verk\u00f6rpert sommerliche Leichtigkeit und zeitlose Eleganz. Das helle Schachbrettmuster z\u00e4hlt zu den beliebtesten Designs des Hauses Louis Vuitton und verleiht der Tasche eine besonders frische und stilvolle Ausstrahlung. Mit ihrer klassischen, schlanken Silhouette ist die Pochette Accessoires der perfekte Begleiter f\u00fcr viele Gelegenheiten \u2013 ob&hellip;","_links":{"self":[{"href":"https:\/\/truelangtest.ilovehandbags.com\/de\/wp-json\/wp\/v2\/product\/77597","targetHints":{"allow":["GET"]}}],"collection":[{"href":"https:\/\/truelangtest.ilovehandbags.com\/de\/wp-json\/wp\/v2\/product"}],"about":[{"href":"https:\/\/truelangtest.ilovehandbags.com\/de\/wp-json\/wp\/v2\/types\/product"}],"wp:featuredmedia":[{"embeddable":true,"href":"https:\/\/truelangtest.ilovehandbags.com\/de\/wp-json\/wp\/v2\/media\/77608"}],"wp:attachment":[{"href":"https:\/\/truelangtest.ilovehandbags.com\/de\/wp-json\/wp\/v2\/media?parent=77597"}],"wp:term":[{"taxonomy":"product_brand","embeddable":true,"href":"https:\/\/truelangtest.ilovehandbags.com\/de\/wp-json\/wp\/v2\/product_brand?post=77597"},{"taxonomy":"product_cat","embeddable":true,"href":"https:\/\/truelangtest.ilovehandbags.com\/de\/wp-json\/wp\/v2\/product_cat?post=77597"},{"taxonomy":"product_tag","embeddable":true,"href":"https:\/\/truelangtest.ilovehandbags.com\/de\/wp-json\/wp\/v2\/product_tag?post=77597"}],"curies":[{"name":"wp","href":"https:\/\/api.w.org\/{rel}","templated":true}]}}