{"id":77680,"date":"2026-03-17T19:40:37","date_gmt":"2026-03-17T18:40:37","guid":{"rendered":"https:\/\/ilovehandbags.com\/?post_type=product&#038;p=77680"},"modified":"2026-04-20T09:26:07","modified_gmt":"2026-04-20T07:26:07","slug":"louis-vuitton-pochette-accessoires-1185","status":"publish","type":"product","link":"https:\/\/truelangtest.ilovehandbags.com\/de\/louis-vuitton-pochette-accessoires-1185\/","title":{"rendered":"Louis Vuitton Pochette Accessoires Monogram Canvas"},"content":{"rendered":"","protected":false},"excerpt":{"rendered":"<p data-start=\"123\" data-end=\"423\">Die Vintage Louis Vuitton Pochette Accessoires aus ikonischem Monogram Canvas ist ein zeitloser Klassiker und z\u00e4hlt seit Jahren zu den gefragtesten Modellen von Louis Vuitton. Mit ihrem klaren Design und der charakteristischen Silhouette ist sie ein vielseitiges Essential f\u00fcr jede Garderobe. Ob elegant als Clutch am Abend oder l\u00e4ssig im Alltag getragen \u2013 die Pochette Accessoires l\u00e4sst sich flexibel stylen und erg\u00e4nzt nahezu jedes Outfit m\u00fchelos. Trotz ihres kompakten Formats bietet sie ausreichend Platz f\u00fcr deine wichtigsten Essentials wie Smartphone, Kartenetui, Schl\u00fcssel und Lippenstift. Die Tasche wird durch einen passenden Schulterriemen erg\u00e4nzt, der zus\u00e4tzliche Tragem\u00f6glichkeiten bietet, ohne den zeitlosen Charakter des Modells zu ver\u00e4ndern. Ein stilvolles Lieblingsst\u00fcck mit ikonischem Charme \u2013 klassisch, funktional und dauerhaft begehrt.<\/p>\n","protected":false},"featured_media":77895,"template":"","meta":{"_uag_custom_page_level_css":"","site-sidebar-layout":"default","site-content-layout":"default","ast-site-content-layout":"default","site-content-style":"default","site-sidebar-style":"default","ast-global-header-display":"","ast-banner-title-visibility":"","ast-main-header-display":"","ast-hfb-above-header-display":"","ast-hfb-below-header-display":"","ast-hfb-mobile-header-display":"","site-post-title":"","ast-breadcrumbs-content":"","ast-featured-img":"","footer-sml-layout":"","ast-disable-related-posts":"","theme-transparent-header-meta":"default","adv-header-id-meta":"","stick-header-meta":"default","header-above-stick-meta":"","header-main-stick-meta":"","header-below-stick-meta":"","astra-migrate-meta-layouts":"set","ast-page-background-enabled":"default","ast-page-background-meta":{"desktop":{"background-color":"var(--ast-global-color-4)","background-image":"","background-repeat":"repeat","background-position":"center center","background-size":"auto","background-attachment":"scroll","background-type":"","background-media":"","overlay-type":"","overlay-color":"","overlay-opacity":"","overlay-gradient":""},"tablet":{"background-color":"","background-image":"","background-repeat":"repeat","background-position":"center center","background-size":"auto","background-attachment":"scroll","background-type":"","background-media":"","overlay-type":"","overlay-color":"","overlay-opacity":"","overlay-gradient":""},"mobile":{"background-color":"","background-image":"","background-repeat":"repeat","background-position":"center center","background-size":"auto","background-attachment":"scroll","background-type":"","background-media":"","overlay-type":"","overlay-color":"","overlay-opacity":"","overlay-gradient":""}},"ast-content-background-meta":{"desktop":{"background-color":"var(--ast-global-color-5)","background-image":"","background-repeat":"repeat","background-position":"center center","background-size":"auto","background-attachment":"scroll","background-type":"","background-media":"","overlay-type":"","overlay-color":"","overlay-opacity":"","overlay-gradient":""},"tablet":{"background-color":"var(--ast-global-color-5)","background-image":"","background-repeat":"repeat","background-position":"center center","background-size":"auto","background-attachment":"scroll","background-type":"","background-media":"","overlay-type":"","overlay-color":"","overlay-opacity":"","overlay-gradient":""},"mobile":{"background-color":"var(--ast-global-color-5)","background-image":"","background-repeat":"repeat","background-position":"center center","background-size":"auto","background-attachment":"scroll","background-type":"","background-media":"","overlay-type":"","overlay-color":"","overlay-opacity":"","overlay-gradient":""}},"_glsr_average":0,"_glsr_ranking":0,"_glsr_reviews":0},"product_brand":[1584],"product_cat":[208,242,239,451],"product_tag":[214,341,265],"class_list":{"0":"post-77680","1":"product","2":"type-product","3":"status-publish","4":"has-post-thumbnail","6":"product_brand-louis-vuitton","7":"product_cat-handtaschen","8":"product_cat-kleine-taschen","9":"product_cat-louis-vuitton","10":"product_cat-vintage","11":"product_tag-louis-vuitton","12":"product_tag-louis-vuitton-pochette-accessoire-monogram-canvas","13":"product_tag-louis-vuitton-pochette-accessoires","14":"desktop-align-left","15":"tablet-align-left","16":"mobile-align-left","17":"ast-product-gallery-layout-first-image-large","18":"ast-magnify-disabled","19":"ast-product-tabs-layout-accordion","21":"first","22":"instock","23":"sold-individually","24":"taxable","25":"shipping-taxable","26":"purchasable","27":"product-type-simple"},"spectra_custom_meta":{"rank_math_internal_links_processed":["1"],"copied_media_ids":["a:0:{}","a:0:{}","a:0:{}","a:0:{}","a:0:{}","a:0:{}"],"referenced_media_ids":["a:13:{i:0;i:77895;i:1;i:77888;i:2;i:77900;i:3;i:77894;i:4;i:77899;i:5;i:77889;i:6;i:77893;i:7;i:77890;i:8;i:77896;i:9;i:77892;i:10;i:77898;i:11;i:77897;i:12;i:77891;}","a:13:{i:0;i:77895;i:1;i:77888;i:2;i:77900;i:3;i:77894;i:4;i:77899;i:5;i:77889;i:6;i:77893;i:7;i:77890;i:8;i:77896;i:9;i:77892;i:10;i:77898;i:11;i:77897;i:12;i:77891;}","a:13:{i:0;i:77895;i:1;i:77888;i:2;i:77900;i:3;i:77894;i:4;i:77899;i:5;i:77889;i:6;i:77893;i:7;i:77890;i:8;i:77896;i:9;i:77892;i:10;i:77898;i:11;i:77897;i:12;i:77891;}","a:13:{i:0;i:77895;i:1;i:77888;i:2;i:77900;i:3;i:77894;i:4;i:77899;i:5;i:77889;i:6;i:77893;i:7;i:77890;i:8;i:77896;i:9;i:77892;i:10;i:77898;i:11;i:77897;i:12;i:77891;}","a:13:{i:0;i:77895;i:1;i:77888;i:2;i:77900;i:3;i:77894;i:4;i:77899;i:5;i:77889;i:6;i:77893;i:7;i:77890;i:8;i:77896;i:9;i:77892;i:10;i:77898;i:11;i:77897;i:12;i:77891;}","a:13:{i:0;i:77895;i:1;i:77888;i:2;i:77900;i:3;i:77894;i:4;i:77899;i:5;i:77889;i:6;i:77893;i:7;i:77890;i:8;i:77896;i:9;i:77892;i:10;i:77898;i:11;i:77897;i:12;i:77891;}"],"_regular_price":["690"],"total_sales":["1"],"_tax_status":["taxable"],"_tax_class":[""],"_manage_stock":["yes"],"_backorders":["no"],"_sold_individually":["yes"],"_crosssell_ids":["a:2:{i:0;i:24640;i:1;i:24638;}"],"_virtual":["no"],"_downloadable":["no"],"_product_image_gallery":["77888,77900,77894,77899,77889,77893,77890,77896,77892,77898,77897,77891"],"_download_limit":["-1"],"_download_expiry":["-1"],"_thumbnail_id":["77895"],"_stock":["1"],"_stock_status":["instock"],"_wc_average_rating":[0],"_wc_review_count":["0"],"_product_attributes":["a:3:{s:8:\"pa_brand\";a:7:{s:4:\"name\";s:8:\"pa_brand\";s:5:\"value\";s:0:\"\";s:8:\"position\";i:1;s:10:\"is_visible\";i:0;s:12:\"is_variation\";i:1;s:11:\"is_taxonomy\";i:1;s:16:\"checkout_visible\";i:0;}s:8:\"pa_color\";a:7:{s:4:\"name\";s:8:\"pa_color\";s:5:\"value\";s:0:\"\";s:8:\"position\";i:2;s:10:\"is_visible\";i:0;s:12:\"is_variation\";i:1;s:11:\"is_taxonomy\";i:1;s:16:\"checkout_visible\";i:0;}s:9:\"pa_gender\";a:7:{s:4:\"name\";s:9:\"pa_gender\";s:5:\"value\";s:0:\"\";s:8:\"position\";i:3;s:10:\"is_visible\";i:0;s:12:\"is_variation\";i:1;s:11:\"is_taxonomy\";i:1;s:16:\"checkout_visible\";i:0;}}"],"_product_version":["10.7.0"],"_price":["690"],"_wpml_media_featured":["1","1","1","1","1"],"_wpml_media_duplicate":["1","1","1","1","1"],"_wpml_word_count":["160"],"_wpml_location_migration_done":["1"],"_fusion":["a:3:{s:17:\"slider_visibility\";s:51:\"small-visibility,medium-visibility,large-visibility\";s:11:\"slider_type\";s:2:\"no\";s:9:\"wooslider\";s:1:\"0\";}"],"rank_math_seo_score":["84"],"rank_math_focus_keyword":["Louis Vuitton"],"_purchase_price_field":["360,62"],"_internal_warehouse_number_field":["P6-1185"],"_unit":[""],"_unit_base":[""],"_unit_product":[""],"_unit_price_auto":["no"],"_unit_price_regular":[""],"_unit_price":[""],"_unit_price_sale":[""],"_sale_price_label":["alter-preis"],"_sale_price_regular_label":["neuer-preis"],"_mini_desc":["Louis Vuitton Pochette Accessoires Monogram Canvas"],"_defect_description":[""],"_allergen_ids":["a:0:{}"],"_warranty_attachment_id":[""],"_min_age":[""],"_ts_gtin":[""],"_ts_mpn":[""],"_delivery_time_countries":["a:0:{}"],"_free_shipping":["no"],"_service":["no"],"_photovoltaic_system":["no"],"_used_good":["yes"],"_defective_copy":["no"],"_is_food":["no"],"_differential_taxation":["no"],"_gzd_version":["3.20.7"],"_hs_code":[""],"_manufacture_country":[""],"_rank_math_gtin_code":[""],"_fusion_google_fonts":[""],"fusion_builder_status":["active"],"rank_math_primary_product_cat":["0"],"_wcml_custom_prices_status":["0"],"avada_post_views_count":["13"],"avada_today_post_views_count":["2"],"avada_post_views_count_today_date":["10-04-2023"],"yikes_woo_products_tabs":["a:2:{i:0;a:3:{s:5:\"title\";s:21:\"Weitere Informationen\";s:2:\"id\";s:21:\"weitere-informationen\";s:7:\"content\";s:432:\"<strong>Material au\u00dfen: <\/strong>Robustes Monogram Canvas, das f\u00fcr Langlebigkeit und Stil sorgt.\r\n<strong>Material innen: <\/strong>Hochwertiger brauner Textilstoff, der der Tasche eine edle Note verleiht.\r\n<strong>Ma\u00dfe:\u00a0<\/strong>22 x 12 x 4 cm\r\n<strong>Date Code \/ Herstellungsjahr: <\/strong>BJ0060 \/ 2000<strong>\r\n<\/strong><strong>Lieferumfang:<\/strong> Du erh\u00e4ltst die Pochette mit einem I Love Handbags Staubbeutel\r\n\r\n&nbsp;\";}i:1;a:3:{s:5:\"title\";s:7:\"Zustand\";s:2:\"id\";s:7:\"zustand\";s:7:\"content\";s:1027:\"<p data-start=\"177\" data-end=\"218\"><strong data-start=\"177\" data-end=\"195\">Gesamtzustand:<\/strong> Sehr guter Vintagezustand\r\n<strong style=\"font-size: 16px;\" data-start=\"221\" data-end=\"232\">Canvas:<\/strong><span style=\"font-size: 16px;\"> Intakt und gepflegt, mit nur leichten Gebrauchsspuren \u2013 robust und langlebig\r\n<\/span><strong style=\"font-size: 16px;\" data-start=\"331\" data-end=\"350\">Vachetta-Leder:<\/strong><span style=\"font-size: 16px;\"> Gleichm\u00e4\u00dfige, honigfarbene Patina mit sch\u00f6nem Vintage-Charakter\r\n<\/span><strong style=\"font-size: 16px;\" data-start=\"538\" data-end=\"557\">Rei\u00dfverschluss:<\/strong><span style=\"font-size: 16px;\"> Schlie\u00dft fl\u00fcssig und einwandfrei\r\n<\/span><strong style=\"font-size: 16px;\" data-start=\"595\" data-end=\"608\">Hardware:<\/strong><span style=\"font-size: 16px;\"> Leichte Gebrauchsspuren vorhanden\r\n<\/span><strong style=\"font-size: 16px;\" data-start=\"653\" data-end=\"667\">Innenraum:<\/strong><span style=\"font-size: 16px;\"> Gepflegt und sauber, mit kaum sichtbaren Gebrauchsspuren<\/span><\/p>\";}}"],"_deposit_type":[""],"_nutrient_ids":["a:0:{}"],"_nutrient_reference_value":["100g"],"_ingredients":[""],"_nutri_score":[""],"_alcohol_content":[""],"_drained_weight":[""],"_net_filling_quantity":[""],"_food_distributor":[""],"_food_description":[""],"_food_place_of_origin":[""],"_deposit_quantity":[""],"site-sidebar-layout":["default"],"site-content-layout":["default"],"theme-transparent-header-meta":["default"],"stick-header-meta":["default"],"_pys_conversion_label_settings":["a:3:{s:6:\"enable\";b:0;s:5:\"label\";s:0:\"\";s:2:\"id\";s:14:\"AW-11184563350\";}"],"_pys_super_pack_cpt_url":[""],"_pys_super_pack_cpt_condition":["only"],"_pys_super_pack_cpt_cart":["hidden"],"_pys_head_footer":["a:7:{s:14:\"disable_global\";b:0;s:8:\"head_any\";s:0:\"\";s:12:\"head_desktop\";s:0:\"\";s:11:\"head_mobile\";s:0:\"\";s:10:\"footer_any\";s:0:\"\";s:14:\"footer_desktop\";s:0:\"\";s:13:\"footer_mobile\";s:0:\"\";}"],"_woosea_brand":[""],"_woosea_mpn":[""],"_woosea_upc":[""],"_woosea_ean":[""],"_woosea_gtin":[""],"_woosea_color":[""],"_woosea_size":[""],"_woosea_gender":[""],"_woosea_material":[""],"_woosea_pattern":[""],"_woosea_optimized_title":[""],"_woosea_unit_pricing_measure":[""],"_woosea_unit_pricing_base_measure":[""],"_woosea_condition":[""],"_woosea_age_group":["adult"],"_woosea_installment_months":[""],"_woosea_installment_amount":[""],"_woosea_exclude_product":["no"],"_woosea_cost_of_good_sold":[""],"_woosea_multipack":[""],"_woosea_is_bundle":[""],"_woosea_energy_efficiency_class":[""],"_woosea_min_energy_efficiency_class":[""],"_woosea_max_energy_efficiency_class":[""],"_woosea_is_promotion":[""],"_woosea_custom_field_0":[""],"_woosea_custom_field_1":[""],"_woosea_custom_field_2":[""],"_woosea_custom_field_3":[""],"_woosea_custom_field_4":[""],"_customs_description":[""],"_is_non_returnable":["no"],"_wpml_media_has_media":["1"],"litespeed_vpi_list_mobile":["a:2:{i:0;s:8:\"logo.png\";i:1;s:70:\"Louis-Vuitton-Pochette-Accessoires-hinten-2023-0089-scaled-500x500.jpg\";}"],"litespeed_vpi_list":["a:3:{i:0;s:8:\"logo.png\";i:1;s:6:\"de.png\";i:2;s:70:\"Louis-Vuitton-Pochette-Accessoires-hinten-2023-0089-scaled-500x500.jpg\";}"],"_rank_math_video":["true"],"rank_math_robots":["a:1:{i:0;s:5:\"index\";}"],"_product_shipping_weight":["1kg"],"_wpml_post_translation_editor_native":["no"],"_internal_date_code":["BJ0060"],"_internal_product_origin":["Frankreich"],"_product_rating":["A"],"_not_in_inventory_checkbox":[""],"_manufacturer_slug":["lvmh-moet-hennessy-louis-vuitton-se"],"_safety_attachment_ids":["a:0:{}"],"_zettle_product_cat_id":[""],"_shipping_length":[""],"_shipping_width":[""],"_shipping_height":[""],"_nickx_video_text_url":["a:1:{i:0;s:0:\"\";}"],"_nickx_product_video_type":["a:1:{i:0;s:23:\"nickx_video_url_youtube\";}"],"_nickx_product_video_thumb_ids":["a:1:{i:0;s:0:\"\";}"],"_custom_html_content":[""],"ast-site-content-layout":["default"],"site-content-style":["default"],"site-sidebar-style":["default"],"_customer_view":["12"],"_custom_view_last_updated":["2026-04-27 16:00:31"],"_wp_old_date":["2024-10-25","2025-11-05","2026-01-14","2026-03-18"],"_product_available_from_field":["2026-03-20T19:00"],"_izettle_barcode":[""],"_izettle_nosync":[""],"_izettle_cost_price":[""],"_izettle_special_price":[""],"_izettle_product_name":[""],"woocommerce_izettle_product_uuid":["35cbd230-da49-11ef-b38b-353536383939"],"woocommerce_izettle_variant_uuid":["cc76aaea-ab44-11ef-88ca-353536383939"],"_izettle_updated":["1738026065"],"_safety_instructions":[""],"_izettle_image_lookup_key":["3kyncy1cEe-udXp3qLWasA-NceoetpJEe-uDWWig6dIxA"],"_izettle_product_etag":["482E6CCA6A4C692EFEBF1CE2BFAA3BA0"],"_product_reserve_till_field":["2026-03-23T18:00"],"_product_reserve_add_cart_link_key":["DkhUYHiBVNusQJLXyPwjIlfObMoZArTRFazCmcGvdxSqgWneptKE1737719313"],"_wireless_electronic_device":["no"],"_device_contains_power_supply":["no"],"_device_charging_supports_usb_pd":["no"],"_device_charging_watt_min":["0"],"_device_charging_watt_max":["0"],"rank_math_primary_product_brand":["1584"],"similar_product_key":["1762248228"],"sib_push_meta_box_present":["1"],"sib_push_send_notification":["0"],"sib_push_send_notification_delay_seconds":["0"],"sib_push_target_segment_ids":["@ALL"],"_is_non_alcoholic":["no"],"_ship_separately_via":[""],"_ame_cpe_post_policy":["{\"accessProtection\":{\"active\":\"replace\"}}"],"_mid_code":[""],"_shipping_weight":[""],"_entrupy_echtheitszertifikat":["yes"],"rank_math_analytic_object_id":["2719"],"_sku":["P6-1185"],"_edit_lock":["1776677934:4"],"_edit_last":["4"],"_custom_thumbnail":["a:1:{i:0;s:2:\"no\";}"],"_video_schema":["a:1:{i:0;s:2:\"no\";}"],"_nickx_video_upload_date":["a:1:{i:0;s:0:\"\";}"],"_nickx_video_name":["a:1:{i:0;s:0:\"\";}"],"_nickx_video_description":["a:1:{i:0;s:0:\"\";}"],"_gdrive_field":["https:\/\/drive.google.com\/drive\/u\/1\/folders\/1PhCE9-PZmKA4sHAfpk4SrZMT8PoieIE1"],"astra-migrate-meta-layouts":["set"],"_wcml_average_rating":[null],"_wcml_review_count":[null],"_wcml_rating_count":[null],"last_permotional_email_sent_on":["20.04.2026 09:26"],"_uag_page_assets":["a:9:{s:3:\"css\";s:0:\"\";s:2:\"js\";s:0:\"\";s:18:\"current_block_list\";a:6:{i:0;s:26:\"woocommerce\/filter-wrapper\";i:1;s:24:\"woocommerce\/price-filter\";i:2;s:30:\"woocommerce\/product-categories\";i:3;s:14:\"core\/paragraph\";i:4;s:14:\"core\/shortcode\";i:5;s:11:\"core\/search\";}s:8:\"uag_flag\";b:0;s:11:\"uag_version\";s:10:\"1777326277\";s:6:\"gfonts\";a:0:{}s:10:\"gfonts_url\";s:0:\"\";s:12:\"gfonts_files\";a:0:{}s:14:\"uag_faq_layout\";b:0;}"],"_wc_rating_count":[""]},"uagb_featured_image_src":{"full":["https:\/\/truelangtest.ilovehandbags.com\/wp-content\/uploads\/sites\/3\/Louis-Vuitton-Pochette-Accessoires-Monogram-Canvas-1185-06.jpg",2048,2048,false],"thumbnail":["https:\/\/truelangtest.ilovehandbags.com\/wp-content\/uploads\/sites\/3\/Louis-Vuitton-Pochette-Accessoires-Monogram-Canvas-1185-06-150x150.jpg",150,150,true],"medium":["https:\/\/truelangtest.ilovehandbags.com\/wp-content\/uploads\/sites\/3\/Louis-Vuitton-Pochette-Accessoires-Monogram-Canvas-1185-06-300x300.jpg",300,300,true],"medium_large":["https:\/\/truelangtest.ilovehandbags.com\/wp-content\/uploads\/sites\/3\/Louis-Vuitton-Pochette-Accessoires-Monogram-Canvas-1185-06-768x768.jpg",768,768,true],"large":["https:\/\/truelangtest.ilovehandbags.com\/wp-content\/uploads\/sites\/3\/Louis-Vuitton-Pochette-Accessoires-Monogram-Canvas-1185-06-1024x1024.jpg",1024,1024,true],"1536x1536":["https:\/\/truelangtest.ilovehandbags.com\/wp-content\/uploads\/sites\/3\/Louis-Vuitton-Pochette-Accessoires-Monogram-Canvas-1185-06.jpg",1536,1536,false],"2048x2048":["https:\/\/truelangtest.ilovehandbags.com\/wp-content\/uploads\/sites\/3\/Louis-Vuitton-Pochette-Accessoires-Monogram-Canvas-1185-06.jpg",2048,2048,false],"woocommerce_thumbnail":["https:\/\/truelangtest.ilovehandbags.com\/wp-content\/uploads\/sites\/3\/Louis-Vuitton-Pochette-Accessoires-Monogram-Canvas-1185-06-500x500.jpg",500,500,true],"woocommerce_single":["https:\/\/truelangtest.ilovehandbags.com\/wp-content\/uploads\/sites\/3\/Louis-Vuitton-Pochette-Accessoires-Monogram-Canvas-1185-06-500x500.jpg",500,500,true],"woocommerce_gallery_thumbnail":["https:\/\/truelangtest.ilovehandbags.com\/wp-content\/uploads\/sites\/3\/Louis-Vuitton-Pochette-Accessoires-Monogram-Canvas-1185-06-100x100.jpg",100,100,true]},"uagb_author_info":{"display_name":"ILoveHandbags","author_link":"https:\/\/truelangtest.ilovehandbags.com\/de\/author\/"},"uagb_comment_info":0,"uagb_excerpt":"Die Vintage Louis Vuitton Pochette Accessoires aus ikonischem Monogram Canvas ist ein zeitloser Klassiker und z\u00e4hlt seit Jahren zu den gefragtesten Modellen von Louis Vuitton. Mit ihrem klaren Design und der charakteristischen Silhouette ist sie ein vielseitiges Essential f\u00fcr jede Garderobe. Ob elegant als Clutch am Abend oder l\u00e4ssig im Alltag getragen \u2013 die Pochette&hellip;","_links":{"self":[{"href":"https:\/\/truelangtest.ilovehandbags.com\/de\/wp-json\/wp\/v2\/product\/77680","targetHints":{"allow":["GET"]}}],"collection":[{"href":"https:\/\/truelangtest.ilovehandbags.com\/de\/wp-json\/wp\/v2\/product"}],"about":[{"href":"https:\/\/truelangtest.ilovehandbags.com\/de\/wp-json\/wp\/v2\/types\/product"}],"wp:featuredmedia":[{"embeddable":true,"href":"https:\/\/truelangtest.ilovehandbags.com\/de\/wp-json\/wp\/v2\/media\/77895"}],"wp:attachment":[{"href":"https:\/\/truelangtest.ilovehandbags.com\/de\/wp-json\/wp\/v2\/media?parent=77680"}],"wp:term":[{"taxonomy":"product_brand","embeddable":true,"href":"https:\/\/truelangtest.ilovehandbags.com\/de\/wp-json\/wp\/v2\/product_brand?post=77680"},{"taxonomy":"product_cat","embeddable":true,"href":"https:\/\/truelangtest.ilovehandbags.com\/de\/wp-json\/wp\/v2\/product_cat?post=77680"},{"taxonomy":"product_tag","embeddable":true,"href":"https:\/\/truelangtest.ilovehandbags.com\/de\/wp-json\/wp\/v2\/product_tag?post=77680"}],"curies":[{"name":"wp","href":"https:\/\/api.w.org\/{rel}","templated":true}]}}