{"id":77987,"date":"2026-03-18T12:00:15","date_gmt":"2026-03-18T11:00:15","guid":{"rendered":"https:\/\/ilovehandbags.com\/?post_type=product&#038;p=77987"},"modified":"2026-04-02T13:04:24","modified_gmt":"2026-04-02T11:04:24","slug":"saint-laurent-college-medium-1196","status":"publish","type":"product","link":"https:\/\/truelangtest.ilovehandbags.com\/de\/saint-laurent-college-medium-1196\/","title":{"rendered":"Saint Laurent College Medium"},"content":{"rendered":"","protected":false},"excerpt":{"rendered":"<div class=\"flex-shrink-0 flex flex-col relative items-end\">\n<div class=\"pt-0\">\n<div class=\"gizmo-bot-avatar flex h-8 w-8 items-center justify-center overflow-hidden rounded-full\">\n<div class=\"relative p-1 rounded-sm flex items-center justify-center bg-token-main-surface-primary text-token-text-primary h-8 w-8\">\n<p data-start=\"0\" data-end=\"284\">Die Saint Laurent College Medium vereint klassische Eleganz mit modernem Design und geh\u00f6rt zu den ikonischen Modellen des Hauses. Gefertigt aus schwarzem, hochwertig gegerbtem Kalbsleder und veredelt mit den charakteristischen Chevron-Steppn\u00e4hten, strahlt sie zeitlose Raffinesse aus. Auf der Vorderseite setzt die markante CASSANDRE-Signatur in goldfarbener Hardware einen edlen Akzent und verleiht der Tasche ihren unverwechselbaren Saint-Laurent-Charme. Die strukturierte Silhouette mit eleganter Umschlagklappe unterstreicht den klassischen Look und sorgt f\u00fcr eine stilvolle Pr\u00e4senz. Ein besonderes Highlight ist die Kombination aus Lederhenkel und gleitender Ketten-Schulterriemen, wodurch sich die Tasche sowohl in der Hand als auch komfortabel \u00fcber der Schulter tragen l\u00e4sst. Im Inneren bietet die College Medium ein durchdachtes Platzangebot f\u00fcr deine Essentials und erm\u00f6glicht eine \u00fcbersichtliche Organisation. Der magnetische Druckknopfverschluss sorgt f\u00fcr ein sicheres und zugleich komfortables \u00d6ffnen und Schlie\u00dfen. Ob im Alltag oder zu besonderen Anl\u00e4ssen \u2013 diese Tasche ist ein vielseitiger Begleiter mit luxuri\u00f6ser Ausstrahlung.<\/p>\n<\/div>\n<\/div>\n<\/div>\n<\/div>\n","protected":false},"featured_media":77994,"template":"","meta":{"_uag_custom_page_level_css":"","site-sidebar-layout":"default","site-content-layout":"default","ast-site-content-layout":"default","site-content-style":"default","site-sidebar-style":"default","ast-global-header-display":"","ast-banner-title-visibility":"","ast-main-header-display":"","ast-hfb-above-header-display":"","ast-hfb-below-header-display":"","ast-hfb-mobile-header-display":"","site-post-title":"","ast-breadcrumbs-content":"","ast-featured-img":"","footer-sml-layout":"","ast-disable-related-posts":"","theme-transparent-header-meta":"default","adv-header-id-meta":"","stick-header-meta":"default","header-above-stick-meta":"","header-main-stick-meta":"","header-below-stick-meta":"","astra-migrate-meta-layouts":"set","ast-page-background-enabled":"default","ast-page-background-meta":{"desktop":{"background-color":"var(--ast-global-color-4)","background-image":"","background-repeat":"repeat","background-position":"center center","background-size":"auto","background-attachment":"scroll","background-type":"","background-media":"","overlay-type":"","overlay-color":"","overlay-opacity":"","overlay-gradient":""},"tablet":{"background-color":"","background-image":"","background-repeat":"repeat","background-position":"center center","background-size":"auto","background-attachment":"scroll","background-type":"","background-media":"","overlay-type":"","overlay-color":"","overlay-opacity":"","overlay-gradient":""},"mobile":{"background-color":"","background-image":"","background-repeat":"repeat","background-position":"center center","background-size":"auto","background-attachment":"scroll","background-type":"","background-media":"","overlay-type":"","overlay-color":"","overlay-opacity":"","overlay-gradient":""}},"ast-content-background-meta":{"desktop":{"background-color":"var(--ast-global-color-5)","background-image":"","background-repeat":"repeat","background-position":"center center","background-size":"auto","background-attachment":"scroll","background-type":"","background-media":"","overlay-type":"","overlay-color":"","overlay-opacity":"","overlay-gradient":""},"tablet":{"background-color":"var(--ast-global-color-5)","background-image":"","background-repeat":"repeat","background-position":"center center","background-size":"auto","background-attachment":"scroll","background-type":"","background-media":"","overlay-type":"","overlay-color":"","overlay-opacity":"","overlay-gradient":""},"mobile":{"background-color":"var(--ast-global-color-5)","background-image":"","background-repeat":"repeat","background-position":"center center","background-size":"auto","background-attachment":"scroll","background-type":"","background-media":"","overlay-type":"","overlay-color":"","overlay-opacity":"","overlay-gradient":""}},"_glsr_average":0,"_glsr_ranking":0,"_glsr_reviews":0},"product_brand":[1592],"product_cat":[208,1324,204,449],"product_tag":[1418,1503],"class_list":{"0":"post-77987","1":"product","2":"type-product","3":"status-publish","4":"has-post-thumbnail","6":"product_brand-saint-laurent","7":"product_cat-handtaschen","8":"product_cat-saintlaurent","9":"product_cat-umhaengetaschen","10":"product_cat-bald-wieder-da","11":"product_tag-saint-laurent","12":"product_tag-saint-laurent-envelope","13":"desktop-align-left","14":"tablet-align-left","15":"mobile-align-left","16":"ast-product-gallery-layout-first-image-large","17":"ast-magnify-disabled","18":"ast-product-tabs-layout-accordion","20":"first","21":"outofstock","22":"sold-individually","23":"purchasable","24":"product-type-simple"},"spectra_custom_meta":{"rank_math_internal_links_processed":["1","1"],"copied_media_ids":["a:0:{}","a:0:{}","a:0:{}"],"referenced_media_ids":["a:20:{i:0;i:77994;i:1;i:78009;i:2;i:78005;i:3;i:78000;i:4;i:77992;i:5;i:78003;i:6;i:77993;i:7;i:77998;i:8;i:77999;i:9;i:78006;i:10;i:77995;i:11;i:77990;i:12;i:78004;i:13;i:78001;i:14;i:78007;i:15;i:77997;i:16;i:78008;i:17;i:77991;i:18;i:78002;i:19;i:77989;}","a:20:{i:0;i:77994;i:1;i:78009;i:2;i:78005;i:3;i:78000;i:4;i:77992;i:5;i:78003;i:6;i:77993;i:7;i:77998;i:8;i:77999;i:9;i:78006;i:10;i:77995;i:11;i:77990;i:12;i:78004;i:13;i:78001;i:14;i:78007;i:15;i:77997;i:16;i:78008;i:17;i:77991;i:18;i:78002;i:19;i:77989;}","a:20:{i:0;i:77994;i:1;i:78009;i:2;i:78005;i:3;i:78000;i:4;i:77992;i:5;i:78003;i:6;i:77993;i:7;i:77998;i:8;i:77999;i:9;i:78006;i:10;i:77995;i:11;i:77990;i:12;i:78004;i:13;i:78001;i:14;i:78007;i:15;i:77997;i:16;i:78008;i:17;i:77991;i:18;i:78002;i:19;i:77989;}"],"_regular_price":["1290"],"total_sales":["1"],"_tax_status":["none"],"_tax_class":[""],"_manage_stock":["yes"],"_backorders":["no"],"_sold_individually":["yes"],"_crosssell_ids":["a:1:{i:0;i:23129;}"],"_virtual":["no"],"_downloadable":["no"],"_product_image_gallery":["78009,78005,78000,77992,78003,77993,77998,77999,78006,77995,77990,78004,78001,78007,77997,78008,77991,78002,77989"],"_download_limit":["-1"],"_download_expiry":["-1"],"_thumbnail_id":["77994"],"_stock":["0"],"_stock_status":["outofstock"],"_wc_average_rating":[0],"_wc_review_count":["0"],"_product_attributes":["a:3:{s:8:\"pa_brand\";a:7:{s:4:\"name\";s:8:\"pa_brand\";s:5:\"value\";s:0:\"\";s:8:\"position\";i:0;s:10:\"is_visible\";i:0;s:12:\"is_variation\";i:1;s:11:\"is_taxonomy\";i:1;s:16:\"checkout_visible\";i:0;}s:8:\"pa_color\";a:7:{s:4:\"name\";s:8:\"pa_color\";s:5:\"value\";s:0:\"\";s:8:\"position\";i:1;s:10:\"is_visible\";i:0;s:12:\"is_variation\";i:1;s:11:\"is_taxonomy\";i:1;s:16:\"checkout_visible\";i:0;}s:9:\"pa_gender\";a:7:{s:4:\"name\";s:9:\"pa_gender\";s:5:\"value\";s:0:\"\";s:8:\"position\";i:2;s:10:\"is_visible\";i:0;s:12:\"is_variation\";i:1;s:11:\"is_taxonomy\";i:1;s:16:\"checkout_visible\";i:0;}}"],"_product_version":["10.6.2"],"_price":["1290"],"_not_in_inventory_checkbox":["",""],"_wpml_media_featured":["1","1","1","1"],"_wpml_media_duplicate":["1","1","1","1"],"_wpml_word_count":["208"],"_wpml_location_migration_done":["1"],"_fusion":["a:3:{s:17:\"slider_visibility\";s:51:\"small-visibility,medium-visibility,large-visibility\";s:11:\"slider_type\";s:2:\"no\";s:9:\"wooslider\";s:1:\"0\";}"],"rank_math_seo_score":["77"],"rank_math_focus_keyword":["saint laurent"],"_purchase_price_field":["680"],"_internal_warehouse_number_field":["P6-1196"],"_unit":[""],"_unit_base":[""],"_unit_product":[""],"_unit_price_auto":["no"],"_unit_price_regular":[""],"_unit_price":[""],"_unit_price_sale":[""],"_sale_price_label":[""],"_sale_price_regular_label":[""],"_mini_desc":["Saint Laurent College Medium"],"_defect_description":[""],"_allergen_ids":["a:0:{}"],"_warranty_attachment_id":[""],"_min_age":[""],"_ts_gtin":[""],"_ts_mpn":[""],"_delivery_time_countries":["a:0:{}"],"_free_shipping":["no"],"_service":["no"],"_photovoltaic_system":["no"],"_used_good":["yes"],"_defective_copy":["no"],"_is_food":["no"],"_differential_taxation":["yes"],"_gzd_version":["3.20.7"],"_hs_code":[""],"_manufacture_country":[""],"_rank_math_gtin_code":[""],"_fusion_google_fonts":[""],"fusion_builder_status":["active"],"rank_math_primary_product_cat":["0"],"_wcml_custom_prices_status":["0"],"avada_post_views_count":["50"],"avada_today_post_views_count":["3"],"avada_post_views_count_today_date":["12-04-2023"],"yikes_woo_products_tabs":["a:2:{i:0;a:3:{s:5:\"title\";s:21:\"Weitere Informationen\";s:2:\"id\";s:21:\"weitere-informationen\";s:7:\"content\";s:497:\"<strong>Material au\u00dfen:<\/strong> Schwarzes, gegerbtes Kalbsleder mit goldfarbener Hardware<br data-start=\"73\" data-end=\"76\" \/><strong>Material innen:<\/strong> Textilinnenfutter und Leder<br data-start=\"119\" data-end=\"122\" \/><strong>Ma\u00dfe:<\/strong> (B) 24 \u00d7 (H) 17,5 \u00d7 (T) 6 cm<br data-start=\"156\" data-end=\"159\" \/><strong>L\u00e4nge der Schulterkette<\/strong>: ca. 115 cm\r\n<strong>Modell:<\/strong> 600279<br data-start=\"194\" data-end=\"197\" \/><strong>Lieferumfang:<\/strong> Saint Laurent Staubbeutel\";}i:1;a:3:{s:5:\"title\";s:7:\"Zustand\";s:2:\"id\";s:7:\"zustand\";s:7:\"content\";s:611:\"<strong>Gesamtzustand:<\/strong> Gut<br data-start=\"18\" data-end=\"21\" \/><strong>Leder\/Ecken:<\/strong> Insgesamt gepflegt mit sichtbaren, jedoch alters\u00fcblichen Gebrauchsspuren wie vereinzelten Kratzern und etwas st\u00e4rkerem Abrieb an den Ecken und R\u00e4ndern<br data-start=\"172\" data-end=\"175\" \/><strong>Verschluss:<\/strong> Funktioniert einwandfrei, l\u00e4sst sich gelegentlich etwas fester \u00f6ffnen (modelltypisch)<br data-start=\"272\" data-end=\"275\" \/><strong>Hardware:<\/strong> Leichte Gebrauchsspuren<br data-start=\"308\" data-end=\"311\" \/><strong>Innenraum:<\/strong> Sauber und gepflegt, mit leichten Gebrauchsspuren\";}}"],"_deposit_type":[""],"_nutrient_ids":["a:0:{}"],"_nutrient_reference_value":["100g"],"_ingredients":[""],"_nutri_score":[""],"_alcohol_content":[""],"_drained_weight":[""],"_net_filling_quantity":[""],"_food_distributor":[""],"_food_description":[""],"_food_place_of_origin":[""],"_deposit_quantity":[""],"site-sidebar-layout":["default"],"site-content-layout":["default"],"theme-transparent-header-meta":["default"],"stick-header-meta":["default"],"_default_delivery_time":[""],"rank_math_robots":["a:1:{i:0;s:5:\"index\";}"],"_pys_conversion_label_settings":["a:3:{s:6:\"enable\";b:0;s:5:\"label\";s:0:\"\";s:2:\"id\";s:14:\"AW-11184563350\";}"],"_pys_super_pack_cpt_url":[""],"_pys_super_pack_cpt_condition":["only"],"_pys_super_pack_cpt_cart":["hidden"],"_woosea_brand":[""],"_woosea_mpn":[""],"_woosea_upc":[""],"_woosea_ean":[""],"_woosea_gtin":[""],"_woosea_color":[""],"_woosea_size":[""],"_woosea_gender":[""],"_woosea_material":[""],"_woosea_pattern":[""],"_woosea_optimized_title":[""],"_woosea_unit_pricing_measure":[""],"_woosea_unit_pricing_base_measure":[""],"_woosea_condition":[""],"_woosea_age_group":["adult"],"_woosea_installment_months":[""],"_woosea_installment_amount":[""],"_woosea_exclude_product":["no"],"_woosea_cost_of_good_sold":[""],"_woosea_multipack":[""],"_woosea_is_bundle":[""],"_woosea_energy_efficiency_class":[""],"_woosea_min_energy_efficiency_class":[""],"_woosea_max_energy_efficiency_class":[""],"_woosea_is_promotion":[""],"_woosea_custom_field_0":[""],"_woosea_custom_field_1":[""],"_woosea_custom_field_2":[""],"_woosea_custom_field_3":[""],"_woosea_custom_field_4":[""],"_pys_head_footer":["a:7:{s:14:\"disable_global\";b:0;s:8:\"head_any\";s:0:\"\";s:12:\"head_desktop\";s:0:\"\";s:11:\"head_mobile\";s:0:\"\";s:10:\"footer_any\";s:0:\"\";s:14:\"footer_desktop\";s:0:\"\";s:13:\"footer_mobile\";s:0:\"\";}"],"litespeed_vpi_list":["a:2:{i:0;s:8:\"logo.png\";i:1;s:60:\"Chanel-Woc-Caviar-schwarz-kette-2023-0082-scaled-500x500.jpg\";}"],"_customs_description":[""],"_wp_old_date":["2023-04-07","2023-06-01","2023-08-29","2024-02-02","2024-05-31","2024-12-12","2025-01-03","2026-03-19"],"_is_non_returnable":["no"],"ast-site-content-layout":["default"],"site-content-style":["default"],"site-sidebar-style":["default"],"litespeed_vpi_list_mobile":["a:2:{i:0;s:8:\"logo.png\";i:1;s:70:\"Chanel-Timeless-Flap-Bag-Small-Voderseite-2023-0339-scaled-500x500.jpg\";}"],"_internal_date_code":["TCT600279 0320"],"_internal_product_origin":["Italien"],"rank_math_contentai_score":["a:4:{s:9:\"wordCount\";s:4:\"4.64\";s:9:\"linkCount\";s:1:\"0\";s:12:\"headingCount\";s:1:\"0\";s:10:\"mediaCount\";s:3:\"100\";}"],"_product_rating":["B"],"_custom_html_content":[""],"_wpml_post_translation_editor_native":["no"],"_customer_view":["14"],"_custom_view_last_updated":["2026-04-02 18:59:47"],"_shipping_length":[""],"_shipping_width":[""],"_shipping_height":[""],"_zettle_product_cat_id":[""],"_product_shipping_weight":["1kg"],"_product_available_from_field":["2026-03-20T19:00"],"_manufacturer_slug":["yves-saint-laurent-s-a-s"],"_safety_instructions":[""],"_safety_attachment_ids":["a:0:{}"],"_nickx_video_text_url":["a:1:{i:0;s:0:\"\";}"],"_nickx_product_video_type":["a:1:{i:0;s:23:\"nickx_video_url_youtube\";}"],"_nickx_product_video_thumb_ids":["a:1:{i:0;s:0:\"\";}"],"_product_reserve_till_field":["2026-01-02T15:00"],"_wpml_media_has_media":["1"],"similar_product_key":["1737217336"],"_wireless_electronic_device":["no"],"_device_contains_power_supply":["no"],"_device_charging_supports_usb_pd":["no"],"_device_charging_watt_min":["0"],"_device_charging_watt_max":["0"],"rank_math_primary_product_brand":["1592"],"woocommerce_izettle_product_uuid":["72af24c8-0fa9-11f0-901a-353536383939"],"woocommerce_izettle_variant_uuid":["8756cfae-0edf-11f0-aa7f-353536383939"],"_izettle_updated":["1755928985"],"_izettle_barcode":[""],"_izettle_nosync":[""],"_izettle_cost_price":[""],"_izettle_special_price":[""],"_izettle_product_name":[""],"_izettle_image_lookup_key":["3kyncy1cEe-udXp3qLWasA-ojdVAUbBEfCAGJ3TnOy3WQ"],"_ame_cpe_post_policy":["{\"accessProtection\":{\"active\":\"replace\"}}"],"sib_push_meta_box_present":["1"],"sib_push_send_notification":["0"],"sib_push_target_segment_ids":["@ALL"],"_izettle_product_etag":["E63DEEF0D80D55D007DEA76F451DB6A4"],"_ship_separately_via":[""],"sib_push_send_notification_delay_seconds":["0"],"_is_non_alcoholic":["no"],"_mid_code":[""],"_shipping_weight":[""],"_entrupy_echtheitszertifikat":["yes"],"_product_reserve_add_cart_link_key":["icejsSJyampFCDWklznAHLNEfhRPOBqdUTVrvMGZtboIXxwKgYQu1767104934"],"rank_math_analytic_object_id":["2723"],"_sku":["P6-1196"],"_edit_lock":["1776419124:2"],"_edit_last":["4"],"_custom_thumbnail":["a:1:{i:0;s:2:\"no\";}"],"_video_schema":["a:1:{i:0;s:2:\"no\";}"],"_nickx_video_upload_date":["a:1:{i:0;s:0:\"\";}"],"_nickx_video_name":["a:1:{i:0;s:0:\"\";}"],"_nickx_video_description":["a:1:{i:0;s:0:\"\";}"],"_gdrive_field":["https:\/\/drive.google.com\/drive\/u\/1\/folders\/1O-RmFeDUDu9Biob0QOGGx_ESqro0P18R"],"astra-migrate-meta-layouts":["set"],"_wcml_average_rating":[null],"_wcml_review_count":[null],"_wcml_rating_count":[null],"_uag_page_assets":["a:9:{s:3:\"css\";s:0:\"\";s:2:\"js\";s:0:\"\";s:18:\"current_block_list\";a:6:{i:0;s:26:\"woocommerce\/filter-wrapper\";i:1;s:24:\"woocommerce\/price-filter\";i:2;s:30:\"woocommerce\/product-categories\";i:3;s:14:\"core\/paragraph\";i:4;s:14:\"core\/shortcode\";i:5;s:11:\"core\/search\";}s:8:\"uag_flag\";b:0;s:11:\"uag_version\";s:10:\"1777326261\";s:6:\"gfonts\";a:0:{}s:10:\"gfonts_url\";s:0:\"\";s:12:\"gfonts_files\";a:0:{}s:14:\"uag_faq_layout\";b:0;}"],"_wc_rating_count":[""]},"uagb_featured_image_src":{"full":["https:\/\/truelangtest.ilovehandbags.com\/wp-content\/uploads\/sites\/3\/Saint-Laurent-College-Medium-1196-17.jpg",2048,2048,false],"thumbnail":["https:\/\/truelangtest.ilovehandbags.com\/wp-content\/uploads\/sites\/3\/Saint-Laurent-College-Medium-1196-17-150x150.jpg",150,150,true],"medium":["https:\/\/truelangtest.ilovehandbags.com\/wp-content\/uploads\/sites\/3\/Saint-Laurent-College-Medium-1196-17-300x300.jpg",300,300,true],"medium_large":["https:\/\/truelangtest.ilovehandbags.com\/wp-content\/uploads\/sites\/3\/Saint-Laurent-College-Medium-1196-17-768x768.jpg",768,768,true],"large":["https:\/\/truelangtest.ilovehandbags.com\/wp-content\/uploads\/sites\/3\/Saint-Laurent-College-Medium-1196-17-1024x1024.jpg",1024,1024,true],"1536x1536":["https:\/\/truelangtest.ilovehandbags.com\/wp-content\/uploads\/sites\/3\/Saint-Laurent-College-Medium-1196-17.jpg",1536,1536,false],"2048x2048":["https:\/\/truelangtest.ilovehandbags.com\/wp-content\/uploads\/sites\/3\/Saint-Laurent-College-Medium-1196-17.jpg",2048,2048,false],"woocommerce_thumbnail":["https:\/\/truelangtest.ilovehandbags.com\/wp-content\/uploads\/sites\/3\/Saint-Laurent-College-Medium-1196-17-500x500.jpg",500,500,true],"woocommerce_single":["https:\/\/truelangtest.ilovehandbags.com\/wp-content\/uploads\/sites\/3\/Saint-Laurent-College-Medium-1196-17-500x500.jpg",500,500,true],"woocommerce_gallery_thumbnail":["https:\/\/truelangtest.ilovehandbags.com\/wp-content\/uploads\/sites\/3\/Saint-Laurent-College-Medium-1196-17-100x100.jpg",100,100,true]},"uagb_author_info":{"display_name":"ILoveHandbags","author_link":"https:\/\/truelangtest.ilovehandbags.com\/de\/author\/"},"uagb_comment_info":0,"uagb_excerpt":"Die Saint Laurent College Medium vereint klassische Eleganz mit modernem Design und geh\u00f6rt zu den ikonischen Modellen des Hauses. Gefertigt aus schwarzem, hochwertig gegerbtem Kalbsleder und veredelt mit den charakteristischen Chevron-Steppn\u00e4hten, strahlt sie zeitlose Raffinesse aus. Auf der Vorderseite setzt die markante CASSANDRE-Signatur in goldfarbener Hardware einen edlen Akzent und verleiht der Tasche ihren unverwechselbaren&hellip;","_links":{"self":[{"href":"https:\/\/truelangtest.ilovehandbags.com\/de\/wp-json\/wp\/v2\/product\/77987","targetHints":{"allow":["GET"]}}],"collection":[{"href":"https:\/\/truelangtest.ilovehandbags.com\/de\/wp-json\/wp\/v2\/product"}],"about":[{"href":"https:\/\/truelangtest.ilovehandbags.com\/de\/wp-json\/wp\/v2\/types\/product"}],"wp:featuredmedia":[{"embeddable":true,"href":"https:\/\/truelangtest.ilovehandbags.com\/de\/wp-json\/wp\/v2\/media\/77994"}],"wp:attachment":[{"href":"https:\/\/truelangtest.ilovehandbags.com\/de\/wp-json\/wp\/v2\/media?parent=77987"}],"wp:term":[{"taxonomy":"product_brand","embeddable":true,"href":"https:\/\/truelangtest.ilovehandbags.com\/de\/wp-json\/wp\/v2\/product_brand?post=77987"},{"taxonomy":"product_cat","embeddable":true,"href":"https:\/\/truelangtest.ilovehandbags.com\/de\/wp-json\/wp\/v2\/product_cat?post=77987"},{"taxonomy":"product_tag","embeddable":true,"href":"https:\/\/truelangtest.ilovehandbags.com\/de\/wp-json\/wp\/v2\/product_tag?post=77987"}],"curies":[{"name":"wp","href":"https:\/\/api.w.org\/{rel}","templated":true}]}}