{"id":78074,"date":"2026-03-19T09:40:38","date_gmt":"2026-03-19T08:40:38","guid":{"rendered":"https:\/\/ilovehandbags.com\/?post_type=product&#038;p=78074"},"modified":"2026-03-19T10:27:32","modified_gmt":"2026-03-19T09:27:32","slug":"louis-vuitton-trio-pouch-1198","status":"publish","type":"product","link":"https:\/\/truelangtest.ilovehandbags.com\/de\/louis-vuitton-trio-pouch-1198\/","title":{"rendered":"Louis Vuitton Trio Pouch"},"content":{"rendered":"","protected":false},"excerpt":{"rendered":"<p data-start=\"302\" data-end=\"635\">Die Louis Vuitton Trio Pouch vereint Funktionalit\u00e4t und ikonisches Design in einer besonders durchdachten und modernen Interpretation. Das Set besteht aus drei unterschiedlich gro\u00dfen Pouches, die sich flexibel miteinander kombinieren oder einzeln nutzen lassen \u2013 perfekt f\u00fcr alle, die Organisation und Stil m\u00fchelos verbinden m\u00f6chten. Gefertigt aus verschiedenen Varianten des charakteristischen Monogram Canvas, zeigt dieses Modell die Vielseitigkeit des Hauses Louis Vuitton auf elegante Weise. Die Kombination aus Monogram Giant, Monogram Reverse und Monogram Mini verleiht der Tasche eine spannende, zugleich harmonische Optik. Feine Lederdetails und goldfarbene Hardware unterstreichen den hochwertigen, luxuri\u00f6sen Charakter. Die drei Elemente \u2013 eine gr\u00f6\u00dfere rechteckige Pochette, eine kompakte quadratische Pouch sowie ein rundes M\u00fcnzetui \u2013 sind \u00fcber ein durchdachtes Karabiner-System miteinander verbunden und k\u00f6nnen je nach Bedarf separat verwendet werden. Erg\u00e4nzt wird das Set durch eine abnehmbare Handschlaufe, mit der sich die Trio Pouch bequem am Handgelenk tragen l\u00e4sst. Im Inneren bieten die einzelnen Komponenten ausreichend Platz f\u00fcr deine Essentials wie Smartphone, Karten, Schl\u00fcssel oder kleine Alltagsgegenst\u00e4nde. Ob als stilvolle Clutch, praktisches Accessoire f\u00fcr unterwegs oder als Organizer innerhalb einer gr\u00f6\u00dferen Tasche \u2013 die Trio Pouch passt sich flexibel deinem Alltag an. Dieses Modell steht f\u00fcr moderne Vielseitigkeit und ist gleichzeitig ein Ausdruck der unverwechselbaren Louis Vuitton \u00c4sthetik. Ein besonderes Piece f\u00fcr alle, die funktionale Designs mit ikonischem Charakter lieben.<\/p>\n","protected":false},"featured_media":78085,"template":"","meta":{"_uag_custom_page_level_css":"","site-sidebar-layout":"default","site-content-layout":"default","ast-site-content-layout":"default","site-content-style":"default","site-sidebar-style":"default","ast-global-header-display":"","ast-banner-title-visibility":"","ast-main-header-display":"","ast-hfb-above-header-display":"","ast-hfb-below-header-display":"","ast-hfb-mobile-header-display":"","site-post-title":"","ast-breadcrumbs-content":"","ast-featured-img":"","footer-sml-layout":"","ast-disable-related-posts":"","theme-transparent-header-meta":"default","adv-header-id-meta":"","stick-header-meta":"default","header-above-stick-meta":"","header-main-stick-meta":"","header-below-stick-meta":"","astra-migrate-meta-layouts":"set","ast-page-background-enabled":"default","ast-page-background-meta":{"desktop":{"background-color":"var(--ast-global-color-4)","background-image":"","background-repeat":"repeat","background-position":"center center","background-size":"auto","background-attachment":"scroll","background-type":"","background-media":"","overlay-type":"","overlay-color":"","overlay-opacity":"","overlay-gradient":""},"tablet":{"background-color":"","background-image":"","background-repeat":"repeat","background-position":"center center","background-size":"auto","background-attachment":"scroll","background-type":"","background-media":"","overlay-type":"","overlay-color":"","overlay-opacity":"","overlay-gradient":""},"mobile":{"background-color":"","background-image":"","background-repeat":"repeat","background-position":"center center","background-size":"auto","background-attachment":"scroll","background-type":"","background-media":"","overlay-type":"","overlay-color":"","overlay-opacity":"","overlay-gradient":""}},"ast-content-background-meta":{"desktop":{"background-color":"var(--ast-global-color-5)","background-image":"","background-repeat":"repeat","background-position":"center center","background-size":"auto","background-attachment":"scroll","background-type":"","background-media":"","overlay-type":"","overlay-color":"","overlay-opacity":"","overlay-gradient":""},"tablet":{"background-color":"var(--ast-global-color-5)","background-image":"","background-repeat":"repeat","background-position":"center center","background-size":"auto","background-attachment":"scroll","background-type":"","background-media":"","overlay-type":"","overlay-color":"","overlay-opacity":"","overlay-gradient":""},"mobile":{"background-color":"var(--ast-global-color-5)","background-image":"","background-repeat":"repeat","background-position":"center center","background-size":"auto","background-attachment":"scroll","background-type":"","background-media":"","overlay-type":"","overlay-color":"","overlay-opacity":"","overlay-gradient":""}},"_glsr_average":0,"_glsr_ranking":0,"_glsr_reviews":0},"product_brand":[1584],"product_cat":[237,448,239,516],"product_tag":[214,2197,2196],"class_list":{"0":"post-78074","1":"product","2":"type-product","3":"status-publish","4":"has-post-thumbnail","6":"product_brand-louis-vuitton","7":"product_cat-kleinlederwaren","8":"product_cat-limited-editions","9":"product_cat-louis-vuitton","10":"product_cat-neu-im-shop","11":"product_tag-louis-vuitton","12":"product_tag-louis-vuitton-m68756","13":"product_tag-louis-vuitton-trio-pouch","14":"desktop-align-left","15":"tablet-align-left","16":"mobile-align-left","17":"ast-product-gallery-layout-first-image-large","18":"ast-magnify-disabled","19":"ast-product-tabs-layout-accordion","21":"first","22":"instock","23":"sold-individually","24":"purchasable","25":"product-type-simple"},"spectra_custom_meta":{"rank_math_internal_links_processed":["1"],"copied_media_ids":["a:0:{}","a:0:{}"],"referenced_media_ids":["a:10:{i:0;i:78085;i:1;i:78078;i:2;i:78083;i:3;i:78077;i:4;i:78079;i:5;i:78096;i:6;i:78082;i:7;i:78076;i:8;i:78081;i:9;i:78084;}","a:10:{i:0;i:78085;i:1;i:78078;i:2;i:78083;i:3;i:78077;i:4;i:78079;i:5;i:78096;i:6;i:78082;i:7;i:78076;i:8;i:78081;i:9;i:78084;}"],"_regular_price":["730"],"total_sales":["0"],"_tax_status":["none"],"_tax_class":[""],"_manage_stock":["yes"],"_backorders":["no"],"_sold_individually":["yes"],"_virtual":["no"],"_downloadable":["no"],"_product_image_gallery":["78078,78083,78077,78079,78096,78082,78076,78081,78084"],"_download_limit":["-1"],"_download_expiry":["-1"],"_thumbnail_id":["78085"],"_stock":["1"],"_stock_status":["instock"],"_wc_average_rating":[0],"_wc_review_count":["0"],"_product_attributes":["a:2:{s:8:\"pa_brand\";a:7:{s:4:\"name\";s:8:\"pa_brand\";s:5:\"value\";s:0:\"\";s:8:\"position\";i:0;s:10:\"is_visible\";i:0;s:12:\"is_variation\";i:0;s:11:\"is_taxonomy\";i:1;s:16:\"checkout_visible\";i:0;}s:9:\"pa_gender\";a:7:{s:4:\"name\";s:9:\"pa_gender\";s:5:\"value\";s:0:\"\";s:8:\"position\";i:2;s:10:\"is_visible\";i:0;s:12:\"is_variation\";i:0;s:11:\"is_taxonomy\";i:1;s:16:\"checkout_visible\";i:0;}}"],"_product_version":["10.6.1"],"_price":["730"],"_wpml_media_featured":["1","1","1","1","1","1"],"_wpml_media_duplicate":["1","1","1","1","1","1"],"_wpml_word_count":["290"],"_wpml_location_migration_done":["1"],"_fusion":["a:3:{s:17:\"slider_visibility\";s:51:\"small-visibility,medium-visibility,large-visibility\";s:11:\"slider_type\";s:2:\"no\";s:9:\"wooslider\";s:1:\"0\";}"],"rank_math_seo_score":["86"],"rank_math_focus_keyword":["Louis Vuitton"],"_purchase_price_field":["475"],"_internal_warehouse_number_field":["2025-0714-K"],"_unit":[""],"_unit_base":[""],"_unit_product":[""],"_unit_price_auto":["no"],"_unit_price_regular":[""],"_unit_price":[""],"_unit_price_sale":[""],"_sale_price_label":[""],"_sale_price_regular_label":[""],"_mini_desc":["Louis Vuitton Trio Pouch"],"_defect_description":[""],"_allergen_ids":["a:0:{}"],"_warranty_attachment_id":[""],"_min_age":[""],"_ts_gtin":[""],"_ts_mpn":[""],"_delivery_time_countries":["a:0:{}"],"_free_shipping":["no"],"_service":["no"],"_photovoltaic_system":["no"],"_used_good":["yes"],"_defective_copy":["no"],"_is_food":["no"],"_differential_taxation":["yes"],"_gzd_version":["3.20.7"],"_hs_code":[""],"_manufacture_country":[""],"_rank_math_gtin_code":[""],"_fusion_google_fonts":[""],"rank_math_primary_product_cat":["0"],"_wcml_custom_prices_status":["0"],"_deposit_type":[""],"_nutrient_ids":["a:0:{}"],"_nutrient_reference_value":["100g"],"_ingredients":[""],"_nutri_score":[""],"_alcohol_content":[""],"_drained_weight":[""],"_net_filling_quantity":[""],"_food_distributor":[""],"_food_description":[""],"_food_place_of_origin":[""],"_deposit_quantity":[""],"yikes_woo_products_tabs":["a:2:{i:0;a:3:{s:5:\"title\";s:21:\"Weitere Informationen\";s:2:\"id\";s:21:\"weitere-informationen\";s:7:\"content\";s:535:\"<strong>Material au\u00dfen:<\/strong> Monogram Giant, Monogram Reverse und Monogram Mini Canvas\r\n<strong>Material innen:<\/strong> Schwarzes Rindsleder\r\n<strong>Ma\u00dfe gro\u00dfe Pochette:<\/strong> 19 x 10 x 1 cm\r\n<strong>Ma\u00dfe mittlere Pochette:<\/strong> 11,5 x 11,5 x 1 cm\r\n<strong>Ma\u00dfe M\u00fcnzetui:<\/strong> 9,5 x 9,5 x 1 cm\r\n<strong>Ma\u00dfe Handschlaufe:<\/strong> 19 x 1,5 cm\r\n<strong>Date Code \/ Herstellungsjahr:<\/strong> TJ0240 und TJ0250 \/ 2020\r\n<strong>SKU:<\/strong> M68756\r\n<strong>Lieferumfang:<\/strong> Louis Vuitton Box und Staubbeutel\";}i:1;a:3:{s:5:\"title\";s:7:\"Zustand\";s:2:\"id\";s:7:\"zustand\";s:7:\"content\";s:235:\"<strong>Gesamtzustand: <\/strong>Sehr gut bis neuwertig\r\n<strong>Canvas: <\/strong>Intakt\r\n<strong>Rei\u00dfverschl\u00fcsse: <\/strong>Schlie\u00dfen einwandfrei\r\n<strong>Hardware: <\/strong>Leichte Gebrauchsspuren\r\n<strong>Innenraum: <\/strong>Sauber\";}}"],"site-sidebar-layout":["default"],"site-content-layout":["default"],"theme-transparent-header-meta":["default"],"stick-header-meta":["default"],"_default_delivery_time":[""],"rank_math_robots":["a:1:{i:0;s:5:\"index\";}"],"_pys_conversion_label_settings":["a:3:{s:6:\"enable\";b:0;s:5:\"label\";s:0:\"\";s:2:\"id\";s:14:\"AW-11184563350\";}"],"_pys_super_pack_cpt_url":[""],"_pys_super_pack_cpt_condition":["only"],"_pys_super_pack_cpt_cart":["hidden"],"_woosea_brand":[""],"_woosea_mpn":[""],"_woosea_upc":[""],"_woosea_ean":[""],"_woosea_gtin":[""],"_woosea_color":[""],"_woosea_size":[""],"_woosea_gender":[""],"_woosea_material":[""],"_woosea_pattern":[""],"_woosea_optimized_title":[""],"_woosea_unit_pricing_measure":[""],"_woosea_unit_pricing_base_measure":[""],"_woosea_condition":[""],"_woosea_age_group":["adult"],"_woosea_installment_months":[""],"_woosea_installment_amount":[""],"_woosea_exclude_product":["no"],"_woosea_cost_of_good_sold":[""],"_woosea_multipack":[""],"_woosea_is_bundle":[""],"_woosea_energy_efficiency_class":[""],"_woosea_min_energy_efficiency_class":[""],"_woosea_max_energy_efficiency_class":[""],"_woosea_is_promotion":[""],"_woosea_custom_field_0":[""],"_woosea_custom_field_1":[""],"_woosea_custom_field_2":[""],"_woosea_custom_field_3":[""],"_woosea_custom_field_4":[""],"_pys_head_footer":["a:7:{s:14:\"disable_global\";b:0;s:8:\"head_any\";s:0:\"\";s:12:\"head_desktop\";s:0:\"\";s:11:\"head_mobile\";s:0:\"\";s:10:\"footer_any\";s:0:\"\";s:14:\"footer_desktop\";s:0:\"\";s:13:\"footer_mobile\";s:0:\"\";}"],"_customs_description":[""],"_is_non_returnable":["no"],"_wp_old_date":["2023-04-26","2023-07-27","2025-02-20"],"litespeed_vpi_list_mobile":["a:2:{i:0;s:8:\"logo.png\";i:1;s:74:\"Louis-Vuitton-Pochette-Kirigami-Catogram-vorn-2023-0227-scaled-500x500.jpg\";}"],"litespeed_vpi_list":["a:4:{i:0;s:8:\"logo.png\";i:1;s:6:\"de.png\";i:2;s:74:\"Louis-Vuitton-Pochette-Kirigami-Catogram-vorn-2023-0227-scaled-500x500.jpg\";i:3;s:35:\"three-o-clock-clock-svgrepo-com.svg\";}"],"_internal_date_code":["RFID Chip"],"_internal_product_origin":["France"],"_wpml_media_has_media":["1"],"ast-site-content-layout":["default"],"site-content-style":["default"],"site-sidebar-style":["default"],"_rank_math_video":["true"],"_product_shipping_weight":["1kg"],"_product_rating":["N"],"_not_in_inventory_checkbox":["yes"],"_manufacturer_slug":["lvmh-moet-hennessy-louis-vuitton-se"],"_safety_attachment_ids":["a:0:{}"],"_zettle_product_cat_id":[""],"_shipping_length":[""],"_shipping_width":[""],"_shipping_height":[""],"_nickx_video_text_url":["a:1:{i:0;s:0:\"\";}"],"_nickx_product_video_type":["a:1:{i:0;s:23:\"nickx_video_url_youtube\";}"],"_nickx_product_video_thumb_ids":["a:1:{i:0;s:0:\"\";}"],"_custom_html_content":[""],"similar_product_key":["1739706367"],"_product_available_from_field":["2026-03-20T19:00"],"_safety_instructions":[""],"_wireless_electronic_device":["no"],"_device_contains_power_supply":["no"],"_device_charging_supports_usb_pd":["no"],"_device_charging_watt_min":["0"],"_device_charging_watt_max":["0"],"_izettle_barcode":[""],"_izettle_nosync":[""],"_izettle_cost_price":[""],"_izettle_special_price":[""],"_izettle_product_name":[""],"rank_math_primary_product_brand":["1584"],"_product_reserve_till_field":[""],"_customer_view":["3"],"_custom_view_last_updated":["2026-04-26 00:13:41"],"_izettle_image_lookup_key":["3kyncy1cEe-udXp3qLWasA-cl31v-4pEe-i6Kx-M4HoGg"],"woocommerce_izettle_product_uuid":["7261e092-ee29-11ef-9ab4-353536383939"],"woocommerce_izettle_variant_uuid":["726214d6-ee29-11ef-a672-353536383939"],"_izettle_updated":["1740186008"],"_wpml_post_translation_editor_native":["no"],"sib_push_meta_box_present":["1"],"sib_push_send_notification":["0"],"sib_push_target_segment_ids":["@ALL"],"_ame_cpe_post_policy":["{\"accessProtection\":{\"active\":\"replace\"}}"],"rank_math_analytic_object_id":["2729"],"_sku":["P6-1198-K"],"_edit_lock":["1773912567:4"],"_edit_last":["4"],"sib_push_send_notification_delay_seconds":["0"],"_entrupy_echtheitszertifikat":[""],"_is_non_alcoholic":["no"],"_mid_code":[""],"_ship_separately_via":[""],"_shipping_weight":[""],"_custom_thumbnail":["a:1:{i:0;s:2:\"no\";}"],"_video_schema":["a:1:{i:0;s:2:\"no\";}"],"_nickx_video_upload_date":["a:1:{i:0;s:0:\"\";}"],"_nickx_video_name":["a:1:{i:0;s:0:\"\";}"],"_nickx_video_description":["a:1:{i:0;s:0:\"\";}"],"_gdrive_field":["https:\/\/drive.google.com\/drive\/u\/1\/folders\/1kHGlKRfPrMEG074Iu3IIVH0qsF9js87w"],"_wcml_average_rating":[null],"_wcml_review_count":[null],"_wcml_rating_count":[null],"astra-migrate-meta-layouts":["set"],"_uag_page_assets":["a:9:{s:3:\"css\";s:0:\"\";s:2:\"js\";s:0:\"\";s:18:\"current_block_list\";a:6:{i:0;s:26:\"woocommerce\/filter-wrapper\";i:1;s:24:\"woocommerce\/price-filter\";i:2;s:30:\"woocommerce\/product-categories\";i:3;s:14:\"core\/paragraph\";i:4;s:14:\"core\/shortcode\";i:5;s:11:\"core\/search\";}s:8:\"uag_flag\";b:0;s:11:\"uag_version\";s:10:\"1777315445\";s:6:\"gfonts\";a:0:{}s:10:\"gfonts_url\";s:0:\"\";s:12:\"gfonts_files\";a:0:{}s:14:\"uag_faq_layout\";b:0;}"],"_wc_rating_count":[""]},"uagb_featured_image_src":{"full":["https:\/\/truelangtest.ilovehandbags.com\/wp-content\/uploads\/sites\/3\/Louis-Vuitton-Trio-Pouch-1198-01.jpg",2048,2048,false],"thumbnail":["https:\/\/truelangtest.ilovehandbags.com\/wp-content\/uploads\/sites\/3\/Louis-Vuitton-Trio-Pouch-1198-01-150x150.jpg",150,150,true],"medium":["https:\/\/truelangtest.ilovehandbags.com\/wp-content\/uploads\/sites\/3\/Louis-Vuitton-Trio-Pouch-1198-01-300x300.jpg",300,300,true],"medium_large":["https:\/\/truelangtest.ilovehandbags.com\/wp-content\/uploads\/sites\/3\/Louis-Vuitton-Trio-Pouch-1198-01-768x768.jpg",768,768,true],"large":["https:\/\/truelangtest.ilovehandbags.com\/wp-content\/uploads\/sites\/3\/Louis-Vuitton-Trio-Pouch-1198-01-1024x1024.jpg",1024,1024,true],"1536x1536":["https:\/\/truelangtest.ilovehandbags.com\/wp-content\/uploads\/sites\/3\/Louis-Vuitton-Trio-Pouch-1198-01.jpg",1536,1536,false],"2048x2048":["https:\/\/truelangtest.ilovehandbags.com\/wp-content\/uploads\/sites\/3\/Louis-Vuitton-Trio-Pouch-1198-01.jpg",2048,2048,false],"woocommerce_thumbnail":["https:\/\/truelangtest.ilovehandbags.com\/wp-content\/uploads\/sites\/3\/Louis-Vuitton-Trio-Pouch-1198-01-500x500.jpg",500,500,true],"woocommerce_single":["https:\/\/truelangtest.ilovehandbags.com\/wp-content\/uploads\/sites\/3\/Louis-Vuitton-Trio-Pouch-1198-01-500x500.jpg",500,500,true],"woocommerce_gallery_thumbnail":["https:\/\/truelangtest.ilovehandbags.com\/wp-content\/uploads\/sites\/3\/Louis-Vuitton-Trio-Pouch-1198-01-100x100.jpg",100,100,true]},"uagb_author_info":{"display_name":"ILoveHandbags","author_link":"https:\/\/truelangtest.ilovehandbags.com\/de\/author\/"},"uagb_comment_info":0,"uagb_excerpt":"Die Louis Vuitton Trio Pouch vereint Funktionalit\u00e4t und ikonisches Design in einer besonders durchdachten und modernen Interpretation. Das Set besteht aus drei unterschiedlich gro\u00dfen Pouches, die sich flexibel miteinander kombinieren oder einzeln nutzen lassen \u2013 perfekt f\u00fcr alle, die Organisation und Stil m\u00fchelos verbinden m\u00f6chten. Gefertigt aus verschiedenen Varianten des charakteristischen Monogram Canvas, zeigt dieses&hellip;","_links":{"self":[{"href":"https:\/\/truelangtest.ilovehandbags.com\/de\/wp-json\/wp\/v2\/product\/78074","targetHints":{"allow":["GET"]}}],"collection":[{"href":"https:\/\/truelangtest.ilovehandbags.com\/de\/wp-json\/wp\/v2\/product"}],"about":[{"href":"https:\/\/truelangtest.ilovehandbags.com\/de\/wp-json\/wp\/v2\/types\/product"}],"wp:featuredmedia":[{"embeddable":true,"href":"https:\/\/truelangtest.ilovehandbags.com\/de\/wp-json\/wp\/v2\/media\/78085"}],"wp:attachment":[{"href":"https:\/\/truelangtest.ilovehandbags.com\/de\/wp-json\/wp\/v2\/media?parent=78074"}],"wp:term":[{"taxonomy":"product_brand","embeddable":true,"href":"https:\/\/truelangtest.ilovehandbags.com\/de\/wp-json\/wp\/v2\/product_brand?post=78074"},{"taxonomy":"product_cat","embeddable":true,"href":"https:\/\/truelangtest.ilovehandbags.com\/de\/wp-json\/wp\/v2\/product_cat?post=78074"},{"taxonomy":"product_tag","embeddable":true,"href":"https:\/\/truelangtest.ilovehandbags.com\/de\/wp-json\/wp\/v2\/product_tag?post=78074"}],"curies":[{"name":"wp","href":"https:\/\/api.w.org\/{rel}","templated":true}]}}