{"id":78233,"date":"2026-03-25T09:17:24","date_gmt":"2026-03-25T08:17:24","guid":{"rendered":"https:\/\/ilovehandbags.com\/?post_type=product&#038;p=78233"},"modified":"2026-03-25T11:54:07","modified_gmt":"2026-03-25T10:54:07","slug":"louis-vuitton-viennois-monogram-canvas-geldboerse-5","status":"publish","type":"product","link":"https:\/\/truelangtest.ilovehandbags.com\/de\/louis-vuitton-viennois-monogram-canvas-geldboerse-5\/","title":{"rendered":"Louis Vuitton Viennois Monogram Canvas Geldb\u00f6rse"},"content":{"rendered":"","protected":false},"excerpt":{"rendered":"<p data-start=\"226\" data-end=\"612\">Die Louis Vuitton Viennois Geldb\u00f6rse ist ein zeitloser Klassiker, der Eleganz und Funktionalit\u00e4t auf charmante Weise vereint. Sie bietet ausreichend Platz f\u00fcr Karten, M\u00fcnzen und Geldscheine und \u00fcberzeugt durch ihre durchdachte, alltagstaugliche Aufteilung. Das ikonische Monogram-Canvas und die typische Louis-Vuitton-\u00c4sthetik machen dieses Modell zu einem stilvollen Begleiter mit Charakter. Aufgrund ihres Zustands eignet sich diese Viennois nicht nur als funktionales Accessoire, sondern auch hervorragend als <strong data-start=\"734\" data-end=\"765\">Reparatur- oder DIY-Projekt<\/strong> f\u00fcr Liebhaberinnen von Preloved-St\u00fccken. Mit etwas Liebe und handwerklichem Geschick l\u00e4sst sich ihr neues Leben einhauchen \u2013 sei es durch eine professionelle Aufarbeitung oder eine kreative individuelle L\u00f6sung. Gerade das macht den besonderen Reiz dieses St\u00fccks aus: gelebter Luxus mit Geschichte und Potenzial. Ein authentisches Louis-Vuitton-Accessoire f\u00fcr alle, die Klassiker sch\u00e4tzen und Freude daran haben, einem besonderen St\u00fcck neuen Glanz zu verleihen.<\/p>\n","protected":false},"featured_media":78242,"template":"","meta":{"_uag_custom_page_level_css":"","site-sidebar-layout":"default","site-content-layout":"default","ast-site-content-layout":"default","site-content-style":"default","site-sidebar-style":"default","ast-global-header-display":"","ast-banner-title-visibility":"","ast-main-header-display":"","ast-hfb-above-header-display":"","ast-hfb-below-header-display":"","ast-hfb-mobile-header-display":"","site-post-title":"","ast-breadcrumbs-content":"","ast-featured-img":"","footer-sml-layout":"","ast-disable-related-posts":"","theme-transparent-header-meta":"default","adv-header-id-meta":"","stick-header-meta":"default","header-above-stick-meta":"","header-main-stick-meta":"","header-below-stick-meta":"","astra-migrate-meta-layouts":"set","ast-page-background-enabled":"default","ast-page-background-meta":{"desktop":{"background-color":"var(--ast-global-color-4)","background-image":"","background-repeat":"repeat","background-position":"center center","background-size":"auto","background-attachment":"scroll","background-type":"","background-media":"","overlay-type":"","overlay-color":"","overlay-opacity":"","overlay-gradient":""},"tablet":{"background-color":"","background-image":"","background-repeat":"repeat","background-position":"center center","background-size":"auto","background-attachment":"scroll","background-type":"","background-media":"","overlay-type":"","overlay-color":"","overlay-opacity":"","overlay-gradient":""},"mobile":{"background-color":"","background-image":"","background-repeat":"repeat","background-position":"center center","background-size":"auto","background-attachment":"scroll","background-type":"","background-media":"","overlay-type":"","overlay-color":"","overlay-opacity":"","overlay-gradient":""}},"ast-content-background-meta":{"desktop":{"background-color":"var(--ast-global-color-5)","background-image":"","background-repeat":"repeat","background-position":"center center","background-size":"auto","background-attachment":"scroll","background-type":"","background-media":"","overlay-type":"","overlay-color":"","overlay-opacity":"","overlay-gradient":""},"tablet":{"background-color":"var(--ast-global-color-5)","background-image":"","background-repeat":"repeat","background-position":"center center","background-size":"auto","background-attachment":"scroll","background-type":"","background-media":"","overlay-type":"","overlay-color":"","overlay-opacity":"","overlay-gradient":""},"mobile":{"background-color":"var(--ast-global-color-5)","background-image":"","background-repeat":"repeat","background-position":"center center","background-size":"auto","background-attachment":"scroll","background-type":"","background-media":"","overlay-type":"","overlay-color":"","overlay-opacity":"","overlay-gradient":""}},"_glsr_average":0,"_glsr_ranking":0,"_glsr_reviews":0},"product_brand":[1584],"product_cat":[191,237,239,516],"product_tag":[214,313,854,853],"class_list":{"0":"post-78233","1":"product","2":"type-product","3":"status-publish","4":"has-post-thumbnail","6":"product_brand-louis-vuitton","7":"product_cat-geldboersen","8":"product_cat-kleinlederwaren","9":"product_cat-louis-vuitton","10":"product_cat-neu-im-shop","11":"product_tag-louis-vuitton","12":"product_tag-louis-vuitton-geldboerse","13":"product_tag-louis-vuitton-m61674","14":"product_tag-louis-vuitton-viennois","15":"desktop-align-left","16":"tablet-align-left","17":"mobile-align-left","18":"ast-product-gallery-layout-first-image-large","19":"ast-magnify-disabled","20":"ast-product-tabs-layout-accordion","22":"first","23":"instock","24":"sold-individually","25":"taxable","26":"shipping-taxable","27":"purchasable","28":"product-type-simple"},"spectra_custom_meta":{"rank_math_internal_links_processed":["1","1"],"copied_media_ids":["a:0:{}","a:0:{}","a:0:{}","a:0:{}"],"referenced_media_ids":["a:21:{i:0;i:78242;i:1;i:78244;i:2;i:78254;i:3;i:78237;i:4;i:78250;i:5;i:78249;i:6;i:78239;i:7;i:78241;i:8;i:78243;i:9;i:78255;i:10;i:78247;i:11;i:78248;i:12;i:78240;i:13;i:78251;i:14;i:78252;i:15;i:78245;i:16;i:78235;i:17;i:78236;i:18;i:78238;i:19;i:78246;i:20;i:78253;}","a:21:{i:0;i:78242;i:1;i:78244;i:2;i:78254;i:3;i:78237;i:4;i:78250;i:5;i:78249;i:6;i:78239;i:7;i:78241;i:8;i:78243;i:9;i:78255;i:10;i:78247;i:11;i:78248;i:12;i:78240;i:13;i:78251;i:14;i:78252;i:15;i:78245;i:16;i:78235;i:17;i:78236;i:18;i:78238;i:19;i:78246;i:20;i:78253;}","a:21:{i:0;i:78242;i:1;i:78244;i:2;i:78254;i:3;i:78237;i:4;i:78250;i:5;i:78249;i:6;i:78239;i:7;i:78241;i:8;i:78243;i:9;i:78255;i:10;i:78247;i:11;i:78248;i:12;i:78240;i:13;i:78251;i:14;i:78252;i:15;i:78245;i:16;i:78235;i:17;i:78236;i:18;i:78238;i:19;i:78246;i:20;i:78253;}","a:21:{i:0;i:78242;i:1;i:78244;i:2;i:78254;i:3;i:78237;i:4;i:78250;i:5;i:78249;i:6;i:78239;i:7;i:78241;i:8;i:78243;i:9;i:78255;i:10;i:78247;i:11;i:78248;i:12;i:78240;i:13;i:78251;i:14;i:78252;i:15;i:78245;i:16;i:78235;i:17;i:78236;i:18;i:78238;i:19;i:78246;i:20;i:78253;}"],"_sku":["P6-0562-5"],"_regular_price":["90"],"total_sales":["0"],"_tax_status":["taxable"],"_tax_class":[""],"_manage_stock":["yes"],"_backorders":["no"],"_sold_individually":["yes"],"_virtual":["no"],"_downloadable":["no"],"_product_image_gallery":["78244,78254,78237,78250,78249,78239,78241,78243,78255,78247,78248,78240,78251,78252,78245,78235,78236,78238,78246,78253"],"_download_limit":["-1"],"_download_expiry":["-1"],"_thumbnail_id":["78242"],"_stock":["1"],"_stock_status":["instock"],"_wc_average_rating":[0],"_wc_review_count":["0"],"_product_attributes":["a:2:{s:8:\"pa_color\";a:7:{s:4:\"name\";s:8:\"pa_color\";s:5:\"value\";s:0:\"\";s:8:\"position\";i:1;s:10:\"is_visible\";i:0;s:12:\"is_variation\";i:1;s:11:\"is_taxonomy\";i:1;s:16:\"checkout_visible\";i:0;}s:9:\"pa_gender\";a:7:{s:4:\"name\";s:9:\"pa_gender\";s:5:\"value\";s:0:\"\";s:8:\"position\";i:2;s:10:\"is_visible\";i:0;s:12:\"is_variation\";i:1;s:11:\"is_taxonomy\";i:1;s:16:\"checkout_visible\";i:0;}}"],"_product_version":["10.6.1"],"_price":["90"],"_wpml_media_featured":["1","1","1","1","1","1","1","1","1"],"_wpml_media_duplicate":["1","1","1","1","1","1","1","1","1"],"_wpml_word_count":["186"],"_wpml_location_migration_done":["1"],"_fusion":["a:3:{s:17:\"slider_visibility\";s:51:\"small-visibility,medium-visibility,large-visibility\";s:11:\"slider_type\";s:2:\"no\";s:9:\"wooslider\";s:1:\"0\";}"],"rank_math_seo_score":["74"],"rank_math_focus_keyword":["Louis Vuitton"],"_purchase_price_field":["58,16"],"_internal_warehouse_number_field":["P6-0562-05"],"_gdrive_field":["https:\/\/drive.google.com\/drive\/u\/1\/folders\/1zPBzrPGcBQP4HUlKiHNmiRUfK6qdrlRE"],"_unit":["stueck"],"_unit_base":[""],"_unit_product":[""],"_unit_price_auto":["no"],"_unit_price_regular":[""],"_unit_price":[""],"_unit_price_sale":[""],"_sale_price_label":["alter-preis"],"_sale_price_regular_label":["neuer-preis"],"_mini_desc":["Louis Vuitton Viennois Monogram Canvas Geldb\u00f6rse"],"_defect_description":[""],"_allergen_ids":["a:0:{}"],"_warranty_attachment_id":[""],"_min_age":[""],"_ts_gtin":[""],"_ts_mpn":[""],"_delivery_time_countries":["a:0:{}"],"_free_shipping":["no"],"_service":["no"],"_photovoltaic_system":["no"],"_used_good":["yes"],"_defective_copy":["no"],"_is_food":["no"],"_differential_taxation":["no"],"_gzd_version":["3.20.7"],"_hs_code":[""],"_manufacture_country":[""],"_rank_math_gtin_code":[""],"_fusion_google_fonts":[""],"fusion_builder_status":["active"],"rank_math_primary_product_cat":["0"],"_wcml_custom_prices_status":["0"],"avada_post_views_count":["53"],"avada_today_post_views_count":["1"],"avada_post_views_count_today_date":["15-04-2023"],"_deposit_type":[""],"_nutrient_ids":["a:0:{}"],"_nutrient_reference_value":["100g"],"_ingredients":[""],"_nutri_score":[""],"_alcohol_content":[""],"_drained_weight":[""],"_net_filling_quantity":[""],"_food_distributor":[""],"_food_description":[""],"_food_place_of_origin":[""],"_deposit_quantity":[""],"yikes_woo_products_tabs":["a:2:{i:0;a:3:{s:5:\"title\";s:21:\"Weitere Informationen\";s:2:\"id\";s:21:\"weitere-informationen\";s:7:\"content\";s:288:\"<strong>Material au\u00dfen: <\/strong>Monogram Canvas\r\n<strong>Material innen: <\/strong>Braunes Rindsleder\r\n<strong>Ma\u00dfe: <\/strong>13 x 9 cm\r\n<strong>Date Code \/ Herstellungsjahr: <\/strong>MI0918 \/1998\r\n<strong>SKU: <\/strong>M61674\r\n<strong>Lieferumfang:<\/strong> I Love Handbags Staubbeutel\";}i:1;a:3:{s:5:\"title\";s:7:\"Zustand\";s:2:\"id\";s:7:\"zustand\";s:7:\"content\";s:2047:\"<div class=\"text-base my-auto mx-auto pb-10 [--thread-content-margin:--spacing(4)] thread-sm:[--thread-content-margin:--spacing(6)] thread-lg:[--thread-content-margin:--spacing(16)] px-(--thread-content-margin)\">\r\n<div class=\"[--thread-content-max-width:40rem] thread-lg:[--thread-content-max-width:48rem] mx-auto max-w-(--thread-content-max-width) flex-1 group\/turn-messages focus-visible:outline-hidden relative flex w-full min-w-0 flex-col agent-turn\" tabindex=\"-1\">\r\n<div class=\"flex max-w-full flex-col grow\">\r\n<div class=\"min-h-8 text-message relative flex w-full flex-col items-end gap-2 text-start break-words whitespace-normal [.text-message+&amp;]:mt-1\" dir=\"auto\" data-message-author-role=\"assistant\" data-message-id=\"8691f2d2-2cf2-4018-b0c1-a271d6b370d2\" data-message-model-slug=\"gpt-5\">\r\n<div class=\"flex w-full flex-col gap-1 empty:hidden first:pt-[1px]\">\r\n<div class=\"markdown prose dark:prose-invert w-full break-words light markdown-new-styling\">\r\n<p data-start=\"0\" data-end=\"454\" data-is-last-node=\"\" data-is-only-node=\"\"><strong data-start=\"173\" data-end=\"191\">Gesamtzustand:<\/strong> Akzeptabel<br data-start=\"202\" data-end=\"205\" \/><strong data-start=\"205\" data-end=\"216\">Canvas:<\/strong> Weitestgehend intakt. An Knickstellen und Ecken sind modelltypische Besch\u00e4digungen sowie deutliche Gebrauchsspuren vorhanden.<br data-start=\"342\" data-end=\"345\" \/><strong data-start=\"345\" data-end=\"369\">Br\u00fcnierung \/ Kanten:<\/strong> Leichte bis sichtbare Abnutzungen an Knickstellen, Ecken und Seiten. Die N\u00e4hte sind teilweise gel\u00f6st.<br data-start=\"484\" data-end=\"487\" data-is-only-node=\"\" \/><strong data-start=\"487\" data-end=\"502\">Druckknopf:<\/strong> Voll funktionsf\u00e4hig, mit alters- und nutzungsbedingten Gebrauchsspuren.<br data-start=\"574\" data-end=\"577\" \/><strong data-start=\"577\" data-end=\"601\">Verschluss Geldfach:<\/strong> Schlie\u00dft einwandfrei.<br data-start=\"623\" data-end=\"626\" \/><strong data-start=\"626\" data-end=\"640\">Innenraum:<\/strong> Gebrauchsspuren vorhanden.<\/p>\r\n\r\n<\/div>\r\n<\/div>\r\n<\/div>\r\n<\/div>\r\n<\/div>\r\n<\/div>\";}}"],"site-sidebar-layout":["default"],"site-content-layout":["default"],"theme-transparent-header-meta":["default"],"stick-header-meta":["default"],"_pys_conversion_label_settings":["a:3:{s:6:\"enable\";b:0;s:5:\"label\";s:0:\"\";s:2:\"id\";s:14:\"AW-11184563350\";}"],"_pys_super_pack_cpt_url":[""],"_pys_super_pack_cpt_condition":["only"],"_pys_super_pack_cpt_cart":["hidden"],"_woosea_brand":[""],"_woosea_mpn":[""],"_woosea_upc":[""],"_woosea_ean":[""],"_woosea_gtin":[""],"_woosea_color":[""],"_woosea_size":[""],"_woosea_gender":[""],"_woosea_material":[""],"_woosea_pattern":[""],"_woosea_optimized_title":[""],"_woosea_unit_pricing_measure":[""],"_woosea_unit_pricing_base_measure":[""],"_woosea_condition":[""],"_woosea_age_group":["adult"],"_woosea_installment_months":[""],"_woosea_installment_amount":[""],"_woosea_exclude_product":["no"],"_woosea_cost_of_good_sold":[""],"_woosea_multipack":[""],"_woosea_is_bundle":[""],"_woosea_energy_efficiency_class":[""],"_woosea_min_energy_efficiency_class":[""],"_woosea_max_energy_efficiency_class":[""],"_woosea_is_promotion":[""],"_woosea_custom_field_0":[""],"_woosea_custom_field_1":[""],"_woosea_custom_field_2":[""],"_woosea_custom_field_3":[""],"_woosea_custom_field_4":[""],"_pys_head_footer":["a:7:{s:14:\"disable_global\";b:0;s:8:\"head_any\";s:0:\"\";s:12:\"head_desktop\";s:0:\"\";s:11:\"head_mobile\";s:0:\"\";s:10:\"footer_any\";s:0:\"\";s:14:\"footer_desktop\";s:0:\"\";s:13:\"footer_mobile\";s:0:\"\";}"],"_customs_description":[""],"_is_non_returnable":["no"],"ast-site-content-layout":["default"],"site-content-style":["default"],"site-sidebar-style":["default"],"_wp_old_date":["2023-08-10","2026-01-28","2026-03-27"],"_wpml_media_has_media":["1"],"litespeed_vpi_list":["a:3:{i:0;s:8:\"logo.png\";i:1;s:6:\"de.png\";i:2;s:74:\"Louis-Vuitton-Viennois-Geldboerse-Vorderseite-2023-0300-scaled-500x500.jpg\";}"],"litespeed_vpi_list_mobile":["a:2:{i:0;s:8:\"logo.png\";i:1;s:74:\"Louis-Vuitton-Viennois-Geldboerse-Vorderseite-2023-0300-scaled-500x500.jpg\";}"],"_internal_date_code":["TH0031"],"_internal_product_origin":["Frankreich"],"rank_math_robots":["a:1:{i:0;s:5:\"index\";}"],"_product_shipping_weight":["1kg"],"_product_rating":["C"],"_not_in_inventory_checkbox":[""],"_manufacturer_slug":["lvmh-moet-hennessy-louis-vuitton-se"],"_safety_attachment_ids":["a:0:{}"],"_izettle_barcode":[""],"_izettle_nosync":[""],"_izettle_cost_price":[""],"_izettle_special_price":[""],"_izettle_product_name":[""],"_zettle_product_cat_id":[""],"_shipping_length":[""],"_shipping_width":[""],"_shipping_height":[""],"_custom_html_content":[""],"_izettle_image_lookup_key":["3kyncy1cEe-udXp3qLWasA-uHt605wtEe-xfGdtSemwtg"],"woocommerce_izettle_product_uuid":["89835b22-8f90-11ef-89af-353536383939"],"woocommerce_izettle_variant_uuid":["155d5264-8227-11ef-b7e2-353536383939"],"_izettle_updated":["1731546128"],"_customer_view":["5"],"_custom_view_last_updated":["2026-04-27 10:46:56"],"_wpml_post_translation_editor_native":["no"],"_nickx_video_text_url":["a:1:{i:0;s:0:\"\";}"],"_nickx_product_video_type":["a:1:{i:0;s:23:\"nickx_video_url_youtube\";}"],"_nickx_product_video_thumb_ids":["a:1:{i:0;s:0:\"\";}"],"_izettle_product_etag":["1B632735F451FD7A9F2DC1F66E1CE4E3"],"_product_available_from_field":["2026-03-27T19:00"],"similar_product_key":["1761739408"],"sib_push_meta_box_present":["1"],"sib_push_send_notification":["0"],"sib_push_send_notification_delay_seconds":["0"],"sib_push_target_segment_ids":["@ALL"],"_safety_instructions":[""],"_is_non_alcoholic":["no"],"_wireless_electronic_device":["no"],"_device_contains_power_supply":["no"],"_device_charging_supports_usb_pd":["no"],"_device_charging_watt_min":[""],"_device_charging_watt_max":[""],"_ship_separately_via":[""],"_product_reserve_till_field":[""],"rank_math_primary_product_brand":["1584"],"_ame_cpe_post_policy":["{\"accessProtection\":{\"active\":\"replace\"}}"],"_mid_code":[""],"_shipping_weight":[""],"_entrupy_echtheitszertifikat":["yes"],"rank_math_analytic_object_id":["2745"],"_custom_thumbnail":["a:1:{i:0;s:2:\"no\";}"],"_video_schema":["a:1:{i:0;s:2:\"no\";}"],"_nickx_video_upload_date":["a:1:{i:0;s:0:\"\";}"],"_nickx_video_name":["a:1:{i:0;s:0:\"\";}"],"_nickx_video_description":["a:1:{i:0;s:0:\"\";}"],"_edit_lock":["1774447572:4"],"_edit_last":["4"],"_wcml_average_rating":[null],"_wcml_review_count":[null],"_wcml_rating_count":[null],"astra-migrate-meta-layouts":["set"],"_uag_page_assets":["a:9:{s:3:\"css\";s:0:\"\";s:2:\"js\";s:0:\"\";s:18:\"current_block_list\";a:6:{i:0;s:26:\"woocommerce\/filter-wrapper\";i:1;s:24:\"woocommerce\/price-filter\";i:2;s:30:\"woocommerce\/product-categories\";i:3;s:14:\"core\/paragraph\";i:4;s:14:\"core\/shortcode\";i:5;s:11:\"core\/search\";}s:8:\"uag_flag\";b:0;s:11:\"uag_version\";s:10:\"1777326281\";s:6:\"gfonts\";a:0:{}s:10:\"gfonts_url\";s:0:\"\";s:12:\"gfonts_files\";a:0:{}s:14:\"uag_faq_layout\";b:0;}"],"_wc_rating_count":[""]},"uagb_featured_image_src":{"full":["https:\/\/truelangtest.ilovehandbags.com\/wp-content\/uploads\/sites\/3\/Louis-Vuitton-Viennois-0562-05-14.jpg",2016,1512,false],"thumbnail":["https:\/\/truelangtest.ilovehandbags.com\/wp-content\/uploads\/sites\/3\/Louis-Vuitton-Viennois-0562-05-14-150x150.jpg",150,150,true],"medium":["https:\/\/truelangtest.ilovehandbags.com\/wp-content\/uploads\/sites\/3\/Louis-Vuitton-Viennois-0562-05-14-300x300.jpg",300,300,true],"medium_large":["https:\/\/truelangtest.ilovehandbags.com\/wp-content\/uploads\/sites\/3\/Louis-Vuitton-Viennois-0562-05-14-768x768.jpg",768,768,true],"large":["https:\/\/truelangtest.ilovehandbags.com\/wp-content\/uploads\/sites\/3\/Louis-Vuitton-Viennois-0562-05-14-1024x1024.jpg",1024,1024,true],"1536x1536":["https:\/\/truelangtest.ilovehandbags.com\/wp-content\/uploads\/sites\/3\/Louis-Vuitton-Viennois-0562-05-14.jpg",1536,1152,false],"2048x2048":["https:\/\/truelangtest.ilovehandbags.com\/wp-content\/uploads\/sites\/3\/Louis-Vuitton-Viennois-0562-05-14.jpg",2016,1512,false],"woocommerce_thumbnail":["https:\/\/truelangtest.ilovehandbags.com\/wp-content\/uploads\/sites\/3\/Louis-Vuitton-Viennois-0562-05-14-500x500.jpg",500,500,true],"woocommerce_single":["https:\/\/truelangtest.ilovehandbags.com\/wp-content\/uploads\/sites\/3\/Louis-Vuitton-Viennois-0562-05-14-500x500.jpg",500,500,true],"woocommerce_gallery_thumbnail":["https:\/\/truelangtest.ilovehandbags.com\/wp-content\/uploads\/sites\/3\/Louis-Vuitton-Viennois-0562-05-14-100x100.jpg",100,100,true]},"uagb_author_info":{"display_name":"ILoveHandbags","author_link":"https:\/\/truelangtest.ilovehandbags.com\/de\/author\/"},"uagb_comment_info":0,"uagb_excerpt":"Die Louis Vuitton Viennois Geldb\u00f6rse ist ein zeitloser Klassiker, der Eleganz und Funktionalit\u00e4t auf charmante Weise vereint. Sie bietet ausreichend Platz f\u00fcr Karten, M\u00fcnzen und Geldscheine und \u00fcberzeugt durch ihre durchdachte, alltagstaugliche Aufteilung. Das ikonische Monogram-Canvas und die typische Louis-Vuitton-\u00c4sthetik machen dieses Modell zu einem stilvollen Begleiter mit Charakter. Aufgrund ihres Zustands eignet sich diese&hellip;","_links":{"self":[{"href":"https:\/\/truelangtest.ilovehandbags.com\/de\/wp-json\/wp\/v2\/product\/78233","targetHints":{"allow":["GET"]}}],"collection":[{"href":"https:\/\/truelangtest.ilovehandbags.com\/de\/wp-json\/wp\/v2\/product"}],"about":[{"href":"https:\/\/truelangtest.ilovehandbags.com\/de\/wp-json\/wp\/v2\/types\/product"}],"wp:featuredmedia":[{"embeddable":true,"href":"https:\/\/truelangtest.ilovehandbags.com\/de\/wp-json\/wp\/v2\/media\/78242"}],"wp:attachment":[{"href":"https:\/\/truelangtest.ilovehandbags.com\/de\/wp-json\/wp\/v2\/media?parent=78233"}],"wp:term":[{"taxonomy":"product_brand","embeddable":true,"href":"https:\/\/truelangtest.ilovehandbags.com\/de\/wp-json\/wp\/v2\/product_brand?post=78233"},{"taxonomy":"product_cat","embeddable":true,"href":"https:\/\/truelangtest.ilovehandbags.com\/de\/wp-json\/wp\/v2\/product_cat?post=78233"},{"taxonomy":"product_tag","embeddable":true,"href":"https:\/\/truelangtest.ilovehandbags.com\/de\/wp-json\/wp\/v2\/product_tag?post=78233"}],"curies":[{"name":"wp","href":"https:\/\/api.w.org\/{rel}","templated":true}]}}