{"id":78311,"date":"2026-03-23T10:00:31","date_gmt":"2026-03-23T09:00:31","guid":{"rendered":"https:\/\/ilovehandbags.com\/?post_type=product&#038;p=78311"},"modified":"2026-03-25T16:57:55","modified_gmt":"2026-03-25T15:57:55","slug":"taschenhalter-silberfarben","status":"publish","type":"product","link":"https:\/\/truelangtest.ilovehandbags.com\/de\/taschenhalter-silberfarben\/","title":{"rendered":"Taschenhalter f\u00fcr den Tisch \u2013 Silberfarben"},"content":{"rendered":"","protected":false},"excerpt":{"rendered":"<p data-start=\"66\" data-end=\"618\">Dieser elegante Taschenhalter ist die perfekte L\u00f6sung, um deine Handtasche stilvoll und hygienisch aufzubewahren. Ob im Caf\u00e9, Restaurant oder B\u00fcro \u2013 mit diesem praktischen Handtaschenhalter f\u00fcr den Tisch bleibt deine Tasche stets griffbereit und kommt nicht mit dem Boden in Ber\u00fchrung. Dank seines kompakten Designs l\u00e4sst sich der Taschenhaken m\u00fchelos in jeder Handtasche verstauen und ist jederzeit einsatzbereit. Die stabile Konstruktion sorgt f\u00fcr sicheren Halt, w\u00e4hrend die edle, silberfarbene Optik deinem Accessoire einen luxuri\u00f6sen Look verleiht.<\/p>\n<p data-start=\"620\" data-end=\"889\">Ein besonderes Highlight: Der Taschenhalter verf\u00fcgt \u00fcber einen abnehmbaren Ring, sodass du ihn auch als stilvollen Taschenanh\u00e4nger verwenden kannst. Ein praktisches Must-have f\u00fcr alle, die ihre Designer-Handtaschen sch\u00fctzen und gleichzeitig stilvoll erg\u00e4nzen m\u00f6chten.<\/p>\n<p data-start=\"891\" data-end=\"928\"><strong data-start=\"891\" data-end=\"926\">Auch in <a href=\"https:\/\/ilovehandbags.com\/excelsior\/de\/taschenhalter-goldfarben\/\">Goldoptik<\/a> erh\u00e4ltlich.<\/strong><\/p>\n<p data-start=\"896\" data-end=\"927\"><strong><br \/>\nOptional personalisierbar: <\/strong>Auf Wunsch kann der Taschenhalter individuell graviert werden. Mit dem Code <strong data-start=\"1008\" data-end=\"1029\">\u201eI Love Handbags\u201c<\/strong> ist die Personalisierung kostenfrei.<!--more--><\/p>\n<p>&nbsp;<\/p>\n<p><em><strong>*Transparenzhinweis:<\/strong> Bei diesem Artikel handelt es sich um ein Affiliate-Produkt. Wenn du \u00fcber diesen Link kaufst, erhalten wir von unserem Partner eine kleine Provision (Affiliate-Link). Der Kaufpreis bleibt f\u00fcr dich identisch. Vertrag, Zahlung und Versand erfolgen direkt \u00fcber Luxury Planet.<\/em><\/p>\n<p style=\"text-align: center;\" data-start=\"1152\" data-end=\"1225\" data-is-last-node=\"\" data-is-only-node=\"\">\n","protected":false},"featured_media":78312,"template":"","meta":{"_uag_custom_page_level_css":"","site-sidebar-layout":"default","site-content-layout":"","ast-site-content-layout":"default","site-content-style":"default","site-sidebar-style":"default","ast-global-header-display":"","ast-banner-title-visibility":"","ast-main-header-display":"","ast-hfb-above-header-display":"","ast-hfb-below-header-display":"","ast-hfb-mobile-header-display":"","site-post-title":"","ast-breadcrumbs-content":"","ast-featured-img":"","footer-sml-layout":"","ast-disable-related-posts":"","theme-transparent-header-meta":"default","adv-header-id-meta":"","stick-header-meta":"default","header-above-stick-meta":"","header-main-stick-meta":"","header-below-stick-meta":"","astra-migrate-meta-layouts":"set","ast-page-background-enabled":"default","ast-page-background-meta":{"desktop":{"background-color":"var(--ast-global-color-4)","background-image":"","background-repeat":"repeat","background-position":"center center","background-size":"auto","background-attachment":"scroll","background-type":"","background-media":"","overlay-type":"","overlay-color":"","overlay-opacity":"","overlay-gradient":""},"tablet":{"background-color":"","background-image":"","background-repeat":"repeat","background-position":"center center","background-size":"auto","background-attachment":"scroll","background-type":"","background-media":"","overlay-type":"","overlay-color":"","overlay-opacity":"","overlay-gradient":""},"mobile":{"background-color":"","background-image":"","background-repeat":"repeat","background-position":"center center","background-size":"auto","background-attachment":"scroll","background-type":"","background-media":"","overlay-type":"","overlay-color":"","overlay-opacity":"","overlay-gradient":""}},"ast-content-background-meta":{"desktop":{"background-color":"var(--ast-global-color-5)","background-image":"","background-repeat":"repeat","background-position":"center center","background-size":"auto","background-attachment":"scroll","background-type":"","background-media":"","overlay-type":"","overlay-color":"","overlay-opacity":"","overlay-gradient":""},"tablet":{"background-color":"var(--ast-global-color-5)","background-image":"","background-repeat":"repeat","background-position":"center center","background-size":"auto","background-attachment":"scroll","background-type":"","background-media":"","overlay-type":"","overlay-color":"","overlay-opacity":"","overlay-gradient":""},"mobile":{"background-color":"var(--ast-global-color-5)","background-image":"","background-repeat":"repeat","background-position":"center center","background-size":"auto","background-attachment":"scroll","background-type":"","background-media":"","overlay-type":"","overlay-color":"","overlay-opacity":"","overlay-gradient":""}},"_glsr_average":0,"_glsr_ranking":0,"_glsr_reviews":0},"product_brand":[2204],"product_cat":[516,2205,206],"product_tag":[2120,2119,2117,2118],"class_list":{"0":"post-78311","1":"product","2":"type-product","3":"status-publish","4":"has-post-thumbnail","6":"product_brand-luxury-planet","7":"product_cat-neu-im-shop","8":"product_cat-taschenhalter","9":"product_cat-zubehoer","10":"product_tag-luxury-planet","11":"product_tag-taschenhaken","12":"product_tag-taschenhalter","13":"product_tag-taschenhalter-tisch","14":"desktop-align-left","15":"tablet-align-left","16":"mobile-align-left","17":"ast-product-gallery-layout-first-image-large","18":"ast-magnify-disabled","19":"ast-product-tabs-layout-accordion","21":"first","22":"instock","23":"taxable","24":"shipping-taxable","25":"product-type-external"},"spectra_custom_meta":{"rank_math_internal_links_processed":["1","1"],"copied_media_ids":["a:0:{}","a:0:{}"],"referenced_media_ids":["a:3:{i:0;i:78312;i:1;i:78313;i:2;i:78314;}","a:3:{i:0;i:78312;i:1;i:78313;i:2;i:78314;}"],"_sku":["LP-THS"],"_regular_price":["269"],"total_sales":["0"],"_tax_status":["taxable"],"_tax_class":[""],"_manage_stock":["no"],"_backorders":["no"],"_sold_individually":["no"],"_virtual":["no"],"_downloadable":["no"],"_product_image_gallery":["78313,78314"],"_download_limit":["-1"],"_download_expiry":["-1"],"_thumbnail_id":["78312"],"_stock":[null],"_stock_status":["instock"],"_wc_average_rating":[0],"_wc_review_count":["0"],"_product_url":["https:\/\/shop.luxury-planet.de\/products\/taschenhalter-tisch-silberfarben?bg_ref=KdWhuFJ0bq"],"_button_text":["Jetzt bei Luxury Planet kaufen*"],"_product_version":["10.6.1"],"_price":["269"],"rank_math_seo_score":["84"],"rank_math_focus_keyword":["taschenhalter,tischhaken f\u00fcr handtaschen,Bag Hook,taschenhalter tisch"],"sib_push_meta_box_present":["1"],"sib_push_send_notification":["0"],"sib_push_send_notification_delay_seconds":["0"],"sib_push_target_segment_ids":["@ALL"],"_woosea_brand":["Luxury Planet"],"_woosea_mpn":[""],"_woosea_upc":[""],"_woosea_ean":[""],"_woosea_gtin":[""],"_woosea_color":[""],"_woosea_size":[""],"_woosea_gender":[""],"_woosea_material":[""],"_woosea_pattern":[""],"_woosea_optimized_title":[""],"_woosea_unit_pricing_measure":[""],"_woosea_unit_pricing_base_measure":[""],"_woosea_condition":["new"],"_woosea_age_group":["adult"],"_woosea_installment_months":[""],"_woosea_installment_amount":[""],"_woosea_exclude_product":["no"],"_woosea_cost_of_good_sold":[""],"_woosea_multipack":[""],"_woosea_is_bundle":[""],"_woosea_energy_efficiency_class":[""],"_woosea_min_energy_efficiency_class":[""],"_woosea_max_energy_efficiency_class":[""],"_woosea_is_promotion":[""],"_woosea_custom_field_0":[""],"_woosea_custom_field_1":[""],"_woosea_custom_field_2":[""],"_woosea_custom_field_3":[""],"_woosea_custom_field_4":[""],"_internal_warehouse_number_field":["LP-THG"],"_gdrive_field":[""],"_internal_date_code":[""],"_internal_product_origin":[""],"yikes_woo_products_tabs":["a:2:{i:0;a:3:{s:5:\"title\";s:21:\"Weitere Informationen\";s:2:\"id\";s:21:\"weitere-informationen\";s:7:\"content\";s:982:\"<strong data-start=\"247\" data-end=\"260\">Material:<\/strong> Hochwertige Metalllegierung mit stabilem Edelstahlkern und langlebiger, widerstandsf\u00e4higer Beschichtung\r\n<strong>Farbe:<\/strong> Silberfarben<br data-start=\"357\" data-end=\"360\" \/><strong data-start=\"360\" data-end=\"378\">Belastbarkeit:<\/strong> Traglast bis zu 30 kg<br data-start=\"400\" data-end=\"403\" \/><strong data-start=\"403\" data-end=\"419\">Ausstattung:<\/strong> Integriertes Anti-Rutsch-Pad f\u00fcr sicheren Halt am Tischrand\r\n<strong>Ma\u00dfe des Taschenhalter ohne Ring: <\/strong>ca. 10,5 x 6 cm<br data-start=\"479\" data-end=\"482\" \/><strong data-start=\"482\" data-end=\"500\">Eigenschaften:<\/strong> Farbecht verarbeitet und auf eine langlebige Nutzung ausgelegt<br data-start=\"341\" data-end=\"344\" data-is-only-node=\"\" \/><strong data-start=\"54\" data-end=\"75\">Personalisierung:<\/strong> Optional gravierbar. Mit dem Code <strong data-start=\"167\" data-end=\"188\">\u201eI Love Handbags\u201c<\/strong> ist die Personalisierung kostenfrei.\";}i:1;a:3:{s:5:\"title\";s:19:\"Sicherheitshinweise\";s:2:\"id\";s:19:\"sicherheitshinweise\";s:7:\"content\";s:289:\"<ul>\r\n \t<li data-start=\"798\" data-end=\"848\">Maximale Traglast von 30 kg nicht \u00fcberschreiten.<\/li>\r\n \t<li data-start=\"798\" data-end=\"848\">Nur auf stabilen, geeigneten Oberfl\u00e4chen verwenden.<\/li>\r\n \t<li data-start=\"798\" data-end=\"848\">Kein Spielzeug \u2013 von Kindern fernhalten.<\/li>\r\n<\/ul>\";}}"],"_unit":[""],"_unit_base":[""],"_unit_product":[""],"_unit_price_auto":["no"],"_unit_price_regular":[""],"_unit_price":[""],"_unit_price_sale":[""],"_sale_price_label":[""],"_sale_price_regular_label":[""],"_manufacturer_slug":["luxury-planet-ug"],"_mini_desc":["Taschenhalter f\u00fcr den Tisch \u2013 Silberfarben, personalisierbar"],"_defect_description":[""],"_safety_instructions":["<ul>\r\n \t<li data-start=\"798\" data-end=\"848\">Maximale Traglast von 30 kg nicht \u00fcberschreiten.<\/li>\r\n \t<li data-start=\"798\" data-end=\"848\">Nur auf stabilen, geeigneten Oberfl\u00e4chen verwenden.<\/li>\r\n \t<li data-start=\"798\" data-end=\"848\">Kein Spielzeug \u2013 von Kindern fernhalten.<\/li>\r\n<\/ul>"],"_allergen_ids":["a:0:{}"],"_is_non_alcoholic":["no"],"_warranty_attachment_id":[""],"_safety_attachment_ids":["a:0:{}"],"_min_age":[""],"_ts_gtin":[""],"_ts_mpn":[""],"_delivery_time_countries":["a:0:{}"],"_free_shipping":["no"],"_service":["no"],"_photovoltaic_system":["no"],"_used_good":["no"],"_defective_copy":["no"],"_wireless_electronic_device":["no"],"_device_contains_power_supply":["no"],"_device_charging_supports_usb_pd":["no"],"_device_charging_watt_min":[""],"_device_charging_watt_max":[""],"_is_food":["no"],"_differential_taxation":["no"],"_gzd_version":["3.20.7"],"_hs_code":[""],"_mid_code":[""],"_customs_description":[""],"_manufacture_country":[""],"_is_non_returnable":["no"],"_ship_separately_via":[""],"_shipping_weight":[""],"_shipping_length":[""],"_shipping_width":[""],"_shipping_height":[""],"_nickx_video_text_url":["a:1:{i:0;s:0:\"\";}"],"_nickx_product_video_type":["a:1:{i:0;s:23:\"nickx_video_url_youtube\";}"],"_nickx_product_video_thumb_ids":["a:1:{i:0;s:0:\"\";}"],"_custom_html_content":[""],"_ame_cpe_post_policy":["{\"accessProtection\":{\"active\":\"replace\"}}"],"site-sidebar-layout":["default"],"ast-site-content-layout":["default"],"site-content-style":["default"],"site-sidebar-style":["default"],"theme-transparent-header-meta":["default"],"stick-header-meta":["default"],"_wpml_word_count":["241"],"_wpml_location_migration_done":["1"],"_customer_view":["2"],"_custom_view_last_updated":["2026-04-24 06:11:48"],"_product_rating":[""],"_product_shipping_weight":["1kg"],"_purchase_price_field":[""],"_not_in_inventory_checkbox":[""],"_entrupy_echtheitszertifikat":[""],"_product_available_from_field":[""],"_product_reserve_till_field":[""],"similar_product_key":["1771085097"],"_custom_thumbnail":["a:1:{i:0;s:2:\"no\";}"],"_video_schema":["a:1:{i:0;s:2:\"no\";}"],"_nickx_video_upload_date":["a:1:{i:0;s:0:\"\";}"],"_nickx_video_name":["a:1:{i:0;s:0:\"\";}"],"_nickx_video_description":["a:1:{i:0;s:0:\"\";}"],"_wp_old_date":["2027-02-14","2026-03-25"],"_wpml_media_has_media":["1"],"rank_math_analytic_object_id":["2750"],"litespeed_vpi_list":["a:2:{i:0;s:8:\"logo.png\";i:1;s:52:\"TaschenhalterfuerdenTisch-gold-Photoroom-500x500.jpg\";}"],"litespeed_vpi_list_mobile":["a:5:{i:0;s:8:\"logo.png\";i:1;s:52:\"TaschenhalterfuerdenTisch-gold-Photoroom-500x500.jpg\";i:2;s:52:\"TaschenhalterfuerdenTisch-gold-Photoroom-300x300.jpg\";i:3;s:30:\"IMG_1728-Photoroom-300x300.jpg\";i:4;s:30:\"Taschenhalter-Cafe-300x300.jpg\";}"],"_wpml_post_translation_editor_native":["no"],"_edit_lock":["1774454222:4"],"_edit_last":["4"],"_wcml_average_rating":[null],"_wcml_review_count":[null],"_wcml_rating_count":[null],"astra-migrate-meta-layouts":["set"],"_uag_page_assets":["a:9:{s:3:\"css\";s:0:\"\";s:2:\"js\";s:0:\"\";s:18:\"current_block_list\";a:6:{i:0;s:26:\"woocommerce\/filter-wrapper\";i:1;s:24:\"woocommerce\/price-filter\";i:2;s:30:\"woocommerce\/product-categories\";i:3;s:14:\"core\/paragraph\";i:4;s:14:\"core\/shortcode\";i:5;s:11:\"core\/search\";}s:8:\"uag_flag\";b:0;s:11:\"uag_version\";s:10:\"1777326277\";s:6:\"gfonts\";a:0:{}s:10:\"gfonts_url\";s:0:\"\";s:12:\"gfonts_files\";a:0:{}s:14:\"uag_faq_layout\";b:0;}"],"_wc_rating_count":[""]},"uagb_featured_image_src":{"full":["https:\/\/truelangtest.ilovehandbags.com\/wp-content\/uploads\/sites\/3\/TaschenhalterfuerdenTisch-silber.jpg",1024,1024,false],"thumbnail":["https:\/\/truelangtest.ilovehandbags.com\/wp-content\/uploads\/sites\/3\/TaschenhalterfuerdenTisch-silber-150x150.jpg",150,150,true],"medium":["https:\/\/truelangtest.ilovehandbags.com\/wp-content\/uploads\/sites\/3\/TaschenhalterfuerdenTisch-silber-300x300.jpg",300,300,true],"medium_large":["https:\/\/truelangtest.ilovehandbags.com\/wp-content\/uploads\/sites\/3\/TaschenhalterfuerdenTisch-silber-768x768.jpg",768,768,true],"large":["https:\/\/truelangtest.ilovehandbags.com\/wp-content\/uploads\/sites\/3\/TaschenhalterfuerdenTisch-silber-1024x1024.jpg",1024,1024,true],"1536x1536":["https:\/\/truelangtest.ilovehandbags.com\/wp-content\/uploads\/sites\/3\/TaschenhalterfuerdenTisch-silber.jpg",1024,1024,false],"2048x2048":["https:\/\/truelangtest.ilovehandbags.com\/wp-content\/uploads\/sites\/3\/TaschenhalterfuerdenTisch-silber.jpg",1024,1024,false],"woocommerce_thumbnail":["https:\/\/truelangtest.ilovehandbags.com\/wp-content\/uploads\/sites\/3\/TaschenhalterfuerdenTisch-silber-500x500.jpg",500,500,true],"woocommerce_single":["https:\/\/truelangtest.ilovehandbags.com\/wp-content\/uploads\/sites\/3\/TaschenhalterfuerdenTisch-silber-500x500.jpg",500,500,true],"woocommerce_gallery_thumbnail":["https:\/\/truelangtest.ilovehandbags.com\/wp-content\/uploads\/sites\/3\/TaschenhalterfuerdenTisch-silber-100x100.jpg",100,100,true]},"uagb_author_info":{"display_name":"ILoveHandbags","author_link":"https:\/\/truelangtest.ilovehandbags.com\/de\/author\/"},"uagb_comment_info":0,"uagb_excerpt":"Dieser elegante Taschenhalter ist die perfekte L\u00f6sung, um deine Handtasche stilvoll und hygienisch aufzubewahren. Ob im Caf\u00e9, Restaurant oder B\u00fcro \u2013 mit diesem praktischen Handtaschenhalter f\u00fcr den Tisch bleibt deine Tasche stets griffbereit und kommt nicht mit dem Boden in Ber\u00fchrung. Dank seines kompakten Designs l\u00e4sst sich der Taschenhaken m\u00fchelos in jeder Handtasche verstauen und&hellip;","_links":{"self":[{"href":"https:\/\/truelangtest.ilovehandbags.com\/de\/wp-json\/wp\/v2\/product\/78311","targetHints":{"allow":["GET"]}}],"collection":[{"href":"https:\/\/truelangtest.ilovehandbags.com\/de\/wp-json\/wp\/v2\/product"}],"about":[{"href":"https:\/\/truelangtest.ilovehandbags.com\/de\/wp-json\/wp\/v2\/types\/product"}],"wp:featuredmedia":[{"embeddable":true,"href":"https:\/\/truelangtest.ilovehandbags.com\/de\/wp-json\/wp\/v2\/media\/78312"}],"wp:attachment":[{"href":"https:\/\/truelangtest.ilovehandbags.com\/de\/wp-json\/wp\/v2\/media?parent=78311"}],"wp:term":[{"taxonomy":"product_brand","embeddable":true,"href":"https:\/\/truelangtest.ilovehandbags.com\/de\/wp-json\/wp\/v2\/product_brand?post=78311"},{"taxonomy":"product_cat","embeddable":true,"href":"https:\/\/truelangtest.ilovehandbags.com\/de\/wp-json\/wp\/v2\/product_cat?post=78311"},{"taxonomy":"product_tag","embeddable":true,"href":"https:\/\/truelangtest.ilovehandbags.com\/de\/wp-json\/wp\/v2\/product_tag?post=78311"}],"curies":[{"name":"wp","href":"https:\/\/api.w.org\/{rel}","templated":true}]}}