{"id":78613,"date":"2026-03-31T11:58:39","date_gmt":"2026-03-31T09:58:39","guid":{"rendered":"https:\/\/ilovehandbags.com\/?post_type=product&#038;p=78613"},"modified":"2026-04-21T12:21:31","modified_gmt":"2026-04-21T10:21:31","slug":"celine-vintage-doctors-bag-1210","status":"publish","type":"product","link":"https:\/\/truelangtest.ilovehandbags.com\/de\/celine-vintage-doctors-bag-1210\/","title":{"rendered":"Celine Vintage Doctors Bag"},"content":{"rendered":"","protected":false},"excerpt":{"rendered":"<p data-start=\"107\" data-end=\"358\">Die Celine Vintage Doctors Bag \u00fcberzeugt durch ihre klassische, strukturierte Form und ihren unverkennbaren Vintage-Charakter. Inspiriert von traditionellen Arzttaschen, steht dieses Modell f\u00fcr zeitlose Eleganz und eine klare, stilvolle Linienf\u00fchrung. Gefertigt aus beigefarbenem Canvas mit cognacfarbenen Lederdetails und goldfarbener Hardware, wirkt die Tasche zugleich warm, hochwertig und vielseitig kombinierbar. Das charakteristische Muster sowie die kontrastierenden Lederakzente unterstreichen den ikonischen Celine-Look vergangener Kollektionen. Die stabile Konstruktion sorgt f\u00fcr einen sch\u00f6nen Stand und verleiht der Tasche ihre elegante Pr\u00e4senz. Der \u00dcberschlag rundet das Design nicht nur optisch ab, sondern bietet gleichzeitig zus\u00e4tzliche Sicherheit. Der Tragegriff liegt angenehm in der Hand, w\u00e4hrend der abnehmbare Schulterriemen auch ein komfortables Tragen \u00fcber der Schulter erm\u00f6glicht. Im Inneren bietet die Tasche ausreichend Platz f\u00fcr die wichtigsten Essentials. Durch ihre durchdachte Gr\u00f6\u00dfe und die stabile Form eignet sich die Tasche ideal f\u00fcr den t\u00e4glichen Gebrauch sowie als stilvoller Begleiter auf Reisen. Als echtes Vintage-St\u00fcck verbindet diese Doctors Bag klassische Handwerkskunst mit einem besonderen Charakter \u2013 ein zeitloser Begleiter f\u00fcr alle, die stilvolle Designs mit Geschichte sch\u00e4tzen.<\/p>\n","protected":false},"featured_media":78669,"template":"","meta":{"_uag_custom_page_level_css":"","site-sidebar-layout":"default","site-content-layout":"default","ast-site-content-layout":"default","site-content-style":"default","site-sidebar-style":"default","ast-global-header-display":"","ast-banner-title-visibility":"","ast-main-header-display":"","ast-hfb-above-header-display":"","ast-hfb-below-header-display":"","ast-hfb-mobile-header-display":"","site-post-title":"","ast-breadcrumbs-content":"","ast-featured-img":"","footer-sml-layout":"","ast-disable-related-posts":"","theme-transparent-header-meta":"default","adv-header-id-meta":"","stick-header-meta":"default","header-above-stick-meta":"","header-main-stick-meta":"","header-below-stick-meta":"","astra-migrate-meta-layouts":"set","ast-page-background-enabled":"default","ast-page-background-meta":{"desktop":{"background-color":"var(--ast-global-color-4)","background-image":"","background-repeat":"repeat","background-position":"center center","background-size":"auto","background-attachment":"scroll","background-type":"","background-media":"","overlay-type":"","overlay-color":"","overlay-opacity":"","overlay-gradient":""},"tablet":{"background-color":"","background-image":"","background-repeat":"repeat","background-position":"center center","background-size":"auto","background-attachment":"scroll","background-type":"","background-media":"","overlay-type":"","overlay-color":"","overlay-opacity":"","overlay-gradient":""},"mobile":{"background-color":"","background-image":"","background-repeat":"repeat","background-position":"center center","background-size":"auto","background-attachment":"scroll","background-type":"","background-media":"","overlay-type":"","overlay-color":"","overlay-opacity":"","overlay-gradient":""}},"ast-content-background-meta":{"desktop":{"background-color":"var(--ast-global-color-5)","background-image":"","background-repeat":"repeat","background-position":"center center","background-size":"auto","background-attachment":"scroll","background-type":"","background-media":"","overlay-type":"","overlay-color":"","overlay-opacity":"","overlay-gradient":""},"tablet":{"background-color":"var(--ast-global-color-5)","background-image":"","background-repeat":"repeat","background-position":"center center","background-size":"auto","background-attachment":"scroll","background-type":"","background-media":"","overlay-type":"","overlay-color":"","overlay-opacity":"","overlay-gradient":""},"mobile":{"background-color":"var(--ast-global-color-5)","background-image":"","background-repeat":"repeat","background-position":"center center","background-size":"auto","background-attachment":"scroll","background-type":"","background-media":"","overlay-type":"","overlay-color":"","overlay-opacity":"","overlay-gradient":""}},"_glsr_average":0,"_glsr_ranking":0,"_glsr_reviews":0},"product_brand":[1585],"product_cat":[1326,208,447,205,204,451],"product_tag":[1358,2216],"class_list":{"0":"post-78613","1":"product","2":"type-product","3":"status-publish","4":"has-post-thumbnail","6":"product_brand-celine","7":"product_cat-celine","8":"product_cat-handtaschen","9":"product_cat-sale","10":"product_cat-tragetaschen","11":"product_cat-umhaengetaschen","12":"product_cat-vintage","13":"product_tag-celine","14":"product_tag-celine-doctors-bag","15":"desktop-align-left","16":"tablet-align-left","17":"mobile-align-left","18":"ast-product-gallery-layout-first-image-large","19":"ast-magnify-disabled","20":"ast-product-tabs-layout-accordion","22":"first","23":"instock","24":"sale","25":"sold-individually","26":"purchasable","27":"product-type-simple"},"spectra_custom_meta":{"rank_math_internal_links_processed":["1","1"],"copied_media_ids":["a:0:{}","a:0:{}","a:0:{}"],"referenced_media_ids":["a:19:{i:0;i:78669;i:1;i:78677;i:2;i:78665;i:3;i:78657;i:4;i:78661;i:5;i:78660;i:6;i:78659;i:7;i:78671;i:8;i:78675;i:9;i:78664;i:10;i:78676;i:11;i:78672;i:12;i:78668;i:13;i:78674;i:14;i:78670;i:15;i:78666;i:16;i:78673;i:17;i:78667;i:18;i:78662;}","a:19:{i:0;i:78669;i:1;i:78677;i:2;i:78665;i:3;i:78657;i:4;i:78661;i:5;i:78660;i:6;i:78659;i:7;i:78671;i:8;i:78675;i:9;i:78664;i:10;i:78676;i:11;i:78672;i:12;i:78668;i:13;i:78674;i:14;i:78670;i:15;i:78666;i:16;i:78673;i:17;i:78667;i:18;i:78662;}","a:19:{i:0;i:78669;i:1;i:78677;i:2;i:78665;i:3;i:78657;i:4;i:78661;i:5;i:78660;i:6;i:78659;i:7;i:78671;i:8;i:78675;i:9;i:78664;i:10;i:78676;i:11;i:78672;i:12;i:78668;i:13;i:78674;i:14;i:78670;i:15;i:78666;i:16;i:78673;i:17;i:78667;i:18;i:78662;}"],"_regular_price":["230"],"total_sales":["0"],"_tax_status":["none"],"_tax_class":[""],"_manage_stock":["yes"],"_backorders":["no"],"_sold_individually":["yes"],"_crosssell_ids":["a:2:{i:0;i:22909;i:1;i:23112;}"],"_virtual":["no"],"_downloadable":["no"],"_product_image_gallery":["78677,78665,78657,78661,78660,78659,78671,78675,78664,78676,78672,78668,78674,78670,78666,78673,78667,78662"],"_download_limit":["-1"],"_download_expiry":["-1"],"_thumbnail_id":["78669"],"_stock":["1"],"_stock_status":["instock"],"_wc_average_rating":[0],"_wc_review_count":["0"],"_product_attributes":["a:3:{s:8:\"pa_brand\";a:7:{s:4:\"name\";s:8:\"pa_brand\";s:5:\"value\";s:0:\"\";s:8:\"position\";i:1;s:10:\"is_visible\";i:0;s:12:\"is_variation\";i:1;s:11:\"is_taxonomy\";i:1;s:16:\"checkout_visible\";i:0;}s:8:\"pa_color\";a:7:{s:4:\"name\";s:8:\"pa_color\";s:5:\"value\";s:0:\"\";s:8:\"position\";i:2;s:10:\"is_visible\";i:0;s:12:\"is_variation\";i:1;s:11:\"is_taxonomy\";i:1;s:16:\"checkout_visible\";i:0;}s:9:\"pa_gender\";a:7:{s:4:\"name\";s:9:\"pa_gender\";s:5:\"value\";s:0:\"\";s:8:\"position\";i:3;s:10:\"is_visible\";i:0;s:12:\"is_variation\";i:1;s:11:\"is_taxonomy\";i:1;s:16:\"checkout_visible\";i:0;}}"],"_product_version":["10.7.0"],"_price":["190"],"_wpml_media_featured":["1","1","1","1","1","1","1","1","1"],"_wpml_media_duplicate":["1","1","1","1","1","1","1","1","1"],"_wpml_word_count":["240"],"_wpml_location_migration_done":["1"],"_fusion":["a:3:{s:17:\"slider_visibility\";s:51:\"small-visibility,medium-visibility,large-visibility\";s:11:\"slider_type\";s:2:\"no\";s:9:\"wooslider\";s:1:\"0\";}"],"rank_math_seo_score":["83"],"rank_math_focus_keyword":["c\u00e9line"],"_purchase_price_field":["130"],"_internal_warehouse_number_field":["P6-1210"],"_unit":[""],"_unit_base":[""],"_unit_product":[""],"_unit_price_auto":["no"],"_unit_price_regular":[""],"_unit_price":[""],"_unit_price_sale":[""],"_sale_price_label":[""],"_sale_price_regular_label":[""],"_mini_desc":["Celine Vintage Doctors Bag"],"_defect_description":[""],"_allergen_ids":["a:0:{}"],"_warranty_attachment_id":[""],"_min_age":[""],"_ts_gtin":[""],"_ts_mpn":[""],"_delivery_time_countries":["a:0:{}"],"_free_shipping":["no"],"_service":["no"],"_photovoltaic_system":["no"],"_used_good":["yes"],"_defective_copy":["no"],"_is_food":["no"],"_differential_taxation":["yes"],"_gzd_version":["4.0.3"],"_hs_code":[""],"_manufacture_country":[""],"_rank_math_gtin_code":[""],"_fusion_google_fonts":[""],"fusion_builder_status":["active"],"rank_math_primary_product_cat":["0"],"_wcml_custom_prices_status":["1"],"avada_post_views_count":["25"],"avada_today_post_views_count":["1"],"avada_post_views_count_today_date":["16-04-2023"],"_sale_price_dates_to_USD":[""],"_sale_price_dates_from_USD":[""],"_sale_price_USD":[""],"_regular_price_USD":[""],"_wcml_schedule_USD":["0"],"_deposit_type":[""],"_nutrient_ids":["a:0:{}"],"_nutrient_reference_value":["100g"],"_ingredients":[""],"_nutri_score":[""],"_alcohol_content":[""],"_drained_weight":[""],"_net_filling_quantity":[""],"_food_distributor":[""],"_food_description":[""],"_food_place_of_origin":[""],"_deposit_quantity":[""],"yikes_woo_products_tabs":["a:2:{i:0;a:3:{s:5:\"title\";s:21:\"Weitere Informationen\";s:2:\"id\";s:21:\"weitere-informationen\";s:7:\"content\";s:390:\"<strong>Material au\u00dfen: <\/strong>Beschichtetes Macadam Canvas mit goldfarbenen Beschl\u00e4gen und Lederbes\u00e4tzen aus Rindsleder\r\n<strong>Material innen:<\/strong> Beiges Leder\r\n<strong>Ma\u00dfe: <\/strong>(B) 35 x (H) 22 x (T) 14 cm\r\n<strong>Ma\u00dfe Schulterriemen: <\/strong>(L) 110 cm x (B) 2,5 cm\r\n<strong>Code:<\/strong>\u00a0 DM93\r\n<strong>Lieferumfang:<\/strong> I Love Handbags Staubbeutel\r\n\r\n&nbsp;\";}i:1;a:3:{s:5:\"title\";s:7:\"Zustand\";s:2:\"id\";s:7:\"zustand\";s:7:\"content\";s:883:\"<strong data-start=\"178\" data-end=\"196\">Gesamtzustand:<\/strong> Gut<br data-start=\"200\" data-end=\"203\" \/><strong data-start=\"203\" data-end=\"214\">Canvas:<\/strong> Intakt, vereinzelt mit leichten Gebrauchsspuren, Abrieb an den Ecken vorhanden<br data-start=\"293\" data-end=\"296\" \/><strong data-start=\"296\" data-end=\"306\">Leder:<\/strong> Vereinzelt mit Flecken, Kratzern und Abreibungen; die seitlichen Laschen mit D-Ring wurden fachm\u00e4nnisch repariert, an der Lederklappe sind innen leichte oberfl\u00e4chige Risse<br data-start=\"424\" data-end=\"427\" \/><strong data-start=\"427\" data-end=\"446\">Verschluss:<\/strong> Schlie\u00dft gut<br data-start=\"463\" data-end=\"466\" \/><strong data-start=\"466\" data-end=\"479\" data-is-only-node=\"\">Hardware:<\/strong> Oxidiert, mit Gebrauchsspuren<br data-start=\"509\" data-end=\"512\" \/><strong data-start=\"512\" data-end=\"526\">Innenraum:<\/strong> Sauber und gepflegt\";}}"],"site-sidebar-layout":["default"],"site-content-layout":["default"],"theme-transparent-header-meta":["default"],"stick-header-meta":["default"],"rank_math_auto_redirect":["a:1:{i:0;i:8;}"],"_pys_conversion_label_settings":["a:3:{s:6:\"enable\";b:0;s:5:\"label\";s:0:\"\";s:2:\"id\";s:14:\"AW-11184563350\";}"],"_pys_super_pack_cpt_url":[""],"_pys_super_pack_cpt_condition":["only"],"_pys_super_pack_cpt_cart":["hidden"],"_woosea_brand":[""],"_woosea_mpn":[""],"_woosea_upc":[""],"_woosea_ean":[""],"_woosea_gtin":[""],"_woosea_color":[""],"_woosea_size":[""],"_woosea_gender":[""],"_woosea_material":[""],"_woosea_pattern":[""],"_woosea_optimized_title":[""],"_woosea_unit_pricing_measure":[""],"_woosea_unit_pricing_base_measure":[""],"_woosea_condition":[""],"_woosea_age_group":["adult"],"_woosea_installment_months":[""],"_woosea_installment_amount":[""],"_woosea_exclude_product":["no"],"_woosea_cost_of_good_sold":[""],"_woosea_multipack":[""],"_woosea_is_bundle":[""],"_woosea_energy_efficiency_class":[""],"_woosea_min_energy_efficiency_class":[""],"_woosea_max_energy_efficiency_class":[""],"_woosea_is_promotion":[""],"_woosea_custom_field_0":[""],"_woosea_custom_field_1":[""],"_woosea_custom_field_2":[""],"_woosea_custom_field_3":[""],"_woosea_custom_field_4":[""],"_pys_head_footer":["a:7:{s:14:\"disable_global\";b:0;s:8:\"head_any\";s:0:\"\";s:12:\"head_desktop\";s:0:\"\";s:11:\"head_mobile\";s:0:\"\";s:10:\"footer_any\";s:0:\"\";s:14:\"footer_desktop\";s:0:\"\";s:13:\"footer_mobile\";s:0:\"\";}"],"_customs_description":[""],"_is_non_returnable":["no"],"litespeed_vpi_list_mobile":["a:2:{i:0;s:8:\"logo.png\";i:1;s:69:\"Louis-Vuitton-Speedy35-Monogram-vorn-2023-0131.JPG-scaled-500x500.jpg\";}"],"litespeed_vpi_list":["a:4:{i:0;s:8:\"logo.png\";i:1;s:6:\"de.png\";i:2;s:69:\"Louis-Vuitton-Speedy35-Monogram-vorn-2023-0131.JPG-scaled-500x500.jpg\";i:3;s:35:\"three-o-clock-clock-svgrepo-com.svg\";}"],"_internal_date_code":["DM93"],"_internal_product_origin":["Italien"],"_product_rating":["B"],"_wpml_media_has_media":["1"],"ast-site-content-layout":["default"],"site-content-style":["default"],"site-sidebar-style":["default"],"_sale_price_dates_to_CHF":[""],"_sale_price_dates_from_CHF":[""],"_sale_price_CHF":[""],"_regular_price_CHF":[""],"_wcml_schedule_CHF":["0"],"_sale_price_dates_to_GBP":[""],"_sale_price_dates_from_GBP":[""],"_sale_price_GBP":[""],"_regular_price_GBP":[""],"_wcml_schedule_GBP":["0"],"_rank_math_video":["true"],"rank_math_robots":["a:1:{i:0;s:5:\"index\";}"],"_not_in_inventory_checkbox":[""],"_customer_view":["2"],"_custom_view_last_updated":["2026-04-26 00:54:24"],"_zettle_product_cat_id":[""],"_shipping_length":[""],"_shipping_width":[""],"_shipping_height":[""],"_custom_html_content":[""],"_product_shipping_weight":["1kg"],"_manufacturer_slug":["celine-s-a"],"_safety_attachment_ids":["a:0:{}"],"_nickx_video_text_url":["a:1:{i:0;s:0:\"\";}"],"_nickx_product_video_type":["a:1:{i:0;s:23:\"nickx_video_url_youtube\";}"],"_nickx_product_video_thumb_ids":["a:1:{i:0;s:0:\"\";}"],"_product_available_from_field":["2026-04-01T19:00"],"_safety_instructions":[""],"_wireless_electronic_device":["no"],"_device_contains_power_supply":["no"],"_device_charging_supports_usb_pd":["no"],"_device_charging_watt_min":["0"],"_device_charging_watt_max":["0"],"similar_product_key":["1739277936"],"rank_math_primary_product_brand":["1585"],"_product_reserve_till_field":[""],"_wp_old_date":["2025-02-12","2025-02-26","2025-09-24","2026-04-01"],"_wpml_post_translation_editor_native":["no"],"_izettle_barcode":[""],"_izettle_nosync":[""],"_izettle_cost_price":[""],"_izettle_special_price":[""],"_izettle_product_name":[""],"_izettle_image_lookup_key":["3kyncy1cEe-udXp3qLWasA-WwE-IB9wEfCmly1_PZ5WLg"],"woocommerce_izettle_product_uuid":["5b05cf9e-1f70-11f0-b31d-353536383939"],"woocommerce_izettle_variant_uuid":["1b586b44-f361-11ef-9272-353536383939"],"_izettle_updated":["1745322789"],"_izettle_product_etag":["DEA8569133B84DCE134BAEAF38EB6604"],"sib_push_meta_box_present":["1"],"sib_push_send_notification":["0"],"sib_push_target_segment_ids":["@ALL"],"_ame_cpe_post_policy":["{\"accessProtection\":{\"active\":\"replace\"}}"],"_ship_separately_via":[""],"last_permotional_email_sent_on":["08.10.2025 13:33"],"sib_push_send_notification_delay_seconds":["0"],"_is_non_alcoholic":["no"],"_mid_code":[""],"_shipping_weight":[""],"_entrupy_echtheitszertifikat":["yes"],"rank_math_analytic_object_id":["2773"],"_sku":["P6-1210"],"_edit_lock":["1776766997:4"],"_edit_last":["4"],"_custom_thumbnail":["a:1:{i:0;s:2:\"no\";}"],"_video_schema":["a:1:{i:0;s:2:\"no\";}"],"_nickx_video_upload_date":["a:1:{i:0;s:0:\"\";}"],"_nickx_video_name":["a:1:{i:0;s:0:\"\";}"],"_nickx_video_description":["a:1:{i:0;s:0:\"\";}"],"_gdrive_field":["https:\/\/drive.google.com\/drive\/u\/1\/folders\/1AbN2IpfHNLYCBtG33v4jLz8PXR1najdh"],"_sale_price":["190"],"_sale_price_dates_to":["1778536799"],"_wcml_average_rating":[null],"_wcml_review_count":[null],"_wcml_rating_count":[null],"astra-migrate-meta-layouts":["set"],"_uag_page_assets":["a:9:{s:3:\"css\";s:0:\"\";s:2:\"js\";s:0:\"\";s:18:\"current_block_list\";a:6:{i:0;s:26:\"woocommerce\/filter-wrapper\";i:1;s:24:\"woocommerce\/price-filter\";i:2;s:30:\"woocommerce\/product-categories\";i:3;s:14:\"core\/paragraph\";i:4;s:14:\"core\/shortcode\";i:5;s:11:\"core\/search\";}s:8:\"uag_flag\";b:0;s:11:\"uag_version\";s:10:\"1777326281\";s:6:\"gfonts\";a:0:{}s:10:\"gfonts_url\";s:0:\"\";s:12:\"gfonts_files\";a:0:{}s:14:\"uag_faq_layout\";b:0;}"],"_wc_rating_count":[""]},"uagb_featured_image_src":{"full":["https:\/\/truelangtest.ilovehandbags.com\/wp-content\/uploads\/sites\/3\/Celine-Vintage-Doctors-Bag-1210-09.jpg",2048,1536,false],"thumbnail":["https:\/\/truelangtest.ilovehandbags.com\/wp-content\/uploads\/sites\/3\/Celine-Vintage-Doctors-Bag-1210-09-150x150.jpg",150,150,true],"medium":["https:\/\/truelangtest.ilovehandbags.com\/wp-content\/uploads\/sites\/3\/Celine-Vintage-Doctors-Bag-1210-09-300x300.jpg",300,300,true],"medium_large":["https:\/\/truelangtest.ilovehandbags.com\/wp-content\/uploads\/sites\/3\/Celine-Vintage-Doctors-Bag-1210-09-768x768.jpg",768,768,true],"large":["https:\/\/truelangtest.ilovehandbags.com\/wp-content\/uploads\/sites\/3\/Celine-Vintage-Doctors-Bag-1210-09-1024x1024.jpg",1024,1024,true],"1536x1536":["https:\/\/truelangtest.ilovehandbags.com\/wp-content\/uploads\/sites\/3\/Celine-Vintage-Doctors-Bag-1210-09.jpg",1536,1152,false],"2048x2048":["https:\/\/truelangtest.ilovehandbags.com\/wp-content\/uploads\/sites\/3\/Celine-Vintage-Doctors-Bag-1210-09.jpg",2048,1536,false],"woocommerce_thumbnail":["https:\/\/truelangtest.ilovehandbags.com\/wp-content\/uploads\/sites\/3\/Celine-Vintage-Doctors-Bag-1210-09-500x500.jpg",500,500,true],"woocommerce_single":["https:\/\/truelangtest.ilovehandbags.com\/wp-content\/uploads\/sites\/3\/Celine-Vintage-Doctors-Bag-1210-09-500x500.jpg",500,500,true],"woocommerce_gallery_thumbnail":["https:\/\/truelangtest.ilovehandbags.com\/wp-content\/uploads\/sites\/3\/Celine-Vintage-Doctors-Bag-1210-09-100x100.jpg",100,100,true]},"uagb_author_info":{"display_name":"ILoveHandbags","author_link":"https:\/\/truelangtest.ilovehandbags.com\/de\/author\/"},"uagb_comment_info":0,"uagb_excerpt":"Die Celine Vintage Doctors Bag \u00fcberzeugt durch ihre klassische, strukturierte Form und ihren unverkennbaren Vintage-Charakter. Inspiriert von traditionellen Arzttaschen, steht dieses Modell f\u00fcr zeitlose Eleganz und eine klare, stilvolle Linienf\u00fchrung. Gefertigt aus beigefarbenem Canvas mit cognacfarbenen Lederdetails und goldfarbener Hardware, wirkt die Tasche zugleich warm, hochwertig und vielseitig kombinierbar. Das charakteristische Muster sowie die kontrastierenden&hellip;","_links":{"self":[{"href":"https:\/\/truelangtest.ilovehandbags.com\/de\/wp-json\/wp\/v2\/product\/78613","targetHints":{"allow":["GET"]}}],"collection":[{"href":"https:\/\/truelangtest.ilovehandbags.com\/de\/wp-json\/wp\/v2\/product"}],"about":[{"href":"https:\/\/truelangtest.ilovehandbags.com\/de\/wp-json\/wp\/v2\/types\/product"}],"wp:featuredmedia":[{"embeddable":true,"href":"https:\/\/truelangtest.ilovehandbags.com\/de\/wp-json\/wp\/v2\/media\/78669"}],"wp:attachment":[{"href":"https:\/\/truelangtest.ilovehandbags.com\/de\/wp-json\/wp\/v2\/media?parent=78613"}],"wp:term":[{"taxonomy":"product_brand","embeddable":true,"href":"https:\/\/truelangtest.ilovehandbags.com\/de\/wp-json\/wp\/v2\/product_brand?post=78613"},{"taxonomy":"product_cat","embeddable":true,"href":"https:\/\/truelangtest.ilovehandbags.com\/de\/wp-json\/wp\/v2\/product_cat?post=78613"},{"taxonomy":"product_tag","embeddable":true,"href":"https:\/\/truelangtest.ilovehandbags.com\/de\/wp-json\/wp\/v2\/product_tag?post=78613"}],"curies":[{"name":"wp","href":"https:\/\/api.w.org\/{rel}","templated":true}]}}