{"id":43860,"date":"2024-07-03T09:58:37","date_gmt":"2024-07-03T07:58:37","guid":{"rendered":"https:\/\/ilovehandbags.com\/?post_type=product&#038;p=43860"},"modified":"2025-08-04T19:09:25","modified_gmt":"2025-08-04T17:09:25","slug":"leather-drawstring-with-keeper-for-noe-and-montsouris","status":"publish","type":"product","link":"https:\/\/truelangtest.ilovehandbags.com\/en\/leather-drawstring-with-keeper-for-noe-and-montsouris\/","title":{"rendered":"Leather Drawstring with Keeper for Noe and Montsouris"},"content":{"rendered":"","protected":false},"excerpt":{"rendered":"<p data-start=\"149\" data-end=\"267\">Discover the exquisite <strong>drawstring from I Love Handbags<\/strong> &#8211; handmade from high-quality, untreated vachetta leather. This sophisticated drawstring gives your bag a luxurious, natural touch and combines a classic look with functional elegance. You can fasten it stylishly with a knot or use it with a matching drawstring holder for a secure and perfectly shaped finish. The drawstring is compatible with popular bag models such as the Louis Vuitton No\u00e9 BB, Petit No\u00e9, Grand No\u00e9 and Montsouris backpacks and is perfect as a stylish replacement part for aged or damaged original straps. Our drawstring is <strong>available<\/strong> in <strong>two lengths<\/strong>.     Choose between the longer 99 cm version, ideal if you prefer a longer drawstring and value the drawstring keeper, or the shorter 90 cm version without the drawstring keeper (<a href=\"https:\/\/ilovehandbags.com\/excelsior\/de\/leder-zugband-fuer-louis-vuitton-noe-montsouris\/\">Article no. P3-0276<\/a>).<br \/>\n<strong data-start=\"1069\" data-end=\"1081\">Note:<\/strong> This product is not made by Louis Vuitton and is not an original accessory of the brand. It is a high-quality, handmade replacement part from I Love Handbags that is compatible with certain Louis Vuitton models. <\/p>\n","protected":false},"featured_media":43868,"template":"","meta":{"_uag_custom_page_level_css":"","site-sidebar-layout":"default","site-content-layout":"default","ast-site-content-layout":"default","site-content-style":"default","site-sidebar-style":"default","ast-global-header-display":"","ast-banner-title-visibility":"","ast-main-header-display":"","ast-hfb-above-header-display":"","ast-hfb-below-header-display":"","ast-hfb-mobile-header-display":"","site-post-title":"","ast-breadcrumbs-content":"","ast-featured-img":"","footer-sml-layout":"","ast-disable-related-posts":"","theme-transparent-header-meta":"default","adv-header-id-meta":"","stick-header-meta":"default","header-above-stick-meta":"","header-main-stick-meta":"","header-below-stick-meta":"","astra-migrate-meta-layouts":"set","ast-page-background-enabled":"default","ast-page-background-meta":{"desktop":{"background-color":"var(--ast-global-color-4)","background-image":"","background-repeat":"repeat","background-position":"center center","background-size":"auto","background-attachment":"scroll","background-type":"","background-media":"","overlay-type":"","overlay-color":"","overlay-opacity":"","overlay-gradient":""},"tablet":{"background-color":"","background-image":"","background-repeat":"repeat","background-position":"center center","background-size":"auto","background-attachment":"scroll","background-type":"","background-media":"","overlay-type":"","overlay-color":"","overlay-opacity":"","overlay-gradient":""},"mobile":{"background-color":"","background-image":"","background-repeat":"repeat","background-position":"center center","background-size":"auto","background-attachment":"scroll","background-type":"","background-media":"","overlay-type":"","overlay-color":"","overlay-opacity":"","overlay-gradient":""}},"ast-content-background-meta":{"desktop":{"background-color":"var(--ast-global-color-5)","background-image":"","background-repeat":"repeat","background-position":"center center","background-size":"auto","background-attachment":"scroll","background-type":"","background-media":"","overlay-type":"","overlay-color":"","overlay-opacity":"","overlay-gradient":""},"tablet":{"background-color":"var(--ast-global-color-5)","background-image":"","background-repeat":"repeat","background-position":"center center","background-size":"auto","background-attachment":"scroll","background-type":"","background-media":"","overlay-type":"","overlay-color":"","overlay-opacity":"","overlay-gradient":""},"mobile":{"background-color":"var(--ast-global-color-5)","background-image":"","background-repeat":"repeat","background-position":"center center","background-size":"auto","background-attachment":"scroll","background-type":"","background-media":"","overlay-type":"","overlay-color":"","overlay-opacity":"","overlay-gradient":""}},"_glsr_average":0,"_glsr_ranking":0,"_glsr_reviews":0},"product_brand":[],"product_cat":[248,593],"product_tag":[1863,1864,1865,1866,1867],"class_list":{"0":"post-43860","1":"product","2":"type-product","3":"status-publish","4":"has-post-thumbnail","6":"product_cat-shoulder-straps","7":"product_cat-soon-back-again","8":"product_tag-drawstring","9":"product_tag-drawstring-noe","10":"product_tag-louis-vuitton-drawstring","11":"product_tag-louis-vuitton-noe-drawstring","12":"product_tag-montsouris-drawstring","13":"product_shipping_class-merchandise-mail","14":"desktop-align-left","15":"tablet-align-left","16":"mobile-align-left","17":"ast-product-gallery-layout-first-image-large","18":"ast-magnify-disabled","19":"ast-product-tabs-layout-accordion","21":"first","22":"outofstock","23":"taxable","24":"shipping-taxable","25":"purchasable","26":"product-type-simple"},"spectra_custom_meta":{"_tax_status":["taxable"],"_tax_class":[""],"_manage_stock":["yes"],"_backorders":["no"],"_sold_individually":["no"],"_virtual":["no"],"_downloadable":["no"],"_product_image_gallery":["43864,43862,43866"],"_download_limit":["-1"],"_download_expiry":["-1"],"_thumbnail_id":["43868"],"_stock":["0"],"_stock_status":["outofstock"],"_wc_average_rating":[0],"_wc_review_count":["0"],"_product_version":["9.0.2"],"_wpml_media_featured":["1"],"_wpml_media_duplicate":["1"],"yikes_woo_products_tabs":["a:2:{i:0;a:3:{s:5:\"title\";s:16:\"More Information\";s:2:\"id\";s:16:\"more-information\";s:7:\"content\";s:730:\"<strong>Material: <\/strong>cowhide\n<strong>Dimensions: <\/strong>Length approx. 99 cm, width: 0.7 cm\n<strong>Scope of delivery:<\/strong> I Love Handbags drawstring and keeper The pictured handbag is not included and is for decoration only.\n\n<strong>Please note that each bag develops an individual patina, which means that the color of the drawstring may not always exactly match that of your bag.  <\/strong>\n\n<strong>In addition, color deviations may occur due to different display technologies and individual settings. The colors on your display may therefore differ slightly from the actual color. If you are unsure whether the color of the drawstring matches your bag perfectly, please do not hesitate to contact us.  <\/strong>\";}i:1;a:3:{s:5:\"title\";s:9:\"Condition\";s:2:\"id\";s:9:\"condition\";s:7:\"content\";s:50:\"<strong>Overall condition: <\/strong>New and unused\";}}"],"_unit_base":[""],"_unit_product":[""],"_unit_price":[""],"_unit_price_regular":[""],"_unit_price_sale":[""],"_unit_price_auto":["no"],"_free_shipping":["no"],"_min_age":[""],"_is_food":["no"],"_used_good":["no"],"_nutrient_ids":["a:0:{}"],"_nutrient_reference_value":["100g"],"_allergen_ids":["a:0:{}"],"_nutri_score":[""],"_alcohol_content":[""],"_drained_weight":[""],"_net_filling_quantity":[""],"_deposit_type":[""],"_deposit_quantity":[""],"_service":["no"],"_differential_taxation":["no"],"_hs_code":[""],"_manufacture_country":["0"],"_fusion_google_fonts":[""],"stick-header-meta":["default"],"site-sidebar-layout":["default"],"site-content-layout":["default"],"theme-transparent-header-meta":["default"],"_top_nav_excluded":[""],"_cms_nav_minihome":[""],"wcml_sync_hash":["a:1:{s:15:\"postmeta_fields\";s:32:\"4d2f30535e782b27870d3fe25c740f53\";}"],"attr_label_translations":["a:0:{}"],"_ts_mpn":[""],"_ts_gtin":[""],"avada_post_views_count":["15"],"fusion_builder_status":["active"],"_delivery_time_countries":["a:0:{}"],"_last_translation_edit_mode":["translation-editor"],"rank_math_seo_score":["60"],"_pys_conversion_label_settings":["a:3:{s:6:\"enable\";b:0;s:5:\"label\";s:0:\"\";s:2:\"id\";s:14:\"AW-11184563350\";}"],"_pys_super_pack_cpt_url":[""],"_pys_super_pack_cpt_condition":["only"],"_pys_super_pack_cpt_cart":["hidden"],"_woosea_brand":[""],"_woosea_mpn":[""],"_woosea_upc":[""],"_woosea_ean":[""],"_woosea_gtin":[""],"_woosea_color":[""],"_woosea_size":[""],"_woosea_gender":[""],"_woosea_material":[""],"_woosea_pattern":[""],"_woosea_optimized_title":[""],"_woosea_unit_pricing_measure":[""],"_woosea_unit_pricing_base_measure":[""],"_woosea_condition":[""],"_woosea_age_group":["adult"],"_woosea_installment_months":[""],"_woosea_installment_amount":[""],"_woosea_exclude_product":["no"],"_woosea_cost_of_good_sold":[""],"_woosea_multipack":[""],"_woosea_is_bundle":[""],"_woosea_energy_efficiency_class":[""],"_woosea_min_energy_efficiency_class":[""],"_woosea_max_energy_efficiency_class":[""],"_woosea_is_promotion":[""],"_woosea_custom_field_0":[""],"_woosea_custom_field_1":[""],"_woosea_custom_field_2":[""],"_woosea_custom_field_3":[""],"_woosea_custom_field_4":[""],"_purchase_price_field":["13,15"],"_internal_warehouse_number_field":[""],"_gdrive_field":[""],"_defect_description":[""],"_ingredients":[""],"_food_distributor":[""],"_food_description":[""],"_food_place_of_origin":[""],"_warranty_attachment_id":[""],"_photovoltaic_system":["no"],"_defective_copy":["no"],"_gzd_version":["3.16.9"],"_customs_description":[""],"_is_non_returnable":["no"],"_rank_math_gtin_code":[""],"_pys_head_footer":["a:7:{s:14:\"disable_global\";b:0;s:8:\"head_any\";s:0:\"\";s:12:\"head_desktop\";s:0:\"\";s:11:\"head_mobile\";s:0:\"\";s:10:\"footer_any\";s:0:\"\";s:14:\"footer_desktop\";s:0:\"\";s:13:\"footer_mobile\";s:0:\"\";}"],"_wpml_media_has_media":["1"],"ast-site-content-layout":["default"],"site-content-style":["default"],"site-sidebar-style":["default"],"litespeed_vpi_list_mobile":["a:2:{i:0;s:8:\"logo.png\";i:1;s:36:\"Zugband-2023-0276-scaled-500x500.jpg\";}"],"litespeed_vpi_list":["a:3:{i:0;s:8:\"logo.png\";i:1;s:6:\"en.png\";i:2;s:36:\"Zugband-2023-0276-scaled-500x500.jpg\";}"],"_internal_date_code":[""],"_internal_product_origin":[""],"_product_rating":["N+"],"rank_math_robots":["a:1:{i:0;s:6:\"follow\";}"],"_customer_view":["20"],"_custom_view_last_updated":["2025-02-16 10:16:55"],"_not_in_inventory_checkbox":[""],"_sku":["P4-0510"],"_regular_price":["35"],"_price":["35"],"_crosssell_ids":["a:0:{}"],"_edit_lock":["1720093424:4"],"_edit_last":["4"],"_izettle_barcode":["0290000438600"],"_izettle_nosync":[""],"_izettle_cost_price":[""],"_izettle_special_price":[""],"_izettle_product_name":[""],"_zettle_product_cat_id":[""],"_shipping_length":[""],"_shipping_width":[""],"_shipping_height":[""],"_custom_html_content":[""],"_unit":["stueck"],"_sale_price_label":["mwst"],"_sale_price_regular_label":["mwst"],"_product_attributes":["a:3:{s:9:\"pa_gender\";a:7:{s:4:\"name\";s:9:\"pa_gender\";s:5:\"value\";s:0:\"\";s:8:\"position\";i:0;s:10:\"is_visible\";i:0;s:12:\"is_variation\";i:1;s:11:\"is_taxonomy\";i:1;s:16:\"checkout_visible\";i:0;}s:8:\"pa_color\";a:7:{s:4:\"name\";s:8:\"pa_color\";s:5:\"value\";s:0:\"\";s:8:\"position\";i:1;s:10:\"is_visible\";i:0;s:12:\"is_variation\";i:1;s:11:\"is_taxonomy\";i:1;s:16:\"checkout_visible\";i:0;}s:8:\"pa_brand\";a:7:{s:4:\"name\";s:8:\"pa_brand\";s:5:\"value\";s:0:\"\";s:8:\"position\";i:2;s:10:\"is_visible\";i:0;s:12:\"is_variation\";i:1;s:11:\"is_taxonomy\";i:1;s:16:\"checkout_visible\";i:0;}}"],"_wcml_average_rating":[null],"_wcml_review_count":[null],"_wcml_rating_count":[null],"astra-migrate-meta-layouts":["set"],"_product_shipping_weight":["1kg"],"total_sales":["20"],"_product_available_from_field":[""],"_product_reserve_till_field":[""],"_manufacturer_slug":["ilh-international-gmbh"],"_downloadable_files":[""],"rank_math_primary_product_cat":["236"],"rank_math_focus_keyword":["Leather drawstring"],"_mini_desc":["Leather Drawstring with Keeper for Noe and Montsouris"],"_fusion":["a:3:{s:17:\"slider_visibility\";s:51:\"small-visibility,medium-visibility,large-visibility\";s:11:\"slider_type\";s:2:\"no\";s:9:\"wooslider\";s:1:\"0\";}"],"_wpml_word_count":["182"],"rank_math_analytic_object_id":["1567"],"_uag_page_assets":["a:9:{s:3:\"css\";s:0:\"\";s:2:\"js\";s:0:\"\";s:18:\"current_block_list\";a:6:{i:0;s:26:\"woocommerce\/filter-wrapper\";i:1;s:24:\"woocommerce\/price-filter\";i:2;s:30:\"woocommerce\/product-categories\";i:3;s:14:\"core\/paragraph\";i:4;s:14:\"core\/shortcode\";i:5;s:11:\"core\/search\";}s:8:\"uag_flag\";b:0;s:11:\"uag_version\";s:10:\"1777326070\";s:6:\"gfonts\";a:0:{}s:10:\"gfonts_url\";s:0:\"\";s:12:\"gfonts_files\";a:0:{}s:14:\"uag_faq_layout\";b:0;}"],"_wc_rating_count":[""]},"uagb_featured_image_src":{"full":["https:\/\/truelangtest.ilovehandbags.com\/wp-content\/uploads\/sites\/3\/Lederzugband-Stopper-2024-0510-scaled.jpg",1920,2560,false],"thumbnail":["https:\/\/truelangtest.ilovehandbags.com\/wp-content\/uploads\/sites\/3\/Lederzugband-Stopper-2024-0510-scaled-150x150.jpg",150,150,true],"medium":["https:\/\/truelangtest.ilovehandbags.com\/wp-content\/uploads\/sites\/3\/Lederzugband-Stopper-2024-0510-scaled-300x300.jpg",300,300,true],"medium_large":["https:\/\/truelangtest.ilovehandbags.com\/wp-content\/uploads\/sites\/3\/Lederzugband-Stopper-2024-0510-scaled-768x768.jpg",768,768,true],"large":["https:\/\/truelangtest.ilovehandbags.com\/wp-content\/uploads\/sites\/3\/Lederzugband-Stopper-2024-0510-scaled-1024x1024.jpg",1024,1024,true],"1536x1536":["https:\/\/truelangtest.ilovehandbags.com\/wp-content\/uploads\/sites\/3\/Lederzugband-Stopper-2024-0510-scaled.jpg",1152,1536,false],"2048x2048":["https:\/\/truelangtest.ilovehandbags.com\/wp-content\/uploads\/sites\/3\/Lederzugband-Stopper-2024-0510-scaled.jpg",1536,2048,false],"woocommerce_thumbnail":["https:\/\/truelangtest.ilovehandbags.com\/wp-content\/uploads\/sites\/3\/Lederzugband-Stopper-2024-0510-scaled-500x500.jpg",500,500,true],"woocommerce_single":["https:\/\/truelangtest.ilovehandbags.com\/wp-content\/uploads\/sites\/3\/Lederzugband-Stopper-2024-0510-scaled-500x500.jpg",500,500,true],"woocommerce_gallery_thumbnail":["https:\/\/truelangtest.ilovehandbags.com\/wp-content\/uploads\/sites\/3\/Lederzugband-Stopper-2024-0510-scaled-100x100.jpg",100,100,true]},"uagb_author_info":{"display_name":"ILoveHandbags","author_link":"https:\/\/truelangtest.ilovehandbags.com\/en\/author\/"},"uagb_comment_info":0,"uagb_excerpt":"Discover the exquisite drawstring from I Love Handbags - handmade from high-quality, untreated vachetta leather. This sophisticated drawstring gives your bag a luxurious, natural touch and combines a classic look with functional elegance. You can fasten it stylishly with a knot or use it with a matching drawstring holder for a secure and perfectly shaped&hellip;","_links":{"self":[{"href":"https:\/\/truelangtest.ilovehandbags.com\/en\/wp-json\/wp\/v2\/product\/43860","targetHints":{"allow":["GET"]}}],"collection":[{"href":"https:\/\/truelangtest.ilovehandbags.com\/en\/wp-json\/wp\/v2\/product"}],"about":[{"href":"https:\/\/truelangtest.ilovehandbags.com\/en\/wp-json\/wp\/v2\/types\/product"}],"wp:featuredmedia":[{"embeddable":true,"href":"https:\/\/truelangtest.ilovehandbags.com\/en\/wp-json\/wp\/v2\/media\/43868"}],"wp:attachment":[{"href":"https:\/\/truelangtest.ilovehandbags.com\/en\/wp-json\/wp\/v2\/media?parent=43860"}],"wp:term":[{"taxonomy":"product_brand","embeddable":true,"href":"https:\/\/truelangtest.ilovehandbags.com\/en\/wp-json\/wp\/v2\/product_brand?post=43860"},{"taxonomy":"product_cat","embeddable":true,"href":"https:\/\/truelangtest.ilovehandbags.com\/en\/wp-json\/wp\/v2\/product_cat?post=43860"},{"taxonomy":"product_tag","embeddable":true,"href":"https:\/\/truelangtest.ilovehandbags.com\/en\/wp-json\/wp\/v2\/product_tag?post=43860"}],"curies":[{"name":"wp","href":"https:\/\/api.w.org\/{rel}","templated":true}]}}