{"id":74338,"date":"2026-01-20T16:07:57","date_gmt":"2026-01-20T15:07:57","guid":{"rendered":"https:\/\/ilovehandbags.com\/?post_type=product&#038;p=74338"},"modified":"2026-01-20T18:23:57","modified_gmt":"2026-01-20T17:23:57","slug":"polene-numero-neuf","status":"publish","type":"product","link":"https:\/\/truelangtest.ilovehandbags.com\/en\/polene-numero-neuf\/","title":{"rendered":"Pol\u00e8ne Num\u00e9ro Neuf"},"content":{"rendered":"","protected":false},"excerpt":{"rendered":"<p data-start=\"121\" data-end=\"506\">The Pol\u00e8ne Num\u00e9ro Neuf in beige stands for modern Parisian chic and embodies the elegant, softly structured silhouette for which Pol\u00e8ne is so internationally renowned. The high-quality, grained leather in a warm, versatile beige tone gives the bag a luxurious feel and makes it a timeless companion that fits effortlessly into any wardrobe. The organically curved shape gives the Num\u00e9ro Neuf its iconic look, while the interior offers enough space for your daily essentials such as wallet, smartphone and keys. The practical magnetic closure makes it easy to open and close the bag securely without disturbing the elegant lines. With its minimalist yet very sophisticated design, the Pol\u00e8ne Num\u00e9ro Neuf is a real signature piece and is perfect for anyone who loves stylish everyday bags that are both functional and aesthetically pleasing. The soft beige tone makes it particularly versatile and underlines its characteristically modern, feminine look.<\/p>\n","protected":false},"featured_media":74359,"template":"","meta":{"_uag_custom_page_level_css":"","site-sidebar-layout":"default","site-content-layout":"default","ast-site-content-layout":"default","site-content-style":"default","site-sidebar-style":"default","ast-global-header-display":"","ast-banner-title-visibility":"","ast-main-header-display":"","ast-hfb-above-header-display":"","ast-hfb-below-header-display":"","ast-hfb-mobile-header-display":"","site-post-title":"","ast-breadcrumbs-content":"","ast-featured-img":"","footer-sml-layout":"","ast-disable-related-posts":"","theme-transparent-header-meta":"default","adv-header-id-meta":"","stick-header-meta":"default","header-above-stick-meta":"","header-main-stick-meta":"","header-below-stick-meta":"","astra-migrate-meta-layouts":"set","ast-page-background-enabled":"default","ast-page-background-meta":{"desktop":{"background-color":"var(--ast-global-color-4)","background-image":"","background-repeat":"repeat","background-position":"center center","background-size":"auto","background-attachment":"scroll","background-type":"","background-media":"","overlay-type":"","overlay-color":"","overlay-opacity":"","overlay-gradient":""},"tablet":{"background-color":"","background-image":"","background-repeat":"repeat","background-position":"center center","background-size":"auto","background-attachment":"scroll","background-type":"","background-media":"","overlay-type":"","overlay-color":"","overlay-opacity":"","overlay-gradient":""},"mobile":{"background-color":"","background-image":"","background-repeat":"repeat","background-position":"center center","background-size":"auto","background-attachment":"scroll","background-type":"","background-media":"","overlay-type":"","overlay-color":"","overlay-opacity":"","overlay-gradient":""}},"ast-content-background-meta":{"desktop":{"background-color":"var(--ast-global-color-5)","background-image":"","background-repeat":"repeat","background-position":"center center","background-size":"auto","background-attachment":"scroll","background-type":"","background-media":"","overlay-type":"","overlay-color":"","overlay-opacity":"","overlay-gradient":""},"tablet":{"background-color":"var(--ast-global-color-5)","background-image":"","background-repeat":"repeat","background-position":"center center","background-size":"auto","background-attachment":"scroll","background-type":"","background-media":"","overlay-type":"","overlay-color":"","overlay-opacity":"","overlay-gradient":""},"mobile":{"background-color":"var(--ast-global-color-5)","background-image":"","background-repeat":"repeat","background-position":"center center","background-size":"auto","background-attachment":"scroll","background-type":"","background-media":"","overlay-type":"","overlay-color":"","overlay-opacity":"","overlay-gradient":""}},"_glsr_average":0,"_glsr_ranking":0,"_glsr_reviews":0},"product_brand":[2065],"product_cat":[244,2068,252,593],"product_tag":[2070,2071],"class_list":{"0":"post-74338","1":"product","2":"type-product","3":"status-publish","4":"has-post-thumbnail","6":"product_brand-polene","7":"product_cat-handbags","8":"product_cat-polene","9":"product_cat-shoulder-bags","10":"product_cat-soon-back-again","11":"product_tag-polene","12":"product_tag-polene-numero-neuf","13":"desktop-align-left","14":"tablet-align-left","15":"mobile-align-left","16":"ast-product-gallery-layout-first-image-large","17":"ast-magnify-disabled","18":"ast-product-tabs-layout-accordion","20":"first","21":"outofstock","22":"purchasable","23":"product-type-simple"},"spectra_custom_meta":{"copied_media_ids":["a:0:{}"],"referenced_media_ids":["a:17:{i:0;i:65599;i:1;i:65670;i:2;i:65605;i:3;i:65601;i:4;i:65583;i:5;i:65569;i:6;i:65587;i:7;i:65595;i:8;i:65577;i:9;i:65571;i:10;i:65579;i:11;i:65575;i:12;i:65591;i:13;i:65573;i:14;i:65581;i:15;i:65585;i:16;i:65597;}"],"total_sales":["2"],"_tax_status":["none"],"_tax_class":[""],"_manage_stock":["yes"],"_backorders":["no"],"_sold_individually":["no"],"_virtual":["no"],"_downloadable":["no"],"_product_image_gallery":["74360,74361,74377,74363,74364,74365,74366,74367,74368,74369,74370,74371,74372,74373,74374,74375,74376"],"_download_limit":["-1"],"_download_expiry":["-1"],"_thumbnail_id":["74359"],"_stock":["0"],"_stock_status":["outofstock"],"_wc_average_rating":[0],"_wc_review_count":["0"],"_product_version":["10.4.3"],"yikes_woo_products_tabs":["a:2:{i:0;a:3:{s:5:\"title\";s:16:\"More Information\";s:2:\"id\";s:16:\"more-information\";s:7:\"content\";s:279:\"<strong>Material outside:<\/strong> Grained Calfskin in Beige\r\n<strong>Material inside: <\/strong>Cotton\r\n<strong>Dimensions:<\/strong> (W) 32 x (H) 20 x (D) 16 cm\r\n<strong>Scope of delivery:<\/strong> Pol\u00e8ne Dust Bag, Shoulder Strap and Certificate of Authenticity from LegitGrails\";}i:1;a:3:{s:5:\"title\";s:9:\"Condition\";s:2:\"id\";s:9:\"condition\";s:7:\"content\";s:276:\"<strong>Overall condition: <\/strong>Mint\r\n<strong>Leather: <\/strong>Minimal signs of wear\r\n<strong>Closure: <\/strong>Closes well\r\n<strong>Shoulder strap:<\/strong> Minimal signs of wear\r\n<strong>Hardware: <\/strong>Minimal signs of wear present\r\n<strong>Interior: <\/strong>Clean\";}}"],"_unit":[""],"_unit_base":[""],"_unit_product":[""],"_unit_price":[""],"_unit_price_regular":[""],"_unit_price_sale":[""],"_unit_price_auto":["no"],"_sale_price_label":[""],"_sale_price_regular_label":[""],"_free_shipping":["no"],"_min_age":[""],"_is_food":["no"],"_used_good":["yes"],"_nutrient_ids":["a:0:{}"],"_nutrient_reference_value":["100g"],"_allergen_ids":["a:0:{}"],"_nutri_score":[""],"_alcohol_content":[""],"_drained_weight":[""],"_net_filling_quantity":[""],"_deposit_type":[""],"_deposit_quantity":[""],"_service":["no"],"_differential_taxation":["yes"],"_hs_code":[""],"_manufacture_country":[""],"_fusion_google_fonts":[""],"stick-header-meta":["default"],"site-sidebar-layout":["default"],"site-content-layout":["default"],"theme-transparent-header-meta":["default"],"_wpml_media_duplicate":["1","1","1","1","1","1","1","1"],"_wpml_media_featured":["1","1","1","1","1","1","1","1"],"ast-site-content-layout":["default"],"site-content-style":["default"],"site-sidebar-style":["default"],"rank_math_primary_product_cat":["0"],"_top_nav_excluded":[""],"_cms_nav_minihome":[""],"rank_math_robots":["a:1:{i:0;s:5:\"index\";}"],"_ts_mpn":[""],"_ts_gtin":[""],"avada_post_views_count":["15"],"fusion_builder_status":["active"],"_last_translation_edit_mode":["native-editor"],"_wpml_word_count":["166"],"_product_rating":["N"],"_product_shipping_weight":["1kg"],"_woosea_age_group":["adult"],"_purchase_price_field":["230"],"_not_in_inventory_checkbox":[""],"_product_available_from_field":["2026-01-23T19:00"],"_product_reserve_till_field":[""],"similar_product_key":["1747132357"],"_customer_view":["2"],"_custom_view_last_updated":["2026-01-30 05:58:06"],"litespeed_vpi_list":["a:3:{i:0;s:8:\"logo.png\";i:1;s:56:\"Louis-Vuiton-Lockme-Ever-Mini-Greige-0151-01-500x500.jpg\";i:2;s:48:\"Louis-Vuiton-Lockme-Ever-Mini-Greige-0151-01.jpg\";}"],"litespeed_vpi_list_mobile":["a:6:{i:0;s:8:\"logo.png\";i:1;s:56:\"Louis-Vuiton-Lockme-Ever-Mini-Greige-0151-01-500x500.jpg\";i:2;s:56:\"Louis-Vuiton-Lockme-Ever-Mini-Greige-0151-01-300x300.jpg\";i:3;s:52:\"Photoroom_000_20250814_133519-scaled-300x300.png.jpg\";i:4;s:67:\"Louis-Vuiton-Lockme-Ever-Mini-Greige-0151-16-scaled-300x300.png.jpg\";i:5;s:67:\"Louis-Vuiton-Lockme-Ever-Mini-Greige-0151-17-scaled-300x300.png.jpg\";}"],"last_permotional_email_sent_on":["16.12.2025 08:17"],"_product_reserve_add_cart_link_key":["QanEgpRcNFPuZfSehtJKDjsmOXMVzoBLWTdvxIkbwrCYHqUGiyAl1766133383"],"_delivery_time_countries":["a:0:{}"],"_wpml_media_has_media":["1"],"_entrupy_echtheitszertifikat":[""],"_sku":["P6-1092"],"_regular_price":["360"],"_price":["360"],"rank_math_focus_keyword":["Polene"],"_mini_desc":["Pol\u00e8ne Num\u00e9ro Neuf"],"_fusion":["a:3:{s:17:\"slider_visibility\";s:51:\"small-visibility,medium-visibility,large-visibility\";s:11:\"slider_type\";s:2:\"no\";s:9:\"wooslider\";s:1:\"0\";}"],"_edit_lock":["1768929702:4"],"rank_math_seo_score":["83"],"_edit_last":["4"],"sib_push_meta_box_present":["1"],"sib_push_send_notification":["0"],"sib_push_send_notification_delay_seconds":["0"],"sib_push_target_segment_ids":["@ALL"],"_woosea_brand":[""],"_woosea_mpn":[""],"_woosea_upc":[""],"_woosea_ean":[""],"_woosea_gtin":[""],"_woosea_color":[""],"_woosea_size":[""],"_woosea_gender":[""],"_woosea_material":[""],"_woosea_pattern":[""],"_woosea_optimized_title":[""],"_woosea_unit_pricing_measure":[""],"_woosea_unit_pricing_base_measure":[""],"_woosea_condition":[""],"_woosea_installment_months":[""],"_woosea_installment_amount":[""],"_woosea_exclude_product":["no"],"_woosea_cost_of_good_sold":[""],"_woosea_multipack":[""],"_woosea_is_bundle":[""],"_woosea_energy_efficiency_class":[""],"_woosea_min_energy_efficiency_class":[""],"_woosea_max_energy_efficiency_class":[""],"_woosea_is_promotion":[""],"_woosea_custom_field_0":[""],"_woosea_custom_field_1":[""],"_woosea_custom_field_2":[""],"_woosea_custom_field_3":[""],"_woosea_custom_field_4":[""],"_internal_warehouse_number_field":[""],"_gdrive_field":[""],"_internal_date_code":[""],"_internal_product_origin":[""],"_defect_description":[""],"_safety_instructions":[""],"_is_non_alcoholic":["no"],"_warranty_attachment_id":[""],"_safety_attachment_ids":["a:0:{}"],"_photovoltaic_system":["no"],"_defective_copy":["no"],"_wireless_electronic_device":["no"],"_device_contains_power_supply":["no"],"_device_charging_supports_usb_pd":["no"],"_device_charging_watt_min":[""],"_device_charging_watt_max":[""],"_gzd_version":["3.20.4"],"_mid_code":[""],"_customs_description":[""],"_is_non_returnable":["no"],"_ship_separately_via":[""],"_shipping_weight":[""],"_shipping_length":[""],"_shipping_width":[""],"_shipping_height":[""],"_wcml_average_rating":[null],"_wcml_review_count":[null],"_wcml_rating_count":[null],"_nickx_video_text_url":["a:1:{i:0;s:0:\"\";}"],"_nickx_product_video_type":["a:1:{i:0;s:23:\"nickx_video_url_youtube\";}"],"_nickx_product_video_thumb_ids":["a:1:{i:0;s:0:\"\";}"],"_custom_html_content":[""],"_ame_cpe_post_policy":["{\"accessProtection\":{\"active\":\"replace\"}}"],"astra-migrate-meta-layouts":["set"],"_manufacturer_slug":["polene"],"_product_attributes":["a:3:{s:8:\"pa_brand\";a:7:{s:4:\"name\";s:8:\"pa_brand\";s:5:\"value\";s:0:\"\";s:8:\"position\";i:0;s:10:\"is_visible\";i:0;s:12:\"is_variation\";i:1;s:11:\"is_taxonomy\";i:1;s:16:\"checkout_visible\";i:0;}s:9:\"pa_gender\";a:7:{s:4:\"name\";s:9:\"pa_gender\";s:5:\"value\";s:0:\"\";s:8:\"position\";i:1;s:10:\"is_visible\";i:0;s:12:\"is_variation\";i:1;s:11:\"is_taxonomy\";i:1;s:16:\"checkout_visible\";i:0;}s:8:\"pa_color\";a:7:{s:4:\"name\";s:8:\"pa_color\";s:5:\"value\";s:0:\"\";s:8:\"position\";i:2;s:10:\"is_visible\";i:0;s:12:\"is_variation\";i:1;s:11:\"is_taxonomy\";i:1;s:16:\"checkout_visible\";i:0;}}"],"rank_math_analytic_object_id":["62"],"rank_math_internal_links_processed":["1"],"_uag_page_assets":["a:9:{s:3:\"css\";s:0:\"\";s:2:\"js\";s:0:\"\";s:18:\"current_block_list\";a:6:{i:0;s:26:\"woocommerce\/filter-wrapper\";i:1;s:24:\"woocommerce\/price-filter\";i:2;s:30:\"woocommerce\/product-categories\";i:3;s:14:\"core\/paragraph\";i:4;s:14:\"core\/shortcode\";i:5;s:11:\"core\/search\";}s:8:\"uag_flag\";b:0;s:11:\"uag_version\";s:10:\"1777327513\";s:6:\"gfonts\";a:0:{}s:10:\"gfonts_url\";s:0:\"\";s:12:\"gfonts_files\";a:0:{}s:14:\"uag_faq_layout\";b:0;}"],"_wc_rating_count":[""]},"uagb_featured_image_src":{"full":["https:\/\/truelangtest.ilovehandbags.com\/wp-content\/uploads\/sites\/3\/Polene-Numero-Neuf-1092-17.jpg",2048,1536,false],"thumbnail":["https:\/\/truelangtest.ilovehandbags.com\/wp-content\/uploads\/sites\/3\/Polene-Numero-Neuf-1092-17-150x150.jpg",150,150,true],"medium":["https:\/\/truelangtest.ilovehandbags.com\/wp-content\/uploads\/sites\/3\/Polene-Numero-Neuf-1092-17-300x300.jpg",300,300,true],"medium_large":["https:\/\/truelangtest.ilovehandbags.com\/wp-content\/uploads\/sites\/3\/Polene-Numero-Neuf-1092-17-768x768.jpg",768,768,true],"large":["https:\/\/truelangtest.ilovehandbags.com\/wp-content\/uploads\/sites\/3\/Polene-Numero-Neuf-1092-17-1024x1024.jpg",1024,1024,true],"1536x1536":["https:\/\/truelangtest.ilovehandbags.com\/wp-content\/uploads\/sites\/3\/Polene-Numero-Neuf-1092-17.jpg",1536,1152,false],"2048x2048":["https:\/\/truelangtest.ilovehandbags.com\/wp-content\/uploads\/sites\/3\/Polene-Numero-Neuf-1092-17.jpg",2048,1536,false],"woocommerce_thumbnail":["https:\/\/truelangtest.ilovehandbags.com\/wp-content\/uploads\/sites\/3\/Polene-Numero-Neuf-1092-17-500x500.jpg",500,500,true],"woocommerce_single":["https:\/\/truelangtest.ilovehandbags.com\/wp-content\/uploads\/sites\/3\/Polene-Numero-Neuf-1092-17-500x500.jpg",500,500,true],"woocommerce_gallery_thumbnail":["https:\/\/truelangtest.ilovehandbags.com\/wp-content\/uploads\/sites\/3\/Polene-Numero-Neuf-1092-17-100x100.jpg",100,100,true]},"uagb_author_info":{"display_name":"ILoveHandbags","author_link":"https:\/\/truelangtest.ilovehandbags.com\/en\/author\/"},"uagb_comment_info":0,"uagb_excerpt":"The Pol\u00e8ne Num\u00e9ro Neuf in beige stands for modern Parisian chic and embodies the elegant, softly structured silhouette for which Pol\u00e8ne is so internationally renowned. The high-quality, grained leather in a warm, versatile beige tone gives the bag a luxurious feel and makes it a timeless companion that fits effortlessly into any wardrobe. The organically&hellip;","_links":{"self":[{"href":"https:\/\/truelangtest.ilovehandbags.com\/en\/wp-json\/wp\/v2\/product\/74338","targetHints":{"allow":["GET"]}}],"collection":[{"href":"https:\/\/truelangtest.ilovehandbags.com\/en\/wp-json\/wp\/v2\/product"}],"about":[{"href":"https:\/\/truelangtest.ilovehandbags.com\/en\/wp-json\/wp\/v2\/types\/product"}],"wp:featuredmedia":[{"embeddable":true,"href":"https:\/\/truelangtest.ilovehandbags.com\/en\/wp-json\/wp\/v2\/media\/74359"}],"wp:attachment":[{"href":"https:\/\/truelangtest.ilovehandbags.com\/en\/wp-json\/wp\/v2\/media?parent=74338"}],"wp:term":[{"taxonomy":"product_brand","embeddable":true,"href":"https:\/\/truelangtest.ilovehandbags.com\/en\/wp-json\/wp\/v2\/product_brand?post=74338"},{"taxonomy":"product_cat","embeddable":true,"href":"https:\/\/truelangtest.ilovehandbags.com\/en\/wp-json\/wp\/v2\/product_cat?post=74338"},{"taxonomy":"product_tag","embeddable":true,"href":"https:\/\/truelangtest.ilovehandbags.com\/en\/wp-json\/wp\/v2\/product_tag?post=74338"}],"curies":[{"name":"wp","href":"https:\/\/api.w.org\/{rel}","templated":true}]}}